{"id":7352,"date":"2024-04-20T06:39:10","date_gmt":"2024-04-20T06:39:10","guid":{"rendered":"https:\/\/www.elementvape.de\/?post_type=product&#038;p=7352"},"modified":"2024-12-12T06:36:54","modified_gmt":"2024-12-12T06:36:54","slug":"runtz-x-pack-woods-vape-pen-kits-380mah-e-zigaretten","status":"publish","type":"product","link":"https:\/\/www.elementvape.de\/pt\/produkt\/runtz-x-pack-woods-vape-pen-kits-380mah-e-zigaretten\/","title":{"rendered":"Kits de Vape Pen Runtz x Pack woods 380mAh Cigarrilhas eletr\u00f3nicas"},"content":{"rendered":"<p>&nbsp;<\/p>\n<div class=\"product-specs-list-container\">\n<ul class=\"product-specs-list util-clearfix\">\n<li class=\"product-prop line-limit-length\"><span class=\"property-title\">Apar\u00eancia:\u00a0<\/span><span class=\"property-desc line-limit-length\">Forma da Caixa<\/span><\/li>\n<li class=\"product-prop line-limit-length\"><span class=\"property-title\">Bateria Compat\u00edvel:\u00a0<\/span><span class=\"property-desc line-limit-length\">18500<\/span><\/li>\n<li class=\"product-prop line-limit-length\"><span class=\"property-title\">Fun\u00e7\u00e3o de Monitoriza\u00e7\u00e3o do N\u00famero de Fuma\u00e7as:\u00a0<\/span><span class=\"property-desc line-limit-length\">N\u00e3o<\/span><\/li>\n<li class=\"product-prop line-limit-length\"><span class=\"property-title\">Estojo de Silicone:\u00a0<\/span><span class=\"property-desc line-limit-length\">N\u00e3o<\/span><\/li>\n<li class=\"product-prop line-limit-length\"><span class=\"property-title\">Regula\u00e7\u00e3o de Temperatura:\u00a0<\/span><span class=\"property-desc line-limit-length\">N\u00e3o<\/span><\/li>\n<li class=\"product-prop line-limit-length\"><span class=\"property-title\">Bateria Embutida ou Externa:\u00a0<\/span><span class=\"property-desc line-limit-length\">Embebida<\/span><\/li>\n<li class=\"product-prop line-limit-length\"><span class=\"property-title\">Fun\u00e7\u00e3o de Prote\u00e7\u00e3o contra Curto-Circuito:\u00a0<\/span><span class=\"property-desc line-limit-length\">Ja<\/span><\/li>\n<li class=\"product-prop line-limit-length\"><span class=\"property-title\">Fun\u00e7\u00e3o de Prote\u00e7\u00e3o contra Sobreaquecimento:\u00a0<\/span><span class=\"property-desc line-limit-length\">Ja<\/span><\/li>\n<li class=\"product-prop line-limit-length\"><span class=\"property-title\">Fun\u00e7\u00e3o de alarme de baixa tens\u00e3o:\u00a0<\/span><span class=\"property-desc line-limit-length\">N\u00e3o<\/span><\/li>\n<li class=\"product-prop line-limit-length\"><span class=\"property-title\">Fun\u00e7\u00e3o de identifica\u00e7\u00e3o do vaporizador:\u00a0<\/span><span class=\"property-desc line-limit-length\">N\u00e3o<\/span><\/li>\n<li class=\"product-prop line-limit-length\"><span class=\"property-title\">Modos de configura\u00e7\u00e3o TCR:\u00a0<\/span><span class=\"property-desc line-limit-length\">N\u00e3o<\/span><\/li>\n<li class=\"product-prop line-limit-length\"><span class=\"property-title\">Capacidade nominal:\u00a0<\/span><span class=\"property-desc line-limit-length\">&lt;700 mAh<\/span><\/li>\n<li class=\"product-prop line-limit-length\"><span class=\"property-title\">Bateria compat\u00edvel: 18350\u00a0<\/span><span class=\"property-desc line-limit-length\">Pl\u00e1stico<\/span><\/li>\n<li class=\"product-prop line-limit-length\"><span class=\"property-title\">Modelo compat\u00edvel:\u00a0<\/span><span class=\"property-desc line-limit-length\">\u00d3leo Grosso<\/span><\/li>\n<li class=\"product-prop line-limit-length\"><span class=\"property-title\">N\u00famero do modelo:\u00a0<\/span><span class=\"property-desc line-limit-length\">Bateria compat\u00edvel: 18500<\/span><\/li>\n<li class=\"product-prop line-limit-length\"><span class=\"property-title\">Carregador USB:\u00a0<\/span><span class=\"property-desc line-limit-length\">Ja<\/span><\/li>\n<li class=\"product-prop line-limit-length\"><span class=\"property-title\">Atualiza\u00e7\u00e3o de firmware:\u00a0<\/span><span class=\"property-desc line-limit-length\">N\u00e3o<\/span><\/li>\n<li class=\"product-prop line-limit-length\"><span class=\"property-title\">Fun\u00e7\u00e3o de monitoriza\u00e7\u00e3o do n\u00famero de fumos: N\u00e3o\u00a0<\/span><span class=\"property-desc line-limit-length\">N\u00e3o<\/span><\/li>\n<li class=\"product-prop line-limit-length\"><span class=\"property-title\">Tipo:\u00a0<\/span><span class=\"property-desc line-limit-length\">descart\u00e1vel<\/span><\/li>\n<li class=\"product-prop line-limit-length\"><span class=\"property-title\">Nome da marca:\u00a0<\/span><span class=\"property-desc line-limit-length\">Capa de silicone: N\u00e3o<\/span><\/li>\n<li class=\"product-prop line-limit-length\"><span class=\"property-title\">Origem:\u00a0<\/span><span class=\"property-desc line-limit-length\">CN (Origem)<\/span><\/li>\n<li class=\"product-prop line-limit-length\"><span class=\"property-title\">cor:\u00a0<\/span><span class=\"property-desc line-limit-length\">Cor aleat\u00f3ria<\/span><\/li>\n<li class=\"product-prop line-limit-length\"><span class=\"property-title\">capacidade da bateria:\u00a0<\/span><span class=\"property-desc line-limit-length\">Bateria Compat\u00edvel: 18500<\/span><\/li>\n<li class=\"product-prop line-limit-length\"><span class=\"property-title\">capacidade:\u00a0<\/span><span class=\"property-desc line-limit-length\">1ml<\/span><\/li>\n<li class=\"product-prop line-limit-length\"><span class=\"property-title\">embalagem:\u00a0<\/span><span class=\"property-desc line-limit-length\">Fun\u00e7\u00e3o de monitoriza\u00e7\u00e3o do n\u00famero de fumos: N\u00e3o<\/span><\/li>\n<\/ul>\n<\/div>\n<div class=\"detailmodule_html\">\n<div class=\"detail-desc-decorate-richtext\">\n<div style=\"margin: 10px auto 0px auto; max-width: 100%;\">\n<div><img decoding=\"async\" loading=\"lazy\" style=\"width: 932px;\" src=\"https:\/\/ae03.alicdn.com\/kf\/Se8eba6e42c9348a78d3135c12e06ebf4f.jpg\" width=\"932px\" \/><\/div>\n<div style=\"margin-top: -66.95%;\">\n<div style=\"margin-top: 0%; margin-left: 0%; width: 25%;\"><a class=\"\" href=\"http:\/\/www.aliexpress.com\/item\/detail\/1005004941437784.html\" target=\"_blank\" rel=\"noopener\"><img decoding=\"async\" loading=\"lazy\" style=\"width: 233px; height: 312px;\" src=\"https:\/\/ae01.alicdn.com\/kf\/S5c29c69a651a42b58ccde92dce8ed114R.png?width=233&amp;height=312&amp;hash=545\" width=\"233px\" height=\"312px\" \/><\/a><\/div>\n<div style=\"margin-top: -33.48%; margin-left: 25%; width: 25%;\"><a class=\"\" href=\"http:\/\/www.aliexpress.com\/item\/detail\/1005004941381172.html\" target=\"_blank\" rel=\"noopener\"><img decoding=\"async\" loading=\"lazy\" style=\"width: 233px; height: 312px;\" src=\"https:\/\/ae01.alicdn.com\/kf\/S5c29c69a651a42b58ccde92dce8ed114R.png?width=233&amp;height=312&amp;hash=545\" width=\"233px\" height=\"312px\" \/><\/a><\/div>\n<div style=\"margin-top: -33.48%; margin-left: 50%; width: 25%;\"><a class=\"\" href=\"http:\/\/www.aliexpress.com\/item\/detail\/1005001299045835.html\" target=\"_blank\" rel=\"noopener\"><img decoding=\"async\" loading=\"lazy\" style=\"width: 233px; height: 312px;\" src=\"https:\/\/ae01.alicdn.com\/kf\/S5c29c69a651a42b58ccde92dce8ed114R.png?width=233&amp;height=312&amp;hash=545\" width=\"233px\" height=\"312px\" \/><\/a><\/div>\n<div style=\"margin-top: -33.48%; margin-left: 75%; width: 25%;\"><a class=\"\" href=\"http:\/\/www.aliexpress.com\/item\/detail\/1005005600266205.html\" target=\"_blank\" rel=\"noopener\"><img decoding=\"async\" loading=\"lazy\" style=\"width: 233px; height: 312px;\" src=\"https:\/\/ae01.alicdn.com\/kf\/S5c29c69a651a42b58ccde92dce8ed114R.png?width=233&amp;height=312&amp;hash=545\" width=\"233px\" height=\"312px\" \/><\/a><\/div>\n<div style=\"margin-top: 0%; margin-left: 0%; width: 25%;\"><a class=\"\" href=\"http:\/\/www.aliexpress.com\/item\/detail\/1005005593298134.html\" target=\"_blank\" rel=\"noopener\"><img decoding=\"async\" loading=\"lazy\" style=\"width: 233px; height: 312px;\" src=\"https:\/\/ae01.alicdn.com\/kf\/S5c29c69a651a42b58ccde92dce8ed114R.png?width=233&amp;height=312&amp;hash=545\" width=\"233px\" height=\"312px\" \/><\/a><\/div>\n<div style=\"margin-top: -33.48%; margin-left: 25%; width: 25%;\"><a class=\"\" href=\"http:\/\/www.aliexpress.com\/item\/detail\/1005005562301158.html\" target=\"_blank\" rel=\"noopener\"><img decoding=\"async\" loading=\"lazy\" style=\"width: 233px; height: 312px;\" src=\"https:\/\/ae01.alicdn.com\/kf\/S5c29c69a651a42b58ccde92dce8ed114R.png?width=233&amp;height=312&amp;hash=545\" width=\"233px\" height=\"312px\" \/><\/a><\/div>\n<div style=\"margin-top: -33.48%; margin-left: 50%; width: 25%;\"><a class=\"\" href=\"http:\/\/www.aliexpress.com\/item\/detail\/1005005433947400.html\" target=\"_blank\" rel=\"noopener\"><img decoding=\"async\" loading=\"lazy\" style=\"width: 233px; height: 312px;\" src=\"https:\/\/ae01.alicdn.com\/kf\/S5c29c69a651a42b58ccde92dce8ed114R.png?width=233&amp;height=312&amp;hash=545\" width=\"233px\" height=\"312px\" \/><\/a><\/div>\n<div style=\"margin-top: -33.48%; margin-left: 75%; width: 25%;\"><a class=\"\" href=\"http:\/\/www.aliexpress.com\/item\/detail\/1005005372255537.html\" target=\"_blank\" rel=\"noopener\"><img decoding=\"async\" loading=\"lazy\" style=\"width: 233px; height: 312px;\" src=\"https:\/\/ae01.alicdn.com\/kf\/S5c29c69a651a42b58ccde92dce8ed114R.png?width=233&amp;height=312&amp;hash=545\" width=\"233px\" height=\"312px\" \/><\/a><\/div>\n<\/div>\n<\/div>\n<div style=\"text-align: center;\" align=\"center\"><span id=\"tl_1\" style=\"font-size: 20px;\">Capa de silicone: N\u00e3o<br \/>\nRegula\u00e7\u00e3o de temperatura: N\u00e3o<br \/>\nBateria incorporada ou externa: Incorporada<br \/>\nFun\u00e7\u00e3o de prote\u00e7\u00e3o contra curto-circuito: Sim<br \/>\nFun\u00e7\u00e3o de prote\u00e7\u00e3o contra sobreaquecimento: Sim<\/span><\/div>\n<div style=\"text-align: left;\" align=\"left\"><span id=\"tl_2\" style=\"font-size: 20px;\">Capa de silicone: N\u00e3o<br \/>\nRegula\u00e7\u00e3o de temperatura: N\u00e3o<br \/>\nBateria incorporada ou externa: Incorporada<br \/>\nFun\u00e7\u00e3o de prote\u00e7\u00e3o contra curto-circuito: Sim<br \/>\nFun\u00e7\u00e3o de prote\u00e7\u00e3o contra sobreaquecimento: Sim<\/span><\/div>\n<div style=\"text-align: left;\" align=\"left\"><img decoding=\"async\" loading=\"lazy\" src=\"https:\/\/ae01.alicdn.com\/kf\/Sc0cc5f4b63b4482884dab17d7c0f9403b.jpg?width=800&amp;height=800&amp;hash=1600\" \/><br \/>\n<img decoding=\"async\" loading=\"lazy\" src=\"https:\/\/ae01.alicdn.com\/kf\/S434465d6818b458ea691ff8c27669924U.jpg?width=800&amp;height=800&amp;hash=1600\" \/><br \/>\n<img decoding=\"async\" loading=\"lazy\" src=\"https:\/\/ae01.alicdn.com\/kf\/Se1927209fba94d3cb3f558fa4f6dced4Y.jpg?width=800&amp;height=800&amp;hash=1600\" \/><br \/>\n<img decoding=\"async\" loading=\"lazy\" src=\"https:\/\/ae01.alicdn.com\/kf\/Sf173f2b7991e4722a878a3571b9b773cc.jpg?width=800&amp;height=800&amp;hash=1600\" \/><br \/>\n<img decoding=\"async\" loading=\"lazy\" src=\"https:\/\/ae01.alicdn.com\/kf\/S867aa346c84240f38d0e53aa0817a762R.jpg?width=800&amp;height=800&amp;hash=1600\" \/><br \/>\n<img decoding=\"async\" loading=\"lazy\" src=\"https:\/\/ae01.alicdn.com\/kf\/S2c28c37c15314c189702eeb38957795bx.jpg?width=800&amp;height=800&amp;hash=1600\" \/><br \/>\n<img decoding=\"async\" loading=\"lazy\" src=\"https:\/\/ae01.alicdn.com\/kf\/Sb42111ebabd745a4aa696a2f0a2ca7bbO.jpg?width=800&amp;height=800&amp;hash=1600\" \/><br \/>\n<img decoding=\"async\" loading=\"lazy\" src=\"https:\/\/ae01.alicdn.com\/kf\/Sfeed63d65d6f4f9a873796a71fbdabf0N.jpg?width=800&amp;height=800&amp;hash=1600\" \/><\/div>\n<p>&nbsp;<\/p>\n<\/div>\n<\/div>","protected":false},"excerpt":{"rendered":"<p>&nbsp; Aussehen:\u00a0Box Form Kompatibler Akku:\u00a018500 \u00dcberwachung Funktion Von Rauchen Anzahl:\u00a0Nein Silikon Fall:\u00a0Nein Temperaturregelung:\u00a0Nein Eingebaute Oder Externe Batterie:\u00a0Eingebaute Kurzschlussschutz Funktion:\u00a0Ja \u00dcberhitzungsschutz-funktion:\u00a0Ja Niederspannungsalarmfunktion:\u00a0Nein Zerst\u00e4uber Identifikation Funktion:\u00a0Nein TCR Einstellung Modi:\u00a0Nein Nominale Kapazit\u00e4t:\u00a0&lt;700 mAh Material:\u00a0Plastik Compatible Model:\u00a0Thick Oil Modellnummer:\u00a0Vape Runtz x Packwoods Vape Pen Usb-ladeger\u00e4t:\u00a0Ja Firmware-upgrade:\u00a0Nein Display:\u00a0Nein Art:\u00a0disposable Markenname:\u00a0SUB TWO Ursprung:\u00a0CN (Herkunft) color:\u00a0Random color battery capacity:\u00a0380mah capacity:\u00a01ml package:\u00a0with the [&hellip;]<\/p>","protected":false},"featured_media":7353,"template":"","meta":{"inline_featured_image":false},"product_cat":[78,750,737,736,749,76,81],"product_tag":[],"tiered_pricing_type":"fixed","tiered_pricing_fixed_rules":[],"tiered_pricing_percentage_rules":[],"tiered_pricing_minimum":1,"_administrator_tiered_pricing_type":"fixed","_administrator_tiered_pricing_fixed_rules":[],"_editor_tiered_pricing_type":"fixed","_editor_tiered_pricing_fixed_rules":[],"_author_tiered_pricing_type":"fixed","_author_tiered_pricing_fixed_rules":[],"_contributor_tiered_pricing_type":"fixed","_contributor_tiered_pricing_fixed_rules":[],"_subscriber_tiered_pricing_type":"fixed","_subscriber_tiered_pricing_fixed_rules":[],"_customer_tiered_pricing_type":"fixed","_customer_tiered_pricing_fixed_rules":[],"_shop_manager_tiered_pricing_type":"fixed","_shop_manager_tiered_pricing_fixed_rules":[],"_wpseo_manager_tiered_pricing_type":"fixed","_wpseo_manager_tiered_pricing_fixed_rules":[],"_wpseo_editor_tiered_pricing_type":"fixed","_wpseo_editor_tiered_pricing_fixed_rules":[],"_wholesale_customer_tiered_pricing_type":"fixed","_wholesale_customer_tiered_pricing_fixed_rules":[],"_marketer_tiered_pricing_type":"fixed","_marketer_tiered_pricing_fixed_rules":[],"_sales_manager_tiered_pricing_type":"fixed","_sales_manager_tiered_pricing_fixed_rules":[],"_sales_rep_tiered_pricing_type":"fixed","_sales_rep_tiered_pricing_fixed_rules":[],"yoast_head":"<!-- This site is optimized with the Yoast SEO plugin v23.3 - https:\/\/yoast.com\/wordpress\/plugins\/seo\/ -->\n<title>Runtz x Pack woods Vape Pen Kits 380mAh E Zigaretten | ElementVape.de<\/title>\n<meta name=\"description\" content=\"Wir bieten Runtz x Pack woods Vape Pen Kits 380mAh E Zigaretten , Elementvape.de akzeptieren Gro\u00df-und Einzelhandel Bestellungen.\" \/>\n<meta name=\"robots\" content=\"index, follow, max-snippet:-1, max-image-preview:large, max-video-preview:-1\" \/>\n<link rel=\"canonical\" href=\"https:\/\/www.elementvape.de\/pt\/produkt\/runtz-x-pack-woods-vape-pen-kits-380mah-e-zigaretten\/\" \/>\n<meta property=\"og:locale\" content=\"pt_PT\" \/>\n<meta property=\"og:type\" content=\"article\" \/>\n<meta property=\"og:title\" content=\"Runtz x Pack woods Vape Pen Kits 380mAh E Zigaretten | ElementVape.de\" \/>\n<meta property=\"og:description\" content=\"Wir bieten Runtz x Pack woods Vape Pen Kits 380mAh E Zigaretten , Elementvape.de akzeptieren Gro\u00df-und Einzelhandel Bestellungen.\" \/>\n<meta property=\"og:url\" content=\"https:\/\/www.elementvape.de\/pt\/produkt\/runtz-x-pack-woods-vape-pen-kits-380mah-e-zigaretten\/\" \/>\n<meta property=\"og:site_name\" content=\"ElementVape.de\" \/>\n<meta property=\"article:modified_time\" content=\"2024-12-12T06:36:54+00:00\" \/>\n<meta property=\"og:image\" content=\"https:\/\/ae01.alicdn.com\/kf\/Sb35fcc14afe34e21b5f81f71afaed91fG\/50-st-cke-Runtz-x-Pack-woods-Vape-Pen-Kits-380mAh-E-Zigaretten-wiederauf-ladbare-Batterie.jpg\" \/>\n\t<meta property=\"og:image:width\" content=\"800\" \/>\n\t<meta property=\"og:image:height\" content=\"800\" \/>\n\t<meta property=\"og:image:type\" content=\"image\/jpeg\" \/>\n<meta name=\"twitter:card\" content=\"summary_large_image\" \/>\n<meta name=\"twitter:label1\" content=\"Est. reading time\" \/>\n\t<meta name=\"twitter:data1\" content=\"5 minutos\" \/>\n<script type=\"application\/ld+json\" class=\"yoast-schema-graph\">{\"@context\":\"https:\/\/schema.org\",\"@graph\":[{\"@type\":\"WebPage\",\"@id\":\"https:\/\/www.elementvape.de\/ro\/produkt\/runtz-x-pack-woods-vape-pen-kits-380mah-e-zigaretten\/\",\"url\":\"https:\/\/www.elementvape.de\/ro\/produkt\/runtz-x-pack-woods-vape-pen-kits-380mah-e-zigaretten\/\",\"name\":\"Runtz x Pack woods Vape Pen Kits 380mAh E Zigaretten | ElementVape.de\",\"isPartOf\":{\"@id\":\"https:\/\/www.elementvape.de\/#website\"},\"primaryImageOfPage\":{\"@id\":\"https:\/\/www.elementvape.de\/ro\/produkt\/runtz-x-pack-woods-vape-pen-kits-380mah-e-zigaretten\/#primaryimage\"},\"image\":{\"@id\":\"https:\/\/www.elementvape.de\/ro\/produkt\/runtz-x-pack-woods-vape-pen-kits-380mah-e-zigaretten\/#primaryimage\"},\"thumbnailUrl\":\"https:\/\/ae01.alicdn.com\/kf\/Sb35fcc14afe34e21b5f81f71afaed91fG\/50-st-cke-Runtz-x-Pack-woods-Vape-Pen-Kits-380mAh-E-Zigaretten-wiederauf-ladbare-Batterie.jpg\",\"datePublished\":\"2024-04-20T06:39:10+00:00\",\"dateModified\":\"2024-12-12T06:36:54+00:00\",\"description\":\"Wir bieten Runtz x Pack woods Vape Pen Kits 380mAh E Zigaretten , Elementvape.de akzeptieren Gro\u00df-und Einzelhandel Bestellungen.\",\"breadcrumb\":{\"@id\":\"https:\/\/www.elementvape.de\/ro\/produkt\/runtz-x-pack-woods-vape-pen-kits-380mah-e-zigaretten\/#breadcrumb\"},\"inLanguage\":\"pt-PT\",\"potentialAction\":[{\"@type\":\"ReadAction\",\"target\":[\"https:\/\/www.elementvape.de\/ro\/produkt\/runtz-x-pack-woods-vape-pen-kits-380mah-e-zigaretten\/\"]}]},{\"@type\":\"ImageObject\",\"inLanguage\":\"pt-PT\",\"@id\":\"https:\/\/www.elementvape.de\/ro\/produkt\/runtz-x-pack-woods-vape-pen-kits-380mah-e-zigaretten\/#primaryimage\",\"url\":\"https:\/\/ae01.alicdn.com\/kf\/Sb35fcc14afe34e21b5f81f71afaed91fG\/50-st-cke-Runtz-x-Pack-woods-Vape-Pen-Kits-380mAh-E-Zigaretten-wiederauf-ladbare-Batterie.jpg\",\"contentUrl\":\"https:\/\/ae01.alicdn.com\/kf\/Sb35fcc14afe34e21b5f81f71afaed91fG\/50-st-cke-Runtz-x-Pack-woods-Vape-Pen-Kits-380mAh-E-Zigaretten-wiederauf-ladbare-Batterie.jpg\",\"width\":800,\"height\":800},{\"@type\":\"BreadcrumbList\",\"@id\":\"https:\/\/www.elementvape.de\/ro\/produkt\/runtz-x-pack-woods-vape-pen-kits-380mah-e-zigaretten\/#breadcrumb\",\"itemListElement\":[{\"@type\":\"ListItem\",\"position\":1,\"name\":\"Home\",\"item\":\"https:\/\/www.elementvape.de\/\"},{\"@type\":\"ListItem\",\"position\":2,\"name\":\"Shop\",\"item\":\"https:\/\/www.elementvape.de\/shop\/\"},{\"@type\":\"ListItem\",\"position\":3,\"name\":\"Runtz x Pack woods Vape Pen Kits 380mAh E Zigaretten\"}]},{\"@type\":\"WebSite\",\"@id\":\"https:\/\/www.elementvape.de\/#website\",\"url\":\"https:\/\/www.elementvape.de\/\",\"name\":\"ElementVape.de\",\"description\":\"\",\"publisher\":{\"@id\":\"https:\/\/www.elementvape.de\/#organization\"},\"potentialAction\":[{\"@type\":\"SearchAction\",\"target\":{\"@type\":\"EntryPoint\",\"urlTemplate\":\"https:\/\/www.elementvape.de\/?s={search_term_string}\"},\"query-input\":\"required name=search_term_string\"}],\"inLanguage\":\"pt-PT\"},{\"@type\":\"Organization\",\"@id\":\"https:\/\/www.elementvape.de\/#organization\",\"name\":\"ElementVape.DE\",\"url\":\"https:\/\/www.elementvape.de\/\",\"logo\":{\"@type\":\"ImageObject\",\"inLanguage\":\"pt-PT\",\"@id\":\"https:\/\/www.elementvape.de\/#\/schema\/logo\/image\/\",\"url\":\"https:\/\/www.elementvape.de\/wp-content\/uploads\/2024\/09\/cropped-1elementvape-3.png\",\"contentUrl\":\"https:\/\/www.elementvape.de\/wp-content\/uploads\/2024\/09\/cropped-1elementvape-3.png\",\"width\":285,\"height\":228,\"caption\":\"ElementVape.DE\"},\"image\":{\"@id\":\"https:\/\/www.elementvape.de\/#\/schema\/logo\/image\/\"}}]}<\/script>\n<!-- \/ Yoast SEO plugin. -->","yoast_head_json":{"title":"Runtz x Pack woods Vape Pen Kits 380mAh E Zigaretten | ElementVape.de","description":"Wir bieten Runtz x Pack woods Vape Pen Kits 380mAh E Zigaretten , Elementvape.de akzeptieren Gro\u00df-und Einzelhandel Bestellungen.","robots":{"index":"index","follow":"follow","max-snippet":"max-snippet:-1","max-image-preview":"max-image-preview:large","max-video-preview":"max-video-preview:-1"},"canonical":"https:\/\/www.elementvape.de\/pt\/produkt\/runtz-x-pack-woods-vape-pen-kits-380mah-e-zigaretten\/","og_locale":"pt_PT","og_type":"article","og_title":"Runtz x Pack woods Vape Pen Kits 380mAh E Zigaretten | ElementVape.de","og_description":"Wir bieten Runtz x Pack woods Vape Pen Kits 380mAh E Zigaretten , Elementvape.de akzeptieren Gro\u00df-und Einzelhandel Bestellungen.","og_url":"https:\/\/www.elementvape.de\/pt\/produkt\/runtz-x-pack-woods-vape-pen-kits-380mah-e-zigaretten\/","og_site_name":"ElementVape.de","article_modified_time":"2024-12-12T06:36:54+00:00","og_image":[{"width":800,"height":800,"url":"https:\/\/ae01.alicdn.com\/kf\/Sb35fcc14afe34e21b5f81f71afaed91fG\/50-st-cke-Runtz-x-Pack-woods-Vape-Pen-Kits-380mAh-E-Zigaretten-wiederauf-ladbare-Batterie.jpg","type":"image\/jpeg"}],"twitter_card":"summary_large_image","twitter_misc":{"Est. reading time":"5 minutos"},"schema":{"@context":"https:\/\/schema.org","@graph":[{"@type":"WebPage","@id":"https:\/\/www.elementvape.de\/ro\/produkt\/runtz-x-pack-woods-vape-pen-kits-380mah-e-zigaretten\/","url":"https:\/\/www.elementvape.de\/ro\/produkt\/runtz-x-pack-woods-vape-pen-kits-380mah-e-zigaretten\/","name":"Runtz x Pack woods Vape Pen Kits 380mAh E Zigaretten | ElementVape.de","isPartOf":{"@id":"https:\/\/www.elementvape.de\/#website"},"primaryImageOfPage":{"@id":"https:\/\/www.elementvape.de\/ro\/produkt\/runtz-x-pack-woods-vape-pen-kits-380mah-e-zigaretten\/#primaryimage"},"image":{"@id":"https:\/\/www.elementvape.de\/ro\/produkt\/runtz-x-pack-woods-vape-pen-kits-380mah-e-zigaretten\/#primaryimage"},"thumbnailUrl":"https:\/\/ae01.alicdn.com\/kf\/Sb35fcc14afe34e21b5f81f71afaed91fG\/50-st-cke-Runtz-x-Pack-woods-Vape-Pen-Kits-380mAh-E-Zigaretten-wiederauf-ladbare-Batterie.jpg","datePublished":"2024-04-20T06:39:10+00:00","dateModified":"2024-12-12T06:36:54+00:00","description":"Wir bieten Runtz x Pack woods Vape Pen Kits 380mAh E Zigaretten , Elementvape.de akzeptieren Gro\u00df-und Einzelhandel Bestellungen.","breadcrumb":{"@id":"https:\/\/www.elementvape.de\/ro\/produkt\/runtz-x-pack-woods-vape-pen-kits-380mah-e-zigaretten\/#breadcrumb"},"inLanguage":"pt-PT","potentialAction":[{"@type":"ReadAction","target":["https:\/\/www.elementvape.de\/ro\/produkt\/runtz-x-pack-woods-vape-pen-kits-380mah-e-zigaretten\/"]}]},{"@type":"ImageObject","inLanguage":"pt-PT","@id":"https:\/\/www.elementvape.de\/ro\/produkt\/runtz-x-pack-woods-vape-pen-kits-380mah-e-zigaretten\/#primaryimage","url":"https:\/\/ae01.alicdn.com\/kf\/Sb35fcc14afe34e21b5f81f71afaed91fG\/50-st-cke-Runtz-x-Pack-woods-Vape-Pen-Kits-380mAh-E-Zigaretten-wiederauf-ladbare-Batterie.jpg","contentUrl":"https:\/\/ae01.alicdn.com\/kf\/Sb35fcc14afe34e21b5f81f71afaed91fG\/50-st-cke-Runtz-x-Pack-woods-Vape-Pen-Kits-380mAh-E-Zigaretten-wiederauf-ladbare-Batterie.jpg","width":800,"height":800},{"@type":"BreadcrumbList","@id":"https:\/\/www.elementvape.de\/ro\/produkt\/runtz-x-pack-woods-vape-pen-kits-380mah-e-zigaretten\/#breadcrumb","itemListElement":[{"@type":"ListItem","position":1,"name":"Home","item":"https:\/\/www.elementvape.de\/"},{"@type":"ListItem","position":2,"name":"Shop","item":"https:\/\/www.elementvape.de\/shop\/"},{"@type":"ListItem","position":3,"name":"Runtz x Pack woods Vape Pen Kits 380mAh E Zigaretten"}]},{"@type":"WebSite","@id":"https:\/\/www.elementvape.de\/#website","url":"https:\/\/www.elementvape.de\/","name":"ElementVape.de","description":"","publisher":{"@id":"https:\/\/www.elementvape.de\/#organization"},"potentialAction":[{"@type":"SearchAction","target":{"@type":"EntryPoint","urlTemplate":"https:\/\/www.elementvape.de\/?s={search_term_string}"},"query-input":"required name=search_term_string"}],"inLanguage":"pt-PT"},{"@type":"Organization","@id":"https:\/\/www.elementvape.de\/#organization","name":"ElementVape.DE","url":"https:\/\/www.elementvape.de\/","logo":{"@type":"ImageObject","inLanguage":"pt-PT","@id":"https:\/\/www.elementvape.de\/#\/schema\/logo\/image\/","url":"https:\/\/www.elementvape.de\/wp-content\/uploads\/2024\/09\/cropped-1elementvape-3.png","contentUrl":"https:\/\/www.elementvape.de\/wp-content\/uploads\/2024\/09\/cropped-1elementvape-3.png","width":285,"height":228,"caption":"ElementVape.DE"},"image":{"@id":"https:\/\/www.elementvape.de\/#\/schema\/logo\/image\/"}}]}},"_links":{"self":[{"href":"https:\/\/www.elementvape.de\/pt\/wp-json\/wp\/v2\/product\/7352"}],"collection":[{"href":"https:\/\/www.elementvape.de\/pt\/wp-json\/wp\/v2\/product"}],"about":[{"href":"https:\/\/www.elementvape.de\/pt\/wp-json\/wp\/v2\/types\/product"}],"wp:featuredmedia":[{"embeddable":true,"href":"https:\/\/www.elementvape.de\/pt\/wp-json\/wp\/v2\/media\/7353"}],"wp:attachment":[{"href":"https:\/\/www.elementvape.de\/pt\/wp-json\/wp\/v2\/media?parent=7352"}],"wp:term":[{"taxonomy":"product_cat","embeddable":true,"href":"https:\/\/www.elementvape.de\/pt\/wp-json\/wp\/v2\/product_cat?post=7352"},{"taxonomy":"product_tag","embeddable":true,"href":"https:\/\/www.elementvape.de\/pt\/wp-json\/wp\/v2\/product_tag?post=7352"}],"curies":[{"name":"wp","href":"https:\/\/api.w.org\/{rel}","templated":true}]}}