{"id":7139,"date":"2024-04-20T06:27:32","date_gmt":"2024-04-20T06:27:32","guid":{"rendered":"https:\/\/www.elementvape.de\/?post_type=product&#038;p=7139"},"modified":"2024-12-12T06:37:10","modified_gmt":"2024-12-12T06:37:10","slug":"runtz-runty-vape-geraet-pods-wiederauf-ladbare-einweg-vape-pens","status":"publish","type":"product","link":"https:\/\/www.elementvape.de\/pt\/produkt\/runtz-runty-vape-geraet-pods-wiederauf-ladbare-einweg-vape-pens\/","title":{"rendered":"Dispositivo Runtz Runty Vape Pods recarreg\u00e1vel, canetas de vape descart\u00e1veis"},"content":{"rendered":"<p>&nbsp;<\/p>\n<div class=\"product-specs-list-container\">\n<ul class=\"product-specs-list util-clearfix\">\n<li class=\"product-prop line-limit-length\"><span class=\"property-title\">Carregador USB:\u00a0<\/span><span class=\"property-desc line-limit-length\">Ja<\/span><\/li>\n<li class=\"product-prop line-limit-length\"><span class=\"property-title\">Atualiza\u00e7\u00e3o de firmware:\u00a0<\/span><span class=\"property-desc line-limit-length\">N\u00e3o<\/span><\/li>\n<li class=\"product-prop line-limit-length\"><span class=\"property-title\">Fun\u00e7\u00e3o de monitoriza\u00e7\u00e3o do n\u00famero de fumos: N\u00e3o\u00a0<\/span><span class=\"property-desc line-limit-length\">N\u00e3o<\/span><\/li>\n<li class=\"product-prop line-limit-length\"><span class=\"property-title\">Tipo:\u00a0<\/span><span class=\"property-desc line-limit-length\">Outros<\/span><\/li>\n<li class=\"product-prop line-limit-length\"><span class=\"property-title\">Nome da marca:\u00a0<\/span><span class=\"property-desc line-limit-length\">Capa de silicone: N\u00e3o<\/span><\/li>\n<li class=\"product-prop line-limit-length\"><span class=\"property-title\">Origem:\u00a0<\/span><span class=\"property-desc line-limit-length\">CN (Origem)<\/span><\/li>\n<\/ul>\n<\/div>\n<div class=\"detailmodule_html\">\n<div class=\"detail-desc-decorate-richtext\">\n<div class=\"detailmodule_html\">\n<div class=\"detail-desc-decorate-richtext\">\n<p style=\"text-align: left; margin: 0;\"><strong><span id=\"tl_1\" style=\"font-size: 22px;\">Cigarro eletr\u00f4nico Runtz Runty Vape bateria de 280mAh dispositivo vazio de 1ml Pods recarreg\u00e1veis de uso \u00fanico com caixa<\/span><\/strong><\/p>\n<p><img decoding=\"async\" loading=\"lazy\" src=\"https:\/\/ae01.alicdn.com\/kf\/S0b57fa848bf540f38df43f003a37beee2.jpg?width=1000&amp;height=1000&amp;hash=2000\" \/><img decoding=\"async\" loading=\"lazy\" src=\"https:\/\/ae01.alicdn.com\/kf\/S3ca78d9f65564ec9b40d59d8d00941244.jpg?width=1000&amp;height=1000&amp;hash=2000\" \/><img decoding=\"async\" loading=\"lazy\" src=\"https:\/\/ae01.alicdn.com\/kf\/S29cd9bc16f4c4865aa1a3e0885ebee0cB.jpg?width=1000&amp;height=1000&amp;hash=2000\" \/><img decoding=\"async\" loading=\"lazy\" src=\"https:\/\/ae01.alicdn.com\/kf\/S580a212636254a0db14334bc021c826fN.jpg?width=1000&amp;height=1000&amp;hash=2000\" \/><img decoding=\"async\" loading=\"lazy\" src=\"https:\/\/ae01.alicdn.com\/kf\/Se4cb923b699a4e819b11273e544c4bf2s.jpg?width=1000&amp;height=1000&amp;hash=2000\" \/><img decoding=\"async\" loading=\"lazy\" src=\"https:\/\/ae01.alicdn.com\/kf\/S4eef21ef623f42acbf418fb15846b473e.jpg?width=1000&amp;height=1000&amp;hash=2000\" \/><img decoding=\"async\" loading=\"lazy\" src=\"https:\/\/ae01.alicdn.com\/kf\/S8c5e4abe74024e95acf4724d6709506bC.jpg?width=1000&amp;height=1000&amp;hash=2000\" \/><img decoding=\"async\" loading=\"lazy\" src=\"https:\/\/ae01.alicdn.com\/kf\/Sac1c97eeeb4b4e2aa06853c544b035e1B.jpg?width=1000&amp;height=1000&amp;hash=2000\" \/><br \/>\n<img decoding=\"async\" loading=\"lazy\" src=\"https:\/\/ae01.alicdn.com\/kf\/S7852088bd97c40ad8829c822133cac94j.jpg?width=1000&amp;height=1000&amp;hash=2000\" \/><img decoding=\"async\" loading=\"lazy\" src=\"https:\/\/ae01.alicdn.com\/kf\/S853aade7f9a74d1bb7b7f5c0e3150265E.jpg?width=1000&amp;height=1000&amp;hash=2000\" \/><img decoding=\"async\" loading=\"lazy\" src=\"https:\/\/ae01.alicdn.com\/kf\/Sf0bf840556e2497d9c84465d6f897085Y.jpg?width=1000&amp;height=1000&amp;hash=2000\" \/><img decoding=\"async\" loading=\"lazy\" src=\"https:\/\/ae01.alicdn.com\/kf\/Sbe5ba34a995e457c9c5806d036d561c0s.jpg?width=1000&amp;height=1000&amp;hash=2000\" \/><img decoding=\"async\" loading=\"lazy\" src=\"https:\/\/ae01.alicdn.com\/kf\/S707b8ae91da344dcb53b7a4cb69945cfS.jpg?width=1000&amp;height=1000&amp;hash=2000\" \/><img decoding=\"async\" loading=\"lazy\" src=\"https:\/\/ae01.alicdn.com\/kf\/Sab6937830d674de68cedc3207622d295S.jpg?width=1000&amp;height=1000&amp;hash=2000\" \/><img decoding=\"async\" loading=\"lazy\" src=\"https:\/\/ae01.alicdn.com\/kf\/S9829246750264c23bbca071e8248adf2U.jpg?width=1000&amp;height=1000&amp;hash=2000\" \/><img decoding=\"async\" loading=\"lazy\" src=\"https:\/\/ae01.alicdn.com\/kf\/S71aaddfca7c84976858b60a9b3806771Y.jpg?width=1000&amp;height=1000&amp;hash=2000\" \/><\/p>\n<\/div>\n<\/div>\n<\/div>\n<\/div>","protected":false},"excerpt":{"rendered":"<p>&nbsp; Usb-ladeger\u00e4t:\u00a0Ja Firmware-upgrade:\u00a0Nein Display:\u00a0Nein Art:\u00a0Andere Markenname:\u00a0SUB TWO Ursprung:\u00a0CN (Herkunft) Elektronische Zigarette runtz runty vape 280mah Batterie 1ml leere Ger\u00e4t Pods wiederauf ladbare Einweg-Vape-Stifte mit Box<\/p>","protected":false},"featured_media":7140,"template":"","meta":{"inline_featured_image":false},"product_cat":[752,756,739,743,76,79,81],"product_tag":[],"tiered_pricing_type":"fixed","tiered_pricing_fixed_rules":[],"tiered_pricing_percentage_rules":[],"tiered_pricing_minimum":1,"_administrator_tiered_pricing_type":"fixed","_administrator_tiered_pricing_fixed_rules":[],"_editor_tiered_pricing_type":"fixed","_editor_tiered_pricing_fixed_rules":[],"_author_tiered_pricing_type":"fixed","_author_tiered_pricing_fixed_rules":[],"_contributor_tiered_pricing_type":"fixed","_contributor_tiered_pricing_fixed_rules":[],"_subscriber_tiered_pricing_type":"fixed","_subscriber_tiered_pricing_fixed_rules":[],"_customer_tiered_pricing_type":"fixed","_customer_tiered_pricing_fixed_rules":[],"_shop_manager_tiered_pricing_type":"fixed","_shop_manager_tiered_pricing_fixed_rules":[],"_wpseo_manager_tiered_pricing_type":"fixed","_wpseo_manager_tiered_pricing_fixed_rules":[],"_wpseo_editor_tiered_pricing_type":"fixed","_wpseo_editor_tiered_pricing_fixed_rules":[],"_wholesale_customer_tiered_pricing_type":"fixed","_wholesale_customer_tiered_pricing_fixed_rules":[],"_marketer_tiered_pricing_type":"fixed","_marketer_tiered_pricing_fixed_rules":[],"_sales_manager_tiered_pricing_type":"fixed","_sales_manager_tiered_pricing_fixed_rules":[],"_sales_rep_tiered_pricing_type":"fixed","_sales_rep_tiered_pricing_fixed_rules":[],"yoast_head":"<!-- This site is optimized with the Yoast SEO plugin v23.3 - https:\/\/yoast.com\/wordpress\/plugins\/seo\/ -->\n<title>runtz runty vape Ger\u00e4t Pods wiederauf ladbare Einweg-Vape Pens | ElementVape.de<\/title>\n<meta name=\"description\" content=\"Wir bieten runtz runty vape Ger\u00e4t Pods wiederauf ladbare Einweg-Vape Pens , Elementvape.de akzeptieren Gro\u00df-und Einzelhandel Bestellungen.\" \/>\n<meta name=\"robots\" content=\"index, follow, max-snippet:-1, max-image-preview:large, max-video-preview:-1\" \/>\n<link rel=\"canonical\" href=\"https:\/\/www.elementvape.de\/pt\/produkt\/runtz-runty-vape-geraet-pods-wiederauf-ladbare-einweg-vape-pens\/\" \/>\n<meta property=\"og:locale\" content=\"pt_PT\" \/>\n<meta property=\"og:type\" content=\"article\" \/>\n<meta property=\"og:title\" content=\"runtz runty vape Ger\u00e4t Pods wiederauf ladbare Einweg-Vape Pens | ElementVape.de\" \/>\n<meta property=\"og:description\" content=\"Wir bieten runtz runty vape Ger\u00e4t Pods wiederauf ladbare Einweg-Vape Pens , Elementvape.de akzeptieren Gro\u00df-und Einzelhandel Bestellungen.\" \/>\n<meta property=\"og:url\" content=\"https:\/\/www.elementvape.de\/pt\/produkt\/runtz-runty-vape-geraet-pods-wiederauf-ladbare-einweg-vape-pens\/\" \/>\n<meta property=\"og:site_name\" content=\"ElementVape.de\" \/>\n<meta property=\"article:modified_time\" content=\"2024-12-12T06:37:10+00:00\" \/>\n<meta property=\"og:image\" content=\"https:\/\/ae01.alicdn.com\/kf\/S79c4b00941d840df992ef708c32e56bcL\/Elektronische-Zigarette-runtz-runty-vape-280mah-Batterie-1ml-leere-Ger-t-Pods-wiederauf-ladbare-Einweg-Vape.jpg\" \/>\n\t<meta property=\"og:image:width\" content=\"1000\" \/>\n\t<meta property=\"og:image:height\" content=\"1000\" \/>\n\t<meta property=\"og:image:type\" content=\"image\/jpeg\" \/>\n<meta name=\"twitter:card\" content=\"summary_large_image\" \/>\n<meta name=\"twitter:label1\" content=\"Est. reading time\" \/>\n\t<meta name=\"twitter:data1\" content=\"4 minutos\" \/>\n<script type=\"application\/ld+json\" class=\"yoast-schema-graph\">{\"@context\":\"https:\/\/schema.org\",\"@graph\":[{\"@type\":\"WebPage\",\"@id\":\"https:\/\/www.elementvape.de\/produkt\/runtz-runty-vape-geraet-pods-wiederauf-ladbare-einweg-vape-pens\/\",\"url\":\"https:\/\/www.elementvape.de\/produkt\/runtz-runty-vape-geraet-pods-wiederauf-ladbare-einweg-vape-pens\/\",\"name\":\"runtz runty vape Ger\u00e4t Pods wiederauf ladbare Einweg-Vape Pens | ElementVape.de\",\"isPartOf\":{\"@id\":\"https:\/\/www.elementvape.de\/#website\"},\"primaryImageOfPage\":{\"@id\":\"https:\/\/www.elementvape.de\/produkt\/runtz-runty-vape-geraet-pods-wiederauf-ladbare-einweg-vape-pens\/#primaryimage\"},\"image\":{\"@id\":\"https:\/\/www.elementvape.de\/produkt\/runtz-runty-vape-geraet-pods-wiederauf-ladbare-einweg-vape-pens\/#primaryimage\"},\"thumbnailUrl\":\"https:\/\/ae01.alicdn.com\/kf\/S79c4b00941d840df992ef708c32e56bcL\/Elektronische-Zigarette-runtz-runty-vape-280mah-Batterie-1ml-leere-Ger-t-Pods-wiederauf-ladbare-Einweg-Vape.jpg\",\"datePublished\":\"2024-04-20T06:27:32+00:00\",\"dateModified\":\"2024-12-12T06:37:10+00:00\",\"description\":\"Wir bieten runtz runty vape Ger\u00e4t Pods wiederauf ladbare Einweg-Vape Pens , Elementvape.de akzeptieren Gro\u00df-und Einzelhandel Bestellungen.\",\"breadcrumb\":{\"@id\":\"https:\/\/www.elementvape.de\/produkt\/runtz-runty-vape-geraet-pods-wiederauf-ladbare-einweg-vape-pens\/#breadcrumb\"},\"inLanguage\":\"pt-PT\",\"potentialAction\":[{\"@type\":\"ReadAction\",\"target\":[\"https:\/\/www.elementvape.de\/produkt\/runtz-runty-vape-geraet-pods-wiederauf-ladbare-einweg-vape-pens\/\"]}]},{\"@type\":\"ImageObject\",\"inLanguage\":\"pt-PT\",\"@id\":\"https:\/\/www.elementvape.de\/produkt\/runtz-runty-vape-geraet-pods-wiederauf-ladbare-einweg-vape-pens\/#primaryimage\",\"url\":\"https:\/\/ae01.alicdn.com\/kf\/S79c4b00941d840df992ef708c32e56bcL\/Elektronische-Zigarette-runtz-runty-vape-280mah-Batterie-1ml-leere-Ger-t-Pods-wiederauf-ladbare-Einweg-Vape.jpg\",\"contentUrl\":\"https:\/\/ae01.alicdn.com\/kf\/S79c4b00941d840df992ef708c32e56bcL\/Elektronische-Zigarette-runtz-runty-vape-280mah-Batterie-1ml-leere-Ger-t-Pods-wiederauf-ladbare-Einweg-Vape.jpg\",\"width\":1000,\"height\":1000},{\"@type\":\"BreadcrumbList\",\"@id\":\"https:\/\/www.elementvape.de\/produkt\/runtz-runty-vape-geraet-pods-wiederauf-ladbare-einweg-vape-pens\/#breadcrumb\",\"itemListElement\":[{\"@type\":\"ListItem\",\"position\":1,\"name\":\"Home\",\"item\":\"https:\/\/www.elementvape.de\/\"},{\"@type\":\"ListItem\",\"position\":2,\"name\":\"Shop\",\"item\":\"https:\/\/www.elementvape.de\/shop\/\"},{\"@type\":\"ListItem\",\"position\":3,\"name\":\"runtz runty vape Ger\u00e4t Pods wiederauf ladbare Einweg-Vape Pens\"}]},{\"@type\":\"WebSite\",\"@id\":\"https:\/\/www.elementvape.de\/#website\",\"url\":\"https:\/\/www.elementvape.de\/\",\"name\":\"ElementVape.de\",\"description\":\"\",\"publisher\":{\"@id\":\"https:\/\/www.elementvape.de\/#organization\"},\"potentialAction\":[{\"@type\":\"SearchAction\",\"target\":{\"@type\":\"EntryPoint\",\"urlTemplate\":\"https:\/\/www.elementvape.de\/?s={search_term_string}\"},\"query-input\":\"required name=search_term_string\"}],\"inLanguage\":\"pt-PT\"},{\"@type\":\"Organization\",\"@id\":\"https:\/\/www.elementvape.de\/#organization\",\"name\":\"ElementVape.DE\",\"url\":\"https:\/\/www.elementvape.de\/\",\"logo\":{\"@type\":\"ImageObject\",\"inLanguage\":\"pt-PT\",\"@id\":\"https:\/\/www.elementvape.de\/#\/schema\/logo\/image\/\",\"url\":\"https:\/\/www.elementvape.de\/wp-content\/uploads\/2024\/09\/cropped-1elementvape-3.png\",\"contentUrl\":\"https:\/\/www.elementvape.de\/wp-content\/uploads\/2024\/09\/cropped-1elementvape-3.png\",\"width\":285,\"height\":228,\"caption\":\"ElementVape.DE\"},\"image\":{\"@id\":\"https:\/\/www.elementvape.de\/#\/schema\/logo\/image\/\"}}]}<\/script>\n<!-- \/ Yoast SEO plugin. -->","yoast_head_json":{"title":"runtz runty vape Ger\u00e4t Pods wiederauf ladbare Einweg-Vape Pens | ElementVape.de","description":"Wir bieten runtz runty vape Ger\u00e4t Pods wiederauf ladbare Einweg-Vape Pens , Elementvape.de akzeptieren Gro\u00df-und Einzelhandel Bestellungen.","robots":{"index":"index","follow":"follow","max-snippet":"max-snippet:-1","max-image-preview":"max-image-preview:large","max-video-preview":"max-video-preview:-1"},"canonical":"https:\/\/www.elementvape.de\/pt\/produkt\/runtz-runty-vape-geraet-pods-wiederauf-ladbare-einweg-vape-pens\/","og_locale":"pt_PT","og_type":"article","og_title":"runtz runty vape Ger\u00e4t Pods wiederauf ladbare Einweg-Vape Pens | ElementVape.de","og_description":"Wir bieten runtz runty vape Ger\u00e4t Pods wiederauf ladbare Einweg-Vape Pens , Elementvape.de akzeptieren Gro\u00df-und Einzelhandel Bestellungen.","og_url":"https:\/\/www.elementvape.de\/pt\/produkt\/runtz-runty-vape-geraet-pods-wiederauf-ladbare-einweg-vape-pens\/","og_site_name":"ElementVape.de","article_modified_time":"2024-12-12T06:37:10+00:00","og_image":[{"width":1000,"height":1000,"url":"https:\/\/ae01.alicdn.com\/kf\/S79c4b00941d840df992ef708c32e56bcL\/Elektronische-Zigarette-runtz-runty-vape-280mah-Batterie-1ml-leere-Ger-t-Pods-wiederauf-ladbare-Einweg-Vape.jpg","type":"image\/jpeg"}],"twitter_card":"summary_large_image","twitter_misc":{"Est. reading time":"4 minutos"},"schema":{"@context":"https:\/\/schema.org","@graph":[{"@type":"WebPage","@id":"https:\/\/www.elementvape.de\/produkt\/runtz-runty-vape-geraet-pods-wiederauf-ladbare-einweg-vape-pens\/","url":"https:\/\/www.elementvape.de\/produkt\/runtz-runty-vape-geraet-pods-wiederauf-ladbare-einweg-vape-pens\/","name":"runtz runty vape Ger\u00e4t Pods wiederauf ladbare Einweg-Vape Pens | ElementVape.de","isPartOf":{"@id":"https:\/\/www.elementvape.de\/#website"},"primaryImageOfPage":{"@id":"https:\/\/www.elementvape.de\/produkt\/runtz-runty-vape-geraet-pods-wiederauf-ladbare-einweg-vape-pens\/#primaryimage"},"image":{"@id":"https:\/\/www.elementvape.de\/produkt\/runtz-runty-vape-geraet-pods-wiederauf-ladbare-einweg-vape-pens\/#primaryimage"},"thumbnailUrl":"https:\/\/ae01.alicdn.com\/kf\/S79c4b00941d840df992ef708c32e56bcL\/Elektronische-Zigarette-runtz-runty-vape-280mah-Batterie-1ml-leere-Ger-t-Pods-wiederauf-ladbare-Einweg-Vape.jpg","datePublished":"2024-04-20T06:27:32+00:00","dateModified":"2024-12-12T06:37:10+00:00","description":"Wir bieten runtz runty vape Ger\u00e4t Pods wiederauf ladbare Einweg-Vape Pens , Elementvape.de akzeptieren Gro\u00df-und Einzelhandel Bestellungen.","breadcrumb":{"@id":"https:\/\/www.elementvape.de\/produkt\/runtz-runty-vape-geraet-pods-wiederauf-ladbare-einweg-vape-pens\/#breadcrumb"},"inLanguage":"pt-PT","potentialAction":[{"@type":"ReadAction","target":["https:\/\/www.elementvape.de\/produkt\/runtz-runty-vape-geraet-pods-wiederauf-ladbare-einweg-vape-pens\/"]}]},{"@type":"ImageObject","inLanguage":"pt-PT","@id":"https:\/\/www.elementvape.de\/produkt\/runtz-runty-vape-geraet-pods-wiederauf-ladbare-einweg-vape-pens\/#primaryimage","url":"https:\/\/ae01.alicdn.com\/kf\/S79c4b00941d840df992ef708c32e56bcL\/Elektronische-Zigarette-runtz-runty-vape-280mah-Batterie-1ml-leere-Ger-t-Pods-wiederauf-ladbare-Einweg-Vape.jpg","contentUrl":"https:\/\/ae01.alicdn.com\/kf\/S79c4b00941d840df992ef708c32e56bcL\/Elektronische-Zigarette-runtz-runty-vape-280mah-Batterie-1ml-leere-Ger-t-Pods-wiederauf-ladbare-Einweg-Vape.jpg","width":1000,"height":1000},{"@type":"BreadcrumbList","@id":"https:\/\/www.elementvape.de\/produkt\/runtz-runty-vape-geraet-pods-wiederauf-ladbare-einweg-vape-pens\/#breadcrumb","itemListElement":[{"@type":"ListItem","position":1,"name":"Home","item":"https:\/\/www.elementvape.de\/"},{"@type":"ListItem","position":2,"name":"Shop","item":"https:\/\/www.elementvape.de\/shop\/"},{"@type":"ListItem","position":3,"name":"runtz runty vape Ger\u00e4t Pods wiederauf ladbare Einweg-Vape Pens"}]},{"@type":"WebSite","@id":"https:\/\/www.elementvape.de\/#website","url":"https:\/\/www.elementvape.de\/","name":"ElementVape.de","description":"","publisher":{"@id":"https:\/\/www.elementvape.de\/#organization"},"potentialAction":[{"@type":"SearchAction","target":{"@type":"EntryPoint","urlTemplate":"https:\/\/www.elementvape.de\/?s={search_term_string}"},"query-input":"required name=search_term_string"}],"inLanguage":"pt-PT"},{"@type":"Organization","@id":"https:\/\/www.elementvape.de\/#organization","name":"ElementVape.DE","url":"https:\/\/www.elementvape.de\/","logo":{"@type":"ImageObject","inLanguage":"pt-PT","@id":"https:\/\/www.elementvape.de\/#\/schema\/logo\/image\/","url":"https:\/\/www.elementvape.de\/wp-content\/uploads\/2024\/09\/cropped-1elementvape-3.png","contentUrl":"https:\/\/www.elementvape.de\/wp-content\/uploads\/2024\/09\/cropped-1elementvape-3.png","width":285,"height":228,"caption":"ElementVape.DE"},"image":{"@id":"https:\/\/www.elementvape.de\/#\/schema\/logo\/image\/"}}]}},"_links":{"self":[{"href":"https:\/\/www.elementvape.de\/pt\/wp-json\/wp\/v2\/product\/7139"}],"collection":[{"href":"https:\/\/www.elementvape.de\/pt\/wp-json\/wp\/v2\/product"}],"about":[{"href":"https:\/\/www.elementvape.de\/pt\/wp-json\/wp\/v2\/types\/product"}],"wp:featuredmedia":[{"embeddable":true,"href":"https:\/\/www.elementvape.de\/pt\/wp-json\/wp\/v2\/media\/7140"}],"wp:attachment":[{"href":"https:\/\/www.elementvape.de\/pt\/wp-json\/wp\/v2\/media?parent=7139"}],"wp:term":[{"taxonomy":"product_cat","embeddable":true,"href":"https:\/\/www.elementvape.de\/pt\/wp-json\/wp\/v2\/product_cat?post=7139"},{"taxonomy":"product_tag","embeddable":true,"href":"https:\/\/www.elementvape.de\/pt\/wp-json\/wp\/v2\/product_tag?post=7139"}],"curies":[{"name":"wp","href":"https:\/\/api.w.org\/{rel}","templated":true}]}}