{"id":7120,"date":"2024-04-20T06:24:09","date_gmt":"2024-04-20T06:24:09","guid":{"rendered":"https:\/\/www.elementvape.de\/?post_type=product&#038;p=7120"},"modified":"2024-12-12T06:37:12","modified_gmt":"2024-12-12T06:37:12","slug":"runtz-runty-x-litty-vape-pens-starter-kit-wiederauf-ladbare","status":"publish","type":"product","link":"https:\/\/www.elementvape.de\/pt\/produkt\/runtz-runty-x-litty-vape-pens-starter-kit-wiederauf-ladbare\/","title":{"rendered":"Kit inicial de vaporizadores Runtz runty x litty recarreg\u00e1vel"},"content":{"rendered":"<p>&nbsp;<\/p>\n<div class=\"product-specs-list-container\">\n<ul class=\"product-specs-list util-clearfix\">\n<li class=\"product-prop line-limit-length\"><span class=\"property-title\">Apar\u00eancia:\u00a0<\/span><span class=\"property-desc line-limit-length\">Forma da Caixa<\/span><\/li>\n<li class=\"product-prop line-limit-length\"><span class=\"property-title\">Bateria Compat\u00edvel:\u00a0<\/span><span class=\"property-desc line-limit-length\">18350<\/span><\/li>\n<li class=\"product-prop line-limit-length\"><span class=\"property-title\">Fun\u00e7\u00e3o de Monitoriza\u00e7\u00e3o do N\u00famero de Fuma\u00e7as:\u00a0<\/span><span class=\"property-desc line-limit-length\">N\u00e3o<\/span><\/li>\n<li class=\"product-prop line-limit-length\"><span class=\"property-title\">Estojo de Silicone:\u00a0<\/span><span class=\"property-desc line-limit-length\">N\u00e3o<\/span><\/li>\n<li class=\"product-prop line-limit-length\"><span class=\"property-title\">Regula\u00e7\u00e3o de Temperatura:\u00a0<\/span><span class=\"property-desc line-limit-length\">N\u00e3o<\/span><\/li>\n<li class=\"product-prop line-limit-length\"><span class=\"property-title\">Bateria Embutida ou Externa:\u00a0<\/span><span class=\"property-desc line-limit-length\">Embebida<\/span><\/li>\n<li class=\"product-prop line-limit-length\"><span class=\"property-title\">Fun\u00e7\u00e3o de Prote\u00e7\u00e3o contra Curto-Circuito:\u00a0<\/span><span class=\"property-desc line-limit-length\">Ja<\/span><\/li>\n<li class=\"product-prop line-limit-length\"><span class=\"property-title\">Fun\u00e7\u00e3o de Prote\u00e7\u00e3o contra Sobreaquecimento:\u00a0<\/span><span class=\"property-desc line-limit-length\">Ja<\/span><\/li>\n<li class=\"product-prop line-limit-length\"><span class=\"property-title\">Fun\u00e7\u00e3o de alarme de baixa tens\u00e3o:\u00a0<\/span><span class=\"property-desc line-limit-length\">N\u00e3o<\/span><\/li>\n<li class=\"product-prop line-limit-length\"><span class=\"property-title\">Fun\u00e7\u00e3o de identifica\u00e7\u00e3o do vaporizador:\u00a0<\/span><span class=\"property-desc line-limit-length\">N\u00e3o<\/span><\/li>\n<li class=\"product-prop line-limit-length\"><span class=\"property-title\">Modos de configura\u00e7\u00e3o TCR:\u00a0<\/span><span class=\"property-desc line-limit-length\">N\u00e3o<\/span><\/li>\n<li class=\"product-prop line-limit-length\"><span class=\"property-title\">Capacidade nominal:\u00a0<\/span><span class=\"property-desc line-limit-length\">&lt;700 mAh<\/span><\/li>\n<li class=\"product-prop line-limit-length\"><span class=\"property-title\">Bateria compat\u00edvel: 18350\u00a0<\/span><span class=\"property-desc line-limit-length\">Pl\u00e1stico<\/span><\/li>\n<li class=\"product-prop line-limit-length\"><span class=\"property-title\">Modelo compat\u00edvel:\u00a0<\/span><span class=\"property-desc line-limit-length\">\u00d3leo espesso<\/span><\/li>\n<li class=\"product-prop line-limit-length\"><span class=\"property-title\">N\u00famero do modelo:\u00a0<\/span><span class=\"property-desc line-limit-length\">Vape descart\u00e1vel Runtz Runty X Litty<\/span><\/li>\n<li class=\"product-prop line-limit-length\"><span class=\"property-title\">Carregador USB:\u00a0<\/span><span class=\"property-desc line-limit-length\">Ja<\/span><\/li>\n<li class=\"product-prop line-limit-length\"><span class=\"property-title\">Atualiza\u00e7\u00e3o de firmware:\u00a0<\/span><span class=\"property-desc line-limit-length\">N\u00e3o<\/span><\/li>\n<li class=\"product-prop line-limit-length\"><span class=\"property-title\">Fun\u00e7\u00e3o de monitoriza\u00e7\u00e3o do n\u00famero de fumos: N\u00e3o\u00a0<\/span><span class=\"property-desc line-limit-length\">N\u00e3o<\/span><\/li>\n<li class=\"product-prop line-limit-length\"><span class=\"property-title\">Tipo:\u00a0<\/span><span class=\"property-desc line-limit-length\">descart\u00e1vel<\/span><\/li>\n<li class=\"product-prop line-limit-length\"><span class=\"property-title\">Nome da marca:\u00a0<\/span><span class=\"property-desc line-limit-length\">Capa de silicone: N\u00e3o<\/span><\/li>\n<li class=\"product-prop line-limit-length\"><span class=\"property-title\">Origem:\u00a0<\/span><span class=\"property-desc line-limit-length\">CN (Origem)<\/span><\/li>\n<li class=\"product-prop line-limit-length\"><span class=\"property-title\">Capacidade do Pod:\u00a0<\/span><span class=\"property-desc line-limit-length\">1ml<\/span><\/li>\n<li class=\"product-prop line-limit-length\"><span class=\"property-title\">Bateria:\u00a0<\/span><span class=\"property-desc line-limit-length\">Descri\u00e7\u00e3o:\\n\\nCapacidade de \u00f3leo: 2,0 ml\\nBateria: 280mAh\\nTamanho do orif\u00edcio de \u00f3leo: 2*1,8mm\\nBobina: bobina de cer\u00e2mica aprimorada\\nResist\u00eancia: 1,4 Ohm\\nRecheio: Recheio superior\\nBateria recarreg\u00e1vel na base\\n\\nEnviamos os pinos com pod vazio (n\u00e3o pr\u00e9-preenchido)\\nPor favor, note que o produto n\u00e3o vem embalado com caixa, etiquetas ou carregador\\n\\nVantagens:\\n\\n1. Vape pen recarreg\u00e1vel oferece pot\u00eancia suficiente para destilados grossos\\n2. Design para \u00f3leo grosso, oferece grandes nuvens e tiro suave\\n3. Design de veda\u00e7\u00e3o apertada sem vazamentos\\n4. Bobina de cer\u00e2mica aprimorada oferece sabor puro, sem queimar\\n5. Design compacto, port\u00e1til, f\u00e1cil de usar, com estilo moderno\\n6. Janela vis\u00edvel\\n7. Design de travamento por encaixe para f\u00e1cil tampagem\\n8. Sistema de pod fechado\\n9. Reabastecimento f\u00e1cil\\n10. Qualidade est\u00e1vel, desempenho est\u00e1vel, pre\u00e7o competitivo\\n11. Oferece servi\u00e7o OEM<\/span><\/li>\n<li class=\"product-prop line-limit-length\"><span class=\"property-title\">Bobina:\u00a0<\/span><span class=\"property-desc line-limit-length\">Cer\u00e2mica<\/span><\/li>\n<\/ul>\n<\/div>\n<div class=\"detailmodule_html\">\n<div class=\"detail-desc-decorate-richtext\">\n<div style=\"margin: 10px auto 0px auto; max-width: 100%;\">\n<div><\/div>\n<\/div>\n<div style=\"text-align: center;\" align=\"center\"><span id=\"tl_1\" style=\"font-size: 22px;\">Kit inicial de vaporizadores Runtz Runty X Litty, recarreg\u00e1vel, bateria de 280mAh, e-cigarettes vazias, 1ml para dispositivos de \u00f3leo grosso, c\u00e1psulas<\/span><\/div>\n<div><span style=\"font-size: 18px;\"><span style=\"font-size: 18px;\">Descri\u00e7\u00e3o do artigo<br \/>\nCapacidade 1. pods: 1,0 ml<br \/>\n2. Capacidade da bateria: 280mAh<br \/>\n3. pacote: cores enviadas aleatoriamente<\/span><\/span>Exibi\u00e7\u00e3o do artigo<\/p>\n<p><img decoding=\"async\" loading=\"lazy\" src=\"https:\/\/ae01.alicdn.com\/kf\/S6454b59bb908405db9aa661fefb51ad7g.jpg?width=800&amp;height=800&amp;hash=1600\" \/><br \/>\n<img decoding=\"async\" loading=\"lazy\" src=\"https:\/\/ae01.alicdn.com\/kf\/S33f3f17f44e24a04a39c7d20fc288ba2i.jpg?width=800&amp;height=800&amp;hash=1600\" \/><br \/>\n<img decoding=\"async\" loading=\"lazy\" src=\"https:\/\/ae01.alicdn.com\/kf\/Se8b627ae032a436cae03b5c645590a85v.jpg?width=800&amp;height=800&amp;hash=1600\" \/><br \/>\n<img decoding=\"async\" loading=\"lazy\" src=\"https:\/\/ae01.alicdn.com\/kf\/S1170daac7f664bf78a79b6a6ab0225c9D.jpg?width=800&amp;height=800&amp;hash=1600\" \/><br \/>\n<img decoding=\"async\" loading=\"lazy\" src=\"https:\/\/ae01.alicdn.com\/kf\/S1385621642184dcda03a9755d377d87c8.jpg?width=800&amp;height=800&amp;hash=1600\" \/><br \/>\n<img decoding=\"async\" loading=\"lazy\" src=\"https:\/\/ae01.alicdn.com\/kf\/S4590bfcd3c85432f8f224285d81c901fO.jpg?width=800&amp;height=800&amp;hash=1600\" \/><br \/>\n<img decoding=\"async\" loading=\"lazy\" src=\"https:\/\/ae01.alicdn.com\/kf\/S897cd9c9c2514b7c8c1110bb215c705dz.jpg?width=800&amp;height=800&amp;hash=1600\" \/><br \/>\n<img decoding=\"async\" loading=\"lazy\" src=\"https:\/\/ae01.alicdn.com\/kf\/Sb61c8950e8d84c93ad8788ea4971d762b.jpg?width=800&amp;height=800&amp;hash=1600\" \/><br \/>\n<img decoding=\"async\" loading=\"lazy\" src=\"https:\/\/ae01.alicdn.com\/kf\/Sbe22b2a9c31b43a0b55e75e3a316564f5.jpg?width=800&amp;height=800&amp;hash=1600\" \/><\/div>\n<\/div>\n<\/div>","protected":false},"excerpt":{"rendered":"<p>&nbsp; Aussehen:\u00a0Box Form Kompatibler Akku:\u00a018350 \u00dcberwachung Funktion Von Rauchen Anzahl:\u00a0Nein Silikon Fall:\u00a0Nein Temperaturregelung:\u00a0Nein Eingebaute Oder Externe Batterie:\u00a0Eingebaute Kurzschlussschutz Funktion:\u00a0Ja \u00dcberhitzungsschutz-funktion:\u00a0Ja Niederspannungsalarmfunktion:\u00a0Nein Zerst\u00e4uber Identifikation Funktion:\u00a0Nein TCR Einstellung Modi:\u00a0Nein Nominale Kapazit\u00e4t:\u00a0&lt;700 mAh Material:\u00a0Plastik Compatible Model:\u00a0Thick oil Modellnummer:\u00a0Runtz Runty X Litty Disposable Vape Usb-ladeger\u00e4t:\u00a0Ja Firmware-upgrade:\u00a0Nein Display:\u00a0Nein Art:\u00a0disposable Markenname:\u00a0SUB TWO Ursprung:\u00a0CN (Herkunft) Pod Capacity:\u00a01ml Battery:\u00a0280mah Coil:\u00a0Ceramic Runtz runty x [&hellip;]<\/p>","protected":false},"featured_media":7121,"template":"","meta":{"inline_featured_image":false},"product_cat":[752,756,739,743,76,79,81],"product_tag":[],"tiered_pricing_type":"fixed","tiered_pricing_fixed_rules":[],"tiered_pricing_percentage_rules":[],"tiered_pricing_minimum":1,"_administrator_tiered_pricing_type":"fixed","_administrator_tiered_pricing_fixed_rules":[],"_editor_tiered_pricing_type":"fixed","_editor_tiered_pricing_fixed_rules":[],"_author_tiered_pricing_type":"fixed","_author_tiered_pricing_fixed_rules":[],"_contributor_tiered_pricing_type":"fixed","_contributor_tiered_pricing_fixed_rules":[],"_subscriber_tiered_pricing_type":"fixed","_subscriber_tiered_pricing_fixed_rules":[],"_customer_tiered_pricing_type":"fixed","_customer_tiered_pricing_fixed_rules":[],"_shop_manager_tiered_pricing_type":"fixed","_shop_manager_tiered_pricing_fixed_rules":[],"_wpseo_manager_tiered_pricing_type":"fixed","_wpseo_manager_tiered_pricing_fixed_rules":[],"_wpseo_editor_tiered_pricing_type":"fixed","_wpseo_editor_tiered_pricing_fixed_rules":[],"_wholesale_customer_tiered_pricing_type":"fixed","_wholesale_customer_tiered_pricing_fixed_rules":[],"_marketer_tiered_pricing_type":"fixed","_marketer_tiered_pricing_fixed_rules":[],"_sales_manager_tiered_pricing_type":"fixed","_sales_manager_tiered_pricing_fixed_rules":[],"_sales_rep_tiered_pricing_type":"fixed","_sales_rep_tiered_pricing_fixed_rules":[],"yoast_head":"<!-- This site is optimized with the Yoast SEO plugin v23.3 - https:\/\/yoast.com\/wordpress\/plugins\/seo\/ -->\n<title>Runtz runty x litty vape pens starter kit wiederauf ladbare | ElementVape.de<\/title>\n<meta name=\"description\" content=\"Wir bieten Runtz runty x litty vape pens starter kit wiederauf ladbare , Elementvape.de akzeptieren Gro\u00df-und Einzelhandel Bestellungen.\" \/>\n<meta name=\"robots\" content=\"index, follow, max-snippet:-1, max-image-preview:large, max-video-preview:-1\" \/>\n<link rel=\"canonical\" href=\"https:\/\/www.elementvape.de\/pt\/produkt\/runtz-runty-x-litty-vape-pens-starter-kit-wiederauf-ladbare\/\" \/>\n<meta property=\"og:locale\" content=\"pt_PT\" \/>\n<meta property=\"og:type\" content=\"article\" \/>\n<meta property=\"og:title\" content=\"Runtz runty x litty vape pens starter kit wiederauf ladbare | ElementVape.de\" \/>\n<meta property=\"og:description\" content=\"Wir bieten Runtz runty x litty vape pens starter kit wiederauf ladbare , Elementvape.de akzeptieren Gro\u00df-und Einzelhandel Bestellungen.\" \/>\n<meta property=\"og:url\" content=\"https:\/\/www.elementvape.de\/pt\/produkt\/runtz-runty-x-litty-vape-pens-starter-kit-wiederauf-ladbare\/\" \/>\n<meta property=\"og:site_name\" content=\"ElementVape.de\" \/>\n<meta property=\"article:modified_time\" content=\"2024-12-12T06:37:12+00:00\" \/>\n<meta property=\"og:image\" content=\"https:\/\/ae01.alicdn.com\/kf\/S9efd10326af24ed1a37f8f6366905e14C\/Runtz-runty-x-litty-vape-pens-starter-kit-wiederauf-ladbare-280mah-batterie-e-zigaretten-leere-kapseln.jpg\" \/>\n\t<meta property=\"og:image:width\" content=\"800\" \/>\n\t<meta property=\"og:image:height\" content=\"800\" \/>\n\t<meta property=\"og:image:type\" content=\"image\/jpeg\" \/>\n<meta name=\"twitter:card\" content=\"summary_large_image\" \/>\n<meta name=\"twitter:label1\" content=\"Est. reading time\" \/>\n\t<meta name=\"twitter:data1\" content=\"3 minutos\" \/>\n<script type=\"application\/ld+json\" class=\"yoast-schema-graph\">{\"@context\":\"https:\/\/schema.org\",\"@graph\":[{\"@type\":\"WebPage\",\"@id\":\"https:\/\/www.elementvape.de\/produkt\/runtz-runty-x-litty-vape-pens-starter-kit-wiederauf-ladbare\/\",\"url\":\"https:\/\/www.elementvape.de\/produkt\/runtz-runty-x-litty-vape-pens-starter-kit-wiederauf-ladbare\/\",\"name\":\"Runtz runty x litty vape pens starter kit wiederauf ladbare | ElementVape.de\",\"isPartOf\":{\"@id\":\"https:\/\/www.elementvape.de\/#website\"},\"primaryImageOfPage\":{\"@id\":\"https:\/\/www.elementvape.de\/produkt\/runtz-runty-x-litty-vape-pens-starter-kit-wiederauf-ladbare\/#primaryimage\"},\"image\":{\"@id\":\"https:\/\/www.elementvape.de\/produkt\/runtz-runty-x-litty-vape-pens-starter-kit-wiederauf-ladbare\/#primaryimage\"},\"thumbnailUrl\":\"https:\/\/ae01.alicdn.com\/kf\/S9efd10326af24ed1a37f8f6366905e14C\/Runtz-runty-x-litty-vape-pens-starter-kit-wiederauf-ladbare-280mah-batterie-e-zigaretten-leere-kapseln.jpg\",\"datePublished\":\"2024-04-20T06:24:09+00:00\",\"dateModified\":\"2024-12-12T06:37:12+00:00\",\"description\":\"Wir bieten Runtz runty x litty vape pens starter kit wiederauf ladbare , Elementvape.de akzeptieren Gro\u00df-und Einzelhandel Bestellungen.\",\"breadcrumb\":{\"@id\":\"https:\/\/www.elementvape.de\/produkt\/runtz-runty-x-litty-vape-pens-starter-kit-wiederauf-ladbare\/#breadcrumb\"},\"inLanguage\":\"pt-PT\",\"potentialAction\":[{\"@type\":\"ReadAction\",\"target\":[\"https:\/\/www.elementvape.de\/produkt\/runtz-runty-x-litty-vape-pens-starter-kit-wiederauf-ladbare\/\"]}]},{\"@type\":\"ImageObject\",\"inLanguage\":\"pt-PT\",\"@id\":\"https:\/\/www.elementvape.de\/produkt\/runtz-runty-x-litty-vape-pens-starter-kit-wiederauf-ladbare\/#primaryimage\",\"url\":\"https:\/\/ae01.alicdn.com\/kf\/S9efd10326af24ed1a37f8f6366905e14C\/Runtz-runty-x-litty-vape-pens-starter-kit-wiederauf-ladbare-280mah-batterie-e-zigaretten-leere-kapseln.jpg\",\"contentUrl\":\"https:\/\/ae01.alicdn.com\/kf\/S9efd10326af24ed1a37f8f6366905e14C\/Runtz-runty-x-litty-vape-pens-starter-kit-wiederauf-ladbare-280mah-batterie-e-zigaretten-leere-kapseln.jpg\",\"width\":800,\"height\":800},{\"@type\":\"BreadcrumbList\",\"@id\":\"https:\/\/www.elementvape.de\/produkt\/runtz-runty-x-litty-vape-pens-starter-kit-wiederauf-ladbare\/#breadcrumb\",\"itemListElement\":[{\"@type\":\"ListItem\",\"position\":1,\"name\":\"Home\",\"item\":\"https:\/\/www.elementvape.de\/\"},{\"@type\":\"ListItem\",\"position\":2,\"name\":\"Shop\",\"item\":\"https:\/\/www.elementvape.de\/shop\/\"},{\"@type\":\"ListItem\",\"position\":3,\"name\":\"Runtz runty x litty vape pens starter kit wiederauf ladbare\"}]},{\"@type\":\"WebSite\",\"@id\":\"https:\/\/www.elementvape.de\/#website\",\"url\":\"https:\/\/www.elementvape.de\/\",\"name\":\"ElementVape.de\",\"description\":\"\",\"publisher\":{\"@id\":\"https:\/\/www.elementvape.de\/#organization\"},\"potentialAction\":[{\"@type\":\"SearchAction\",\"target\":{\"@type\":\"EntryPoint\",\"urlTemplate\":\"https:\/\/www.elementvape.de\/?s={search_term_string}\"},\"query-input\":\"required name=search_term_string\"}],\"inLanguage\":\"pt-PT\"},{\"@type\":\"Organization\",\"@id\":\"https:\/\/www.elementvape.de\/#organization\",\"name\":\"ElementVape.DE\",\"url\":\"https:\/\/www.elementvape.de\/\",\"logo\":{\"@type\":\"ImageObject\",\"inLanguage\":\"pt-PT\",\"@id\":\"https:\/\/www.elementvape.de\/#\/schema\/logo\/image\/\",\"url\":\"https:\/\/www.elementvape.de\/wp-content\/uploads\/2024\/09\/cropped-1elementvape-3.png\",\"contentUrl\":\"https:\/\/www.elementvape.de\/wp-content\/uploads\/2024\/09\/cropped-1elementvape-3.png\",\"width\":285,\"height\":228,\"caption\":\"ElementVape.DE\"},\"image\":{\"@id\":\"https:\/\/www.elementvape.de\/#\/schema\/logo\/image\/\"}}]}<\/script>\n<!-- \/ Yoast SEO plugin. -->","yoast_head_json":{"title":"Runtz runty x litty vape pens starter kit wiederauf ladbare | ElementVape.de","description":"Wir bieten Runtz runty x litty vape pens starter kit wiederauf ladbare , Elementvape.de akzeptieren Gro\u00df-und Einzelhandel Bestellungen.","robots":{"index":"index","follow":"follow","max-snippet":"max-snippet:-1","max-image-preview":"max-image-preview:large","max-video-preview":"max-video-preview:-1"},"canonical":"https:\/\/www.elementvape.de\/pt\/produkt\/runtz-runty-x-litty-vape-pens-starter-kit-wiederauf-ladbare\/","og_locale":"pt_PT","og_type":"article","og_title":"Runtz runty x litty vape pens starter kit wiederauf ladbare | ElementVape.de","og_description":"Wir bieten Runtz runty x litty vape pens starter kit wiederauf ladbare , Elementvape.de akzeptieren Gro\u00df-und Einzelhandel Bestellungen.","og_url":"https:\/\/www.elementvape.de\/pt\/produkt\/runtz-runty-x-litty-vape-pens-starter-kit-wiederauf-ladbare\/","og_site_name":"ElementVape.de","article_modified_time":"2024-12-12T06:37:12+00:00","og_image":[{"width":800,"height":800,"url":"https:\/\/ae01.alicdn.com\/kf\/S9efd10326af24ed1a37f8f6366905e14C\/Runtz-runty-x-litty-vape-pens-starter-kit-wiederauf-ladbare-280mah-batterie-e-zigaretten-leere-kapseln.jpg","type":"image\/jpeg"}],"twitter_card":"summary_large_image","twitter_misc":{"Est. reading time":"3 minutos"},"schema":{"@context":"https:\/\/schema.org","@graph":[{"@type":"WebPage","@id":"https:\/\/www.elementvape.de\/produkt\/runtz-runty-x-litty-vape-pens-starter-kit-wiederauf-ladbare\/","url":"https:\/\/www.elementvape.de\/produkt\/runtz-runty-x-litty-vape-pens-starter-kit-wiederauf-ladbare\/","name":"Runtz runty x litty vape pens starter kit wiederauf ladbare | ElementVape.de","isPartOf":{"@id":"https:\/\/www.elementvape.de\/#website"},"primaryImageOfPage":{"@id":"https:\/\/www.elementvape.de\/produkt\/runtz-runty-x-litty-vape-pens-starter-kit-wiederauf-ladbare\/#primaryimage"},"image":{"@id":"https:\/\/www.elementvape.de\/produkt\/runtz-runty-x-litty-vape-pens-starter-kit-wiederauf-ladbare\/#primaryimage"},"thumbnailUrl":"https:\/\/ae01.alicdn.com\/kf\/S9efd10326af24ed1a37f8f6366905e14C\/Runtz-runty-x-litty-vape-pens-starter-kit-wiederauf-ladbare-280mah-batterie-e-zigaretten-leere-kapseln.jpg","datePublished":"2024-04-20T06:24:09+00:00","dateModified":"2024-12-12T06:37:12+00:00","description":"Wir bieten Runtz runty x litty vape pens starter kit wiederauf ladbare , Elementvape.de akzeptieren Gro\u00df-und Einzelhandel Bestellungen.","breadcrumb":{"@id":"https:\/\/www.elementvape.de\/produkt\/runtz-runty-x-litty-vape-pens-starter-kit-wiederauf-ladbare\/#breadcrumb"},"inLanguage":"pt-PT","potentialAction":[{"@type":"ReadAction","target":["https:\/\/www.elementvape.de\/produkt\/runtz-runty-x-litty-vape-pens-starter-kit-wiederauf-ladbare\/"]}]},{"@type":"ImageObject","inLanguage":"pt-PT","@id":"https:\/\/www.elementvape.de\/produkt\/runtz-runty-x-litty-vape-pens-starter-kit-wiederauf-ladbare\/#primaryimage","url":"https:\/\/ae01.alicdn.com\/kf\/S9efd10326af24ed1a37f8f6366905e14C\/Runtz-runty-x-litty-vape-pens-starter-kit-wiederauf-ladbare-280mah-batterie-e-zigaretten-leere-kapseln.jpg","contentUrl":"https:\/\/ae01.alicdn.com\/kf\/S9efd10326af24ed1a37f8f6366905e14C\/Runtz-runty-x-litty-vape-pens-starter-kit-wiederauf-ladbare-280mah-batterie-e-zigaretten-leere-kapseln.jpg","width":800,"height":800},{"@type":"BreadcrumbList","@id":"https:\/\/www.elementvape.de\/produkt\/runtz-runty-x-litty-vape-pens-starter-kit-wiederauf-ladbare\/#breadcrumb","itemListElement":[{"@type":"ListItem","position":1,"name":"Home","item":"https:\/\/www.elementvape.de\/"},{"@type":"ListItem","position":2,"name":"Shop","item":"https:\/\/www.elementvape.de\/shop\/"},{"@type":"ListItem","position":3,"name":"Runtz runty x litty vape pens starter kit wiederauf ladbare"}]},{"@type":"WebSite","@id":"https:\/\/www.elementvape.de\/#website","url":"https:\/\/www.elementvape.de\/","name":"ElementVape.de","description":"","publisher":{"@id":"https:\/\/www.elementvape.de\/#organization"},"potentialAction":[{"@type":"SearchAction","target":{"@type":"EntryPoint","urlTemplate":"https:\/\/www.elementvape.de\/?s={search_term_string}"},"query-input":"required name=search_term_string"}],"inLanguage":"pt-PT"},{"@type":"Organization","@id":"https:\/\/www.elementvape.de\/#organization","name":"ElementVape.DE","url":"https:\/\/www.elementvape.de\/","logo":{"@type":"ImageObject","inLanguage":"pt-PT","@id":"https:\/\/www.elementvape.de\/#\/schema\/logo\/image\/","url":"https:\/\/www.elementvape.de\/wp-content\/uploads\/2024\/09\/cropped-1elementvape-3.png","contentUrl":"https:\/\/www.elementvape.de\/wp-content\/uploads\/2024\/09\/cropped-1elementvape-3.png","width":285,"height":228,"caption":"ElementVape.DE"},"image":{"@id":"https:\/\/www.elementvape.de\/#\/schema\/logo\/image\/"}}]}},"_links":{"self":[{"href":"https:\/\/www.elementvape.de\/pt\/wp-json\/wp\/v2\/product\/7120"}],"collection":[{"href":"https:\/\/www.elementvape.de\/pt\/wp-json\/wp\/v2\/product"}],"about":[{"href":"https:\/\/www.elementvape.de\/pt\/wp-json\/wp\/v2\/types\/product"}],"wp:featuredmedia":[{"embeddable":true,"href":"https:\/\/www.elementvape.de\/pt\/wp-json\/wp\/v2\/media\/7121"}],"wp:attachment":[{"href":"https:\/\/www.elementvape.de\/pt\/wp-json\/wp\/v2\/media?parent=7120"}],"wp:term":[{"taxonomy":"product_cat","embeddable":true,"href":"https:\/\/www.elementvape.de\/pt\/wp-json\/wp\/v2\/product_cat?post=7120"},{"taxonomy":"product_tag","embeddable":true,"href":"https:\/\/www.elementvape.de\/pt\/wp-json\/wp\/v2\/product_tag?post=7120"}],"curies":[{"name":"wp","href":"https:\/\/api.w.org\/{rel}","templated":true}]}}