{"id":7087,"date":"2024-04-20T06:21:06","date_gmt":"2024-04-20T06:21:06","guid":{"rendered":"https:\/\/www.elementvape.de\/?post_type=product&#038;p=7087"},"modified":"2024-09-12T10:34:04","modified_gmt":"2024-09-12T10:34:04","slug":"geekvape-sonder-q-pod-system-kit-e-zigarette-vape-pen","status":"publish","type":"product","link":"https:\/\/www.elementvape.de\/pt\/produkt\/geekvape-sonder-q-pod-system-kit-e-zigarette-vape-pen\/","title":{"rendered":"kit de sistema de pod especial geekvape Q, cigarro eletr\u00f4nico, caneta vape"},"content":{"rendered":"<p>&nbsp;<\/p>\n<div class=\"product-specs-list-container\">\n<ul class=\"product-specs-list util-clearfix\">\n<li class=\"product-prop line-limit-length\"><span class=\"property-title\">Fun\u00e7\u00e3o de Monitoriza\u00e7\u00e3o do N\u00famero de Fuma\u00e7as:\u00a0<\/span><span class=\"property-desc line-limit-length\">N\u00e3o<\/span><\/li>\n<li class=\"product-prop line-limit-length\"><span class=\"property-title\">Estojo de Silicone:\u00a0<\/span><span class=\"property-desc line-limit-length\">N\u00e3o<\/span><\/li>\n<li class=\"product-prop line-limit-length\"><span class=\"property-title\">Regula\u00e7\u00e3o de Temperatura:\u00a0<\/span><span class=\"property-desc line-limit-length\">Ja<\/span><\/li>\n<li class=\"product-prop line-limit-length\"><span class=\"property-title\">Bateria Embutida ou Externa:\u00a0<\/span><span class=\"property-desc line-limit-length\">Embebida<\/span><\/li>\n<li class=\"product-prop line-limit-length\"><span class=\"property-title\">Fun\u00e7\u00e3o de Prote\u00e7\u00e3o contra Curto-Circuito:\u00a0<\/span><span class=\"property-desc line-limit-length\">Ja<\/span><\/li>\n<li class=\"product-prop line-limit-length\"><span class=\"property-title\">Fun\u00e7\u00e3o de Prote\u00e7\u00e3o contra Sobreaquecimento:\u00a0<\/span><span class=\"property-desc line-limit-length\">Ja<\/span><\/li>\n<li class=\"product-prop line-limit-length\"><span class=\"property-title\">Fun\u00e7\u00e3o de alarme de baixa tens\u00e3o:\u00a0<\/span><span class=\"property-desc line-limit-length\">Ja<\/span><\/li>\n<li class=\"product-prop line-limit-length\"><span class=\"property-title\">Fun\u00e7\u00e3o de identifica\u00e7\u00e3o do vaporizador:\u00a0<\/span><span class=\"property-desc line-limit-length\">Ja<\/span><\/li>\n<li class=\"product-prop line-limit-length\"><span class=\"property-title\">Modos de configura\u00e7\u00e3o TCR:\u00a0<\/span><span class=\"property-desc line-limit-length\">Ja<\/span><\/li>\n<li class=\"product-prop line-limit-length\"><span class=\"property-title\">Capacidade nominal:\u00a0<\/span><span class=\"property-desc line-limit-length\">1000mAh<\/span><\/li>\n<li class=\"product-prop line-limit-length\"><span class=\"property-title\">Modelo compat\u00edvel:\u00a0<\/span><span class=\"property-desc line-limit-length\">Caixa de cigarro eletr\u00f4nico Mod Vape<\/span><\/li>\n<li class=\"product-prop line-limit-length\"><span class=\"property-title\">N\u00famero do modelo:\u00a0<\/span><span class=\"property-desc line-limit-length\">Kit do Sistema de Pod Sonder Q da GeekVape<\/span><\/li>\n<li class=\"product-prop line-limit-length\"><span class=\"property-title\">Carregador USB:\u00a0<\/span><span class=\"property-desc line-limit-length\">Ja<\/span><\/li>\n<li class=\"product-prop line-limit-length\"><span class=\"property-title\">Atualiza\u00e7\u00e3o de firmware:\u00a0<\/span><span class=\"property-desc line-limit-length\">N\u00e3o<\/span><\/li>\n<li class=\"product-prop line-limit-length\"><span class=\"property-title\">Fun\u00e7\u00e3o de monitoriza\u00e7\u00e3o do n\u00famero de fumos: N\u00e3o\u00a0<\/span><span class=\"property-desc line-limit-length\">N\u00e3o<\/span><\/li>\n<li class=\"product-prop line-limit-length\"><span class=\"property-title\">Tipo:\u00a0<\/span><span class=\"property-desc line-limit-length\">Modo El\u00e9ctrico<\/span><\/li>\n<li class=\"product-prop line-limit-length\"><span class=\"property-title\">Nome da marca:\u00a0<\/span><span class=\"property-desc line-limit-length\">GEEKVAPE<\/span><\/li>\n<li class=\"product-prop line-limit-length\"><span class=\"property-title\">Origem:\u00a0<\/span><span class=\"property-desc line-limit-length\">CN (Origem)<\/span><\/li>\n<\/ul>\n<\/div>\n<div class=\"detailmodule_html\">\n<div class=\"detail-desc-decorate-richtext\">\n<div class=\"detailmodule_dynamic\"><\/div>\n<div><\/div>\n<div><span id=\"tl_1\" style=\"font-size: 22px; font-family: arial, helvetica, sans-serif;\">Kit do sistema de pod Sonder Q original da geekvape, bateria de 1000mAh, 2ml, enchimento superior, vaporizador, cigarro eletr\u00f4nico, MTL, RDTL, vape pen<\/span><\/div>\n<div><\/div>\n<p><span id=\"tl_2\" style=\"font-size: 18px; font-family: arial, helvetica, sans-serif;\">Descri\u00e7\u00e3o:<\/span><\/p>\n<p><span id=\"tl_3\" style=\"font-size: 18px; font-family: arial, helvetica, sans-serif;\">O kit Sonder Q funciona com uma bateria embutida de 1000mAh com carregamento Tipo-C. Oferece autonomia de 2 dias e permite um sabor consistente e um desempenho est\u00e1vel de at\u00e9 20W. Projetado com luz de respira\u00e7\u00e3o de 3 cores, pode mostrar o estado de carga diferente. Equipado com um controlador de fluxo de ar lateral, pode ajustar cada puxada de forma precisa e sutil, de leve a denso. Apoiado pela tecnologia VPU, caracteriza-se por um sabor mais suave, maior durabilidade e vaporiza\u00e7\u00e3o mais segura. \u00c9 compat\u00edvel com a c\u00e1psula GeekVape Q (2ml, enchimento superior) para proporcionar experi\u00eancias de vaping MTL e RDTL. Basta adquiri-lo.<\/span><\/p>\n<p><span id=\"tl_4\" style=\"font-size: 18px; font-family: arial, helvetica, sans-serif;\">Par\u00e2metros:<\/span><\/p>\n<p><span id=\"tl_5\" style=\"font-size: 18px; font-family: arial, helvetica, sans-serif;\">Marca: geekvape<\/span><\/p>\n<p><span id=\"tl_6\" style=\"font-size: 18px; font-family: arial, helvetica, sans-serif;\">Nome do produto: kit do sistema de pod Sonder Q<\/span><\/p>\n<p><span id=\"tl_7\" style=\"font-size: 18px; font-family: arial, helvetica, sans-serif;\">Capacidade da bateria: bateria embutida de 1000mAh<\/span><\/p>\n<p><span id=\"tl_8\" style=\"font-size: 18px; font-family: arial, helvetica, sans-serif;\">Pot\u00eancia de sa\u00edda: 5-20w<\/span><\/p>\n<p><span id=\"tl_9\" style=\"font-size: 18px; font-family: arial, helvetica, sans-serif;\">Conex\u00e3o de carregamento: Tipo-c<\/span><\/p>\n<p><span id=\"tl_10\" style=\"font-size: 18px; font-family: arial, helvetica, sans-serif;\">Luz de respira\u00e7\u00e3o: 3 cores (verde\/azul\/vermelho)<\/span><\/p>\n<p><span id=\"tl_11\" style=\"font-size: 18px; font-family: arial, helvetica, sans-serif;\">Instru\u00e7\u00f5es para o estado da bateria: luz vermelha (30%)<\/span><\/p>\n<p><span id=\"tl_12\" style=\"font-size: 18px; font-family: arial, helvetica, sans-serif;\">Temperatura de funcionamento: -20 ~ 60\u00b0C<\/span><\/p>\n<p><span id=\"tl_13\" style=\"font-size: 18px; font-family: arial, helvetica, sans-serif;\">Capacidade: 2ml<\/span><\/p>\n<p><span id=\"tl_14\" style=\"font-size: 18px; font-family: arial, helvetica, sans-serif;\">Enchimento: Enchimento superior<\/span><\/p>\n<p><span id=\"tl_15\" style=\"font-size: 18px; font-family: arial, helvetica, sans-serif;\">Fluxo de ar: interruptor de fluxo de ar lateral<\/span><\/p>\n<p><span id=\"tl_16\" style=\"font-size: 18px; font-family: arial, helvetica, sans-serif;\">Compat\u00edvel com: c\u00e1psula GeekVape Q<\/span><\/p>\n<p><span id=\"tl_17\" style=\"font-size: 18px; font-family: arial, helvetica, sans-serif;\">Cores: preto, cinza, branco, verde, vermelho, azul c\u00e9u, vermelho azul, violeta lil\u00e1s, rosa, verde lil\u00e1s<\/span><\/p>\n<p><span id=\"tl_18\" style=\"font-size: 18px; font-family: arial, helvetica, sans-serif;\">Detalhes:<\/span><\/p>\n<p><span id=\"tl_19\" style=\"font-size: 18px; font-family: arial, helvetica, sans-serif;\">1. Suave e leve, compacto e port\u00e1til<\/span><\/p>\n<p><span id=\"tl_20\" style=\"font-size: 18px; font-family: arial, helvetica, sans-serif;\">2. Alimentado por bateria embutida de 1000mAh<\/span><\/p>\n<p><span id=\"tl_21\" style=\"font-size: 18px; font-family: arial, helvetica, sans-serif;\">3. Oferece autonomia para uso de 2 dias<\/span><\/p>\n<p><span id=\"tl_22\" style=\"font-size: 18px; font-family: arial, helvetica, sans-serif;\">4. Sa\u00edda est\u00e1vel de at\u00e9 20w<\/span><\/p>\n<p><span id=\"tl_23\" style=\"font-size: 18px; font-family: arial, helvetica, sans-serif;\">5. Design de puxada autom\u00e1tica<\/span><\/p>\n<p><span id=\"tl_24\" style=\"font-size: 18px; font-family: arial, helvetica, sans-serif;\">6. Luz de respira\u00e7\u00e3o de 3 cores<\/span><\/p>\n<p><span id=\"tl_25\" style=\"font-size: 18px; font-family: arial, helvetica, sans-serif;\">7. vpu tech para um sabor mais suave<\/span><\/p>\n<p><span id=\"tl_26\" style=\"font-size: 18px; font-family: arial, helvetica, sans-serif;\">8. desenhado com interruptor de fluxo de ar lateral<\/span><\/p>\n<p><span id=\"tl_27\" style=\"font-size: 18px; font-family: arial, helvetica, sans-serif;\">9. compat\u00edvel com cartucho geekvape q<\/span><\/p>\n<p><span id=\"tl_28\" style=\"font-size: 18px; font-family: arial, helvetica, sans-serif;\">10. experi\u00eancia de vaping MTL e RDTL<\/span><\/p>\n<p><span id=\"tl_29\" style=\"font-size: 18px; font-family: arial, helvetica, sans-serif;\">11. capacidade de 2ml, enchimento superior f\u00e1cil<\/span><\/p>\n<p><span id=\"tl_30\" style=\"font-size: 18px; font-family: arial, helvetica, sans-serif;\">12. Horas extras\/curto-circuito\/prote\u00e7\u00e3o de bateria baixa<\/span><\/p>\n<p><span id=\"tl_31\" style=\"font-size: 18px; font-family: arial, helvetica, sans-serif;\">O pacote do kit geekvape sonder q vape vem com:<\/span><\/p>\n<p><span id=\"tl_32\" style=\"font-size: 18px; font-family: arial, helvetica, sans-serif;\">1 * dispositivo geekvape sonder q<\/span><\/p>\n<p><span id=\"tl_33\" style=\"font-size: 18px; font-family: arial, helvetica, sans-serif;\">1 * cartucho geekvape sonder q (2ml, pr\u00e9-instalado: 0.8\u03a9 12-18w)<\/span><\/p>\n<p>&nbsp;<\/p>\n<p><img decoding=\"async\" loading=\"lazy\" src=\"https:\/\/ae01.alicdn.com\/kf\/S08031a884bea4004962baa9ba060c6ba1.jpg\" \/><img decoding=\"async\" loading=\"lazy\" src=\"https:\/\/ae01.alicdn.com\/kf\/S9e6992e1992e4167b20e4658cc236648O.jpg\" \/><img decoding=\"async\" loading=\"lazy\" src=\"https:\/\/ae01.alicdn.com\/kf\/Se66af584337447e6a8590a758f2b46faf.jpg\" \/><img decoding=\"async\" loading=\"lazy\" src=\"https:\/\/ae01.alicdn.com\/kf\/Sb6aabe55b7b54305a2ab5f83e1169bc3s.jpg\" \/><img decoding=\"async\" loading=\"lazy\" src=\"https:\/\/ae01.alicdn.com\/kf\/Sf8957539cce543bcbb26a2dfa6ff00aaa.jpg\" \/><img decoding=\"async\" loading=\"lazy\" src=\"https:\/\/ae01.alicdn.com\/kf\/Se2de48972dbf462296aed6f07d1be1afN.jpg\" \/><img decoding=\"async\" loading=\"lazy\" src=\"https:\/\/ae01.alicdn.com\/kf\/S91658c00864d4499a43d85fab16bc206F.jpg\" \/><img decoding=\"async\" loading=\"lazy\" src=\"https:\/\/ae01.alicdn.com\/kf\/Sbcbaeeffd41c4320ac6835d3cc6c87558.jpg\" \/><img decoding=\"async\" loading=\"lazy\" src=\"https:\/\/ae01.alicdn.com\/kf\/S0a849a4c2402496692461fafd995c4ba2.jpg\" \/><\/p>\n<\/div>\n<\/div>","protected":false},"excerpt":{"rendered":"<p>&nbsp; \u00dcberwachung Funktion Von Rauchen Anzahl:\u00a0Nein Silikon Fall:\u00a0Nein Temperaturregelung:\u00a0Ja Eingebaute Oder Externe Batterie:\u00a0Eingebaute Kurzschlussschutz Funktion:\u00a0Ja \u00dcberhitzungsschutz-funktion:\u00a0Ja Niederspannungsalarmfunktion:\u00a0Ja Zerst\u00e4uber Identifikation Funktion:\u00a0Ja TCR Einstellung Modi:\u00a0Ja Nominale Kapazit\u00e4t:\u00a01000mAh Compatible Model:\u00a0Electronic Cigarette Box Mod Vape Modellnummer:\u00a0GeekVape Sonder Q Pod System Kit Usb-ladeger\u00e4t:\u00a0Ja Firmware-upgrade:\u00a0Nein Display:\u00a0Nein Art:\u00a0Elektrische Mod Markenname:\u00a0GEEKVAPE Ursprung:\u00a0CN (Herkunft) Original geekvape sonder q pod system kit 1000mah batterie 2ml [&hellip;]<\/p>","protected":false},"featured_media":7088,"template":"","meta":{"inline_featured_image":false},"product_cat":[752,756,739,743,79],"product_tag":[],"tiered_pricing_type":"fixed","tiered_pricing_fixed_rules":[],"tiered_pricing_percentage_rules":[],"tiered_pricing_minimum":1,"_administrator_tiered_pricing_type":"fixed","_administrator_tiered_pricing_fixed_rules":[],"_editor_tiered_pricing_type":"fixed","_editor_tiered_pricing_fixed_rules":[],"_author_tiered_pricing_type":"fixed","_author_tiered_pricing_fixed_rules":[],"_contributor_tiered_pricing_type":"fixed","_contributor_tiered_pricing_fixed_rules":[],"_subscriber_tiered_pricing_type":"fixed","_subscriber_tiered_pricing_fixed_rules":[],"_customer_tiered_pricing_type":"fixed","_customer_tiered_pricing_fixed_rules":[],"_shop_manager_tiered_pricing_type":"fixed","_shop_manager_tiered_pricing_fixed_rules":[],"_wpseo_manager_tiered_pricing_type":"fixed","_wpseo_manager_tiered_pricing_fixed_rules":[],"_wpseo_editor_tiered_pricing_type":"fixed","_wpseo_editor_tiered_pricing_fixed_rules":[],"_wholesale_customer_tiered_pricing_type":"fixed","_wholesale_customer_tiered_pricing_fixed_rules":[],"_marketer_tiered_pricing_type":"fixed","_marketer_tiered_pricing_fixed_rules":[],"_sales_manager_tiered_pricing_type":"fixed","_sales_manager_tiered_pricing_fixed_rules":[],"_sales_rep_tiered_pricing_type":"fixed","_sales_rep_tiered_pricing_fixed_rules":[],"yoast_head":"<!-- This site is optimized with the Yoast SEO plugin v23.3 - https:\/\/yoast.com\/wordpress\/plugins\/seo\/ -->\n<title>geekvape sonder q pod system kit E-Zigarette vape pen | ElementVape.de<\/title>\n<meta name=\"description\" content=\"Wir bieten geekvape sonder q pod system kit E-Zigarette vape pen , Elementvape.de akzeptieren Gro\u00df-und Einzelhandel Bestellungen.\" \/>\n<meta name=\"robots\" content=\"index, follow, max-snippet:-1, max-image-preview:large, max-video-preview:-1\" \/>\n<link rel=\"canonical\" href=\"https:\/\/www.elementvape.de\/pt\/produkt\/geekvape-sonder-q-pod-system-kit-e-zigarette-vape-pen\/\" \/>\n<meta property=\"og:locale\" content=\"pt_PT\" \/>\n<meta property=\"og:type\" content=\"article\" \/>\n<meta property=\"og:title\" content=\"geekvape sonder q pod system kit E-Zigarette vape pen | ElementVape.de\" \/>\n<meta property=\"og:description\" content=\"Wir bieten geekvape sonder q pod system kit E-Zigarette vape pen , Elementvape.de akzeptieren Gro\u00df-und Einzelhandel Bestellungen.\" \/>\n<meta property=\"og:url\" content=\"https:\/\/www.elementvape.de\/pt\/produkt\/geekvape-sonder-q-pod-system-kit-e-zigarette-vape-pen\/\" \/>\n<meta property=\"og:site_name\" content=\"ElementVape.de\" \/>\n<meta property=\"article:modified_time\" content=\"2024-09-12T10:34:04+00:00\" \/>\n<meta property=\"og:image\" content=\"https:\/\/ae01.alicdn.com\/kf\/Sf17de04f71e94315901c9fd4e4824c53Q\/Original-geekvape-sonder-q-pod-system-kit-1000mah-batterie-2ml-top-f-llung-vapor-izer-elektronische.jpg\" \/>\n\t<meta property=\"og:image:width\" content=\"800\" \/>\n\t<meta property=\"og:image:height\" content=\"800\" \/>\n\t<meta property=\"og:image:type\" content=\"image\/jpeg\" \/>\n<meta name=\"twitter:card\" content=\"summary_large_image\" \/>\n<meta name=\"twitter:label1\" content=\"Est. reading time\" \/>\n\t<meta name=\"twitter:data1\" content=\"4 minutos\" \/>\n<script type=\"application\/ld+json\" class=\"yoast-schema-graph\">{\"@context\":\"https:\/\/schema.org\",\"@graph\":[{\"@type\":\"WebPage\",\"@id\":\"https:\/\/www.elementvape.de\/produkt\/geekvape-sonder-q-pod-system-kit-e-zigarette-vape-pen\/\",\"url\":\"https:\/\/www.elementvape.de\/produkt\/geekvape-sonder-q-pod-system-kit-e-zigarette-vape-pen\/\",\"name\":\"geekvape sonder q pod system kit E-Zigarette vape pen | ElementVape.de\",\"isPartOf\":{\"@id\":\"https:\/\/www.elementvape.de\/#website\"},\"primaryImageOfPage\":{\"@id\":\"https:\/\/www.elementvape.de\/produkt\/geekvape-sonder-q-pod-system-kit-e-zigarette-vape-pen\/#primaryimage\"},\"image\":{\"@id\":\"https:\/\/www.elementvape.de\/produkt\/geekvape-sonder-q-pod-system-kit-e-zigarette-vape-pen\/#primaryimage\"},\"thumbnailUrl\":\"https:\/\/ae01.alicdn.com\/kf\/Sf17de04f71e94315901c9fd4e4824c53Q\/Original-geekvape-sonder-q-pod-system-kit-1000mah-batterie-2ml-top-f-llung-vapor-izer-elektronische.jpg\",\"datePublished\":\"2024-04-20T06:21:06+00:00\",\"dateModified\":\"2024-09-12T10:34:04+00:00\",\"description\":\"Wir bieten geekvape sonder q pod system kit E-Zigarette vape pen , Elementvape.de akzeptieren Gro\u00df-und Einzelhandel Bestellungen.\",\"breadcrumb\":{\"@id\":\"https:\/\/www.elementvape.de\/produkt\/geekvape-sonder-q-pod-system-kit-e-zigarette-vape-pen\/#breadcrumb\"},\"inLanguage\":\"pt-PT\",\"potentialAction\":[{\"@type\":\"ReadAction\",\"target\":[\"https:\/\/www.elementvape.de\/produkt\/geekvape-sonder-q-pod-system-kit-e-zigarette-vape-pen\/\"]}]},{\"@type\":\"ImageObject\",\"inLanguage\":\"pt-PT\",\"@id\":\"https:\/\/www.elementvape.de\/produkt\/geekvape-sonder-q-pod-system-kit-e-zigarette-vape-pen\/#primaryimage\",\"url\":\"https:\/\/ae01.alicdn.com\/kf\/Sf17de04f71e94315901c9fd4e4824c53Q\/Original-geekvape-sonder-q-pod-system-kit-1000mah-batterie-2ml-top-f-llung-vapor-izer-elektronische.jpg\",\"contentUrl\":\"https:\/\/ae01.alicdn.com\/kf\/Sf17de04f71e94315901c9fd4e4824c53Q\/Original-geekvape-sonder-q-pod-system-kit-1000mah-batterie-2ml-top-f-llung-vapor-izer-elektronische.jpg\",\"width\":800,\"height\":800},{\"@type\":\"BreadcrumbList\",\"@id\":\"https:\/\/www.elementvape.de\/produkt\/geekvape-sonder-q-pod-system-kit-e-zigarette-vape-pen\/#breadcrumb\",\"itemListElement\":[{\"@type\":\"ListItem\",\"position\":1,\"name\":\"Home\",\"item\":\"https:\/\/www.elementvape.de\/\"},{\"@type\":\"ListItem\",\"position\":2,\"name\":\"Shop\",\"item\":\"https:\/\/www.elementvape.de\/shop\/\"},{\"@type\":\"ListItem\",\"position\":3,\"name\":\"geekvape sonder q pod system kit E-Zigarette vape pen\"}]},{\"@type\":\"WebSite\",\"@id\":\"https:\/\/www.elementvape.de\/#website\",\"url\":\"https:\/\/www.elementvape.de\/\",\"name\":\"ElementVape.de\",\"description\":\"\",\"publisher\":{\"@id\":\"https:\/\/www.elementvape.de\/#organization\"},\"potentialAction\":[{\"@type\":\"SearchAction\",\"target\":{\"@type\":\"EntryPoint\",\"urlTemplate\":\"https:\/\/www.elementvape.de\/?s={search_term_string}\"},\"query-input\":\"required name=search_term_string\"}],\"inLanguage\":\"pt-PT\"},{\"@type\":\"Organization\",\"@id\":\"https:\/\/www.elementvape.de\/#organization\",\"name\":\"ElementVape.DE\",\"url\":\"https:\/\/www.elementvape.de\/\",\"logo\":{\"@type\":\"ImageObject\",\"inLanguage\":\"pt-PT\",\"@id\":\"https:\/\/www.elementvape.de\/#\/schema\/logo\/image\/\",\"url\":\"https:\/\/www.elementvape.de\/wp-content\/uploads\/2024\/09\/cropped-1elementvape-3.png\",\"contentUrl\":\"https:\/\/www.elementvape.de\/wp-content\/uploads\/2024\/09\/cropped-1elementvape-3.png\",\"width\":285,\"height\":228,\"caption\":\"ElementVape.DE\"},\"image\":{\"@id\":\"https:\/\/www.elementvape.de\/#\/schema\/logo\/image\/\"}}]}<\/script>\n<!-- \/ Yoast SEO plugin. -->","yoast_head_json":{"title":"geekvape sonder q pod system kit E-Zigarette vape pen | ElementVape.de","description":"Wir bieten geekvape sonder q pod system kit E-Zigarette vape pen , Elementvape.de akzeptieren Gro\u00df-und Einzelhandel Bestellungen.","robots":{"index":"index","follow":"follow","max-snippet":"max-snippet:-1","max-image-preview":"max-image-preview:large","max-video-preview":"max-video-preview:-1"},"canonical":"https:\/\/www.elementvape.de\/pt\/produkt\/geekvape-sonder-q-pod-system-kit-e-zigarette-vape-pen\/","og_locale":"pt_PT","og_type":"article","og_title":"geekvape sonder q pod system kit E-Zigarette vape pen | ElementVape.de","og_description":"Wir bieten geekvape sonder q pod system kit E-Zigarette vape pen , Elementvape.de akzeptieren Gro\u00df-und Einzelhandel Bestellungen.","og_url":"https:\/\/www.elementvape.de\/pt\/produkt\/geekvape-sonder-q-pod-system-kit-e-zigarette-vape-pen\/","og_site_name":"ElementVape.de","article_modified_time":"2024-09-12T10:34:04+00:00","og_image":[{"width":800,"height":800,"url":"https:\/\/ae01.alicdn.com\/kf\/Sf17de04f71e94315901c9fd4e4824c53Q\/Original-geekvape-sonder-q-pod-system-kit-1000mah-batterie-2ml-top-f-llung-vapor-izer-elektronische.jpg","type":"image\/jpeg"}],"twitter_card":"summary_large_image","twitter_misc":{"Est. reading time":"4 minutos"},"schema":{"@context":"https:\/\/schema.org","@graph":[{"@type":"WebPage","@id":"https:\/\/www.elementvape.de\/produkt\/geekvape-sonder-q-pod-system-kit-e-zigarette-vape-pen\/","url":"https:\/\/www.elementvape.de\/produkt\/geekvape-sonder-q-pod-system-kit-e-zigarette-vape-pen\/","name":"geekvape sonder q pod system kit E-Zigarette vape pen | ElementVape.de","isPartOf":{"@id":"https:\/\/www.elementvape.de\/#website"},"primaryImageOfPage":{"@id":"https:\/\/www.elementvape.de\/produkt\/geekvape-sonder-q-pod-system-kit-e-zigarette-vape-pen\/#primaryimage"},"image":{"@id":"https:\/\/www.elementvape.de\/produkt\/geekvape-sonder-q-pod-system-kit-e-zigarette-vape-pen\/#primaryimage"},"thumbnailUrl":"https:\/\/ae01.alicdn.com\/kf\/Sf17de04f71e94315901c9fd4e4824c53Q\/Original-geekvape-sonder-q-pod-system-kit-1000mah-batterie-2ml-top-f-llung-vapor-izer-elektronische.jpg","datePublished":"2024-04-20T06:21:06+00:00","dateModified":"2024-09-12T10:34:04+00:00","description":"Wir bieten geekvape sonder q pod system kit E-Zigarette vape pen , Elementvape.de akzeptieren Gro\u00df-und Einzelhandel Bestellungen.","breadcrumb":{"@id":"https:\/\/www.elementvape.de\/produkt\/geekvape-sonder-q-pod-system-kit-e-zigarette-vape-pen\/#breadcrumb"},"inLanguage":"pt-PT","potentialAction":[{"@type":"ReadAction","target":["https:\/\/www.elementvape.de\/produkt\/geekvape-sonder-q-pod-system-kit-e-zigarette-vape-pen\/"]}]},{"@type":"ImageObject","inLanguage":"pt-PT","@id":"https:\/\/www.elementvape.de\/produkt\/geekvape-sonder-q-pod-system-kit-e-zigarette-vape-pen\/#primaryimage","url":"https:\/\/ae01.alicdn.com\/kf\/Sf17de04f71e94315901c9fd4e4824c53Q\/Original-geekvape-sonder-q-pod-system-kit-1000mah-batterie-2ml-top-f-llung-vapor-izer-elektronische.jpg","contentUrl":"https:\/\/ae01.alicdn.com\/kf\/Sf17de04f71e94315901c9fd4e4824c53Q\/Original-geekvape-sonder-q-pod-system-kit-1000mah-batterie-2ml-top-f-llung-vapor-izer-elektronische.jpg","width":800,"height":800},{"@type":"BreadcrumbList","@id":"https:\/\/www.elementvape.de\/produkt\/geekvape-sonder-q-pod-system-kit-e-zigarette-vape-pen\/#breadcrumb","itemListElement":[{"@type":"ListItem","position":1,"name":"Home","item":"https:\/\/www.elementvape.de\/"},{"@type":"ListItem","position":2,"name":"Shop","item":"https:\/\/www.elementvape.de\/shop\/"},{"@type":"ListItem","position":3,"name":"geekvape sonder q pod system kit E-Zigarette vape pen"}]},{"@type":"WebSite","@id":"https:\/\/www.elementvape.de\/#website","url":"https:\/\/www.elementvape.de\/","name":"ElementVape.de","description":"","publisher":{"@id":"https:\/\/www.elementvape.de\/#organization"},"potentialAction":[{"@type":"SearchAction","target":{"@type":"EntryPoint","urlTemplate":"https:\/\/www.elementvape.de\/?s={search_term_string}"},"query-input":"required name=search_term_string"}],"inLanguage":"pt-PT"},{"@type":"Organization","@id":"https:\/\/www.elementvape.de\/#organization","name":"ElementVape.DE","url":"https:\/\/www.elementvape.de\/","logo":{"@type":"ImageObject","inLanguage":"pt-PT","@id":"https:\/\/www.elementvape.de\/#\/schema\/logo\/image\/","url":"https:\/\/www.elementvape.de\/wp-content\/uploads\/2024\/09\/cropped-1elementvape-3.png","contentUrl":"https:\/\/www.elementvape.de\/wp-content\/uploads\/2024\/09\/cropped-1elementvape-3.png","width":285,"height":228,"caption":"ElementVape.DE"},"image":{"@id":"https:\/\/www.elementvape.de\/#\/schema\/logo\/image\/"}}]}},"_links":{"self":[{"href":"https:\/\/www.elementvape.de\/pt\/wp-json\/wp\/v2\/product\/7087"}],"collection":[{"href":"https:\/\/www.elementvape.de\/pt\/wp-json\/wp\/v2\/product"}],"about":[{"href":"https:\/\/www.elementvape.de\/pt\/wp-json\/wp\/v2\/types\/product"}],"wp:featuredmedia":[{"embeddable":true,"href":"https:\/\/www.elementvape.de\/pt\/wp-json\/wp\/v2\/media\/7088"}],"wp:attachment":[{"href":"https:\/\/www.elementvape.de\/pt\/wp-json\/wp\/v2\/media?parent=7087"}],"wp:term":[{"taxonomy":"product_cat","embeddable":true,"href":"https:\/\/www.elementvape.de\/pt\/wp-json\/wp\/v2\/product_cat?post=7087"},{"taxonomy":"product_tag","embeddable":true,"href":"https:\/\/www.elementvape.de\/pt\/wp-json\/wp\/v2\/product_tag?post=7087"}],"curies":[{"name":"wp","href":"https:\/\/api.w.org\/{rel}","templated":true}]}}