{"id":7033,"date":"2024-04-20T06:14:14","date_gmt":"2024-04-20T06:14:14","guid":{"rendered":"https:\/\/www.elementvape.de\/?post_type=product&#038;p=7033"},"modified":"2024-12-12T06:37:19","modified_gmt":"2024-12-12T06:37:19","slug":"oxva-xlim-pod-kit-patrone-06-ohm-08-ohm-coil-vapor-izer","status":"publish","type":"product","link":"https:\/\/www.elementvape.de\/pt\/produkt\/oxva-xlim-pod-kit-patrone-06-ohm-08-ohm-coil-vapor-izer\/","title":{"rendered":"Cartucho Oxva Xlim Pod Kit  bobina de 0,6 Ohm\/0,8 Ohm Vaporizador"},"content":{"rendered":"<p>&nbsp;<\/p>\n<div class=\"product-specs-list-container\">\n<ul class=\"product-specs-list util-clearfix\">\n<li class=\"product-prop line-limit-length\"><span class=\"property-title\">Apar\u00eancia:\u00a0<\/span><span class=\"property-desc line-limit-length\">Forma cil\u00edndrica<\/span><\/li>\n<li class=\"product-prop line-limit-length\"><span class=\"property-title\">Bateria Compat\u00edvel:\u00a0<\/span><span class=\"property-desc line-limit-length\">Nenhum<\/span><\/li>\n<li class=\"product-prop line-limit-length\"><span class=\"property-title\">Fun\u00e7\u00e3o de Monitoriza\u00e7\u00e3o do N\u00famero de Fuma\u00e7as:\u00a0<\/span><span class=\"property-desc line-limit-length\">N\u00e3o<\/span><\/li>\n<li class=\"product-prop line-limit-length\"><span class=\"property-title\">Estojo de Silicone:\u00a0<\/span><span class=\"property-desc line-limit-length\">N\u00e3o<\/span><\/li>\n<li class=\"product-prop line-limit-length\"><span class=\"property-title\">Regula\u00e7\u00e3o de Temperatura:\u00a0<\/span><span class=\"property-desc line-limit-length\">N\u00e3o<\/span><\/li>\n<li class=\"product-prop line-limit-length\"><span class=\"property-title\">Bateria Embutida ou Externa:\u00a0<\/span><span class=\"property-desc line-limit-length\">Embebida<\/span><\/li>\n<li class=\"product-prop line-limit-length\"><span class=\"property-title\">Fun\u00e7\u00e3o de Prote\u00e7\u00e3o contra Curto-Circuito:\u00a0<\/span><span class=\"property-desc line-limit-length\">Ja<\/span><\/li>\n<li class=\"product-prop line-limit-length\"><span class=\"property-title\">Fun\u00e7\u00e3o de Prote\u00e7\u00e3o contra Sobreaquecimento:\u00a0<\/span><span class=\"property-desc line-limit-length\">Ja<\/span><\/li>\n<li class=\"product-prop line-limit-length\"><span class=\"property-title\">Fun\u00e7\u00e3o de alarme de baixa tens\u00e3o:\u00a0<\/span><span class=\"property-desc line-limit-length\">Ja<\/span><\/li>\n<li class=\"product-prop line-limit-length\"><span class=\"property-title\">Fun\u00e7\u00e3o de identifica\u00e7\u00e3o do vaporizador:\u00a0<\/span><span class=\"property-desc line-limit-length\">Ja<\/span><\/li>\n<li class=\"product-prop line-limit-length\"><span class=\"property-title\">Modos de configura\u00e7\u00e3o TCR:\u00a0<\/span><span class=\"property-desc line-limit-length\">N\u00e3o<\/span><\/li>\n<li class=\"product-prop line-limit-length\"><span class=\"property-title\">Capacidade nominal:\u00a0<\/span><span class=\"property-desc line-limit-length\">1200 mAh<\/span><\/li>\n<li class=\"product-prop line-limit-length\"><span class=\"property-title\">Bateria compat\u00edvel: 18350\u00a0<\/span><span class=\"property-desc line-limit-length\">Metal<\/span><\/li>\n<li class=\"product-prop line-limit-length\"><span class=\"property-title\">Modelo compat\u00edvel:\u00a0<\/span><span class=\"property-desc line-limit-length\">Cigarro Eletr\u00f4nico Vape<\/span><\/li>\n<li class=\"product-prop line-limit-length\"><span class=\"property-title\">N\u00famero do modelo:\u00a0<\/span><span class=\"property-desc line-limit-length\">Kit de Pod Oxva Xlim<\/span><\/li>\n<li class=\"product-prop line-limit-length\"><span class=\"property-title\">Carregador USB:\u00a0<\/span><span class=\"property-desc line-limit-length\">Ja<\/span><\/li>\n<li class=\"product-prop line-limit-length\"><span class=\"property-title\">Atualiza\u00e7\u00e3o de firmware:\u00a0<\/span><span class=\"property-desc line-limit-length\">N\u00e3o<\/span><\/li>\n<li class=\"product-prop line-limit-length\"><span class=\"property-title\">Fun\u00e7\u00e3o de monitoriza\u00e7\u00e3o do n\u00famero de fumos: N\u00e3o\u00a0<\/span><span class=\"property-desc line-limit-length\">Ja<\/span><\/li>\n<li class=\"product-prop line-limit-length\"><span class=\"property-title\">Tipo:\u00a0<\/span><span class=\"property-desc line-limit-length\">Com bateria<\/span><\/li>\n<li class=\"product-prop line-limit-length\"><span class=\"property-title\">Nome da marca:\u00a0<\/span><span class=\"property-desc line-limit-length\">OXVA<\/span><\/li>\n<li class=\"product-prop line-limit-length\"><span class=\"property-title\">Origem:\u00a0<\/span><span class=\"property-desc line-limit-length\">CN (Origem)<\/span><\/li>\n<\/ul>\n<\/div>\n<div class=\"detailmodule_html\">\n<div class=\"detail-desc-decorate-richtext\">\n<div class=\"detailmodule_text\">\n<p id=\"tl_1\" class=\"detail-desc-decorate-title\" style=\"font-family: OpenSans; font-size: 20px; font-weight: 900; line-height: 28px; margin-bottom: 12px;\">Kit de Pod Oxva Xlim Original 25W Vape Bateria de 900mAh 2ml Cartucho V2 Bobina 0,6 Ohm\/0,8 Ohm Vaporizer e Cigarro Eletr\u00f3nico<\/p>\n<p id=\"tl_2\" class=\"detail-desc-decorate-content\" style=\"font-family: OpenSans; font-size: 14px; font-weight: 300; line-height: 20px; margin-bottom: 12px;\">O kit de pod Xlim \u00e9 produzido para oferecer um sabor extremo. \u00c9 equipado com uma bateria de 900mAh com faixa de pot\u00eancia de 5-25W. O cartucho possui um design altamente \u00e0 prova de vazamentos para evitar condensa\u00e7\u00e3o na parte inferior. Pode ser recarregado pela lateral. Inclui duas cartuchos no pacote: de 0,8 Ohm e de 0,6 Ohm. Al\u00e9m disso, o cartucho de 0,6 Ohm funciona bem com base livre (n\u00e3o inclu\u00eddo). O design do fluxo de ar lateral ajuda a encontrar exatamente a sua melhor puxada.<\/p>\n<\/div>\n<div class=\"detailmodule_text\">\n<p id=\"tl_3\" class=\"detail-desc-decorate-title\" style=\"font-family: OpenSans; font-size: 20px; font-weight: 900; line-height: 28px; margin-bottom: 12px;\">Par\u00e2metros:<\/p>\n<p id=\"tl_4\" class=\"detail-desc-decorate-content\" style=\"font-family: OpenSans; font-size: 14px; font-weight: 300; line-height: 20px; margin-bottom: 12px;\">Marca: oxva<br \/>\nNome do produto: kit de pod Xlim<br \/>\nDimens\u00e3o: 24,0*14,0*111,0mm<br \/>\nPot\u00eancia de sa\u00edda: 5-25w<br \/>\nCapacidade da c\u00e1psula: 2ml<br \/>\nCapacidade da bateria: 900mAh<br \/>\nTamanho do ecr\u00e3: 0,42 polegadas<br \/>\nMaterial: Liga de alum\u00ednio + pctg<br \/>\nCarregamento: DC 5V\/1A, Tipo-C<br \/>\nEspecifica\u00e7\u00e3o das bobinas: 0,6 Ohm (20-25W) a1, 0,8 Ohm (12-16W) a1<br \/>\nCores: lim\u00e3o verde, azul-verde, gelo \u00e1rtico, preto e vermelho, preto e branco, preto, verde, azul escuro, lat\u00e3o vermelho, prata<\/p>\n<\/div>\n<div class=\"detailmodule_text\">\n<p id=\"tl_5\" class=\"detail-desc-decorate-title\" style=\"font-family: OpenSans; font-size: 20px; font-weight: 900; line-height: 28px; margin-bottom: 12px;\">Detalhes:<\/p>\n<p id=\"tl_6\" class=\"detail-desc-decorate-content\" style=\"font-family: OpenSans; font-size: 14px; font-weight: 300; line-height: 20px; margin-bottom: 12px;\">1. Altamente \u00e0 prova de vazamentos<br \/>\n2. Design ergon\u00f3mico de fluxo de ar lateral, enchimento lateral<br \/>\n3. Pot\u00eancia m\u00e1xima de sa\u00edda 25W<br \/>\n4. Mini ecr\u00e3 OLED de 0,42 polegadas<br \/>\n5. Puxar autom\u00e1tico &amp; Manual<br \/>\n6. Compat\u00edvel com cartucho Xlim V2<br \/>\n7. Bateria embutida de 900mAh<br \/>\n8. Sabor extremo, forte impacto na garganta<br \/>\n9. Embalado com cartuchos de 0,8 Ohm e 0,6 Ohm<br \/>\n10. Design do fluxo de ar lateral<\/p>\n<\/div>\n<div class=\"detailmodule_text\">\n<p id=\"tl_7\" class=\"detail-desc-decorate-title\" style=\"font-family: OpenSans; font-size: 20px; font-weight: 900; line-height: 28px; margin-bottom: 12px;\">Lista de pacote:<\/p>\n<p id=\"tl_8\" class=\"detail-desc-decorate-content\" style=\"font-family: OpenSans; font-size: 14px; font-weight: 300; line-height: 20px; margin-bottom: 12px;\">1 * dispositivo Xlim<br \/>\n1*0,6 Ohm Cartucho (pr\u00e9-instalado)<br \/>\n1*0,8 Ohm Cartucho<br \/>\n1 * Cabo Tipo-C<\/p>\n<\/div>\n<div class=\"detailmodule_image\"><img decoding=\"async\" loading=\"lazy\" class=\"detail-desc-decorate-image\" src=\"https:\/\/ae01.alicdn.com\/kf\/Se17260b2f1ba4d4bb6602b0a608b8736k.jpg\" \/><br \/>\n<img decoding=\"async\" loading=\"lazy\" class=\"detail-desc-decorate-image\" src=\"https:\/\/ae01.alicdn.com\/kf\/S0e8f29735b2a4541b3fe53900670c604f.jpg\" \/><br \/>\n<img decoding=\"async\" loading=\"lazy\" class=\"detail-desc-decorate-image\" src=\"https:\/\/ae01.alicdn.com\/kf\/S88f2a92da55241e186f1cb965e2848f25.jpg\" \/><br \/>\n<img decoding=\"async\" loading=\"lazy\" class=\"detail-desc-decorate-image\" src=\"https:\/\/ae01.alicdn.com\/kf\/Sf51b79616e464812af34987f223d9c93r.jpg\" \/><br \/>\n<img decoding=\"async\" loading=\"lazy\" class=\"detail-desc-decorate-image\" src=\"https:\/\/ae01.alicdn.com\/kf\/S3ce89b4c08cc487eaee95987b9d7d6e4y.jpg\" \/><br \/>\n<img decoding=\"async\" loading=\"lazy\" class=\"detail-desc-decorate-image\" src=\"https:\/\/ae01.alicdn.com\/kf\/S170b35aa92804e509620d48aebe1ca01h.jpg\" \/><br \/>\n<img decoding=\"async\" loading=\"lazy\" class=\"detail-desc-decorate-image\" src=\"https:\/\/ae01.alicdn.com\/kf\/S93d2204895ec45bea6cf36c38def79a38.jpg\" \/><br \/>\n<img decoding=\"async\" loading=\"lazy\" class=\"detail-desc-decorate-image\" src=\"https:\/\/ae01.alicdn.com\/kf\/S2dd99b6e97dc44d595621d94a9b67d82D.jpg\" \/><\/div>\n<p>&nbsp;<\/p>\n<\/div>\n<\/div>","protected":false},"excerpt":{"rendered":"<p>&nbsp; Aussehen:\u00a0Zylindrische Form Kompatibler Akku:\u00a0Kein \u00dcberwachung Funktion Von Rauchen Anzahl:\u00a0Nein Silikon Fall:\u00a0Nein Temperaturregelung:\u00a0Nein Eingebaute Oder Externe Batterie:\u00a0Eingebaute Kurzschlussschutz Funktion:\u00a0Ja \u00dcberhitzungsschutz-funktion:\u00a0Ja Niederspannungsalarmfunktion:\u00a0Ja Zerst\u00e4uber Identifikation Funktion:\u00a0Ja TCR Einstellung Modi:\u00a0Nein Nominale Kapazit\u00e4t:\u00a01200 mAh Material:\u00a0Metall Compatible Model:\u00a0Vape Electronic Cigarette Modellnummer:\u00a0OXVA Xlim Pod Kit Usb-ladeger\u00e4t:\u00a0Ja Firmware-upgrade:\u00a0Nein Display:\u00a0Ja Art:\u00a0Mit Batterie Markenname:\u00a0OXVA Ursprung:\u00a0CN (Herkunft) Original Oxva Xlim Pod Kit 25W Vape 900mAh [&hellip;]<\/p>","protected":false},"featured_media":7034,"template":"","meta":{"inline_featured_image":false},"product_cat":[752,756,739,743,76,79,81],"product_tag":[],"tiered_pricing_type":"fixed","tiered_pricing_fixed_rules":[],"tiered_pricing_percentage_rules":[],"tiered_pricing_minimum":1,"_administrator_tiered_pricing_type":"fixed","_administrator_tiered_pricing_fixed_rules":[],"_editor_tiered_pricing_type":"fixed","_editor_tiered_pricing_fixed_rules":[],"_author_tiered_pricing_type":"fixed","_author_tiered_pricing_fixed_rules":[],"_contributor_tiered_pricing_type":"fixed","_contributor_tiered_pricing_fixed_rules":[],"_subscriber_tiered_pricing_type":"fixed","_subscriber_tiered_pricing_fixed_rules":[],"_customer_tiered_pricing_type":"fixed","_customer_tiered_pricing_fixed_rules":[],"_shop_manager_tiered_pricing_type":"fixed","_shop_manager_tiered_pricing_fixed_rules":[],"_wpseo_manager_tiered_pricing_type":"fixed","_wpseo_manager_tiered_pricing_fixed_rules":[],"_wpseo_editor_tiered_pricing_type":"fixed","_wpseo_editor_tiered_pricing_fixed_rules":[],"_wholesale_customer_tiered_pricing_type":"fixed","_wholesale_customer_tiered_pricing_fixed_rules":[],"_marketer_tiered_pricing_type":"fixed","_marketer_tiered_pricing_fixed_rules":[],"_sales_manager_tiered_pricing_type":"fixed","_sales_manager_tiered_pricing_fixed_rules":[],"_sales_rep_tiered_pricing_type":"fixed","_sales_rep_tiered_pricing_fixed_rules":[],"yoast_head":"<!-- This site is optimized with the Yoast SEO plugin v23.3 - https:\/\/yoast.com\/wordpress\/plugins\/seo\/ -->\n<title>Oxva Xlim Pod Kit Patrone 0,6 Ohm\/0,8 Ohm Coil Vapor izer | ElementVape.de<\/title>\n<meta name=\"description\" content=\"Wir bieten Oxva Xlim Pod Kit Patrone 0,6 Ohm\/0,8 Ohm Coil Vapor izer , Elementvape.de akzeptieren Gro\u00df-und Einzelhandel Bestellungen.\" \/>\n<meta name=\"robots\" content=\"index, follow, max-snippet:-1, max-image-preview:large, max-video-preview:-1\" \/>\n<link rel=\"canonical\" href=\"https:\/\/www.elementvape.de\/pt\/produkt\/oxva-xlim-pod-kit-patrone-06-ohm-08-ohm-coil-vapor-izer\/\" \/>\n<meta property=\"og:locale\" content=\"pt_PT\" \/>\n<meta property=\"og:type\" content=\"article\" \/>\n<meta property=\"og:title\" content=\"Oxva Xlim Pod Kit Patrone 0,6 Ohm\/0,8 Ohm Coil Vapor izer | ElementVape.de\" \/>\n<meta property=\"og:description\" content=\"Wir bieten Oxva Xlim Pod Kit Patrone 0,6 Ohm\/0,8 Ohm Coil Vapor izer , Elementvape.de akzeptieren Gro\u00df-und Einzelhandel Bestellungen.\" \/>\n<meta property=\"og:url\" content=\"https:\/\/www.elementvape.de\/pt\/produkt\/oxva-xlim-pod-kit-patrone-06-ohm-08-ohm-coil-vapor-izer\/\" \/>\n<meta property=\"og:site_name\" content=\"ElementVape.de\" \/>\n<meta property=\"article:modified_time\" content=\"2024-12-12T06:37:19+00:00\" \/>\n<meta property=\"og:image\" content=\"https:\/\/ae01.alicdn.com\/kf\/S9c817619e00f443a9a66b51e97181524s\/Original-Oxva-Xlim-Pod-Kit-25W-Vape-900mAh-Batterie-2ml-V2-Patrone-0-6-Ohm-0.jpg\" \/>\n\t<meta property=\"og:image:width\" content=\"800\" \/>\n\t<meta property=\"og:image:height\" content=\"800\" \/>\n\t<meta property=\"og:image:type\" content=\"image\/jpeg\" \/>\n<meta name=\"twitter:card\" content=\"summary_large_image\" \/>\n<meta name=\"twitter:label1\" content=\"Est. reading time\" \/>\n\t<meta name=\"twitter:data1\" content=\"4 minutos\" \/>\n<script type=\"application\/ld+json\" class=\"yoast-schema-graph\">{\"@context\":\"https:\/\/schema.org\",\"@graph\":[{\"@type\":\"WebPage\",\"@id\":\"https:\/\/www.elementvape.de\/produkt\/oxva-xlim-pod-kit-patrone-06-ohm-08-ohm-coil-vapor-izer\/\",\"url\":\"https:\/\/www.elementvape.de\/produkt\/oxva-xlim-pod-kit-patrone-06-ohm-08-ohm-coil-vapor-izer\/\",\"name\":\"Oxva Xlim Pod Kit Patrone 0,6 Ohm\/0,8 Ohm Coil Vapor izer | ElementVape.de\",\"isPartOf\":{\"@id\":\"https:\/\/www.elementvape.de\/#website\"},\"primaryImageOfPage\":{\"@id\":\"https:\/\/www.elementvape.de\/produkt\/oxva-xlim-pod-kit-patrone-06-ohm-08-ohm-coil-vapor-izer\/#primaryimage\"},\"image\":{\"@id\":\"https:\/\/www.elementvape.de\/produkt\/oxva-xlim-pod-kit-patrone-06-ohm-08-ohm-coil-vapor-izer\/#primaryimage\"},\"thumbnailUrl\":\"https:\/\/ae01.alicdn.com\/kf\/S9c817619e00f443a9a66b51e97181524s\/Original-Oxva-Xlim-Pod-Kit-25W-Vape-900mAh-Batterie-2ml-V2-Patrone-0-6-Ohm-0.jpg\",\"datePublished\":\"2024-04-20T06:14:14+00:00\",\"dateModified\":\"2024-12-12T06:37:19+00:00\",\"description\":\"Wir bieten Oxva Xlim Pod Kit Patrone 0,6 Ohm\/0,8 Ohm Coil Vapor izer , Elementvape.de akzeptieren Gro\u00df-und Einzelhandel Bestellungen.\",\"breadcrumb\":{\"@id\":\"https:\/\/www.elementvape.de\/produkt\/oxva-xlim-pod-kit-patrone-06-ohm-08-ohm-coil-vapor-izer\/#breadcrumb\"},\"inLanguage\":\"pt-PT\",\"potentialAction\":[{\"@type\":\"ReadAction\",\"target\":[\"https:\/\/www.elementvape.de\/produkt\/oxva-xlim-pod-kit-patrone-06-ohm-08-ohm-coil-vapor-izer\/\"]}]},{\"@type\":\"ImageObject\",\"inLanguage\":\"pt-PT\",\"@id\":\"https:\/\/www.elementvape.de\/produkt\/oxva-xlim-pod-kit-patrone-06-ohm-08-ohm-coil-vapor-izer\/#primaryimage\",\"url\":\"https:\/\/ae01.alicdn.com\/kf\/S9c817619e00f443a9a66b51e97181524s\/Original-Oxva-Xlim-Pod-Kit-25W-Vape-900mAh-Batterie-2ml-V2-Patrone-0-6-Ohm-0.jpg\",\"contentUrl\":\"https:\/\/ae01.alicdn.com\/kf\/S9c817619e00f443a9a66b51e97181524s\/Original-Oxva-Xlim-Pod-Kit-25W-Vape-900mAh-Batterie-2ml-V2-Patrone-0-6-Ohm-0.jpg\",\"width\":800,\"height\":800},{\"@type\":\"BreadcrumbList\",\"@id\":\"https:\/\/www.elementvape.de\/produkt\/oxva-xlim-pod-kit-patrone-06-ohm-08-ohm-coil-vapor-izer\/#breadcrumb\",\"itemListElement\":[{\"@type\":\"ListItem\",\"position\":1,\"name\":\"Home\",\"item\":\"https:\/\/www.elementvape.de\/\"},{\"@type\":\"ListItem\",\"position\":2,\"name\":\"Shop\",\"item\":\"https:\/\/www.elementvape.de\/shop\/\"},{\"@type\":\"ListItem\",\"position\":3,\"name\":\"Oxva Xlim Pod Kit Patrone 0,6 Ohm\/0,8 Ohm Coil Vapor izer\"}]},{\"@type\":\"WebSite\",\"@id\":\"https:\/\/www.elementvape.de\/#website\",\"url\":\"https:\/\/www.elementvape.de\/\",\"name\":\"ElementVape.de\",\"description\":\"\",\"publisher\":{\"@id\":\"https:\/\/www.elementvape.de\/#organization\"},\"potentialAction\":[{\"@type\":\"SearchAction\",\"target\":{\"@type\":\"EntryPoint\",\"urlTemplate\":\"https:\/\/www.elementvape.de\/?s={search_term_string}\"},\"query-input\":\"required name=search_term_string\"}],\"inLanguage\":\"pt-PT\"},{\"@type\":\"Organization\",\"@id\":\"https:\/\/www.elementvape.de\/#organization\",\"name\":\"ElementVape.DE\",\"url\":\"https:\/\/www.elementvape.de\/\",\"logo\":{\"@type\":\"ImageObject\",\"inLanguage\":\"pt-PT\",\"@id\":\"https:\/\/www.elementvape.de\/#\/schema\/logo\/image\/\",\"url\":\"https:\/\/www.elementvape.de\/wp-content\/uploads\/2024\/09\/cropped-1elementvape-3.png\",\"contentUrl\":\"https:\/\/www.elementvape.de\/wp-content\/uploads\/2024\/09\/cropped-1elementvape-3.png\",\"width\":285,\"height\":228,\"caption\":\"ElementVape.DE\"},\"image\":{\"@id\":\"https:\/\/www.elementvape.de\/#\/schema\/logo\/image\/\"}}]}<\/script>\n<!-- \/ Yoast SEO plugin. -->","yoast_head_json":{"title":"Oxva Xlim Pod Kit Patrone 0,6 Ohm\/0,8 Ohm Coil Vapor izer | ElementVape.de","description":"Wir bieten Oxva Xlim Pod Kit Patrone 0,6 Ohm\/0,8 Ohm Coil Vapor izer , Elementvape.de akzeptieren Gro\u00df-und Einzelhandel Bestellungen.","robots":{"index":"index","follow":"follow","max-snippet":"max-snippet:-1","max-image-preview":"max-image-preview:large","max-video-preview":"max-video-preview:-1"},"canonical":"https:\/\/www.elementvape.de\/pt\/produkt\/oxva-xlim-pod-kit-patrone-06-ohm-08-ohm-coil-vapor-izer\/","og_locale":"pt_PT","og_type":"article","og_title":"Oxva Xlim Pod Kit Patrone 0,6 Ohm\/0,8 Ohm Coil Vapor izer | ElementVape.de","og_description":"Wir bieten Oxva Xlim Pod Kit Patrone 0,6 Ohm\/0,8 Ohm Coil Vapor izer , Elementvape.de akzeptieren Gro\u00df-und Einzelhandel Bestellungen.","og_url":"https:\/\/www.elementvape.de\/pt\/produkt\/oxva-xlim-pod-kit-patrone-06-ohm-08-ohm-coil-vapor-izer\/","og_site_name":"ElementVape.de","article_modified_time":"2024-12-12T06:37:19+00:00","og_image":[{"width":800,"height":800,"url":"https:\/\/ae01.alicdn.com\/kf\/S9c817619e00f443a9a66b51e97181524s\/Original-Oxva-Xlim-Pod-Kit-25W-Vape-900mAh-Batterie-2ml-V2-Patrone-0-6-Ohm-0.jpg","type":"image\/jpeg"}],"twitter_card":"summary_large_image","twitter_misc":{"Est. reading time":"4 minutos"},"schema":{"@context":"https:\/\/schema.org","@graph":[{"@type":"WebPage","@id":"https:\/\/www.elementvape.de\/produkt\/oxva-xlim-pod-kit-patrone-06-ohm-08-ohm-coil-vapor-izer\/","url":"https:\/\/www.elementvape.de\/produkt\/oxva-xlim-pod-kit-patrone-06-ohm-08-ohm-coil-vapor-izer\/","name":"Oxva Xlim Pod Kit Patrone 0,6 Ohm\/0,8 Ohm Coil Vapor izer | ElementVape.de","isPartOf":{"@id":"https:\/\/www.elementvape.de\/#website"},"primaryImageOfPage":{"@id":"https:\/\/www.elementvape.de\/produkt\/oxva-xlim-pod-kit-patrone-06-ohm-08-ohm-coil-vapor-izer\/#primaryimage"},"image":{"@id":"https:\/\/www.elementvape.de\/produkt\/oxva-xlim-pod-kit-patrone-06-ohm-08-ohm-coil-vapor-izer\/#primaryimage"},"thumbnailUrl":"https:\/\/ae01.alicdn.com\/kf\/S9c817619e00f443a9a66b51e97181524s\/Original-Oxva-Xlim-Pod-Kit-25W-Vape-900mAh-Batterie-2ml-V2-Patrone-0-6-Ohm-0.jpg","datePublished":"2024-04-20T06:14:14+00:00","dateModified":"2024-12-12T06:37:19+00:00","description":"Wir bieten Oxva Xlim Pod Kit Patrone 0,6 Ohm\/0,8 Ohm Coil Vapor izer , Elementvape.de akzeptieren Gro\u00df-und Einzelhandel Bestellungen.","breadcrumb":{"@id":"https:\/\/www.elementvape.de\/produkt\/oxva-xlim-pod-kit-patrone-06-ohm-08-ohm-coil-vapor-izer\/#breadcrumb"},"inLanguage":"pt-PT","potentialAction":[{"@type":"ReadAction","target":["https:\/\/www.elementvape.de\/produkt\/oxva-xlim-pod-kit-patrone-06-ohm-08-ohm-coil-vapor-izer\/"]}]},{"@type":"ImageObject","inLanguage":"pt-PT","@id":"https:\/\/www.elementvape.de\/produkt\/oxva-xlim-pod-kit-patrone-06-ohm-08-ohm-coil-vapor-izer\/#primaryimage","url":"https:\/\/ae01.alicdn.com\/kf\/S9c817619e00f443a9a66b51e97181524s\/Original-Oxva-Xlim-Pod-Kit-25W-Vape-900mAh-Batterie-2ml-V2-Patrone-0-6-Ohm-0.jpg","contentUrl":"https:\/\/ae01.alicdn.com\/kf\/S9c817619e00f443a9a66b51e97181524s\/Original-Oxva-Xlim-Pod-Kit-25W-Vape-900mAh-Batterie-2ml-V2-Patrone-0-6-Ohm-0.jpg","width":800,"height":800},{"@type":"BreadcrumbList","@id":"https:\/\/www.elementvape.de\/produkt\/oxva-xlim-pod-kit-patrone-06-ohm-08-ohm-coil-vapor-izer\/#breadcrumb","itemListElement":[{"@type":"ListItem","position":1,"name":"Home","item":"https:\/\/www.elementvape.de\/"},{"@type":"ListItem","position":2,"name":"Shop","item":"https:\/\/www.elementvape.de\/shop\/"},{"@type":"ListItem","position":3,"name":"Oxva Xlim Pod Kit Patrone 0,6 Ohm\/0,8 Ohm Coil Vapor izer"}]},{"@type":"WebSite","@id":"https:\/\/www.elementvape.de\/#website","url":"https:\/\/www.elementvape.de\/","name":"ElementVape.de","description":"","publisher":{"@id":"https:\/\/www.elementvape.de\/#organization"},"potentialAction":[{"@type":"SearchAction","target":{"@type":"EntryPoint","urlTemplate":"https:\/\/www.elementvape.de\/?s={search_term_string}"},"query-input":"required name=search_term_string"}],"inLanguage":"pt-PT"},{"@type":"Organization","@id":"https:\/\/www.elementvape.de\/#organization","name":"ElementVape.DE","url":"https:\/\/www.elementvape.de\/","logo":{"@type":"ImageObject","inLanguage":"pt-PT","@id":"https:\/\/www.elementvape.de\/#\/schema\/logo\/image\/","url":"https:\/\/www.elementvape.de\/wp-content\/uploads\/2024\/09\/cropped-1elementvape-3.png","contentUrl":"https:\/\/www.elementvape.de\/wp-content\/uploads\/2024\/09\/cropped-1elementvape-3.png","width":285,"height":228,"caption":"ElementVape.DE"},"image":{"@id":"https:\/\/www.elementvape.de\/#\/schema\/logo\/image\/"}}]}},"_links":{"self":[{"href":"https:\/\/www.elementvape.de\/pt\/wp-json\/wp\/v2\/product\/7033"}],"collection":[{"href":"https:\/\/www.elementvape.de\/pt\/wp-json\/wp\/v2\/product"}],"about":[{"href":"https:\/\/www.elementvape.de\/pt\/wp-json\/wp\/v2\/types\/product"}],"wp:featuredmedia":[{"embeddable":true,"href":"https:\/\/www.elementvape.de\/pt\/wp-json\/wp\/v2\/media\/7034"}],"wp:attachment":[{"href":"https:\/\/www.elementvape.de\/pt\/wp-json\/wp\/v2\/media?parent=7033"}],"wp:term":[{"taxonomy":"product_cat","embeddable":true,"href":"https:\/\/www.elementvape.de\/pt\/wp-json\/wp\/v2\/product_cat?post=7033"},{"taxonomy":"product_tag","embeddable":true,"href":"https:\/\/www.elementvape.de\/pt\/wp-json\/wp\/v2\/product_tag?post=7033"}],"curies":[{"name":"wp","href":"https:\/\/api.w.org\/{rel}","templated":true}]}}