{"id":6951,"date":"2024-04-20T05:50:23","date_gmt":"2024-04-20T05:50:23","guid":{"rendered":"https:\/\/www.elementvape.de\/?post_type=product&#038;p=6951"},"modified":"2024-12-12T06:37:25","modified_gmt":"2024-12-12T06:37:25","slug":"vape-pen-ego-t-ego-d-starter-kit-trockene-kraeuter-verdampfer-kits","status":"publish","type":"product","link":"https:\/\/www.elementvape.de\/pt\/produkt\/vape-pen-ego-t-ego-d-starter-kit-trockene-kraeuter-verdampfer-kits\/","title":{"rendered":"Vape pen ego-t ego-d kit inicial, kits de vaporizador de ervas secas"},"content":{"rendered":"<p>&nbsp;<\/p>\n<div class=\"product-specs-list-container\">\n<ul class=\"product-specs-list util-clearfix\">\n<li class=\"product-prop line-limit-length\"><span class=\"property-title\">Apar\u00eancia:\u00a0<\/span><span class=\"property-desc line-limit-length\">Forma cil\u00edndrica<\/span><\/li>\n<li class=\"product-prop line-limit-length\"><span class=\"property-title\">Bateria Compat\u00edvel:\u00a0<\/span><span class=\"property-desc line-limit-length\">18350<\/span><\/li>\n<li class=\"product-prop line-limit-length\"><span class=\"property-title\">Fun\u00e7\u00e3o de Monitoriza\u00e7\u00e3o do N\u00famero de Fuma\u00e7as:\u00a0<\/span><span class=\"property-desc line-limit-length\">N\u00e3o<\/span><\/li>\n<li class=\"product-prop line-limit-length\"><span class=\"property-title\">Estojo de Silicone:\u00a0<\/span><span class=\"property-desc line-limit-length\">N\u00e3o<\/span><\/li>\n<li class=\"product-prop line-limit-length\"><span class=\"property-title\">Regula\u00e7\u00e3o de Temperatura:\u00a0<\/span><span class=\"property-desc line-limit-length\">N\u00e3o<\/span><\/li>\n<li class=\"product-prop line-limit-length\"><span class=\"property-title\">Bateria Embutida ou Externa:\u00a0<\/span><span class=\"property-desc line-limit-length\">Embebida<\/span><\/li>\n<li class=\"product-prop line-limit-length\"><span class=\"property-title\">Fun\u00e7\u00e3o de Prote\u00e7\u00e3o contra Curto-Circuito:\u00a0<\/span><span class=\"property-desc line-limit-length\">Ja<\/span><\/li>\n<li class=\"product-prop line-limit-length\"><span class=\"property-title\">Fun\u00e7\u00e3o de Prote\u00e7\u00e3o contra Sobreaquecimento:\u00a0<\/span><span class=\"property-desc line-limit-length\">Ja<\/span><\/li>\n<li class=\"product-prop line-limit-length\"><span class=\"property-title\">Fun\u00e7\u00e3o de alarme de baixa tens\u00e3o:\u00a0<\/span><span class=\"property-desc line-limit-length\">N\u00e3o<\/span><\/li>\n<li class=\"product-prop line-limit-length\"><span class=\"property-title\">Fun\u00e7\u00e3o de identifica\u00e7\u00e3o do vaporizador:\u00a0<\/span><span class=\"property-desc line-limit-length\">N\u00e3o<\/span><\/li>\n<li class=\"product-prop line-limit-length\"><span class=\"property-title\">Modos de configura\u00e7\u00e3o TCR:\u00a0<\/span><span class=\"property-desc line-limit-length\">N\u00e3o<\/span><\/li>\n<li class=\"product-prop line-limit-length\"><span class=\"property-title\">Capacidade nominal:\u00a0<\/span><span class=\"property-desc line-limit-length\">900mAh\/1100mAh<\/span><\/li>\n<li class=\"product-prop line-limit-length\"><span class=\"property-title\">Bateria compat\u00edvel: 18350\u00a0<\/span><span class=\"property-desc line-limit-length\">Metal<\/span><\/li>\n<li class=\"product-prop line-limit-length\"><span class=\"property-title\">Modelo compat\u00edvel:\u00a0<\/span><span class=\"property-desc line-limit-length\">Rosca 510\/ego<\/span><\/li>\n<li class=\"product-prop line-limit-length\"><span class=\"property-title\">N\u00famero do modelo:\u00a0<\/span><span class=\"property-desc line-limit-length\">Novo kit de vaporizador ego-d<\/span><\/li>\n<li class=\"product-prop line-limit-length\"><span class=\"property-title\">Carregador USB:\u00a0<\/span><span class=\"property-desc line-limit-length\">N\u00e3o<\/span><\/li>\n<li class=\"product-prop line-limit-length\"><span class=\"property-title\">Atualiza\u00e7\u00e3o de firmware:\u00a0<\/span><span class=\"property-desc line-limit-length\">N\u00e3o<\/span><\/li>\n<li class=\"product-prop line-limit-length\"><span class=\"property-title\">Fun\u00e7\u00e3o de monitoriza\u00e7\u00e3o do n\u00famero de fumos: N\u00e3o\u00a0<\/span><span class=\"property-desc line-limit-length\">N\u00e3o<\/span><\/li>\n<li class=\"product-prop line-limit-length\"><span class=\"property-title\">Tipo:\u00a0<\/span><span class=\"property-desc line-limit-length\">Bateria incorporada ou externa: Incorporada<\/span><\/li>\n<li class=\"product-prop line-limit-length\"><span class=\"property-title\">Nome da marca:\u00a0<\/span><span class=\"property-desc line-limit-length\">Capa de silicone: N\u00e3o<\/span><\/li>\n<li class=\"product-prop line-limit-length\"><span class=\"property-title\">Origem:\u00a0<\/span><span class=\"property-desc line-limit-length\">CN (Origem)<\/span><\/li>\n<li class=\"product-prop line-limit-length\"><span class=\"property-title\">Capacidade da bateria:\u00a0<\/span><span class=\"property-desc line-limit-length\">900mAh\/1100mAh<\/span><\/li>\n<li class=\"product-prop line-limit-length\"><span class=\"property-title\">uso para:\u00a0<\/span><span class=\"property-desc line-limit-length\">Vaporizador de ervas secas<\/span><\/li>\n<\/ul>\n<\/div>\n<div class=\"detailmodule_html\">\n<div class=\"detail-desc-decorate-richtext\">\n<div class=\"detail-desc-decorate-richtext\">\n<div style=\"text-align: center;\" align=\"center\"><strong><span id=\"tl_1\" style=\"font-size: 24px;\">Kit de vaporizador de ervas secas ego-t ego-d mais recente, kit de vaporizador de ervas secas, fluxo de ar ajust\u00e1vel, bobina de quartzo dupla, atomizador, compat\u00edvel com vape pen 510, tanque ego-d<\/span><\/strong><\/div>\n<div><\/div>\n<\/div>\n<div class=\"detailmodule_dynamic\"><\/div>\n<div class=\"detailmodule_html\">\n<div class=\"detail-desc-decorate-richtext\"><\/div>\n<div>\n<div><strong><span style=\"font-size: 18px;\"><span id=\"tl_2\" style=\"font-size: 22px;\">informa\u00e7\u00f5es do produto<\/span><\/span><\/strong><br \/>\n<strong><span style=\"font-size: 18px;\">:<\/span><\/strong><\/div>\n<div><strong><span id=\"tl_3\" style=\"font-size: 18px;\">1. bateria: ego-t 900mah\/1100mah<br \/>\n2. atomizador: fluxo de ar ajust\u00e1vel, quartzo duplo, ego-d<\/span><\/strong><\/div>\n<div>\n<p><strong><span id=\"tl_4\" style=\"font-size: 18px;\">3. Kit de vaporizador de ervas secas<\/span><\/strong><\/p>\n<p><strong><span style=\"font-size: 18px;\"><span id=\"tl_5\" style=\"font-size: 22px;\">Lista de pacote:<\/span><\/span><\/strong><br \/>\n<strong><span style=\"font-size: 18px;\"><span id=\"tl_6\" style=\"font-size: 20px;\">1. bateria ego-t * 1<\/span><\/span><\/strong><\/p>\n<p><strong><span id=\"tl_7\" style=\"font-size: 20px;\">2. novo atomizador ego-d<br \/>\n3. Ferramenta de limpeza * 1<\/span><\/strong><\/p>\n<p><strong><span style=\"font-size: 20px;\">4.<\/span><\/strong><strong><span style=\"font-size: 20px;\"><span id=\"tl_8\" style=\"font-family: verdana, geneva, sans-serif;\">Cabo USB de 1 pe\u00e7a<\/span><\/span><\/strong><strong><span id=\"tl_9\" style=\"font-size: 20px;\"><br \/>\nEstojo * 1<\/span><\/strong><\/p>\n<p><img decoding=\"async\" loading=\"lazy\" src=\"https:\/\/ae01.alicdn.com\/kf\/HTB1zn97tXOWBuNjy0Fiq6xFxVXaJ.jpg\" \/><img decoding=\"async\" loading=\"lazy\" src=\"https:\/\/ae01.alicdn.com\/kf\/HTB1zarhteGSBuNjSspbq6AiipXaV.jpg\" \/><img decoding=\"async\" loading=\"lazy\" src=\"https:\/\/ae01.alicdn.com\/kf\/HTB134DDthSYBuNjSspjq6x73VXaL.jpg\" \/><img decoding=\"async\" loading=\"lazy\" src=\"https:\/\/ae01.alicdn.com\/kf\/HTB1eMPctXuWBuNjSszbq6AS7FXac.jpg\" \/><img decoding=\"async\" loading=\"lazy\" src=\"https:\/\/ae01.alicdn.com\/kf\/HTB1t0kQgDCWBKNjSZFtq6yC3FXaZ.jpg\" \/><img decoding=\"async\" loading=\"lazy\" src=\"https:\/\/ae01.alicdn.com\/kf\/HTB1foOhk_dYBeNkSmLyq6xfnVXab.jpg\" \/><img decoding=\"async\" loading=\"lazy\" src=\"https:\/\/ae01.alicdn.com\/kf\/HTB1jrLPdEFWMKJjSZFvq6yenFXa2.jpg\" \/><img decoding=\"async\" loading=\"lazy\" src=\"https:\/\/ae01.alicdn.com\/kf\/HTB1MYfTdzJTMKJjSZFPq6zHUFXaO.jpg\" \/><\/p>\n<\/div>\n<\/div>\n<\/div>\n<p>&nbsp;<\/p>\n<\/div>\n<\/div>","protected":false},"excerpt":{"rendered":"<p>&nbsp; Aussehen:\u00a0Zylindrische Form Kompatibler Akku:\u00a018350 \u00dcberwachung Funktion Von Rauchen Anzahl:\u00a0Nein Silikon Fall:\u00a0Nein Temperaturregelung:\u00a0Nein Eingebaute Oder Externe Batterie:\u00a0Eingebaute Kurzschlussschutz Funktion:\u00a0Ja \u00dcberhitzungsschutz-funktion:\u00a0Ja Niederspannungsalarmfunktion:\u00a0Nein Zerst\u00e4uber Identifikation Funktion:\u00a0Nein TCR Einstellung Modi:\u00a0Nein Nominale Kapazit\u00e4t:\u00a0900mah\/1100mah Material:\u00a0Metall Compatible Model:\u00a0510\/ego thread Modellnummer:\u00a0new ego-d vape kit Usb-ladeger\u00e4t:\u00a0Nein Firmware-upgrade:\u00a0Nein Display:\u00a0Nein Art:\u00a0EGO Markenname:\u00a0SUB TWO Ursprung:\u00a0CN (Herkunft) battery capcity:\u00a0900mah\/1100mah use for:\u00a0dry herb vaporizer Neueste ego-t ego-d starter [&hellip;]<\/p>","protected":false},"featured_media":6952,"template":"","meta":{"inline_featured_image":false},"product_cat":[752,756,739,743,76,79,81],"product_tag":[],"tiered_pricing_type":"fixed","tiered_pricing_fixed_rules":[],"tiered_pricing_percentage_rules":[],"tiered_pricing_minimum":1,"_administrator_tiered_pricing_type":"fixed","_administrator_tiered_pricing_fixed_rules":[],"_editor_tiered_pricing_type":"fixed","_editor_tiered_pricing_fixed_rules":[],"_author_tiered_pricing_type":"fixed","_author_tiered_pricing_fixed_rules":[],"_contributor_tiered_pricing_type":"fixed","_contributor_tiered_pricing_fixed_rules":[],"_subscriber_tiered_pricing_type":"fixed","_subscriber_tiered_pricing_fixed_rules":[],"_customer_tiered_pricing_type":"fixed","_customer_tiered_pricing_fixed_rules":[],"_shop_manager_tiered_pricing_type":"fixed","_shop_manager_tiered_pricing_fixed_rules":[],"_wpseo_manager_tiered_pricing_type":"fixed","_wpseo_manager_tiered_pricing_fixed_rules":[],"_wpseo_editor_tiered_pricing_type":"fixed","_wpseo_editor_tiered_pricing_fixed_rules":[],"_wholesale_customer_tiered_pricing_type":"fixed","_wholesale_customer_tiered_pricing_fixed_rules":[],"_marketer_tiered_pricing_type":"fixed","_marketer_tiered_pricing_fixed_rules":[],"_sales_manager_tiered_pricing_type":"fixed","_sales_manager_tiered_pricing_fixed_rules":[],"_sales_rep_tiered_pricing_type":"fixed","_sales_rep_tiered_pricing_fixed_rules":[],"yoast_head":"<!-- This site is optimized with the Yoast SEO plugin v23.3 - https:\/\/yoast.com\/wordpress\/plugins\/seo\/ -->\n<title>Vape pen ego-t ego-d starter kit trockene kr\u00e4uter verdampfer kits | ElementVape.de<\/title>\n<meta name=\"description\" content=\"Wir bieten Vape pen ego-t ego-d starter kit trockene kr\u00e4uter verdampfer kits , Elementvape.de akzeptieren Gro\u00df-und Einzelhandel Bestellungen.\" \/>\n<meta name=\"robots\" content=\"index, follow, max-snippet:-1, max-image-preview:large, max-video-preview:-1\" \/>\n<link rel=\"canonical\" href=\"https:\/\/www.elementvape.de\/pt\/produkt\/vape-pen-ego-t-ego-d-starter-kit-trockene-kraeuter-verdampfer-kits\/\" \/>\n<meta property=\"og:locale\" content=\"pt_PT\" \/>\n<meta property=\"og:type\" content=\"article\" \/>\n<meta property=\"og:title\" content=\"Vape pen ego-t ego-d starter kit trockene kr\u00e4uter verdampfer kits | ElementVape.de\" \/>\n<meta property=\"og:description\" content=\"Wir bieten Vape pen ego-t ego-d starter kit trockene kr\u00e4uter verdampfer kits , Elementvape.de akzeptieren Gro\u00df-und Einzelhandel Bestellungen.\" \/>\n<meta property=\"og:url\" content=\"https:\/\/www.elementvape.de\/pt\/produkt\/vape-pen-ego-t-ego-d-starter-kit-trockene-kraeuter-verdampfer-kits\/\" \/>\n<meta property=\"og:site_name\" content=\"ElementVape.de\" \/>\n<meta property=\"article:modified_time\" content=\"2024-12-12T06:37:25+00:00\" \/>\n<meta property=\"og:image\" content=\"https:\/\/ae01.alicdn.com\/kf\/S9b674825777743269d73f5b58965c729V\/Vape-pen-ego-t-ego-d-starter-kit-trockene-kr-uter-verdampfer-kits-mit-luftstrom-kontrolle.jpg\" \/>\n\t<meta property=\"og:image:width\" content=\"800\" \/>\n\t<meta property=\"og:image:height\" content=\"800\" \/>\n\t<meta property=\"og:image:type\" content=\"image\/jpeg\" \/>\n<meta name=\"twitter:card\" content=\"summary_large_image\" \/>\n<meta name=\"twitter:label1\" content=\"Est. reading time\" \/>\n\t<meta name=\"twitter:data1\" content=\"3 minutos\" \/>\n<script type=\"application\/ld+json\" class=\"yoast-schema-graph\">{\"@context\":\"https:\/\/schema.org\",\"@graph\":[{\"@type\":\"WebPage\",\"@id\":\"https:\/\/www.elementvape.de\/produkt\/vape-pen-ego-t-ego-d-starter-kit-trockene-kraeuter-verdampfer-kits\/\",\"url\":\"https:\/\/www.elementvape.de\/produkt\/vape-pen-ego-t-ego-d-starter-kit-trockene-kraeuter-verdampfer-kits\/\",\"name\":\"Vape pen ego-t ego-d starter kit trockene kr\u00e4uter verdampfer kits | ElementVape.de\",\"isPartOf\":{\"@id\":\"https:\/\/www.elementvape.de\/#website\"},\"primaryImageOfPage\":{\"@id\":\"https:\/\/www.elementvape.de\/produkt\/vape-pen-ego-t-ego-d-starter-kit-trockene-kraeuter-verdampfer-kits\/#primaryimage\"},\"image\":{\"@id\":\"https:\/\/www.elementvape.de\/produkt\/vape-pen-ego-t-ego-d-starter-kit-trockene-kraeuter-verdampfer-kits\/#primaryimage\"},\"thumbnailUrl\":\"https:\/\/ae01.alicdn.com\/kf\/S9b674825777743269d73f5b58965c729V\/Vape-pen-ego-t-ego-d-starter-kit-trockene-kr-uter-verdampfer-kits-mit-luftstrom-kontrolle.jpg\",\"datePublished\":\"2024-04-20T05:50:23+00:00\",\"dateModified\":\"2024-12-12T06:37:25+00:00\",\"description\":\"Wir bieten Vape pen ego-t ego-d starter kit trockene kr\u00e4uter verdampfer kits , Elementvape.de akzeptieren Gro\u00df-und Einzelhandel Bestellungen.\",\"breadcrumb\":{\"@id\":\"https:\/\/www.elementvape.de\/produkt\/vape-pen-ego-t-ego-d-starter-kit-trockene-kraeuter-verdampfer-kits\/#breadcrumb\"},\"inLanguage\":\"pt-PT\",\"potentialAction\":[{\"@type\":\"ReadAction\",\"target\":[\"https:\/\/www.elementvape.de\/produkt\/vape-pen-ego-t-ego-d-starter-kit-trockene-kraeuter-verdampfer-kits\/\"]}]},{\"@type\":\"ImageObject\",\"inLanguage\":\"pt-PT\",\"@id\":\"https:\/\/www.elementvape.de\/produkt\/vape-pen-ego-t-ego-d-starter-kit-trockene-kraeuter-verdampfer-kits\/#primaryimage\",\"url\":\"https:\/\/ae01.alicdn.com\/kf\/S9b674825777743269d73f5b58965c729V\/Vape-pen-ego-t-ego-d-starter-kit-trockene-kr-uter-verdampfer-kits-mit-luftstrom-kontrolle.jpg\",\"contentUrl\":\"https:\/\/ae01.alicdn.com\/kf\/S9b674825777743269d73f5b58965c729V\/Vape-pen-ego-t-ego-d-starter-kit-trockene-kr-uter-verdampfer-kits-mit-luftstrom-kontrolle.jpg\",\"width\":800,\"height\":800},{\"@type\":\"BreadcrumbList\",\"@id\":\"https:\/\/www.elementvape.de\/produkt\/vape-pen-ego-t-ego-d-starter-kit-trockene-kraeuter-verdampfer-kits\/#breadcrumb\",\"itemListElement\":[{\"@type\":\"ListItem\",\"position\":1,\"name\":\"Home\",\"item\":\"https:\/\/www.elementvape.de\/\"},{\"@type\":\"ListItem\",\"position\":2,\"name\":\"Shop\",\"item\":\"https:\/\/www.elementvape.de\/shop\/\"},{\"@type\":\"ListItem\",\"position\":3,\"name\":\"Vape pen ego-t ego-d starter kit trockene kr\u00e4uter verdampfer kits\"}]},{\"@type\":\"WebSite\",\"@id\":\"https:\/\/www.elementvape.de\/#website\",\"url\":\"https:\/\/www.elementvape.de\/\",\"name\":\"ElementVape.de\",\"description\":\"\",\"publisher\":{\"@id\":\"https:\/\/www.elementvape.de\/#organization\"},\"potentialAction\":[{\"@type\":\"SearchAction\",\"target\":{\"@type\":\"EntryPoint\",\"urlTemplate\":\"https:\/\/www.elementvape.de\/?s={search_term_string}\"},\"query-input\":\"required name=search_term_string\"}],\"inLanguage\":\"pt-PT\"},{\"@type\":\"Organization\",\"@id\":\"https:\/\/www.elementvape.de\/#organization\",\"name\":\"ElementVape.DE\",\"url\":\"https:\/\/www.elementvape.de\/\",\"logo\":{\"@type\":\"ImageObject\",\"inLanguage\":\"pt-PT\",\"@id\":\"https:\/\/www.elementvape.de\/#\/schema\/logo\/image\/\",\"url\":\"https:\/\/www.elementvape.de\/wp-content\/uploads\/2024\/09\/cropped-1elementvape-3.png\",\"contentUrl\":\"https:\/\/www.elementvape.de\/wp-content\/uploads\/2024\/09\/cropped-1elementvape-3.png\",\"width\":285,\"height\":228,\"caption\":\"ElementVape.DE\"},\"image\":{\"@id\":\"https:\/\/www.elementvape.de\/#\/schema\/logo\/image\/\"}}]}<\/script>\n<!-- \/ Yoast SEO plugin. -->","yoast_head_json":{"title":"Vape pen ego-t ego-d starter kit trockene kr\u00e4uter verdampfer kits | ElementVape.de","description":"Wir bieten Vape pen ego-t ego-d starter kit trockene kr\u00e4uter verdampfer kits , Elementvape.de akzeptieren Gro\u00df-und Einzelhandel Bestellungen.","robots":{"index":"index","follow":"follow","max-snippet":"max-snippet:-1","max-image-preview":"max-image-preview:large","max-video-preview":"max-video-preview:-1"},"canonical":"https:\/\/www.elementvape.de\/pt\/produkt\/vape-pen-ego-t-ego-d-starter-kit-trockene-kraeuter-verdampfer-kits\/","og_locale":"pt_PT","og_type":"article","og_title":"Vape pen ego-t ego-d starter kit trockene kr\u00e4uter verdampfer kits | ElementVape.de","og_description":"Wir bieten Vape pen ego-t ego-d starter kit trockene kr\u00e4uter verdampfer kits , Elementvape.de akzeptieren Gro\u00df-und Einzelhandel Bestellungen.","og_url":"https:\/\/www.elementvape.de\/pt\/produkt\/vape-pen-ego-t-ego-d-starter-kit-trockene-kraeuter-verdampfer-kits\/","og_site_name":"ElementVape.de","article_modified_time":"2024-12-12T06:37:25+00:00","og_image":[{"width":800,"height":800,"url":"https:\/\/ae01.alicdn.com\/kf\/S9b674825777743269d73f5b58965c729V\/Vape-pen-ego-t-ego-d-starter-kit-trockene-kr-uter-verdampfer-kits-mit-luftstrom-kontrolle.jpg","type":"image\/jpeg"}],"twitter_card":"summary_large_image","twitter_misc":{"Est. reading time":"3 minutos"},"schema":{"@context":"https:\/\/schema.org","@graph":[{"@type":"WebPage","@id":"https:\/\/www.elementvape.de\/produkt\/vape-pen-ego-t-ego-d-starter-kit-trockene-kraeuter-verdampfer-kits\/","url":"https:\/\/www.elementvape.de\/produkt\/vape-pen-ego-t-ego-d-starter-kit-trockene-kraeuter-verdampfer-kits\/","name":"Vape pen ego-t ego-d starter kit trockene kr\u00e4uter verdampfer kits | ElementVape.de","isPartOf":{"@id":"https:\/\/www.elementvape.de\/#website"},"primaryImageOfPage":{"@id":"https:\/\/www.elementvape.de\/produkt\/vape-pen-ego-t-ego-d-starter-kit-trockene-kraeuter-verdampfer-kits\/#primaryimage"},"image":{"@id":"https:\/\/www.elementvape.de\/produkt\/vape-pen-ego-t-ego-d-starter-kit-trockene-kraeuter-verdampfer-kits\/#primaryimage"},"thumbnailUrl":"https:\/\/ae01.alicdn.com\/kf\/S9b674825777743269d73f5b58965c729V\/Vape-pen-ego-t-ego-d-starter-kit-trockene-kr-uter-verdampfer-kits-mit-luftstrom-kontrolle.jpg","datePublished":"2024-04-20T05:50:23+00:00","dateModified":"2024-12-12T06:37:25+00:00","description":"Wir bieten Vape pen ego-t ego-d starter kit trockene kr\u00e4uter verdampfer kits , Elementvape.de akzeptieren Gro\u00df-und Einzelhandel Bestellungen.","breadcrumb":{"@id":"https:\/\/www.elementvape.de\/produkt\/vape-pen-ego-t-ego-d-starter-kit-trockene-kraeuter-verdampfer-kits\/#breadcrumb"},"inLanguage":"pt-PT","potentialAction":[{"@type":"ReadAction","target":["https:\/\/www.elementvape.de\/produkt\/vape-pen-ego-t-ego-d-starter-kit-trockene-kraeuter-verdampfer-kits\/"]}]},{"@type":"ImageObject","inLanguage":"pt-PT","@id":"https:\/\/www.elementvape.de\/produkt\/vape-pen-ego-t-ego-d-starter-kit-trockene-kraeuter-verdampfer-kits\/#primaryimage","url":"https:\/\/ae01.alicdn.com\/kf\/S9b674825777743269d73f5b58965c729V\/Vape-pen-ego-t-ego-d-starter-kit-trockene-kr-uter-verdampfer-kits-mit-luftstrom-kontrolle.jpg","contentUrl":"https:\/\/ae01.alicdn.com\/kf\/S9b674825777743269d73f5b58965c729V\/Vape-pen-ego-t-ego-d-starter-kit-trockene-kr-uter-verdampfer-kits-mit-luftstrom-kontrolle.jpg","width":800,"height":800},{"@type":"BreadcrumbList","@id":"https:\/\/www.elementvape.de\/produkt\/vape-pen-ego-t-ego-d-starter-kit-trockene-kraeuter-verdampfer-kits\/#breadcrumb","itemListElement":[{"@type":"ListItem","position":1,"name":"Home","item":"https:\/\/www.elementvape.de\/"},{"@type":"ListItem","position":2,"name":"Shop","item":"https:\/\/www.elementvape.de\/shop\/"},{"@type":"ListItem","position":3,"name":"Vape pen ego-t ego-d starter kit trockene kr\u00e4uter verdampfer kits"}]},{"@type":"WebSite","@id":"https:\/\/www.elementvape.de\/#website","url":"https:\/\/www.elementvape.de\/","name":"ElementVape.de","description":"","publisher":{"@id":"https:\/\/www.elementvape.de\/#organization"},"potentialAction":[{"@type":"SearchAction","target":{"@type":"EntryPoint","urlTemplate":"https:\/\/www.elementvape.de\/?s={search_term_string}"},"query-input":"required name=search_term_string"}],"inLanguage":"pt-PT"},{"@type":"Organization","@id":"https:\/\/www.elementvape.de\/#organization","name":"ElementVape.DE","url":"https:\/\/www.elementvape.de\/","logo":{"@type":"ImageObject","inLanguage":"pt-PT","@id":"https:\/\/www.elementvape.de\/#\/schema\/logo\/image\/","url":"https:\/\/www.elementvape.de\/wp-content\/uploads\/2024\/09\/cropped-1elementvape-3.png","contentUrl":"https:\/\/www.elementvape.de\/wp-content\/uploads\/2024\/09\/cropped-1elementvape-3.png","width":285,"height":228,"caption":"ElementVape.DE"},"image":{"@id":"https:\/\/www.elementvape.de\/#\/schema\/logo\/image\/"}}]}},"_links":{"self":[{"href":"https:\/\/www.elementvape.de\/pt\/wp-json\/wp\/v2\/product\/6951"}],"collection":[{"href":"https:\/\/www.elementvape.de\/pt\/wp-json\/wp\/v2\/product"}],"about":[{"href":"https:\/\/www.elementvape.de\/pt\/wp-json\/wp\/v2\/types\/product"}],"wp:featuredmedia":[{"embeddable":true,"href":"https:\/\/www.elementvape.de\/pt\/wp-json\/wp\/v2\/media\/6952"}],"wp:attachment":[{"href":"https:\/\/www.elementvape.de\/pt\/wp-json\/wp\/v2\/media?parent=6951"}],"wp:term":[{"taxonomy":"product_cat","embeddable":true,"href":"https:\/\/www.elementvape.de\/pt\/wp-json\/wp\/v2\/product_cat?post=6951"},{"taxonomy":"product_tag","embeddable":true,"href":"https:\/\/www.elementvape.de\/pt\/wp-json\/wp\/v2\/product_tag?post=6951"}],"curies":[{"name":"wp","href":"https:\/\/api.w.org\/{rel}","templated":true}]}}