{"id":6866,"date":"2024-04-20T03:50:57","date_gmt":"2024-04-20T03:50:57","guid":{"rendered":"https:\/\/www.elementvape.de\/?post_type=product&#038;p=6866"},"modified":"2024-12-12T06:37:31","modified_gmt":"2024-12-12T06:37:31","slug":"joyetech-eroll-slim-kit-mit-pcc-box-13w-vape-mit","status":"publish","type":"product","link":"https:\/\/www.elementvape.de\/pt\/produkt\/joyetech-eroll-slim-kit-mit-pcc-box-13w-vape-mit\/","title":{"rendered":"Kit Joyetech Eroll Slim com Caixa PCC 13W Vape com"},"content":{"rendered":"<p>&nbsp;<\/p>\n<div class=\"product-specs-list-container\">\n<ul class=\"product-specs-list util-clearfix\">\n<li class=\"product-prop line-limit-length\"><span class=\"property-title\">Apar\u00eancia:\u00a0<\/span><span class=\"property-desc line-limit-length\">Forma da Caixa<\/span><\/li>\n<li class=\"product-prop line-limit-length\"><span class=\"property-title\">Bateria Compat\u00edvel:\u00a0<\/span><span class=\"property-desc line-limit-length\">bateria integrada<\/span><\/li>\n<li class=\"product-prop line-limit-length\"><span class=\"property-title\">Fun\u00e7\u00e3o de Monitoriza\u00e7\u00e3o do N\u00famero de Fuma\u00e7as:\u00a0<\/span><span class=\"property-desc line-limit-length\">N\u00e3o<\/span><\/li>\n<li class=\"product-prop line-limit-length\"><span class=\"property-title\">Estojo de Silicone:\u00a0<\/span><span class=\"property-desc line-limit-length\">N\u00e3o<\/span><\/li>\n<li class=\"product-prop line-limit-length\"><span class=\"property-title\">Regula\u00e7\u00e3o de Temperatura:\u00a0<\/span><span class=\"property-desc line-limit-length\">N\u00e3o<\/span><\/li>\n<li class=\"product-prop line-limit-length\"><span class=\"property-title\">Bateria Embutida ou Externa:\u00a0<\/span><span class=\"property-desc line-limit-length\">Embebida<\/span><\/li>\n<li class=\"product-prop line-limit-length\"><span class=\"property-title\">Fun\u00e7\u00e3o de Prote\u00e7\u00e3o contra Curto-Circuito:\u00a0<\/span><span class=\"property-desc line-limit-length\">Ja<\/span><\/li>\n<li class=\"product-prop line-limit-length\"><span class=\"property-title\">Fun\u00e7\u00e3o de Prote\u00e7\u00e3o contra Sobreaquecimento:\u00a0<\/span><span class=\"property-desc line-limit-length\">Ja<\/span><\/li>\n<li class=\"product-prop line-limit-length\"><span class=\"property-title\">Fun\u00e7\u00e3o de alarme de baixa tens\u00e3o:\u00a0<\/span><span class=\"property-desc line-limit-length\">Ja<\/span><\/li>\n<li class=\"product-prop line-limit-length\"><span class=\"property-title\">Fun\u00e7\u00e3o de identifica\u00e7\u00e3o do vaporizador:\u00a0<\/span><span class=\"property-desc line-limit-length\">Ja<\/span><\/li>\n<li class=\"product-prop line-limit-length\"><span class=\"property-title\">Modos de configura\u00e7\u00e3o TCR:\u00a0<\/span><span class=\"property-desc line-limit-length\">N\u00e3o<\/span><\/li>\n<li class=\"product-prop line-limit-length\"><span class=\"property-title\">Capacidade nominal:\u00a0<\/span><span class=\"property-desc line-limit-length\">Nenhum<\/span><\/li>\n<li class=\"product-prop line-limit-length\"><span class=\"property-title\">Bateria compat\u00edvel: 18350\u00a0<\/span><span class=\"property-desc line-limit-length\">Metal<\/span><\/li>\n<li class=\"product-prop line-limit-length\"><span class=\"property-title\">Modelo compat\u00edvel:\u00a0<\/span><span class=\"property-desc line-limit-length\">Cigarro Eletr\u00f4nico Vape Pen<\/span><\/li>\n<li class=\"product-prop line-limit-length\"><span class=\"property-title\">N\u00famero do modelo:\u00a0<\/span><span class=\"property-desc line-limit-length\">Kit Joyetech eRoll Slim com Caixa PCC<\/span><\/li>\n<li class=\"product-prop line-limit-length\"><span class=\"property-title\">Carregador USB:\u00a0<\/span><span class=\"property-desc line-limit-length\">Ja<\/span><\/li>\n<li class=\"product-prop line-limit-length\"><span class=\"property-title\">Atualiza\u00e7\u00e3o de firmware:\u00a0<\/span><span class=\"property-desc line-limit-length\">Ja<\/span><\/li>\n<li class=\"product-prop line-limit-length\"><span class=\"property-title\">Fun\u00e7\u00e3o de monitoriza\u00e7\u00e3o do n\u00famero de fumos: N\u00e3o\u00a0<\/span><span class=\"property-desc line-limit-length\">N\u00e3o<\/span><\/li>\n<li class=\"product-prop line-limit-length\"><span class=\"property-title\">Tipo:\u00a0<\/span><span class=\"property-desc line-limit-length\">Com bateria<\/span><\/li>\n<li class=\"product-prop line-limit-length\"><span class=\"property-title\">Nome da marca:\u00a0<\/span><span class=\"property-desc line-limit-length\">JOYETECH<\/span><\/li>\n<li class=\"product-prop line-limit-length\"><span class=\"property-title\">Origem:\u00a0<\/span><span class=\"property-desc line-limit-length\">CN (Origem)<\/span><\/li>\n<li class=\"product-prop line-limit-length\"><span class=\"property-title\">Capacidade da Bateria:\u00a0<\/span><span class=\"property-desc line-limit-length\">Caixa PCC: bateria integrada de 1500mAh Kit eRoll Slim: bateria integrada de 480mAh<\/span><\/li>\n<li class=\"product-prop line-limit-length\"><span class=\"property-title\">Tamanho:\u00a0<\/span><span class=\"property-desc line-limit-length\">Caixa PCC: 23*44*107mm Kit eRoll Slim: 16*120mm<\/span><\/li>\n<li class=\"product-prop line-limit-length\"><span class=\"property-title\">Corrente de carregamento:\u00a0<\/span><span class=\"property-desc line-limit-length\">Caixa PCC: USB-C (5V\/2A) Kit eRoll Slim: USB-C (5V\/1A)<\/span><\/li>\n<li class=\"product-prop line-limit-length\"><span class=\"property-title\">Pot\u00eancia de sa\u00edda:\u00a0<\/span><span class=\"property-desc line-limit-length\">13W m\u00e1ximo<\/span><\/li>\n<li class=\"product-prop line-limit-length\"><span class=\"property-title\">Capacidade do Pod:\u00a0<\/span><span class=\"property-desc line-limit-length\">Cinza<\/span><\/li>\n<li class=\"product-prop line-limit-length\"><span class=\"property-title\">Cor:\u00a0<\/span><span class=\"property-desc line-limit-length\">Azul, Vermelho, Preto, Cinza Gunmetal, Dourado<\/span><\/li>\n<\/ul>\n<\/div>\n<div class=\"detailmodule_html\">\n<div class=\"detail-desc-decorate-richtext\">\n<div class=\"detailmodule_text\">\n<p id=\"tl_1\" class=\"detail-desc-decorate-title\" style=\"font-family: OpenSans; font-size: 20px; font-weight: 900; line-height: 28px; margin-bottom: 12px;\">Kit original Joyetech Eroll Slim com Caixa PCC, 13W, vape com bateria de 480mAh, carregador de 1500mAh, mala de carregamento, 2ml, cartucho de 1,0 Ohm, cigarro eletr\u00f3nico<\/p>\n<\/div>\n<div class=\"detailmodule_text\">\n<p id=\"tl_2\" class=\"detail-desc-decorate-title\" style=\"font-family: OpenSans; font-size: 20px; font-weight: 900; line-height: 28px; margin-bottom: 12px;\">Descri\u00e7\u00e3o:<\/p>\n<p id=\"tl_3\" class=\"detail-desc-decorate-content\" style=\"font-family: OpenSans; font-size: 14px; font-weight: 300; line-height: 20px; margin-bottom: 12px;\">O kit Eroll Slim \u00e9 feito de metal e couro para ser elegante e sofisticado. \u00c9 alimentado por uma bateria integrada de 480mAh com pot\u00eancia m\u00e1xima de 13W, carregada via USB-C. Tamb\u00e9m vem com uma mala de carregamento port\u00e1til de 1500mAh (PCC) para suportar o seu dia inteiro de vaping. O Eroll Slim possui um cartucho recarreg\u00e1vel de 2ml, equipado com uma resist\u00eancia de malha de 1.0\u03a9, oferecendo um sabor puro incompar\u00e1vel e uma garganta perfeita. Com bocal padr\u00e3o\/estreito de 510 inclu\u00eddo, pode proporcionar diferentes experi\u00eancias de vaping.<\/p>\n<\/div>\n<div class=\"detailmodule_text\">\n<p id=\"tl_4\" class=\"detail-desc-decorate-title\" style=\"font-family: OpenSans; font-size: 20px; font-weight: 900; line-height: 28px; margin-bottom: 12px;\">Par\u00e2metros:<\/p>\n<p id=\"tl_5\" class=\"detail-desc-decorate-content\" style=\"font-family: OpenSans; font-size: 14px; font-weight: 300; line-height: 20px; margin-bottom: 12px;\">Marca: joyetech<br \/>\nNome do produto: kit eroll slim com caixa pcc<br \/>\nTamanho da caixa pcc: 23*44*107mm<br \/>\nKit eroll slim: 16*120mm<br \/>\nCapacidade da bateria: Caixa PCC: bateria integrada de 1500mAh<br \/>\nKit eroll slim: bateria embutida de 480mAh<br \/>\nCorrente de carregamento da caixa pcc: USB-C (5V\/2A)<br \/>\nKit eroll slim: USB-C (5V\/1A)<br \/>\nPot\u00eancia de watt: 13W m\u00e1x<br \/>\nCapacidade do Pod: 2ml<br \/>\nDi\u00e2metro do orif\u00edcio de enchimento: 3,5mm<br \/>\nFaixa de resist\u00eancia: 1\u03a9<br \/>\nCor: azul, vermelho, preto, Gunmetal Grey, ouro<\/p>\n<\/div>\n<div class=\"detailmodule_text\">\n<p id=\"tl_6\" class=\"detail-desc-decorate-title\" style=\"font-family: OpenSans; font-size: 20px; font-weight: 900; line-height: 28px; margin-bottom: 12px;\">Detalhes:<\/p>\n<p id=\"tl_7\" class=\"detail-desc-decorate-content\" style=\"font-family: OpenSans; font-size: 14px; font-weight: 300; line-height: 20px; margin-bottom: 12px;\">1. Aceita uma bateria de caneta vape embutida de 480mAh com m\u00e1ximo de 13w<br \/>\nEquipado com mala de carregamento port\u00e1til de 1500mAh (PCC)<br \/>\n3. Suporta carregamento sem fios magn\u00e9tico e carregamento via USB-C<br \/>\n4. Indicador de bateria de 3 cores para vape pen elegante<br \/>\n5. Indica\u00e7\u00e3o de bateria do PCC para monitorizar o estado da bateria<br \/>\n6. projetado com alarme de vibra\u00e7\u00e3o inteligente<br \/>\n7. material de metal e couro, design ergon\u00f3mico<br \/>\n8. inclui cartucho de enchimento fino recarreg\u00e1vel de 2ml<br \/>\n9. vem com bocal padr\u00e3o e estreito 510<br \/>\n10. aceita bobina de malha de 1.0\u03a9 para sabor puro<br \/>\n11. projetado com sistema ativado por puxar<\/p>\n<\/div>\n<div class=\"detailmodule_text\">\n<p id=\"tl_8\" class=\"detail-desc-decorate-title\" style=\"font-family: OpenSans; font-size: 20px; font-weight: 900; line-height: 28px; margin-bottom: 12px;\">Pacote completo do kit:<\/p>\n<p id=\"tl_9\" class=\"detail-desc-decorate-content\" style=\"font-family: OpenSans; font-size: 14px; font-weight: 300; line-height: 20px; margin-bottom: 12px;\">1 * caixa pcc<br \/>\n1 * bateria eroll slim<br \/>\n1 * c\u00e1psula eroll slim<br \/>\n1 * bocal padr\u00e3o 510<br \/>\n1 * bocal estreito 510<br \/>\n1 * cabo USB Tipo-C<br \/>\n1 * manual do usu\u00e1rio<br \/>\n1 * cart\u00e3o de garantia<\/p>\n<\/div>\n<div class=\"detailmodule_image\"><img decoding=\"async\" loading=\"lazy\" class=\"detail-desc-decorate-image\" src=\"https:\/\/ae01.alicdn.com\/kf\/S27be604cd35e4b109e4d1ff1285a6b24h.jpg\" \/><br \/>\n<img decoding=\"async\" loading=\"lazy\" class=\"detail-desc-decorate-image\" src=\"https:\/\/ae01.alicdn.com\/kf\/Sfc2c19326cab48f4846dd7a5e9037b68n.jpg\" \/><br \/>\n<img decoding=\"async\" loading=\"lazy\" class=\"detail-desc-decorate-image\" src=\"https:\/\/ae01.alicdn.com\/kf\/Sc35e62aebb98478799d14d98da488a85e.jpg\" \/><br \/>\n<img decoding=\"async\" loading=\"lazy\" class=\"detail-desc-decorate-image\" src=\"https:\/\/ae01.alicdn.com\/kf\/S3f2d462acdf845928045051e9397302cc.jpg\" \/><br \/>\n<img decoding=\"async\" loading=\"lazy\" class=\"detail-desc-decorate-image\" src=\"https:\/\/ae01.alicdn.com\/kf\/Sc1fa826792834b37afaa8b13477119dcq.jpg\" \/><br \/>\n<img decoding=\"async\" loading=\"lazy\" class=\"detail-desc-decorate-image\" src=\"https:\/\/ae01.alicdn.com\/kf\/S8d2de2b536314e8fbf84ccc836c0e8e5D.jpg\" \/><br \/>\n<img decoding=\"async\" loading=\"lazy\" class=\"detail-desc-decorate-image\" src=\"https:\/\/ae01.alicdn.com\/kf\/S70d565d82cbe4490975e1cf87a098d8fT.jpg\" \/><br \/>\n<img decoding=\"async\" loading=\"lazy\" class=\"detail-desc-decorate-image\" src=\"https:\/\/ae01.alicdn.com\/kf\/S81048d2ac21f43c693b55070d63676e6I.jpg\" \/><br \/>\n<img decoding=\"async\" loading=\"lazy\" class=\"detail-desc-decorate-image\" src=\"https:\/\/ae01.alicdn.com\/kf\/S57958f6c12fe497c8913fc7f9275be03d.jpg\" \/><br \/>\n<img decoding=\"async\" loading=\"lazy\" class=\"detail-desc-decorate-image\" src=\"https:\/\/ae01.alicdn.com\/kf\/S04329ce0dce440a295332a1ba26e8390y.jpg\" \/><\/div>\n<div class=\"detailmodule_image\"><img decoding=\"async\" loading=\"lazy\" class=\"detail-desc-decorate-image\" src=\"https:\/\/ae01.alicdn.com\/kf\/S5c6f96c15e5348b8a03f747b32b331434.jpg\" \/><\/div>\n<p>&nbsp;<\/p>\n<\/div>\n<\/div>","protected":false},"excerpt":{"rendered":"<p>&nbsp; Aussehen:\u00a0Box Form Kompatibler Akku:\u00a0built-in battery \u00dcberwachung Funktion Von Rauchen Anzahl:\u00a0Nein Silikon Fall:\u00a0Nein Temperaturregelung:\u00a0Nein Eingebaute Oder Externe Batterie:\u00a0Eingebaute Kurzschlussschutz Funktion:\u00a0Ja \u00dcberhitzungsschutz-funktion:\u00a0Ja Niederspannungsalarmfunktion:\u00a0Ja Zerst\u00e4uber Identifikation Funktion:\u00a0Ja TCR Einstellung Modi:\u00a0Nein Nominale Kapazit\u00e4t:\u00a0Kein Material:\u00a0Metall Compatible Model:\u00a0Electronic Cigarette Vape Pen Modellnummer:\u00a0Joyetech eRoll Slim Kit with PCC Box Usb-ladeger\u00e4t:\u00a0Ja Firmware-upgrade:\u00a0Ja Display:\u00a0Nein Art:\u00a0Mit Batterie Markenname:\u00a0JOYETECH Ursprung:\u00a0CN (Herkunft) Battery Capacity:\u00a0PCC Box: Built-in [&hellip;]<\/p>","protected":false},"featured_media":6868,"template":"","meta":{"inline_featured_image":false},"product_cat":[752,756,739,743,76,79,81],"product_tag":[],"tiered_pricing_type":"fixed","tiered_pricing_fixed_rules":[],"tiered_pricing_percentage_rules":[],"tiered_pricing_minimum":1,"_administrator_tiered_pricing_type":"fixed","_administrator_tiered_pricing_fixed_rules":[],"_editor_tiered_pricing_type":"fixed","_editor_tiered_pricing_fixed_rules":[],"_author_tiered_pricing_type":"fixed","_author_tiered_pricing_fixed_rules":[],"_contributor_tiered_pricing_type":"fixed","_contributor_tiered_pricing_fixed_rules":[],"_subscriber_tiered_pricing_type":"fixed","_subscriber_tiered_pricing_fixed_rules":[],"_customer_tiered_pricing_type":"fixed","_customer_tiered_pricing_fixed_rules":[],"_shop_manager_tiered_pricing_type":"fixed","_shop_manager_tiered_pricing_fixed_rules":[],"_wpseo_manager_tiered_pricing_type":"fixed","_wpseo_manager_tiered_pricing_fixed_rules":[],"_wpseo_editor_tiered_pricing_type":"fixed","_wpseo_editor_tiered_pricing_fixed_rules":[],"_wholesale_customer_tiered_pricing_type":"fixed","_wholesale_customer_tiered_pricing_fixed_rules":[],"_marketer_tiered_pricing_type":"fixed","_marketer_tiered_pricing_fixed_rules":[],"_sales_manager_tiered_pricing_type":"fixed","_sales_manager_tiered_pricing_fixed_rules":[],"_sales_rep_tiered_pricing_type":"fixed","_sales_rep_tiered_pricing_fixed_rules":[],"yoast_head":"<!-- This site is optimized with the Yoast SEO plugin v23.3 - https:\/\/yoast.com\/wordpress\/plugins\/seo\/ -->\n<title>Joyetech Eroll Slim Kit mit PCC Box 13W Vape mit | ElementVape.de<\/title>\n<meta name=\"description\" content=\"Wir bieten Joyetech Eroll Slim Kit mit PCC Box 13W Vape mit , Elementvape.de akzeptieren Gro\u00df-und Einzelhandel Bestellungen.\" \/>\n<meta name=\"robots\" content=\"index, follow, max-snippet:-1, max-image-preview:large, max-video-preview:-1\" \/>\n<link rel=\"canonical\" href=\"https:\/\/www.elementvape.de\/pt\/produkt\/joyetech-eroll-slim-kit-mit-pcc-box-13w-vape-mit\/\" \/>\n<meta property=\"og:locale\" content=\"pt_PT\" \/>\n<meta property=\"og:type\" content=\"article\" \/>\n<meta property=\"og:title\" content=\"Joyetech Eroll Slim Kit mit PCC Box 13W Vape mit | ElementVape.de\" \/>\n<meta property=\"og:description\" content=\"Wir bieten Joyetech Eroll Slim Kit mit PCC Box 13W Vape mit , Elementvape.de akzeptieren Gro\u00df-und Einzelhandel Bestellungen.\" \/>\n<meta property=\"og:url\" content=\"https:\/\/www.elementvape.de\/pt\/produkt\/joyetech-eroll-slim-kit-mit-pcc-box-13w-vape-mit\/\" \/>\n<meta property=\"og:site_name\" content=\"ElementVape.de\" \/>\n<meta property=\"article:modified_time\" content=\"2024-12-12T06:37:31+00:00\" \/>\n<meta property=\"og:image\" content=\"https:\/\/ae01.alicdn.com\/kf\/Sb094d586e6104294bd8cf3d84d707a5fM\/Original-Joyetech-Eroll-Slim-Kit-mit-PCC-Box-13W-Vape-mit-480mAh-Akku-1500mAh-Lade-koffer.jpg\" \/>\n\t<meta property=\"og:image:width\" content=\"800\" \/>\n\t<meta property=\"og:image:height\" content=\"800\" \/>\n\t<meta property=\"og:image:type\" content=\"image\/jpeg\" \/>\n<meta name=\"twitter:card\" content=\"summary_large_image\" \/>\n<meta name=\"twitter:label1\" content=\"Est. reading time\" \/>\n\t<meta name=\"twitter:data1\" content=\"5 minutos\" \/>\n<script type=\"application\/ld+json\" class=\"yoast-schema-graph\">{\"@context\":\"https:\/\/schema.org\",\"@graph\":[{\"@type\":\"WebPage\",\"@id\":\"https:\/\/www.elementvape.de\/produkt\/joyetech-eroll-slim-kit-mit-pcc-box-13w-vape-mit\/\",\"url\":\"https:\/\/www.elementvape.de\/produkt\/joyetech-eroll-slim-kit-mit-pcc-box-13w-vape-mit\/\",\"name\":\"Joyetech Eroll Slim Kit mit PCC Box 13W Vape mit | ElementVape.de\",\"isPartOf\":{\"@id\":\"https:\/\/www.elementvape.de\/#website\"},\"primaryImageOfPage\":{\"@id\":\"https:\/\/www.elementvape.de\/produkt\/joyetech-eroll-slim-kit-mit-pcc-box-13w-vape-mit\/#primaryimage\"},\"image\":{\"@id\":\"https:\/\/www.elementvape.de\/produkt\/joyetech-eroll-slim-kit-mit-pcc-box-13w-vape-mit\/#primaryimage\"},\"thumbnailUrl\":\"https:\/\/ae01.alicdn.com\/kf\/Sb094d586e6104294bd8cf3d84d707a5fM\/Original-Joyetech-Eroll-Slim-Kit-mit-PCC-Box-13W-Vape-mit-480mAh-Akku-1500mAh-Lade-koffer.jpg\",\"datePublished\":\"2024-04-20T03:50:57+00:00\",\"dateModified\":\"2024-12-12T06:37:31+00:00\",\"description\":\"Wir bieten Joyetech Eroll Slim Kit mit PCC Box 13W Vape mit , Elementvape.de akzeptieren Gro\u00df-und Einzelhandel Bestellungen.\",\"breadcrumb\":{\"@id\":\"https:\/\/www.elementvape.de\/produkt\/joyetech-eroll-slim-kit-mit-pcc-box-13w-vape-mit\/#breadcrumb\"},\"inLanguage\":\"pt-PT\",\"potentialAction\":[{\"@type\":\"ReadAction\",\"target\":[\"https:\/\/www.elementvape.de\/produkt\/joyetech-eroll-slim-kit-mit-pcc-box-13w-vape-mit\/\"]}]},{\"@type\":\"ImageObject\",\"inLanguage\":\"pt-PT\",\"@id\":\"https:\/\/www.elementvape.de\/produkt\/joyetech-eroll-slim-kit-mit-pcc-box-13w-vape-mit\/#primaryimage\",\"url\":\"https:\/\/ae01.alicdn.com\/kf\/Sb094d586e6104294bd8cf3d84d707a5fM\/Original-Joyetech-Eroll-Slim-Kit-mit-PCC-Box-13W-Vape-mit-480mAh-Akku-1500mAh-Lade-koffer.jpg\",\"contentUrl\":\"https:\/\/ae01.alicdn.com\/kf\/Sb094d586e6104294bd8cf3d84d707a5fM\/Original-Joyetech-Eroll-Slim-Kit-mit-PCC-Box-13W-Vape-mit-480mAh-Akku-1500mAh-Lade-koffer.jpg\",\"width\":800,\"height\":800},{\"@type\":\"BreadcrumbList\",\"@id\":\"https:\/\/www.elementvape.de\/produkt\/joyetech-eroll-slim-kit-mit-pcc-box-13w-vape-mit\/#breadcrumb\",\"itemListElement\":[{\"@type\":\"ListItem\",\"position\":1,\"name\":\"Home\",\"item\":\"https:\/\/www.elementvape.de\/\"},{\"@type\":\"ListItem\",\"position\":2,\"name\":\"Shop\",\"item\":\"https:\/\/www.elementvape.de\/shop\/\"},{\"@type\":\"ListItem\",\"position\":3,\"name\":\"Joyetech Eroll Slim Kit mit PCC Box 13W Vape mit\"}]},{\"@type\":\"WebSite\",\"@id\":\"https:\/\/www.elementvape.de\/#website\",\"url\":\"https:\/\/www.elementvape.de\/\",\"name\":\"ElementVape.de\",\"description\":\"\",\"publisher\":{\"@id\":\"https:\/\/www.elementvape.de\/#organization\"},\"potentialAction\":[{\"@type\":\"SearchAction\",\"target\":{\"@type\":\"EntryPoint\",\"urlTemplate\":\"https:\/\/www.elementvape.de\/?s={search_term_string}\"},\"query-input\":\"required name=search_term_string\"}],\"inLanguage\":\"pt-PT\"},{\"@type\":\"Organization\",\"@id\":\"https:\/\/www.elementvape.de\/#organization\",\"name\":\"ElementVape.DE\",\"url\":\"https:\/\/www.elementvape.de\/\",\"logo\":{\"@type\":\"ImageObject\",\"inLanguage\":\"pt-PT\",\"@id\":\"https:\/\/www.elementvape.de\/#\/schema\/logo\/image\/\",\"url\":\"https:\/\/www.elementvape.de\/wp-content\/uploads\/2024\/09\/cropped-1elementvape-3.png\",\"contentUrl\":\"https:\/\/www.elementvape.de\/wp-content\/uploads\/2024\/09\/cropped-1elementvape-3.png\",\"width\":285,\"height\":228,\"caption\":\"ElementVape.DE\"},\"image\":{\"@id\":\"https:\/\/www.elementvape.de\/#\/schema\/logo\/image\/\"}}]}<\/script>\n<!-- \/ Yoast SEO plugin. -->","yoast_head_json":{"title":"Joyetech Eroll Slim Kit mit PCC Box 13W Vape mit | ElementVape.de","description":"Wir bieten Joyetech Eroll Slim Kit mit PCC Box 13W Vape mit , Elementvape.de akzeptieren Gro\u00df-und Einzelhandel Bestellungen.","robots":{"index":"index","follow":"follow","max-snippet":"max-snippet:-1","max-image-preview":"max-image-preview:large","max-video-preview":"max-video-preview:-1"},"canonical":"https:\/\/www.elementvape.de\/pt\/produkt\/joyetech-eroll-slim-kit-mit-pcc-box-13w-vape-mit\/","og_locale":"pt_PT","og_type":"article","og_title":"Joyetech Eroll Slim Kit mit PCC Box 13W Vape mit | ElementVape.de","og_description":"Wir bieten Joyetech Eroll Slim Kit mit PCC Box 13W Vape mit , Elementvape.de akzeptieren Gro\u00df-und Einzelhandel Bestellungen.","og_url":"https:\/\/www.elementvape.de\/pt\/produkt\/joyetech-eroll-slim-kit-mit-pcc-box-13w-vape-mit\/","og_site_name":"ElementVape.de","article_modified_time":"2024-12-12T06:37:31+00:00","og_image":[{"width":800,"height":800,"url":"https:\/\/ae01.alicdn.com\/kf\/Sb094d586e6104294bd8cf3d84d707a5fM\/Original-Joyetech-Eroll-Slim-Kit-mit-PCC-Box-13W-Vape-mit-480mAh-Akku-1500mAh-Lade-koffer.jpg","type":"image\/jpeg"}],"twitter_card":"summary_large_image","twitter_misc":{"Est. reading time":"5 minutos"},"schema":{"@context":"https:\/\/schema.org","@graph":[{"@type":"WebPage","@id":"https:\/\/www.elementvape.de\/produkt\/joyetech-eroll-slim-kit-mit-pcc-box-13w-vape-mit\/","url":"https:\/\/www.elementvape.de\/produkt\/joyetech-eroll-slim-kit-mit-pcc-box-13w-vape-mit\/","name":"Joyetech Eroll Slim Kit mit PCC Box 13W Vape mit | ElementVape.de","isPartOf":{"@id":"https:\/\/www.elementvape.de\/#website"},"primaryImageOfPage":{"@id":"https:\/\/www.elementvape.de\/produkt\/joyetech-eroll-slim-kit-mit-pcc-box-13w-vape-mit\/#primaryimage"},"image":{"@id":"https:\/\/www.elementvape.de\/produkt\/joyetech-eroll-slim-kit-mit-pcc-box-13w-vape-mit\/#primaryimage"},"thumbnailUrl":"https:\/\/ae01.alicdn.com\/kf\/Sb094d586e6104294bd8cf3d84d707a5fM\/Original-Joyetech-Eroll-Slim-Kit-mit-PCC-Box-13W-Vape-mit-480mAh-Akku-1500mAh-Lade-koffer.jpg","datePublished":"2024-04-20T03:50:57+00:00","dateModified":"2024-12-12T06:37:31+00:00","description":"Wir bieten Joyetech Eroll Slim Kit mit PCC Box 13W Vape mit , Elementvape.de akzeptieren Gro\u00df-und Einzelhandel Bestellungen.","breadcrumb":{"@id":"https:\/\/www.elementvape.de\/produkt\/joyetech-eroll-slim-kit-mit-pcc-box-13w-vape-mit\/#breadcrumb"},"inLanguage":"pt-PT","potentialAction":[{"@type":"ReadAction","target":["https:\/\/www.elementvape.de\/produkt\/joyetech-eroll-slim-kit-mit-pcc-box-13w-vape-mit\/"]}]},{"@type":"ImageObject","inLanguage":"pt-PT","@id":"https:\/\/www.elementvape.de\/produkt\/joyetech-eroll-slim-kit-mit-pcc-box-13w-vape-mit\/#primaryimage","url":"https:\/\/ae01.alicdn.com\/kf\/Sb094d586e6104294bd8cf3d84d707a5fM\/Original-Joyetech-Eroll-Slim-Kit-mit-PCC-Box-13W-Vape-mit-480mAh-Akku-1500mAh-Lade-koffer.jpg","contentUrl":"https:\/\/ae01.alicdn.com\/kf\/Sb094d586e6104294bd8cf3d84d707a5fM\/Original-Joyetech-Eroll-Slim-Kit-mit-PCC-Box-13W-Vape-mit-480mAh-Akku-1500mAh-Lade-koffer.jpg","width":800,"height":800},{"@type":"BreadcrumbList","@id":"https:\/\/www.elementvape.de\/produkt\/joyetech-eroll-slim-kit-mit-pcc-box-13w-vape-mit\/#breadcrumb","itemListElement":[{"@type":"ListItem","position":1,"name":"Home","item":"https:\/\/www.elementvape.de\/"},{"@type":"ListItem","position":2,"name":"Shop","item":"https:\/\/www.elementvape.de\/shop\/"},{"@type":"ListItem","position":3,"name":"Joyetech Eroll Slim Kit mit PCC Box 13W Vape mit"}]},{"@type":"WebSite","@id":"https:\/\/www.elementvape.de\/#website","url":"https:\/\/www.elementvape.de\/","name":"ElementVape.de","description":"","publisher":{"@id":"https:\/\/www.elementvape.de\/#organization"},"potentialAction":[{"@type":"SearchAction","target":{"@type":"EntryPoint","urlTemplate":"https:\/\/www.elementvape.de\/?s={search_term_string}"},"query-input":"required name=search_term_string"}],"inLanguage":"pt-PT"},{"@type":"Organization","@id":"https:\/\/www.elementvape.de\/#organization","name":"ElementVape.DE","url":"https:\/\/www.elementvape.de\/","logo":{"@type":"ImageObject","inLanguage":"pt-PT","@id":"https:\/\/www.elementvape.de\/#\/schema\/logo\/image\/","url":"https:\/\/www.elementvape.de\/wp-content\/uploads\/2024\/09\/cropped-1elementvape-3.png","contentUrl":"https:\/\/www.elementvape.de\/wp-content\/uploads\/2024\/09\/cropped-1elementvape-3.png","width":285,"height":228,"caption":"ElementVape.DE"},"image":{"@id":"https:\/\/www.elementvape.de\/#\/schema\/logo\/image\/"}}]}},"_links":{"self":[{"href":"https:\/\/www.elementvape.de\/pt\/wp-json\/wp\/v2\/product\/6866"}],"collection":[{"href":"https:\/\/www.elementvape.de\/pt\/wp-json\/wp\/v2\/product"}],"about":[{"href":"https:\/\/www.elementvape.de\/pt\/wp-json\/wp\/v2\/types\/product"}],"wp:featuredmedia":[{"embeddable":true,"href":"https:\/\/www.elementvape.de\/pt\/wp-json\/wp\/v2\/media\/6868"}],"wp:attachment":[{"href":"https:\/\/www.elementvape.de\/pt\/wp-json\/wp\/v2\/media?parent=6866"}],"wp:term":[{"taxonomy":"product_cat","embeddable":true,"href":"https:\/\/www.elementvape.de\/pt\/wp-json\/wp\/v2\/product_cat?post=6866"},{"taxonomy":"product_tag","embeddable":true,"href":"https:\/\/www.elementvape.de\/pt\/wp-json\/wp\/v2\/product_tag?post=6866"}],"curies":[{"name":"wp","href":"https:\/\/api.w.org\/{rel}","templated":true}]}}