{"id":6827,"date":"2024-04-20T03:44:57","date_gmt":"2024-04-20T03:44:57","guid":{"rendered":"https:\/\/www.elementvape.de\/?post_type=product&#038;p=6827"},"modified":"2024-12-12T06:37:35","modified_gmt":"2024-12-12T06:37:35","slug":"wiederauf-ladbarer-dicker-oel-verdampfer-mit-unterem-micro-usb-ladeans-chluss","status":"publish","type":"product","link":"https:\/\/www.elementvape.de\/pt\/produkt\/wiederauf-ladbarer-dicker-oel-verdampfer-mit-unterem-micro-usb-ladeans-chluss\/","title":{"rendered":"Vaporizador de \u00f3leo grosso recarreg\u00e1vel com conex\u00e3o Micro-USB na parte inferior"},"content":{"rendered":"<p>&nbsp;<\/p>\n<div class=\"product-specs-list-container\">\n<ul class=\"product-specs-list util-clearfix\">\n<li class=\"product-prop line-limit-length\"><span class=\"property-title\">Apar\u00eancia:\u00a0<\/span><span class=\"property-desc line-limit-length\">Forma cil\u00edndrica<\/span><\/li>\n<li class=\"product-prop line-limit-length\"><span class=\"property-title\">Bateria Compat\u00edvel:\u00a0<\/span><span class=\"property-desc line-limit-length\">Nenhum<\/span><\/li>\n<li class=\"product-prop line-limit-length\"><span class=\"property-title\">Fun\u00e7\u00e3o de Monitoriza\u00e7\u00e3o do N\u00famero de Fuma\u00e7as:\u00a0<\/span><span class=\"property-desc line-limit-length\">N\u00e3o<\/span><\/li>\n<li class=\"product-prop line-limit-length\"><span class=\"property-title\">Estojo de Silicone:\u00a0<\/span><span class=\"property-desc line-limit-length\">N\u00e3o<\/span><\/li>\n<li class=\"product-prop line-limit-length\"><span class=\"property-title\">Regula\u00e7\u00e3o de Temperatura:\u00a0<\/span><span class=\"property-desc line-limit-length\">N\u00e3o<\/span><\/li>\n<li class=\"product-prop line-limit-length\"><span class=\"property-title\">Bateria Embutida ou Externa:\u00a0<\/span><span class=\"property-desc line-limit-length\">Embebida<\/span><\/li>\n<li class=\"product-prop line-limit-length\"><span class=\"property-title\">Fun\u00e7\u00e3o de Prote\u00e7\u00e3o contra Curto-Circuito:\u00a0<\/span><span class=\"property-desc line-limit-length\">Ja<\/span><\/li>\n<li class=\"product-prop line-limit-length\"><span class=\"property-title\">Fun\u00e7\u00e3o de Prote\u00e7\u00e3o contra Sobreaquecimento:\u00a0<\/span><span class=\"property-desc line-limit-length\">Ja<\/span><\/li>\n<li class=\"product-prop line-limit-length\"><span class=\"property-title\">Fun\u00e7\u00e3o de alarme de baixa tens\u00e3o:\u00a0<\/span><span class=\"property-desc line-limit-length\">N\u00e3o<\/span><\/li>\n<li class=\"product-prop line-limit-length\"><span class=\"property-title\">Fun\u00e7\u00e3o de identifica\u00e7\u00e3o do vaporizador:\u00a0<\/span><span class=\"property-desc line-limit-length\">N\u00e3o<\/span><\/li>\n<li class=\"product-prop line-limit-length\"><span class=\"property-title\">Modos de configura\u00e7\u00e3o TCR:\u00a0<\/span><span class=\"property-desc line-limit-length\">N\u00e3o<\/span><\/li>\n<li class=\"product-prop line-limit-length\"><span class=\"property-title\">Capacidade nominal:\u00a0<\/span><span class=\"property-desc line-limit-length\">&lt;700 mAh<\/span><\/li>\n<li class=\"product-prop line-limit-length\"><span class=\"property-title\">Bateria compat\u00edvel: 18350\u00a0<\/span><span class=\"property-desc line-limit-length\">Metal<\/span><\/li>\n<li class=\"product-prop line-limit-length\"><span class=\"property-title\">Modelo compat\u00edvel:\u00a0<\/span><span class=\"property-desc line-limit-length\">\u00d3leo grosso de CBD<\/span><\/li>\n<li class=\"product-prop line-limit-length\"><span class=\"property-title\">N\u00famero do modelo:\u00a0<\/span><span class=\"property-desc line-limit-length\">Kit de vaporizador CC-ELL TH205<\/span><\/li>\n<li class=\"product-prop line-limit-length\"><span class=\"property-title\">Carregador USB:\u00a0<\/span><span class=\"property-desc line-limit-length\">Ja<\/span><\/li>\n<li class=\"product-prop line-limit-length\"><span class=\"property-title\">Atualiza\u00e7\u00e3o de firmware:\u00a0<\/span><span class=\"property-desc line-limit-length\">N\u00e3o<\/span><\/li>\n<li class=\"product-prop line-limit-length\"><span class=\"property-title\">Fun\u00e7\u00e3o de monitoriza\u00e7\u00e3o do n\u00famero de fumos: N\u00e3o\u00a0<\/span><span class=\"property-desc line-limit-length\">N\u00e3o<\/span><\/li>\n<li class=\"product-prop line-limit-length\"><span class=\"property-title\">Tipo:\u00a0<\/span><span class=\"property-desc line-limit-length\">descart\u00e1vel<\/span><\/li>\n<li class=\"product-prop line-limit-length\"><span class=\"property-title\">Nome da marca:\u00a0<\/span><span class=\"property-desc line-limit-length\">Capa de silicone: N\u00e3o<\/span><\/li>\n<li class=\"product-prop line-limit-length\"><span class=\"property-title\">Origem:\u00a0<\/span><span class=\"property-desc line-limit-length\">CN (Origem)<\/span><\/li>\n<li class=\"product-prop line-limit-length\"><span class=\"property-title\">Tens\u00e3o Nominal:\u00a0<\/span><span class=\"property-desc line-limit-length\">3 V<\/span><\/li>\n<li class=\"product-prop line-limit-length\"><span class=\"property-title\">N\u00famero do modelo:\u00a0<\/span><span class=\"property-desc line-limit-length\">Caneta de Vape descart\u00e1vel de cer\u00e2mica<\/span><\/li>\n<li class=\"product-prop line-limit-length\"><span class=\"property-title\">Tamanho:\u00a0<\/span><span class=\"property-desc line-limit-length\">18350<\/span><\/li>\n<li class=\"product-prop line-limit-length\"><span class=\"property-title\">Capacidade nominal:\u00a0<\/span><span class=\"property-desc line-limit-length\">&lt;700 mAh<\/span><\/li>\n<li class=\"product-prop line-limit-length\"><span class=\"property-title\">Tipo:\u00a0<\/span><span class=\"property-desc line-limit-length\">Li-ion<\/span><\/li>\n<li class=\"product-prop line-limit-length\"><span class=\"property-title\">capacidade da bateria:\u00a0<\/span><span class=\"property-desc line-limit-length\">Descri\u00e7\u00e3o:\\n\\nCapacidade de \u00f3leo: 2,0 ml\\nBateria: 280mAh\\nTamanho do orif\u00edcio de \u00f3leo: 2*1,8mm\\nBobina: bobina de cer\u00e2mica aprimorada\\nResist\u00eancia: 1,4 Ohm\\nRecheio: Recheio superior\\nBateria recarreg\u00e1vel na base\\n\\nEnviamos os pinos com pod vazio (n\u00e3o pr\u00e9-preenchido)\\nPor favor, note que o produto n\u00e3o vem embalado com caixa, etiquetas ou carregador\\n\\nVantagens:\\n\\n1. Vape pen recarreg\u00e1vel oferece pot\u00eancia suficiente para destilados grossos\\n2. Design para \u00f3leo grosso, oferece grandes nuvens e tiro suave\\n3. Design de veda\u00e7\u00e3o apertada sem vazamentos\\n4. Bobina de cer\u00e2mica aprimorada oferece sabor puro, sem queimar\\n5. Design compacto, port\u00e1til, f\u00e1cil de usar, com estilo moderno\\n6. Janela vis\u00edvel\\n7. Design de travamento por encaixe para f\u00e1cil tampagem\\n8. Sistema de pod fechado\\n9. Reabastecimento f\u00e1cil\\n10. Qualidade est\u00e1vel, desempenho est\u00e1vel, pre\u00e7o competitivo\\n11. Oferece servi\u00e7o OEM<\/span><\/li>\n<li class=\"product-prop line-limit-length\"><span class=\"property-title\">capacidade do cartucho:\u00a0<\/span><span class=\"property-desc line-limit-length\">0,5ml\/1,0ml<\/span><\/li>\n<li class=\"product-prop line-limit-length\"><span class=\"property-title\">cor da bateria:\u00a0<\/span><span class=\"property-desc line-limit-length\">preto\/a\u00e7o\/branco<\/span><\/li>\n<li class=\"product-prop line-limit-length\"><span class=\"property-title\">uso para:\u00a0<\/span><span class=\"property-desc line-limit-length\">\u00f3leo espesso<\/span><\/li>\n<\/ul>\n<\/div>\n<div class=\"detailmodule_html\">\n<div class=\"detail-desc-decorate-richtext\">\n<div style=\"text-align: center;\"><span id=\"tl_1\" style=\"font-size: 20px;\">10 pe\u00e7as de cartucho de cer\u00e2mica CC-ELL th205 vape 510, capacidade de 0,5 ml\/1,0 ml, atomizador de \u00f3leo grosso recarreg\u00e1vel com conex\u00e3o de carregamento Micro-USB inferior<\/span><\/div>\n<div><span style=\"font-size: 20px;\">\u00a0<\/span><\/div>\n<div>\n<p><span id=\"tl_2\" style=\"font-size: 16px;\">Caracter\u00edsticas:<br \/>\nCapacidade da bateria de 280mAh<\/span><\/p>\n<p><span id=\"tl_3\" style=\"font-size: 16px;\">Capacidade de cartuchos de 1,0 ml\/0,5 ml<\/span><\/p>\n<p><span id=\"tl_4\" style=\"font-size: 16px;\">Com conex\u00e3o de carregamento inferior<\/span><\/p>\n<p><span id=\"tl_5\" style=\"font-size: 16px;\">Bobina de aquecimento de cer\u00e2mica vertical<\/span><\/p>\n<p><span id=\"tl_6\" style=\"font-size: 16px;\">Cartuchos pretos\/brancos<\/span><\/p>\n<p><span id=\"tl_7\" style=\"font-size: 16px;\">Preto\/prata\/branco\/ a\u00e7o \u00e0 escolha<\/span><span id=\"tl_8\" style=\"font-size: 16px;\"><br \/>\nObserva\u00e7\u00f5es:<\/span><\/p>\n<p><span id=\"tl_9\" style=\"font-size: 16px;\">(1). Esta caneta n\u00e3o vem com um cabo USB.<\/span><\/p>\n<p><span id=\"tl_10\" style=\"font-size: 16px;\">(2). Por favor, deixe-nos uma mensagem sobre o tipo de bocal e embalagem que voc\u00ea precisa. Se nenhuma solicita\u00e7\u00e3o for feita, enviaremos aleatoriamente.<\/span><\/p>\n<p><span id=\"tl_11\" style=\"font-size: 16px;\">Imagens:<\/span><\/p>\n<p><img decoding=\"async\" loading=\"lazy\" style=\"width: 800px;\" src=\"https:\/\/ae01.alicdn.com\/kf\/Hf78b722ea97a4a188d765c5e4a1cef48j.jpg\" \/><\/p>\n<p><img decoding=\"async\" loading=\"lazy\" style=\"width: 800px;\" src=\"https:\/\/ae01.alicdn.com\/kf\/H66966841dd6945fdac7a16864053819eA.jpg\" \/><\/p>\n<p><img decoding=\"async\" loading=\"lazy\" style=\"width: 800px;\" src=\"https:\/\/ae01.alicdn.com\/kf\/Hd9a56b7be5014507a512adaacb2af1cd7.jpg\" \/><\/p>\n<p><img decoding=\"async\" loading=\"lazy\" style=\"width: 800px;\" src=\"https:\/\/ae01.alicdn.com\/kf\/Ha0f8e492263c4d9f81a323500916d62aM.jpg\" \/><\/p>\n<p><img decoding=\"async\" loading=\"lazy\" style=\"width: 800px;\" src=\"https:\/\/ae01.alicdn.com\/kf\/H8d785006143f44859e78eefb01a42cdcm.jpg\" \/><\/p>\n<p><img decoding=\"async\" loading=\"lazy\" style=\"width: 800px;\" src=\"https:\/\/ae01.alicdn.com\/kf\/H0da61e761b0e46f786c942b68c3634944.jpg\" \/><\/p>\n<p><img decoding=\"async\" loading=\"lazy\" style=\"width: 800px;\" src=\"https:\/\/ae01.alicdn.com\/kf\/H5a2d162070f64f479233c210c88a0ad1m.jpg\" \/><\/p>\n<p><img decoding=\"async\" loading=\"lazy\" style=\"width: 800px;\" src=\"https:\/\/ae01.alicdn.com\/kf\/Hea43f917b38f4e6ba3322611f939c5686.jpg\" \/><\/p>\n<div style=\"clear: both;\"><\/div>\n<p>&nbsp;<\/p>\n<\/div>\n<\/div>\n<\/div>","protected":false},"excerpt":{"rendered":"<p>&nbsp; Aussehen:\u00a0Zylindrische Form Kompatibler Akku:\u00a0Kein \u00dcberwachung Funktion Von Rauchen Anzahl:\u00a0Nein Silikon Fall:\u00a0Nein Temperaturregelung:\u00a0Nein Eingebaute Oder Externe Batterie:\u00a0Eingebaute Kurzschlussschutz Funktion:\u00a0Ja \u00dcberhitzungsschutz-funktion:\u00a0Ja Niederspannungsalarmfunktion:\u00a0Nein Zerst\u00e4uber Identifikation Funktion:\u00a0Nein TCR Einstellung Modi:\u00a0Nein Nominale Kapazit\u00e4t:\u00a0&lt;700 mAh Material:\u00a0Metall Compatible Model:\u00a0CBD thick oil Modellnummer:\u00a0CC-ELL TH205 Vape kit Usb-ladeger\u00e4t:\u00a0Ja Firmware-upgrade:\u00a0Nein Display:\u00a0Nein Art:\u00a0disposable Markenname:\u00a0SUB TWO Ursprung:\u00a0CN (Herkunft) Tegangan Nominal:\u00a03 V Nomor Model:\u00a0Ceramic Disposable Vape Pen [&hellip;]<\/p>","protected":false},"featured_media":6828,"template":"","meta":{"inline_featured_image":false},"product_cat":[752,756,739,743,76,79,81],"product_tag":[],"tiered_pricing_type":"fixed","tiered_pricing_fixed_rules":[],"tiered_pricing_percentage_rules":[],"tiered_pricing_minimum":1,"_administrator_tiered_pricing_type":"fixed","_administrator_tiered_pricing_fixed_rules":[],"_editor_tiered_pricing_type":"fixed","_editor_tiered_pricing_fixed_rules":[],"_author_tiered_pricing_type":"fixed","_author_tiered_pricing_fixed_rules":[],"_contributor_tiered_pricing_type":"fixed","_contributor_tiered_pricing_fixed_rules":[],"_subscriber_tiered_pricing_type":"fixed","_subscriber_tiered_pricing_fixed_rules":[],"_customer_tiered_pricing_type":"fixed","_customer_tiered_pricing_fixed_rules":[],"_shop_manager_tiered_pricing_type":"fixed","_shop_manager_tiered_pricing_fixed_rules":[],"_wpseo_manager_tiered_pricing_type":"fixed","_wpseo_manager_tiered_pricing_fixed_rules":[],"_wpseo_editor_tiered_pricing_type":"fixed","_wpseo_editor_tiered_pricing_fixed_rules":[],"_wholesale_customer_tiered_pricing_type":"fixed","_wholesale_customer_tiered_pricing_fixed_rules":[],"_marketer_tiered_pricing_type":"fixed","_marketer_tiered_pricing_fixed_rules":[],"_sales_manager_tiered_pricing_type":"fixed","_sales_manager_tiered_pricing_fixed_rules":[],"_sales_rep_tiered_pricing_type":"fixed","_sales_rep_tiered_pricing_fixed_rules":[],"yoast_head":"<!-- This site is optimized with the Yoast SEO plugin v23.3 - https:\/\/yoast.com\/wordpress\/plugins\/seo\/ -->\n<title>wiederauf ladbarer dicker \u00d6l verdampfer mit unterem Micro-USB-Ladeans chluss | ElementVape.de<\/title>\n<meta name=\"description\" content=\"Wir bieten wiederauf ladbarer dicker \u00d6l verdampfer mit unterem Micro-USB-Ladeans chluss , Elementvape.de akzeptieren Gro\u00df-und Einzelhandel Bestellungen.\" \/>\n<meta name=\"robots\" content=\"index, follow, max-snippet:-1, max-image-preview:large, max-video-preview:-1\" \/>\n<link rel=\"canonical\" href=\"https:\/\/www.elementvape.de\/pt\/produkt\/wiederauf-ladbarer-dicker-oel-verdampfer-mit-unterem-micro-usb-ladeans-chluss\/\" \/>\n<meta property=\"og:locale\" content=\"pt_PT\" \/>\n<meta property=\"og:type\" content=\"article\" \/>\n<meta property=\"og:title\" content=\"wiederauf ladbarer dicker \u00d6l verdampfer mit unterem Micro-USB-Ladeans chluss | ElementVape.de\" \/>\n<meta property=\"og:description\" content=\"Wir bieten wiederauf ladbarer dicker \u00d6l verdampfer mit unterem Micro-USB-Ladeans chluss , Elementvape.de akzeptieren Gro\u00df-und Einzelhandel Bestellungen.\" \/>\n<meta property=\"og:url\" content=\"https:\/\/www.elementvape.de\/pt\/produkt\/wiederauf-ladbarer-dicker-oel-verdampfer-mit-unterem-micro-usb-ladeans-chluss\/\" \/>\n<meta property=\"og:site_name\" content=\"ElementVape.de\" \/>\n<meta property=\"article:modified_time\" content=\"2024-12-12T06:37:35+00:00\" \/>\n<meta property=\"og:image\" content=\"https:\/\/ae01.alicdn.com\/kf\/S634fb3689f5c419b8548e066a5ebc456e\/10-st-cke-Keramik-CC-ELL-th205-vape-510-Patrone-0-5-ml-1-0-ml.jpg\" \/>\n\t<meta property=\"og:image:width\" content=\"800\" \/>\n\t<meta property=\"og:image:height\" content=\"800\" \/>\n\t<meta property=\"og:image:type\" content=\"image\/jpeg\" \/>\n<meta name=\"twitter:card\" content=\"summary_large_image\" \/>\n<meta name=\"twitter:label1\" content=\"Est. reading time\" \/>\n\t<meta name=\"twitter:data1\" content=\"3 minutos\" \/>\n<script type=\"application\/ld+json\" class=\"yoast-schema-graph\">{\"@context\":\"https:\/\/schema.org\",\"@graph\":[{\"@type\":\"WebPage\",\"@id\":\"https:\/\/www.elementvape.de\/produkt\/wiederauf-ladbarer-dicker-oel-verdampfer-mit-unterem-micro-usb-ladeans-chluss\/\",\"url\":\"https:\/\/www.elementvape.de\/produkt\/wiederauf-ladbarer-dicker-oel-verdampfer-mit-unterem-micro-usb-ladeans-chluss\/\",\"name\":\"wiederauf ladbarer dicker \u00d6l verdampfer mit unterem Micro-USB-Ladeans chluss | ElementVape.de\",\"isPartOf\":{\"@id\":\"https:\/\/www.elementvape.de\/#website\"},\"primaryImageOfPage\":{\"@id\":\"https:\/\/www.elementvape.de\/produkt\/wiederauf-ladbarer-dicker-oel-verdampfer-mit-unterem-micro-usb-ladeans-chluss\/#primaryimage\"},\"image\":{\"@id\":\"https:\/\/www.elementvape.de\/produkt\/wiederauf-ladbarer-dicker-oel-verdampfer-mit-unterem-micro-usb-ladeans-chluss\/#primaryimage\"},\"thumbnailUrl\":\"https:\/\/ae01.alicdn.com\/kf\/S634fb3689f5c419b8548e066a5ebc456e\/10-st-cke-Keramik-CC-ELL-th205-vape-510-Patrone-0-5-ml-1-0-ml.jpg\",\"datePublished\":\"2024-04-20T03:44:57+00:00\",\"dateModified\":\"2024-12-12T06:37:35+00:00\",\"description\":\"Wir bieten wiederauf ladbarer dicker \u00d6l verdampfer mit unterem Micro-USB-Ladeans chluss , Elementvape.de akzeptieren Gro\u00df-und Einzelhandel Bestellungen.\",\"breadcrumb\":{\"@id\":\"https:\/\/www.elementvape.de\/produkt\/wiederauf-ladbarer-dicker-oel-verdampfer-mit-unterem-micro-usb-ladeans-chluss\/#breadcrumb\"},\"inLanguage\":\"pt-PT\",\"potentialAction\":[{\"@type\":\"ReadAction\",\"target\":[\"https:\/\/www.elementvape.de\/produkt\/wiederauf-ladbarer-dicker-oel-verdampfer-mit-unterem-micro-usb-ladeans-chluss\/\"]}]},{\"@type\":\"ImageObject\",\"inLanguage\":\"pt-PT\",\"@id\":\"https:\/\/www.elementvape.de\/produkt\/wiederauf-ladbarer-dicker-oel-verdampfer-mit-unterem-micro-usb-ladeans-chluss\/#primaryimage\",\"url\":\"https:\/\/ae01.alicdn.com\/kf\/S634fb3689f5c419b8548e066a5ebc456e\/10-st-cke-Keramik-CC-ELL-th205-vape-510-Patrone-0-5-ml-1-0-ml.jpg\",\"contentUrl\":\"https:\/\/ae01.alicdn.com\/kf\/S634fb3689f5c419b8548e066a5ebc456e\/10-st-cke-Keramik-CC-ELL-th205-vape-510-Patrone-0-5-ml-1-0-ml.jpg\",\"width\":800,\"height\":800},{\"@type\":\"BreadcrumbList\",\"@id\":\"https:\/\/www.elementvape.de\/produkt\/wiederauf-ladbarer-dicker-oel-verdampfer-mit-unterem-micro-usb-ladeans-chluss\/#breadcrumb\",\"itemListElement\":[{\"@type\":\"ListItem\",\"position\":1,\"name\":\"Home\",\"item\":\"https:\/\/www.elementvape.de\/\"},{\"@type\":\"ListItem\",\"position\":2,\"name\":\"Shop\",\"item\":\"https:\/\/www.elementvape.de\/shop\/\"},{\"@type\":\"ListItem\",\"position\":3,\"name\":\"wiederauf ladbarer dicker \u00d6l verdampfer mit unterem Micro-USB-Ladeans chluss\"}]},{\"@type\":\"WebSite\",\"@id\":\"https:\/\/www.elementvape.de\/#website\",\"url\":\"https:\/\/www.elementvape.de\/\",\"name\":\"ElementVape.de\",\"description\":\"\",\"publisher\":{\"@id\":\"https:\/\/www.elementvape.de\/#organization\"},\"potentialAction\":[{\"@type\":\"SearchAction\",\"target\":{\"@type\":\"EntryPoint\",\"urlTemplate\":\"https:\/\/www.elementvape.de\/?s={search_term_string}\"},\"query-input\":\"required name=search_term_string\"}],\"inLanguage\":\"pt-PT\"},{\"@type\":\"Organization\",\"@id\":\"https:\/\/www.elementvape.de\/#organization\",\"name\":\"ElementVape.DE\",\"url\":\"https:\/\/www.elementvape.de\/\",\"logo\":{\"@type\":\"ImageObject\",\"inLanguage\":\"pt-PT\",\"@id\":\"https:\/\/www.elementvape.de\/#\/schema\/logo\/image\/\",\"url\":\"https:\/\/www.elementvape.de\/wp-content\/uploads\/2024\/09\/cropped-1elementvape-3.png\",\"contentUrl\":\"https:\/\/www.elementvape.de\/wp-content\/uploads\/2024\/09\/cropped-1elementvape-3.png\",\"width\":285,\"height\":228,\"caption\":\"ElementVape.DE\"},\"image\":{\"@id\":\"https:\/\/www.elementvape.de\/#\/schema\/logo\/image\/\"}}]}<\/script>\n<!-- \/ Yoast SEO plugin. -->","yoast_head_json":{"title":"wiederauf ladbarer dicker \u00d6l verdampfer mit unterem Micro-USB-Ladeans chluss | ElementVape.de","description":"Wir bieten wiederauf ladbarer dicker \u00d6l verdampfer mit unterem Micro-USB-Ladeans chluss , Elementvape.de akzeptieren Gro\u00df-und Einzelhandel Bestellungen.","robots":{"index":"index","follow":"follow","max-snippet":"max-snippet:-1","max-image-preview":"max-image-preview:large","max-video-preview":"max-video-preview:-1"},"canonical":"https:\/\/www.elementvape.de\/pt\/produkt\/wiederauf-ladbarer-dicker-oel-verdampfer-mit-unterem-micro-usb-ladeans-chluss\/","og_locale":"pt_PT","og_type":"article","og_title":"wiederauf ladbarer dicker \u00d6l verdampfer mit unterem Micro-USB-Ladeans chluss | ElementVape.de","og_description":"Wir bieten wiederauf ladbarer dicker \u00d6l verdampfer mit unterem Micro-USB-Ladeans chluss , Elementvape.de akzeptieren Gro\u00df-und Einzelhandel Bestellungen.","og_url":"https:\/\/www.elementvape.de\/pt\/produkt\/wiederauf-ladbarer-dicker-oel-verdampfer-mit-unterem-micro-usb-ladeans-chluss\/","og_site_name":"ElementVape.de","article_modified_time":"2024-12-12T06:37:35+00:00","og_image":[{"width":800,"height":800,"url":"https:\/\/ae01.alicdn.com\/kf\/S634fb3689f5c419b8548e066a5ebc456e\/10-st-cke-Keramik-CC-ELL-th205-vape-510-Patrone-0-5-ml-1-0-ml.jpg","type":"image\/jpeg"}],"twitter_card":"summary_large_image","twitter_misc":{"Est. reading time":"3 minutos"},"schema":{"@context":"https:\/\/schema.org","@graph":[{"@type":"WebPage","@id":"https:\/\/www.elementvape.de\/produkt\/wiederauf-ladbarer-dicker-oel-verdampfer-mit-unterem-micro-usb-ladeans-chluss\/","url":"https:\/\/www.elementvape.de\/produkt\/wiederauf-ladbarer-dicker-oel-verdampfer-mit-unterem-micro-usb-ladeans-chluss\/","name":"wiederauf ladbarer dicker \u00d6l verdampfer mit unterem Micro-USB-Ladeans chluss | ElementVape.de","isPartOf":{"@id":"https:\/\/www.elementvape.de\/#website"},"primaryImageOfPage":{"@id":"https:\/\/www.elementvape.de\/produkt\/wiederauf-ladbarer-dicker-oel-verdampfer-mit-unterem-micro-usb-ladeans-chluss\/#primaryimage"},"image":{"@id":"https:\/\/www.elementvape.de\/produkt\/wiederauf-ladbarer-dicker-oel-verdampfer-mit-unterem-micro-usb-ladeans-chluss\/#primaryimage"},"thumbnailUrl":"https:\/\/ae01.alicdn.com\/kf\/S634fb3689f5c419b8548e066a5ebc456e\/10-st-cke-Keramik-CC-ELL-th205-vape-510-Patrone-0-5-ml-1-0-ml.jpg","datePublished":"2024-04-20T03:44:57+00:00","dateModified":"2024-12-12T06:37:35+00:00","description":"Wir bieten wiederauf ladbarer dicker \u00d6l verdampfer mit unterem Micro-USB-Ladeans chluss , Elementvape.de akzeptieren Gro\u00df-und Einzelhandel Bestellungen.","breadcrumb":{"@id":"https:\/\/www.elementvape.de\/produkt\/wiederauf-ladbarer-dicker-oel-verdampfer-mit-unterem-micro-usb-ladeans-chluss\/#breadcrumb"},"inLanguage":"pt-PT","potentialAction":[{"@type":"ReadAction","target":["https:\/\/www.elementvape.de\/produkt\/wiederauf-ladbarer-dicker-oel-verdampfer-mit-unterem-micro-usb-ladeans-chluss\/"]}]},{"@type":"ImageObject","inLanguage":"pt-PT","@id":"https:\/\/www.elementvape.de\/produkt\/wiederauf-ladbarer-dicker-oel-verdampfer-mit-unterem-micro-usb-ladeans-chluss\/#primaryimage","url":"https:\/\/ae01.alicdn.com\/kf\/S634fb3689f5c419b8548e066a5ebc456e\/10-st-cke-Keramik-CC-ELL-th205-vape-510-Patrone-0-5-ml-1-0-ml.jpg","contentUrl":"https:\/\/ae01.alicdn.com\/kf\/S634fb3689f5c419b8548e066a5ebc456e\/10-st-cke-Keramik-CC-ELL-th205-vape-510-Patrone-0-5-ml-1-0-ml.jpg","width":800,"height":800},{"@type":"BreadcrumbList","@id":"https:\/\/www.elementvape.de\/produkt\/wiederauf-ladbarer-dicker-oel-verdampfer-mit-unterem-micro-usb-ladeans-chluss\/#breadcrumb","itemListElement":[{"@type":"ListItem","position":1,"name":"Home","item":"https:\/\/www.elementvape.de\/"},{"@type":"ListItem","position":2,"name":"Shop","item":"https:\/\/www.elementvape.de\/shop\/"},{"@type":"ListItem","position":3,"name":"wiederauf ladbarer dicker \u00d6l verdampfer mit unterem Micro-USB-Ladeans chluss"}]},{"@type":"WebSite","@id":"https:\/\/www.elementvape.de\/#website","url":"https:\/\/www.elementvape.de\/","name":"ElementVape.de","description":"","publisher":{"@id":"https:\/\/www.elementvape.de\/#organization"},"potentialAction":[{"@type":"SearchAction","target":{"@type":"EntryPoint","urlTemplate":"https:\/\/www.elementvape.de\/?s={search_term_string}"},"query-input":"required name=search_term_string"}],"inLanguage":"pt-PT"},{"@type":"Organization","@id":"https:\/\/www.elementvape.de\/#organization","name":"ElementVape.DE","url":"https:\/\/www.elementvape.de\/","logo":{"@type":"ImageObject","inLanguage":"pt-PT","@id":"https:\/\/www.elementvape.de\/#\/schema\/logo\/image\/","url":"https:\/\/www.elementvape.de\/wp-content\/uploads\/2024\/09\/cropped-1elementvape-3.png","contentUrl":"https:\/\/www.elementvape.de\/wp-content\/uploads\/2024\/09\/cropped-1elementvape-3.png","width":285,"height":228,"caption":"ElementVape.DE"},"image":{"@id":"https:\/\/www.elementvape.de\/#\/schema\/logo\/image\/"}}]}},"_links":{"self":[{"href":"https:\/\/www.elementvape.de\/pt\/wp-json\/wp\/v2\/product\/6827"}],"collection":[{"href":"https:\/\/www.elementvape.de\/pt\/wp-json\/wp\/v2\/product"}],"about":[{"href":"https:\/\/www.elementvape.de\/pt\/wp-json\/wp\/v2\/types\/product"}],"wp:featuredmedia":[{"embeddable":true,"href":"https:\/\/www.elementvape.de\/pt\/wp-json\/wp\/v2\/media\/6828"}],"wp:attachment":[{"href":"https:\/\/www.elementvape.de\/pt\/wp-json\/wp\/v2\/media?parent=6827"}],"wp:term":[{"taxonomy":"product_cat","embeddable":true,"href":"https:\/\/www.elementvape.de\/pt\/wp-json\/wp\/v2\/product_cat?post=6827"},{"taxonomy":"product_tag","embeddable":true,"href":"https:\/\/www.elementvape.de\/pt\/wp-json\/wp\/v2\/product_tag?post=6827"}],"curies":[{"name":"wp","href":"https:\/\/api.w.org\/{rel}","templated":true}]}}