{"id":6789,"date":"2024-04-20T03:36:21","date_gmt":"2024-04-20T03:36:21","guid":{"rendered":"https:\/\/www.elementvape.de\/?post_type=product&#038;p=6789"},"modified":"2024-12-12T06:37:39","modified_gmt":"2024-12-12T06:37:39","slug":"uwell-caliburn-a3s-pod-kit-e-zigarette-520mah-batterie-16w-vapor","status":"publish","type":"product","link":"https:\/\/www.elementvape.de\/pt\/produkt\/uwell-caliburn-a3s-pod-kit-e-zigarette-520mah-batterie-16w-vapor\/","title":{"rendered":"Kit de Pod Uwell Caliburn A3S cigarro eletr\u00f4nico Bateria de 520mAh 16W Vaporizador"},"content":{"rendered":"<p>&nbsp;<\/p>\n<div class=\"product-specs-list-container\">\n<ul class=\"product-specs-list util-clearfix\">\n<li class=\"product-prop line-limit-length\"><span class=\"property-title\">Apar\u00eancia:\u00a0<\/span><span class=\"property-desc line-limit-length\">Forma da Caixa<\/span><\/li>\n<li class=\"product-prop line-limit-length\"><span class=\"property-title\">Bateria Compat\u00edvel:\u00a0<\/span><span class=\"property-desc line-limit-length\">Nenhum<\/span><\/li>\n<li class=\"product-prop line-limit-length\"><span class=\"property-title\">Fun\u00e7\u00e3o de Monitoriza\u00e7\u00e3o do N\u00famero de Fuma\u00e7as:\u00a0<\/span><span class=\"property-desc line-limit-length\">N\u00e3o<\/span><\/li>\n<li class=\"product-prop line-limit-length\"><span class=\"property-title\">Estojo de Silicone:\u00a0<\/span><span class=\"property-desc line-limit-length\">N\u00e3o<\/span><\/li>\n<li class=\"product-prop line-limit-length\"><span class=\"property-title\">Regula\u00e7\u00e3o de Temperatura:\u00a0<\/span><span class=\"property-desc line-limit-length\">N\u00e3o<\/span><\/li>\n<li class=\"product-prop line-limit-length\"><span class=\"property-title\">Bateria Embutida ou Externa:\u00a0<\/span><span class=\"property-desc line-limit-length\">Embebida<\/span><\/li>\n<li class=\"product-prop line-limit-length\"><span class=\"property-title\">Fun\u00e7\u00e3o de Prote\u00e7\u00e3o contra Curto-Circuito:\u00a0<\/span><span class=\"property-desc line-limit-length\">Ja<\/span><\/li>\n<li class=\"product-prop line-limit-length\"><span class=\"property-title\">Fun\u00e7\u00e3o de Prote\u00e7\u00e3o contra Sobreaquecimento:\u00a0<\/span><span class=\"property-desc line-limit-length\">Ja<\/span><\/li>\n<li class=\"product-prop line-limit-length\"><span class=\"property-title\">Fun\u00e7\u00e3o de alarme de baixa tens\u00e3o:\u00a0<\/span><span class=\"property-desc line-limit-length\">Ja<\/span><\/li>\n<li class=\"product-prop line-limit-length\"><span class=\"property-title\">Fun\u00e7\u00e3o de identifica\u00e7\u00e3o do vaporizador:\u00a0<\/span><span class=\"property-desc line-limit-length\">Ja<\/span><\/li>\n<li class=\"product-prop line-limit-length\"><span class=\"property-title\">Modos de configura\u00e7\u00e3o TCR:\u00a0<\/span><span class=\"property-desc line-limit-length\">N\u00e3o<\/span><\/li>\n<li class=\"product-prop line-limit-length\"><span class=\"property-title\">Capacidade nominal:\u00a0<\/span><span class=\"property-desc line-limit-length\">&lt;700 mAh<\/span><\/li>\n<li class=\"product-prop line-limit-length\"><span class=\"property-title\">Bateria compat\u00edvel: 18350\u00a0<\/span><span class=\"property-desc line-limit-length\">Metal<\/span><\/li>\n<li class=\"product-prop line-limit-length\"><span class=\"property-title\">Modelo compat\u00edvel:\u00a0<\/span><span class=\"property-desc line-limit-length\">Cigarro Eletr\u00f4nico Vape Pen<\/span><\/li>\n<li class=\"product-prop line-limit-length\"><span class=\"property-title\">N\u00famero do modelo:\u00a0<\/span><span class=\"property-desc line-limit-length\">Kit de Pod Uwell Caliburn A3S<\/span><\/li>\n<li class=\"product-prop line-limit-length\"><span class=\"property-title\">Carregador USB:\u00a0<\/span><span class=\"property-desc line-limit-length\">Ja<\/span><\/li>\n<li class=\"product-prop line-limit-length\"><span class=\"property-title\">Atualiza\u00e7\u00e3o de firmware:\u00a0<\/span><span class=\"property-desc line-limit-length\">N\u00e3o<\/span><\/li>\n<li class=\"product-prop line-limit-length\"><span class=\"property-title\">Fun\u00e7\u00e3o de monitoriza\u00e7\u00e3o do n\u00famero de fumos: N\u00e3o\u00a0<\/span><span class=\"property-desc line-limit-length\">N\u00e3o<\/span><\/li>\n<li class=\"product-prop line-limit-length\"><span class=\"property-title\">Tipo:\u00a0<\/span><span class=\"property-desc line-limit-length\">Com bateria<\/span><\/li>\n<li class=\"product-prop line-limit-length\"><span class=\"property-title\">Nome da marca:\u00a0<\/span><span class=\"property-desc line-limit-length\">UWELL<\/span><\/li>\n<li class=\"product-prop line-limit-length\"><span class=\"property-title\">Origem:\u00a0<\/span><span class=\"property-desc line-limit-length\">CN (Origem)<\/span><\/li>\n<\/ul>\n<\/div>\n<div class=\"detailmodule_html\">\n<div class=\"detail-desc-decorate-richtext\">\n<div class=\"detailmodule_text\">\n<p id=\"tl_1\" class=\"detail-desc-decorate-title\" style=\"font-family: OpenSans; font-size: 20px; font-weight: 900; line-height: 28px; margin-bottom: 12px;\">Cigarro eletr\u00f4nico original Uwell Caliburn A3S kit de pod 520mAh bateria 16W vaporizador cartucho vazio 2ml resist\u00eancia de 0,8 Ohm 1,0 Ohm Vape<\/p>\n<\/div>\n<div class=\"detailmodule_text\">\n<p id=\"tl_2\" class=\"detail-desc-decorate-title\" style=\"font-family: OpenSans; font-size: 20px; font-weight: 900; line-height: 28px; margin-bottom: 12px;\">Introdu\u00e7\u00e3o<\/p>\n<p id=\"tl_3\" class=\"detail-desc-decorate-content\" style=\"font-family: OpenSans; font-size: 14px; font-weight: 300; line-height: 20px; margin-bottom: 12px;\">O kit Caliburn A3S apresenta designs ativados por desenho e n\u00e3o complicados, adequados para iniciantes em vaping. Al\u00e9m disso, \u00e9 f\u00e1cil de usar e de apar\u00eancia simples. Com a anima\u00e7\u00e3o de luz em forma de logotipo, o logotipo Caliburn pisca durante a vaporiza\u00e7\u00e3o para mostrar o n\u00edvel de bateria. O kit Caliburn A3S vem com uma conex\u00e3o magn\u00e9tica s\u00f3lida e uma capacidade de bateria de 520mAh. O kit de pod Caliburn A3S PRO-FOCS possui tecnologia de ajuste de sabor e \u00e9 compat\u00edvel com o pod Caliburn A3. Os pods recarreg\u00e1veis de 0,8 Ohm e 1,0 Ohm do Caliburn A3S est\u00e3o inclu\u00eddos na embalagem.<\/p>\n<\/div>\n<div class=\"detailmodule_text\">\n<p id=\"tl_4\" class=\"detail-desc-decorate-title\" style=\"font-family: OpenSans; font-size: 20px; font-weight: 900; line-height: 28px; margin-bottom: 12px;\">Especifica\u00e7\u00e3o<\/p>\n<p id=\"tl_5\" class=\"detail-desc-decorate-content\" style=\"font-family: OpenSans; font-size: 14px; font-weight: 300; line-height: 20px; margin-bottom: 12px;\">Marca: uwell<br \/>\nNome do produto: kit de pod Caliburn A3S<br \/>\nMaterial: PCTG, liga de alum\u00ednio<br \/>\nDimens\u00f5es: 109,8*21,3*11,7mm<br \/>\nCapacidade do cartucho vazio: 2ml<br \/>\nPot\u00eancia de sa\u00edda: at\u00e9 16W<br \/>\nEspecifica\u00e7\u00f5es do pod: Fecrai Meshed 0,8 Ohm, pod recarreg\u00e1vel Caliburn A3S (pr\u00e9-instalado)<br \/>\nFecrai Meshed 1,0 Ohm, c\u00e1psula recarreg\u00e1vel Caliburn A3S (substitu\u00edvel)<br \/>\nCapacidade da bateria: 520mAh<br \/>\nTipo de enchimento: lateral<br \/>\nCores: Prata Luz de Lua, Cinza Espa\u00e7o, Preto Meia-Noite, Verde Lago, Lil\u00e1s \u00cdris, Chama Oceano<\/p>\n<\/div>\n<div class=\"detailmodule_text\">\n<p id=\"tl_6\" class=\"detail-desc-decorate-title\" style=\"font-family: OpenSans; font-size: 20px; font-weight: 900; line-height: 28px; margin-bottom: 12px;\">Especifica\u00e7\u00e3o<\/p>\n<p id=\"tl_7\" class=\"detail-desc-decorate-content\" style=\"font-family: OpenSans; font-size: 14px; font-weight: 300; line-height: 20px; margin-bottom: 12px;\">1. Visual elegante com padr\u00e3o de laser fino<br \/>\n2. Anima\u00e7\u00e3o de luz em forma de logotipo<br \/>\n3. Design ativado por puxar<br \/>\n4. Compat\u00edvel com o pod Caliburn A3<br \/>\n5. liga\u00e7\u00e3o magn\u00e9tica fixa do pod<br \/>\n6. Pod transparente vazio<br \/>\n7. Carregamento r\u00e1pido 2a<br \/>\n8. Tecnologia de ajuste de sabor Pro-Focs<br \/>\n9. Sistema de enchimento lateral<\/p>\n<\/div>\n<div class=\"detailmodule_text\">\n<p id=\"tl_8\" class=\"detail-desc-decorate-title\" style=\"font-family: OpenSans; font-size: 20px; font-weight: 900; line-height: 28px; margin-bottom: 12px;\">Lista de embalagem<\/p>\n<p id=\"tl_9\" class=\"detail-desc-decorate-content\" style=\"font-family: OpenSans; font-size: 14px; font-weight: 300; line-height: 20px; margin-bottom: 12px;\">1 * dispositivo Caliburn A3S<br \/>\n1*0,8 Ohm Caliburn A3S pod recarreg\u00e1vel vazio (pr\u00e9-instalado)<br \/>\n1*1,0 Ohm Caliburn A3S pod recarreg\u00e1vel vazio (substitui\u00e7\u00e3o)<br \/>\n1 * manual do usu\u00e1rio<\/p>\n<\/div>\n<div class=\"detailmodule_image\"><img decoding=\"async\" loading=\"lazy\" class=\"detail-desc-decorate-image\" src=\"https:\/\/ae01.alicdn.com\/kf\/S628d9b214b554c879b3cb8347d1af287U.jpg\" \/><br \/>\n<img decoding=\"async\" loading=\"lazy\" class=\"detail-desc-decorate-image\" src=\"https:\/\/ae01.alicdn.com\/kf\/Sa1fb1d753a65468186339555e05ef7e8b.jpg\" \/><br \/>\n<img decoding=\"async\" loading=\"lazy\" class=\"detail-desc-decorate-image\" src=\"https:\/\/ae01.alicdn.com\/kf\/Sdbc8cce42dae49a688569387fc0fe2a5Q.jpg\" \/><br \/>\n<img decoding=\"async\" loading=\"lazy\" class=\"detail-desc-decorate-image\" src=\"https:\/\/ae01.alicdn.com\/kf\/S7f1cc73de68d49e998199433dc28440ak.jpg\" \/><br \/>\n<img decoding=\"async\" loading=\"lazy\" class=\"detail-desc-decorate-image\" src=\"https:\/\/ae01.alicdn.com\/kf\/Sbe934dd3cea6415fa3db390077727e4aE.jpg\" \/><br \/>\n<img decoding=\"async\" loading=\"lazy\" class=\"detail-desc-decorate-image\" src=\"https:\/\/ae01.alicdn.com\/kf\/Se7b3cf81c43441348ccfe8e88dc29b96x.jpg\" \/><br \/>\n<img decoding=\"async\" loading=\"lazy\" class=\"detail-desc-decorate-image\" src=\"https:\/\/ae01.alicdn.com\/kf\/S3f26eb59d0cc4f9095ce81cda4fc02ab8.jpg\" \/><br \/>\n<img decoding=\"async\" loading=\"lazy\" class=\"detail-desc-decorate-image\" src=\"https:\/\/ae01.alicdn.com\/kf\/S4b356a0d85d2488d8dbd0d03e5a04e1bO.jpg\" \/><br \/>\n<img decoding=\"async\" loading=\"lazy\" class=\"detail-desc-decorate-image\" src=\"https:\/\/ae01.alicdn.com\/kf\/S88fc0b38408048fa90c38df7fc0e7fb2b.jpg\" \/><br \/>\n<img decoding=\"async\" loading=\"lazy\" class=\"detail-desc-decorate-image\" src=\"https:\/\/ae01.alicdn.com\/kf\/S3d77aca3f04c42a3aae815e89ecac900x.jpg\" \/><\/div>\n<div class=\"detailmodule_image\"><img decoding=\"async\" loading=\"lazy\" class=\"detail-desc-decorate-image\" src=\"https:\/\/ae01.alicdn.com\/kf\/S97693fe25fa048a9934fd0fbf4744921g.jpg\" \/><br \/>\n<img decoding=\"async\" loading=\"lazy\" class=\"detail-desc-decorate-image\" src=\"https:\/\/ae01.alicdn.com\/kf\/S1c0c00ae48044b30a2753b759d76f4f1m.jpg\" \/><\/div>\n<p>&nbsp;<\/p>\n<\/div>\n<\/div>","protected":false},"excerpt":{"rendered":"<p>&nbsp; Aussehen:\u00a0Box Form Kompatibler Akku:\u00a0Kein \u00dcberwachung Funktion Von Rauchen Anzahl:\u00a0Nein Silikon Fall:\u00a0Nein Temperaturregelung:\u00a0Nein Eingebaute Oder Externe Batterie:\u00a0Eingebaute Kurzschlussschutz Funktion:\u00a0Ja \u00dcberhitzungsschutz-funktion:\u00a0Ja Niederspannungsalarmfunktion:\u00a0Ja Zerst\u00e4uber Identifikation Funktion:\u00a0Ja TCR Einstellung Modi:\u00a0Nein Nominale Kapazit\u00e4t:\u00a0&lt;700 mAh Material:\u00a0Metall Compatible Model:\u00a0Electronic Cigarette Vape Pen Modellnummer:\u00a0Uwell Caliburn A3S Pod Kit Usb-ladeger\u00e4t:\u00a0Ja Firmware-upgrade:\u00a0Nein Display:\u00a0Nein Art:\u00a0Mit Batterie Markenname:\u00a0UWELL Ursprung:\u00a0CN (Herkunft) Original Uwell Caliburn A3S Pod Kit [&hellip;]<\/p>","protected":false},"featured_media":6790,"template":"","meta":{"inline_featured_image":false},"product_cat":[752,756,739,743,76,79,81],"product_tag":[],"tiered_pricing_type":"fixed","tiered_pricing_fixed_rules":[],"tiered_pricing_percentage_rules":[],"tiered_pricing_minimum":1,"_administrator_tiered_pricing_type":"fixed","_administrator_tiered_pricing_fixed_rules":[],"_editor_tiered_pricing_type":"fixed","_editor_tiered_pricing_fixed_rules":[],"_author_tiered_pricing_type":"fixed","_author_tiered_pricing_fixed_rules":[],"_contributor_tiered_pricing_type":"fixed","_contributor_tiered_pricing_fixed_rules":[],"_subscriber_tiered_pricing_type":"fixed","_subscriber_tiered_pricing_fixed_rules":[],"_customer_tiered_pricing_type":"fixed","_customer_tiered_pricing_fixed_rules":[],"_shop_manager_tiered_pricing_type":"fixed","_shop_manager_tiered_pricing_fixed_rules":[],"_wpseo_manager_tiered_pricing_type":"fixed","_wpseo_manager_tiered_pricing_fixed_rules":[],"_wpseo_editor_tiered_pricing_type":"fixed","_wpseo_editor_tiered_pricing_fixed_rules":[],"_wholesale_customer_tiered_pricing_type":"fixed","_wholesale_customer_tiered_pricing_fixed_rules":[],"_marketer_tiered_pricing_type":"fixed","_marketer_tiered_pricing_fixed_rules":[],"_sales_manager_tiered_pricing_type":"fixed","_sales_manager_tiered_pricing_fixed_rules":[],"_sales_rep_tiered_pricing_type":"fixed","_sales_rep_tiered_pricing_fixed_rules":[],"yoast_head":"<!-- This site is optimized with the Yoast SEO plugin v23.3 - https:\/\/yoast.com\/wordpress\/plugins\/seo\/ -->\n<title>Uwell Caliburn A3S Pod Kit E-Zigarette 520mAh Batterie 16W Vapor | ElementVape.de<\/title>\n<meta name=\"description\" content=\"Wir bieten Uwell Caliburn A3S Pod Kit E-Zigarette 520mAh Batterie 16W Vapor , Elementvape.de akzeptieren Gro\u00df-und Einzelhandel Bestellungen.\" \/>\n<meta name=\"robots\" content=\"index, follow, max-snippet:-1, max-image-preview:large, max-video-preview:-1\" \/>\n<link rel=\"canonical\" href=\"https:\/\/www.elementvape.de\/pt\/produkt\/uwell-caliburn-a3s-pod-kit-e-zigarette-520mah-batterie-16w-vapor\/\" \/>\n<meta property=\"og:locale\" content=\"pt_PT\" \/>\n<meta property=\"og:type\" content=\"article\" \/>\n<meta property=\"og:title\" content=\"Uwell Caliburn A3S Pod Kit E-Zigarette 520mAh Batterie 16W Vapor | ElementVape.de\" \/>\n<meta property=\"og:description\" content=\"Wir bieten Uwell Caliburn A3S Pod Kit E-Zigarette 520mAh Batterie 16W Vapor , Elementvape.de akzeptieren Gro\u00df-und Einzelhandel Bestellungen.\" \/>\n<meta property=\"og:url\" content=\"https:\/\/www.elementvape.de\/pt\/produkt\/uwell-caliburn-a3s-pod-kit-e-zigarette-520mah-batterie-16w-vapor\/\" \/>\n<meta property=\"og:site_name\" content=\"ElementVape.de\" \/>\n<meta property=\"article:modified_time\" content=\"2024-12-12T06:37:39+00:00\" \/>\n<meta property=\"og:image\" content=\"https:\/\/ae01.alicdn.com\/kf\/Sad75efa4b52e4079894d180d2f3b709eA\/Original-Uwell-Caliburn-A3S-Pod-Kit-elektronische-Zigarette-520mAh-Batterie-16W-Vapor-izer-2ml-leere-Patrone.jpg\" \/>\n\t<meta property=\"og:image:width\" content=\"800\" \/>\n\t<meta property=\"og:image:height\" content=\"800\" \/>\n\t<meta property=\"og:image:type\" content=\"image\/jpeg\" \/>\n<meta name=\"twitter:card\" content=\"summary_large_image\" \/>\n<meta name=\"twitter:label1\" content=\"Est. reading time\" \/>\n\t<meta name=\"twitter:data1\" content=\"5 minutos\" \/>\n<script type=\"application\/ld+json\" class=\"yoast-schema-graph\">{\"@context\":\"https:\/\/schema.org\",\"@graph\":[{\"@type\":\"WebPage\",\"@id\":\"https:\/\/www.elementvape.de\/produkt\/uwell-caliburn-a3s-pod-kit-e-zigarette-520mah-batterie-16w-vapor\/\",\"url\":\"https:\/\/www.elementvape.de\/produkt\/uwell-caliburn-a3s-pod-kit-e-zigarette-520mah-batterie-16w-vapor\/\",\"name\":\"Uwell Caliburn A3S Pod Kit E-Zigarette 520mAh Batterie 16W Vapor | ElementVape.de\",\"isPartOf\":{\"@id\":\"https:\/\/www.elementvape.de\/#website\"},\"primaryImageOfPage\":{\"@id\":\"https:\/\/www.elementvape.de\/produkt\/uwell-caliburn-a3s-pod-kit-e-zigarette-520mah-batterie-16w-vapor\/#primaryimage\"},\"image\":{\"@id\":\"https:\/\/www.elementvape.de\/produkt\/uwell-caliburn-a3s-pod-kit-e-zigarette-520mah-batterie-16w-vapor\/#primaryimage\"},\"thumbnailUrl\":\"https:\/\/ae01.alicdn.com\/kf\/Sad75efa4b52e4079894d180d2f3b709eA\/Original-Uwell-Caliburn-A3S-Pod-Kit-elektronische-Zigarette-520mAh-Batterie-16W-Vapor-izer-2ml-leere-Patrone.jpg\",\"datePublished\":\"2024-04-20T03:36:21+00:00\",\"dateModified\":\"2024-12-12T06:37:39+00:00\",\"description\":\"Wir bieten Uwell Caliburn A3S Pod Kit E-Zigarette 520mAh Batterie 16W Vapor , Elementvape.de akzeptieren Gro\u00df-und Einzelhandel Bestellungen.\",\"breadcrumb\":{\"@id\":\"https:\/\/www.elementvape.de\/produkt\/uwell-caliburn-a3s-pod-kit-e-zigarette-520mah-batterie-16w-vapor\/#breadcrumb\"},\"inLanguage\":\"pt-PT\",\"potentialAction\":[{\"@type\":\"ReadAction\",\"target\":[\"https:\/\/www.elementvape.de\/produkt\/uwell-caliburn-a3s-pod-kit-e-zigarette-520mah-batterie-16w-vapor\/\"]}]},{\"@type\":\"ImageObject\",\"inLanguage\":\"pt-PT\",\"@id\":\"https:\/\/www.elementvape.de\/produkt\/uwell-caliburn-a3s-pod-kit-e-zigarette-520mah-batterie-16w-vapor\/#primaryimage\",\"url\":\"https:\/\/ae01.alicdn.com\/kf\/Sad75efa4b52e4079894d180d2f3b709eA\/Original-Uwell-Caliburn-A3S-Pod-Kit-elektronische-Zigarette-520mAh-Batterie-16W-Vapor-izer-2ml-leere-Patrone.jpg\",\"contentUrl\":\"https:\/\/ae01.alicdn.com\/kf\/Sad75efa4b52e4079894d180d2f3b709eA\/Original-Uwell-Caliburn-A3S-Pod-Kit-elektronische-Zigarette-520mAh-Batterie-16W-Vapor-izer-2ml-leere-Patrone.jpg\",\"width\":800,\"height\":800},{\"@type\":\"BreadcrumbList\",\"@id\":\"https:\/\/www.elementvape.de\/produkt\/uwell-caliburn-a3s-pod-kit-e-zigarette-520mah-batterie-16w-vapor\/#breadcrumb\",\"itemListElement\":[{\"@type\":\"ListItem\",\"position\":1,\"name\":\"Home\",\"item\":\"https:\/\/www.elementvape.de\/\"},{\"@type\":\"ListItem\",\"position\":2,\"name\":\"Shop\",\"item\":\"https:\/\/www.elementvape.de\/shop\/\"},{\"@type\":\"ListItem\",\"position\":3,\"name\":\"Uwell Caliburn A3S Pod Kit E-Zigarette 520mAh Batterie 16W Vapor\"}]},{\"@type\":\"WebSite\",\"@id\":\"https:\/\/www.elementvape.de\/#website\",\"url\":\"https:\/\/www.elementvape.de\/\",\"name\":\"ElementVape.de\",\"description\":\"\",\"publisher\":{\"@id\":\"https:\/\/www.elementvape.de\/#organization\"},\"potentialAction\":[{\"@type\":\"SearchAction\",\"target\":{\"@type\":\"EntryPoint\",\"urlTemplate\":\"https:\/\/www.elementvape.de\/?s={search_term_string}\"},\"query-input\":\"required name=search_term_string\"}],\"inLanguage\":\"pt-PT\"},{\"@type\":\"Organization\",\"@id\":\"https:\/\/www.elementvape.de\/#organization\",\"name\":\"ElementVape.DE\",\"url\":\"https:\/\/www.elementvape.de\/\",\"logo\":{\"@type\":\"ImageObject\",\"inLanguage\":\"pt-PT\",\"@id\":\"https:\/\/www.elementvape.de\/#\/schema\/logo\/image\/\",\"url\":\"https:\/\/www.elementvape.de\/wp-content\/uploads\/2024\/09\/cropped-1elementvape-3.png\",\"contentUrl\":\"https:\/\/www.elementvape.de\/wp-content\/uploads\/2024\/09\/cropped-1elementvape-3.png\",\"width\":285,\"height\":228,\"caption\":\"ElementVape.DE\"},\"image\":{\"@id\":\"https:\/\/www.elementvape.de\/#\/schema\/logo\/image\/\"}}]}<\/script>\n<!-- \/ Yoast SEO plugin. -->","yoast_head_json":{"title":"Uwell Caliburn A3S Pod Kit E-Zigarette 520mAh Batterie 16W Vapor | ElementVape.de","description":"Wir bieten Uwell Caliburn A3S Pod Kit E-Zigarette 520mAh Batterie 16W Vapor , Elementvape.de akzeptieren Gro\u00df-und Einzelhandel Bestellungen.","robots":{"index":"index","follow":"follow","max-snippet":"max-snippet:-1","max-image-preview":"max-image-preview:large","max-video-preview":"max-video-preview:-1"},"canonical":"https:\/\/www.elementvape.de\/pt\/produkt\/uwell-caliburn-a3s-pod-kit-e-zigarette-520mah-batterie-16w-vapor\/","og_locale":"pt_PT","og_type":"article","og_title":"Uwell Caliburn A3S Pod Kit E-Zigarette 520mAh Batterie 16W Vapor | ElementVape.de","og_description":"Wir bieten Uwell Caliburn A3S Pod Kit E-Zigarette 520mAh Batterie 16W Vapor , Elementvape.de akzeptieren Gro\u00df-und Einzelhandel Bestellungen.","og_url":"https:\/\/www.elementvape.de\/pt\/produkt\/uwell-caliburn-a3s-pod-kit-e-zigarette-520mah-batterie-16w-vapor\/","og_site_name":"ElementVape.de","article_modified_time":"2024-12-12T06:37:39+00:00","og_image":[{"width":800,"height":800,"url":"https:\/\/ae01.alicdn.com\/kf\/Sad75efa4b52e4079894d180d2f3b709eA\/Original-Uwell-Caliburn-A3S-Pod-Kit-elektronische-Zigarette-520mAh-Batterie-16W-Vapor-izer-2ml-leere-Patrone.jpg","type":"image\/jpeg"}],"twitter_card":"summary_large_image","twitter_misc":{"Est. reading time":"5 minutos"},"schema":{"@context":"https:\/\/schema.org","@graph":[{"@type":"WebPage","@id":"https:\/\/www.elementvape.de\/produkt\/uwell-caliburn-a3s-pod-kit-e-zigarette-520mah-batterie-16w-vapor\/","url":"https:\/\/www.elementvape.de\/produkt\/uwell-caliburn-a3s-pod-kit-e-zigarette-520mah-batterie-16w-vapor\/","name":"Uwell Caliburn A3S Pod Kit E-Zigarette 520mAh Batterie 16W Vapor | ElementVape.de","isPartOf":{"@id":"https:\/\/www.elementvape.de\/#website"},"primaryImageOfPage":{"@id":"https:\/\/www.elementvape.de\/produkt\/uwell-caliburn-a3s-pod-kit-e-zigarette-520mah-batterie-16w-vapor\/#primaryimage"},"image":{"@id":"https:\/\/www.elementvape.de\/produkt\/uwell-caliburn-a3s-pod-kit-e-zigarette-520mah-batterie-16w-vapor\/#primaryimage"},"thumbnailUrl":"https:\/\/ae01.alicdn.com\/kf\/Sad75efa4b52e4079894d180d2f3b709eA\/Original-Uwell-Caliburn-A3S-Pod-Kit-elektronische-Zigarette-520mAh-Batterie-16W-Vapor-izer-2ml-leere-Patrone.jpg","datePublished":"2024-04-20T03:36:21+00:00","dateModified":"2024-12-12T06:37:39+00:00","description":"Wir bieten Uwell Caliburn A3S Pod Kit E-Zigarette 520mAh Batterie 16W Vapor , Elementvape.de akzeptieren Gro\u00df-und Einzelhandel Bestellungen.","breadcrumb":{"@id":"https:\/\/www.elementvape.de\/produkt\/uwell-caliburn-a3s-pod-kit-e-zigarette-520mah-batterie-16w-vapor\/#breadcrumb"},"inLanguage":"pt-PT","potentialAction":[{"@type":"ReadAction","target":["https:\/\/www.elementvape.de\/produkt\/uwell-caliburn-a3s-pod-kit-e-zigarette-520mah-batterie-16w-vapor\/"]}]},{"@type":"ImageObject","inLanguage":"pt-PT","@id":"https:\/\/www.elementvape.de\/produkt\/uwell-caliburn-a3s-pod-kit-e-zigarette-520mah-batterie-16w-vapor\/#primaryimage","url":"https:\/\/ae01.alicdn.com\/kf\/Sad75efa4b52e4079894d180d2f3b709eA\/Original-Uwell-Caliburn-A3S-Pod-Kit-elektronische-Zigarette-520mAh-Batterie-16W-Vapor-izer-2ml-leere-Patrone.jpg","contentUrl":"https:\/\/ae01.alicdn.com\/kf\/Sad75efa4b52e4079894d180d2f3b709eA\/Original-Uwell-Caliburn-A3S-Pod-Kit-elektronische-Zigarette-520mAh-Batterie-16W-Vapor-izer-2ml-leere-Patrone.jpg","width":800,"height":800},{"@type":"BreadcrumbList","@id":"https:\/\/www.elementvape.de\/produkt\/uwell-caliburn-a3s-pod-kit-e-zigarette-520mah-batterie-16w-vapor\/#breadcrumb","itemListElement":[{"@type":"ListItem","position":1,"name":"Home","item":"https:\/\/www.elementvape.de\/"},{"@type":"ListItem","position":2,"name":"Shop","item":"https:\/\/www.elementvape.de\/shop\/"},{"@type":"ListItem","position":3,"name":"Uwell Caliburn A3S Pod Kit E-Zigarette 520mAh Batterie 16W Vapor"}]},{"@type":"WebSite","@id":"https:\/\/www.elementvape.de\/#website","url":"https:\/\/www.elementvape.de\/","name":"ElementVape.de","description":"","publisher":{"@id":"https:\/\/www.elementvape.de\/#organization"},"potentialAction":[{"@type":"SearchAction","target":{"@type":"EntryPoint","urlTemplate":"https:\/\/www.elementvape.de\/?s={search_term_string}"},"query-input":"required name=search_term_string"}],"inLanguage":"pt-PT"},{"@type":"Organization","@id":"https:\/\/www.elementvape.de\/#organization","name":"ElementVape.DE","url":"https:\/\/www.elementvape.de\/","logo":{"@type":"ImageObject","inLanguage":"pt-PT","@id":"https:\/\/www.elementvape.de\/#\/schema\/logo\/image\/","url":"https:\/\/www.elementvape.de\/wp-content\/uploads\/2024\/09\/cropped-1elementvape-3.png","contentUrl":"https:\/\/www.elementvape.de\/wp-content\/uploads\/2024\/09\/cropped-1elementvape-3.png","width":285,"height":228,"caption":"ElementVape.DE"},"image":{"@id":"https:\/\/www.elementvape.de\/#\/schema\/logo\/image\/"}}]}},"_links":{"self":[{"href":"https:\/\/www.elementvape.de\/pt\/wp-json\/wp\/v2\/product\/6789"}],"collection":[{"href":"https:\/\/www.elementvape.de\/pt\/wp-json\/wp\/v2\/product"}],"about":[{"href":"https:\/\/www.elementvape.de\/pt\/wp-json\/wp\/v2\/types\/product"}],"wp:featuredmedia":[{"embeddable":true,"href":"https:\/\/www.elementvape.de\/pt\/wp-json\/wp\/v2\/media\/6790"}],"wp:attachment":[{"href":"https:\/\/www.elementvape.de\/pt\/wp-json\/wp\/v2\/media?parent=6789"}],"wp:term":[{"taxonomy":"product_cat","embeddable":true,"href":"https:\/\/www.elementvape.de\/pt\/wp-json\/wp\/v2\/product_cat?post=6789"},{"taxonomy":"product_tag","embeddable":true,"href":"https:\/\/www.elementvape.de\/pt\/wp-json\/wp\/v2\/product_tag?post=6789"}],"curies":[{"name":"wp","href":"https:\/\/api.w.org\/{rel}","templated":true}]}}