{"id":6765,"date":"2024-04-20T03:29:36","date_gmt":"2024-04-20T03:29:36","guid":{"rendered":"https:\/\/www.elementvape.de\/?post_type=product&#038;p=6765"},"modified":"2024-12-12T06:37:40","modified_gmt":"2024-12-12T06:37:40","slug":"600mah-batterie-16w-vape-pen-e-zigaretten-schale-system-vapor-izer","status":"publish","type":"product","link":"https:\/\/www.elementvape.de\/pt\/produkt\/600mah-batterie-16w-vape-pen-e-zigaretten-schale-system-vapor-izer\/","title":{"rendered":"Geekvape Wenax K1 Kit  cartuchos de 2ml, c\u00e1psula de 0,8 Ohm\/1,0 Ohm, com bateria de 600mAh, 16W, sistema de vaporizador de cigarro eletr\u00f4nico"},"content":{"rendered":"<p>&nbsp;<\/p>\n<div class=\"product-specs-list-container\">\n<ul class=\"product-specs-list util-clearfix\">\n<li class=\"product-prop line-limit-length\"><span class=\"property-title\">Apar\u00eancia:\u00a0<\/span><span class=\"property-desc line-limit-length\">Forma da Caixa<\/span><\/li>\n<li class=\"product-prop line-limit-length\"><span class=\"property-title\">Bateria Compat\u00edvel:\u00a0<\/span><span class=\"property-desc line-limit-length\">Nenhum<\/span><\/li>\n<li class=\"product-prop line-limit-length\"><span class=\"property-title\">Fun\u00e7\u00e3o de Monitoriza\u00e7\u00e3o do N\u00famero de Fuma\u00e7as:\u00a0<\/span><span class=\"property-desc line-limit-length\">N\u00e3o<\/span><\/li>\n<li class=\"product-prop line-limit-length\"><span class=\"property-title\">Estojo de Silicone:\u00a0<\/span><span class=\"property-desc line-limit-length\">N\u00e3o<\/span><\/li>\n<li class=\"product-prop line-limit-length\"><span class=\"property-title\">Regula\u00e7\u00e3o de Temperatura:\u00a0<\/span><span class=\"property-desc line-limit-length\">N\u00e3o<\/span><\/li>\n<li class=\"product-prop line-limit-length\"><span class=\"property-title\">Bateria Embutida ou Externa:\u00a0<\/span><span class=\"property-desc line-limit-length\">Embebida<\/span><\/li>\n<li class=\"product-prop line-limit-length\"><span class=\"property-title\">Fun\u00e7\u00e3o de Prote\u00e7\u00e3o contra Curto-Circuito:\u00a0<\/span><span class=\"property-desc line-limit-length\">Ja<\/span><\/li>\n<li class=\"product-prop line-limit-length\"><span class=\"property-title\">Fun\u00e7\u00e3o de Prote\u00e7\u00e3o contra Sobreaquecimento:\u00a0<\/span><span class=\"property-desc line-limit-length\">Ja<\/span><\/li>\n<li class=\"product-prop line-limit-length\"><span class=\"property-title\">Fun\u00e7\u00e3o de alarme de baixa tens\u00e3o:\u00a0<\/span><span class=\"property-desc line-limit-length\">Ja<\/span><\/li>\n<li class=\"product-prop line-limit-length\"><span class=\"property-title\">Fun\u00e7\u00e3o de identifica\u00e7\u00e3o do vaporizador:\u00a0<\/span><span class=\"property-desc line-limit-length\">Ja<\/span><\/li>\n<li class=\"product-prop line-limit-length\"><span class=\"property-title\">Modos de configura\u00e7\u00e3o TCR:\u00a0<\/span><span class=\"property-desc line-limit-length\">N\u00e3o<\/span><\/li>\n<li class=\"product-prop line-limit-length\"><span class=\"property-title\">Capacidade nominal:\u00a0<\/span><span class=\"property-desc line-limit-length\">&lt;700 mAh<\/span><\/li>\n<li class=\"product-prop line-limit-length\"><span class=\"property-title\">Bateria compat\u00edvel: 18350\u00a0<\/span><span class=\"property-desc line-limit-length\">Metal<\/span><\/li>\n<li class=\"product-prop line-limit-length\"><span class=\"property-title\">Modelo compat\u00edvel:\u00a0<\/span><span class=\"property-desc line-limit-length\">Pod de Cigarro Eletr\u00f3nico Vaporizador RDTA<\/span><\/li>\n<li class=\"product-prop line-limit-length\"><span class=\"property-title\">N\u00famero do modelo:\u00a0<\/span><span class=\"property-desc line-limit-length\">Kit GeekVape Wenax K1<\/span><\/li>\n<li class=\"product-prop line-limit-length\"><span class=\"property-title\">Carregador USB:\u00a0<\/span><span class=\"property-desc line-limit-length\">Ja<\/span><\/li>\n<li class=\"product-prop line-limit-length\"><span class=\"property-title\">Atualiza\u00e7\u00e3o de firmware:\u00a0<\/span><span class=\"property-desc line-limit-length\">N\u00e3o<\/span><\/li>\n<li class=\"product-prop line-limit-length\"><span class=\"property-title\">Fun\u00e7\u00e3o de monitoriza\u00e7\u00e3o do n\u00famero de fumos: N\u00e3o\u00a0<\/span><span class=\"property-desc line-limit-length\">Ja<\/span><\/li>\n<li class=\"product-prop line-limit-length\"><span class=\"property-title\">Tipo:\u00a0<\/span><span class=\"property-desc line-limit-length\">Com bateria<\/span><\/li>\n<li class=\"product-prop line-limit-length\"><span class=\"property-title\">Nome da marca:\u00a0<\/span><span class=\"property-desc line-limit-length\">GEEKVAPE<\/span><\/li>\n<li class=\"product-prop line-limit-length\"><span class=\"property-title\">Origem:\u00a0<\/span><span class=\"property-desc line-limit-length\">CN (Origem)<\/span><\/li>\n<li class=\"product-prop line-limit-length\"><span class=\"property-title\">Bateria:\u00a0<\/span><span class=\"property-desc line-limit-length\">600mah<\/span><\/li>\n<\/ul>\n<\/div>\n<div class=\"detailmodule_html\">\n<div class=\"detail-desc-decorate-richtext\">\n<div class=\"detailmodule_text\">\n<p id=\"tl_1\" class=\"detail-desc-decorate-title\" style=\"font-family: OpenSans; font-size: 20px; font-weight: 900; line-height: 28px; margin-bottom: 12px;\">Kit original Geekvape Wenax K1 2ml cartucho vazio Pod Bateria de 600mAh 16W Vape Pen cigarro eletr\u00f4nico Sistema de vaporizador Pod<\/p>\n<\/div>\n<div class=\"detailmodule_text\">\n<p id=\"tl_2\" class=\"detail-desc-decorate-title\" style=\"font-family: OpenSans; font-size: 20px; font-weight: 900; line-height: 28px; margin-bottom: 12px;\">Descri\u00e7\u00e3o breve do kit Geekvape Wenax K1:<\/p>\n<p id=\"tl_3\" class=\"detail-desc-decorate-content\" style=\"font-family: OpenSans; font-size: 14px; font-weight: 300; line-height: 20px; margin-bottom: 12px;\">O kit Wenax K1 \u00e9 um sistema de pod com desempenho constante e duradouro. Alimentado por uma bateria embutida de 600mah, oferece um dia inteiro de vaping e a conex\u00e3o de carregamento USB-C fornece carregamento r\u00e1pido. Possui uma configura\u00e7\u00e3o ajust\u00e1vel de pot\u00eancia em tr\u00eas n\u00edveis para personalizar facilmente o sabor. Existem duas formas de desfrutar do Wenax K1: Auto-Draw ou acionamento por bot\u00e3o. O Wenax K1 vem com modo anti-erro e entra automaticamente em modo de espera quando n\u00e3o h\u00e1 opera\u00e7\u00e3o por mais de 10 segundos. O cartucho \u00e9 uma c\u00e1psula recarreg\u00e1vel de 2ml com 300 a 400 tragos. Adquira-o para aproveitar uma excelente experi\u00eancia de vaping!<\/p>\n<\/div>\n<div class=\"detailmodule_text\">\n<p id=\"tl_4\" class=\"detail-desc-decorate-title\" style=\"font-family: OpenSans; font-size: 20px; font-weight: 900; line-height: 28px; margin-bottom: 12px;\">Par\u00e2metros:<\/p>\n<p id=\"tl_5\" class=\"detail-desc-decorate-content\" style=\"font-family: OpenSans; font-size: 14px; font-weight: 300; line-height: 20px; margin-bottom: 12px;\">Nome do produto: kit Wenax K1<br \/>\nPot\u00eancia de sa\u00edda: 9-16w<br \/>\nFaixa de resist\u00eancia da bobina: 0,4-3 Ohm<br \/>\nBobina: 0,8 Ohm (12-16W), 1,2 Ohm (10-12W)<br \/>\nCapacidade da bateria: 600mah<br \/>\nCapacidade: 2ml<br \/>\nCarregamento: Conex\u00e3o USB-C 5V<br \/>\nAviso de baixa voltagem: 3,2 V \u00b1 0,1 V<br \/>\nAlarme de temperatura da PCBA: 80 \u2103<br \/>\nTempo de vaporiza\u00e7\u00e3o mais longo: 10s<br \/>\nTemperatura de trabalho: -45 \u2103<br \/>\nCorrente de espera: \u2264 15ua<br \/>\nCor: preto, bronze, vermelho, azul, azul celeste, azul pac\u00edfico, dourado, verde militar, laranja<\/p>\n<\/div>\n<div class=\"detailmodule_text\">\n<p id=\"tl_6\" class=\"detail-desc-decorate-title\" style=\"font-family: OpenSans; font-size: 20px; font-weight: 900; line-height: 28px; margin-bottom: 12px;\">Detalhes:<\/p>\n<p id=\"tl_7\" class=\"detail-desc-decorate-content\" style=\"font-family: OpenSans; font-size: 14px; font-weight: 300; line-height: 20px; margin-bottom: 12px;\">1. Corpo em alum\u00ednio anodizado<br \/>\n2. Auto-draw e ativado por bot\u00e3o<br \/>\n3. Pot\u00eancia de sa\u00edda ajust\u00e1vel de 3 n\u00edveis<br \/>\n4. Capacidade da bateria de 600mAh<br \/>\n5. Carregamento USB-C, puxar firmemente<br \/>\n6. Pot\u00eancia est\u00e1vel e duradoura<br \/>\n7. C\u00e1psula recarreg\u00e1vel de 2ml com 4,5-4,0 puffs<br \/>\n8. Anti-acidental: Auto-desligar ap\u00f3s 10 segundos<\/p>\n<\/div>\n<div class=\"detailmodule_text\">\n<p id=\"tl_8\" class=\"detail-desc-decorate-title\" style=\"font-family: OpenSans; font-size: 20px; font-weight: 900; line-height: 28px; margin-bottom: 12px;\">Pacote:<\/p>\n<p id=\"tl_9\" class=\"detail-desc-decorate-content\" style=\"font-family: OpenSans; font-size: 14px; font-weight: 300; line-height: 20px; margin-bottom: 12px;\">1 * Dispositivo geekvape wenax k1<br \/>\n1 * Cartucho de c\u00e1psula geekvape wenax k1 0,8 Ohm (pr\u00e9-instalado)<br \/>\n1 * Cartucho de c\u00e1psula geekvape wenax k1 1,2 Ohm (substitui\u00e7\u00e3o)<br \/>\n1 * Cabo USB (Tipo-C)<br \/>\n1 * manual do usu\u00e1rio<\/p>\n<\/div>\n<div class=\"detailmodule_image\"><img decoding=\"async\" loading=\"lazy\" class=\"detail-desc-decorate-image\" src=\"https:\/\/ae01.alicdn.com\/kf\/H4129d8ff725440a2963cc01631a166a5P.jpg\" \/><br \/>\n<img decoding=\"async\" loading=\"lazy\" class=\"detail-desc-decorate-image\" src=\"https:\/\/ae01.alicdn.com\/kf\/H976fd81fdd894e64bc3df1517f2981d2p.jpg\" \/><br \/>\n<img decoding=\"async\" loading=\"lazy\" class=\"detail-desc-decorate-image\" src=\"https:\/\/ae01.alicdn.com\/kf\/H8099c2fbc1fd401caae51218c726656a4.jpg\" \/><\/div>\n<p>&nbsp;<\/p>\n<\/div>\n<\/div>","protected":false},"excerpt":{"rendered":"<p>&nbsp; Aussehen:\u00a0Box Form Kompatibler Akku:\u00a0Kein \u00dcberwachung Funktion Von Rauchen Anzahl:\u00a0Nein Silikon Fall:\u00a0Nein Temperaturregelung:\u00a0Nein Eingebaute Oder Externe Batterie:\u00a0Eingebaute Kurzschlussschutz Funktion:\u00a0Ja \u00dcberhitzungsschutz-funktion:\u00a0Ja Niederspannungsalarmfunktion:\u00a0Ja Zerst\u00e4uber Identifikation Funktion:\u00a0Ja TCR Einstellung Modi:\u00a0Nein Nominale Kapazit\u00e4t:\u00a0&lt;700 mAh Material:\u00a0Metall Compatible Model:\u00a0Electronic Cigarette Pod RDTA Vaporizer Modellnummer:\u00a0GeekVape Wenax K1 Kit Usb-ladeger\u00e4t:\u00a0Ja Firmware-upgrade:\u00a0Nein Display:\u00a0Ja Art:\u00a0Mit Batterie Markenname:\u00a0GEEKVAPE Ursprung:\u00a0CN (Herkunft) Battery:\u00a0600mah Original Geekvape Wenax K1 Kit [&hellip;]<\/p>","protected":false},"featured_media":6766,"template":"","meta":{"inline_featured_image":false},"product_cat":[752,756,739,743,76,79,81],"product_tag":[],"tiered_pricing_type":"fixed","tiered_pricing_fixed_rules":[],"tiered_pricing_percentage_rules":[],"tiered_pricing_minimum":1,"_administrator_tiered_pricing_type":"fixed","_administrator_tiered_pricing_fixed_rules":[],"_editor_tiered_pricing_type":"fixed","_editor_tiered_pricing_fixed_rules":[],"_author_tiered_pricing_type":"fixed","_author_tiered_pricing_fixed_rules":[],"_contributor_tiered_pricing_type":"fixed","_contributor_tiered_pricing_fixed_rules":[],"_subscriber_tiered_pricing_type":"fixed","_subscriber_tiered_pricing_fixed_rules":[],"_customer_tiered_pricing_type":"fixed","_customer_tiered_pricing_fixed_rules":[],"_shop_manager_tiered_pricing_type":"fixed","_shop_manager_tiered_pricing_fixed_rules":[],"_wpseo_manager_tiered_pricing_type":"fixed","_wpseo_manager_tiered_pricing_fixed_rules":[],"_wpseo_editor_tiered_pricing_type":"fixed","_wpseo_editor_tiered_pricing_fixed_rules":[],"_wholesale_customer_tiered_pricing_type":"fixed","_wholesale_customer_tiered_pricing_fixed_rules":[],"_marketer_tiered_pricing_type":"fixed","_marketer_tiered_pricing_fixed_rules":[],"_sales_manager_tiered_pricing_type":"fixed","_sales_manager_tiered_pricing_fixed_rules":[],"_sales_rep_tiered_pricing_type":"fixed","_sales_rep_tiered_pricing_fixed_rules":[],"yoast_head":"<!-- This site is optimized with the Yoast SEO plugin v23.3 - https:\/\/yoast.com\/wordpress\/plugins\/seo\/ -->\n<title>Geekvape Wenax K1 Kit 2ml Patronen h\u00fclse 0,8 Ohm 1,0 Ohm mit 600mAh Batterie 16W Vape Pen E Zigaretten schale System Vapor izer | ElementVape.de<\/title>\n<meta name=\"description\" content=\"Wir bieten Geekvape Wenax K1 Kit 2ml Patronen h\u00fclse 0,8 Ohm 1,0 Ohm mit 600mAh Batterie 16W Vape Pen E Zigaretten schale System Vapor izer , Elementvape.de akzeptieren Gro\u00df-und Einzelhandel Bestellungen.\" \/>\n<meta name=\"robots\" content=\"index, follow, max-snippet:-1, max-image-preview:large, max-video-preview:-1\" \/>\n<link rel=\"canonical\" href=\"https:\/\/www.elementvape.de\/pt\/produkt\/600mah-batterie-16w-vape-pen-e-zigaretten-schale-system-vapor-izer\/\" \/>\n<meta property=\"og:locale\" content=\"pt_PT\" \/>\n<meta property=\"og:type\" content=\"article\" \/>\n<meta property=\"og:title\" content=\"Geekvape Wenax K1 Kit 2ml Patronen h\u00fclse 0,8 Ohm 1,0 Ohm mit 600mAh Batterie 16W Vape Pen E Zigaretten schale System Vapor izer | ElementVape.de\" \/>\n<meta property=\"og:description\" content=\"Wir bieten Geekvape Wenax K1 Kit 2ml Patronen h\u00fclse 0,8 Ohm 1,0 Ohm mit 600mAh Batterie 16W Vape Pen E Zigaretten schale System Vapor izer , Elementvape.de akzeptieren Gro\u00df-und Einzelhandel Bestellungen.\" \/>\n<meta property=\"og:url\" content=\"https:\/\/www.elementvape.de\/pt\/produkt\/600mah-batterie-16w-vape-pen-e-zigaretten-schale-system-vapor-izer\/\" \/>\n<meta property=\"og:site_name\" content=\"ElementVape.de\" \/>\n<meta property=\"article:modified_time\" content=\"2024-12-12T06:37:40+00:00\" \/>\n<meta property=\"og:image\" content=\"https:\/\/ae01.alicdn.com\/kf\/H1106475399e247a2b1e22ebcc1ed121a3\/Original-Geekvape-Wenax-K1-Kit-2ml-Patronen-h-lse-0-8-Ohm-1-0-Ohm-mit.jpg\" \/>\n\t<meta property=\"og:image:width\" content=\"800\" \/>\n\t<meta property=\"og:image:height\" content=\"800\" \/>\n\t<meta property=\"og:image:type\" content=\"image\/jpeg\" \/>\n<meta name=\"twitter:card\" content=\"summary_large_image\" \/>\n<meta name=\"twitter:label1\" content=\"Est. reading time\" \/>\n\t<meta name=\"twitter:data1\" content=\"3 minutos\" \/>\n<script type=\"application\/ld+json\" class=\"yoast-schema-graph\">{\"@context\":\"https:\/\/schema.org\",\"@graph\":[{\"@type\":\"WebPage\",\"@id\":\"https:\/\/www.elementvape.de\/produkt\/600mah-batterie-16w-vape-pen-e-zigaretten-schale-system-vapor-izer\/\",\"url\":\"https:\/\/www.elementvape.de\/produkt\/600mah-batterie-16w-vape-pen-e-zigaretten-schale-system-vapor-izer\/\",\"name\":\"Geekvape Wenax K1 Kit 2ml Patronen h\u00fclse 0,8 Ohm 1,0 Ohm mit 600mAh Batterie 16W Vape Pen E Zigaretten schale System Vapor izer | ElementVape.de\",\"isPartOf\":{\"@id\":\"https:\/\/www.elementvape.de\/#website\"},\"primaryImageOfPage\":{\"@id\":\"https:\/\/www.elementvape.de\/produkt\/600mah-batterie-16w-vape-pen-e-zigaretten-schale-system-vapor-izer\/#primaryimage\"},\"image\":{\"@id\":\"https:\/\/www.elementvape.de\/produkt\/600mah-batterie-16w-vape-pen-e-zigaretten-schale-system-vapor-izer\/#primaryimage\"},\"thumbnailUrl\":\"https:\/\/ae01.alicdn.com\/kf\/H1106475399e247a2b1e22ebcc1ed121a3\/Original-Geekvape-Wenax-K1-Kit-2ml-Patronen-h-lse-0-8-Ohm-1-0-Ohm-mit.jpg\",\"datePublished\":\"2024-04-20T03:29:36+00:00\",\"dateModified\":\"2024-12-12T06:37:40+00:00\",\"description\":\"Wir bieten Geekvape Wenax K1 Kit 2ml Patronen h\u00fclse 0,8 Ohm 1,0 Ohm mit 600mAh Batterie 16W Vape Pen E Zigaretten schale System Vapor izer , Elementvape.de akzeptieren Gro\u00df-und Einzelhandel Bestellungen.\",\"breadcrumb\":{\"@id\":\"https:\/\/www.elementvape.de\/produkt\/600mah-batterie-16w-vape-pen-e-zigaretten-schale-system-vapor-izer\/#breadcrumb\"},\"inLanguage\":\"pt-PT\",\"potentialAction\":[{\"@type\":\"ReadAction\",\"target\":[\"https:\/\/www.elementvape.de\/produkt\/600mah-batterie-16w-vape-pen-e-zigaretten-schale-system-vapor-izer\/\"]}]},{\"@type\":\"ImageObject\",\"inLanguage\":\"pt-PT\",\"@id\":\"https:\/\/www.elementvape.de\/produkt\/600mah-batterie-16w-vape-pen-e-zigaretten-schale-system-vapor-izer\/#primaryimage\",\"url\":\"https:\/\/ae01.alicdn.com\/kf\/H1106475399e247a2b1e22ebcc1ed121a3\/Original-Geekvape-Wenax-K1-Kit-2ml-Patronen-h-lse-0-8-Ohm-1-0-Ohm-mit.jpg\",\"contentUrl\":\"https:\/\/ae01.alicdn.com\/kf\/H1106475399e247a2b1e22ebcc1ed121a3\/Original-Geekvape-Wenax-K1-Kit-2ml-Patronen-h-lse-0-8-Ohm-1-0-Ohm-mit.jpg\",\"width\":800,\"height\":800},{\"@type\":\"BreadcrumbList\",\"@id\":\"https:\/\/www.elementvape.de\/produkt\/600mah-batterie-16w-vape-pen-e-zigaretten-schale-system-vapor-izer\/#breadcrumb\",\"itemListElement\":[{\"@type\":\"ListItem\",\"position\":1,\"name\":\"Home\",\"item\":\"https:\/\/www.elementvape.de\/\"},{\"@type\":\"ListItem\",\"position\":2,\"name\":\"Shop\",\"item\":\"https:\/\/www.elementvape.de\/shop\/\"},{\"@type\":\"ListItem\",\"position\":3,\"name\":\"Geekvape Wenax K1 Kit 2ml Patronen h\u00fclse 0,8 Ohm 1,0 Ohm mit 600mAh Batterie 16W Vape Pen E Zigaretten schale System Vapor izer\"}]},{\"@type\":\"WebSite\",\"@id\":\"https:\/\/www.elementvape.de\/#website\",\"url\":\"https:\/\/www.elementvape.de\/\",\"name\":\"ElementVape.de\",\"description\":\"\",\"publisher\":{\"@id\":\"https:\/\/www.elementvape.de\/#organization\"},\"potentialAction\":[{\"@type\":\"SearchAction\",\"target\":{\"@type\":\"EntryPoint\",\"urlTemplate\":\"https:\/\/www.elementvape.de\/?s={search_term_string}\"},\"query-input\":\"required name=search_term_string\"}],\"inLanguage\":\"pt-PT\"},{\"@type\":\"Organization\",\"@id\":\"https:\/\/www.elementvape.de\/#organization\",\"name\":\"ElementVape.DE\",\"url\":\"https:\/\/www.elementvape.de\/\",\"logo\":{\"@type\":\"ImageObject\",\"inLanguage\":\"pt-PT\",\"@id\":\"https:\/\/www.elementvape.de\/#\/schema\/logo\/image\/\",\"url\":\"https:\/\/www.elementvape.de\/wp-content\/uploads\/2024\/09\/cropped-1elementvape-3.png\",\"contentUrl\":\"https:\/\/www.elementvape.de\/wp-content\/uploads\/2024\/09\/cropped-1elementvape-3.png\",\"width\":285,\"height\":228,\"caption\":\"ElementVape.DE\"},\"image\":{\"@id\":\"https:\/\/www.elementvape.de\/#\/schema\/logo\/image\/\"}}]}<\/script>\n<!-- \/ Yoast SEO plugin. -->","yoast_head_json":{"title":"Geekvape Wenax K1 Kit 2ml Patronen h\u00fclse 0,8 Ohm 1,0 Ohm mit 600mAh Batterie 16W Vape Pen E Zigaretten schale System Vapor izer | ElementVape.de","description":"Wir bieten Geekvape Wenax K1 Kit 2ml Patronen h\u00fclse 0,8 Ohm 1,0 Ohm mit 600mAh Batterie 16W Vape Pen E Zigaretten schale System Vapor izer , Elementvape.de akzeptieren Gro\u00df-und Einzelhandel Bestellungen.","robots":{"index":"index","follow":"follow","max-snippet":"max-snippet:-1","max-image-preview":"max-image-preview:large","max-video-preview":"max-video-preview:-1"},"canonical":"https:\/\/www.elementvape.de\/pt\/produkt\/600mah-batterie-16w-vape-pen-e-zigaretten-schale-system-vapor-izer\/","og_locale":"pt_PT","og_type":"article","og_title":"Geekvape Wenax K1 Kit 2ml Patronen h\u00fclse 0,8 Ohm 1,0 Ohm mit 600mAh Batterie 16W Vape Pen E Zigaretten schale System Vapor izer | ElementVape.de","og_description":"Wir bieten Geekvape Wenax K1 Kit 2ml Patronen h\u00fclse 0,8 Ohm 1,0 Ohm mit 600mAh Batterie 16W Vape Pen E Zigaretten schale System Vapor izer , Elementvape.de akzeptieren Gro\u00df-und Einzelhandel Bestellungen.","og_url":"https:\/\/www.elementvape.de\/pt\/produkt\/600mah-batterie-16w-vape-pen-e-zigaretten-schale-system-vapor-izer\/","og_site_name":"ElementVape.de","article_modified_time":"2024-12-12T06:37:40+00:00","og_image":[{"width":800,"height":800,"url":"https:\/\/ae01.alicdn.com\/kf\/H1106475399e247a2b1e22ebcc1ed121a3\/Original-Geekvape-Wenax-K1-Kit-2ml-Patronen-h-lse-0-8-Ohm-1-0-Ohm-mit.jpg","type":"image\/jpeg"}],"twitter_card":"summary_large_image","twitter_misc":{"Est. reading time":"3 minutos"},"schema":{"@context":"https:\/\/schema.org","@graph":[{"@type":"WebPage","@id":"https:\/\/www.elementvape.de\/produkt\/600mah-batterie-16w-vape-pen-e-zigaretten-schale-system-vapor-izer\/","url":"https:\/\/www.elementvape.de\/produkt\/600mah-batterie-16w-vape-pen-e-zigaretten-schale-system-vapor-izer\/","name":"Geekvape Wenax K1 Kit 2ml Patronen h\u00fclse 0,8 Ohm 1,0 Ohm mit 600mAh Batterie 16W Vape Pen E Zigaretten schale System Vapor izer | ElementVape.de","isPartOf":{"@id":"https:\/\/www.elementvape.de\/#website"},"primaryImageOfPage":{"@id":"https:\/\/www.elementvape.de\/produkt\/600mah-batterie-16w-vape-pen-e-zigaretten-schale-system-vapor-izer\/#primaryimage"},"image":{"@id":"https:\/\/www.elementvape.de\/produkt\/600mah-batterie-16w-vape-pen-e-zigaretten-schale-system-vapor-izer\/#primaryimage"},"thumbnailUrl":"https:\/\/ae01.alicdn.com\/kf\/H1106475399e247a2b1e22ebcc1ed121a3\/Original-Geekvape-Wenax-K1-Kit-2ml-Patronen-h-lse-0-8-Ohm-1-0-Ohm-mit.jpg","datePublished":"2024-04-20T03:29:36+00:00","dateModified":"2024-12-12T06:37:40+00:00","description":"Wir bieten Geekvape Wenax K1 Kit 2ml Patronen h\u00fclse 0,8 Ohm 1,0 Ohm mit 600mAh Batterie 16W Vape Pen E Zigaretten schale System Vapor izer , Elementvape.de akzeptieren Gro\u00df-und Einzelhandel Bestellungen.","breadcrumb":{"@id":"https:\/\/www.elementvape.de\/produkt\/600mah-batterie-16w-vape-pen-e-zigaretten-schale-system-vapor-izer\/#breadcrumb"},"inLanguage":"pt-PT","potentialAction":[{"@type":"ReadAction","target":["https:\/\/www.elementvape.de\/produkt\/600mah-batterie-16w-vape-pen-e-zigaretten-schale-system-vapor-izer\/"]}]},{"@type":"ImageObject","inLanguage":"pt-PT","@id":"https:\/\/www.elementvape.de\/produkt\/600mah-batterie-16w-vape-pen-e-zigaretten-schale-system-vapor-izer\/#primaryimage","url":"https:\/\/ae01.alicdn.com\/kf\/H1106475399e247a2b1e22ebcc1ed121a3\/Original-Geekvape-Wenax-K1-Kit-2ml-Patronen-h-lse-0-8-Ohm-1-0-Ohm-mit.jpg","contentUrl":"https:\/\/ae01.alicdn.com\/kf\/H1106475399e247a2b1e22ebcc1ed121a3\/Original-Geekvape-Wenax-K1-Kit-2ml-Patronen-h-lse-0-8-Ohm-1-0-Ohm-mit.jpg","width":800,"height":800},{"@type":"BreadcrumbList","@id":"https:\/\/www.elementvape.de\/produkt\/600mah-batterie-16w-vape-pen-e-zigaretten-schale-system-vapor-izer\/#breadcrumb","itemListElement":[{"@type":"ListItem","position":1,"name":"Home","item":"https:\/\/www.elementvape.de\/"},{"@type":"ListItem","position":2,"name":"Shop","item":"https:\/\/www.elementvape.de\/shop\/"},{"@type":"ListItem","position":3,"name":"Geekvape Wenax K1 Kit 2ml Patronen h\u00fclse 0,8 Ohm 1,0 Ohm mit 600mAh Batterie 16W Vape Pen E Zigaretten schale System Vapor izer"}]},{"@type":"WebSite","@id":"https:\/\/www.elementvape.de\/#website","url":"https:\/\/www.elementvape.de\/","name":"ElementVape.de","description":"","publisher":{"@id":"https:\/\/www.elementvape.de\/#organization"},"potentialAction":[{"@type":"SearchAction","target":{"@type":"EntryPoint","urlTemplate":"https:\/\/www.elementvape.de\/?s={search_term_string}"},"query-input":"required name=search_term_string"}],"inLanguage":"pt-PT"},{"@type":"Organization","@id":"https:\/\/www.elementvape.de\/#organization","name":"ElementVape.DE","url":"https:\/\/www.elementvape.de\/","logo":{"@type":"ImageObject","inLanguage":"pt-PT","@id":"https:\/\/www.elementvape.de\/#\/schema\/logo\/image\/","url":"https:\/\/www.elementvape.de\/wp-content\/uploads\/2024\/09\/cropped-1elementvape-3.png","contentUrl":"https:\/\/www.elementvape.de\/wp-content\/uploads\/2024\/09\/cropped-1elementvape-3.png","width":285,"height":228,"caption":"ElementVape.DE"},"image":{"@id":"https:\/\/www.elementvape.de\/#\/schema\/logo\/image\/"}}]}},"_links":{"self":[{"href":"https:\/\/www.elementvape.de\/pt\/wp-json\/wp\/v2\/product\/6765"}],"collection":[{"href":"https:\/\/www.elementvape.de\/pt\/wp-json\/wp\/v2\/product"}],"about":[{"href":"https:\/\/www.elementvape.de\/pt\/wp-json\/wp\/v2\/types\/product"}],"wp:featuredmedia":[{"embeddable":true,"href":"https:\/\/www.elementvape.de\/pt\/wp-json\/wp\/v2\/media\/6766"}],"wp:attachment":[{"href":"https:\/\/www.elementvape.de\/pt\/wp-json\/wp\/v2\/media?parent=6765"}],"wp:term":[{"taxonomy":"product_cat","embeddable":true,"href":"https:\/\/www.elementvape.de\/pt\/wp-json\/wp\/v2\/product_cat?post=6765"},{"taxonomy":"product_tag","embeddable":true,"href":"https:\/\/www.elementvape.de\/pt\/wp-json\/wp\/v2\/product_tag?post=6765"}],"curies":[{"name":"wp","href":"https:\/\/api.w.org\/{rel}","templated":true}]}}