{"id":16317,"date":"2025-04-19T06:11:20","date_gmt":"2025-04-19T06:11:20","guid":{"rendered":"https:\/\/www.elementvape.de\/?post_type=product&#038;p=16317"},"modified":"2025-04-19T06:18:03","modified_gmt":"2025-04-19T06:18:03","slug":"bang-king-45000-zuege-strawberry-raspberry-triple-melon-sour-mango-pineapple-fuer-intensiven-genuss","status":"publish","type":"product","link":"https:\/\/www.elementvape.de\/pt\/produkt\/bang-king-45000-zuege-strawberry-raspberry-triple-melon-sour-mango-pineapple-fuer-intensiven-genuss\/","title":{"rendered":"BANG KING 45000 tragos Morango Framboesa Mel\u00e3o Triplo Manga Abacaxi para um prazer intenso"},"content":{"rendered":"<h2 data-start=\"0\" data-end=\"113\">BANG KING 45000 Puffs Morango Framboesa \u2013 Mel\u00e3o Triplo \u2013 Manga Azeda Anan\u00e1s Uma Experi\u00eancia de Vaporiza\u00e7\u00e3o Tropical<\/h2>\n<p class=\"\" data-start=\"115\" data-end=\"690\">O BANG KING 45000 Puffs \u00e9 a mais recente inova\u00e7\u00e3o para vapers que procuram uma experi\u00eancia de vaporiza\u00e7\u00e3o duradoura, intensa e refrescante. Com uma capacidade impressionante de 45.000 puffs e uma variedade de sabores ex\u00f3ticos, este dispositivo oferece uma forma \u00fanica de desfrutar ao m\u00e1ximo do mundo da vaporiza\u00e7\u00e3o. A combina\u00e7\u00e3o de Morango Framboesa, Mel\u00e3o Triplo e Manga Azeda Anan\u00e1s proporciona uma experi\u00eancia de sabor tropical que n\u00e3o s\u00f3 mima o paladar, mas tamb\u00e9m transmite uma sensa\u00e7\u00e3o de frescura e exotismo.<\/p>\n<h3 class=\"\" data-start=\"692\" data-end=\"747\">A Diversidade de Sabores do BANG KING 45000 Puffs<\/h3>\n<p class=\"\" data-start=\"749\" data-end=\"988\">A diversidade de sabores deste produto \u00e9 um verdadeiro deleite para todos os amantes de experi\u00eancias de sabor frutadas. Cada um dos tr\u00eas sabores foi cuidadosamente desenvolvido para oferecer aos vapers uma experi\u00eancia intensa e variada.<\/p>\n<ul data-start=\"990\" data-end=\"2175\">\n<li class=\"\" data-start=\"990\" data-end=\"1380\">\n<p class=\"\" data-start=\"992\" data-end=\"1380\">Morango Framboesa: O morango doce em combina\u00e7\u00e3o com a framboesa \u00e1cida proporciona um equil\u00edbrio perfeito entre do\u00e7ura e frescura. Esta mistura \u00e9 ideal para vapers que procuram um sabor frutado que seja simultaneamente doce e refrescante. O sabor faz lembrar um dia de ver\u00e3o soalheiro e traz a frescura da natureza diretamente para o paladar.<\/p>\n<\/li>\n<li class=\"\" data-start=\"1384\" data-end=\"1785\">\n<p class=\"\" data-start=\"1386\" data-end=\"1785\">Mel\u00e3o Triplo: Quem ama a do\u00e7ura refrescante dos mel\u00f5es vai adorar este aroma. A combina\u00e7\u00e3o de melancia, mel\u00e3o honeydew e mel\u00e3o cantaloupe oferece um sabor harmonioso e suculento que sacia a sede e, ao mesmo tempo, deixa uma frescura agrad\u00e1vel. Especialmente nos meses quentes de ver\u00e3o, este aroma \u00e9 a escolha perfeita para se refrescar e aproveitar o momento.<\/p>\n<\/li>\n<li class=\"\" data-start=\"1789\" data-end=\"2175\">\n<p class=\"\" data-start=\"1791\" data-end=\"2175\">Manga Azeda Anan\u00e1s: Este aroma ex\u00f3tico combina a do\u00e7ura frutada do anan\u00e1s com a nota ligeiramente \u00e1cida da manga. O sabor \u00e9 vibrante e efervescente, com um toque de sensa\u00e7\u00e3o tropical que d\u00e1 a sensa\u00e7\u00e3o de estar num destino de f\u00e9rias paradis\u00edaco. O equil\u00edbrio entre a do\u00e7ura do anan\u00e1s e a acidez da manga proporciona uma experi\u00eancia de vaporiza\u00e7\u00e3o emocionante.<\/p>\n<\/li>\n<\/ul>\n<h3 class=\"\" data-start=\"2177\" data-end=\"2209\">Tecnologia e Qualidade<\/h3>\n<p class=\"\" data-start=\"2211\" data-end=\"2758\">Al\u00e9m da excelente diversidade de sabores, o BANG KING 45000 Puffs tamb\u00e9m oferece tecnologia avan\u00e7ada que garante uma experi\u00eancia de vaporiza\u00e7\u00e3o perfeita. O dispositivo est\u00e1 equipado com uma tecnologia de Mesh-Coil, que permite uma vaporiza\u00e7\u00e3o uniforme do E-Liquid. Esta tecnologia garante que o sabor de cada puff permane\u00e7a consistentemente intenso e que a produ\u00e7\u00e3o de vapor seja uniforme. Em compara\u00e7\u00e3o com as Coils convencionais, a Mesh-Coil oferece uma superf\u00edcie maior, o que melhora a vaporiza\u00e7\u00e3o e maximiza o sabor.<\/p>\n<p class=\"\" data-start=\"2760\" data-end=\"3118\">O BANG KING 45000 Puffs \u00e9 fornecido com uma pr\u00e1tica porta de carregamento Type-C, que n\u00e3o s\u00f3 permite um tempo de carregamento mais r\u00e1pido, mas tamb\u00e9m garante uma vida \u00fatil mais longa da bateria. A bateria de 650mAh oferece energia suficiente para os 45.000 puffs e garante que o dispositivo funcione de forma fi\u00e1vel durante um longo per\u00edodo de tempo.<\/p>\n<p class=\"\" data-start=\"3120\" data-end=\"3381\">Com op\u00e7\u00f5es de nicotina de 0%, 2%, 3% e 5%, o dispositivo \u00e9 adequado tanto para iniciantes como para vapers experientes. Cada vaper pode ajustar a for\u00e7a da nicotina \u00e0s suas necessidades individuais e, assim, desfrutar de uma experi\u00eancia de vaporiza\u00e7\u00e3o personalizada.<\/p>\n<h3 class=\"\" data-start=\"3383\" data-end=\"3426\">Vape Descart\u00e1vel para F\u00e1cil Manuseamento<\/h3>\n<p class=\"\" data-start=\"3428\" data-end=\"3853\">Outra vantagem do BANG KING 45000 Puffs \u00e9 a facilidade de utiliza\u00e7\u00e3o. Como um Vape descart\u00e1vel, o vaper n\u00e3o precisa de se preocupar em reabastecer o l\u00edquido ou substituir as Coils. Assim que o dispositivo atinge a sua capacidade, pode ser simplesmente descartado. Esta facilidade de manuseamento torna-o particularmente atraente para vapers que procuram uma experi\u00eancia de vaporiza\u00e7\u00e3o descomplicada e, no entanto, de alta qualidade.<\/p>\n<h3 class=\"\" data-start=\"3855\" data-end=\"3913\">Por que deve escolher o BANG KING 45000 Puffs?<\/h3>\n<p class=\"\" data-start=\"3915\" data-end=\"4417\">O BANG KING 45000 Puffs \u00e9 mais do que apenas um cigarro eletr\u00f3nico comum. Com os seus 45.000 puffs, a tecnologia Mesh-Coil, os sabores ex\u00f3ticos e a facilidade de manuseamento, este dispositivo oferece tudo o que os vapers podem esperar de um Vape Premium. \u00c9 a escolha perfeita para quem procura uma experi\u00eancia de vaporiza\u00e7\u00e3o duradoura, intensa e frutada. Quer seja um vaper experiente ou um novato \u2013 este produto n\u00e3o o ir\u00e1 desiludir.<\/p>\n<p class=\"\" data-start=\"4434\" data-end=\"4920\">O BANG KING 45000 Puffs Morango Framboesa \u2013 Mel\u00e3o Triplo \u2013 Manga Azeda Anan\u00e1s \u00e9 o companheiro perfeito para quem procura uma experi\u00eancia de vaporiza\u00e7\u00e3o tropical, intensa e duradoura. Com uma capacidade de 45.000 puffs, tecnologia avan\u00e7ada e uma diversidade de sabores \u00fanica, este dispositivo \u00e9 a escolha ideal para vapers que querem tirar o m\u00e1ximo proveito da sua experi\u00eancia de vaporiza\u00e7\u00e3o. Experimente o mundo dos sabores de frutas tropicais e desfrute de cada puff!<\/p>","protected":false},"excerpt":{"rendered":"<p>BANG KING 45000 Z\u00fcge Strawberry Raspberry &#8211; Triple Melon &#8211; Sour Mango Pineapple Ein Tropisches Dampferlebnis Die BANG KING 45000 Z\u00fcge ist die neueste Innovation f\u00fcr Dampfer, die nach einem langanhaltenden, intensiven und erfrischenden Dampferlebnis suchen. Mit einer beeindruckenden Kapazit\u00e4t von 45.000 Z\u00fcgen und einer Reihe exotischer Aromen bietet dieses Ger\u00e4t eine einzigartige M\u00f6glichkeit, die [&hellip;]<\/p>","protected":false},"featured_media":16305,"template":"","meta":{"inline_featured_image":false},"product_cat":[779],"product_tag":[780],"tiered_pricing_type":"fixed","tiered_pricing_fixed_rules":[],"tiered_pricing_percentage_rules":[],"tiered_pricing_minimum":1,"_administrator_tiered_pricing_type":"fixed","_administrator_tiered_pricing_fixed_rules":[],"_editor_tiered_pricing_type":"fixed","_editor_tiered_pricing_fixed_rules":[],"_author_tiered_pricing_type":"fixed","_author_tiered_pricing_fixed_rules":[],"_contributor_tiered_pricing_type":"fixed","_contributor_tiered_pricing_fixed_rules":[],"_subscriber_tiered_pricing_type":"fixed","_subscriber_tiered_pricing_fixed_rules":[],"_customer_tiered_pricing_type":"fixed","_customer_tiered_pricing_fixed_rules":[],"_shop_manager_tiered_pricing_type":"fixed","_shop_manager_tiered_pricing_fixed_rules":[],"_wpseo_manager_tiered_pricing_type":"fixed","_wpseo_manager_tiered_pricing_fixed_rules":[],"_wpseo_editor_tiered_pricing_type":"fixed","_wpseo_editor_tiered_pricing_fixed_rules":[],"_wholesale_customer_tiered_pricing_type":"fixed","_wholesale_customer_tiered_pricing_fixed_rules":[],"_marketer_tiered_pricing_type":"fixed","_marketer_tiered_pricing_fixed_rules":[],"_sales_manager_tiered_pricing_type":"fixed","_sales_manager_tiered_pricing_fixed_rules":[],"_sales_rep_tiered_pricing_type":"fixed","_sales_rep_tiered_pricing_fixed_rules":[],"yoast_head":"<!-- This site is optimized with the Yoast SEO plugin v23.3 - https:\/\/yoast.com\/wordpress\/plugins\/seo\/ -->\n<title>BANG KING 45000 Z\u00fcge Strawberry Raspberry Triple Melon Sour Mango Pineapple f\u00fcr intensiven Genuss | ElementVape.de<\/title>\n<meta name=\"description\" content=\"BANG KING 45000 Z\u00fcge bietet tropische Aromen wie Strawberry Raspberry Triple Melon und Sour Mango Pineapple f\u00fcr ein intensives Dampferlebnis\" \/>\n<meta name=\"robots\" content=\"index, follow, max-snippet:-1, max-image-preview:large, max-video-preview:-1\" \/>\n<link rel=\"canonical\" href=\"https:\/\/www.elementvape.de\/pt\/produkt\/bang-king-45000-zuege-strawberry-raspberry-triple-melon-sour-mango-pineapple-fuer-intensiven-genuss\/\" \/>\n<meta property=\"og:locale\" content=\"pt_PT\" \/>\n<meta property=\"og:type\" content=\"article\" \/>\n<meta property=\"og:title\" content=\"BANG KING 45000 Z\u00fcge Strawberry Raspberry Triple Melon Sour Mango Pineapple f\u00fcr intensiven Genuss | ElementVape.de\" \/>\n<meta property=\"og:description\" content=\"BANG KING 45000 Z\u00fcge bietet tropische Aromen wie Strawberry Raspberry Triple Melon und Sour Mango Pineapple f\u00fcr ein intensives Dampferlebnis\" \/>\n<meta property=\"og:url\" content=\"https:\/\/www.elementvape.de\/pt\/produkt\/bang-king-45000-zuege-strawberry-raspberry-triple-melon-sour-mango-pineapple-fuer-intensiven-genuss\/\" \/>\n<meta property=\"og:site_name\" content=\"ElementVape.de\" \/>\n<meta property=\"article:modified_time\" content=\"2025-04-19T06:18:03+00:00\" \/>\n<meta property=\"og:image\" content=\"https:\/\/www.elementvape.de\/wp-content\/uploads\/2025\/04\/bangking45k-Strawberry-Raspberry-Triple-Melon-Sour-Mango-Pineapple.jpg\" \/>\n\t<meta property=\"og:image:width\" content=\"685\" \/>\n\t<meta property=\"og:image:height\" content=\"757\" \/>\n\t<meta property=\"og:image:type\" content=\"image\/jpeg\" \/>\n<meta name=\"twitter:card\" content=\"summary_large_image\" \/>\n<meta name=\"twitter:label1\" content=\"Est. reading time\" \/>\n\t<meta name=\"twitter:data1\" content=\"4 minutos\" \/>\n<script type=\"application\/ld+json\" class=\"yoast-schema-graph\">{\"@context\":\"https:\/\/schema.org\",\"@graph\":[{\"@type\":\"WebPage\",\"@id\":\"https:\/\/www.elementvape.de\/produkt\/bang-king-45000-zuege-strawberry-raspberry-triple-melon-sour-mango-pineapple-fuer-intensiven-genuss\/\",\"url\":\"https:\/\/www.elementvape.de\/produkt\/bang-king-45000-zuege-strawberry-raspberry-triple-melon-sour-mango-pineapple-fuer-intensiven-genuss\/\",\"name\":\"BANG KING 45000 Z\u00fcge Strawberry Raspberry Triple Melon Sour Mango Pineapple f\u00fcr intensiven Genuss | ElementVape.de\",\"isPartOf\":{\"@id\":\"https:\/\/www.elementvape.de\/#website\"},\"primaryImageOfPage\":{\"@id\":\"https:\/\/www.elementvape.de\/produkt\/bang-king-45000-zuege-strawberry-raspberry-triple-melon-sour-mango-pineapple-fuer-intensiven-genuss\/#primaryimage\"},\"image\":{\"@id\":\"https:\/\/www.elementvape.de\/produkt\/bang-king-45000-zuege-strawberry-raspberry-triple-melon-sour-mango-pineapple-fuer-intensiven-genuss\/#primaryimage\"},\"thumbnailUrl\":\"https:\/\/www.elementvape.de\/wp-content\/uploads\/2025\/04\/bangking45k-Strawberry-Raspberry-Triple-Melon-Sour-Mango-Pineapple.jpg\",\"datePublished\":\"2025-04-19T06:11:20+00:00\",\"dateModified\":\"2025-04-19T06:18:03+00:00\",\"description\":\"BANG KING 45000 Z\u00fcge bietet tropische Aromen wie Strawberry Raspberry Triple Melon und Sour Mango Pineapple f\u00fcr ein intensives Dampferlebnis\",\"breadcrumb\":{\"@id\":\"https:\/\/www.elementvape.de\/produkt\/bang-king-45000-zuege-strawberry-raspberry-triple-melon-sour-mango-pineapple-fuer-intensiven-genuss\/#breadcrumb\"},\"inLanguage\":\"pt-PT\",\"potentialAction\":[{\"@type\":\"ReadAction\",\"target\":[\"https:\/\/www.elementvape.de\/produkt\/bang-king-45000-zuege-strawberry-raspberry-triple-melon-sour-mango-pineapple-fuer-intensiven-genuss\/\"]}]},{\"@type\":\"ImageObject\",\"inLanguage\":\"pt-PT\",\"@id\":\"https:\/\/www.elementvape.de\/produkt\/bang-king-45000-zuege-strawberry-raspberry-triple-melon-sour-mango-pineapple-fuer-intensiven-genuss\/#primaryimage\",\"url\":\"https:\/\/www.elementvape.de\/wp-content\/uploads\/2025\/04\/bangking45k-Strawberry-Raspberry-Triple-Melon-Sour-Mango-Pineapple.jpg\",\"contentUrl\":\"https:\/\/www.elementvape.de\/wp-content\/uploads\/2025\/04\/bangking45k-Strawberry-Raspberry-Triple-Melon-Sour-Mango-Pineapple.jpg\",\"width\":685,\"height\":757},{\"@type\":\"BreadcrumbList\",\"@id\":\"https:\/\/www.elementvape.de\/produkt\/bang-king-45000-zuege-strawberry-raspberry-triple-melon-sour-mango-pineapple-fuer-intensiven-genuss\/#breadcrumb\",\"itemListElement\":[{\"@type\":\"ListItem\",\"position\":1,\"name\":\"Home\",\"item\":\"https:\/\/www.elementvape.de\/\"},{\"@type\":\"ListItem\",\"position\":2,\"name\":\"Shop\",\"item\":\"https:\/\/www.elementvape.de\/shop\/\"},{\"@type\":\"ListItem\",\"position\":3,\"name\":\"BANG KING 45000 Z\u00fcge Strawberry Raspberry Triple Melon Sour Mango Pineapple f\u00fcr intensiven Genuss\"}]},{\"@type\":\"WebSite\",\"@id\":\"https:\/\/www.elementvape.de\/#website\",\"url\":\"https:\/\/www.elementvape.de\/\",\"name\":\"ElementVape.de\",\"description\":\"\",\"publisher\":{\"@id\":\"https:\/\/www.elementvape.de\/#organization\"},\"potentialAction\":[{\"@type\":\"SearchAction\",\"target\":{\"@type\":\"EntryPoint\",\"urlTemplate\":\"https:\/\/www.elementvape.de\/?s={search_term_string}\"},\"query-input\":\"required name=search_term_string\"}],\"inLanguage\":\"pt-PT\"},{\"@type\":\"Organization\",\"@id\":\"https:\/\/www.elementvape.de\/#organization\",\"name\":\"ElementVape.DE\",\"url\":\"https:\/\/www.elementvape.de\/\",\"logo\":{\"@type\":\"ImageObject\",\"inLanguage\":\"pt-PT\",\"@id\":\"https:\/\/www.elementvape.de\/#\/schema\/logo\/image\/\",\"url\":\"https:\/\/www.elementvape.de\/wp-content\/uploads\/2024\/09\/cropped-1elementvape-3.png\",\"contentUrl\":\"https:\/\/www.elementvape.de\/wp-content\/uploads\/2024\/09\/cropped-1elementvape-3.png\",\"width\":285,\"height\":228,\"caption\":\"ElementVape.DE\"},\"image\":{\"@id\":\"https:\/\/www.elementvape.de\/#\/schema\/logo\/image\/\"}}]}<\/script>\n<!-- \/ Yoast SEO plugin. -->","yoast_head_json":{"title":"BANG KING 45000 Z\u00fcge Strawberry Raspberry Triple Melon Sour Mango Pineapple f\u00fcr intensiven Genuss | ElementVape.de","description":"BANG KING 45000 Z\u00fcge bietet tropische Aromen wie Strawberry Raspberry Triple Melon und Sour Mango Pineapple f\u00fcr ein intensives Dampferlebnis","robots":{"index":"index","follow":"follow","max-snippet":"max-snippet:-1","max-image-preview":"max-image-preview:large","max-video-preview":"max-video-preview:-1"},"canonical":"https:\/\/www.elementvape.de\/pt\/produkt\/bang-king-45000-zuege-strawberry-raspberry-triple-melon-sour-mango-pineapple-fuer-intensiven-genuss\/","og_locale":"pt_PT","og_type":"article","og_title":"BANG KING 45000 Z\u00fcge Strawberry Raspberry Triple Melon Sour Mango Pineapple f\u00fcr intensiven Genuss | ElementVape.de","og_description":"BANG KING 45000 Z\u00fcge bietet tropische Aromen wie Strawberry Raspberry Triple Melon und Sour Mango Pineapple f\u00fcr ein intensives Dampferlebnis","og_url":"https:\/\/www.elementvape.de\/pt\/produkt\/bang-king-45000-zuege-strawberry-raspberry-triple-melon-sour-mango-pineapple-fuer-intensiven-genuss\/","og_site_name":"ElementVape.de","article_modified_time":"2025-04-19T06:18:03+00:00","og_image":[{"width":685,"height":757,"url":"https:\/\/www.elementvape.de\/wp-content\/uploads\/2025\/04\/bangking45k-Strawberry-Raspberry-Triple-Melon-Sour-Mango-Pineapple.jpg","type":"image\/jpeg"}],"twitter_card":"summary_large_image","twitter_misc":{"Est. reading time":"4 minutos"},"schema":{"@context":"https:\/\/schema.org","@graph":[{"@type":"WebPage","@id":"https:\/\/www.elementvape.de\/produkt\/bang-king-45000-zuege-strawberry-raspberry-triple-melon-sour-mango-pineapple-fuer-intensiven-genuss\/","url":"https:\/\/www.elementvape.de\/produkt\/bang-king-45000-zuege-strawberry-raspberry-triple-melon-sour-mango-pineapple-fuer-intensiven-genuss\/","name":"BANG KING 45000 Z\u00fcge Strawberry Raspberry Triple Melon Sour Mango Pineapple f\u00fcr intensiven Genuss | ElementVape.de","isPartOf":{"@id":"https:\/\/www.elementvape.de\/#website"},"primaryImageOfPage":{"@id":"https:\/\/www.elementvape.de\/produkt\/bang-king-45000-zuege-strawberry-raspberry-triple-melon-sour-mango-pineapple-fuer-intensiven-genuss\/#primaryimage"},"image":{"@id":"https:\/\/www.elementvape.de\/produkt\/bang-king-45000-zuege-strawberry-raspberry-triple-melon-sour-mango-pineapple-fuer-intensiven-genuss\/#primaryimage"},"thumbnailUrl":"https:\/\/www.elementvape.de\/wp-content\/uploads\/2025\/04\/bangking45k-Strawberry-Raspberry-Triple-Melon-Sour-Mango-Pineapple.jpg","datePublished":"2025-04-19T06:11:20+00:00","dateModified":"2025-04-19T06:18:03+00:00","description":"BANG KING 45000 Z\u00fcge bietet tropische Aromen wie Strawberry Raspberry Triple Melon und Sour Mango Pineapple f\u00fcr ein intensives Dampferlebnis","breadcrumb":{"@id":"https:\/\/www.elementvape.de\/produkt\/bang-king-45000-zuege-strawberry-raspberry-triple-melon-sour-mango-pineapple-fuer-intensiven-genuss\/#breadcrumb"},"inLanguage":"pt-PT","potentialAction":[{"@type":"ReadAction","target":["https:\/\/www.elementvape.de\/produkt\/bang-king-45000-zuege-strawberry-raspberry-triple-melon-sour-mango-pineapple-fuer-intensiven-genuss\/"]}]},{"@type":"ImageObject","inLanguage":"pt-PT","@id":"https:\/\/www.elementvape.de\/produkt\/bang-king-45000-zuege-strawberry-raspberry-triple-melon-sour-mango-pineapple-fuer-intensiven-genuss\/#primaryimage","url":"https:\/\/www.elementvape.de\/wp-content\/uploads\/2025\/04\/bangking45k-Strawberry-Raspberry-Triple-Melon-Sour-Mango-Pineapple.jpg","contentUrl":"https:\/\/www.elementvape.de\/wp-content\/uploads\/2025\/04\/bangking45k-Strawberry-Raspberry-Triple-Melon-Sour-Mango-Pineapple.jpg","width":685,"height":757},{"@type":"BreadcrumbList","@id":"https:\/\/www.elementvape.de\/produkt\/bang-king-45000-zuege-strawberry-raspberry-triple-melon-sour-mango-pineapple-fuer-intensiven-genuss\/#breadcrumb","itemListElement":[{"@type":"ListItem","position":1,"name":"Home","item":"https:\/\/www.elementvape.de\/"},{"@type":"ListItem","position":2,"name":"Shop","item":"https:\/\/www.elementvape.de\/shop\/"},{"@type":"ListItem","position":3,"name":"BANG KING 45000 Z\u00fcge Strawberry Raspberry Triple Melon Sour Mango Pineapple f\u00fcr intensiven Genuss"}]},{"@type":"WebSite","@id":"https:\/\/www.elementvape.de\/#website","url":"https:\/\/www.elementvape.de\/","name":"ElementVape.de","description":"","publisher":{"@id":"https:\/\/www.elementvape.de\/#organization"},"potentialAction":[{"@type":"SearchAction","target":{"@type":"EntryPoint","urlTemplate":"https:\/\/www.elementvape.de\/?s={search_term_string}"},"query-input":"required name=search_term_string"}],"inLanguage":"pt-PT"},{"@type":"Organization","@id":"https:\/\/www.elementvape.de\/#organization","name":"ElementVape.DE","url":"https:\/\/www.elementvape.de\/","logo":{"@type":"ImageObject","inLanguage":"pt-PT","@id":"https:\/\/www.elementvape.de\/#\/schema\/logo\/image\/","url":"https:\/\/www.elementvape.de\/wp-content\/uploads\/2024\/09\/cropped-1elementvape-3.png","contentUrl":"https:\/\/www.elementvape.de\/wp-content\/uploads\/2024\/09\/cropped-1elementvape-3.png","width":285,"height":228,"caption":"ElementVape.DE"},"image":{"@id":"https:\/\/www.elementvape.de\/#\/schema\/logo\/image\/"}}]}},"_links":{"self":[{"href":"https:\/\/www.elementvape.de\/pt\/wp-json\/wp\/v2\/product\/16317"}],"collection":[{"href":"https:\/\/www.elementvape.de\/pt\/wp-json\/wp\/v2\/product"}],"about":[{"href":"https:\/\/www.elementvape.de\/pt\/wp-json\/wp\/v2\/types\/product"}],"wp:featuredmedia":[{"embeddable":true,"href":"https:\/\/www.elementvape.de\/pt\/wp-json\/wp\/v2\/media\/16305"}],"wp:attachment":[{"href":"https:\/\/www.elementvape.de\/pt\/wp-json\/wp\/v2\/media?parent=16317"}],"wp:term":[{"taxonomy":"product_cat","embeddable":true,"href":"https:\/\/www.elementvape.de\/pt\/wp-json\/wp\/v2\/product_cat?post=16317"},{"taxonomy":"product_tag","embeddable":true,"href":"https:\/\/www.elementvape.de\/pt\/wp-json\/wp\/v2\/product_tag?post=16317"}],"curies":[{"name":"wp","href":"https:\/\/api.w.org\/{rel}","templated":true}]}}