{"id":16277,"date":"2025-04-17T08:58:13","date_gmt":"2025-04-17T08:58:13","guid":{"rendered":"https:\/\/www.elementvape.de\/?post_type=product&#038;p=16277"},"modified":"2026-01-23T06:43:15","modified_gmt":"2026-01-23T06:43:15","slug":"bang-tornado-40000-blueberry-grapes-fruchtige-mischung-aus-blaubeeren-und-trauben","status":"publish","type":"product","link":"https:\/\/www.elementvape.de\/pt\/produkt\/bang-tornado-40000-blueberry-grapes-fruchtige-mischung-aus-blaubeeren-und-trauben\/","title":{"rendered":"Bang Tornado 40000 Blueberry Grapes Mistura frutada de mirtilos e uvas"},"content":{"rendered":"<h2 data-start=\"0\" data-end=\"103\">Bang Tornado 40000 Uvas de Mirtilo \u2013 Uma explos\u00e3o de sabor frutado para um prazer duradouro<\/h2>\n<p class=\"\" data-start=\"105\" data-end=\"775\">O mundo dos cigarros eletr\u00f3nicos evoluiu rapidamente nos \u00faltimos anos, e cada vez mais marcas oferecem produtos que estabelecem novos padr\u00f5es tanto em desempenho quanto em sabor. O Bang Tornado 40000 Uvas de Mirtilo \u00e9 um excelente exemplo de tal produto. Com a sua combina\u00e7\u00e3o \u00fanica de mirtilos doces e uvas suculentas, este cigarro eletr\u00f3nico proporciona uma experi\u00eancia de sabor incompar\u00e1vel que ir\u00e1 encantar os vaporizadores. Com uma dura\u00e7\u00e3o impressionante de 40.000 tragos, garante um prazer duradouro e \u00e9 ideal para quem procura uma experi\u00eancia de vaporiza\u00e7\u00e3o duradoura e de sabor excecional.<\/p>\n<h3 class=\"\" data-start=\"777\" data-end=\"840\">Combina\u00e7\u00e3o de sabores frutados: Mirtilos e uvas<\/h3>\n<p class=\"\" data-start=\"842\" data-end=\"1471\">O Bang Tornado 40000 Uvas de Mirtilo destaca-se por uma mistura deliciosa de mirtilos frescos e uvas doces e maduras. O sabor desta combina\u00e7\u00e3o est\u00e1 perfeitamente equilibrado, oferecendo uma experi\u00eancia de vapor refrescante, mas tamb\u00e9m doce. Os mirtilos proporcionam uma nota frutada e ligeiramente azeda, enquanto as uvas, com a sua do\u00e7ura natural, complementam harmonicamente. Esta mistura de sabores \u00e9 ideal para vaporizadores que procuram uma experi\u00eancia fresca e frutada, que n\u00e3o seja demasiado doce nem azeda \u2013 exatamente o equil\u00edbrio certo para um vapor agrad\u00e1vel por mais tempo.<\/p>\n<p class=\"\" data-start=\"1473\" data-end=\"1872\">Cada tragada do Bang Tornado 40000 Uvas de Mirtilo oferece uma experi\u00eancia de sabor que se assemelha a um jardim de frutas refrescante. \u00c9 um sabor que n\u00e3o s\u00f3 agrada o paladar, mas tamb\u00e9m permanece duradouro, sem se cansar rapidamente. Isto torna este produto um companheiro perfeito para uso di\u00e1rio, garantindo que o prazer seja sempre renovado.<\/p>\n<h3 class=\"\" data-start=\"1874\" data-end=\"1916\">40.000 tragos para um prazer duradouro<\/h3>\n<p class=\"\" data-start=\"1918\" data-end=\"2636\">Uma caracter\u00edstica excecional do Bang Tornado 40000 Uvas de Mirtilo \u00e9 a sua impressionante durabilidade de 40.000 tragos. Com esta capacidade, este cigarro eletr\u00f3nico oferece uma longevidade extraordin\u00e1ria, tornando-o uma escolha excelente para utilizadores frequentes. A capacidade de 40 ml de l\u00edquido garante que o sabor permane\u00e7a consistente a cada tragada, sem necessidade de recargas frequentes. Isto significa que os vaporizadores podem desfrutar do produto durante muito tempo, sem se preocuparem com o reabastecimento constante. Para utilizadores intensivos e quem procura um dispositivo pr\u00e1tico para uso di\u00e1rio, este elevado n\u00famero de tragos \u00e9 uma grande vantagem.<\/p>\n<h3 class=\"\" data-start=\"2638\" data-end=\"2694\">Bateria potente para vapor uniforme<\/h3>\n<p class=\"\" data-start=\"2696\" data-end=\"3302\">O Bang Tornado 40000 Uvas de Mirtilo est\u00e1 equipado com uma bateria de 850mAh, que garante um desempenho de vapor uniforme. Esta bateria potente assegura que possa desfrutar das 40.000 tragos completos, sem que o vapor perca intensidade ao longo do tempo. Al\u00e9m disso, o dispositivo possui uma liga\u00e7\u00e3o de carregamento r\u00e1pido Type-C, que garante que o cigarro eletr\u00f3nico esteja rapidamente pronto a usar quando estiver descarregado. Isto permite que utilize o seu dispositivo sem longos tempos de carga, o que \u00e9 especialmente pr\u00e1tico para uso em movimento.<\/p>\n<h3 class=\"\" data-start=\"3304\" data-end=\"3370\">Pot\u00eancia ajust\u00e1vel para experi\u00eancias de vaporiza\u00e7\u00e3o personalizadas<\/h3>\n<p class=\"\" data-start=\"3372\" data-end=\"3777\">O Bang Tornado 40000 Uvas de Mirtilo oferece uma pot\u00eancia ajust\u00e1vel, permitindo adaptar a intensidade do vapor e do sabor \u00e0s suas prefer\u00eancias. Quer prefira uma corrente de vapor suave ou uma experi\u00eancia de vaporiza\u00e7\u00e3o mais intensa, o dispositivo pode ser ajustado \u00e0s suas necessidades. Isto proporciona uma experi\u00eancia de vaporiza\u00e7\u00e3o personalizada, que pode desfrutar ao m\u00e1ximo.<\/p>\n<h3 class=\"\" data-start=\"3779\" data-end=\"3817\">Design compacto e elegante<\/h3>\n<p class=\"\" data-start=\"3819\" data-end=\"4296\">Apesar da sua grande capacidade e fun\u00e7\u00f5es potentes, o Bang Tornado 40000 Uvas de Mirtilo mant\u00e9m-se compacto e f\u00e1cil de manusear. O seu design elegante torna o cigarro eletr\u00f3nico n\u00e3o s\u00f3 funcional, mas tamb\u00e9m esteticamente atraente. Encontra-se bem na m\u00e3o e \u00e9 ideal para uso em movimento, seja na carteira, na bolsa ou na mochila. O design estiloso garante que o dispositivo seja n\u00e3o s\u00f3 um acess\u00f3rio pr\u00e1tico, mas tamb\u00e9m uma pe\u00e7a de moda.<\/p>\n<h3 class=\"\" data-start=\"4298\" data-end=\"4357\">O acompanhante perfeito para o prazer frutado<\/h3>\n<p class=\"\" data-start=\"4359\" data-end=\"4969\">O Bang Tornado 40000 Uvas de Mirtilo \u00e9 a escolha ideal para vaporizadores que procuram uma longa durabilidade e uma experi\u00eancia de sabor excecional. Com a sua mistura frutada de mirtilos e uvas, a impressionante durabilidade de 40.000 tragos e a pot\u00eancia ajust\u00e1vel, este produto oferece tudo o que necessita para uma experi\u00eancia de vaporiza\u00e7\u00e3o completamente satisfat\u00f3ria. Seja um vaporizador experiente ou um iniciante, o Bang Tornado 40000 Uvas de Mirtilo ir\u00e1 encantar com o seu sabor intenso e longa dura\u00e7\u00e3o.<\/p>","protected":false},"excerpt":{"rendered":"<p>Bang Tornado 40000 Blueberry Grapes \u2013 Eine fruchtige Geschmacksexplosion f\u00fcr langanhaltenden Genuss Die Welt der E-Zigaretten hat sich in den letzten Jahren rasant entwickelt, und immer mehr Marken bieten Produkte an, die sowohl in Bezug auf Leistung als auch Geschmack neue Ma\u00dfst\u00e4be setzen. Der Bang Tornado 40000 Blueberry Grapes ist ein hervorragendes Beispiel f\u00fcr ein [&hellip;]<\/p>","protected":false},"featured_media":16255,"template":"","meta":{"inline_featured_image":false},"product_cat":[78],"product_tag":[777],"tiered_pricing_type":"fixed","tiered_pricing_fixed_rules":[],"tiered_pricing_percentage_rules":[],"tiered_pricing_minimum":1,"_administrator_tiered_pricing_type":"fixed","_administrator_tiered_pricing_fixed_rules":[],"_editor_tiered_pricing_type":"fixed","_editor_tiered_pricing_fixed_rules":[],"_author_tiered_pricing_type":"fixed","_author_tiered_pricing_fixed_rules":[],"_contributor_tiered_pricing_type":"fixed","_contributor_tiered_pricing_fixed_rules":[],"_subscriber_tiered_pricing_type":"fixed","_subscriber_tiered_pricing_fixed_rules":[],"_customer_tiered_pricing_type":"fixed","_customer_tiered_pricing_fixed_rules":[],"_shop_manager_tiered_pricing_type":"fixed","_shop_manager_tiered_pricing_fixed_rules":[],"_wpseo_manager_tiered_pricing_type":"fixed","_wpseo_manager_tiered_pricing_fixed_rules":[],"_wpseo_editor_tiered_pricing_type":"fixed","_wpseo_editor_tiered_pricing_fixed_rules":[],"_wholesale_customer_tiered_pricing_type":"fixed","_wholesale_customer_tiered_pricing_fixed_rules":[],"_marketer_tiered_pricing_type":"fixed","_marketer_tiered_pricing_fixed_rules":[],"_sales_manager_tiered_pricing_type":"fixed","_sales_manager_tiered_pricing_fixed_rules":[],"_sales_rep_tiered_pricing_type":"fixed","_sales_rep_tiered_pricing_fixed_rules":[],"yoast_head":"<!-- This site is optimized with the Yoast SEO plugin v23.3 - https:\/\/yoast.com\/wordpress\/plugins\/seo\/ -->\n<title>Bang Tornado 40000 Blueberry Grapes Fruchtige Mischung aus Blaubeeren und Trauben | ElementVape.de<\/title>\n<meta name=\"description\" content=\"Bang Tornado 40000 Blueberry Grapes \u2013 Erfrischende Mischung aus s\u00fc\u00dfen Blaubeeren und saftigen Trauben, 40.000 Z\u00fcge f\u00fcr langanhaltenden Genuss\" \/>\n<meta name=\"robots\" content=\"index, follow, max-snippet:-1, max-image-preview:large, max-video-preview:-1\" \/>\n<link rel=\"canonical\" href=\"https:\/\/www.elementvape.de\/pt\/produkt\/bang-tornado-40000-blueberry-grapes-fruchtige-mischung-aus-blaubeeren-und-trauben\/\" \/>\n<meta property=\"og:locale\" content=\"pt_PT\" \/>\n<meta property=\"og:type\" content=\"article\" \/>\n<meta property=\"og:title\" content=\"Bang Tornado 40000 Blueberry Grapes Fruchtige Mischung aus Blaubeeren und Trauben | ElementVape.de\" \/>\n<meta property=\"og:description\" content=\"Bang Tornado 40000 Blueberry Grapes \u2013 Erfrischende Mischung aus s\u00fc\u00dfen Blaubeeren und saftigen Trauben, 40.000 Z\u00fcge f\u00fcr langanhaltenden Genuss\" \/>\n<meta property=\"og:url\" content=\"https:\/\/www.elementvape.de\/pt\/produkt\/bang-tornado-40000-blueberry-grapes-fruchtige-mischung-aus-blaubeeren-und-trauben\/\" \/>\n<meta property=\"og:site_name\" content=\"ElementVape.de\" \/>\n<meta property=\"article:modified_time\" content=\"2026-01-23T06:43:15+00:00\" \/>\n<meta property=\"og:image\" content=\"https:\/\/www.elementvape.de\/wp-content\/uploads\/2025\/04\/40k-blueberry-grapes.png\" \/>\n\t<meta property=\"og:image:width\" content=\"600\" \/>\n\t<meta property=\"og:image:height\" content=\"562\" \/>\n\t<meta property=\"og:image:type\" content=\"image\/png\" \/>\n<meta name=\"twitter:card\" content=\"summary_large_image\" \/>\n<meta name=\"twitter:label1\" content=\"Est. reading time\" \/>\n\t<meta name=\"twitter:data1\" content=\"4 minutos\" \/>\n<script type=\"application\/ld+json\" class=\"yoast-schema-graph\">{\"@context\":\"https:\/\/schema.org\",\"@graph\":[{\"@type\":\"WebPage\",\"@id\":\"https:\/\/www.elementvape.de\/produkt\/bang-tornado-40000-blueberry-grapes-fruchtige-mischung-aus-blaubeeren-und-trauben\/\",\"url\":\"https:\/\/www.elementvape.de\/produkt\/bang-tornado-40000-blueberry-grapes-fruchtige-mischung-aus-blaubeeren-und-trauben\/\",\"name\":\"Bang Tornado 40000 Blueberry Grapes Fruchtige Mischung aus Blaubeeren und Trauben | ElementVape.de\",\"isPartOf\":{\"@id\":\"https:\/\/www.elementvape.de\/#website\"},\"primaryImageOfPage\":{\"@id\":\"https:\/\/www.elementvape.de\/produkt\/bang-tornado-40000-blueberry-grapes-fruchtige-mischung-aus-blaubeeren-und-trauben\/#primaryimage\"},\"image\":{\"@id\":\"https:\/\/www.elementvape.de\/produkt\/bang-tornado-40000-blueberry-grapes-fruchtige-mischung-aus-blaubeeren-und-trauben\/#primaryimage\"},\"thumbnailUrl\":\"https:\/\/www.elementvape.de\/wp-content\/uploads\/2025\/04\/40k-blueberry-grapes.png\",\"datePublished\":\"2025-04-17T08:58:13+00:00\",\"dateModified\":\"2026-01-23T06:43:15+00:00\",\"description\":\"Bang Tornado 40000 Blueberry Grapes \u2013 Erfrischende Mischung aus s\u00fc\u00dfen Blaubeeren und saftigen Trauben, 40.000 Z\u00fcge f\u00fcr langanhaltenden Genuss\",\"breadcrumb\":{\"@id\":\"https:\/\/www.elementvape.de\/produkt\/bang-tornado-40000-blueberry-grapes-fruchtige-mischung-aus-blaubeeren-und-trauben\/#breadcrumb\"},\"inLanguage\":\"pt-PT\",\"potentialAction\":[{\"@type\":\"ReadAction\",\"target\":[\"https:\/\/www.elementvape.de\/produkt\/bang-tornado-40000-blueberry-grapes-fruchtige-mischung-aus-blaubeeren-und-trauben\/\"]}]},{\"@type\":\"ImageObject\",\"inLanguage\":\"pt-PT\",\"@id\":\"https:\/\/www.elementvape.de\/produkt\/bang-tornado-40000-blueberry-grapes-fruchtige-mischung-aus-blaubeeren-und-trauben\/#primaryimage\",\"url\":\"https:\/\/www.elementvape.de\/wp-content\/uploads\/2025\/04\/40k-blueberry-grapes.png\",\"contentUrl\":\"https:\/\/www.elementvape.de\/wp-content\/uploads\/2025\/04\/40k-blueberry-grapes.png\",\"width\":600,\"height\":562},{\"@type\":\"BreadcrumbList\",\"@id\":\"https:\/\/www.elementvape.de\/produkt\/bang-tornado-40000-blueberry-grapes-fruchtige-mischung-aus-blaubeeren-und-trauben\/#breadcrumb\",\"itemListElement\":[{\"@type\":\"ListItem\",\"position\":1,\"name\":\"Home\",\"item\":\"https:\/\/www.elementvape.de\/\"},{\"@type\":\"ListItem\",\"position\":2,\"name\":\"Shop\",\"item\":\"https:\/\/www.elementvape.de\/shop\/\"},{\"@type\":\"ListItem\",\"position\":3,\"name\":\"Bang Tornado 40000 Blueberry Grapes Fruchtige Mischung aus Blaubeeren und Trauben\"}]},{\"@type\":\"WebSite\",\"@id\":\"https:\/\/www.elementvape.de\/#website\",\"url\":\"https:\/\/www.elementvape.de\/\",\"name\":\"ElementVape.de\",\"description\":\"\",\"publisher\":{\"@id\":\"https:\/\/www.elementvape.de\/#organization\"},\"potentialAction\":[{\"@type\":\"SearchAction\",\"target\":{\"@type\":\"EntryPoint\",\"urlTemplate\":\"https:\/\/www.elementvape.de\/?s={search_term_string}\"},\"query-input\":\"required name=search_term_string\"}],\"inLanguage\":\"pt-PT\"},{\"@type\":\"Organization\",\"@id\":\"https:\/\/www.elementvape.de\/#organization\",\"name\":\"ElementVape.DE\",\"url\":\"https:\/\/www.elementvape.de\/\",\"logo\":{\"@type\":\"ImageObject\",\"inLanguage\":\"pt-PT\",\"@id\":\"https:\/\/www.elementvape.de\/#\/schema\/logo\/image\/\",\"url\":\"https:\/\/www.elementvape.de\/wp-content\/uploads\/2024\/09\/cropped-1elementvape-3.png\",\"contentUrl\":\"https:\/\/www.elementvape.de\/wp-content\/uploads\/2024\/09\/cropped-1elementvape-3.png\",\"width\":285,\"height\":228,\"caption\":\"ElementVape.DE\"},\"image\":{\"@id\":\"https:\/\/www.elementvape.de\/#\/schema\/logo\/image\/\"}}]}<\/script>\n<!-- \/ Yoast SEO plugin. -->","yoast_head_json":{"title":"Bang Tornado 40000 Blueberry Grapes Fruchtige Mischung aus Blaubeeren und Trauben | ElementVape.de","description":"Bang Tornado 40000 Blueberry Grapes \u2013 Erfrischende Mischung aus s\u00fc\u00dfen Blaubeeren und saftigen Trauben, 40.000 Z\u00fcge f\u00fcr langanhaltenden Genuss","robots":{"index":"index","follow":"follow","max-snippet":"max-snippet:-1","max-image-preview":"max-image-preview:large","max-video-preview":"max-video-preview:-1"},"canonical":"https:\/\/www.elementvape.de\/pt\/produkt\/bang-tornado-40000-blueberry-grapes-fruchtige-mischung-aus-blaubeeren-und-trauben\/","og_locale":"pt_PT","og_type":"article","og_title":"Bang Tornado 40000 Blueberry Grapes Fruchtige Mischung aus Blaubeeren und Trauben | ElementVape.de","og_description":"Bang Tornado 40000 Blueberry Grapes \u2013 Erfrischende Mischung aus s\u00fc\u00dfen Blaubeeren und saftigen Trauben, 40.000 Z\u00fcge f\u00fcr langanhaltenden Genuss","og_url":"https:\/\/www.elementvape.de\/pt\/produkt\/bang-tornado-40000-blueberry-grapes-fruchtige-mischung-aus-blaubeeren-und-trauben\/","og_site_name":"ElementVape.de","article_modified_time":"2026-01-23T06:43:15+00:00","og_image":[{"width":600,"height":562,"url":"https:\/\/www.elementvape.de\/wp-content\/uploads\/2025\/04\/40k-blueberry-grapes.png","type":"image\/png"}],"twitter_card":"summary_large_image","twitter_misc":{"Est. reading time":"4 minutos"},"schema":{"@context":"https:\/\/schema.org","@graph":[{"@type":"WebPage","@id":"https:\/\/www.elementvape.de\/produkt\/bang-tornado-40000-blueberry-grapes-fruchtige-mischung-aus-blaubeeren-und-trauben\/","url":"https:\/\/www.elementvape.de\/produkt\/bang-tornado-40000-blueberry-grapes-fruchtige-mischung-aus-blaubeeren-und-trauben\/","name":"Bang Tornado 40000 Blueberry Grapes Fruchtige Mischung aus Blaubeeren und Trauben | ElementVape.de","isPartOf":{"@id":"https:\/\/www.elementvape.de\/#website"},"primaryImageOfPage":{"@id":"https:\/\/www.elementvape.de\/produkt\/bang-tornado-40000-blueberry-grapes-fruchtige-mischung-aus-blaubeeren-und-trauben\/#primaryimage"},"image":{"@id":"https:\/\/www.elementvape.de\/produkt\/bang-tornado-40000-blueberry-grapes-fruchtige-mischung-aus-blaubeeren-und-trauben\/#primaryimage"},"thumbnailUrl":"https:\/\/www.elementvape.de\/wp-content\/uploads\/2025\/04\/40k-blueberry-grapes.png","datePublished":"2025-04-17T08:58:13+00:00","dateModified":"2026-01-23T06:43:15+00:00","description":"Bang Tornado 40000 Blueberry Grapes \u2013 Erfrischende Mischung aus s\u00fc\u00dfen Blaubeeren und saftigen Trauben, 40.000 Z\u00fcge f\u00fcr langanhaltenden Genuss","breadcrumb":{"@id":"https:\/\/www.elementvape.de\/produkt\/bang-tornado-40000-blueberry-grapes-fruchtige-mischung-aus-blaubeeren-und-trauben\/#breadcrumb"},"inLanguage":"pt-PT","potentialAction":[{"@type":"ReadAction","target":["https:\/\/www.elementvape.de\/produkt\/bang-tornado-40000-blueberry-grapes-fruchtige-mischung-aus-blaubeeren-und-trauben\/"]}]},{"@type":"ImageObject","inLanguage":"pt-PT","@id":"https:\/\/www.elementvape.de\/produkt\/bang-tornado-40000-blueberry-grapes-fruchtige-mischung-aus-blaubeeren-und-trauben\/#primaryimage","url":"https:\/\/www.elementvape.de\/wp-content\/uploads\/2025\/04\/40k-blueberry-grapes.png","contentUrl":"https:\/\/www.elementvape.de\/wp-content\/uploads\/2025\/04\/40k-blueberry-grapes.png","width":600,"height":562},{"@type":"BreadcrumbList","@id":"https:\/\/www.elementvape.de\/produkt\/bang-tornado-40000-blueberry-grapes-fruchtige-mischung-aus-blaubeeren-und-trauben\/#breadcrumb","itemListElement":[{"@type":"ListItem","position":1,"name":"Home","item":"https:\/\/www.elementvape.de\/"},{"@type":"ListItem","position":2,"name":"Shop","item":"https:\/\/www.elementvape.de\/shop\/"},{"@type":"ListItem","position":3,"name":"Bang Tornado 40000 Blueberry Grapes Fruchtige Mischung aus Blaubeeren und Trauben"}]},{"@type":"WebSite","@id":"https:\/\/www.elementvape.de\/#website","url":"https:\/\/www.elementvape.de\/","name":"ElementVape.de","description":"","publisher":{"@id":"https:\/\/www.elementvape.de\/#organization"},"potentialAction":[{"@type":"SearchAction","target":{"@type":"EntryPoint","urlTemplate":"https:\/\/www.elementvape.de\/?s={search_term_string}"},"query-input":"required name=search_term_string"}],"inLanguage":"pt-PT"},{"@type":"Organization","@id":"https:\/\/www.elementvape.de\/#organization","name":"ElementVape.DE","url":"https:\/\/www.elementvape.de\/","logo":{"@type":"ImageObject","inLanguage":"pt-PT","@id":"https:\/\/www.elementvape.de\/#\/schema\/logo\/image\/","url":"https:\/\/www.elementvape.de\/wp-content\/uploads\/2024\/09\/cropped-1elementvape-3.png","contentUrl":"https:\/\/www.elementvape.de\/wp-content\/uploads\/2024\/09\/cropped-1elementvape-3.png","width":285,"height":228,"caption":"ElementVape.DE"},"image":{"@id":"https:\/\/www.elementvape.de\/#\/schema\/logo\/image\/"}}]}},"_links":{"self":[{"href":"https:\/\/www.elementvape.de\/pt\/wp-json\/wp\/v2\/product\/16277"}],"collection":[{"href":"https:\/\/www.elementvape.de\/pt\/wp-json\/wp\/v2\/product"}],"about":[{"href":"https:\/\/www.elementvape.de\/pt\/wp-json\/wp\/v2\/types\/product"}],"wp:featuredmedia":[{"embeddable":true,"href":"https:\/\/www.elementvape.de\/pt\/wp-json\/wp\/v2\/media\/16255"}],"wp:attachment":[{"href":"https:\/\/www.elementvape.de\/pt\/wp-json\/wp\/v2\/media?parent=16277"}],"wp:term":[{"taxonomy":"product_cat","embeddable":true,"href":"https:\/\/www.elementvape.de\/pt\/wp-json\/wp\/v2\/product_cat?post=16277"},{"taxonomy":"product_tag","embeddable":true,"href":"https:\/\/www.elementvape.de\/pt\/wp-json\/wp\/v2\/product_tag?post=16277"}],"curies":[{"name":"wp","href":"https:\/\/api.w.org\/{rel}","templated":true}]}}