{"id":16272,"date":"2025-04-17T08:48:13","date_gmt":"2025-04-17T08:48:13","guid":{"rendered":"https:\/\/www.elementvape.de\/?post_type=product&#038;p=16272"},"modified":"2026-01-23T06:43:46","modified_gmt":"2026-01-23T06:43:46","slug":"bang-tornado-40000-blueberry-lemon-erfrischende-blaubeere-und-zitrone-fuer-40000-zuege","status":"publish","type":"product","link":"https:\/\/www.elementvape.de\/pt\/produkt\/bang-tornado-40000-blueberry-lemon-erfrischende-blaubeere-und-zitrone-fuer-40000-zuege\/","title":{"rendered":"Bang Tornado 40000 Blueberry Lemon Mirtilo refrescante e lim\u00e3o para 40000 tragos"},"content":{"rendered":"<h2 data-start=\"0\" data-end=\"119\">Bang Tornado 40000 Blueberry Lemon \u2013 Combina\u00e7\u00e3o refrescante de mirtilo e lim\u00e3o para um prazer inesquec\u00edvel<\/h2>\n<p class=\"\" data-start=\"121\" data-end=\"709\">O mundo dos cigarros eletr\u00f3nicos descart\u00e1veis tem feito avan\u00e7os enormes nos \u00faltimos anos, e o Bang Tornado 40000 \u00e9 um dos produtos l\u00edderes que define o padr\u00e3o de desempenho excelente e sabor extraordin\u00e1rio. Especialmente a variante Bang Tornado 40000 Blueberry Lemon destaca-se e oferece uma combina\u00e7\u00e3o de sabores \u00fanica, que une frescura e do\u00e7ura em equil\u00edbrio perfeito. A combina\u00e7\u00e3o de mirtilos suculentos e lim\u00e3o espumante proporciona uma experi\u00eancia de vapor inconfund\u00edvel, que encantar\u00e1 tanto os novos vaporizadores quanto os utilizadores experientes.<\/p>\n<h3 class=\"\" data-start=\"711\" data-end=\"772\">O sabor \u00fanico de mirtilo e lim\u00e3o<\/h3>\n<p class=\"\" data-start=\"774\" data-end=\"1311\">A variante Blueberry Lemon do Bang Tornado 40000 oferece uma mistura refrescante que combina a do\u00e7ura dos mirtilos com a frescura espumante do lim\u00e3o. Os mirtilos trazem uma fruticidade agrad\u00e1vel, ligeiramente doce, que se revela imediatamente na l\u00edngua. Essa do\u00e7ura natural \u00e9 perfeitamente complementada pelo lim\u00e3o vibrante, que, com a sua nota fresca e ligeiramente azeda, equilibra o sabor e proporciona uma experi\u00eancia de vapor discreta, mas intensa.<\/p>\n<p class=\"\" data-start=\"1313\" data-end=\"1806\">Cada tragada deste produto inovador faz-te sentir como se estivesses a saborear uma salada de frutas fresca \u2013 doce, refrescante e com uma nota c\u00edtrica delicada que complementa a experi\u00eancia de sabor. O equil\u00edbrio entre a do\u00e7ura dos mirtilos e a acidez do lim\u00e3o garante que o sabor nunca fique demasiado doce ou azedo, mantendo-se sempre harmonioso. Esta mistura n\u00e3o \u00e9 apenas refrescante, mas tamb\u00e9m perfeita para quem procura um cigarro eletr\u00f3nico com sabor refinado.<\/p>\n<h3 class=\"\" data-start=\"1808\" data-end=\"1854\">40.000 tragos para um prazer duradouro<\/h3>\n<p class=\"\" data-start=\"1856\" data-end=\"2383\">Uma caracter\u00edstica excecional do Bang Tornado 40000 Blueberry Lemon \u00e9 a sua enorme durabilidade. Com 40.000 tragadas, este cigarro eletr\u00f3nico descart\u00e1vel foi concebido para longevidade e prazer duradouro. Ao contr\u00e1rio de muitos cigarros eletr\u00f3nicos descart\u00e1veis tradicionais, que se esgotam rapidamente, o Bang Tornado 40000 oferece uma capacidade impressionante que acompanha o utilizador durante semanas. Isto torna-o ideal para utilizadores frequentes ou para quem est\u00e1 sempre em movimento e procura uma solu\u00e7\u00e3o fi\u00e1vel e duradoura.<\/p>\n<p class=\"\" data-start=\"2385\" data-end=\"2820\">A capacidade de 40 ml de l\u00edquido eletr\u00f3nico garante que podes desfrutar do sabor delicioso de Blueberry Lemon durante toda a utiliza\u00e7\u00e3o, sem necessidade de reabastecer constantemente. Isto tamb\u00e9m significa menos esfor\u00e7o e visitas mais espa\u00e7adas a lojas ou lojas online para comprar mais l\u00edquido. Isto faz do Bang Tornado 40000 Blueberry Lemon um produto n\u00e3o s\u00f3 pr\u00e1tico, mas tamb\u00e9m econ\u00f3mico.<\/p>\n<h3 class=\"\" data-start=\"2822\" data-end=\"2877\">Bateria potente para funcionamento fi\u00e1vel<\/h3>\n<p class=\"\" data-start=\"2879\" data-end=\"3363\">O Bang Tornado 40000 Blueberry Lemon est\u00e1 equipado com uma bateria de 850mAh que garante uma fonte de energia fi\u00e1vel durante todo o per\u00edodo de utiliza\u00e7\u00e3o. Esta bateria potente assegura que o dispositivo possa ser utilizado durante as 40.000 tragadas sem necessidade de recarga. Para utilizadores frequentes ou quem espera um desempenho fi\u00e1vel e duradouro, esta bateria garante que o dispositivo esteja sempre pronto a usar.<\/p>\n<p class=\"\" data-start=\"3365\" data-end=\"3675\">Al\u00e9m disso, o dispositivo possui uma porta de carregamento r\u00e1pido Type-C, que permite uma recarga f\u00e1cil e r\u00e1pida, caso seja necess\u00e1rio. Isto torna-o especialmente pr\u00e1tico para utilizadores que n\u00e3o querem esperar longos per\u00edodos de carregamento e dependem de uma utiliza\u00e7\u00e3o r\u00e1pida e simples.<\/p>\n<h3 class=\"\" data-start=\"3677\" data-end=\"3742\">Pot\u00eancia ajust\u00e1vel para uma experi\u00eancia de vaporiza\u00e7\u00e3o personalizada<\/h3>\n<p class=\"\" data-start=\"3744\" data-end=\"4184\">O Bang Tornado 40000 Blueberry Lemon tamb\u00e9m oferece a possibilidade de ajustar a pot\u00eancia ao seu gosto. Esta op\u00e7\u00e3o de ajuste de pot\u00eancia permite aos vaporizadores personalizar a intensidade do vapor e a experi\u00eancia de sabor. Quer prefiras uma experi\u00eancia de vapor mais suave ou um sabor mais forte e intenso \u2013 com esta fun\u00e7\u00e3o podes configurar a tua cigarro eletr\u00f3nico exatamente como desejas.<\/p>\n<p class=\"\" data-start=\"4186\" data-end=\"4499\">A tecnologia de bobina Triple Mesh garante que o vapor seja produzido de forma uniforme e eficiente, de modo que cada tragada seja rica em sabor. Esta tecnologia avan\u00e7ada assegura que o mirtilo e o lim\u00e3o vaporizem de forma \u00f3tima, tornando a experi\u00eancia de vapor consistentemente prazerosa.<\/p>\n<h3 class=\"\" data-start=\"4501\" data-end=\"4538\">Compacto, moderno e pr\u00e1tico<\/h3>\n<p class=\"\" data-start=\"4540\" data-end=\"4965\">Apesar da durabilidade excecional e da tecnologia potente, o design do Bang Tornado 40000 Blueberry Lemon mant\u00e9m-se compacto e ergon\u00f3mico. O dispositivo encaixa facilmente na bolsa, estando sempre ao alcance quando procuras uma pausa fresca e frutada. A estrutura moderna e elegante garante que o dispositivo seja n\u00e3o s\u00f3 funcional, mas tamb\u00e9m esteticamente atraente.<\/p>\n<h3 class=\"\" data-start=\"4967\" data-end=\"5019\">A escolha perfeita para amantes de fruta<\/h3>\n<p class=\"\" data-start=\"5021\" data-end=\"5506\">O Bang Tornado 40000 Blueberry Lemon \u00e9 uma das melhores op\u00e7\u00f5es para quem procura uma experi\u00eancia de vapor \u00fanica. Com a sua deliciosa mistura de mirtilo e lim\u00e3o, a longa durabilidade de 40.000 tragadas, a bateria potente e a pot\u00eancia ajust\u00e1vel, \u00e9 um produto pr\u00e1tico e de sabor excecional. Este modelo \u00e9 ideal para todos aqueles que procuram um cigarro eletr\u00f3nico fi\u00e1vel, duradouro e com sabor frutado e refrescante.<\/p>\n<p class=\"\" data-start=\"5508\" data-end=\"5891\">Quer sejas um vaporizador experiente ou um iniciante, o Bang Tornado 40000 Blueberry Lemon proporcionar\u00e1 uma experi\u00eancia de sabor inconfund\u00edvel que desejar\u00e1s repetir. Se procuras um dispositivo fi\u00e1vel com um sabor refrescante e frutado, este cigarro eletr\u00f3nico \u00e9 definitivamente a escolha certa para ti.<\/p>","protected":false},"excerpt":{"rendered":"<p>Bang Tornado 40000 Blueberry Lemon \u2013 Erfrischende Kombination aus Blaubeeren und Zitrone f\u00fcr unvergesslichen Genuss Die Welt der Einweg-E-Zigaretten hat in den letzten Jahren enorme Fortschritte gemacht, und die Bang Tornado 40000 ist eines der f\u00fchrenden Produkte, das den Standard f\u00fcr exzellente Leistung und au\u00dfergew\u00f6hnlichen Geschmack setzt. Besonders die Variante Bang Tornado 40000 Blueberry Lemon [&hellip;]<\/p>","protected":false},"featured_media":16256,"template":"","meta":{"inline_featured_image":false},"product_cat":[78],"product_tag":[777],"tiered_pricing_type":"fixed","tiered_pricing_fixed_rules":[],"tiered_pricing_percentage_rules":[],"tiered_pricing_minimum":1,"_administrator_tiered_pricing_type":"fixed","_administrator_tiered_pricing_fixed_rules":[],"_editor_tiered_pricing_type":"fixed","_editor_tiered_pricing_fixed_rules":[],"_author_tiered_pricing_type":"fixed","_author_tiered_pricing_fixed_rules":[],"_contributor_tiered_pricing_type":"fixed","_contributor_tiered_pricing_fixed_rules":[],"_subscriber_tiered_pricing_type":"fixed","_subscriber_tiered_pricing_fixed_rules":[],"_customer_tiered_pricing_type":"fixed","_customer_tiered_pricing_fixed_rules":[],"_shop_manager_tiered_pricing_type":"fixed","_shop_manager_tiered_pricing_fixed_rules":[],"_wpseo_manager_tiered_pricing_type":"fixed","_wpseo_manager_tiered_pricing_fixed_rules":[],"_wpseo_editor_tiered_pricing_type":"fixed","_wpseo_editor_tiered_pricing_fixed_rules":[],"_wholesale_customer_tiered_pricing_type":"fixed","_wholesale_customer_tiered_pricing_fixed_rules":[],"_marketer_tiered_pricing_type":"fixed","_marketer_tiered_pricing_fixed_rules":[],"_sales_manager_tiered_pricing_type":"fixed","_sales_manager_tiered_pricing_fixed_rules":[],"_sales_rep_tiered_pricing_type":"fixed","_sales_rep_tiered_pricing_fixed_rules":[],"yoast_head":"<!-- This site is optimized with the Yoast SEO plugin v23.3 - https:\/\/yoast.com\/wordpress\/plugins\/seo\/ -->\n<title>Bang Tornado 40000 Blueberry Lemon Erfrischende Blaubeere und Zitrone f\u00fcr 40000 Z\u00fcge | ElementVape.de<\/title>\n<meta name=\"description\" content=\"Bang Tornado 40000 Blueberry Lemon \u2013 Eine erfrischende Mischung aus s\u00fc\u00dfen Blaubeeren und spritziger Zitrone, 40.000 Z\u00fcge f\u00fcr langanhaltenden Genuss.\" \/>\n<meta name=\"robots\" content=\"index, follow, max-snippet:-1, max-image-preview:large, max-video-preview:-1\" \/>\n<link rel=\"canonical\" href=\"https:\/\/www.elementvape.de\/pt\/produkt\/bang-tornado-40000-blueberry-lemon-erfrischende-blaubeere-und-zitrone-fuer-40000-zuege\/\" \/>\n<meta property=\"og:locale\" content=\"pt_PT\" \/>\n<meta property=\"og:type\" content=\"article\" \/>\n<meta property=\"og:title\" content=\"Bang Tornado 40000 Blueberry Lemon Erfrischende Blaubeere und Zitrone f\u00fcr 40000 Z\u00fcge | ElementVape.de\" \/>\n<meta property=\"og:description\" content=\"Bang Tornado 40000 Blueberry Lemon \u2013 Eine erfrischende Mischung aus s\u00fc\u00dfen Blaubeeren und spritziger Zitrone, 40.000 Z\u00fcge f\u00fcr langanhaltenden Genuss.\" \/>\n<meta property=\"og:url\" content=\"https:\/\/www.elementvape.de\/pt\/produkt\/bang-tornado-40000-blueberry-lemon-erfrischende-blaubeere-und-zitrone-fuer-40000-zuege\/\" \/>\n<meta property=\"og:site_name\" content=\"ElementVape.de\" \/>\n<meta property=\"article:modified_time\" content=\"2026-01-23T06:43:46+00:00\" \/>\n<meta property=\"og:image\" content=\"https:\/\/www.elementvape.de\/wp-content\/uploads\/2025\/04\/40k-blueberry-lemon.png\" \/>\n\t<meta property=\"og:image:width\" content=\"600\" \/>\n\t<meta property=\"og:image:height\" content=\"562\" \/>\n\t<meta property=\"og:image:type\" content=\"image\/png\" \/>\n<meta name=\"twitter:card\" content=\"summary_large_image\" \/>\n<meta name=\"twitter:label1\" content=\"Est. reading time\" \/>\n\t<meta name=\"twitter:data1\" content=\"5 minutos\" \/>\n<script type=\"application\/ld+json\" class=\"yoast-schema-graph\">{\"@context\":\"https:\/\/schema.org\",\"@graph\":[{\"@type\":\"WebPage\",\"@id\":\"https:\/\/www.elementvape.de\/produkt\/bang-tornado-40000-blueberry-lemon-erfrischende-blaubeere-und-zitrone-fuer-40000-zuege\/\",\"url\":\"https:\/\/www.elementvape.de\/produkt\/bang-tornado-40000-blueberry-lemon-erfrischende-blaubeere-und-zitrone-fuer-40000-zuege\/\",\"name\":\"Bang Tornado 40000 Blueberry Lemon Erfrischende Blaubeere und Zitrone f\u00fcr 40000 Z\u00fcge | ElementVape.de\",\"isPartOf\":{\"@id\":\"https:\/\/www.elementvape.de\/#website\"},\"primaryImageOfPage\":{\"@id\":\"https:\/\/www.elementvape.de\/produkt\/bang-tornado-40000-blueberry-lemon-erfrischende-blaubeere-und-zitrone-fuer-40000-zuege\/#primaryimage\"},\"image\":{\"@id\":\"https:\/\/www.elementvape.de\/produkt\/bang-tornado-40000-blueberry-lemon-erfrischende-blaubeere-und-zitrone-fuer-40000-zuege\/#primaryimage\"},\"thumbnailUrl\":\"https:\/\/www.elementvape.de\/wp-content\/uploads\/2025\/04\/40k-blueberry-lemon.png\",\"datePublished\":\"2025-04-17T08:48:13+00:00\",\"dateModified\":\"2026-01-23T06:43:46+00:00\",\"description\":\"Bang Tornado 40000 Blueberry Lemon \u2013 Eine erfrischende Mischung aus s\u00fc\u00dfen Blaubeeren und spritziger Zitrone, 40.000 Z\u00fcge f\u00fcr langanhaltenden Genuss.\",\"breadcrumb\":{\"@id\":\"https:\/\/www.elementvape.de\/produkt\/bang-tornado-40000-blueberry-lemon-erfrischende-blaubeere-und-zitrone-fuer-40000-zuege\/#breadcrumb\"},\"inLanguage\":\"pt-PT\",\"potentialAction\":[{\"@type\":\"ReadAction\",\"target\":[\"https:\/\/www.elementvape.de\/produkt\/bang-tornado-40000-blueberry-lemon-erfrischende-blaubeere-und-zitrone-fuer-40000-zuege\/\"]}]},{\"@type\":\"ImageObject\",\"inLanguage\":\"pt-PT\",\"@id\":\"https:\/\/www.elementvape.de\/produkt\/bang-tornado-40000-blueberry-lemon-erfrischende-blaubeere-und-zitrone-fuer-40000-zuege\/#primaryimage\",\"url\":\"https:\/\/www.elementvape.de\/wp-content\/uploads\/2025\/04\/40k-blueberry-lemon.png\",\"contentUrl\":\"https:\/\/www.elementvape.de\/wp-content\/uploads\/2025\/04\/40k-blueberry-lemon.png\",\"width\":600,\"height\":562},{\"@type\":\"BreadcrumbList\",\"@id\":\"https:\/\/www.elementvape.de\/produkt\/bang-tornado-40000-blueberry-lemon-erfrischende-blaubeere-und-zitrone-fuer-40000-zuege\/#breadcrumb\",\"itemListElement\":[{\"@type\":\"ListItem\",\"position\":1,\"name\":\"Home\",\"item\":\"https:\/\/www.elementvape.de\/\"},{\"@type\":\"ListItem\",\"position\":2,\"name\":\"Shop\",\"item\":\"https:\/\/www.elementvape.de\/shop\/\"},{\"@type\":\"ListItem\",\"position\":3,\"name\":\"Bang Tornado 40000 Blueberry Lemon Erfrischende Blaubeere und Zitrone f\u00fcr 40000 Z\u00fcge\"}]},{\"@type\":\"WebSite\",\"@id\":\"https:\/\/www.elementvape.de\/#website\",\"url\":\"https:\/\/www.elementvape.de\/\",\"name\":\"ElementVape.de\",\"description\":\"\",\"publisher\":{\"@id\":\"https:\/\/www.elementvape.de\/#organization\"},\"potentialAction\":[{\"@type\":\"SearchAction\",\"target\":{\"@type\":\"EntryPoint\",\"urlTemplate\":\"https:\/\/www.elementvape.de\/?s={search_term_string}\"},\"query-input\":\"required name=search_term_string\"}],\"inLanguage\":\"pt-PT\"},{\"@type\":\"Organization\",\"@id\":\"https:\/\/www.elementvape.de\/#organization\",\"name\":\"ElementVape.DE\",\"url\":\"https:\/\/www.elementvape.de\/\",\"logo\":{\"@type\":\"ImageObject\",\"inLanguage\":\"pt-PT\",\"@id\":\"https:\/\/www.elementvape.de\/#\/schema\/logo\/image\/\",\"url\":\"https:\/\/www.elementvape.de\/wp-content\/uploads\/2024\/09\/cropped-1elementvape-3.png\",\"contentUrl\":\"https:\/\/www.elementvape.de\/wp-content\/uploads\/2024\/09\/cropped-1elementvape-3.png\",\"width\":285,\"height\":228,\"caption\":\"ElementVape.DE\"},\"image\":{\"@id\":\"https:\/\/www.elementvape.de\/#\/schema\/logo\/image\/\"}}]}<\/script>\n<!-- \/ Yoast SEO plugin. -->","yoast_head_json":{"title":"Bang Tornado 40000 Blueberry Lemon Erfrischende Blaubeere und Zitrone f\u00fcr 40000 Z\u00fcge | ElementVape.de","description":"Bang Tornado 40000 Blueberry Lemon \u2013 Eine erfrischende Mischung aus s\u00fc\u00dfen Blaubeeren und spritziger Zitrone, 40.000 Z\u00fcge f\u00fcr langanhaltenden Genuss.","robots":{"index":"index","follow":"follow","max-snippet":"max-snippet:-1","max-image-preview":"max-image-preview:large","max-video-preview":"max-video-preview:-1"},"canonical":"https:\/\/www.elementvape.de\/pt\/produkt\/bang-tornado-40000-blueberry-lemon-erfrischende-blaubeere-und-zitrone-fuer-40000-zuege\/","og_locale":"pt_PT","og_type":"article","og_title":"Bang Tornado 40000 Blueberry Lemon Erfrischende Blaubeere und Zitrone f\u00fcr 40000 Z\u00fcge | ElementVape.de","og_description":"Bang Tornado 40000 Blueberry Lemon \u2013 Eine erfrischende Mischung aus s\u00fc\u00dfen Blaubeeren und spritziger Zitrone, 40.000 Z\u00fcge f\u00fcr langanhaltenden Genuss.","og_url":"https:\/\/www.elementvape.de\/pt\/produkt\/bang-tornado-40000-blueberry-lemon-erfrischende-blaubeere-und-zitrone-fuer-40000-zuege\/","og_site_name":"ElementVape.de","article_modified_time":"2026-01-23T06:43:46+00:00","og_image":[{"width":600,"height":562,"url":"https:\/\/www.elementvape.de\/wp-content\/uploads\/2025\/04\/40k-blueberry-lemon.png","type":"image\/png"}],"twitter_card":"summary_large_image","twitter_misc":{"Est. reading time":"5 minutos"},"schema":{"@context":"https:\/\/schema.org","@graph":[{"@type":"WebPage","@id":"https:\/\/www.elementvape.de\/produkt\/bang-tornado-40000-blueberry-lemon-erfrischende-blaubeere-und-zitrone-fuer-40000-zuege\/","url":"https:\/\/www.elementvape.de\/produkt\/bang-tornado-40000-blueberry-lemon-erfrischende-blaubeere-und-zitrone-fuer-40000-zuege\/","name":"Bang Tornado 40000 Blueberry Lemon Erfrischende Blaubeere und Zitrone f\u00fcr 40000 Z\u00fcge | ElementVape.de","isPartOf":{"@id":"https:\/\/www.elementvape.de\/#website"},"primaryImageOfPage":{"@id":"https:\/\/www.elementvape.de\/produkt\/bang-tornado-40000-blueberry-lemon-erfrischende-blaubeere-und-zitrone-fuer-40000-zuege\/#primaryimage"},"image":{"@id":"https:\/\/www.elementvape.de\/produkt\/bang-tornado-40000-blueberry-lemon-erfrischende-blaubeere-und-zitrone-fuer-40000-zuege\/#primaryimage"},"thumbnailUrl":"https:\/\/www.elementvape.de\/wp-content\/uploads\/2025\/04\/40k-blueberry-lemon.png","datePublished":"2025-04-17T08:48:13+00:00","dateModified":"2026-01-23T06:43:46+00:00","description":"Bang Tornado 40000 Blueberry Lemon \u2013 Eine erfrischende Mischung aus s\u00fc\u00dfen Blaubeeren und spritziger Zitrone, 40.000 Z\u00fcge f\u00fcr langanhaltenden Genuss.","breadcrumb":{"@id":"https:\/\/www.elementvape.de\/produkt\/bang-tornado-40000-blueberry-lemon-erfrischende-blaubeere-und-zitrone-fuer-40000-zuege\/#breadcrumb"},"inLanguage":"pt-PT","potentialAction":[{"@type":"ReadAction","target":["https:\/\/www.elementvape.de\/produkt\/bang-tornado-40000-blueberry-lemon-erfrischende-blaubeere-und-zitrone-fuer-40000-zuege\/"]}]},{"@type":"ImageObject","inLanguage":"pt-PT","@id":"https:\/\/www.elementvape.de\/produkt\/bang-tornado-40000-blueberry-lemon-erfrischende-blaubeere-und-zitrone-fuer-40000-zuege\/#primaryimage","url":"https:\/\/www.elementvape.de\/wp-content\/uploads\/2025\/04\/40k-blueberry-lemon.png","contentUrl":"https:\/\/www.elementvape.de\/wp-content\/uploads\/2025\/04\/40k-blueberry-lemon.png","width":600,"height":562},{"@type":"BreadcrumbList","@id":"https:\/\/www.elementvape.de\/produkt\/bang-tornado-40000-blueberry-lemon-erfrischende-blaubeere-und-zitrone-fuer-40000-zuege\/#breadcrumb","itemListElement":[{"@type":"ListItem","position":1,"name":"Home","item":"https:\/\/www.elementvape.de\/"},{"@type":"ListItem","position":2,"name":"Shop","item":"https:\/\/www.elementvape.de\/shop\/"},{"@type":"ListItem","position":3,"name":"Bang Tornado 40000 Blueberry Lemon Erfrischende Blaubeere und Zitrone f\u00fcr 40000 Z\u00fcge"}]},{"@type":"WebSite","@id":"https:\/\/www.elementvape.de\/#website","url":"https:\/\/www.elementvape.de\/","name":"ElementVape.de","description":"","publisher":{"@id":"https:\/\/www.elementvape.de\/#organization"},"potentialAction":[{"@type":"SearchAction","target":{"@type":"EntryPoint","urlTemplate":"https:\/\/www.elementvape.de\/?s={search_term_string}"},"query-input":"required name=search_term_string"}],"inLanguage":"pt-PT"},{"@type":"Organization","@id":"https:\/\/www.elementvape.de\/#organization","name":"ElementVape.DE","url":"https:\/\/www.elementvape.de\/","logo":{"@type":"ImageObject","inLanguage":"pt-PT","@id":"https:\/\/www.elementvape.de\/#\/schema\/logo\/image\/","url":"https:\/\/www.elementvape.de\/wp-content\/uploads\/2024\/09\/cropped-1elementvape-3.png","contentUrl":"https:\/\/www.elementvape.de\/wp-content\/uploads\/2024\/09\/cropped-1elementvape-3.png","width":285,"height":228,"caption":"ElementVape.DE"},"image":{"@id":"https:\/\/www.elementvape.de\/#\/schema\/logo\/image\/"}}]}},"_links":{"self":[{"href":"https:\/\/www.elementvape.de\/pt\/wp-json\/wp\/v2\/product\/16272"}],"collection":[{"href":"https:\/\/www.elementvape.de\/pt\/wp-json\/wp\/v2\/product"}],"about":[{"href":"https:\/\/www.elementvape.de\/pt\/wp-json\/wp\/v2\/types\/product"}],"wp:featuredmedia":[{"embeddable":true,"href":"https:\/\/www.elementvape.de\/pt\/wp-json\/wp\/v2\/media\/16256"}],"wp:attachment":[{"href":"https:\/\/www.elementvape.de\/pt\/wp-json\/wp\/v2\/media?parent=16272"}],"wp:term":[{"taxonomy":"product_cat","embeddable":true,"href":"https:\/\/www.elementvape.de\/pt\/wp-json\/wp\/v2\/product_cat?post=16272"},{"taxonomy":"product_tag","embeddable":true,"href":"https:\/\/www.elementvape.de\/pt\/wp-json\/wp\/v2\/product_tag?post=16272"}],"curies":[{"name":"wp","href":"https:\/\/api.w.org\/{rel}","templated":true}]}}