{"id":15385,"date":"2024-11-26T06:21:59","date_gmt":"2024-11-26T06:21:59","guid":{"rendered":"https:\/\/www.elementvape.de\/?post_type=product&#038;p=15385"},"modified":"2024-11-26T06:24:02","modified_gmt":"2024-11-26T06:24:02","slug":"entdecke-die-erfrischung-bang-king-25000-puffs-grossbildschirm-b25-watermelon-ice-e-zigarette","status":"publish","type":"product","link":"https:\/\/www.elementvape.de\/pt\/produkt\/entdecke-die-erfrischung-bang-king-25000-puffs-grossbildschirm-b25-watermelon-ice-e-zigarette\/","title":{"rendered":"Descobre a refresc\u00e2ncia BANG KING 25000 Puffs Grande ecr\u00e3 B25 Watermelon Ice cigarro eletr\u00f3nico"},"content":{"rendered":"<h2>O prazer m\u00e1ximo com o BANG KING 25000 Puffs Ecr\u00e3 Grande B25 Watermelon Ice<\/h2>\n<p>O mundo do vaping evoluiu rapidamente nos \u00faltimos anos, oferecendo hoje uma variedade de dispositivos que proporcionam aos utilizadores uma experi\u00eancia incompar\u00e1vel. Uma marca que se destaca consistentemente como l\u00edder nesta ind\u00fastria \u00e9 a BANG KING. Com o BANG KING 25000 Puffs Ecr\u00e3 Grande B25 Watermelon Ice, a BANG KING lan\u00e7a um Vape Descart\u00e1vel que impressiona n\u00e3o s\u00f3 pelo seu n\u00famero excecional de puffs, mas tamb\u00e9m por um design not\u00e1vel e uma experi\u00eancia de sabor refrescante. Neste artigo, analisaremos mais de perto as particularidades deste dispositivo e descobriremos porque \u00e9 a escolha perfeita para todos os entusiastas do vaping.<\/p>\n<h3>O que \u00e9 o BANG KING 25000 Puffs Ecr\u00e3 Grande B25 Watermelon Ice?<\/h3>\n<p>O BANG KING 25000 Puffs Ecr\u00e3 Grande B25 Watermelon Ice \u00e9 um Vape Descart\u00e1vel que oferece um n\u00famero impressionante de 25.000 puffs. Este elevado n\u00famero de puffs garante que podes desfrutar de um desempenho consistente e de um sabor uniforme durante um longo per\u00edodo de tempo, sem que o vape fique vazio ou fraco ap\u00f3s algumas utiliza\u00e7\u00f5es. O dispositivo est\u00e1 equipado com um sabor fresco de Watermelon Ice, que te proporciona uma experi\u00eancia fresca e refrescante, particularmente agrad\u00e1vel nos meses quentes de ver\u00e3o.<\/p>\n<h3>Dados t\u00e9cnicos do BANG KING 25000 Puffs<\/h3>\n<p>Antes de nos aprofundarmos na experi\u00eancia do utilizador, \u00e9 importante analisar as especifica\u00e7\u00f5es t\u00e9cnicas deste vape. Estas oferecem-nos uma vis\u00e3o clara do porqu\u00ea de o BANG KING 25000 Puffs ser t\u00e3o excecional na sua categoria.<\/p>\n<table>\n<thead>\n<tr>\n<th>Caracter\u00edstica<\/th>\n<th>Especifica\u00e7\u00e3o<\/th>\n<\/tr>\n<\/thead>\n<tbody>\n<tr>\n<td>Puffs (Inala\u00e7\u00f5es)<\/td>\n<td>25000<\/td>\n<\/tr>\n<tr>\n<td>Capacidade de E-L\u00edquido<\/td>\n<td>30ml<\/td>\n<\/tr>\n<tr>\n<td>Resist\u00eancia<\/td>\n<td>1.0 Ohm<\/td>\n<\/tr>\n<tr>\n<td>Conector de Carregamento<\/td>\n<td>Type-C<\/td>\n<\/tr>\n<tr>\n<td>Capacidade da bateria<\/td>\n<td>650mAh<\/td>\n<\/tr>\n<\/tbody>\n<\/table>\n<h4>Puffs (inala\u00e7\u00f5es) \u2013 25000 inala\u00e7\u00f5es<\/h4>\n<p>As 25000 inala\u00e7\u00f5es s\u00e3o uma das caracter\u00edsticas mais impressionantes do BANG KING 25000 Puffs. Em compara\u00e7\u00e3o com outros Vapes Descart\u00e1veis, que muitas vezes oferecem apenas 1000 a 5000 inala\u00e7\u00f5es, este dispositivo destaca-se pela sua incr\u00edvel durabilidade. Assim, o <strong><a href=\"https:\/\/www.elementvape.de\/pt\/c\/bang-king\/\">BANG KING<\/a><\/strong> \u00e9 ideal para pessoas que procuram uma experi\u00eancia de vaping duradoura, sem terem de comprar ou recarregar constantemente novos dispositivos.<\/p>\n<h4>Capacidade de E-Liquid \u2013 30ml<\/h4>\n<p>Com uma capacidade de E-Liquid de 30ml, o BANG KING oferece l\u00edquido mais do que suficiente para suportar o n\u00famero total de puffs de 25.000 inala\u00e7\u00f5es. Esta generosa capacidade garante que o sabor permanece consistente durante um longo per\u00edodo de tempo e que n\u00e3o tens de reabastecer frequentemente.<\/p>\n<h4>Resist\u00eancia \u2013 1.0 Ohm<\/h4>\n<p>A resist\u00eancia de 1.0 Ohm garante um fluxo de ar ideal e uma produ\u00e7\u00e3o de vapor uniforme. Em combina\u00e7\u00e3o com o elevado n\u00famero de puffs e a grande capacidade de E-Liquid, o BANG KING garante um excelente desempenho sem interrup\u00e7\u00f5es ou perda de qualidade.<\/p>\n<h4>Porta de carregamento \u2013 Type-C<\/h4>\n<p>Gra\u00e7as \u00e0 porta de carregamento Type-C, o BANG KING pode ser carregado de forma r\u00e1pida e f\u00e1cil. Isto \u00e9 particularmente pr\u00e1tico para utilizadores de vape que est\u00e3o em viagem, uma vez que o Type-C oferece uma velocidade de carregamento mais r\u00e1pida do que as portas USB convencionais.<\/p>\n<h4>Capacidade da bateria \u2013 650mAh<\/h4>\n<p>A bateria de 650mAh garante que o BANG KING 25000 Puffs tem uma longa vida \u00fatil e pode ser operado de forma consistente durante todo o n\u00famero de puffs. A combina\u00e7\u00e3o da bateria eficiente e da porta de carregamento Type-C garante que podes recarregar rapidamente o dispositivo em qualquer altura.<\/p>\n<h3>O sabor \u2013 Watermelon Ice<\/h3>\n<p>Uma das caracter\u00edsticas mais importantes de um vape \u00e9, sem d\u00favida, o sabor, e o <a href=\"https:\/\/www.elementvape.de\/pt\/c\/bang-king-25000-puffs\/\"><strong>BANG KING 25000 Puffs<\/strong><\/a> oferece aqui uma experi\u00eancia excecional. O sabor Watermelon Ice combina a do\u00e7ura da melancia suculenta com um toque fresco de gelo. Esta combina\u00e7\u00e3o proporciona uma experi\u00eancia de vaping refrescante e agrad\u00e1vel, que \u00e9 um prazer tanto nos meses quentes de ver\u00e3o como em qualquer outra esta\u00e7\u00e3o do ano.<\/p>\n<p>A melancia oferece uma do\u00e7ura e frescura frutadas naturais, enquanto o efeito de gelo proporciona uma nota refrescante que torna tudo ainda mais agrad\u00e1vel. O sabor permanece constante ao longo de toda a contagem de puffs, sem se esgotar ou perder intensidade, o que \u00e9 um desempenho not\u00e1vel para um vape descart\u00e1vel.<\/p>\n<h3>Experi\u00eancia do utilizador e design<\/h3>\n<p>O BANG KING 25000 Puffs Ecr\u00e3 Grande B25 Watermelon Ice n\u00e3o impressiona apenas pelas suas caracter\u00edsticas t\u00e9cnicas, mas tamb\u00e9m pelo seu design intuitivo. A superf\u00edcie aderente e o design compacto e elegante facilitam segurar e usar o vape, mesmo por longos per\u00edodos de tempo.<\/p>\n<p>Outro destaque \u00e9 o ecr\u00e3 grande do dispositivo. Este ecr\u00e3 mostra a quantidade restante de E-Liquid e o n\u00edvel da bateria em tempo real. Isto \u00e9 particularmente \u00fatil, pois podes ver a qualquer momento quanto vapor ainda podes produzir antes de teres de carregar ou reabastecer o dispositivo. Esta funcionalidade oferece mais controlo e garante que est\u00e1s sempre preparado.<\/p>\n<h3>Como funciona o BANG KING 25000 Puffs?<\/h3>\n<p>O BANG KING 25000 Puffs funciona de forma muito simples \u2013 basta puxar pelo dispositivo e ele \u00e9 ativado imediatamente. N\u00e3o \u00e9 necess\u00e1rio nenhum bot\u00e3o, o que torna a experi\u00eancia do utilizador ainda mais f\u00e1cil. O vape utiliza um mecanismo de tra\u00e7\u00e3o autom\u00e1tico que garante uma produ\u00e7\u00e3o de vapor uniforme assim que inalas. Isto \u00e9 particularmente \u00fatil para vapers que n\u00e3o querem configura\u00e7\u00f5es ou ajustes complicados, mas apenas desfrutar de um vaping simples e agrad\u00e1vel.<\/p>\n<h3>Vantagens do BANG KING 25000 Puffs<\/h3>\n<h4>Durabilidade<\/h4>\n<p>Com 25000 puffs, o BANG KING 25000 Puffs \u00e9 um dos dispositivos mais duradouros do mercado. Esta contagem de puffs garante que podes usar o dispositivo por um longo per\u00edodo de tempo sem teres de te preocupar em reabastecer ou substituir o dispositivo.<\/p>\n<h4>Simplicidade e conforto<\/h4>\n<p>Gra\u00e7as ao mecanismo de tra\u00e7\u00e3o autom\u00e1tico e \u00e0 porta de carregamento Type-C, o BANG KING oferece uma experi\u00eancia intuitiva. O carregamento simples e a utiliza\u00e7\u00e3o intuitiva tornam-no ideal tanto para principiantes como para vapers experientes.<\/p>\n<h4>Sabor constante<\/h4>\n<p>Outra vantagem do BANG KING 25000 Puffs \u00e9 o sabor consistentemente elevado. O sabor Watermelon Ice permanece intenso e fresco durante toda a dura\u00e7\u00e3o da utiliza\u00e7\u00e3o, o que o torna uma escolha popular para os amantes do sabor.<\/p>\n<h4>Ecol\u00f3gico<\/h4>\n<p>Como o BANG KING \u00e9 um vape descart\u00e1vel, pode ser eliminado ap\u00f3s o uso sem teres de te preocupar em reabastecer ou fazer manuten\u00e7\u00e3o. Isto significa menos res\u00edduos e uma op\u00e7\u00e3o geral mais ecol\u00f3gica, pois n\u00e3o precisas de comprar constantemente novos cartuchos ou E-Liquids.<\/p>\n<p>O BANG KING 25000 Puffs Ecr\u00e3 Grande B25 Watermelon Ice \u00e9 um produto not\u00e1vel no mundo do vaping. Com a sua impressionante contagem de puffs de <strong><a href=\"https:\/\/www.elementvape.de\/pt\/p-tag\/vaep-25000-zuege\/\">25000 tragos<\/a><\/strong>, a capacidade de 30ml de E-Liquid, a resist\u00eancia de 1.0 Ohm, a moderna porta de carregamento Type-C e a bateria de 650mAh, este dispositivo oferece tudo o que um entusiasta do vaping pode desejar. O sabor Watermelon Ice proporciona uma experi\u00eancia de vaping refrescante que te vai entusiasmar a cada puff.<\/p>\n<p>Quer sejas um principiante ou um vaper experiente, o BANG KING 25000 Puffs Ecr\u00e3 Grande B25 Watermelon Ice oferece-te tudo o que precisas para desfrutar de uma experi\u00eancia de vaping duradoura, agrad\u00e1vel e refrescante.<\/p>","protected":false},"excerpt":{"rendered":"<p>Der ultimative Genuss mit dem BANG KING 25000 Puffs Gro\u00dfbildschirm B25 Watermelon Ice Die Welt des Vaping hat sich in den letzten Jahren rasant weiterentwickelt und bietet heute eine Vielzahl von Ger\u00e4ten, die den Dampfern eine unvergleichliche Erfahrung bieten. Eine Marke, die sich immer wieder als f\u00fchrend in dieser Branche erweist, ist BANG KING. Mit [&hellip;]<\/p>","protected":false},"featured_media":15386,"template":"","meta":{"inline_featured_image":false},"product_cat":[767],"product_tag":[710,768],"tiered_pricing_type":"fixed","tiered_pricing_fixed_rules":{"60":"10.08","110":"8.96","200":"7.84"},"tiered_pricing_percentage_rules":[],"tiered_pricing_minimum":1,"_administrator_tiered_pricing_type":"fixed","_administrator_tiered_pricing_fixed_rules":[],"_editor_tiered_pricing_type":"fixed","_editor_tiered_pricing_fixed_rules":[],"_author_tiered_pricing_type":"fixed","_author_tiered_pricing_fixed_rules":[],"_contributor_tiered_pricing_type":"fixed","_contributor_tiered_pricing_fixed_rules":[],"_subscriber_tiered_pricing_type":"fixed","_subscriber_tiered_pricing_fixed_rules":[],"_customer_tiered_pricing_type":"fixed","_customer_tiered_pricing_fixed_rules":[],"_shop_manager_tiered_pricing_type":"fixed","_shop_manager_tiered_pricing_fixed_rules":[],"_wpseo_manager_tiered_pricing_type":"fixed","_wpseo_manager_tiered_pricing_fixed_rules":[],"_wpseo_editor_tiered_pricing_type":"fixed","_wpseo_editor_tiered_pricing_fixed_rules":[],"_wholesale_customer_tiered_pricing_type":"fixed","_wholesale_customer_tiered_pricing_fixed_rules":[],"_marketer_tiered_pricing_type":"fixed","_marketer_tiered_pricing_fixed_rules":[],"_sales_manager_tiered_pricing_type":"fixed","_sales_manager_tiered_pricing_fixed_rules":[],"_sales_rep_tiered_pricing_type":"fixed","_sales_rep_tiered_pricing_fixed_rules":[],"yoast_head":"<!-- This site is optimized with the Yoast SEO plugin v23.3 - https:\/\/yoast.com\/wordpress\/plugins\/seo\/ -->\n<title>Entdecke die Erfrischung BANG KING 25000 Puffs Gro\u00dfbildschirm B25 Watermelon Ice E-Zigarette | ElementVape.de<\/title>\n<meta name=\"description\" content=\"Wir bieten Entdecke die Erfrischung BANG KING 25000 Puffs Gro\u00dfbildschirm B25 Watermelon Ice E-Zigarette , Elementvape.de akzeptieren Gro\u00df-und Einzelhandel Bestellungen.\" \/>\n<meta name=\"robots\" content=\"index, follow, max-snippet:-1, max-image-preview:large, max-video-preview:-1\" \/>\n<link rel=\"canonical\" href=\"https:\/\/www.elementvape.de\/pt\/produkt\/entdecke-die-erfrischung-bang-king-25000-puffs-grossbildschirm-b25-watermelon-ice-e-zigarette\/\" \/>\n<meta property=\"og:locale\" content=\"pt_PT\" \/>\n<meta property=\"og:type\" content=\"article\" \/>\n<meta property=\"og:title\" content=\"Entdecke die Erfrischung BANG KING 25000 Puffs Gro\u00dfbildschirm B25 Watermelon Ice E-Zigarette | ElementVape.de\" \/>\n<meta property=\"og:description\" content=\"Wir bieten Entdecke die Erfrischung BANG KING 25000 Puffs Gro\u00dfbildschirm B25 Watermelon Ice E-Zigarette , Elementvape.de akzeptieren Gro\u00df-und Einzelhandel Bestellungen.\" \/>\n<meta property=\"og:url\" content=\"https:\/\/www.elementvape.de\/pt\/produkt\/entdecke-die-erfrischung-bang-king-25000-puffs-grossbildschirm-b25-watermelon-ice-e-zigarette\/\" \/>\n<meta property=\"og:site_name\" content=\"ElementVape.de\" \/>\n<meta property=\"article:modified_time\" content=\"2024-11-26T06:24:02+00:00\" \/>\n<meta property=\"og:image\" content=\"https:\/\/www.elementvape.de\/wp-content\/uploads\/2024\/11\/watermelon-ice-1.jpg\" \/>\n\t<meta property=\"og:image:width\" content=\"1000\" \/>\n\t<meta property=\"og:image:height\" content=\"1000\" \/>\n\t<meta property=\"og:image:type\" content=\"image\/jpeg\" \/>\n<meta name=\"twitter:card\" content=\"summary_large_image\" \/>\n<meta name=\"twitter:label1\" content=\"Est. reading time\" \/>\n\t<meta name=\"twitter:data1\" content=\"7 minutos\" \/>\n<script type=\"application\/ld+json\" class=\"yoast-schema-graph\">{\"@context\":\"https:\/\/schema.org\",\"@graph\":[{\"@type\":\"WebPage\",\"@id\":\"https:\/\/www.elementvape.de\/el\/produkt\/entdecke-die-erfrischung-bang-king-25000-puffs-grossbildschirm-b25-watermelon-ice-e-zigarette\/\",\"url\":\"https:\/\/www.elementvape.de\/el\/produkt\/entdecke-die-erfrischung-bang-king-25000-puffs-grossbildschirm-b25-watermelon-ice-e-zigarette\/\",\"name\":\"Entdecke die Erfrischung BANG KING 25000 Puffs Gro\u00dfbildschirm B25 Watermelon Ice E-Zigarette | ElementVape.de\",\"isPartOf\":{\"@id\":\"https:\/\/www.elementvape.de\/#website\"},\"primaryImageOfPage\":{\"@id\":\"https:\/\/www.elementvape.de\/el\/produkt\/entdecke-die-erfrischung-bang-king-25000-puffs-grossbildschirm-b25-watermelon-ice-e-zigarette\/#primaryimage\"},\"image\":{\"@id\":\"https:\/\/www.elementvape.de\/el\/produkt\/entdecke-die-erfrischung-bang-king-25000-puffs-grossbildschirm-b25-watermelon-ice-e-zigarette\/#primaryimage\"},\"thumbnailUrl\":\"https:\/\/www.elementvape.de\/wp-content\/uploads\/2024\/11\/watermelon-ice-1.jpg\",\"datePublished\":\"2024-11-26T06:21:59+00:00\",\"dateModified\":\"2024-11-26T06:24:02+00:00\",\"description\":\"Wir bieten Entdecke die Erfrischung BANG KING 25000 Puffs Gro\u00dfbildschirm B25 Watermelon Ice E-Zigarette , Elementvape.de akzeptieren Gro\u00df-und Einzelhandel Bestellungen.\",\"breadcrumb\":{\"@id\":\"https:\/\/www.elementvape.de\/el\/produkt\/entdecke-die-erfrischung-bang-king-25000-puffs-grossbildschirm-b25-watermelon-ice-e-zigarette\/#breadcrumb\"},\"inLanguage\":\"pt-PT\",\"potentialAction\":[{\"@type\":\"ReadAction\",\"target\":[\"https:\/\/www.elementvape.de\/el\/produkt\/entdecke-die-erfrischung-bang-king-25000-puffs-grossbildschirm-b25-watermelon-ice-e-zigarette\/\"]}]},{\"@type\":\"ImageObject\",\"inLanguage\":\"pt-PT\",\"@id\":\"https:\/\/www.elementvape.de\/el\/produkt\/entdecke-die-erfrischung-bang-king-25000-puffs-grossbildschirm-b25-watermelon-ice-e-zigarette\/#primaryimage\",\"url\":\"https:\/\/www.elementvape.de\/wp-content\/uploads\/2024\/11\/watermelon-ice-1.jpg\",\"contentUrl\":\"https:\/\/www.elementvape.de\/wp-content\/uploads\/2024\/11\/watermelon-ice-1.jpg\",\"width\":1000,\"height\":1000,\"caption\":\"Entdecke die Erfrischung BANG KING 25000 Puffs Gro\u00dfbildschirm B25 Watermelon Ice\"},{\"@type\":\"BreadcrumbList\",\"@id\":\"https:\/\/www.elementvape.de\/el\/produkt\/entdecke-die-erfrischung-bang-king-25000-puffs-grossbildschirm-b25-watermelon-ice-e-zigarette\/#breadcrumb\",\"itemListElement\":[{\"@type\":\"ListItem\",\"position\":1,\"name\":\"Home\",\"item\":\"https:\/\/www.elementvape.de\/\"},{\"@type\":\"ListItem\",\"position\":2,\"name\":\"Shop\",\"item\":\"https:\/\/www.elementvape.de\/shop\/\"},{\"@type\":\"ListItem\",\"position\":3,\"name\":\"Entdecke die Erfrischung BANG KING 25000 Puffs Gro\u00dfbildschirm B25 Watermelon Ice E-Zigarette\"}]},{\"@type\":\"WebSite\",\"@id\":\"https:\/\/www.elementvape.de\/#website\",\"url\":\"https:\/\/www.elementvape.de\/\",\"name\":\"ElementVape.de\",\"description\":\"\",\"publisher\":{\"@id\":\"https:\/\/www.elementvape.de\/#organization\"},\"potentialAction\":[{\"@type\":\"SearchAction\",\"target\":{\"@type\":\"EntryPoint\",\"urlTemplate\":\"https:\/\/www.elementvape.de\/?s={search_term_string}\"},\"query-input\":\"required name=search_term_string\"}],\"inLanguage\":\"pt-PT\"},{\"@type\":\"Organization\",\"@id\":\"https:\/\/www.elementvape.de\/#organization\",\"name\":\"ElementVape.DE\",\"url\":\"https:\/\/www.elementvape.de\/\",\"logo\":{\"@type\":\"ImageObject\",\"inLanguage\":\"pt-PT\",\"@id\":\"https:\/\/www.elementvape.de\/#\/schema\/logo\/image\/\",\"url\":\"https:\/\/www.elementvape.de\/wp-content\/uploads\/2024\/09\/cropped-1elementvape-3.png\",\"contentUrl\":\"https:\/\/www.elementvape.de\/wp-content\/uploads\/2024\/09\/cropped-1elementvape-3.png\",\"width\":285,\"height\":228,\"caption\":\"ElementVape.DE\"},\"image\":{\"@id\":\"https:\/\/www.elementvape.de\/#\/schema\/logo\/image\/\"}}]}<\/script>\n<!-- \/ Yoast SEO plugin. -->","yoast_head_json":{"title":"Entdecke die Erfrischung BANG KING 25000 Puffs Gro\u00dfbildschirm B25 Watermelon Ice E-Zigarette | ElementVape.de","description":"Wir bieten Entdecke die Erfrischung BANG KING 25000 Puffs Gro\u00dfbildschirm B25 Watermelon Ice E-Zigarette , Elementvape.de akzeptieren Gro\u00df-und Einzelhandel Bestellungen.","robots":{"index":"index","follow":"follow","max-snippet":"max-snippet:-1","max-image-preview":"max-image-preview:large","max-video-preview":"max-video-preview:-1"},"canonical":"https:\/\/www.elementvape.de\/pt\/produkt\/entdecke-die-erfrischung-bang-king-25000-puffs-grossbildschirm-b25-watermelon-ice-e-zigarette\/","og_locale":"pt_PT","og_type":"article","og_title":"Entdecke die Erfrischung BANG KING 25000 Puffs Gro\u00dfbildschirm B25 Watermelon Ice E-Zigarette | ElementVape.de","og_description":"Wir bieten Entdecke die Erfrischung BANG KING 25000 Puffs Gro\u00dfbildschirm B25 Watermelon Ice E-Zigarette , Elementvape.de akzeptieren Gro\u00df-und Einzelhandel Bestellungen.","og_url":"https:\/\/www.elementvape.de\/pt\/produkt\/entdecke-die-erfrischung-bang-king-25000-puffs-grossbildschirm-b25-watermelon-ice-e-zigarette\/","og_site_name":"ElementVape.de","article_modified_time":"2024-11-26T06:24:02+00:00","og_image":[{"width":1000,"height":1000,"url":"https:\/\/www.elementvape.de\/wp-content\/uploads\/2024\/11\/watermelon-ice-1.jpg","type":"image\/jpeg"}],"twitter_card":"summary_large_image","twitter_misc":{"Est. reading time":"7 minutos"},"schema":{"@context":"https:\/\/schema.org","@graph":[{"@type":"WebPage","@id":"https:\/\/www.elementvape.de\/el\/produkt\/entdecke-die-erfrischung-bang-king-25000-puffs-grossbildschirm-b25-watermelon-ice-e-zigarette\/","url":"https:\/\/www.elementvape.de\/el\/produkt\/entdecke-die-erfrischung-bang-king-25000-puffs-grossbildschirm-b25-watermelon-ice-e-zigarette\/","name":"Entdecke die Erfrischung BANG KING 25000 Puffs Gro\u00dfbildschirm B25 Watermelon Ice E-Zigarette | ElementVape.de","isPartOf":{"@id":"https:\/\/www.elementvape.de\/#website"},"primaryImageOfPage":{"@id":"https:\/\/www.elementvape.de\/el\/produkt\/entdecke-die-erfrischung-bang-king-25000-puffs-grossbildschirm-b25-watermelon-ice-e-zigarette\/#primaryimage"},"image":{"@id":"https:\/\/www.elementvape.de\/el\/produkt\/entdecke-die-erfrischung-bang-king-25000-puffs-grossbildschirm-b25-watermelon-ice-e-zigarette\/#primaryimage"},"thumbnailUrl":"https:\/\/www.elementvape.de\/wp-content\/uploads\/2024\/11\/watermelon-ice-1.jpg","datePublished":"2024-11-26T06:21:59+00:00","dateModified":"2024-11-26T06:24:02+00:00","description":"Wir bieten Entdecke die Erfrischung BANG KING 25000 Puffs Gro\u00dfbildschirm B25 Watermelon Ice E-Zigarette , Elementvape.de akzeptieren Gro\u00df-und Einzelhandel Bestellungen.","breadcrumb":{"@id":"https:\/\/www.elementvape.de\/el\/produkt\/entdecke-die-erfrischung-bang-king-25000-puffs-grossbildschirm-b25-watermelon-ice-e-zigarette\/#breadcrumb"},"inLanguage":"pt-PT","potentialAction":[{"@type":"ReadAction","target":["https:\/\/www.elementvape.de\/el\/produkt\/entdecke-die-erfrischung-bang-king-25000-puffs-grossbildschirm-b25-watermelon-ice-e-zigarette\/"]}]},{"@type":"ImageObject","inLanguage":"pt-PT","@id":"https:\/\/www.elementvape.de\/el\/produkt\/entdecke-die-erfrischung-bang-king-25000-puffs-grossbildschirm-b25-watermelon-ice-e-zigarette\/#primaryimage","url":"https:\/\/www.elementvape.de\/wp-content\/uploads\/2024\/11\/watermelon-ice-1.jpg","contentUrl":"https:\/\/www.elementvape.de\/wp-content\/uploads\/2024\/11\/watermelon-ice-1.jpg","width":1000,"height":1000,"caption":"Entdecke die Erfrischung BANG KING 25000 Puffs Gro\u00dfbildschirm B25 Watermelon Ice"},{"@type":"BreadcrumbList","@id":"https:\/\/www.elementvape.de\/el\/produkt\/entdecke-die-erfrischung-bang-king-25000-puffs-grossbildschirm-b25-watermelon-ice-e-zigarette\/#breadcrumb","itemListElement":[{"@type":"ListItem","position":1,"name":"Home","item":"https:\/\/www.elementvape.de\/"},{"@type":"ListItem","position":2,"name":"Shop","item":"https:\/\/www.elementvape.de\/shop\/"},{"@type":"ListItem","position":3,"name":"Entdecke die Erfrischung BANG KING 25000 Puffs Gro\u00dfbildschirm B25 Watermelon Ice E-Zigarette"}]},{"@type":"WebSite","@id":"https:\/\/www.elementvape.de\/#website","url":"https:\/\/www.elementvape.de\/","name":"ElementVape.de","description":"","publisher":{"@id":"https:\/\/www.elementvape.de\/#organization"},"potentialAction":[{"@type":"SearchAction","target":{"@type":"EntryPoint","urlTemplate":"https:\/\/www.elementvape.de\/?s={search_term_string}"},"query-input":"required name=search_term_string"}],"inLanguage":"pt-PT"},{"@type":"Organization","@id":"https:\/\/www.elementvape.de\/#organization","name":"ElementVape.DE","url":"https:\/\/www.elementvape.de\/","logo":{"@type":"ImageObject","inLanguage":"pt-PT","@id":"https:\/\/www.elementvape.de\/#\/schema\/logo\/image\/","url":"https:\/\/www.elementvape.de\/wp-content\/uploads\/2024\/09\/cropped-1elementvape-3.png","contentUrl":"https:\/\/www.elementvape.de\/wp-content\/uploads\/2024\/09\/cropped-1elementvape-3.png","width":285,"height":228,"caption":"ElementVape.DE"},"image":{"@id":"https:\/\/www.elementvape.de\/#\/schema\/logo\/image\/"}}]}},"_links":{"self":[{"href":"https:\/\/www.elementvape.de\/pt\/wp-json\/wp\/v2\/product\/15385"}],"collection":[{"href":"https:\/\/www.elementvape.de\/pt\/wp-json\/wp\/v2\/product"}],"about":[{"href":"https:\/\/www.elementvape.de\/pt\/wp-json\/wp\/v2\/types\/product"}],"wp:featuredmedia":[{"embeddable":true,"href":"https:\/\/www.elementvape.de\/pt\/wp-json\/wp\/v2\/media\/15386"}],"wp:attachment":[{"href":"https:\/\/www.elementvape.de\/pt\/wp-json\/wp\/v2\/media?parent=15385"}],"wp:term":[{"taxonomy":"product_cat","embeddable":true,"href":"https:\/\/www.elementvape.de\/pt\/wp-json\/wp\/v2\/product_cat?post=15385"},{"taxonomy":"product_tag","embeddable":true,"href":"https:\/\/www.elementvape.de\/pt\/wp-json\/wp\/v2\/product_tag?post=15385"}],"curies":[{"name":"wp","href":"https:\/\/api.w.org\/{rel}","templated":true}]}}