{"id":14605,"date":"2024-09-24T07:41:05","date_gmt":"2024-09-24T07:41:05","guid":{"rendered":"https:\/\/www.elementvape.de\/?post_type=product&#038;p=14605"},"modified":"2024-10-09T07:27:02","modified_gmt":"2024-10-09T07:27:02","slug":"erleben-sie-die-geheimnisvolle-frische-von-mr-blue-bang-tn12000-puffs-einweg-e-zigarette-mit-12000-zuegen-intensiver-beerenaromen","status":"publish","type":"product","link":"https:\/\/www.elementvape.de\/pt\/produkt\/erleben-sie-die-geheimnisvolle-frische-von-mr-blue-bang-tn12000-puffs-einweg-e-zigarette-mit-12000-zuegen-intensiver-beerenaromen\/","title":{"rendered":"Experimente a frescura misteriosa do MR BLUE BANG TN12000 PUFFS Cigarro Eletr\u00f3nico Descart\u00e1vel com 12000 puffs de aromas intensos de frutos silvestres"},"content":{"rendered":"<h3>1. Experi\u00eancia de Vaping Inconfund\u00edvel com MR BLUE BANG TN12000 PUFFS<\/h3>\n<p>O cigarro eletr\u00f3nico descart\u00e1vel MR BLUE BANG TN12000 PUFFS oferece-lhe <strong><a href=\"https:\/\/www.elementvape.de\/pt\/p-tag\/groesser-oder-gleich-12000-zuege\/\" target=\"_blank\" rel=\"noopener\">12000 puxadas<\/a><\/strong> aromas intensos de frutos silvestres, que revelam uma frescura misteriosa em cada vaporiza\u00e7\u00e3o. Esta mistura de v\u00e1rios frutos silvestres proporciona uma experi\u00eancia de sabor rica e multifacetada, que varia do doce ao refrescante.<\/p>\n<p>Gra\u00e7as \u00e0 combina\u00e7\u00e3o perfeitamente equilibrada de aromas de frutos silvestres, incluindo mirtilos, framboesas e amoras, desfruta com cada inala\u00e7\u00e3o de toda a for\u00e7a da natureza. A nota fresca proporciona um acabamento refrescante, que revigora os seus sentidos e completa o prazer \u2013 ideal para qualquer vaper que procure frescura frutada.<\/p>\n<hr \/>\n<h3>2. Especifica\u00e7\u00f5es t\u00e9cnicas para um prazer duradouro<\/h3>\n<table>\n<thead>\n<tr>\n<th>Dados t\u00e9cnicos<\/th>\n<th>Detalhes<\/th>\n<\/tr>\n<\/thead>\n<tbody>\n<tr>\n<td>Bateria<\/td>\n<td>650mAh (18250)<\/td>\n<\/tr>\n<tr>\n<td>Capacidade de L\u00edquido Eletr\u00f3nico<\/td>\n<td>22ml<\/td>\n<\/tr>\n<tr>\n<td>Puffs<\/td>\n<td>12.000<\/td>\n<\/tr>\n<tr>\n<td>Bobinas<\/td>\n<td>Bobina de malha de 1.0 Ohm<\/td>\n<\/tr>\n<tr>\n<td>Conector de Carregamento<\/td>\n<td>Type-C<\/td>\n<\/tr>\n<tr>\n<td>Conte\u00fado de N<\/td>\n<td>2%, 5%<\/td>\n<\/tr>\n<tr>\n<td>Material<\/td>\n<td>PC<\/td>\n<\/tr>\n<tr>\n<td>Unidade de embalagem<\/td>\n<td>1 embalagem (10 unidades)<\/td>\n<\/tr>\n<\/tbody>\n<\/table>\n<p>O MR BLUE BANG TN<strong><a href=\"https:\/\/www.elementvape.de\/pt\/p-tag\/groesser-oder-gleich-12000-zuege\/\" target=\"_blank\" rel=\"noopener\">12000 TRAGADAS<\/a><\/strong> n\u00e3o \u00e9 apenas convincente em termos de sabor, mas tamb\u00e9m tecnicamente do mais alto n\u00edvel. Equipado com uma bateria de 650mAh, oferece capacidade suficiente para uma experi\u00eancia de vaping longa e cont\u00ednua. A bobina de malha de 1.0 Ohm garante uma vaporiza\u00e7\u00e3o uniforme do e-l\u00edquido de 22ml, criando assim nuvens densas e um sabor intenso.<\/p>\n<p>A porta de carregamento Type-C garante que o carregamento seja r\u00e1pido e descomplicado. Com uma sele\u00e7\u00e3o de teor de N entre 2% e 5%, tem tamb\u00e9m a possibilidade de personalizar a sua experi\u00eancia de vaping individualmente. O material de PC robusto confere ao dispositivo uma elevada resist\u00eancia.<img loading=\"lazy\" decoding=\"async\" class=\"alignnone size-medium wp-image-14586\" src=\"https:\/\/www.elementvape.de\/wp-content\/uploads\/2024\/09\/mmexport1703904077212-300x186.png\" alt=\"\" width=\"300\" height=\"186\" srcset=\"https:\/\/www.elementvape.de\/wp-content\/uploads\/2024\/09\/mmexport1703904077212-300x186.png 300w, https:\/\/www.elementvape.de\/wp-content\/uploads\/2024\/09\/mmexport1703904077212-1024x636.png 1024w, https:\/\/www.elementvape.de\/wp-content\/uploads\/2024\/09\/mmexport1703904077212-768x477.png 768w, https:\/\/www.elementvape.de\/wp-content\/uploads\/2024\/09\/mmexport1703904077212-600x372.png 600w, https:\/\/www.elementvape.de\/wp-content\/uploads\/2024\/09\/mmexport1703904077212.png 1242w\" sizes=\"(max-width: 300px) 100vw, 300px\" \/><\/p>\n<h3>Facilidade de utiliza\u00e7\u00e3o e experi\u00eancia de sabor<\/h3>\n<p>Com o MR BLUE BANG TN12000 PUFFS pode desfrutar do vaping sem qualquer esfor\u00e7o. Gra\u00e7as \u00e0 fun\u00e7\u00e3o descart\u00e1vel, est\u00e1 <strong><a href=\"https:\/\/www.elementvape.de\/pt\/\" target=\"_blank\" rel=\"noopener\">Cigarro eletr\u00f3nico<\/a><\/strong> imediatamente pronto a usar \u2013 sem reabastecimento, sem manuten\u00e7\u00e3o, sem complica\u00e7\u00f5es. Basta desembalar e come\u00e7ar a vaporizar! Isto torna-o ideal para viagens ou para utilizadores que procuram uma experi\u00eancia de vaping descomplicada, mas de alta qualidade.<\/p>\n<p>Em termos de sabor, a mistura de aromas de frutos silvestres oferece uma experi\u00eancia de vaping refrescante e doce. Cada inala\u00e7\u00e3o traz \u00e0 tona a frescura frutada dos mirtilos e outros frutos silvestres, enquanto a frescura gelada proporciona o toque especial. Este dispositivo \u00e9 perfeito para todos aqueles que desejam experimentar aromas intensos num design de f\u00e1cil utiliza\u00e7\u00e3o.<\/p>","protected":false},"excerpt":{"rendered":"<p>Experi\u00eancia de vaping inconfund\u00edvel com MR BLUE BANG TN12000 PUFFS A MR BLUE BANG TN12000 PUFFS isqueiro eletr\u00f4nico descart\u00e1vel oferece-lhe 12000 tragos repletos de intensos sabores de frutos silvestres, que revelam uma frescura misteriosa a cada tragada. Esta mistura de diferentes frutos silvestres proporciona uma experi\u00eancia de sabor rica e complexa, que vai do doce ao revigorante. Gra\u00e7as \u00e0 combina\u00e7\u00e3o perfeitamente equilibrada de [\u2026]<\/p>","protected":false},"featured_media":14588,"template":"","meta":{"inline_featured_image":false},"product_cat":[15,728,739,743,744,755,738,751],"product_tag":[710,673],"tiered_pricing_type":"fixed","tiered_pricing_fixed_rules":{"60":"6.58","110":"5.85","200":"5.12"},"tiered_pricing_percentage_rules":[],"tiered_pricing_minimum":1,"_administrator_tiered_pricing_type":"fixed","_administrator_tiered_pricing_fixed_rules":[],"_editor_tiered_pricing_type":"fixed","_editor_tiered_pricing_fixed_rules":[],"_author_tiered_pricing_type":"fixed","_author_tiered_pricing_fixed_rules":[],"_contributor_tiered_pricing_type":"fixed","_contributor_tiered_pricing_fixed_rules":[],"_subscriber_tiered_pricing_type":"fixed","_subscriber_tiered_pricing_fixed_rules":[],"_customer_tiered_pricing_type":"fixed","_customer_tiered_pricing_fixed_rules":[],"_shop_manager_tiered_pricing_type":"fixed","_shop_manager_tiered_pricing_fixed_rules":[],"_wpseo_manager_tiered_pricing_type":"fixed","_wpseo_manager_tiered_pricing_fixed_rules":[],"_wpseo_editor_tiered_pricing_type":"fixed","_wpseo_editor_tiered_pricing_fixed_rules":[],"_wholesale_customer_tiered_pricing_type":"fixed","_wholesale_customer_tiered_pricing_fixed_rules":[],"_marketer_tiered_pricing_type":"fixed","_marketer_tiered_pricing_fixed_rules":[],"_sales_manager_tiered_pricing_type":"fixed","_sales_manager_tiered_pricing_fixed_rules":[],"_sales_rep_tiered_pricing_type":"fixed","_sales_rep_tiered_pricing_fixed_rules":[],"yoast_head":"<!-- This site is optimized with the Yoast SEO plugin v23.3 - https:\/\/yoast.com\/wordpress\/plugins\/seo\/ -->\n<title>Erleben Sie die geheimnisvolle Frische von MR BLUE BANG TN12000 PUFFS Einweg-E-Zigarette mit 12000 Z\u00fcgen intensiver Beerenaromen | ElementVape.de<\/title>\n<meta name=\"description\" content=\"Wir bieten Erleben Sie die geheimnisvolle Frische von MR BLUE BANG TN12000 PUFFS Einweg-E-Zigarette mit 12000 Z\u00fcgen intensiver Beerenaromen , Elementvape.de akzeptieren Gro\u00df-und Einzelhandel Bestellungen.\" \/>\n<meta name=\"robots\" content=\"index, follow, max-snippet:-1, max-image-preview:large, max-video-preview:-1\" \/>\n<link rel=\"canonical\" href=\"https:\/\/www.elementvape.de\/pt\/produkt\/erleben-sie-die-geheimnisvolle-frische-von-mr-blue-bang-tn12000-puffs-einweg-e-zigarette-mit-12000-zuegen-intensiver-beerenaromen\/\" \/>\n<meta property=\"og:locale\" content=\"pt_PT\" \/>\n<meta property=\"og:type\" content=\"article\" \/>\n<meta property=\"og:title\" content=\"Erleben Sie die geheimnisvolle Frische von MR BLUE BANG TN12000 PUFFS Einweg-E-Zigarette mit 12000 Z\u00fcgen intensiver Beerenaromen | ElementVape.de\" \/>\n<meta property=\"og:description\" content=\"Wir bieten Erleben Sie die geheimnisvolle Frische von MR BLUE BANG TN12000 PUFFS Einweg-E-Zigarette mit 12000 Z\u00fcgen intensiver Beerenaromen , Elementvape.de akzeptieren Gro\u00df-und Einzelhandel Bestellungen.\" \/>\n<meta property=\"og:url\" content=\"https:\/\/www.elementvape.de\/pt\/produkt\/erleben-sie-die-geheimnisvolle-frische-von-mr-blue-bang-tn12000-puffs-einweg-e-zigarette-mit-12000-zuegen-intensiver-beerenaromen\/\" \/>\n<meta property=\"og:site_name\" content=\"ElementVape.de\" \/>\n<meta property=\"article:modified_time\" content=\"2024-10-09T07:27:02+00:00\" \/>\n<meta property=\"og:image\" content=\"https:\/\/www.elementvape.de\/wp-content\/uploads\/2024\/09\/Mr-Blue-scaled.jpg\" \/>\n\t<meta property=\"og:image:width\" content=\"2560\" \/>\n\t<meta property=\"og:image:height\" content=\"1898\" \/>\n\t<meta property=\"og:image:type\" content=\"image\/jpeg\" \/>\n<meta name=\"twitter:card\" content=\"summary_large_image\" \/>\n<meta name=\"twitter:label1\" content=\"Est. reading time\" \/>\n\t<meta name=\"twitter:data1\" content=\"3 minutos\" \/>\n<script type=\"application\/ld+json\" class=\"yoast-schema-graph\">{\"@context\":\"https:\/\/schema.org\",\"@graph\":[{\"@type\":\"WebPage\",\"@id\":\"https:\/\/www.elementvape.de\/da\/produkt\/erleben-sie-die-geheimnisvolle-frische-von-mr-blue-bang-tn12000-puffs-einweg-e-zigarette-mit-12000-zuegen-intensiver-beerenaromen\/\",\"url\":\"https:\/\/www.elementvape.de\/da\/produkt\/erleben-sie-die-geheimnisvolle-frische-von-mr-blue-bang-tn12000-puffs-einweg-e-zigarette-mit-12000-zuegen-intensiver-beerenaromen\/\",\"name\":\"Erleben Sie die geheimnisvolle Frische von MR BLUE BANG TN12000 PUFFS Einweg-E-Zigarette mit 12000 Z\u00fcgen intensiver Beerenaromen | ElementVape.de\",\"isPartOf\":{\"@id\":\"https:\/\/www.elementvape.de\/#website\"},\"primaryImageOfPage\":{\"@id\":\"https:\/\/www.elementvape.de\/da\/produkt\/erleben-sie-die-geheimnisvolle-frische-von-mr-blue-bang-tn12000-puffs-einweg-e-zigarette-mit-12000-zuegen-intensiver-beerenaromen\/#primaryimage\"},\"image\":{\"@id\":\"https:\/\/www.elementvape.de\/da\/produkt\/erleben-sie-die-geheimnisvolle-frische-von-mr-blue-bang-tn12000-puffs-einweg-e-zigarette-mit-12000-zuegen-intensiver-beerenaromen\/#primaryimage\"},\"thumbnailUrl\":\"https:\/\/www.elementvape.de\/wp-content\/uploads\/2024\/09\/Mr-Blue-scaled.jpg\",\"datePublished\":\"2024-09-24T07:41:05+00:00\",\"dateModified\":\"2024-10-09T07:27:02+00:00\",\"description\":\"Wir bieten Erleben Sie die geheimnisvolle Frische von MR BLUE BANG TN12000 PUFFS Einweg-E-Zigarette mit 12000 Z\u00fcgen intensiver Beerenaromen , Elementvape.de akzeptieren Gro\u00df-und Einzelhandel Bestellungen.\",\"breadcrumb\":{\"@id\":\"https:\/\/www.elementvape.de\/da\/produkt\/erleben-sie-die-geheimnisvolle-frische-von-mr-blue-bang-tn12000-puffs-einweg-e-zigarette-mit-12000-zuegen-intensiver-beerenaromen\/#breadcrumb\"},\"inLanguage\":\"pt-PT\",\"potentialAction\":[{\"@type\":\"ReadAction\",\"target\":[\"https:\/\/www.elementvape.de\/da\/produkt\/erleben-sie-die-geheimnisvolle-frische-von-mr-blue-bang-tn12000-puffs-einweg-e-zigarette-mit-12000-zuegen-intensiver-beerenaromen\/\"]}]},{\"@type\":\"ImageObject\",\"inLanguage\":\"pt-PT\",\"@id\":\"https:\/\/www.elementvape.de\/da\/produkt\/erleben-sie-die-geheimnisvolle-frische-von-mr-blue-bang-tn12000-puffs-einweg-e-zigarette-mit-12000-zuegen-intensiver-beerenaromen\/#primaryimage\",\"url\":\"https:\/\/www.elementvape.de\/wp-content\/uploads\/2024\/09\/Mr-Blue-scaled.jpg\",\"contentUrl\":\"https:\/\/www.elementvape.de\/wp-content\/uploads\/2024\/09\/Mr-Blue-scaled.jpg\",\"width\":2560,\"height\":1898,\"caption\":\"Mr Blue\"},{\"@type\":\"BreadcrumbList\",\"@id\":\"https:\/\/www.elementvape.de\/da\/produkt\/erleben-sie-die-geheimnisvolle-frische-von-mr-blue-bang-tn12000-puffs-einweg-e-zigarette-mit-12000-zuegen-intensiver-beerenaromen\/#breadcrumb\",\"itemListElement\":[{\"@type\":\"ListItem\",\"position\":1,\"name\":\"Home\",\"item\":\"https:\/\/www.elementvape.de\/\"},{\"@type\":\"ListItem\",\"position\":2,\"name\":\"Shop\",\"item\":\"https:\/\/www.elementvape.de\/shop\/\"},{\"@type\":\"ListItem\",\"position\":3,\"name\":\"Erleben Sie die geheimnisvolle Frische von MR BLUE BANG TN12000 PUFFS Einweg-E-Zigarette mit 12000 Z\u00fcgen intensiver Beerenaromen\"}]},{\"@type\":\"WebSite\",\"@id\":\"https:\/\/www.elementvape.de\/#website\",\"url\":\"https:\/\/www.elementvape.de\/\",\"name\":\"ElementVape.de\",\"description\":\"\",\"publisher\":{\"@id\":\"https:\/\/www.elementvape.de\/#organization\"},\"potentialAction\":[{\"@type\":\"SearchAction\",\"target\":{\"@type\":\"EntryPoint\",\"urlTemplate\":\"https:\/\/www.elementvape.de\/?s={search_term_string}\"},\"query-input\":\"required name=search_term_string\"}],\"inLanguage\":\"pt-PT\"},{\"@type\":\"Organization\",\"@id\":\"https:\/\/www.elementvape.de\/#organization\",\"name\":\"ElementVape.DE\",\"url\":\"https:\/\/www.elementvape.de\/\",\"logo\":{\"@type\":\"ImageObject\",\"inLanguage\":\"pt-PT\",\"@id\":\"https:\/\/www.elementvape.de\/#\/schema\/logo\/image\/\",\"url\":\"https:\/\/www.elementvape.de\/wp-content\/uploads\/2024\/09\/cropped-1elementvape-3.png\",\"contentUrl\":\"https:\/\/www.elementvape.de\/wp-content\/uploads\/2024\/09\/cropped-1elementvape-3.png\",\"width\":285,\"height\":228,\"caption\":\"ElementVape.DE\"},\"image\":{\"@id\":\"https:\/\/www.elementvape.de\/#\/schema\/logo\/image\/\"}}]}<\/script>\n<!-- \/ Yoast SEO plugin. -->","yoast_head_json":{"title":"Erleben Sie die geheimnisvolle Frische von MR BLUE BANG TN12000 PUFFS Einweg-E-Zigarette mit 12000 Z\u00fcgen intensiver Beerenaromen | ElementVape.de","description":"Wir bieten Erleben Sie die geheimnisvolle Frische von MR BLUE BANG TN12000 PUFFS Einweg-E-Zigarette mit 12000 Z\u00fcgen intensiver Beerenaromen , Elementvape.de akzeptieren Gro\u00df-und Einzelhandel Bestellungen.","robots":{"index":"index","follow":"follow","max-snippet":"max-snippet:-1","max-image-preview":"max-image-preview:large","max-video-preview":"max-video-preview:-1"},"canonical":"https:\/\/www.elementvape.de\/pt\/produkt\/erleben-sie-die-geheimnisvolle-frische-von-mr-blue-bang-tn12000-puffs-einweg-e-zigarette-mit-12000-zuegen-intensiver-beerenaromen\/","og_locale":"pt_PT","og_type":"article","og_title":"Erleben Sie die geheimnisvolle Frische von MR BLUE BANG TN12000 PUFFS Einweg-E-Zigarette mit 12000 Z\u00fcgen intensiver Beerenaromen | ElementVape.de","og_description":"Wir bieten Erleben Sie die geheimnisvolle Frische von MR BLUE BANG TN12000 PUFFS Einweg-E-Zigarette mit 12000 Z\u00fcgen intensiver Beerenaromen , Elementvape.de akzeptieren Gro\u00df-und Einzelhandel Bestellungen.","og_url":"https:\/\/www.elementvape.de\/pt\/produkt\/erleben-sie-die-geheimnisvolle-frische-von-mr-blue-bang-tn12000-puffs-einweg-e-zigarette-mit-12000-zuegen-intensiver-beerenaromen\/","og_site_name":"ElementVape.de","article_modified_time":"2024-10-09T07:27:02+00:00","og_image":[{"width":2560,"height":1898,"url":"https:\/\/www.elementvape.de\/wp-content\/uploads\/2024\/09\/Mr-Blue-scaled.jpg","type":"image\/jpeg"}],"twitter_card":"summary_large_image","twitter_misc":{"Est. reading time":"3 minutos"},"schema":{"@context":"https:\/\/schema.org","@graph":[{"@type":"WebPage","@id":"https:\/\/www.elementvape.de\/da\/produkt\/erleben-sie-die-geheimnisvolle-frische-von-mr-blue-bang-tn12000-puffs-einweg-e-zigarette-mit-12000-zuegen-intensiver-beerenaromen\/","url":"https:\/\/www.elementvape.de\/da\/produkt\/erleben-sie-die-geheimnisvolle-frische-von-mr-blue-bang-tn12000-puffs-einweg-e-zigarette-mit-12000-zuegen-intensiver-beerenaromen\/","name":"Erleben Sie die geheimnisvolle Frische von MR BLUE BANG TN12000 PUFFS Einweg-E-Zigarette mit 12000 Z\u00fcgen intensiver Beerenaromen | ElementVape.de","isPartOf":{"@id":"https:\/\/www.elementvape.de\/#website"},"primaryImageOfPage":{"@id":"https:\/\/www.elementvape.de\/da\/produkt\/erleben-sie-die-geheimnisvolle-frische-von-mr-blue-bang-tn12000-puffs-einweg-e-zigarette-mit-12000-zuegen-intensiver-beerenaromen\/#primaryimage"},"image":{"@id":"https:\/\/www.elementvape.de\/da\/produkt\/erleben-sie-die-geheimnisvolle-frische-von-mr-blue-bang-tn12000-puffs-einweg-e-zigarette-mit-12000-zuegen-intensiver-beerenaromen\/#primaryimage"},"thumbnailUrl":"https:\/\/www.elementvape.de\/wp-content\/uploads\/2024\/09\/Mr-Blue-scaled.jpg","datePublished":"2024-09-24T07:41:05+00:00","dateModified":"2024-10-09T07:27:02+00:00","description":"Wir bieten Erleben Sie die geheimnisvolle Frische von MR BLUE BANG TN12000 PUFFS Einweg-E-Zigarette mit 12000 Z\u00fcgen intensiver Beerenaromen , Elementvape.de akzeptieren Gro\u00df-und Einzelhandel Bestellungen.","breadcrumb":{"@id":"https:\/\/www.elementvape.de\/da\/produkt\/erleben-sie-die-geheimnisvolle-frische-von-mr-blue-bang-tn12000-puffs-einweg-e-zigarette-mit-12000-zuegen-intensiver-beerenaromen\/#breadcrumb"},"inLanguage":"pt-PT","potentialAction":[{"@type":"ReadAction","target":["https:\/\/www.elementvape.de\/da\/produkt\/erleben-sie-die-geheimnisvolle-frische-von-mr-blue-bang-tn12000-puffs-einweg-e-zigarette-mit-12000-zuegen-intensiver-beerenaromen\/"]}]},{"@type":"ImageObject","inLanguage":"pt-PT","@id":"https:\/\/www.elementvape.de\/da\/produkt\/erleben-sie-die-geheimnisvolle-frische-von-mr-blue-bang-tn12000-puffs-einweg-e-zigarette-mit-12000-zuegen-intensiver-beerenaromen\/#primaryimage","url":"https:\/\/www.elementvape.de\/wp-content\/uploads\/2024\/09\/Mr-Blue-scaled.jpg","contentUrl":"https:\/\/www.elementvape.de\/wp-content\/uploads\/2024\/09\/Mr-Blue-scaled.jpg","width":2560,"height":1898,"caption":"Mr Blue"},{"@type":"BreadcrumbList","@id":"https:\/\/www.elementvape.de\/da\/produkt\/erleben-sie-die-geheimnisvolle-frische-von-mr-blue-bang-tn12000-puffs-einweg-e-zigarette-mit-12000-zuegen-intensiver-beerenaromen\/#breadcrumb","itemListElement":[{"@type":"ListItem","position":1,"name":"Home","item":"https:\/\/www.elementvape.de\/"},{"@type":"ListItem","position":2,"name":"Shop","item":"https:\/\/www.elementvape.de\/shop\/"},{"@type":"ListItem","position":3,"name":"Erleben Sie die geheimnisvolle Frische von MR BLUE BANG TN12000 PUFFS Einweg-E-Zigarette mit 12000 Z\u00fcgen intensiver Beerenaromen"}]},{"@type":"WebSite","@id":"https:\/\/www.elementvape.de\/#website","url":"https:\/\/www.elementvape.de\/","name":"ElementVape.de","description":"","publisher":{"@id":"https:\/\/www.elementvape.de\/#organization"},"potentialAction":[{"@type":"SearchAction","target":{"@type":"EntryPoint","urlTemplate":"https:\/\/www.elementvape.de\/?s={search_term_string}"},"query-input":"required name=search_term_string"}],"inLanguage":"pt-PT"},{"@type":"Organization","@id":"https:\/\/www.elementvape.de\/#organization","name":"ElementVape.DE","url":"https:\/\/www.elementvape.de\/","logo":{"@type":"ImageObject","inLanguage":"pt-PT","@id":"https:\/\/www.elementvape.de\/#\/schema\/logo\/image\/","url":"https:\/\/www.elementvape.de\/wp-content\/uploads\/2024\/09\/cropped-1elementvape-3.png","contentUrl":"https:\/\/www.elementvape.de\/wp-content\/uploads\/2024\/09\/cropped-1elementvape-3.png","width":285,"height":228,"caption":"ElementVape.DE"},"image":{"@id":"https:\/\/www.elementvape.de\/#\/schema\/logo\/image\/"}}]}},"_links":{"self":[{"href":"https:\/\/www.elementvape.de\/pt\/wp-json\/wp\/v2\/product\/14605"}],"collection":[{"href":"https:\/\/www.elementvape.de\/pt\/wp-json\/wp\/v2\/product"}],"about":[{"href":"https:\/\/www.elementvape.de\/pt\/wp-json\/wp\/v2\/types\/product"}],"wp:featuredmedia":[{"embeddable":true,"href":"https:\/\/www.elementvape.de\/pt\/wp-json\/wp\/v2\/media\/14588"}],"wp:attachment":[{"href":"https:\/\/www.elementvape.de\/pt\/wp-json\/wp\/v2\/media?parent=14605"}],"wp:term":[{"taxonomy":"product_cat","embeddable":true,"href":"https:\/\/www.elementvape.de\/pt\/wp-json\/wp\/v2\/product_cat?post=14605"},{"taxonomy":"product_tag","embeddable":true,"href":"https:\/\/www.elementvape.de\/pt\/wp-json\/wp\/v2\/product_tag?post=14605"}],"curies":[{"name":"wp","href":"https:\/\/api.w.org\/{rel}","templated":true}]}}