{"id":14571,"date":"2024-09-23T07:08:12","date_gmt":"2024-09-23T07:08:12","guid":{"rendered":"https:\/\/www.elementvape.de\/?post_type=product&#038;p=14571"},"modified":"2024-10-10T02:19:33","modified_gmt":"2024-10-10T02:19:33","slug":"royal-grape-bang-15000-puffs-ist-eine-wahre-hommage-an-die-koenigliche-frucht-geniessen-sie-das-volle-aroma-in-jedem-zug","status":"publish","type":"product","link":"https:\/\/www.elementvape.de\/pt\/produkt\/royal-grape-bang-15000-puffs-ist-eine-wahre-hommage-an-die-koenigliche-frucht-geniessen-sie-das-volle-aroma-in-jedem-zug\/","title":{"rendered":"Royal Grape Bang 15000 Puffs \u00e9 uma verdadeira homenagem \u00e0 uva real, desfrute do aroma completo a cada tragada"},"content":{"rendered":"<h2>Royal Grape Bang 15000 Puffs Uma homenagem \u00e0 fruta real<\/h2>\n<p>O vaping tem ganho cada vez mais popularidade nos \u00faltimos anos e o mundo da comunidade de vapers est\u00e1 em constante evolu\u00e7\u00e3o. Para muitos vapers, o sabor desempenha um papel crucial na escolha dos seus dispositivos. E quando se trata de experi\u00eancias de sabor, o Royal Grape Bang 15000 Puffs Recarreg\u00e1vel Descart\u00e1vel <strong><a href=\"https:\/\/www.elementvape.de\/pt\/c\/pod\/\" target=\"_blank\" rel=\"noopener\">Pod<\/a><\/strong> tem muito para oferecer. Este produto combina aromas frutados com tecnologia avan\u00e7ada e oferece aos vapers uma experi\u00eancia real em todos os aspetos.<\/p>\n<h3>Uma viagem gustativa ao mundo das uvas<\/h3>\n<p>As uvas, especialmente na sua forma madura e encorpada, t\u00eam algo de sublime e majestoso. N\u00e3o \u00e9 por acaso que s\u00e3o referidas como a \u201cfruta real\u201d. H\u00e1 s\u00e9culos que s\u00e3o um s\u00edmbolo de prosperidade e luxo e s\u00e3o frequentemente associadas a vinhos requintados e deliciosas sobremesas. O Royal Grape Bang 15000 Puffs capta precisamente estas associa\u00e7\u00f5es e oferece um sabor que honra esta tradi\u00e7\u00e3o.<\/p>\n<h4>Autenticidade do sabor<\/h4>\n<p>Ao vaporizar o Royal Grape Bang, torna-se imediatamente claro que se trata de um produto premium. O sabor \u00e9 aut\u00eantico e<\/p>\n<p><img loading=\"lazy\" decoding=\"async\" class=\"wp-image-14537 alignright\" src=\"https:\/\/www.elementvape.de\/wp-content\/uploads\/2024\/09\/mmexport1705987082905-300x250.jpg\" alt=\"\" width=\"504\" height=\"420\" srcset=\"https:\/\/www.elementvape.de\/wp-content\/uploads\/2024\/09\/mmexport1705987082905-300x250.jpg 300w, https:\/\/www.elementvape.de\/wp-content\/uploads\/2024\/09\/mmexport1705987082905-1024x853.jpg 1024w, https:\/\/www.elementvape.de\/wp-content\/uploads\/2024\/09\/mmexport1705987082905-768x640.jpg 768w, https:\/\/www.elementvape.de\/wp-content\/uploads\/2024\/09\/mmexport1705987082905-600x500.jpg 600w, https:\/\/www.elementvape.de\/wp-content\/uploads\/2024\/09\/mmexport1705987082905.jpg 1296w\" sizes=\"(max-width: 504px) 100vw, 504px\" \/><\/p>\n<p>lembra uvas frescas e suculentas. Este sabor natural e intenso destaca-se claramente das alternativas com sabor artificial que s\u00e3o frequentemente encontradas no mundo do vaping.<\/p>\n<p>ind. O equil\u00edbrio entre do\u00e7ura e frescura \u00e9 excelente, de modo que o <strong><a href=\"https:\/\/www.elementvape.de\/pt\/\" target=\"_blank\" rel=\"noopener\">vaporiza\u00e7\u00e3o<\/a><\/strong> n\u00e3o \u00e9 apenas delicioso, mas tamb\u00e9m refrescante.<\/p>\n<p>Os aromas desdobram-se a cada vaporiza\u00e7\u00e3o e criam uma mistura \u00fanica de frutado e profundidade. A do\u00e7ura natural da uva \u00e9 complementada por notas finas e amargas que completam a experi\u00eancia de vaping e tornam o produto um favorito para os amantes de sabores frutados.<\/p>\n<p>A uva n\u00e3o \u00e9 de forma alguma nova no mundo dos aromas. Tem o seu lugar fixo na paleta de aromas frutados para vaping, mas o Royal Grape Bang <strong><a href=\"https:\/\/www.elementvape.de\/pt\/p-tag\/groesser-oder-gleich-15000-zuege\/\" target=\"_blank\" rel=\"noopener\">15000 bafagens<\/a><\/strong> vai al\u00e9m. A qualidade dos aromas utilizados reflete o cuidado com que este produto foi desenvolvido. N\u00e3o \u00e9 apenas mais um vape de uva \u2013 \u00e9 uma homenagem \u00e0 uva como uma joia gustativa.<\/p>\n<p>Os aromas de uva sempre foram populares, pois s\u00e3o vers\u00e1teis e oferecem componentes doces e frescos. O Royal Grape Bang estabelece, no entanto, novos padr\u00f5es, explorando ao m\u00e1ximo o potencial deste aroma e elevando-o a um novo n\u00edvel. Este Pod traz o sabor de uvas maduras numa forma intensa e duradoura, sem parecer artificial.<\/p>\n<h3>Especifica\u00e7\u00f5es t\u00e9cnicas: Um desempenho impressionante<\/h3>\n<p>O sabor por si s\u00f3 n\u00e3o \u00e9 suficiente para criar um produto de vape da mais alta qualidade. Tamb\u00e9m depende da t\u00e9cnica, e neste aspeto o Royal Grape Bang 15000 Puffs impressiona em toda a linha.<\/p>\n<ul>\n<li>N\u00famero do modelo: Bang 15000 Puffs Recarreg\u00e1vel Pod descart\u00e1vel<\/li>\n<li>Capacidade de E-Liquid: 23 ml<\/li>\n<li>Conte\u00fado de N: 2% e 5%<\/li>\n<li>Bateria: 650 mAh, recarreg\u00e1vel<\/li>\n<li>N\u00famero de puffs: At\u00e9 15.000 puffs<\/li>\n<li>Conector de carregamento: Type-C<\/li>\n<li>Resist\u00eancia: 1,1 Ohm<\/li>\n<\/ul>\n<p>Estas especifica\u00e7\u00f5es mostram que se trata de um produto projetado para durabilidade e facilidade de utiliza\u00e7\u00e3o. Com um n\u00famero de vaporiza\u00e7\u00f5es de at\u00e9 15000, o Royal Grape Bang \u00e9 um dos dispositivos mais potentes do mercado. Isto significa que o utilizador pode desfrutar da experi\u00eancia de sabor completa durante um per\u00edodo de tempo mais longo, sem ter de se preocupar com o facto de o Pod ficar vazio demasiado depressa.<\/p>\n<h4>Capacidade de E-Liquid e teor de N<\/h4>\n<p>Com uma capacidade de E-Liquid de 23 ml, o Royal Grape Bang oferece uma quantidade impressionante de l\u00edquido, que \u00e9 suficiente para muitas horas de prazer de vaporiza\u00e7\u00e3o. O teor de N de 2% e 5% tornam o produto flex\u00edvel e atraente para um p\u00fablico-alvo amplo. Os utilizadores podem selecionar o teor de N adequado, dependendo das suas prefer\u00eancias e h\u00e1bitos, o que \u00e9 t\u00e3o importante para iniciantes como para utilizadores experientes <strong><a href=\"https:\/\/www.elementvape.de\/pt\/\" target=\"_blank\" rel=\"noopener\">vaporista<\/a><\/strong>, que conhecem exatamente o seu teor de N.<\/p>\n<p>Uma bateria recarreg\u00e1vel com capacidade de 650 mAh garante que a Royal Grape Bang dure bastante mesmo com uso intensivo. A vantagem de uma bateria recarreg\u00e1vel \u00e9 evidente: n\u00e3o precisa comprar novos pods assim que a bateria estiver descarregada, basta usar a porta Type-C para recarregar o dispositivo de forma r\u00e1pida e simples.<\/p>\n<p>A porta Type-C oferece, em compara\u00e7\u00e3o com as antigas portas Micro-USB, um tempo de carregamento mais r\u00e1pido e eficiente, o que \u00e9 especialmente pr\u00e1tico quando utiliza o dispositivo em movimento. O tempo de carga \u00e9 significativamente reduzido, permitindo-lhe passar menos tempo sem o seu dispositivo e desfrutar mais rapidamente do sabor real de uva real.<\/p>\n<h4>Resist\u00eancia e Bobina Mesh<\/h4>\n<p>Com uma resist\u00eancia de 1,1 Ohm e uma bobina Mesh, a Royal Grape Bang proporciona uma produ\u00e7\u00e3o de vapor uniforme e constante. As bobinas Mesh s\u00e3o conhecidas por oferecerem uma maior superf\u00edcie para vaporizar o e-l\u00edquido, resultando num sabor mais intenso e uniforme. Isto \u00e9 especialmente importante para aromas frutados como a uva, que muitas vezes beneficiam de temperaturas mais elevadas para revelar todas as suas nuances de sabor.<\/p>\n<p>A superioridade t\u00e9cnica da Royal Grape Bang 15000 Puffs n\u00e3o teria muito valor se n\u00e3o proporcionasse uma excelente experi\u00eancia ao utilizador. Felizmente, este produto n\u00e3o s\u00f3 possui especifica\u00e7\u00f5es robustas no papel, mas tamb\u00e9m oferece na pr\u00e1tica uma experi\u00eancia de vaping de primeira classe.<\/p>\n<p>O design ergon\u00f3mico da Royal Grape Bang garante que o dispositivo seja confort\u00e1vel de segurar e f\u00e1cil de usar. A sua forma elegante e compacta torna-o ideal para transporte, podendo lev\u00e1-lo facilmente na carteira. Seja em movimento ou a relaxar em casa \u2013 a Royal Grape Bang \u00e9 sempre uma companheira fiel, oferecendo um prazer real de rei.<\/p>\n<h4>Sabor duradouro<\/h4>\n<p>Outro destaque deste produto \u00e9 a consist\u00eancia do sabor ao longo de toda a vida \u00fatil do pod. Muitos vapers j\u00e1 experimentaram que o sabor diminui com o tempo em outros produtos. Isto n\u00e3o acontece com a Royal Grape Bang. Gra\u00e7as \u00e0 bobina Mesh de alta qualidade e \u00e0 capacidade otimizada de e-l\u00edquido, o sabor permanece intenso e uniforme desde a primeira at\u00e9 \u00e0 \u00faltima inala\u00e7\u00e3o.<\/p>\n<p>Para al\u00e9m do sabor, o volume de vapor tamb\u00e9m \u00e9 um fator importante no vaping. A Royal Grape Bang oferece, gra\u00e7as \u00e0 sua tecnologia avan\u00e7ada, uma produ\u00e7\u00e3o de vapor impressionante. Cada puxada fornece uma grande quantidade de vapor denso e arom\u00e1tico, tornando a experi\u00eancia ainda mais intensa.<\/p>\n<h3>Para quem \u00e9 indicada a Royal Grape Bang 15000 Puffs?<\/h3>\n<p>A Royal Grape Bang 15000 Puffs destina-se a um p\u00fablico amplo, desde iniciantes at\u00e9 vapores experientes. \u00c9 especialmente adequada para quem prefere um sabor frutado intenso e procura uma experi\u00eancia de vapor duradoura.<\/p>\n<p>Este pod \u00e9 ideal para amantes de aromas frutados e doces, especialmente de uvas. O sabor \u00e9 profundo e rico, sem parecer artificial. Para vapores que apreciam o sabor de frutas maduras, a Royal Grape Bang \u00e9 uma excelente escolha. Oferece uma experi\u00eancia de sabor que ir\u00e1 encantar tanto iniciantes quanto vapores experientes.<\/p>\n<p>Embora a Royal Grape Bang tenha sido concebida para uso di\u00e1rio, tamb\u00e9m proporciona uma experi\u00eancia de vapor luxuosa em ocasi\u00f5es especiais. Gra\u00e7as \u00e0 sua longa durabilidade e sabor intenso, pode desfrut\u00e1-la no dia a dia ou em momentos especiais.<\/p>\n<h3>Um produto que merece o nome de \u00abRoyal\u00bb<\/h3>\n<p>A Royal Grape Bang 15000 Puffs \u00e9 muito mais do que um simples pod descart\u00e1vel. \u00c9 uma verdadeira obra-prima da tecnologia de vaping, oferecendo uma experi\u00eancia de sabor incompar\u00e1vel. Desde a reprodu\u00e7\u00e3o aut\u00eantica do aroma de uva at\u00e9 \u00e0 tecnologia avan\u00e7ada \u2013 este produto estabelece novos padr\u00f5es no mundo do vaping.<\/p>\n<p>Para todos aqueles que procuram um produto que impressione tanto pelo sabor quanto pela tecnologia, a Royal Grape Bang 15000 Puffs \u00e9 uma escolha excelente. Seja iniciante ou vapores experientes, este produto proporcionar\u00e1 um prazer real de rei em todos os aspetos.<\/p>","protected":false},"excerpt":{"rendered":"<p>Royal Grape Bang 15000 Puffs Eine Hommage an die k\u00f6nigliche Frucht Vaping hat in den letzten Jahren immer mehr an Popularit\u00e4t gewonnen und die Welt der Dampfergemeinde entwickelt sich stetig weiter. F\u00fcr viele Vaper spielt der Geschmack eine entscheidende Rolle bei der Wahl ihrer Ger\u00e4te. Und wenn es um Geschmackserlebnisse geht, hat die Royal Grape [&hellip;]<\/p>","protected":false},"featured_media":14548,"template":"","meta":{"inline_featured_image":false},"product_cat":[15,769,739,743,744,755,738,751],"product_tag":[710,674],"tiered_pricing_type":"fixed","tiered_pricing_fixed_rules":{"60":"6.58","110":"5.85","200":"5.12"},"tiered_pricing_percentage_rules":[],"tiered_pricing_minimum":1,"_administrator_tiered_pricing_type":"fixed","_administrator_tiered_pricing_fixed_rules":[],"_editor_tiered_pricing_type":"fixed","_editor_tiered_pricing_fixed_rules":[],"_author_tiered_pricing_type":"fixed","_author_tiered_pricing_fixed_rules":[],"_contributor_tiered_pricing_type":"fixed","_contributor_tiered_pricing_fixed_rules":[],"_subscriber_tiered_pricing_type":"fixed","_subscriber_tiered_pricing_fixed_rules":[],"_customer_tiered_pricing_type":"fixed","_customer_tiered_pricing_fixed_rules":[],"_shop_manager_tiered_pricing_type":"fixed","_shop_manager_tiered_pricing_fixed_rules":[],"_wpseo_manager_tiered_pricing_type":"fixed","_wpseo_manager_tiered_pricing_fixed_rules":[],"_wpseo_editor_tiered_pricing_type":"fixed","_wpseo_editor_tiered_pricing_fixed_rules":[],"_wholesale_customer_tiered_pricing_type":"fixed","_wholesale_customer_tiered_pricing_fixed_rules":[],"_marketer_tiered_pricing_type":"fixed","_marketer_tiered_pricing_fixed_rules":[],"_sales_manager_tiered_pricing_type":"fixed","_sales_manager_tiered_pricing_fixed_rules":[],"_sales_rep_tiered_pricing_type":"fixed","_sales_rep_tiered_pricing_fixed_rules":[],"yoast_head":"<!-- This site is optimized with the Yoast SEO plugin v23.3 - https:\/\/yoast.com\/wordpress\/plugins\/seo\/ -->\n<title>Royal Grape Bang 15000 Puffs ist eine wahre Hommage an die k\u00f6nigliche Frucht genie\u00dfen Sie das volle Aroma in jedem Zug | ElementVape.de<\/title>\n<meta name=\"description\" content=\"Wir bieten Royal Grape Bang 15000 Puffs ist eine wahre Hommage an die k\u00f6nigliche Frucht genie\u00dfen Sie das volle Aroma in jedem Zug , Elementvape.de akzeptieren Gro\u00df-und Einzelhandel Bestellungen.\" \/>\n<meta name=\"robots\" content=\"index, follow, max-snippet:-1, max-image-preview:large, max-video-preview:-1\" \/>\n<link rel=\"canonical\" href=\"https:\/\/www.elementvape.de\/pt\/produkt\/royal-grape-bang-15000-puffs-ist-eine-wahre-hommage-an-die-koenigliche-frucht-geniessen-sie-das-volle-aroma-in-jedem-zug\/\" \/>\n<meta property=\"og:locale\" content=\"pt_PT\" \/>\n<meta property=\"og:type\" content=\"article\" \/>\n<meta property=\"og:title\" content=\"Royal Grape Bang 15000 Puffs ist eine wahre Hommage an die k\u00f6nigliche Frucht genie\u00dfen Sie das volle Aroma in jedem Zug | ElementVape.de\" \/>\n<meta property=\"og:description\" content=\"Wir bieten Royal Grape Bang 15000 Puffs ist eine wahre Hommage an die k\u00f6nigliche Frucht genie\u00dfen Sie das volle Aroma in jedem Zug , Elementvape.de akzeptieren Gro\u00df-und Einzelhandel Bestellungen.\" \/>\n<meta property=\"og:url\" content=\"https:\/\/www.elementvape.de\/pt\/produkt\/royal-grape-bang-15000-puffs-ist-eine-wahre-hommage-an-die-koenigliche-frucht-geniessen-sie-das-volle-aroma-in-jedem-zug\/\" \/>\n<meta property=\"og:site_name\" content=\"ElementVape.de\" \/>\n<meta property=\"article:modified_time\" content=\"2024-10-10T02:19:33+00:00\" \/>\n<meta property=\"og:image\" content=\"https:\/\/www.elementvape.de\/wp-content\/uploads\/2024\/09\/Royal-Grape.jpg\" \/>\n\t<meta property=\"og:image:width\" content=\"1681\" \/>\n\t<meta property=\"og:image:height\" content=\"1020\" \/>\n\t<meta property=\"og:image:type\" content=\"image\/jpeg\" \/>\n<meta name=\"twitter:card\" content=\"summary_large_image\" \/>\n<meta name=\"twitter:label1\" content=\"Est. reading time\" \/>\n\t<meta name=\"twitter:data1\" content=\"8 minutos\" \/>\n<script type=\"application\/ld+json\" class=\"yoast-schema-graph\">{\"@context\":\"https:\/\/schema.org\",\"@graph\":[{\"@type\":\"WebPage\",\"@id\":\"https:\/\/www.elementvape.de\/el\/produkt\/royal-grape-bang-15000-puffs-ist-eine-wahre-hommage-an-die-koenigliche-frucht-geniessen-sie-das-volle-aroma-in-jedem-zug\/\",\"url\":\"https:\/\/www.elementvape.de\/el\/produkt\/royal-grape-bang-15000-puffs-ist-eine-wahre-hommage-an-die-koenigliche-frucht-geniessen-sie-das-volle-aroma-in-jedem-zug\/\",\"name\":\"Royal Grape Bang 15000 Puffs ist eine wahre Hommage an die k\u00f6nigliche Frucht genie\u00dfen Sie das volle Aroma in jedem Zug | ElementVape.de\",\"isPartOf\":{\"@id\":\"https:\/\/www.elementvape.de\/#website\"},\"primaryImageOfPage\":{\"@id\":\"https:\/\/www.elementvape.de\/el\/produkt\/royal-grape-bang-15000-puffs-ist-eine-wahre-hommage-an-die-koenigliche-frucht-geniessen-sie-das-volle-aroma-in-jedem-zug\/#primaryimage\"},\"image\":{\"@id\":\"https:\/\/www.elementvape.de\/el\/produkt\/royal-grape-bang-15000-puffs-ist-eine-wahre-hommage-an-die-koenigliche-frucht-geniessen-sie-das-volle-aroma-in-jedem-zug\/#primaryimage\"},\"thumbnailUrl\":\"https:\/\/www.elementvape.de\/wp-content\/uploads\/2024\/09\/Royal-Grape.jpg\",\"datePublished\":\"2024-09-23T07:08:12+00:00\",\"dateModified\":\"2024-10-10T02:19:33+00:00\",\"description\":\"Wir bieten Royal Grape Bang 15000 Puffs ist eine wahre Hommage an die k\u00f6nigliche Frucht genie\u00dfen Sie das volle Aroma in jedem Zug , Elementvape.de akzeptieren Gro\u00df-und Einzelhandel Bestellungen.\",\"breadcrumb\":{\"@id\":\"https:\/\/www.elementvape.de\/el\/produkt\/royal-grape-bang-15000-puffs-ist-eine-wahre-hommage-an-die-koenigliche-frucht-geniessen-sie-das-volle-aroma-in-jedem-zug\/#breadcrumb\"},\"inLanguage\":\"pt-PT\",\"potentialAction\":[{\"@type\":\"ReadAction\",\"target\":[\"https:\/\/www.elementvape.de\/el\/produkt\/royal-grape-bang-15000-puffs-ist-eine-wahre-hommage-an-die-koenigliche-frucht-geniessen-sie-das-volle-aroma-in-jedem-zug\/\"]}]},{\"@type\":\"ImageObject\",\"inLanguage\":\"pt-PT\",\"@id\":\"https:\/\/www.elementvape.de\/el\/produkt\/royal-grape-bang-15000-puffs-ist-eine-wahre-hommage-an-die-koenigliche-frucht-geniessen-sie-das-volle-aroma-in-jedem-zug\/#primaryimage\",\"url\":\"https:\/\/www.elementvape.de\/wp-content\/uploads\/2024\/09\/Royal-Grape.jpg\",\"contentUrl\":\"https:\/\/www.elementvape.de\/wp-content\/uploads\/2024\/09\/Royal-Grape.jpg\",\"width\":1681,\"height\":1020,\"caption\":\"Royal Grape\"},{\"@type\":\"BreadcrumbList\",\"@id\":\"https:\/\/www.elementvape.de\/el\/produkt\/royal-grape-bang-15000-puffs-ist-eine-wahre-hommage-an-die-koenigliche-frucht-geniessen-sie-das-volle-aroma-in-jedem-zug\/#breadcrumb\",\"itemListElement\":[{\"@type\":\"ListItem\",\"position\":1,\"name\":\"Home\",\"item\":\"https:\/\/www.elementvape.de\/\"},{\"@type\":\"ListItem\",\"position\":2,\"name\":\"Shop\",\"item\":\"https:\/\/www.elementvape.de\/shop\/\"},{\"@type\":\"ListItem\",\"position\":3,\"name\":\"Royal Grape Bang 15000 Puffs ist eine wahre Hommage an die k\u00f6nigliche Frucht genie\u00dfen Sie das volle Aroma in jedem Zug\"}]},{\"@type\":\"WebSite\",\"@id\":\"https:\/\/www.elementvape.de\/#website\",\"url\":\"https:\/\/www.elementvape.de\/\",\"name\":\"ElementVape.de\",\"description\":\"\",\"publisher\":{\"@id\":\"https:\/\/www.elementvape.de\/#organization\"},\"potentialAction\":[{\"@type\":\"SearchAction\",\"target\":{\"@type\":\"EntryPoint\",\"urlTemplate\":\"https:\/\/www.elementvape.de\/?s={search_term_string}\"},\"query-input\":\"required name=search_term_string\"}],\"inLanguage\":\"pt-PT\"},{\"@type\":\"Organization\",\"@id\":\"https:\/\/www.elementvape.de\/#organization\",\"name\":\"ElementVape.DE\",\"url\":\"https:\/\/www.elementvape.de\/\",\"logo\":{\"@type\":\"ImageObject\",\"inLanguage\":\"pt-PT\",\"@id\":\"https:\/\/www.elementvape.de\/#\/schema\/logo\/image\/\",\"url\":\"https:\/\/www.elementvape.de\/wp-content\/uploads\/2024\/09\/cropped-1elementvape-3.png\",\"contentUrl\":\"https:\/\/www.elementvape.de\/wp-content\/uploads\/2024\/09\/cropped-1elementvape-3.png\",\"width\":285,\"height\":228,\"caption\":\"ElementVape.DE\"},\"image\":{\"@id\":\"https:\/\/www.elementvape.de\/#\/schema\/logo\/image\/\"}}]}<\/script>\n<!-- \/ Yoast SEO plugin. -->","yoast_head_json":{"title":"Royal Grape Bang 15000 Puffs ist eine wahre Hommage an die k\u00f6nigliche Frucht genie\u00dfen Sie das volle Aroma in jedem Zug | ElementVape.de","description":"Wir bieten Royal Grape Bang 15000 Puffs ist eine wahre Hommage an die k\u00f6nigliche Frucht genie\u00dfen Sie das volle Aroma in jedem Zug , Elementvape.de akzeptieren Gro\u00df-und Einzelhandel Bestellungen.","robots":{"index":"index","follow":"follow","max-snippet":"max-snippet:-1","max-image-preview":"max-image-preview:large","max-video-preview":"max-video-preview:-1"},"canonical":"https:\/\/www.elementvape.de\/pt\/produkt\/royal-grape-bang-15000-puffs-ist-eine-wahre-hommage-an-die-koenigliche-frucht-geniessen-sie-das-volle-aroma-in-jedem-zug\/","og_locale":"pt_PT","og_type":"article","og_title":"Royal Grape Bang 15000 Puffs ist eine wahre Hommage an die k\u00f6nigliche Frucht genie\u00dfen Sie das volle Aroma in jedem Zug | ElementVape.de","og_description":"Wir bieten Royal Grape Bang 15000 Puffs ist eine wahre Hommage an die k\u00f6nigliche Frucht genie\u00dfen Sie das volle Aroma in jedem Zug , Elementvape.de akzeptieren Gro\u00df-und Einzelhandel Bestellungen.","og_url":"https:\/\/www.elementvape.de\/pt\/produkt\/royal-grape-bang-15000-puffs-ist-eine-wahre-hommage-an-die-koenigliche-frucht-geniessen-sie-das-volle-aroma-in-jedem-zug\/","og_site_name":"ElementVape.de","article_modified_time":"2024-10-10T02:19:33+00:00","og_image":[{"width":1681,"height":1020,"url":"https:\/\/www.elementvape.de\/wp-content\/uploads\/2024\/09\/Royal-Grape.jpg","type":"image\/jpeg"}],"twitter_card":"summary_large_image","twitter_misc":{"Est. reading time":"8 minutos"},"schema":{"@context":"https:\/\/schema.org","@graph":[{"@type":"WebPage","@id":"https:\/\/www.elementvape.de\/el\/produkt\/royal-grape-bang-15000-puffs-ist-eine-wahre-hommage-an-die-koenigliche-frucht-geniessen-sie-das-volle-aroma-in-jedem-zug\/","url":"https:\/\/www.elementvape.de\/el\/produkt\/royal-grape-bang-15000-puffs-ist-eine-wahre-hommage-an-die-koenigliche-frucht-geniessen-sie-das-volle-aroma-in-jedem-zug\/","name":"Royal Grape Bang 15000 Puffs ist eine wahre Hommage an die k\u00f6nigliche Frucht genie\u00dfen Sie das volle Aroma in jedem Zug | ElementVape.de","isPartOf":{"@id":"https:\/\/www.elementvape.de\/#website"},"primaryImageOfPage":{"@id":"https:\/\/www.elementvape.de\/el\/produkt\/royal-grape-bang-15000-puffs-ist-eine-wahre-hommage-an-die-koenigliche-frucht-geniessen-sie-das-volle-aroma-in-jedem-zug\/#primaryimage"},"image":{"@id":"https:\/\/www.elementvape.de\/el\/produkt\/royal-grape-bang-15000-puffs-ist-eine-wahre-hommage-an-die-koenigliche-frucht-geniessen-sie-das-volle-aroma-in-jedem-zug\/#primaryimage"},"thumbnailUrl":"https:\/\/www.elementvape.de\/wp-content\/uploads\/2024\/09\/Royal-Grape.jpg","datePublished":"2024-09-23T07:08:12+00:00","dateModified":"2024-10-10T02:19:33+00:00","description":"Wir bieten Royal Grape Bang 15000 Puffs ist eine wahre Hommage an die k\u00f6nigliche Frucht genie\u00dfen Sie das volle Aroma in jedem Zug , Elementvape.de akzeptieren Gro\u00df-und Einzelhandel Bestellungen.","breadcrumb":{"@id":"https:\/\/www.elementvape.de\/el\/produkt\/royal-grape-bang-15000-puffs-ist-eine-wahre-hommage-an-die-koenigliche-frucht-geniessen-sie-das-volle-aroma-in-jedem-zug\/#breadcrumb"},"inLanguage":"pt-PT","potentialAction":[{"@type":"ReadAction","target":["https:\/\/www.elementvape.de\/el\/produkt\/royal-grape-bang-15000-puffs-ist-eine-wahre-hommage-an-die-koenigliche-frucht-geniessen-sie-das-volle-aroma-in-jedem-zug\/"]}]},{"@type":"ImageObject","inLanguage":"pt-PT","@id":"https:\/\/www.elementvape.de\/el\/produkt\/royal-grape-bang-15000-puffs-ist-eine-wahre-hommage-an-die-koenigliche-frucht-geniessen-sie-das-volle-aroma-in-jedem-zug\/#primaryimage","url":"https:\/\/www.elementvape.de\/wp-content\/uploads\/2024\/09\/Royal-Grape.jpg","contentUrl":"https:\/\/www.elementvape.de\/wp-content\/uploads\/2024\/09\/Royal-Grape.jpg","width":1681,"height":1020,"caption":"Royal Grape"},{"@type":"BreadcrumbList","@id":"https:\/\/www.elementvape.de\/el\/produkt\/royal-grape-bang-15000-puffs-ist-eine-wahre-hommage-an-die-koenigliche-frucht-geniessen-sie-das-volle-aroma-in-jedem-zug\/#breadcrumb","itemListElement":[{"@type":"ListItem","position":1,"name":"Home","item":"https:\/\/www.elementvape.de\/"},{"@type":"ListItem","position":2,"name":"Shop","item":"https:\/\/www.elementvape.de\/shop\/"},{"@type":"ListItem","position":3,"name":"Royal Grape Bang 15000 Puffs ist eine wahre Hommage an die k\u00f6nigliche Frucht genie\u00dfen Sie das volle Aroma in jedem Zug"}]},{"@type":"WebSite","@id":"https:\/\/www.elementvape.de\/#website","url":"https:\/\/www.elementvape.de\/","name":"ElementVape.de","description":"","publisher":{"@id":"https:\/\/www.elementvape.de\/#organization"},"potentialAction":[{"@type":"SearchAction","target":{"@type":"EntryPoint","urlTemplate":"https:\/\/www.elementvape.de\/?s={search_term_string}"},"query-input":"required name=search_term_string"}],"inLanguage":"pt-PT"},{"@type":"Organization","@id":"https:\/\/www.elementvape.de\/#organization","name":"ElementVape.DE","url":"https:\/\/www.elementvape.de\/","logo":{"@type":"ImageObject","inLanguage":"pt-PT","@id":"https:\/\/www.elementvape.de\/#\/schema\/logo\/image\/","url":"https:\/\/www.elementvape.de\/wp-content\/uploads\/2024\/09\/cropped-1elementvape-3.png","contentUrl":"https:\/\/www.elementvape.de\/wp-content\/uploads\/2024\/09\/cropped-1elementvape-3.png","width":285,"height":228,"caption":"ElementVape.DE"},"image":{"@id":"https:\/\/www.elementvape.de\/#\/schema\/logo\/image\/"}}]}},"_links":{"self":[{"href":"https:\/\/www.elementvape.de\/pt\/wp-json\/wp\/v2\/product\/14571"}],"collection":[{"href":"https:\/\/www.elementvape.de\/pt\/wp-json\/wp\/v2\/product"}],"about":[{"href":"https:\/\/www.elementvape.de\/pt\/wp-json\/wp\/v2\/types\/product"}],"wp:featuredmedia":[{"embeddable":true,"href":"https:\/\/www.elementvape.de\/pt\/wp-json\/wp\/v2\/media\/14548"}],"wp:attachment":[{"href":"https:\/\/www.elementvape.de\/pt\/wp-json\/wp\/v2\/media?parent=14571"}],"wp:term":[{"taxonomy":"product_cat","embeddable":true,"href":"https:\/\/www.elementvape.de\/pt\/wp-json\/wp\/v2\/product_cat?post=14571"},{"taxonomy":"product_tag","embeddable":true,"href":"https:\/\/www.elementvape.de\/pt\/wp-json\/wp\/v2\/product_tag?post=14571"}],"curies":[{"name":"wp","href":"https:\/\/api.w.org\/{rel}","templated":true}]}}