{"id":14491,"date":"2024-09-21T09:44:17","date_gmt":"2024-09-21T09:44:17","guid":{"rendered":"https:\/\/www.elementvape.de\/?post_type=product&#038;p=14491"},"modified":"2024-10-10T03:16:11","modified_gmt":"2024-10-10T03:16:11","slug":"die-strawberry-mango-bang-king-delphitreh-25000-puffs-vereint-die-fruchtigen-aromen-von-erdbeere-und-mango-fuer-ein-tropisches-dampferlebnis","status":"publish","type":"product","link":"https:\/\/www.elementvape.de\/pt\/produkt\/die-strawberry-mango-bang-king-delphitreh-25000-puffs-vereint-die-fruchtigen-aromen-von-erdbeere-und-mango-fuer-ein-tropisches-dampferlebnis\/","title":{"rendered":"A Strawberry Mango Bang King DelphiTreh 25000 Puffs combina os sabores frutados de morango e manga para uma experi\u00eancia de vapor tropical"},"content":{"rendered":"<h3>Perfil de sabor: A harmonia perfeita de morango e manga<\/h3>\n<p>O Strawberry Mango Bang King oferece uma experi\u00eancia de vaporiza\u00e7\u00e3o harmoniosa e com sabor equilibrado. A combina\u00e7\u00e3o de morango e manga proporciona um aroma doce e frutado, que \u00e9 simultaneamente refrescante e intenso.<\/p>\n<p>O morango \u00e9 o sabor de fruta perfeito para proporcionar uma do\u00e7ura agrad\u00e1vel. Traz um toque de ver\u00e3o e oferece uma experi\u00eancia frutada intensa a cada vaporiza\u00e7\u00e3o, capturando o sabor dos morangos frescos.<\/p>\n<h4>1. Manga suculenta: Ex\u00f3tica e doce<\/h4>\n<p>A manga complementa a do\u00e7ura do morango com um toque tropical. O seu aroma suculento confere profundidade ao sabor e proporciona uma nota ex\u00f3tica, que adiciona uma dimens\u00e3o especial e encorpada \u00e0 vaporiza\u00e7\u00e3o.<\/p>\n<h3>Destaques t\u00e9cnicos do Strawberry Mango Bang King DelphiTreh 25000 Puffs<\/h3>\n<p>Al\u00e9m do seu sabor inconfund\u00edvel, o Strawberry Mango Bang King impressiona com o seu equipamento t\u00e9cnico. \u00c9 perfeito para vaporizadores que querem obter o m\u00e1ximo da sua e-cigarette, tanto em termos de sabor como de tecnologia.<\/p>\n<h4>1. 25.000 Puffs \u2013 Para um prazer duradouro<\/h4>\n<p>Com 25.000 Puffs, o Strawberry Mango Bang King foi concebido para durar. Pode utilizar este dispositivo durante um longo per\u00edodo de tempo sem se preocupar com uma diminui\u00e7\u00e3o do sabor ou do desempenho. Ideal para viajantes frequentes ou para quem procura um dispositivo fi\u00e1vel e potente <strong><a href=\"https:\/\/www.elementvape.de\/pt\/\" target=\"_blank\" rel=\"noopener\">Cigarro eletr\u00f3nico<\/a><\/strong> para o dia a dia.<\/p>\n<p>Gra\u00e7as ao sistema de c\u00e1psula dupla, que oferece um total de 46 ml de E-Liquid, pode ter a certeza de que o dispositivo lhe proporcionar\u00e1 um sabor consistente ao longo de muitos milhares de vaporiza\u00e7\u00f5es. A tecnologia de c\u00e1psula dupla garante que o E-Liquid \u00e9 utilizado de forma eficiente, para que o sabor frutado seja mantido at\u00e9 \u00e0 \u00faltima vaporiza\u00e7\u00e3o.<\/p>\n<h4>2. Mesh-Coil para um sabor intenso<\/h4>\n<p>A Mesh-Coil de 1.0 Ohm garante um aquecimento uniforme do l\u00edquido, o que leva a um desenvolvimento de sabor mais intenso. Atrav\u00e9s da Mesh-Coil, o sabor dos morangos e mangas \u00e9 percebido de forma ainda mais clara e forte, o que torna a vaporiza\u00e7\u00e3o uma experi\u00eancia extraordin\u00e1ria.<\/p>\n<p>A bateria de 650mAh \u00e9 suficientemente potente para suportar a longa dura\u00e7\u00e3o do dispositivo. Al\u00e9m disso, a porta de carregamento Tipo-C garante um carregamento r\u00e1pido e eficiente, para que possa voltar a desfrutar rapidamente do seu Strawberry Mango Bang King ap\u00f3s uma breve pausa para carregamento.<\/p>\n<h3>Facilidade de utiliza\u00e7\u00e3o e manuseamento<\/h3>\n<p>O Strawberry Mango Bang King DelphiTreh 25000 Puffs distingue-se pela sua f\u00e1cil utiliza\u00e7\u00e3o e design compacto, o que o torna particularmente f\u00e1cil de usar.<\/p>\n<h4>1. F\u00e1cil utiliza\u00e7\u00e3o \u2013 Pronto a usar<\/h4>\n<p>O e-cigarette est\u00e1 pronto a usar imediatamente, sem necessidade de configura\u00e7\u00f5es ou preparativos. Basta desembalar, desfrutar da primeira vaporiza\u00e7\u00e3o e j\u00e1 pode experimentar a mistura intensa de morango e manga em pleno.<\/p>\n<p>Apesar do seu desempenho e capacidade impressionantes, o Strawberry Mango Bang King \u00e9 compacto e leve. Isto torna-o um companheiro perfeito para viagens ou para o uso di\u00e1rio.<\/p>\n<h3>Vantagens do Strawberry Mango Bang King DelphiTreh 25000 Puffs<\/h3>\n<h4>1. Sabor duradouro e intenso<\/h4>\n<p>Devido ao grande n\u00famero de Puffs e \u00e0 elevada capacidade de E-Liquid, o Strawberry Mango Bang King oferece uma experi\u00eancia de sabor constante e intensa durante um longo per\u00edodo de tempo. Do primeiro ao \u00faltimo Puff, o aroma permanece fresco e inalterado.<\/p>\n<p>Com uma capacidade de <strong><a href=\"https:\/\/www.elementvape.de\/pt\/p-tag\/vaep-25000-zuege\/\" target=\"_blank\" rel=\"noopener\">25000 tragos<\/a><\/strong> e um sistema Dual-Pod de 46 ml, este dispositivo \u00e9 ideal para fumadores que preferem uma experi\u00eancia de vapor duradoura sem precisar reabastecer ou trocar com frequ\u00eancia. A resist\u00eancia Mesh de 1.0 Ohm garante que o sabor seja sempre intenso e constante.<\/p>\n<p>Gra\u00e7as ao envio livre de impostos para a UE, pode encomendar a Strawberry Mango Bang King comodamente para casa, sem custos adicionais ou longos tempos de espera. A entrega \u00e9 direta, permitindo receber o seu dispositivo de forma r\u00e1pida e simples.<\/p>\n<h3>Dicas para vaporizar para a melhor experi\u00eancia<\/h3>\n<p>Para melhorar ainda mais a experi\u00eancia de vaporizar com a Strawberry Mango Bang King, aqui ficam algumas dicas:<\/p>\n<h4>1. Armazene o dispositivo corretamente<\/h4>\n<p>Armazene o cigarro eletr\u00f3nico num local fresco e seco, para preservar a frescura do l\u00edquido. Evite exposi\u00e7\u00e3o direta ao sol ou temperaturas extremas, para manter a qualidade do aroma.<\/p>\n<h4>2. Carregue antes que a bateria acabe<\/h4>\n<p>Mesmo que a bateria de 650mAh ofere\u00e7a uma longa autonomia, deve carregar o dispositivo regularmente para poder vaporizar a qualquer momento. A liga\u00e7\u00e3o Tipo-C permite uma carga r\u00e1pida e f\u00e1cil.<\/p>\n<p>Desfrute do vaporizar com modera\u00e7\u00e3o, para experimentar o sabor completo da Strawberry Mango Bang King durante mais tempo. Assim, o aroma permanece mais intenso e a vida \u00fatil do dispositivo \u00e9 maximizada.<\/p>\n<h3>Experi\u00eancia de vapor tropical-frutada com a Strawberry Mango Bang King DelphiTreh 25000 Puffs<\/h3>\n<p>A Strawberry Mango Bang King DelphiTreh 25000 Puffs oferece uma combina\u00e7\u00e3o inconfund\u00edvel de morango local e manga ex\u00f3tica, que proporciona um sabor frutado intenso a cada puxada. Os 25.000 puffs, a tecnologia Mesh-Coil e o sistema Dual-Pod garantem uma experi\u00eancia de vapor duradoura e consistentemente intensa.<\/p>\n<p>Gra\u00e7as ao envio r\u00e1pido e livre de impostos para os pa\u00edses da UE, a Strawberry Mango Bang King \u00e9 a escolha perfeita para fumadores que valorizam qualidade, sabor e conforto. Mergulhe no mundo dos aromas frutados e desfrute a cada puxada do sabor tropical de morango e manga!<\/p>","protected":false},"excerpt":{"rendered":"<p>Geschmacksprofil: Die perfekte Harmonie von Erdbeere und Mango Die Strawberry Mango Bang King bietet ein harmonisches und geschmacklich ausgewogenes Dampferlebnis. Die Kombination aus Erdbeere und Mango sorgt f\u00fcr ein s\u00fc\u00dfes, fruchtiges Aroma, das sowohl erfrischend als auch intensiv ist. Die Erdbeere ist der perfekte Fruchtgeschmack, um f\u00fcr eine angenehme S\u00fc\u00dfe zu sorgen. Sie bringt einen [&hellip;]<\/p>","protected":false},"featured_media":14481,"template":"","meta":{"inline_featured_image":false},"product_cat":[15,767,739,743,744,755,738,751],"product_tag":[710,768],"tiered_pricing_type":"fixed","tiered_pricing_fixed_rules":{"60":"7.52","110":"6.68","200":"5.85"},"tiered_pricing_percentage_rules":[],"tiered_pricing_minimum":1,"_administrator_tiered_pricing_type":"fixed","_administrator_tiered_pricing_fixed_rules":[],"_editor_tiered_pricing_type":"fixed","_editor_tiered_pricing_fixed_rules":[],"_author_tiered_pricing_type":"fixed","_author_tiered_pricing_fixed_rules":[],"_contributor_tiered_pricing_type":"fixed","_contributor_tiered_pricing_fixed_rules":[],"_subscriber_tiered_pricing_type":"fixed","_subscriber_tiered_pricing_fixed_rules":[],"_customer_tiered_pricing_type":"fixed","_customer_tiered_pricing_fixed_rules":[],"_shop_manager_tiered_pricing_type":"fixed","_shop_manager_tiered_pricing_fixed_rules":[],"_wpseo_manager_tiered_pricing_type":"fixed","_wpseo_manager_tiered_pricing_fixed_rules":[],"_wpseo_editor_tiered_pricing_type":"fixed","_wpseo_editor_tiered_pricing_fixed_rules":[],"_wholesale_customer_tiered_pricing_type":"fixed","_wholesale_customer_tiered_pricing_fixed_rules":[],"_marketer_tiered_pricing_type":"fixed","_marketer_tiered_pricing_fixed_rules":[],"_sales_manager_tiered_pricing_type":"fixed","_sales_manager_tiered_pricing_fixed_rules":[],"_sales_rep_tiered_pricing_type":"fixed","_sales_rep_tiered_pricing_fixed_rules":[],"yoast_head":"<!-- This site is optimized with the Yoast SEO plugin v23.3 - https:\/\/yoast.com\/wordpress\/plugins\/seo\/ -->\n<title>Die Strawberry Mango Bang King DelphiTreh 25000 Puffs vereint die fruchtigen Aromen von Erdbeere und Mango f\u00fcr ein tropisches Dampferlebnis | ElementVape.de<\/title>\n<meta name=\"description\" content=\"Wir bieten Die Strawberry Mango Bang King DelphiTreh 25000 Puffs vereint die fruchtigen Aromen von Erdbeere und Mango f\u00fcr ein tropisches Dampferlebnis , Elementvape.de akzeptieren Gro\u00df-und Einzelhandel Bestellungen.\" \/>\n<meta name=\"robots\" content=\"index, follow, max-snippet:-1, max-image-preview:large, max-video-preview:-1\" \/>\n<link rel=\"canonical\" href=\"https:\/\/www.elementvape.de\/pt\/produkt\/die-strawberry-mango-bang-king-delphitreh-25000-puffs-vereint-die-fruchtigen-aromen-von-erdbeere-und-mango-fuer-ein-tropisches-dampferlebnis\/\" \/>\n<meta property=\"og:locale\" content=\"pt_PT\" \/>\n<meta property=\"og:type\" content=\"article\" \/>\n<meta property=\"og:title\" content=\"Die Strawberry Mango Bang King DelphiTreh 25000 Puffs vereint die fruchtigen Aromen von Erdbeere und Mango f\u00fcr ein tropisches Dampferlebnis | ElementVape.de\" \/>\n<meta property=\"og:description\" content=\"Wir bieten Die Strawberry Mango Bang King DelphiTreh 25000 Puffs vereint die fruchtigen Aromen von Erdbeere und Mango f\u00fcr ein tropisches Dampferlebnis , Elementvape.de akzeptieren Gro\u00df-und Einzelhandel Bestellungen.\" \/>\n<meta property=\"og:url\" content=\"https:\/\/www.elementvape.de\/pt\/produkt\/die-strawberry-mango-bang-king-delphitreh-25000-puffs-vereint-die-fruchtigen-aromen-von-erdbeere-und-mango-fuer-ein-tropisches-dampferlebnis\/\" \/>\n<meta property=\"og:site_name\" content=\"ElementVape.de\" \/>\n<meta property=\"article:modified_time\" content=\"2024-10-10T03:16:11+00:00\" \/>\n<meta property=\"og:image\" content=\"https:\/\/www.elementvape.de\/wp-content\/uploads\/2024\/09\/Strawberry-Mango-5-scaled.jpg\" \/>\n\t<meta property=\"og:image:width\" content=\"2560\" \/>\n\t<meta property=\"og:image:height\" content=\"1742\" \/>\n\t<meta property=\"og:image:type\" content=\"image\/jpeg\" \/>\n<meta name=\"twitter:card\" content=\"summary_large_image\" \/>\n<meta name=\"twitter:label1\" content=\"Est. reading time\" \/>\n\t<meta name=\"twitter:data1\" content=\"5 minutos\" \/>\n<script type=\"application\/ld+json\" class=\"yoast-schema-graph\">{\"@context\":\"https:\/\/schema.org\",\"@graph\":[{\"@type\":\"WebPage\",\"@id\":\"https:\/\/www.elementvape.de\/fr\/produkt\/die-strawberry-mango-bang-king-delphitreh-25000-puffs-vereint-die-fruchtigen-aromen-von-erdbeere-und-mango-fuer-ein-tropisches-dampferlebnis\/\",\"url\":\"https:\/\/www.elementvape.de\/fr\/produkt\/die-strawberry-mango-bang-king-delphitreh-25000-puffs-vereint-die-fruchtigen-aromen-von-erdbeere-und-mango-fuer-ein-tropisches-dampferlebnis\/\",\"name\":\"Die Strawberry Mango Bang King DelphiTreh 25000 Puffs vereint die fruchtigen Aromen von Erdbeere und Mango f\u00fcr ein tropisches Dampferlebnis | ElementVape.de\",\"isPartOf\":{\"@id\":\"https:\/\/www.elementvape.de\/#website\"},\"primaryImageOfPage\":{\"@id\":\"https:\/\/www.elementvape.de\/fr\/produkt\/die-strawberry-mango-bang-king-delphitreh-25000-puffs-vereint-die-fruchtigen-aromen-von-erdbeere-und-mango-fuer-ein-tropisches-dampferlebnis\/#primaryimage\"},\"image\":{\"@id\":\"https:\/\/www.elementvape.de\/fr\/produkt\/die-strawberry-mango-bang-king-delphitreh-25000-puffs-vereint-die-fruchtigen-aromen-von-erdbeere-und-mango-fuer-ein-tropisches-dampferlebnis\/#primaryimage\"},\"thumbnailUrl\":\"https:\/\/www.elementvape.de\/wp-content\/uploads\/2024\/09\/Strawberry-Mango-5-scaled.jpg\",\"datePublished\":\"2024-09-21T09:44:17+00:00\",\"dateModified\":\"2024-10-10T03:16:11+00:00\",\"description\":\"Wir bieten Die Strawberry Mango Bang King DelphiTreh 25000 Puffs vereint die fruchtigen Aromen von Erdbeere und Mango f\u00fcr ein tropisches Dampferlebnis , Elementvape.de akzeptieren Gro\u00df-und Einzelhandel Bestellungen.\",\"breadcrumb\":{\"@id\":\"https:\/\/www.elementvape.de\/fr\/produkt\/die-strawberry-mango-bang-king-delphitreh-25000-puffs-vereint-die-fruchtigen-aromen-von-erdbeere-und-mango-fuer-ein-tropisches-dampferlebnis\/#breadcrumb\"},\"inLanguage\":\"pt-PT\",\"potentialAction\":[{\"@type\":\"ReadAction\",\"target\":[\"https:\/\/www.elementvape.de\/fr\/produkt\/die-strawberry-mango-bang-king-delphitreh-25000-puffs-vereint-die-fruchtigen-aromen-von-erdbeere-und-mango-fuer-ein-tropisches-dampferlebnis\/\"]}]},{\"@type\":\"ImageObject\",\"inLanguage\":\"pt-PT\",\"@id\":\"https:\/\/www.elementvape.de\/fr\/produkt\/die-strawberry-mango-bang-king-delphitreh-25000-puffs-vereint-die-fruchtigen-aromen-von-erdbeere-und-mango-fuer-ein-tropisches-dampferlebnis\/#primaryimage\",\"url\":\"https:\/\/www.elementvape.de\/wp-content\/uploads\/2024\/09\/Strawberry-Mango-5-scaled.jpg\",\"contentUrl\":\"https:\/\/www.elementvape.de\/wp-content\/uploads\/2024\/09\/Strawberry-Mango-5-scaled.jpg\",\"width\":2560,\"height\":1742,\"caption\":\"Strawberry Mango\"},{\"@type\":\"BreadcrumbList\",\"@id\":\"https:\/\/www.elementvape.de\/fr\/produkt\/die-strawberry-mango-bang-king-delphitreh-25000-puffs-vereint-die-fruchtigen-aromen-von-erdbeere-und-mango-fuer-ein-tropisches-dampferlebnis\/#breadcrumb\",\"itemListElement\":[{\"@type\":\"ListItem\",\"position\":1,\"name\":\"Home\",\"item\":\"https:\/\/www.elementvape.de\/\"},{\"@type\":\"ListItem\",\"position\":2,\"name\":\"Shop\",\"item\":\"https:\/\/www.elementvape.de\/shop\/\"},{\"@type\":\"ListItem\",\"position\":3,\"name\":\"Die Strawberry Mango Bang King DelphiTreh 25000 Puffs vereint die fruchtigen Aromen von Erdbeere und Mango f\u00fcr ein tropisches Dampferlebnis\"}]},{\"@type\":\"WebSite\",\"@id\":\"https:\/\/www.elementvape.de\/#website\",\"url\":\"https:\/\/www.elementvape.de\/\",\"name\":\"ElementVape.de\",\"description\":\"\",\"publisher\":{\"@id\":\"https:\/\/www.elementvape.de\/#organization\"},\"potentialAction\":[{\"@type\":\"SearchAction\",\"target\":{\"@type\":\"EntryPoint\",\"urlTemplate\":\"https:\/\/www.elementvape.de\/?s={search_term_string}\"},\"query-input\":\"required name=search_term_string\"}],\"inLanguage\":\"pt-PT\"},{\"@type\":\"Organization\",\"@id\":\"https:\/\/www.elementvape.de\/#organization\",\"name\":\"ElementVape.DE\",\"url\":\"https:\/\/www.elementvape.de\/\",\"logo\":{\"@type\":\"ImageObject\",\"inLanguage\":\"pt-PT\",\"@id\":\"https:\/\/www.elementvape.de\/#\/schema\/logo\/image\/\",\"url\":\"https:\/\/www.elementvape.de\/wp-content\/uploads\/2024\/09\/cropped-1elementvape-3.png\",\"contentUrl\":\"https:\/\/www.elementvape.de\/wp-content\/uploads\/2024\/09\/cropped-1elementvape-3.png\",\"width\":285,\"height\":228,\"caption\":\"ElementVape.DE\"},\"image\":{\"@id\":\"https:\/\/www.elementvape.de\/#\/schema\/logo\/image\/\"}}]}<\/script>\n<!-- \/ Yoast SEO plugin. -->","yoast_head_json":{"title":"Die Strawberry Mango Bang King DelphiTreh 25000 Puffs vereint die fruchtigen Aromen von Erdbeere und Mango f\u00fcr ein tropisches Dampferlebnis | ElementVape.de","description":"Wir bieten Die Strawberry Mango Bang King DelphiTreh 25000 Puffs vereint die fruchtigen Aromen von Erdbeere und Mango f\u00fcr ein tropisches Dampferlebnis , Elementvape.de akzeptieren Gro\u00df-und Einzelhandel Bestellungen.","robots":{"index":"index","follow":"follow","max-snippet":"max-snippet:-1","max-image-preview":"max-image-preview:large","max-video-preview":"max-video-preview:-1"},"canonical":"https:\/\/www.elementvape.de\/pt\/produkt\/die-strawberry-mango-bang-king-delphitreh-25000-puffs-vereint-die-fruchtigen-aromen-von-erdbeere-und-mango-fuer-ein-tropisches-dampferlebnis\/","og_locale":"pt_PT","og_type":"article","og_title":"Die Strawberry Mango Bang King DelphiTreh 25000 Puffs vereint die fruchtigen Aromen von Erdbeere und Mango f\u00fcr ein tropisches Dampferlebnis | ElementVape.de","og_description":"Wir bieten Die Strawberry Mango Bang King DelphiTreh 25000 Puffs vereint die fruchtigen Aromen von Erdbeere und Mango f\u00fcr ein tropisches Dampferlebnis , Elementvape.de akzeptieren Gro\u00df-und Einzelhandel Bestellungen.","og_url":"https:\/\/www.elementvape.de\/pt\/produkt\/die-strawberry-mango-bang-king-delphitreh-25000-puffs-vereint-die-fruchtigen-aromen-von-erdbeere-und-mango-fuer-ein-tropisches-dampferlebnis\/","og_site_name":"ElementVape.de","article_modified_time":"2024-10-10T03:16:11+00:00","og_image":[{"width":2560,"height":1742,"url":"https:\/\/www.elementvape.de\/wp-content\/uploads\/2024\/09\/Strawberry-Mango-5-scaled.jpg","type":"image\/jpeg"}],"twitter_card":"summary_large_image","twitter_misc":{"Est. reading time":"5 minutos"},"schema":{"@context":"https:\/\/schema.org","@graph":[{"@type":"WebPage","@id":"https:\/\/www.elementvape.de\/fr\/produkt\/die-strawberry-mango-bang-king-delphitreh-25000-puffs-vereint-die-fruchtigen-aromen-von-erdbeere-und-mango-fuer-ein-tropisches-dampferlebnis\/","url":"https:\/\/www.elementvape.de\/fr\/produkt\/die-strawberry-mango-bang-king-delphitreh-25000-puffs-vereint-die-fruchtigen-aromen-von-erdbeere-und-mango-fuer-ein-tropisches-dampferlebnis\/","name":"Die Strawberry Mango Bang King DelphiTreh 25000 Puffs vereint die fruchtigen Aromen von Erdbeere und Mango f\u00fcr ein tropisches Dampferlebnis | ElementVape.de","isPartOf":{"@id":"https:\/\/www.elementvape.de\/#website"},"primaryImageOfPage":{"@id":"https:\/\/www.elementvape.de\/fr\/produkt\/die-strawberry-mango-bang-king-delphitreh-25000-puffs-vereint-die-fruchtigen-aromen-von-erdbeere-und-mango-fuer-ein-tropisches-dampferlebnis\/#primaryimage"},"image":{"@id":"https:\/\/www.elementvape.de\/fr\/produkt\/die-strawberry-mango-bang-king-delphitreh-25000-puffs-vereint-die-fruchtigen-aromen-von-erdbeere-und-mango-fuer-ein-tropisches-dampferlebnis\/#primaryimage"},"thumbnailUrl":"https:\/\/www.elementvape.de\/wp-content\/uploads\/2024\/09\/Strawberry-Mango-5-scaled.jpg","datePublished":"2024-09-21T09:44:17+00:00","dateModified":"2024-10-10T03:16:11+00:00","description":"Wir bieten Die Strawberry Mango Bang King DelphiTreh 25000 Puffs vereint die fruchtigen Aromen von Erdbeere und Mango f\u00fcr ein tropisches Dampferlebnis , Elementvape.de akzeptieren Gro\u00df-und Einzelhandel Bestellungen.","breadcrumb":{"@id":"https:\/\/www.elementvape.de\/fr\/produkt\/die-strawberry-mango-bang-king-delphitreh-25000-puffs-vereint-die-fruchtigen-aromen-von-erdbeere-und-mango-fuer-ein-tropisches-dampferlebnis\/#breadcrumb"},"inLanguage":"pt-PT","potentialAction":[{"@type":"ReadAction","target":["https:\/\/www.elementvape.de\/fr\/produkt\/die-strawberry-mango-bang-king-delphitreh-25000-puffs-vereint-die-fruchtigen-aromen-von-erdbeere-und-mango-fuer-ein-tropisches-dampferlebnis\/"]}]},{"@type":"ImageObject","inLanguage":"pt-PT","@id":"https:\/\/www.elementvape.de\/fr\/produkt\/die-strawberry-mango-bang-king-delphitreh-25000-puffs-vereint-die-fruchtigen-aromen-von-erdbeere-und-mango-fuer-ein-tropisches-dampferlebnis\/#primaryimage","url":"https:\/\/www.elementvape.de\/wp-content\/uploads\/2024\/09\/Strawberry-Mango-5-scaled.jpg","contentUrl":"https:\/\/www.elementvape.de\/wp-content\/uploads\/2024\/09\/Strawberry-Mango-5-scaled.jpg","width":2560,"height":1742,"caption":"Strawberry Mango"},{"@type":"BreadcrumbList","@id":"https:\/\/www.elementvape.de\/fr\/produkt\/die-strawberry-mango-bang-king-delphitreh-25000-puffs-vereint-die-fruchtigen-aromen-von-erdbeere-und-mango-fuer-ein-tropisches-dampferlebnis\/#breadcrumb","itemListElement":[{"@type":"ListItem","position":1,"name":"Home","item":"https:\/\/www.elementvape.de\/"},{"@type":"ListItem","position":2,"name":"Shop","item":"https:\/\/www.elementvape.de\/shop\/"},{"@type":"ListItem","position":3,"name":"Die Strawberry Mango Bang King DelphiTreh 25000 Puffs vereint die fruchtigen Aromen von Erdbeere und Mango f\u00fcr ein tropisches Dampferlebnis"}]},{"@type":"WebSite","@id":"https:\/\/www.elementvape.de\/#website","url":"https:\/\/www.elementvape.de\/","name":"ElementVape.de","description":"","publisher":{"@id":"https:\/\/www.elementvape.de\/#organization"},"potentialAction":[{"@type":"SearchAction","target":{"@type":"EntryPoint","urlTemplate":"https:\/\/www.elementvape.de\/?s={search_term_string}"},"query-input":"required name=search_term_string"}],"inLanguage":"pt-PT"},{"@type":"Organization","@id":"https:\/\/www.elementvape.de\/#organization","name":"ElementVape.DE","url":"https:\/\/www.elementvape.de\/","logo":{"@type":"ImageObject","inLanguage":"pt-PT","@id":"https:\/\/www.elementvape.de\/#\/schema\/logo\/image\/","url":"https:\/\/www.elementvape.de\/wp-content\/uploads\/2024\/09\/cropped-1elementvape-3.png","contentUrl":"https:\/\/www.elementvape.de\/wp-content\/uploads\/2024\/09\/cropped-1elementvape-3.png","width":285,"height":228,"caption":"ElementVape.DE"},"image":{"@id":"https:\/\/www.elementvape.de\/#\/schema\/logo\/image\/"}}]}},"_links":{"self":[{"href":"https:\/\/www.elementvape.de\/pt\/wp-json\/wp\/v2\/product\/14491"}],"collection":[{"href":"https:\/\/www.elementvape.de\/pt\/wp-json\/wp\/v2\/product"}],"about":[{"href":"https:\/\/www.elementvape.de\/pt\/wp-json\/wp\/v2\/types\/product"}],"wp:featuredmedia":[{"embeddable":true,"href":"https:\/\/www.elementvape.de\/pt\/wp-json\/wp\/v2\/media\/14481"}],"wp:attachment":[{"href":"https:\/\/www.elementvape.de\/pt\/wp-json\/wp\/v2\/media?parent=14491"}],"wp:term":[{"taxonomy":"product_cat","embeddable":true,"href":"https:\/\/www.elementvape.de\/pt\/wp-json\/wp\/v2\/product_cat?post=14491"},{"taxonomy":"product_tag","embeddable":true,"href":"https:\/\/www.elementvape.de\/pt\/wp-json\/wp\/v2\/product_tag?post=14491"}],"curies":[{"name":"wp","href":"https:\/\/api.w.org\/{rel}","templated":true}]}}