{"id":14486,"date":"2024-09-21T08:47:29","date_gmt":"2024-09-21T08:47:29","guid":{"rendered":"https:\/\/www.elementvape.de\/?post_type=product&#038;p=14486"},"modified":"2024-10-10T03:20:59","modified_gmt":"2024-10-10T03:20:59","slug":"die-bang-king-delphitreh-25000-puffs-grape-ice-mit-doppelzigarettenpatronen-sorgt-fuer-einen-unvergesslichen-mix-aus-traubenaroma-und-erfrischendem-menthol","status":"publish","type":"product","link":"https:\/\/www.elementvape.de\/pt\/produkt\/die-bang-king-delphitreh-25000-puffs-grape-ice-mit-doppelzigarettenpatronen-sorgt-fuer-einen-unvergesslichen-mix-aus-traubenaroma-und-erfrischendem-menthol\/","title":{"rendered":"A Bang King DelphiTreh 25000 Puffs Grape Ice com cartuchos duplos proporciona uma mistura inesquec\u00edvel de aroma a uva e mentol refrescante"},"content":{"rendered":"<h2>Recomenda\u00e7\u00e3o de produto: Bang King DelphiTreh 25000 Puffs Grape Ice Uma experi\u00eancia de vaporiza\u00e7\u00e3o incompar\u00e1vel<\/h2>\n<p>No mundo da vaporiza\u00e7\u00e3o, a procura por produtos de alta qualidade <strong><a href=\"https:\/\/www.elementvape.de\/pt\/c\/einweg-zigarette\/\" target=\"_blank\" rel=\"noopener\">Cigarros eletr\u00f4nicos descart\u00e1veis<\/a><\/strong> aumentou drasticamente nos \u00faltimos anos. O Bang King DelphiTreh 25000 Puffs Grape Ice destaca-se como um dos produtos mais not\u00e1veis no mercado. Este cigarro eletr\u00f3nico combina o delicioso aroma de uvas maduras com um toque refrescante de mentol, que torna cada experi\u00eancia de vaporiza\u00e7\u00e3o especial. Neste artigo, iremos analisar mais detalhadamente as v\u00e1rias caracter\u00edsticas e vantagens deste produto e discutir as raz\u00f5es pelas quais \u00e9 uma excelente escolha para vaporizadores de todos os n\u00edveis de experi\u00eancia.<\/p>\n<h3>A combina\u00e7\u00e3o de uva e mentol<\/h3>\n<p>O perfil de sabor do Bang King DelphiTreh 25000 Puffs Grape Ice \u00e9 uma mistura harmoniosa que oferece notas doces e refrescantes. A do\u00e7ura da uva confere \u00e0 experi\u00eancia de vaporiza\u00e7\u00e3o uma intensidade frutada, enquanto o mentol adiciona um efeito refrescante, que proporciona frescura, especialmente em dias quentes. Esta combina\u00e7\u00e3o n\u00e3o \u00e9 apenas agrad\u00e1vel, mas tamb\u00e9m vers\u00e1til \u2013 \u00e9 adequada tanto para uso di\u00e1rio como para ocasi\u00f5es especiais, onde pretende oferecer algo \u00fanico aos seus convidados.<\/p>\n<h3>Caracter\u00edsticas T\u00e9cnicas<\/h3>\n<h4>Durabilidade e Puffs<\/h4>\n<p>Com at\u00e9 25.000 puffs, o Bang King DelphiTreh \u00e9 um dos cigarros eletr\u00f3nicos descart\u00e1veis mais duradouros do mercado. Isto significa que n\u00e3o precisa de se preocupar com compras frequentes, o que \u00e9 particularmente vantajoso para fumadores frequentes. A constru\u00e7\u00e3o de c\u00e1psula dupla com dois cartuchos, cada um contendo 23 ml de E-Liquid, garante que o prazer dure muito tempo, sem que tenha de recarregar ou comprar um novo dispositivo constantemente.<\/p>\n<h4>Cartuchos de cigarro duplos<\/h4>\n<p>A utiliza\u00e7\u00e3o de cartuchos de cigarro duplos \u00e9 uma caracter\u00edstica not\u00e1vel do Bang King DelphiTreh. Esta tecnologia permite utilizar os E-Liquids de forma ideal, garantindo uma distribui\u00e7\u00e3o uniforme dos aromas e uma produ\u00e7\u00e3o de vapor constante. As duas c\u00e1psulas oferecem-lhe a possibilidade de experimentar o perfil de sabor completo, ao mesmo tempo que prolongam a vida \u00fatil do cigarro eletr\u00f3nico.<\/p>\n<p>A Mesh-Coil de 1.0 Ohm \u00e9 outro aspeto importante que contribui para a qualidade da vaporiza\u00e7\u00e3o. As Mesh-Coils s\u00e3o conhecidas pela sua capacidade de oferecer uma distribui\u00e7\u00e3o de calor uniforme, o que leva a uma melhor liberta\u00e7\u00e3o de aroma. Isto significa que pode desfrutar da experi\u00eancia de sabor completa a cada puff. Al\u00e9m disso, as Mesh-Coils tamb\u00e9m promovem uma vaporiza\u00e7\u00e3o mais eficiente do E-Liquid, o que otimiza o consumo geral.<\/p>\n<p>O Bang King DelphiTreh est\u00e1 equipado com uma bateria recarreg\u00e1vel de 650mAh. Esta bateria garante um desempenho constante durante toda a utiliza\u00e7\u00e3o, o que significa que n\u00e3o precisa de se preocupar com uma falha repentina. A porta de carregamento Tipo-C tamb\u00e9m permite um carregamento r\u00e1pido e conveniente. Isto \u00e9 particularmente pr\u00e1tico, pois pode tornar o seu dispositivo pronto para uso novamente num instante.<\/p>\n<h3>Facilidade de Uso e Conforto<\/h3>\n<p>Outra vantagem do Bang King DelphiTreh 25000 Puffs Grape Ice \u00e9 a sua facilidade de utiliza\u00e7\u00e3o. O cigarro eletr\u00f3nico est\u00e1 pronto a usar \u2013 basta desembalar, vaporizar e desfrutar. N\u00e3o s\u00e3o necess\u00e1rias configura\u00e7\u00f5es ou prepara\u00e7\u00f5es complicadas. Isto torna-o uma escolha ideal para iniciantes que desejam mergulhar no mundo da vaporiza\u00e7\u00e3o.<\/p>\n<h4>1. Design compacto<\/h4>\n<p>O design compacto do Bang King DelphiTreh torna-o ideal para viagens. Cabe facilmente em qualquer bolso ou mala, para que possa lev\u00e1-lo para qualquer lugar. Quer esteja em viagem, numa festa ou apenas a relaxar em casa \u2013 este dispositivo est\u00e1 sempre \u00e0 m\u00e3o.<\/p>\n<h4>2. Envio isento de impostos para os pa\u00edses da UE<\/h4>\n<p>Uma caracter\u00edstica particularmente atrativa do Bang King DelphiTreh \u00e9 o envio isento de impostos para os pa\u00edses da UE. Isto significa que pode encomendar o cigarro eletr\u00f3nico diretamente para sua casa, sem ter de se preocupar com taxas alfandeg\u00e1rias adicionais. Isto torna a compra n\u00e3o s\u00f3 mais conveniente, mas tamb\u00e9m mais econ\u00f3mica.<\/p>\n<h3>Experi\u00eancia de sabor em detalhe<\/h3>\n<p>A experi\u00eancia de sabor do Bang King DelphiTreh 25000 Puffs Grape Ice \u00e9 a principal raz\u00e3o pela qual tantos vaporizadores recorrem a este produto. A combina\u00e7\u00e3o de uva e mentol \u00e9 doce e refrescante e atrai um vasto p\u00fablico-alvo.<\/p>\n<h4>1. Aromas intensos de uva<\/h4>\n<p>As uvas n\u00e3o s\u00e3o apenas doces, mas tamb\u00e9m ricas em sabor. Oferecem uma profundidade que torna a vaporiza\u00e7\u00e3o um prazer. Esta intensidade permanece durante toda a utiliza\u00e7\u00e3o, para que possa ter a certeza de que cada puff tem o mesmo sabor que o primeiro.<\/p>\n<h4>2. Menthol-Kick<\/h4>\n<p>O efeito refrescante do mentol proporciona uma sensa\u00e7\u00e3o de frescura agrad\u00e1vel, que complementa perfeitamente o sabor doce de uva. Isto \u00e9 especialmente revigorante em dias quentes ou ap\u00f3s o exerc\u00edcio f\u00edsico. A combina\u00e7\u00e3o garante que a vaporiza\u00e7\u00e3o seja uma experi\u00eancia n\u00e3o s\u00f3 de sabor, mas tamb\u00e9m sensorial.<\/p>\n<h3>Vantagens do Bang King DelphiTreh 25000 Puffs Uva Gelo<\/h3>\n<p>A facilidade de utiliza\u00e7\u00e3o torna o Bang King DelphiTreh um dos mais amig\u00e1veis ao utilizador <strong><a href=\"https:\/\/www.elementvape.de\/pt\/\" target=\"_blank\" rel=\"noopener\">Cigarros eletr\u00f3nicos<\/a><\/strong> no mercado. Pode us\u00e1-lo imediatamente, sem precisar de lidar com instru\u00e7\u00f5es complicadas. Basta vaporizar e desfrutar!<\/p>\n<h4>Qualidade de sabor excelente<\/h4>\n<p>Gra\u00e7as aos ingredientes de alta qualidade e \u00e0 tecnologia avan\u00e7ada, os produtos Bang King DelphiTreh oferecem um perfil de sabor incompar\u00e1vel. Os aromas s\u00e3o intensos e permanecem constantes durante toda a utiliza\u00e7\u00e3o. Esta \u00e9 uma vantagem decisiva para os vaporizadores que valorizam uma experi\u00eancia de sabor de primeira classe.<\/p>\n<p>Com <strong><a href=\"https:\/\/www.elementvape.de\/pt\/p-tag\/vaep-25000-zuege\/\" target=\"_blank\" rel=\"noopener\">25000 tragos<\/a><\/strong> e a tecnologia de duplo pod faz do Bang King DelphiTreh um dos produtos mais duradouros do seu g\u00e9nero. Isto significa que n\u00e3o precisa de se preocupar com compras frequentes e pode desfrutar de uma excelente rela\u00e7\u00e3o qualidade-pre\u00e7o.<\/p>\n<h3>Compara\u00e7\u00e3o com outros produtos<\/h3>\n<p>Em compara\u00e7\u00e3o com outros cigarros eletr\u00f3nicos descart\u00e1veis no mercado, o Bang King DelphiTreh 25000 Puffs Uva Gelo destaca-se claramente. Muitos modelos comuns oferecem apenas entre 5.000 e <strong><a href=\"https:\/\/www.elementvape.de\/pt\/p-tag\/groesser-oder-gleich-10000-zuege\/\" target=\"_blank\" rel=\"noopener\">10.000 tragos<\/a><\/strong>, enquanto o Bang King DelphiTreh oferece impressionantes 25.000 tragos. Esta durabilidade \u00e9 uma vantagem importante, especialmente para utilizadores frequentes.<\/p>\n<p>Al\u00e9m disso, o uso de cartuchos duplos e da resist\u00eancia de malha de 1.0 Ohm proporciona uma qualidade de sabor e produ\u00e7\u00e3o de vapor significativamente superiores em compara\u00e7\u00e3o com modelos tradicionais. Muitos outros produtos utilizam tecnologias desatualizadas que n\u00e3o oferecem o mesmo desempenho.<\/p>\n<p>O Bang King DelphiTreh 25000 Puffs Uva Gelo \u00e9 mais do que um cigarro eletr\u00f3nico \u2013 \u00e9 uma experi\u00eancia de vaporiza\u00e7\u00e3o premium que combina sabor, conforto e durabilidade. Com a sua mistura distintiva de aroma de uva e mentol refrescante, atrai vaporizadores de todos os n\u00edveis de experi\u00eancia.<\/p>\n<p>Gra\u00e7as ao elevado n\u00famero de tragos, \u00e0 facilidade de utiliza\u00e7\u00e3o e \u00e0 alta qualidade do sabor, o Bang King DelphiTreh destaca-se de outros cigarros eletr\u00f3nicos descart\u00e1veis. O envio livre de impostos para os pa\u00edses da UE torna a compra especialmente atrativa e simples.<\/p>\n<p>Se procura um cigarro eletr\u00f3nico que ofere\u00e7a uma experi\u00eancia de vaporiza\u00e7\u00e3o intensa e duradoura, o Bang King DelphiTreh 25000 Puffs Uva Gelo \u00e9 a escolha ideal. Mergulhe no mundo de aromas deliciosos e desfrute de uma experi\u00eancia de vaporiza\u00e7\u00e3o inesquec\u00edvel!<\/p>","protected":false},"excerpt":{"rendered":"<p>Produktempfehlung: Bang King DelphiTreh 25000 Puffs Grape Ice Ein unvergleichliches Dampferlebnis In der Welt des Dampfens hat sich die Nachfrage nach qualitativ hochwertigen Einweg-E-Zigaretten in den letzten Jahren stark erh\u00f6ht. Die Bang King DelphiTreh 25000 Puffs Grape Ice steht dabei als eines der herausragendsten Produkte auf dem Markt. Diese E-Zigarette kombiniert das k\u00f6stliche Aroma von [&hellip;]<\/p>","protected":false},"featured_media":14477,"template":"","meta":{"inline_featured_image":false},"product_cat":[15,767,739,743,744,755,738,751],"product_tag":[710,768],"tiered_pricing_type":"fixed","tiered_pricing_fixed_rules":{"60":"7.26","110":"6.46","200":"5.65"},"tiered_pricing_percentage_rules":[],"tiered_pricing_minimum":1,"_administrator_tiered_pricing_type":"fixed","_administrator_tiered_pricing_fixed_rules":[],"_editor_tiered_pricing_type":"fixed","_editor_tiered_pricing_fixed_rules":[],"_author_tiered_pricing_type":"fixed","_author_tiered_pricing_fixed_rules":[],"_contributor_tiered_pricing_type":"fixed","_contributor_tiered_pricing_fixed_rules":[],"_subscriber_tiered_pricing_type":"fixed","_subscriber_tiered_pricing_fixed_rules":[],"_customer_tiered_pricing_type":"fixed","_customer_tiered_pricing_fixed_rules":[],"_shop_manager_tiered_pricing_type":"fixed","_shop_manager_tiered_pricing_fixed_rules":[],"_wpseo_manager_tiered_pricing_type":"fixed","_wpseo_manager_tiered_pricing_fixed_rules":[],"_wpseo_editor_tiered_pricing_type":"fixed","_wpseo_editor_tiered_pricing_fixed_rules":[],"_wholesale_customer_tiered_pricing_type":"fixed","_wholesale_customer_tiered_pricing_fixed_rules":[],"_marketer_tiered_pricing_type":"fixed","_marketer_tiered_pricing_fixed_rules":[],"_sales_manager_tiered_pricing_type":"fixed","_sales_manager_tiered_pricing_fixed_rules":[],"_sales_rep_tiered_pricing_type":"fixed","_sales_rep_tiered_pricing_fixed_rules":[],"yoast_head":"<!-- This site is optimized with the Yoast SEO plugin v23.3 - https:\/\/yoast.com\/wordpress\/plugins\/seo\/ -->\n<title>Die Bang King DelphiTreh 25000 Puffs Grape Ice mit Doppelzigarettenpatronen sorgt f\u00fcr einen unvergesslichen Mix aus Traubenaroma und erfrischendem Menthol | ElementVape.de<\/title>\n<meta name=\"description\" content=\"Wir bieten Die Bang King DelphiTreh 25000 Puffs Grape Ice mit Doppelzigarettenpatronen sorgt f\u00fcr einen unvergesslichen Mix aus Traubenaroma und erfrischendem Menthol , Elementvape.de akzeptieren Gro\u00df-und Einzelhandel Bestellungen.\" \/>\n<meta name=\"robots\" content=\"index, follow, max-snippet:-1, max-image-preview:large, max-video-preview:-1\" \/>\n<link rel=\"canonical\" href=\"https:\/\/www.elementvape.de\/pt\/produkt\/die-bang-king-delphitreh-25000-puffs-grape-ice-mit-doppelzigarettenpatronen-sorgt-fuer-einen-unvergesslichen-mix-aus-traubenaroma-und-erfrischendem-menthol\/\" \/>\n<meta property=\"og:locale\" content=\"pt_PT\" \/>\n<meta property=\"og:type\" content=\"article\" \/>\n<meta property=\"og:title\" content=\"Die Bang King DelphiTreh 25000 Puffs Grape Ice mit Doppelzigarettenpatronen sorgt f\u00fcr einen unvergesslichen Mix aus Traubenaroma und erfrischendem Menthol | ElementVape.de\" \/>\n<meta property=\"og:description\" content=\"Wir bieten Die Bang King DelphiTreh 25000 Puffs Grape Ice mit Doppelzigarettenpatronen sorgt f\u00fcr einen unvergesslichen Mix aus Traubenaroma und erfrischendem Menthol , Elementvape.de akzeptieren Gro\u00df-und Einzelhandel Bestellungen.\" \/>\n<meta property=\"og:url\" content=\"https:\/\/www.elementvape.de\/pt\/produkt\/die-bang-king-delphitreh-25000-puffs-grape-ice-mit-doppelzigarettenpatronen-sorgt-fuer-einen-unvergesslichen-mix-aus-traubenaroma-und-erfrischendem-menthol\/\" \/>\n<meta property=\"og:site_name\" content=\"ElementVape.de\" \/>\n<meta property=\"article:modified_time\" content=\"2024-10-10T03:20:59+00:00\" \/>\n<meta property=\"og:image\" content=\"https:\/\/www.elementvape.de\/wp-content\/uploads\/2024\/09\/Grape-Ice-3-scaled.jpg\" \/>\n\t<meta property=\"og:image:width\" content=\"2560\" \/>\n\t<meta property=\"og:image:height\" content=\"1742\" \/>\n\t<meta property=\"og:image:type\" content=\"image\/jpeg\" \/>\n<meta name=\"twitter:card\" content=\"summary_large_image\" \/>\n<meta name=\"twitter:label1\" content=\"Est. reading time\" \/>\n\t<meta name=\"twitter:data1\" content=\"6 minutos\" \/>\n<script type=\"application\/ld+json\" class=\"yoast-schema-graph\">{\"@context\":\"https:\/\/schema.org\",\"@graph\":[{\"@type\":\"WebPage\",\"@id\":\"https:\/\/www.elementvape.de\/pl\/produkt\/die-bang-king-delphitreh-25000-puffs-grape-ice-mit-doppelzigarettenpatronen-sorgt-fuer-einen-unvergesslichen-mix-aus-traubenaroma-und-erfrischendem-menthol\/\",\"url\":\"https:\/\/www.elementvape.de\/pl\/produkt\/die-bang-king-delphitreh-25000-puffs-grape-ice-mit-doppelzigarettenpatronen-sorgt-fuer-einen-unvergesslichen-mix-aus-traubenaroma-und-erfrischendem-menthol\/\",\"name\":\"Die Bang King DelphiTreh 25000 Puffs Grape Ice mit Doppelzigarettenpatronen sorgt f\u00fcr einen unvergesslichen Mix aus Traubenaroma und erfrischendem Menthol | ElementVape.de\",\"isPartOf\":{\"@id\":\"https:\/\/www.elementvape.de\/#website\"},\"primaryImageOfPage\":{\"@id\":\"https:\/\/www.elementvape.de\/pl\/produkt\/die-bang-king-delphitreh-25000-puffs-grape-ice-mit-doppelzigarettenpatronen-sorgt-fuer-einen-unvergesslichen-mix-aus-traubenaroma-und-erfrischendem-menthol\/#primaryimage\"},\"image\":{\"@id\":\"https:\/\/www.elementvape.de\/pl\/produkt\/die-bang-king-delphitreh-25000-puffs-grape-ice-mit-doppelzigarettenpatronen-sorgt-fuer-einen-unvergesslichen-mix-aus-traubenaroma-und-erfrischendem-menthol\/#primaryimage\"},\"thumbnailUrl\":\"https:\/\/www.elementvape.de\/wp-content\/uploads\/2024\/09\/Grape-Ice-3-scaled.jpg\",\"datePublished\":\"2024-09-21T08:47:29+00:00\",\"dateModified\":\"2024-10-10T03:20:59+00:00\",\"description\":\"Wir bieten Die Bang King DelphiTreh 25000 Puffs Grape Ice mit Doppelzigarettenpatronen sorgt f\u00fcr einen unvergesslichen Mix aus Traubenaroma und erfrischendem Menthol , Elementvape.de akzeptieren Gro\u00df-und Einzelhandel Bestellungen.\",\"breadcrumb\":{\"@id\":\"https:\/\/www.elementvape.de\/pl\/produkt\/die-bang-king-delphitreh-25000-puffs-grape-ice-mit-doppelzigarettenpatronen-sorgt-fuer-einen-unvergesslichen-mix-aus-traubenaroma-und-erfrischendem-menthol\/#breadcrumb\"},\"inLanguage\":\"pt-PT\",\"potentialAction\":[{\"@type\":\"ReadAction\",\"target\":[\"https:\/\/www.elementvape.de\/pl\/produkt\/die-bang-king-delphitreh-25000-puffs-grape-ice-mit-doppelzigarettenpatronen-sorgt-fuer-einen-unvergesslichen-mix-aus-traubenaroma-und-erfrischendem-menthol\/\"]}]},{\"@type\":\"ImageObject\",\"inLanguage\":\"pt-PT\",\"@id\":\"https:\/\/www.elementvape.de\/pl\/produkt\/die-bang-king-delphitreh-25000-puffs-grape-ice-mit-doppelzigarettenpatronen-sorgt-fuer-einen-unvergesslichen-mix-aus-traubenaroma-und-erfrischendem-menthol\/#primaryimage\",\"url\":\"https:\/\/www.elementvape.de\/wp-content\/uploads\/2024\/09\/Grape-Ice-3-scaled.jpg\",\"contentUrl\":\"https:\/\/www.elementvape.de\/wp-content\/uploads\/2024\/09\/Grape-Ice-3-scaled.jpg\",\"width\":2560,\"height\":1742,\"caption\":\"Grape Ice\"},{\"@type\":\"BreadcrumbList\",\"@id\":\"https:\/\/www.elementvape.de\/pl\/produkt\/die-bang-king-delphitreh-25000-puffs-grape-ice-mit-doppelzigarettenpatronen-sorgt-fuer-einen-unvergesslichen-mix-aus-traubenaroma-und-erfrischendem-menthol\/#breadcrumb\",\"itemListElement\":[{\"@type\":\"ListItem\",\"position\":1,\"name\":\"Home\",\"item\":\"https:\/\/www.elementvape.de\/\"},{\"@type\":\"ListItem\",\"position\":2,\"name\":\"Shop\",\"item\":\"https:\/\/www.elementvape.de\/shop\/\"},{\"@type\":\"ListItem\",\"position\":3,\"name\":\"Die Bang King DelphiTreh 25000 Puffs Grape Ice mit Doppelzigarettenpatronen sorgt f\u00fcr einen unvergesslichen Mix aus Traubenaroma und erfrischendem Menthol\"}]},{\"@type\":\"WebSite\",\"@id\":\"https:\/\/www.elementvape.de\/#website\",\"url\":\"https:\/\/www.elementvape.de\/\",\"name\":\"ElementVape.de\",\"description\":\"\",\"publisher\":{\"@id\":\"https:\/\/www.elementvape.de\/#organization\"},\"potentialAction\":[{\"@type\":\"SearchAction\",\"target\":{\"@type\":\"EntryPoint\",\"urlTemplate\":\"https:\/\/www.elementvape.de\/?s={search_term_string}\"},\"query-input\":\"required name=search_term_string\"}],\"inLanguage\":\"pt-PT\"},{\"@type\":\"Organization\",\"@id\":\"https:\/\/www.elementvape.de\/#organization\",\"name\":\"ElementVape.DE\",\"url\":\"https:\/\/www.elementvape.de\/\",\"logo\":{\"@type\":\"ImageObject\",\"inLanguage\":\"pt-PT\",\"@id\":\"https:\/\/www.elementvape.de\/#\/schema\/logo\/image\/\",\"url\":\"https:\/\/www.elementvape.de\/wp-content\/uploads\/2024\/09\/cropped-1elementvape-3.png\",\"contentUrl\":\"https:\/\/www.elementvape.de\/wp-content\/uploads\/2024\/09\/cropped-1elementvape-3.png\",\"width\":285,\"height\":228,\"caption\":\"ElementVape.DE\"},\"image\":{\"@id\":\"https:\/\/www.elementvape.de\/#\/schema\/logo\/image\/\"}}]}<\/script>\n<!-- \/ Yoast SEO plugin. -->","yoast_head_json":{"title":"Die Bang King DelphiTreh 25000 Puffs Grape Ice mit Doppelzigarettenpatronen sorgt f\u00fcr einen unvergesslichen Mix aus Traubenaroma und erfrischendem Menthol | ElementVape.de","description":"Wir bieten Die Bang King DelphiTreh 25000 Puffs Grape Ice mit Doppelzigarettenpatronen sorgt f\u00fcr einen unvergesslichen Mix aus Traubenaroma und erfrischendem Menthol , Elementvape.de akzeptieren Gro\u00df-und Einzelhandel Bestellungen.","robots":{"index":"index","follow":"follow","max-snippet":"max-snippet:-1","max-image-preview":"max-image-preview:large","max-video-preview":"max-video-preview:-1"},"canonical":"https:\/\/www.elementvape.de\/pt\/produkt\/die-bang-king-delphitreh-25000-puffs-grape-ice-mit-doppelzigarettenpatronen-sorgt-fuer-einen-unvergesslichen-mix-aus-traubenaroma-und-erfrischendem-menthol\/","og_locale":"pt_PT","og_type":"article","og_title":"Die Bang King DelphiTreh 25000 Puffs Grape Ice mit Doppelzigarettenpatronen sorgt f\u00fcr einen unvergesslichen Mix aus Traubenaroma und erfrischendem Menthol | ElementVape.de","og_description":"Wir bieten Die Bang King DelphiTreh 25000 Puffs Grape Ice mit Doppelzigarettenpatronen sorgt f\u00fcr einen unvergesslichen Mix aus Traubenaroma und erfrischendem Menthol , Elementvape.de akzeptieren Gro\u00df-und Einzelhandel Bestellungen.","og_url":"https:\/\/www.elementvape.de\/pt\/produkt\/die-bang-king-delphitreh-25000-puffs-grape-ice-mit-doppelzigarettenpatronen-sorgt-fuer-einen-unvergesslichen-mix-aus-traubenaroma-und-erfrischendem-menthol\/","og_site_name":"ElementVape.de","article_modified_time":"2024-10-10T03:20:59+00:00","og_image":[{"width":2560,"height":1742,"url":"https:\/\/www.elementvape.de\/wp-content\/uploads\/2024\/09\/Grape-Ice-3-scaled.jpg","type":"image\/jpeg"}],"twitter_card":"summary_large_image","twitter_misc":{"Est. reading time":"6 minutos"},"schema":{"@context":"https:\/\/schema.org","@graph":[{"@type":"WebPage","@id":"https:\/\/www.elementvape.de\/pl\/produkt\/die-bang-king-delphitreh-25000-puffs-grape-ice-mit-doppelzigarettenpatronen-sorgt-fuer-einen-unvergesslichen-mix-aus-traubenaroma-und-erfrischendem-menthol\/","url":"https:\/\/www.elementvape.de\/pl\/produkt\/die-bang-king-delphitreh-25000-puffs-grape-ice-mit-doppelzigarettenpatronen-sorgt-fuer-einen-unvergesslichen-mix-aus-traubenaroma-und-erfrischendem-menthol\/","name":"Die Bang King DelphiTreh 25000 Puffs Grape Ice mit Doppelzigarettenpatronen sorgt f\u00fcr einen unvergesslichen Mix aus Traubenaroma und erfrischendem Menthol | ElementVape.de","isPartOf":{"@id":"https:\/\/www.elementvape.de\/#website"},"primaryImageOfPage":{"@id":"https:\/\/www.elementvape.de\/pl\/produkt\/die-bang-king-delphitreh-25000-puffs-grape-ice-mit-doppelzigarettenpatronen-sorgt-fuer-einen-unvergesslichen-mix-aus-traubenaroma-und-erfrischendem-menthol\/#primaryimage"},"image":{"@id":"https:\/\/www.elementvape.de\/pl\/produkt\/die-bang-king-delphitreh-25000-puffs-grape-ice-mit-doppelzigarettenpatronen-sorgt-fuer-einen-unvergesslichen-mix-aus-traubenaroma-und-erfrischendem-menthol\/#primaryimage"},"thumbnailUrl":"https:\/\/www.elementvape.de\/wp-content\/uploads\/2024\/09\/Grape-Ice-3-scaled.jpg","datePublished":"2024-09-21T08:47:29+00:00","dateModified":"2024-10-10T03:20:59+00:00","description":"Wir bieten Die Bang King DelphiTreh 25000 Puffs Grape Ice mit Doppelzigarettenpatronen sorgt f\u00fcr einen unvergesslichen Mix aus Traubenaroma und erfrischendem Menthol , Elementvape.de akzeptieren Gro\u00df-und Einzelhandel Bestellungen.","breadcrumb":{"@id":"https:\/\/www.elementvape.de\/pl\/produkt\/die-bang-king-delphitreh-25000-puffs-grape-ice-mit-doppelzigarettenpatronen-sorgt-fuer-einen-unvergesslichen-mix-aus-traubenaroma-und-erfrischendem-menthol\/#breadcrumb"},"inLanguage":"pt-PT","potentialAction":[{"@type":"ReadAction","target":["https:\/\/www.elementvape.de\/pl\/produkt\/die-bang-king-delphitreh-25000-puffs-grape-ice-mit-doppelzigarettenpatronen-sorgt-fuer-einen-unvergesslichen-mix-aus-traubenaroma-und-erfrischendem-menthol\/"]}]},{"@type":"ImageObject","inLanguage":"pt-PT","@id":"https:\/\/www.elementvape.de\/pl\/produkt\/die-bang-king-delphitreh-25000-puffs-grape-ice-mit-doppelzigarettenpatronen-sorgt-fuer-einen-unvergesslichen-mix-aus-traubenaroma-und-erfrischendem-menthol\/#primaryimage","url":"https:\/\/www.elementvape.de\/wp-content\/uploads\/2024\/09\/Grape-Ice-3-scaled.jpg","contentUrl":"https:\/\/www.elementvape.de\/wp-content\/uploads\/2024\/09\/Grape-Ice-3-scaled.jpg","width":2560,"height":1742,"caption":"Grape Ice"},{"@type":"BreadcrumbList","@id":"https:\/\/www.elementvape.de\/pl\/produkt\/die-bang-king-delphitreh-25000-puffs-grape-ice-mit-doppelzigarettenpatronen-sorgt-fuer-einen-unvergesslichen-mix-aus-traubenaroma-und-erfrischendem-menthol\/#breadcrumb","itemListElement":[{"@type":"ListItem","position":1,"name":"Home","item":"https:\/\/www.elementvape.de\/"},{"@type":"ListItem","position":2,"name":"Shop","item":"https:\/\/www.elementvape.de\/shop\/"},{"@type":"ListItem","position":3,"name":"Die Bang King DelphiTreh 25000 Puffs Grape Ice mit Doppelzigarettenpatronen sorgt f\u00fcr einen unvergesslichen Mix aus Traubenaroma und erfrischendem Menthol"}]},{"@type":"WebSite","@id":"https:\/\/www.elementvape.de\/#website","url":"https:\/\/www.elementvape.de\/","name":"ElementVape.de","description":"","publisher":{"@id":"https:\/\/www.elementvape.de\/#organization"},"potentialAction":[{"@type":"SearchAction","target":{"@type":"EntryPoint","urlTemplate":"https:\/\/www.elementvape.de\/?s={search_term_string}"},"query-input":"required name=search_term_string"}],"inLanguage":"pt-PT"},{"@type":"Organization","@id":"https:\/\/www.elementvape.de\/#organization","name":"ElementVape.DE","url":"https:\/\/www.elementvape.de\/","logo":{"@type":"ImageObject","inLanguage":"pt-PT","@id":"https:\/\/www.elementvape.de\/#\/schema\/logo\/image\/","url":"https:\/\/www.elementvape.de\/wp-content\/uploads\/2024\/09\/cropped-1elementvape-3.png","contentUrl":"https:\/\/www.elementvape.de\/wp-content\/uploads\/2024\/09\/cropped-1elementvape-3.png","width":285,"height":228,"caption":"ElementVape.DE"},"image":{"@id":"https:\/\/www.elementvape.de\/#\/schema\/logo\/image\/"}}]}},"_links":{"self":[{"href":"https:\/\/www.elementvape.de\/pt\/wp-json\/wp\/v2\/product\/14486"}],"collection":[{"href":"https:\/\/www.elementvape.de\/pt\/wp-json\/wp\/v2\/product"}],"about":[{"href":"https:\/\/www.elementvape.de\/pt\/wp-json\/wp\/v2\/types\/product"}],"wp:featuredmedia":[{"embeddable":true,"href":"https:\/\/www.elementvape.de\/pt\/wp-json\/wp\/v2\/media\/14477"}],"wp:attachment":[{"href":"https:\/\/www.elementvape.de\/pt\/wp-json\/wp\/v2\/media?parent=14486"}],"wp:term":[{"taxonomy":"product_cat","embeddable":true,"href":"https:\/\/www.elementvape.de\/pt\/wp-json\/wp\/v2\/product_cat?post=14486"},{"taxonomy":"product_tag","embeddable":true,"href":"https:\/\/www.elementvape.de\/pt\/wp-json\/wp\/v2\/product_tag?post=14486"}],"curies":[{"name":"wp","href":"https:\/\/api.w.org\/{rel}","templated":true}]}}