{"id":14465,"date":"2024-09-21T02:55:57","date_gmt":"2024-09-21T02:55:57","guid":{"rendered":"https:\/\/www.elementvape.de\/?post_type=product&#038;p=14465"},"modified":"2025-01-08T01:37:31","modified_gmt":"2025-01-08T01:37:31","slug":"die-blueberry-freeze-bang-king-smart-screen-15000-puff-bietet-eine-koestliche-mischung-aus-gefrorenen-blaubeeren-unterstuetzt-durch-fortschrittliche-smart-screen-technologie","status":"publish","type":"product","link":"https:\/\/www.elementvape.de\/pt\/produkt\/die-blueberry-freeze-bang-king-smart-screen-15000-puff-bietet-eine-koestliche-mischung-aus-gefrorenen-blaubeeren-unterstuetzt-durch-fortschrittliche-smart-screen-technologie\/","title":{"rendered":"Blueberry Freeze Bang King Smart Screen 15000 Puff oferece uma mistura deliciosa de mirtilos congelados suportada pela tecnologia avan\u00e7ada Smart Screen"},"content":{"rendered":"<p>O Blueberry Freeze Bang King Smart Screen 15000 Puff n\u00e3o \u00e9 apenas um cigarro eletr\u00f3nico comum; representa uma liga\u00e7\u00e3o harmoniosa entre sabor refrescante e tecnologia de ponta. Este dispositivo de vaporiza\u00e7\u00e3o inovador oferece-lhe a oportunidade de desfrutar do delicioso sabor de mirtilos congelados de forma intensa e duradoura. Com uma capacidade de <strong><a href=\"https:\/\/www.elementvape.de\/pt\/p-tag\/groesser-oder-gleich-15000-zuege\/\" target=\"_blank\" rel=\"noopener\">15000 tragos<\/a><\/strong> este cigarro eletr\u00f3nico \u00e9 perfeito para vapers que valorizam a qualidade, o sabor e a facilidade de utiliza\u00e7\u00e3o.<\/p>\n<p>O mundo do vaping evoluiu significativamente nos \u00faltimos anos, e o Blueberry Freeze \u00e9 um excelente exemplo da fus\u00e3o entre sabor e t\u00e9cnica. A tecnologia Smart-Screen permite ao utilizador personalizar a sua experi\u00eancia de vaping e manter o controlo sobre o consumo. Neste artigo, iremos analisar mais de perto todos os aspetos deste not\u00e1vel produto, incluindo o sabor, as caracter\u00edsticas t\u00e9cnicas e a facilidade de utiliza\u00e7\u00e3o.<\/p>\n<h3>1. Experi\u00eancia de sabor: Mirtilos refrescantes<\/h3>\n<h4>1.1. O fasc\u00ednio dos mirtilos<\/h4>\n<p>Os mirtilos n\u00e3o s\u00e3o apenas conhecidos pelo seu sabor doce e frutado, mas tamb\u00e9m pelos seus benef\u00edcios para a sa\u00fade. S\u00e3o ricos em antioxidantes e vitaminas, o que os torna uma escolha popular entre as frutas. No mundo do vaping, os mirtilos conquistaram o seu lugar de destaque, e o Blueberry Freeze eleva este sabor a um novo n\u00edvel.<\/p>\n<p>A combina\u00e7\u00e3o de mirtilos frescos e congelados garante que cada vaporiza\u00e7\u00e3o seja doce e refrescante. O componente congelado confere ao sabor uma frescura, perfeita para desfrutar da experi\u00eancia de vaping em dias quentes ou simplesmente para uma pausa refrescante.<\/p>\n<h4>1.2. O efeito Freeze Uma experi\u00eancia refrescante<\/h4>\n<p>O Blueberry Freeze n\u00e3o oferece apenas o sabor de mirtilos frescos, mas tamb\u00e9m um efeito Freeze inconfund\u00edvel. Este sabor refrescante intensifica os aromas e proporciona uma experi\u00eancia refrescante que mima o paladar. O efeito Freeze \u00e9 subtil, mas suficientemente percet\u00edvel para tornar o <strong><a href=\"https:\/\/www.elementvape.de\/pt\/\" target=\"_blank\" rel=\"noopener\">vaporiza\u00e7\u00e3o<\/a><\/strong> ainda mais agrad\u00e1vel. Isto torna o Blueberry Freeze uma excelente escolha para vapers que procuram um equil\u00edbrio harmonioso entre sabores doces e frescos.<\/p>\n<p>A mistura de mirtilos doces e o efeito Freeze fresco cria uma experi\u00eancia de sabor equilibrada, apelativa tanto para principiantes como para vapers experientes. A cada vaporiza\u00e7\u00e3o, o sabor completo dos mirtilos desenvolve-se, acompanhado por uma frescura refrescante que torna o vaping um prazer. Esta harmonia de sabores garante que o Blueberry Freeze n\u00e3o se torna aborrecido mesmo ap\u00f3s muitas vaporiza\u00e7\u00f5es e proporciona sempre variedade.<\/p>\n<h3>2. Tecnologia Smart-Screen: O futuro do vaping<\/h3>\n<h4>2.1. Uma revolu\u00e7\u00e3o no vaping<\/h4>\n<p>O que realmente distingue o Blueberry Freeze Bang King \u00e9 a tecnologia Smart-Screen integrada. Esta fun\u00e7\u00e3o oferece uma riqueza de informa\u00e7\u00f5es que ajudam o vaper a otimizar a sua experi\u00eancia. O ecr\u00e3 mostra dados importantes como o n\u00edvel da bateria, o n\u00famero de vaporiza\u00e7\u00f5es e o consumo de nicotina, o que permite um controlo total sobre o vaping.<\/p>\n<h4>2.2. Controlo e transpar\u00eancia<\/h4>\n<p>Com o Smart Screen, tem todas as informa\u00e7\u00f5es de que necessita num relance. O n\u00famero de vaporiza\u00e7\u00f5es ajuda-o a monitorizar o consumo, enquanto o n\u00edvel da bateria garante que sabe quando \u00e9 altura de carregar o dispositivo. Esta transpar\u00eancia d\u00e1-lhe a oportunidade de controlar ativamente a sua experi\u00eancia de vaping, sem ter de passar por surpresas.<\/p>\n<p>A tecnologia Smart-Screen n\u00e3o \u00e9 apenas informativa, mas tamb\u00e9m f\u00e1cil de utilizar. N\u00e3o precisa de fazer configura\u00e7\u00f5es complicadas ou percorrer menus complicados. Basta puxar e desfrutar o ecr\u00e3 atualiza-se automaticamente e mostra-lhe todas as informa\u00e7\u00f5es relevantes. Isto torna o Blueberry Freeze ideal para vapers de todos os n\u00edveis de experi\u00eancia.<\/p>\n<h3>3. Caracter\u00edsticas t\u00e9cnicas: Desempenho e efici\u00eancia<\/h3>\n<h4>3.1. Bobina de malha de 1.0 Ohm de alto desempenho<\/h4>\n<p>O Blueberry Freeze est\u00e1 equipado com uma bobina de malha de 1.0 Ohm, que permite uma vaporiza\u00e7\u00e3o uniforme e um desenvolvimento de sabor ideal. As bobinas de malha t\u00eam a vantagem de oferecerem uma superf\u00edcie maior, o que permite que o e-l\u00edquido evapore de forma mais eficiente. Isto leva a uma produ\u00e7\u00e3o de vapor mais intensa e a um sabor mais rico.<\/p>\n<p>Com o Blueberry Freeze, pode ter a certeza de que cada vaporiza\u00e7\u00e3o capta o aroma completo dos mirtilos congelados, o que torna o vaping uma experi\u00eancia inesquec\u00edvel.<\/p>\n<h4>3.2. Capacidade generosa de l\u00edquido eletr\u00f3nico<\/h4>\n<p>O Blueberry Freeze Bang King tem uma impressionante capacidade de e-l\u00edquido de 25ml. Esta grande capacidade garante que n\u00e3o tem de reabastecer constantemente e oferece-lhe a oportunidade de utilizar o dispositivo durante um longo per\u00edodo de tempo sem ter de se preocupar com o reabastecimento.<\/p>\n<p>Com 15.000 baforadas, pode ter a certeza de que, mesmo com uso intensivo, n\u00e3o precisar\u00e1 de trocar de dispositivo t\u00e3o cedo. Isto faz da Blueberry Freeze uma escolha perfeita para fumadores que est\u00e3o sempre em movimento ou simplesmente querem desfrutar do vaping ao m\u00e1ximo.<\/p>\n<p>A Blueberry Freeze est\u00e1 dispon\u00edvel em duas concentra\u00e7\u00f5es de nicotina: 2% e 5%. Estas op\u00e7\u00f5es oferecem flexibilidade para fumadores com prefer\u00eancias diferentes. A op\u00e7\u00e3o 2% \u00e9 ideal para quem procura uma experi\u00eancia de nicotina mais suave, enquanto a op\u00e7\u00e3o 5% destina-se a fumadores que desejam uma experi\u00eancia mais intensa.<\/p>\n<p>As salinas de nicotina tamb\u00e9m permitem uma inala\u00e7\u00e3o mais suave e possibilitam vapear concentra\u00e7\u00f5es mais elevadas de nicotina, sem causar sensa\u00e7\u00f5es desagrad\u00e1veis.<\/p>\n<h3>4. Facilidade de utiliza\u00e7\u00e3o e ergonomia<\/h3>\n<h4>4.1. Design Ergon\u00f3mico<\/h4>\n<p>A Blueberry Freeze Bang King destaca-se pelo seu design elegante e ergon\u00f3mico. \u00c9 confort\u00e1vel de segurar na m\u00e3o e suficientemente leve para levar para qualquer lugar. Seja na carteira ou na mochila \u2013 o dispositivo encaixa-se facilmente em qualquer ambiente.<\/p>\n<p>O design pensado torna o cigarro eletr\u00f3nico num companheiro pr\u00e1tico para o dia a dia. A boquilha tem uma forma que encaixa confortavelmente na boca, permitindo uma experi\u00eancia de vaping \u00f3tima.<\/p>\n<p>A opera\u00e7\u00e3o da Blueberry Freeze n\u00e3o poderia ser mais simples. N\u00e3o necessita de instru\u00e7\u00f5es complicadas ou conhecimentos t\u00e9cnicos para usar o dispositivo. Basta puxar pela boquilha, e o dispositivo ativa-se automaticamente. A tela inteligente mostra todas as informa\u00e7\u00f5es relevantes, para que possa concentrar-se apenas na experi\u00eancia de vaping.<\/p>\n<p>Esta simplicidade faz da Blueberry Freeze uma excelente escolha tanto para iniciantes quanto para fumadores experientes que procuram uma experi\u00eancia de vaping sem complica\u00e7\u00f5es.<\/p>\n<h3>5. Sustentabilidade: Op\u00e7\u00f5es ecol\u00f3gicas<\/h3>\n<h4>5.1. Uso Duradouro<\/h4>\n<p>Apesar da sua natureza descart\u00e1vel, a Blueberry Freeze oferece um elevado n\u00famero de baforadas, 15.000, o que reduz o impacto ambiental. Em vez de fazer compras frequentes de dispositivos menores, os fumadores podem aproveitar a longa durabilidade deste cigarro eletr\u00f3nico e diminuir o desperd\u00edcio.<\/p>\n<p>Outro aspeto ecol\u00f3gico da Blueberry Freeze \u00e9 a bateria recarreg\u00e1vel de 650mAh. N\u00e3o precisa de descartar o dispositivo ap\u00f3s uso breve; pode carreg\u00e1-lo novamente e continuar a usar. Isto ajuda a minimizar o lixo e a proteger o ambiente.<\/p>\n<p>A Blueberry Freeze Bang King Smart Screen 15000 Baforadas \u00e9 a escolha ideal para fumadores que procuram uma experi\u00eancia duradoura e intensa. Seja em casa, em movimento ou apenas a fazer uma pausa, este dispositivo oferece a liberdade de personalizar a sua experi\u00eancia de vaping.<\/p>\n<p>Com uma combina\u00e7\u00e3o de grande volume de e-l\u00edquido, bateria potente e tecnologia de tela inteligente, tem tudo o que precisa para uma experi\u00eancia de vaping sempre positiva. Isto torna a Blueberry Freeze num companheiro indispens\u00e1vel no seu dia a dia.<\/p>","protected":false},"excerpt":{"rendered":"<p>Die Blueberry Freeze Bang King Smart Screen 15000 Puff ist nicht nur eine gew\u00f6hnliche E-Zigarette; sie stellt eine harmonische Verbindung aus erfrischendem Geschmack und modernster Technologie dar. Diese innovative Dampfvorrichtung bietet Ihnen die M\u00f6glichkeit, den k\u00f6stlichen Geschmack von gefrorenen Blaubeeren in einer intensiven und langanhaltenden Form zu genie\u00dfen. Mit einer Kapazit\u00e4t von 15000 Z\u00fcgen ist [&hellip;]<\/p>","protected":false},"featured_media":14451,"template":"","meta":{"inline_featured_image":false},"product_cat":[15,758,774,766,750,737,736,749,752,756],"product_tag":[710,674],"tiered_pricing_type":"fixed","tiered_pricing_fixed_rules":{"60":"7.52","110":"6.68","200":"5.85"},"tiered_pricing_percentage_rules":[],"tiered_pricing_minimum":1,"_administrator_tiered_pricing_type":"fixed","_administrator_tiered_pricing_fixed_rules":[],"_editor_tiered_pricing_type":"fixed","_editor_tiered_pricing_fixed_rules":[],"_author_tiered_pricing_type":"fixed","_author_tiered_pricing_fixed_rules":[],"_contributor_tiered_pricing_type":"fixed","_contributor_tiered_pricing_fixed_rules":[],"_subscriber_tiered_pricing_type":"fixed","_subscriber_tiered_pricing_fixed_rules":[],"_customer_tiered_pricing_type":"fixed","_customer_tiered_pricing_fixed_rules":[],"_shop_manager_tiered_pricing_type":"fixed","_shop_manager_tiered_pricing_fixed_rules":[],"_wpseo_manager_tiered_pricing_type":"fixed","_wpseo_manager_tiered_pricing_fixed_rules":[],"_wpseo_editor_tiered_pricing_type":"fixed","_wpseo_editor_tiered_pricing_fixed_rules":[],"_wholesale_customer_tiered_pricing_type":"fixed","_wholesale_customer_tiered_pricing_fixed_rules":[],"_marketer_tiered_pricing_type":"fixed","_marketer_tiered_pricing_fixed_rules":[],"_sales_manager_tiered_pricing_type":"fixed","_sales_manager_tiered_pricing_fixed_rules":[],"_sales_rep_tiered_pricing_type":"fixed","_sales_rep_tiered_pricing_fixed_rules":[],"yoast_head":"<!-- This site is optimized with the Yoast SEO plugin v23.3 - https:\/\/yoast.com\/wordpress\/plugins\/seo\/ -->\n<title>Die Blueberry Freeze Bang King Smart Screen 15000 Puff bietet eine k\u00f6stliche Mischung aus gefrorenen Blaubeeren unterst\u00fctzt durch fortschrittliche Smart Screen Technologie | ElementVape.de<\/title>\n<meta name=\"description\" content=\"Wir bieten Die Blueberry Freeze Bang King Smart Screen 15000 Puff bietet eine k\u00f6stliche Mischung aus gefrorenen Blaubeeren unterst\u00fctzt durch fortschrittliche Smart Screen Technologie , Elementvape.de akzeptieren Gro\u00df-und Einzelhandel Bestellungen.\" \/>\n<meta name=\"robots\" content=\"index, follow, max-snippet:-1, max-image-preview:large, max-video-preview:-1\" \/>\n<link rel=\"canonical\" href=\"https:\/\/www.elementvape.de\/pt\/produkt\/die-blueberry-freeze-bang-king-smart-screen-15000-puff-bietet-eine-koestliche-mischung-aus-gefrorenen-blaubeeren-unterstuetzt-durch-fortschrittliche-smart-screen-technologie\/\" \/>\n<meta property=\"og:locale\" content=\"pt_PT\" \/>\n<meta property=\"og:type\" content=\"article\" \/>\n<meta property=\"og:title\" content=\"Die Blueberry Freeze Bang King Smart Screen 15000 Puff bietet eine k\u00f6stliche Mischung aus gefrorenen Blaubeeren unterst\u00fctzt durch fortschrittliche Smart Screen Technologie | ElementVape.de\" \/>\n<meta property=\"og:description\" content=\"Wir bieten Die Blueberry Freeze Bang King Smart Screen 15000 Puff bietet eine k\u00f6stliche Mischung aus gefrorenen Blaubeeren unterst\u00fctzt durch fortschrittliche Smart Screen Technologie , Elementvape.de akzeptieren Gro\u00df-und Einzelhandel Bestellungen.\" \/>\n<meta property=\"og:url\" content=\"https:\/\/www.elementvape.de\/pt\/produkt\/die-blueberry-freeze-bang-king-smart-screen-15000-puff-bietet-eine-koestliche-mischung-aus-gefrorenen-blaubeeren-unterstuetzt-durch-fortschrittliche-smart-screen-technologie\/\" \/>\n<meta property=\"og:site_name\" content=\"ElementVape.de\" \/>\n<meta property=\"article:modified_time\" content=\"2025-01-08T01:37:31+00:00\" \/>\n<meta property=\"og:image\" content=\"https:\/\/www.elementvape.de\/wp-content\/uploads\/2024\/09\/Blueberry-Freeze-scaled.jpg\" \/>\n\t<meta property=\"og:image:width\" content=\"2560\" \/>\n\t<meta property=\"og:image:height\" content=\"1672\" \/>\n\t<meta property=\"og:image:type\" content=\"image\/jpeg\" \/>\n<meta name=\"twitter:card\" content=\"summary_large_image\" \/>\n<meta name=\"twitter:label1\" content=\"Est. reading time\" \/>\n\t<meta name=\"twitter:data1\" content=\"7 minutos\" \/>\n<script type=\"application\/ld+json\" class=\"yoast-schema-graph\">{\"@context\":\"https:\/\/schema.org\",\"@graph\":[{\"@type\":\"WebPage\",\"@id\":\"https:\/\/www.elementvape.de\/produkt\/die-blueberry-freeze-bang-king-smart-screen-15000-puff-bietet-eine-koestliche-mischung-aus-gefrorenen-blaubeeren-unterstuetzt-durch-fortschrittliche-smart-screen-technologie\/\",\"url\":\"https:\/\/www.elementvape.de\/produkt\/die-blueberry-freeze-bang-king-smart-screen-15000-puff-bietet-eine-koestliche-mischung-aus-gefrorenen-blaubeeren-unterstuetzt-durch-fortschrittliche-smart-screen-technologie\/\",\"name\":\"Die Blueberry Freeze Bang King Smart Screen 15000 Puff bietet eine k\u00f6stliche Mischung aus gefrorenen Blaubeeren unterst\u00fctzt durch fortschrittliche Smart Screen Technologie | ElementVape.de\",\"isPartOf\":{\"@id\":\"https:\/\/www.elementvape.de\/#website\"},\"primaryImageOfPage\":{\"@id\":\"https:\/\/www.elementvape.de\/produkt\/die-blueberry-freeze-bang-king-smart-screen-15000-puff-bietet-eine-koestliche-mischung-aus-gefrorenen-blaubeeren-unterstuetzt-durch-fortschrittliche-smart-screen-technologie\/#primaryimage\"},\"image\":{\"@id\":\"https:\/\/www.elementvape.de\/produkt\/die-blueberry-freeze-bang-king-smart-screen-15000-puff-bietet-eine-koestliche-mischung-aus-gefrorenen-blaubeeren-unterstuetzt-durch-fortschrittliche-smart-screen-technologie\/#primaryimage\"},\"thumbnailUrl\":\"https:\/\/www.elementvape.de\/wp-content\/uploads\/2024\/09\/Blueberry-Freeze-scaled.jpg\",\"datePublished\":\"2024-09-21T02:55:57+00:00\",\"dateModified\":\"2025-01-08T01:37:31+00:00\",\"description\":\"Wir bieten Die Blueberry Freeze Bang King Smart Screen 15000 Puff bietet eine k\u00f6stliche Mischung aus gefrorenen Blaubeeren unterst\u00fctzt durch fortschrittliche Smart Screen Technologie , Elementvape.de akzeptieren Gro\u00df-und Einzelhandel Bestellungen.\",\"breadcrumb\":{\"@id\":\"https:\/\/www.elementvape.de\/produkt\/die-blueberry-freeze-bang-king-smart-screen-15000-puff-bietet-eine-koestliche-mischung-aus-gefrorenen-blaubeeren-unterstuetzt-durch-fortschrittliche-smart-screen-technologie\/#breadcrumb\"},\"inLanguage\":\"pt-PT\",\"potentialAction\":[{\"@type\":\"ReadAction\",\"target\":[\"https:\/\/www.elementvape.de\/produkt\/die-blueberry-freeze-bang-king-smart-screen-15000-puff-bietet-eine-koestliche-mischung-aus-gefrorenen-blaubeeren-unterstuetzt-durch-fortschrittliche-smart-screen-technologie\/\"]}]},{\"@type\":\"ImageObject\",\"inLanguage\":\"pt-PT\",\"@id\":\"https:\/\/www.elementvape.de\/produkt\/die-blueberry-freeze-bang-king-smart-screen-15000-puff-bietet-eine-koestliche-mischung-aus-gefrorenen-blaubeeren-unterstuetzt-durch-fortschrittliche-smart-screen-technologie\/#primaryimage\",\"url\":\"https:\/\/www.elementvape.de\/wp-content\/uploads\/2024\/09\/Blueberry-Freeze-scaled.jpg\",\"contentUrl\":\"https:\/\/www.elementvape.de\/wp-content\/uploads\/2024\/09\/Blueberry-Freeze-scaled.jpg\",\"width\":2560,\"height\":1672,\"caption\":\"Blueberry Freeze\"},{\"@type\":\"BreadcrumbList\",\"@id\":\"https:\/\/www.elementvape.de\/produkt\/die-blueberry-freeze-bang-king-smart-screen-15000-puff-bietet-eine-koestliche-mischung-aus-gefrorenen-blaubeeren-unterstuetzt-durch-fortschrittliche-smart-screen-technologie\/#breadcrumb\",\"itemListElement\":[{\"@type\":\"ListItem\",\"position\":1,\"name\":\"Home\",\"item\":\"https:\/\/www.elementvape.de\/\"},{\"@type\":\"ListItem\",\"position\":2,\"name\":\"Shop\",\"item\":\"https:\/\/www.elementvape.de\/shop\/\"},{\"@type\":\"ListItem\",\"position\":3,\"name\":\"Die Blueberry Freeze Bang King Smart Screen 15000 Puff bietet eine k\u00f6stliche Mischung aus gefrorenen Blaubeeren unterst\u00fctzt durch fortschrittliche Smart Screen Technologie\"}]},{\"@type\":\"WebSite\",\"@id\":\"https:\/\/www.elementvape.de\/#website\",\"url\":\"https:\/\/www.elementvape.de\/\",\"name\":\"ElementVape.de\",\"description\":\"\",\"publisher\":{\"@id\":\"https:\/\/www.elementvape.de\/#organization\"},\"potentialAction\":[{\"@type\":\"SearchAction\",\"target\":{\"@type\":\"EntryPoint\",\"urlTemplate\":\"https:\/\/www.elementvape.de\/?s={search_term_string}\"},\"query-input\":\"required name=search_term_string\"}],\"inLanguage\":\"pt-PT\"},{\"@type\":\"Organization\",\"@id\":\"https:\/\/www.elementvape.de\/#organization\",\"name\":\"ElementVape.DE\",\"url\":\"https:\/\/www.elementvape.de\/\",\"logo\":{\"@type\":\"ImageObject\",\"inLanguage\":\"pt-PT\",\"@id\":\"https:\/\/www.elementvape.de\/#\/schema\/logo\/image\/\",\"url\":\"https:\/\/www.elementvape.de\/wp-content\/uploads\/2024\/09\/cropped-1elementvape-3.png\",\"contentUrl\":\"https:\/\/www.elementvape.de\/wp-content\/uploads\/2024\/09\/cropped-1elementvape-3.png\",\"width\":285,\"height\":228,\"caption\":\"ElementVape.DE\"},\"image\":{\"@id\":\"https:\/\/www.elementvape.de\/#\/schema\/logo\/image\/\"}}]}<\/script>\n<!-- \/ Yoast SEO plugin. -->","yoast_head_json":{"title":"Die Blueberry Freeze Bang King Smart Screen 15000 Puff bietet eine k\u00f6stliche Mischung aus gefrorenen Blaubeeren unterst\u00fctzt durch fortschrittliche Smart Screen Technologie | ElementVape.de","description":"Wir bieten Die Blueberry Freeze Bang King Smart Screen 15000 Puff bietet eine k\u00f6stliche Mischung aus gefrorenen Blaubeeren unterst\u00fctzt durch fortschrittliche Smart Screen Technologie , Elementvape.de akzeptieren Gro\u00df-und Einzelhandel Bestellungen.","robots":{"index":"index","follow":"follow","max-snippet":"max-snippet:-1","max-image-preview":"max-image-preview:large","max-video-preview":"max-video-preview:-1"},"canonical":"https:\/\/www.elementvape.de\/pt\/produkt\/die-blueberry-freeze-bang-king-smart-screen-15000-puff-bietet-eine-koestliche-mischung-aus-gefrorenen-blaubeeren-unterstuetzt-durch-fortschrittliche-smart-screen-technologie\/","og_locale":"pt_PT","og_type":"article","og_title":"Die Blueberry Freeze Bang King Smart Screen 15000 Puff bietet eine k\u00f6stliche Mischung aus gefrorenen Blaubeeren unterst\u00fctzt durch fortschrittliche Smart Screen Technologie | ElementVape.de","og_description":"Wir bieten Die Blueberry Freeze Bang King Smart Screen 15000 Puff bietet eine k\u00f6stliche Mischung aus gefrorenen Blaubeeren unterst\u00fctzt durch fortschrittliche Smart Screen Technologie , Elementvape.de akzeptieren Gro\u00df-und Einzelhandel Bestellungen.","og_url":"https:\/\/www.elementvape.de\/pt\/produkt\/die-blueberry-freeze-bang-king-smart-screen-15000-puff-bietet-eine-koestliche-mischung-aus-gefrorenen-blaubeeren-unterstuetzt-durch-fortschrittliche-smart-screen-technologie\/","og_site_name":"ElementVape.de","article_modified_time":"2025-01-08T01:37:31+00:00","og_image":[{"width":2560,"height":1672,"url":"https:\/\/www.elementvape.de\/wp-content\/uploads\/2024\/09\/Blueberry-Freeze-scaled.jpg","type":"image\/jpeg"}],"twitter_card":"summary_large_image","twitter_misc":{"Est. reading time":"7 minutos"},"schema":{"@context":"https:\/\/schema.org","@graph":[{"@type":"WebPage","@id":"https:\/\/www.elementvape.de\/produkt\/die-blueberry-freeze-bang-king-smart-screen-15000-puff-bietet-eine-koestliche-mischung-aus-gefrorenen-blaubeeren-unterstuetzt-durch-fortschrittliche-smart-screen-technologie\/","url":"https:\/\/www.elementvape.de\/produkt\/die-blueberry-freeze-bang-king-smart-screen-15000-puff-bietet-eine-koestliche-mischung-aus-gefrorenen-blaubeeren-unterstuetzt-durch-fortschrittliche-smart-screen-technologie\/","name":"Die Blueberry Freeze Bang King Smart Screen 15000 Puff bietet eine k\u00f6stliche Mischung aus gefrorenen Blaubeeren unterst\u00fctzt durch fortschrittliche Smart Screen Technologie | ElementVape.de","isPartOf":{"@id":"https:\/\/www.elementvape.de\/#website"},"primaryImageOfPage":{"@id":"https:\/\/www.elementvape.de\/produkt\/die-blueberry-freeze-bang-king-smart-screen-15000-puff-bietet-eine-koestliche-mischung-aus-gefrorenen-blaubeeren-unterstuetzt-durch-fortschrittliche-smart-screen-technologie\/#primaryimage"},"image":{"@id":"https:\/\/www.elementvape.de\/produkt\/die-blueberry-freeze-bang-king-smart-screen-15000-puff-bietet-eine-koestliche-mischung-aus-gefrorenen-blaubeeren-unterstuetzt-durch-fortschrittliche-smart-screen-technologie\/#primaryimage"},"thumbnailUrl":"https:\/\/www.elementvape.de\/wp-content\/uploads\/2024\/09\/Blueberry-Freeze-scaled.jpg","datePublished":"2024-09-21T02:55:57+00:00","dateModified":"2025-01-08T01:37:31+00:00","description":"Wir bieten Die Blueberry Freeze Bang King Smart Screen 15000 Puff bietet eine k\u00f6stliche Mischung aus gefrorenen Blaubeeren unterst\u00fctzt durch fortschrittliche Smart Screen Technologie , Elementvape.de akzeptieren Gro\u00df-und Einzelhandel Bestellungen.","breadcrumb":{"@id":"https:\/\/www.elementvape.de\/produkt\/die-blueberry-freeze-bang-king-smart-screen-15000-puff-bietet-eine-koestliche-mischung-aus-gefrorenen-blaubeeren-unterstuetzt-durch-fortschrittliche-smart-screen-technologie\/#breadcrumb"},"inLanguage":"pt-PT","potentialAction":[{"@type":"ReadAction","target":["https:\/\/www.elementvape.de\/produkt\/die-blueberry-freeze-bang-king-smart-screen-15000-puff-bietet-eine-koestliche-mischung-aus-gefrorenen-blaubeeren-unterstuetzt-durch-fortschrittliche-smart-screen-technologie\/"]}]},{"@type":"ImageObject","inLanguage":"pt-PT","@id":"https:\/\/www.elementvape.de\/produkt\/die-blueberry-freeze-bang-king-smart-screen-15000-puff-bietet-eine-koestliche-mischung-aus-gefrorenen-blaubeeren-unterstuetzt-durch-fortschrittliche-smart-screen-technologie\/#primaryimage","url":"https:\/\/www.elementvape.de\/wp-content\/uploads\/2024\/09\/Blueberry-Freeze-scaled.jpg","contentUrl":"https:\/\/www.elementvape.de\/wp-content\/uploads\/2024\/09\/Blueberry-Freeze-scaled.jpg","width":2560,"height":1672,"caption":"Blueberry Freeze"},{"@type":"BreadcrumbList","@id":"https:\/\/www.elementvape.de\/produkt\/die-blueberry-freeze-bang-king-smart-screen-15000-puff-bietet-eine-koestliche-mischung-aus-gefrorenen-blaubeeren-unterstuetzt-durch-fortschrittliche-smart-screen-technologie\/#breadcrumb","itemListElement":[{"@type":"ListItem","position":1,"name":"Home","item":"https:\/\/www.elementvape.de\/"},{"@type":"ListItem","position":2,"name":"Shop","item":"https:\/\/www.elementvape.de\/shop\/"},{"@type":"ListItem","position":3,"name":"Die Blueberry Freeze Bang King Smart Screen 15000 Puff bietet eine k\u00f6stliche Mischung aus gefrorenen Blaubeeren unterst\u00fctzt durch fortschrittliche Smart Screen Technologie"}]},{"@type":"WebSite","@id":"https:\/\/www.elementvape.de\/#website","url":"https:\/\/www.elementvape.de\/","name":"ElementVape.de","description":"","publisher":{"@id":"https:\/\/www.elementvape.de\/#organization"},"potentialAction":[{"@type":"SearchAction","target":{"@type":"EntryPoint","urlTemplate":"https:\/\/www.elementvape.de\/?s={search_term_string}"},"query-input":"required name=search_term_string"}],"inLanguage":"pt-PT"},{"@type":"Organization","@id":"https:\/\/www.elementvape.de\/#organization","name":"ElementVape.DE","url":"https:\/\/www.elementvape.de\/","logo":{"@type":"ImageObject","inLanguage":"pt-PT","@id":"https:\/\/www.elementvape.de\/#\/schema\/logo\/image\/","url":"https:\/\/www.elementvape.de\/wp-content\/uploads\/2024\/09\/cropped-1elementvape-3.png","contentUrl":"https:\/\/www.elementvape.de\/wp-content\/uploads\/2024\/09\/cropped-1elementvape-3.png","width":285,"height":228,"caption":"ElementVape.DE"},"image":{"@id":"https:\/\/www.elementvape.de\/#\/schema\/logo\/image\/"}}]}},"_links":{"self":[{"href":"https:\/\/www.elementvape.de\/pt\/wp-json\/wp\/v2\/product\/14465"}],"collection":[{"href":"https:\/\/www.elementvape.de\/pt\/wp-json\/wp\/v2\/product"}],"about":[{"href":"https:\/\/www.elementvape.de\/pt\/wp-json\/wp\/v2\/types\/product"}],"wp:featuredmedia":[{"embeddable":true,"href":"https:\/\/www.elementvape.de\/pt\/wp-json\/wp\/v2\/media\/14451"}],"wp:attachment":[{"href":"https:\/\/www.elementvape.de\/pt\/wp-json\/wp\/v2\/media?parent=14465"}],"wp:term":[{"taxonomy":"product_cat","embeddable":true,"href":"https:\/\/www.elementvape.de\/pt\/wp-json\/wp\/v2\/product_cat?post=14465"},{"taxonomy":"product_tag","embeddable":true,"href":"https:\/\/www.elementvape.de\/pt\/wp-json\/wp\/v2\/product_tag?post=14465"}],"curies":[{"name":"wp","href":"https:\/\/api.w.org\/{rel}","templated":true}]}}