{"id":14444,"date":"2024-09-20T06:37:49","date_gmt":"2024-09-20T06:37:49","guid":{"rendered":"https:\/\/www.elementvape.de\/?post_type=product&#038;p=14444"},"modified":"2024-10-11T03:14:36","modified_gmt":"2024-10-11T03:14:36","slug":"die-bang-rocket-strawberry-mango-e-zigarette-18000-puffs-bietet-ihnen-die-perfekte-kombination-aus-tropischen-aromen-die-jede-dampferfahrung-mit-erdbeeren-und-mango-bereichert","status":"publish","type":"product","link":"https:\/\/www.elementvape.de\/pt\/produkt\/die-bang-rocket-strawberry-mango-e-zigarette-18000-puffs-bietet-ihnen-die-perfekte-kombination-aus-tropischen-aromen-die-jede-dampferfahrung-mit-erdbeeren-und-mango-bereichert\/","title":{"rendered":"O cigarro eletr\u00f3nico Bang Rocket Strawberry Mango 18000 Puffs oferece-lhe a combina\u00e7\u00e3o perfeita de sabores tropicais que enriquecem cada experi\u00eancia de vaporiza\u00e7\u00e3o com morangos e manga"},"content":{"rendered":"<h2>Bang Rocket Morango Manga 18000 Puffs: Frescura Tropical no Vapor<\/h2>\n<p>O Bang Rocket Morango Manga 18000 Puffs combina duas das frutas tropicais mais populares para uma experi\u00eancia de vaporiza\u00e7\u00e3o intensa, que enriquece cada vaporiza\u00e7\u00e3o com morangos frescos e mangas maduras. Com este equil\u00edbrio perfeito de morango doce e manga ex\u00f3tica, a vaporiza\u00e7\u00e3o torna-se um prazer que o faz lembrar praias tropicais distantes. Seja no aconchego <strong><a href=\"https:\/\/www.elementvape.de\/pt\/\" target=\"_blank\" rel=\"noopener\">vaporiza\u00e7\u00e3o<\/a><\/strong> em casa ou em viagem, a combina\u00e7\u00e3o destes sabores deliciosos proporciona um refresco frutado em qualquer situa\u00e7\u00e3o.<\/p>\n<p>O sabor frutado dos morangos confere ao vapor uma do\u00e7ura suculenta, enquanto a nota de manga adiciona uma profundidade ex\u00f3tica, que confere ao conjunto um toque \u00fanico. Esta combina\u00e7\u00e3o torna o Bang Rocket Morango Manga particularmente popular entre os vaporizadores que gostam de desfrutar de sabores frescos e de ver\u00e3o e, ao mesmo tempo, apreciam uma intensidade de sabor duradoura. Gra\u00e7as \u00e0 mistura equilibrada, ambos os sabores s\u00e3o bem preservados, para que cada vaporiza\u00e7\u00e3o ofere\u00e7a a experi\u00eancia de sabor completa.<\/p>\n<h3>Desempenho m\u00e1ximo para um prazer duradouro<\/h3>\n<p>Com uma capacidade de <strong><a href=\"https:\/\/www.elementvape.de\/pt\/p-tag\/vaep-18000-zuege\/\" target=\"_blank\" rel=\"noopener\">18000 Puffs<\/a><\/strong> o Bang Rocket Morango Manga oferece puffs suficientes para garantir um sabor intenso em todos os momentos, mesmo durante sess\u00f5es de vaporiza\u00e7\u00e3o mais longas. Este elevado n\u00famero de puffs torna o dispositivo particularmente atrativo para os vaporizadores que valorizam uma longa vida \u00fatil sem recargas frequentes. Isto \u00e9 suportado por uma potente bateria de 650 mAh, que oferece energia suficiente para muitas horas de prazer.<\/p>\n<p>Al\u00e9m disso, a porta de carregamento Tipo-C garante um carregamento r\u00e1pido e conveniente, para que o Bang Rocket esteja pronto para uso num instante. Em combina\u00e7\u00e3o com a Dual Mesh Coil, que garante uma vaporiza\u00e7\u00e3o uniforme e eficiente, \u00e9 criada uma experi\u00eancia de vaporiza\u00e7\u00e3o excecional. Esta tecnologia garante que cada vaporiza\u00e7\u00e3o seja consistentemente forte e arom\u00e1tica, sem que o sabor diminua.<\/p>\n<h3>Facilidade de utiliza\u00e7\u00e3o e inova\u00e7\u00e3o num s\u00f3 dispositivo<\/h3>\n<p>O Bang Rocket Morango Manga 18000 Puffs n\u00e3o \u00e9 conhecido apenas pelo seu aroma frutado, mas tamb\u00e9m pelas suas fun\u00e7\u00f5es f\u00e1ceis de utilizar. Com o controlo de fluxo de ar ajust\u00e1vel, os vaporizadores podem moldar a experi\u00eancia de vaporiza\u00e7\u00e3o de acordo com as suas prefer\u00eancias \u2013 quer sejam nuvens de vapor mais intensas ou uma vaporiza\u00e7\u00e3o mais suave e fresca, tudo \u00e9 poss\u00edvel. O indicador LED tamb\u00e9m oferece uma vis\u00e3o geral r\u00e1pida do estado da bateria, para que saiba sempre quando \u00e9 altura de recarregar o dispositivo.<\/p>\n<p>As dimens\u00f5es compactas e o design ergon\u00f3mico tornam o dispositivo extremamente port\u00e1til e confort\u00e1vel de manusear. \u00c9 perfeito para levar para qualquer lugar, cabe facilmente em qualquer bolso e convence com a sua apar\u00eancia simples, mas elegante. Especialmente para os vaporizadores que viajam muito, o Bang Rocket Morango Manga oferece a combina\u00e7\u00e3o ideal de funcionalidade e sabor, sem sacrificar o estilo.<\/p>\n<p>Os aromas do Bang Rocket Morango Manga oferecem uma experi\u00eancia de sabor incompar\u00e1vel, que o transporta diretamente para os tr\u00f3picos. Os morangos suculentos trazem uma do\u00e7ura ao vapor, enquanto a manga adiciona uma profundidade intensa e frutada. Juntos, criam um aroma harmonioso que pode ser apreciado durante todo o dia. Quer pretenda um come\u00e7o de dia fresco ou uma vaporiza\u00e7\u00e3o noturna relaxante \u2013 o Bang Rocket Morango Manga oferece o sabor certo para cada ocasi\u00e3o.<\/p>\n<p>Esta combina\u00e7\u00e3o de aromas atrai particularmente os vaporizadores que preferem sabores frutados e ex\u00f3ticos. Gra\u00e7as \u00e0 excelente tecnologia de vaporiza\u00e7\u00e3o, os aromas s\u00e3o preservados at\u00e9 \u00e0 \u00faltima vaporiza\u00e7\u00e3o e oferecem, assim, uma experi\u00eancia de vaporiza\u00e7\u00e3o duradoura e intensa. O Bang Rocket Morango Manga destaca-se claramente de outros dispositivos pela sua qualidade e sabor intenso.<\/p>\n<h3>O seu companheiro tropical ideal<\/h3>\n<p>Em resumo, o Bang Rocket Morango Manga 18000 Puffs \u00e9 a escolha perfeita para todos os que adoram aromas tropicais e procuram um dispositivo potente e f\u00e1cil de utilizar. Com a sua elevada capacidade de puffs, a inovadora tecnologia de vaporiza\u00e7\u00e3o e a deliciosa combina\u00e7\u00e3o de morango e manga, oferece uma experi\u00eancia de vaporiza\u00e7\u00e3o excecional. Gra\u00e7as \u00e0s suas fun\u00e7\u00f5es f\u00e1ceis de utilizar e ao design elegante, a vaporiza\u00e7\u00e3o com o Bang Rocket torna-se um prazer para todos os vaporizadores.<\/p>","protected":false},"excerpt":{"rendered":"<p>Bang Rocket Strawberry Mango 18000 Puffs: Tropische Frische im Dampfen Die Bang Rocket Strawberry Mango 18000 Puffs vereint zwei der beliebtesten tropischen Fr\u00fcchte zu einem intensiven Dampferlebnis, das jede Zug mit frischen Erdbeeren und reifen Mangos bereichert. Mit dieser perfekten Balance aus s\u00fc\u00dfer Erdbeere und exotischer Mango wird das Dampfen zu einem Genuss, der Sie [&hellip;]<\/p>","protected":false},"featured_media":14429,"template":"","meta":{"inline_featured_image":false},"product_cat":[15,763,750,737,736,749,752,756,744,755,738,751],"product_tag":[710,765],"tiered_pricing_type":"fixed","tiered_pricing_fixed_rules":{"60":"8.54","110":"7.59","200":"6.64"},"tiered_pricing_percentage_rules":[],"tiered_pricing_minimum":1,"_administrator_tiered_pricing_type":"fixed","_administrator_tiered_pricing_fixed_rules":[],"_editor_tiered_pricing_type":"fixed","_editor_tiered_pricing_fixed_rules":[],"_author_tiered_pricing_type":"fixed","_author_tiered_pricing_fixed_rules":[],"_contributor_tiered_pricing_type":"fixed","_contributor_tiered_pricing_fixed_rules":[],"_subscriber_tiered_pricing_type":"fixed","_subscriber_tiered_pricing_fixed_rules":[],"_customer_tiered_pricing_type":"fixed","_customer_tiered_pricing_fixed_rules":[],"_shop_manager_tiered_pricing_type":"fixed","_shop_manager_tiered_pricing_fixed_rules":[],"_wpseo_manager_tiered_pricing_type":"fixed","_wpseo_manager_tiered_pricing_fixed_rules":[],"_wpseo_editor_tiered_pricing_type":"fixed","_wpseo_editor_tiered_pricing_fixed_rules":[],"_wholesale_customer_tiered_pricing_type":"fixed","_wholesale_customer_tiered_pricing_fixed_rules":[],"_marketer_tiered_pricing_type":"fixed","_marketer_tiered_pricing_fixed_rules":[],"_sales_manager_tiered_pricing_type":"fixed","_sales_manager_tiered_pricing_fixed_rules":[],"_sales_rep_tiered_pricing_type":"fixed","_sales_rep_tiered_pricing_fixed_rules":[],"yoast_head":"<!-- This site is optimized with the Yoast SEO plugin v23.3 - https:\/\/yoast.com\/wordpress\/plugins\/seo\/ -->\n<title>Die Bang Rocket Strawberry Mango E-Zigarette 18000 Puffs bietet Ihnen die perfekte Kombination aus tropischen Aromen die jede Dampferfahrung mit Erdbeeren und Mango bereichert | ElementVape.de<\/title>\n<meta name=\"description\" content=\"Wir bieten Die Bang Rocket Strawberry Mango E-Zigarette 18000 Puffs bietet Ihnen die perfekte Kombination aus tropischen Aromen die jede Dampferfahrung mit Erdbeeren und Mango bereichert , Elementvape.de akzeptieren Gro\u00df-und Einzelhandel Bestellungen.\" \/>\n<meta name=\"robots\" content=\"index, follow, max-snippet:-1, max-image-preview:large, max-video-preview:-1\" \/>\n<link rel=\"canonical\" href=\"https:\/\/www.elementvape.de\/pt\/produkt\/die-bang-rocket-strawberry-mango-e-zigarette-18000-puffs-bietet-ihnen-die-perfekte-kombination-aus-tropischen-aromen-die-jede-dampferfahrung-mit-erdbeeren-und-mango-bereichert\/\" \/>\n<meta property=\"og:locale\" content=\"pt_PT\" \/>\n<meta property=\"og:type\" content=\"article\" \/>\n<meta property=\"og:title\" content=\"Die Bang Rocket Strawberry Mango E-Zigarette 18000 Puffs bietet Ihnen die perfekte Kombination aus tropischen Aromen die jede Dampferfahrung mit Erdbeeren und Mango bereichert | ElementVape.de\" \/>\n<meta property=\"og:description\" content=\"Wir bieten Die Bang Rocket Strawberry Mango E-Zigarette 18000 Puffs bietet Ihnen die perfekte Kombination aus tropischen Aromen die jede Dampferfahrung mit Erdbeeren und Mango bereichert , Elementvape.de akzeptieren Gro\u00df-und Einzelhandel Bestellungen.\" \/>\n<meta property=\"og:url\" content=\"https:\/\/www.elementvape.de\/pt\/produkt\/die-bang-rocket-strawberry-mango-e-zigarette-18000-puffs-bietet-ihnen-die-perfekte-kombination-aus-tropischen-aromen-die-jede-dampferfahrung-mit-erdbeeren-und-mango-bereichert\/\" \/>\n<meta property=\"og:site_name\" content=\"ElementVape.de\" \/>\n<meta property=\"article:modified_time\" content=\"2024-10-11T03:14:36+00:00\" \/>\n<meta property=\"og:image\" content=\"https:\/\/www.elementvape.de\/wp-content\/uploads\/2024\/09\/Strawberry-Mango-4.jpg\" \/>\n\t<meta property=\"og:image:width\" content=\"1280\" \/>\n\t<meta property=\"og:image:height\" content=\"907\" \/>\n\t<meta property=\"og:image:type\" content=\"image\/jpeg\" \/>\n<meta name=\"twitter:card\" content=\"summary_large_image\" \/>\n<meta name=\"twitter:label1\" content=\"Est. reading time\" \/>\n\t<meta name=\"twitter:data1\" content=\"4 minutos\" \/>\n<script type=\"application\/ld+json\" class=\"yoast-schema-graph\">{\"@context\":\"https:\/\/schema.org\",\"@graph\":[{\"@type\":\"WebPage\",\"@id\":\"https:\/\/www.elementvape.de\/nl\/produkt\/die-bang-rocket-strawberry-mango-e-zigarette-18000-puffs-bietet-ihnen-die-perfekte-kombination-aus-tropischen-aromen-die-jede-dampferfahrung-mit-erdbeeren-und-mango-bereichert\/\",\"url\":\"https:\/\/www.elementvape.de\/nl\/produkt\/die-bang-rocket-strawberry-mango-e-zigarette-18000-puffs-bietet-ihnen-die-perfekte-kombination-aus-tropischen-aromen-die-jede-dampferfahrung-mit-erdbeeren-und-mango-bereichert\/\",\"name\":\"Die Bang Rocket Strawberry Mango E-Zigarette 18000 Puffs bietet Ihnen die perfekte Kombination aus tropischen Aromen die jede Dampferfahrung mit Erdbeeren und Mango bereichert | ElementVape.de\",\"isPartOf\":{\"@id\":\"https:\/\/www.elementvape.de\/#website\"},\"primaryImageOfPage\":{\"@id\":\"https:\/\/www.elementvape.de\/nl\/produkt\/die-bang-rocket-strawberry-mango-e-zigarette-18000-puffs-bietet-ihnen-die-perfekte-kombination-aus-tropischen-aromen-die-jede-dampferfahrung-mit-erdbeeren-und-mango-bereichert\/#primaryimage\"},\"image\":{\"@id\":\"https:\/\/www.elementvape.de\/nl\/produkt\/die-bang-rocket-strawberry-mango-e-zigarette-18000-puffs-bietet-ihnen-die-perfekte-kombination-aus-tropischen-aromen-die-jede-dampferfahrung-mit-erdbeeren-und-mango-bereichert\/#primaryimage\"},\"thumbnailUrl\":\"https:\/\/www.elementvape.de\/wp-content\/uploads\/2024\/09\/Strawberry-Mango-4.jpg\",\"datePublished\":\"2024-09-20T06:37:49+00:00\",\"dateModified\":\"2024-10-11T03:14:36+00:00\",\"description\":\"Wir bieten Die Bang Rocket Strawberry Mango E-Zigarette 18000 Puffs bietet Ihnen die perfekte Kombination aus tropischen Aromen die jede Dampferfahrung mit Erdbeeren und Mango bereichert , Elementvape.de akzeptieren Gro\u00df-und Einzelhandel Bestellungen.\",\"breadcrumb\":{\"@id\":\"https:\/\/www.elementvape.de\/nl\/produkt\/die-bang-rocket-strawberry-mango-e-zigarette-18000-puffs-bietet-ihnen-die-perfekte-kombination-aus-tropischen-aromen-die-jede-dampferfahrung-mit-erdbeeren-und-mango-bereichert\/#breadcrumb\"},\"inLanguage\":\"pt-PT\",\"potentialAction\":[{\"@type\":\"ReadAction\",\"target\":[\"https:\/\/www.elementvape.de\/nl\/produkt\/die-bang-rocket-strawberry-mango-e-zigarette-18000-puffs-bietet-ihnen-die-perfekte-kombination-aus-tropischen-aromen-die-jede-dampferfahrung-mit-erdbeeren-und-mango-bereichert\/\"]}]},{\"@type\":\"ImageObject\",\"inLanguage\":\"pt-PT\",\"@id\":\"https:\/\/www.elementvape.de\/nl\/produkt\/die-bang-rocket-strawberry-mango-e-zigarette-18000-puffs-bietet-ihnen-die-perfekte-kombination-aus-tropischen-aromen-die-jede-dampferfahrung-mit-erdbeeren-und-mango-bereichert\/#primaryimage\",\"url\":\"https:\/\/www.elementvape.de\/wp-content\/uploads\/2024\/09\/Strawberry-Mango-4.jpg\",\"contentUrl\":\"https:\/\/www.elementvape.de\/wp-content\/uploads\/2024\/09\/Strawberry-Mango-4.jpg\",\"width\":1280,\"height\":907,\"caption\":\"Strawberry Mango\"},{\"@type\":\"BreadcrumbList\",\"@id\":\"https:\/\/www.elementvape.de\/nl\/produkt\/die-bang-rocket-strawberry-mango-e-zigarette-18000-puffs-bietet-ihnen-die-perfekte-kombination-aus-tropischen-aromen-die-jede-dampferfahrung-mit-erdbeeren-und-mango-bereichert\/#breadcrumb\",\"itemListElement\":[{\"@type\":\"ListItem\",\"position\":1,\"name\":\"Home\",\"item\":\"https:\/\/www.elementvape.de\/\"},{\"@type\":\"ListItem\",\"position\":2,\"name\":\"Shop\",\"item\":\"https:\/\/www.elementvape.de\/shop\/\"},{\"@type\":\"ListItem\",\"position\":3,\"name\":\"Die Bang Rocket Strawberry Mango E-Zigarette 18000 Puffs bietet Ihnen die perfekte Kombination aus tropischen Aromen die jede Dampferfahrung mit Erdbeeren und Mango bereichert\"}]},{\"@type\":\"WebSite\",\"@id\":\"https:\/\/www.elementvape.de\/#website\",\"url\":\"https:\/\/www.elementvape.de\/\",\"name\":\"ElementVape.de\",\"description\":\"\",\"publisher\":{\"@id\":\"https:\/\/www.elementvape.de\/#organization\"},\"potentialAction\":[{\"@type\":\"SearchAction\",\"target\":{\"@type\":\"EntryPoint\",\"urlTemplate\":\"https:\/\/www.elementvape.de\/?s={search_term_string}\"},\"query-input\":\"required name=search_term_string\"}],\"inLanguage\":\"pt-PT\"},{\"@type\":\"Organization\",\"@id\":\"https:\/\/www.elementvape.de\/#organization\",\"name\":\"ElementVape.DE\",\"url\":\"https:\/\/www.elementvape.de\/\",\"logo\":{\"@type\":\"ImageObject\",\"inLanguage\":\"pt-PT\",\"@id\":\"https:\/\/www.elementvape.de\/#\/schema\/logo\/image\/\",\"url\":\"https:\/\/www.elementvape.de\/wp-content\/uploads\/2024\/09\/cropped-1elementvape-3.png\",\"contentUrl\":\"https:\/\/www.elementvape.de\/wp-content\/uploads\/2024\/09\/cropped-1elementvape-3.png\",\"width\":285,\"height\":228,\"caption\":\"ElementVape.DE\"},\"image\":{\"@id\":\"https:\/\/www.elementvape.de\/#\/schema\/logo\/image\/\"}}]}<\/script>\n<!-- \/ Yoast SEO plugin. -->","yoast_head_json":{"title":"Die Bang Rocket Strawberry Mango E-Zigarette 18000 Puffs bietet Ihnen die perfekte Kombination aus tropischen Aromen die jede Dampferfahrung mit Erdbeeren und Mango bereichert | ElementVape.de","description":"Wir bieten Die Bang Rocket Strawberry Mango E-Zigarette 18000 Puffs bietet Ihnen die perfekte Kombination aus tropischen Aromen die jede Dampferfahrung mit Erdbeeren und Mango bereichert , Elementvape.de akzeptieren Gro\u00df-und Einzelhandel Bestellungen.","robots":{"index":"index","follow":"follow","max-snippet":"max-snippet:-1","max-image-preview":"max-image-preview:large","max-video-preview":"max-video-preview:-1"},"canonical":"https:\/\/www.elementvape.de\/pt\/produkt\/die-bang-rocket-strawberry-mango-e-zigarette-18000-puffs-bietet-ihnen-die-perfekte-kombination-aus-tropischen-aromen-die-jede-dampferfahrung-mit-erdbeeren-und-mango-bereichert\/","og_locale":"pt_PT","og_type":"article","og_title":"Die Bang Rocket Strawberry Mango E-Zigarette 18000 Puffs bietet Ihnen die perfekte Kombination aus tropischen Aromen die jede Dampferfahrung mit Erdbeeren und Mango bereichert | ElementVape.de","og_description":"Wir bieten Die Bang Rocket Strawberry Mango E-Zigarette 18000 Puffs bietet Ihnen die perfekte Kombination aus tropischen Aromen die jede Dampferfahrung mit Erdbeeren und Mango bereichert , Elementvape.de akzeptieren Gro\u00df-und Einzelhandel Bestellungen.","og_url":"https:\/\/www.elementvape.de\/pt\/produkt\/die-bang-rocket-strawberry-mango-e-zigarette-18000-puffs-bietet-ihnen-die-perfekte-kombination-aus-tropischen-aromen-die-jede-dampferfahrung-mit-erdbeeren-und-mango-bereichert\/","og_site_name":"ElementVape.de","article_modified_time":"2024-10-11T03:14:36+00:00","og_image":[{"width":1280,"height":907,"url":"https:\/\/www.elementvape.de\/wp-content\/uploads\/2024\/09\/Strawberry-Mango-4.jpg","type":"image\/jpeg"}],"twitter_card":"summary_large_image","twitter_misc":{"Est. reading time":"4 minutos"},"schema":{"@context":"https:\/\/schema.org","@graph":[{"@type":"WebPage","@id":"https:\/\/www.elementvape.de\/nl\/produkt\/die-bang-rocket-strawberry-mango-e-zigarette-18000-puffs-bietet-ihnen-die-perfekte-kombination-aus-tropischen-aromen-die-jede-dampferfahrung-mit-erdbeeren-und-mango-bereichert\/","url":"https:\/\/www.elementvape.de\/nl\/produkt\/die-bang-rocket-strawberry-mango-e-zigarette-18000-puffs-bietet-ihnen-die-perfekte-kombination-aus-tropischen-aromen-die-jede-dampferfahrung-mit-erdbeeren-und-mango-bereichert\/","name":"Die Bang Rocket Strawberry Mango E-Zigarette 18000 Puffs bietet Ihnen die perfekte Kombination aus tropischen Aromen die jede Dampferfahrung mit Erdbeeren und Mango bereichert | ElementVape.de","isPartOf":{"@id":"https:\/\/www.elementvape.de\/#website"},"primaryImageOfPage":{"@id":"https:\/\/www.elementvape.de\/nl\/produkt\/die-bang-rocket-strawberry-mango-e-zigarette-18000-puffs-bietet-ihnen-die-perfekte-kombination-aus-tropischen-aromen-die-jede-dampferfahrung-mit-erdbeeren-und-mango-bereichert\/#primaryimage"},"image":{"@id":"https:\/\/www.elementvape.de\/nl\/produkt\/die-bang-rocket-strawberry-mango-e-zigarette-18000-puffs-bietet-ihnen-die-perfekte-kombination-aus-tropischen-aromen-die-jede-dampferfahrung-mit-erdbeeren-und-mango-bereichert\/#primaryimage"},"thumbnailUrl":"https:\/\/www.elementvape.de\/wp-content\/uploads\/2024\/09\/Strawberry-Mango-4.jpg","datePublished":"2024-09-20T06:37:49+00:00","dateModified":"2024-10-11T03:14:36+00:00","description":"Wir bieten Die Bang Rocket Strawberry Mango E-Zigarette 18000 Puffs bietet Ihnen die perfekte Kombination aus tropischen Aromen die jede Dampferfahrung mit Erdbeeren und Mango bereichert , Elementvape.de akzeptieren Gro\u00df-und Einzelhandel Bestellungen.","breadcrumb":{"@id":"https:\/\/www.elementvape.de\/nl\/produkt\/die-bang-rocket-strawberry-mango-e-zigarette-18000-puffs-bietet-ihnen-die-perfekte-kombination-aus-tropischen-aromen-die-jede-dampferfahrung-mit-erdbeeren-und-mango-bereichert\/#breadcrumb"},"inLanguage":"pt-PT","potentialAction":[{"@type":"ReadAction","target":["https:\/\/www.elementvape.de\/nl\/produkt\/die-bang-rocket-strawberry-mango-e-zigarette-18000-puffs-bietet-ihnen-die-perfekte-kombination-aus-tropischen-aromen-die-jede-dampferfahrung-mit-erdbeeren-und-mango-bereichert\/"]}]},{"@type":"ImageObject","inLanguage":"pt-PT","@id":"https:\/\/www.elementvape.de\/nl\/produkt\/die-bang-rocket-strawberry-mango-e-zigarette-18000-puffs-bietet-ihnen-die-perfekte-kombination-aus-tropischen-aromen-die-jede-dampferfahrung-mit-erdbeeren-und-mango-bereichert\/#primaryimage","url":"https:\/\/www.elementvape.de\/wp-content\/uploads\/2024\/09\/Strawberry-Mango-4.jpg","contentUrl":"https:\/\/www.elementvape.de\/wp-content\/uploads\/2024\/09\/Strawberry-Mango-4.jpg","width":1280,"height":907,"caption":"Strawberry Mango"},{"@type":"BreadcrumbList","@id":"https:\/\/www.elementvape.de\/nl\/produkt\/die-bang-rocket-strawberry-mango-e-zigarette-18000-puffs-bietet-ihnen-die-perfekte-kombination-aus-tropischen-aromen-die-jede-dampferfahrung-mit-erdbeeren-und-mango-bereichert\/#breadcrumb","itemListElement":[{"@type":"ListItem","position":1,"name":"Home","item":"https:\/\/www.elementvape.de\/"},{"@type":"ListItem","position":2,"name":"Shop","item":"https:\/\/www.elementvape.de\/shop\/"},{"@type":"ListItem","position":3,"name":"Die Bang Rocket Strawberry Mango E-Zigarette 18000 Puffs bietet Ihnen die perfekte Kombination aus tropischen Aromen die jede Dampferfahrung mit Erdbeeren und Mango bereichert"}]},{"@type":"WebSite","@id":"https:\/\/www.elementvape.de\/#website","url":"https:\/\/www.elementvape.de\/","name":"ElementVape.de","description":"","publisher":{"@id":"https:\/\/www.elementvape.de\/#organization"},"potentialAction":[{"@type":"SearchAction","target":{"@type":"EntryPoint","urlTemplate":"https:\/\/www.elementvape.de\/?s={search_term_string}"},"query-input":"required name=search_term_string"}],"inLanguage":"pt-PT"},{"@type":"Organization","@id":"https:\/\/www.elementvape.de\/#organization","name":"ElementVape.DE","url":"https:\/\/www.elementvape.de\/","logo":{"@type":"ImageObject","inLanguage":"pt-PT","@id":"https:\/\/www.elementvape.de\/#\/schema\/logo\/image\/","url":"https:\/\/www.elementvape.de\/wp-content\/uploads\/2024\/09\/cropped-1elementvape-3.png","contentUrl":"https:\/\/www.elementvape.de\/wp-content\/uploads\/2024\/09\/cropped-1elementvape-3.png","width":285,"height":228,"caption":"ElementVape.DE"},"image":{"@id":"https:\/\/www.elementvape.de\/#\/schema\/logo\/image\/"}}]}},"_links":{"self":[{"href":"https:\/\/www.elementvape.de\/pt\/wp-json\/wp\/v2\/product\/14444"}],"collection":[{"href":"https:\/\/www.elementvape.de\/pt\/wp-json\/wp\/v2\/product"}],"about":[{"href":"https:\/\/www.elementvape.de\/pt\/wp-json\/wp\/v2\/types\/product"}],"wp:featuredmedia":[{"embeddable":true,"href":"https:\/\/www.elementvape.de\/pt\/wp-json\/wp\/v2\/media\/14429"}],"wp:attachment":[{"href":"https:\/\/www.elementvape.de\/pt\/wp-json\/wp\/v2\/media?parent=14444"}],"wp:term":[{"taxonomy":"product_cat","embeddable":true,"href":"https:\/\/www.elementvape.de\/pt\/wp-json\/wp\/v2\/product_cat?post=14444"},{"taxonomy":"product_tag","embeddable":true,"href":"https:\/\/www.elementvape.de\/pt\/wp-json\/wp\/v2\/product_tag?post=14444"}],"curies":[{"name":"wp","href":"https:\/\/api.w.org\/{rel}","templated":true}]}}