{"id":14191,"date":"2024-09-06T08:08:20","date_gmt":"2024-09-06T08:08:20","guid":{"rendered":"https:\/\/www.elementvape.de\/?post_type=product&#038;p=14191"},"modified":"2024-10-15T02:38:04","modified_gmt":"2024-10-15T02:38:04","slug":"geniessen-sie-12000-puffs-fruchtigen-strawberry-kiwi-geschmack-mit-der-bang-box-e-zigarette-hochwertige-einweg-e-zigaretten-fuer-intensiven-und-langanhaltenden-genuss","status":"publish","type":"product","link":"https:\/\/www.elementvape.de\/pt\/produkt\/geniessen-sie-12000-puffs-fruchtigen-strawberry-kiwi-geschmack-mit-der-bang-box-e-zigarette-hochwertige-einweg-e-zigaretten-fuer-intensiven-und-langanhaltenden-genuss\/","title":{"rendered":"Desfrute de 12000 puffs de sabor frutado de morango com kiwi com o cigarro eletr\u00f4nico Bang Box \u2013 Cigarros eletr\u00f4nicos descart\u00e1veis de alta qualidade para prazer intenso e duradouro"},"content":{"rendered":"<div class=\"flex-shrink-0 flex flex-col relative items-end\">\n<div>\n<div class=\"pt-0\">\n<div class=\"gizmo-bot-avatar flex h-8 w-8 items-center justify-center overflow-hidden rounded-full\">\n<div class=\"relative p-1 rounded-sm flex items-center justify-center bg-token-main-surface-primary text-token-text-primary h-8 w-8\">Bang Box 12000 Puff E-Cigarro: Sabor frutado de Morango Kiwi para um prazer duradouro<\/div>\n<div><\/div>\n<\/div>\n<\/div>\n<\/div>\n<\/div>\n<div class=\"group\/conversation-turn relative flex w-full min-w-0 flex-col agent-turn\">\n<div class=\"flex-col gap-1 md:gap-3\">\n<div class=\"flex max-w-full flex-col flex-grow\">\n<div class=\"min-h-[20px] text-message flex w-full flex-col items-end gap-2 whitespace-normal break-words [.text-message+&amp;]:mt-5 overflow-x-auto\" dir=\"auto\" data-message-author-role=\"assistant\" data-message-id=\"e0d46404-b8ed-4015-912e-810e5a878b7f\">\n<div class=\"flex w-full flex-col gap-1 empty:hidden first:pt-[3px]\">\n<div class=\"markdown prose w-full break-words dark:prose-invert light\">\n<p>A Bang Box 12000 Puff E-Cigarro combina um prazer de alta qualidade com um delicioso sabor a Morango Kiwi e oferece at\u00e9 12000 puffs para uma experi\u00eancia de vaporiza\u00e7\u00e3o intensa. Este cigarro eletr\u00f4nico descart\u00e1vel \u00e9 ideal para vaporizadores que procuram uma utiliza\u00e7\u00e3o fi\u00e1vel e prolongada, sem abrir m\u00e3o do sabor e da qualidade.<\/p>\n<p>Aqui est\u00e3o os detalhes mais importantes sobre o Bang Box num relance:<\/p>\n<table>\n<thead>\n<tr>\n<th>Propriedade<\/th>\n<th>Especifica\u00e7\u00e3o<\/th>\n<\/tr>\n<\/thead>\n<tbody>\n<tr>\n<td>Sabor<\/td>\n<td>Morango Kiwi<\/td>\n<\/tr>\n<tr>\n<td>Capacidade de Puff<\/td>\n<td>12000 baforadas<\/td>\n<\/tr>\n<tr>\n<td>Bateria<\/td>\n<td>650mAh<\/td>\n<\/tr>\n<tr>\n<td>Capacidade de L\u00edquido Eletr\u00f3nico<\/td>\n<td>20ml<\/td>\n<\/tr>\n<tr>\n<td>Bobina<\/td>\n<td>Mesh de 0.8ohm<\/td>\n<\/tr>\n<tr>\n<td>Conte\u00fado de N<\/td>\n<td>2% ou 5%<\/td>\n<\/tr>\n<tr>\n<td>Peso do produto<\/td>\n<td>85g<\/td>\n<\/tr>\n<tr>\n<td>Tamanho do produto<\/td>\n<td>113mm x 32mm<\/td>\n<\/tr>\n<tr>\n<td>Conector de carregamento<\/td>\n<td>Porta de carregamento Type-C<\/td>\n<\/tr>\n<tr>\n<td>Caracter\u00edstica especial<\/td>\n<td>Luz LED colorida<\/td>\n<\/tr>\n<\/tbody>\n<\/table>\n<h3>12000 Puffs Para um prazer duradouro<\/h3>\n<p>Alta capacidade de puffs para uso cont\u00ednuo <strong><a href=\"https:\/\/www.elementvape.de\/pt\/\">vaporiza\u00e7\u00e3o<\/a><\/strong> Com uma capacidade de at\u00e9 12000 puffs, a Bang Box oferece uma utiliza\u00e7\u00e3o excepcionalmente longa. Este elevado n\u00famero de puffs significa que pode vapear durante v\u00e1rios dias sem precisar substituir rapidamente o dispositivo. Ideal para quem est\u00e1 sempre em movimento ou simplesmente procura um produto duradouro <strong><a href=\"https:\/\/www.elementvape.de\/pt\/c\/einweg-zigarette\/\" target=\"_blank\" rel=\"noopener\">E-cigarro descart\u00e1vel<\/a><\/strong> procuram.<\/p>\n<p>Bateria potente de 650mAh para desempenho cont\u00ednuo A bateria de 650mAh da Bang Box garante um desempenho fi\u00e1vel durante um longo per\u00edodo. Com a porta de carregamento Type-C, pode recarregar rapidamente a bateria, mantendo o dispositivo sempre pronto a usar. Esta combina\u00e7\u00e3o assegura uma utiliza\u00e7\u00e3o constante e prolongada sem recargas frequentes.<\/p>\n<h3>Sabor frutado de Morango Kiwi<\/h3>\n<p>Mistura refrescante de morango e kiwi O sabor Morango Kiwi da Bang Box combina a do\u00e7ura de morangos suculentos com a acidez fresca do kiwi. Esta mistura perfeita proporciona uma experi\u00eancia frutada de vaporiza\u00e7\u00e3o, que \u00e9 tanto doce quanto refrescante. Cada tragada revela o sabor completo desta combina\u00e7\u00e3o frutada.<\/p>\n<p>Tecnologia de bobina de malha para um prazer intenso Gra\u00e7as \u00e0 tecnologia de bobina de malha de 0,8 ohm, o e-l\u00edquido \u00e9 vaporizado de forma eficiente, resultando num sabor uniforme e intenso. A bobina de malha produz nuvens densas de vapor e uma experi\u00eancia de sabor constante, que permanece at\u00e9 \u00e0 \u00faltima tragada.<\/p>\n<p>Leve e compacto para m\u00e1xima mobilidade Com um peso de apenas 85g e dimens\u00f5es de 113mm x 32mm, a Bang Box \u00e9 extremamente leve e compacta. Encaixa-se facilmente em qualquer bolso, sendo o acompanhante ideal para quem est\u00e1 em movimento. Seja em viagens ou simplesmente para levar na carteira, a Bang Box est\u00e1 sempre ao alcance.<\/p>\n<p>F\u00e1cil de usar sem complica\u00e7\u00f5es A Bang Box \u00e9 especialmente amig\u00e1vel para o utilizador. Sem configura\u00e7\u00f5es complicadas ou bot\u00f5es, pode simplesmente carreg\u00e1-la e desfrutar. Esta facilidade de uso torna-a acess\u00edvel tanto para iniciantes quanto para vaporizadores experientes, permitindo uma experi\u00eancia completa sem se preocupar com detalhes t\u00e9cnicos.<\/p>\n<h3>Qualidade e seguran\u00e7a para vaporiza\u00e7\u00e3o sem preocupa\u00e7\u00f5es<\/h3>\n<p>Design robusto para durabilidade A Bang Box \u00e9 feita com materiais de alta qualidade que garantem uma longa vida \u00fatil. A estrutura resistente protege o dispositivo do desgaste e de influ\u00eancias externas, permitindo confiar numa performance constante. Esta durabilidade faz da Bang Box uma escolha confi\u00e1vel para todos os vaporizadores.<\/p>\n<\/div>\n<\/div>\n<\/div>\n<\/div>\n<\/div>\n<\/div>","protected":false},"excerpt":{"rendered":"<p>Bang Box 12000 Puff E-Zigarette: Fruchtiger Strawberry Kiwi Geschmack f\u00fcr langanhaltenden Genuss Die Bang Box 12000 Puff E-Zigarette vereint hochwertigen Genuss mit einem k\u00f6stlichen Strawberry Kiwi Geschmack und bietet bis zu 12000 Puffs f\u00fcr ein intensives Dampferlebnis. Diese Einweg E-Zigarette ist ideal f\u00fcr Dampfer, die nach einer zuverl\u00e4ssigen und langen Nutzung suchen, ohne auf Geschmack [&hellip;]<\/p>","protected":false},"featured_media":14192,"template":"","meta":{"inline_featured_image":false},"product_cat":[15,728,78,735,746,741,733,750,737,736,749,752,756,744,755,738,751],"product_tag":[710,673],"tiered_pricing_type":"fixed","tiered_pricing_fixed_rules":{"60":"6.83","110":"6.07","200":"5.31"},"tiered_pricing_percentage_rules":[],"tiered_pricing_minimum":1,"_administrator_tiered_pricing_type":"fixed","_administrator_tiered_pricing_fixed_rules":[],"_editor_tiered_pricing_type":"fixed","_editor_tiered_pricing_fixed_rules":[],"_author_tiered_pricing_type":"fixed","_author_tiered_pricing_fixed_rules":[],"_contributor_tiered_pricing_type":"fixed","_contributor_tiered_pricing_fixed_rules":[],"_subscriber_tiered_pricing_type":"fixed","_subscriber_tiered_pricing_fixed_rules":[],"_customer_tiered_pricing_type":"fixed","_customer_tiered_pricing_fixed_rules":[],"_shop_manager_tiered_pricing_type":"fixed","_shop_manager_tiered_pricing_fixed_rules":[],"_wpseo_manager_tiered_pricing_type":"fixed","_wpseo_manager_tiered_pricing_fixed_rules":[],"_wpseo_editor_tiered_pricing_type":"fixed","_wpseo_editor_tiered_pricing_fixed_rules":[],"_wholesale_customer_tiered_pricing_type":"fixed","_wholesale_customer_tiered_pricing_fixed_rules":[],"_marketer_tiered_pricing_type":"fixed","_marketer_tiered_pricing_fixed_rules":[],"_sales_manager_tiered_pricing_type":"fixed","_sales_manager_tiered_pricing_fixed_rules":[],"_sales_rep_tiered_pricing_type":"fixed","_sales_rep_tiered_pricing_fixed_rules":[],"yoast_head":"<!-- This site is optimized with the Yoast SEO plugin v23.3 - https:\/\/yoast.com\/wordpress\/plugins\/seo\/ -->\n<title>Genie\u00dfen Sie 12000 Puffs fruchtigen Strawberry Kiwi Geschmack mit der Bang Box E-Zigarette \u2013 Hochwertige Einweg-E-Zigaretten f\u00fcr intensiven und langanhaltenden Genuss | ElementVape.de<\/title>\n<meta name=\"description\" content=\"Wir bieten Genie\u00dfen Sie 12000 Puffs fruchtigen Strawberry Kiwi Geschmack mit der Bang Box E-Zigarette \u2013 Hochwertige Einweg-E-Zigaretten f\u00fcr intensiven und langanhaltenden Genuss , Elementvape.de akzeptieren Gro\u00df-und Einzelhandel Bestellungen.\" \/>\n<meta name=\"robots\" content=\"index, follow, max-snippet:-1, max-image-preview:large, max-video-preview:-1\" \/>\n<link rel=\"canonical\" href=\"https:\/\/www.elementvape.de\/pt\/produkt\/geniessen-sie-12000-puffs-fruchtigen-strawberry-kiwi-geschmack-mit-der-bang-box-e-zigarette-hochwertige-einweg-e-zigaretten-fuer-intensiven-und-langanhaltenden-genuss\/\" \/>\n<meta property=\"og:locale\" content=\"pt_PT\" \/>\n<meta property=\"og:type\" content=\"article\" \/>\n<meta property=\"og:title\" content=\"Genie\u00dfen Sie 12000 Puffs fruchtigen Strawberry Kiwi Geschmack mit der Bang Box E-Zigarette \u2013 Hochwertige Einweg-E-Zigaretten f\u00fcr intensiven und langanhaltenden Genuss | ElementVape.de\" \/>\n<meta property=\"og:description\" content=\"Wir bieten Genie\u00dfen Sie 12000 Puffs fruchtigen Strawberry Kiwi Geschmack mit der Bang Box E-Zigarette \u2013 Hochwertige Einweg-E-Zigaretten f\u00fcr intensiven und langanhaltenden Genuss , Elementvape.de akzeptieren Gro\u00df-und Einzelhandel Bestellungen.\" \/>\n<meta property=\"og:url\" content=\"https:\/\/www.elementvape.de\/pt\/produkt\/geniessen-sie-12000-puffs-fruchtigen-strawberry-kiwi-geschmack-mit-der-bang-box-e-zigarette-hochwertige-einweg-e-zigaretten-fuer-intensiven-und-langanhaltenden-genuss\/\" \/>\n<meta property=\"og:site_name\" content=\"ElementVape.de\" \/>\n<meta property=\"article:modified_time\" content=\"2024-10-15T02:38:04+00:00\" \/>\n<meta property=\"og:image\" content=\"https:\/\/www.elementvape.de\/wp-content\/uploads\/2024\/09\/Strawberry-Ice-1-1024x859.jpg\" \/>\n\t<meta property=\"og:image:width\" content=\"1024\" \/>\n\t<meta property=\"og:image:height\" content=\"859\" \/>\n\t<meta property=\"og:image:type\" content=\"image\/jpeg\" \/>\n<meta name=\"twitter:card\" content=\"summary_large_image\" \/>\n<meta name=\"twitter:label1\" content=\"Est. reading time\" \/>\n\t<meta name=\"twitter:data1\" content=\"3 minutos\" \/>\n<script type=\"application\/ld+json\" class=\"yoast-schema-graph\">{\"@context\":\"https:\/\/schema.org\",\"@graph\":[{\"@type\":\"WebPage\",\"@id\":\"https:\/\/www.elementvape.de\/fi\/produkt\/geniessen-sie-12000-puffs-fruchtigen-strawberry-kiwi-geschmack-mit-der-bang-box-e-zigarette-hochwertige-einweg-e-zigaretten-fuer-intensiven-und-langanhaltenden-genuss\/\",\"url\":\"https:\/\/www.elementvape.de\/fi\/produkt\/geniessen-sie-12000-puffs-fruchtigen-strawberry-kiwi-geschmack-mit-der-bang-box-e-zigarette-hochwertige-einweg-e-zigaretten-fuer-intensiven-und-langanhaltenden-genuss\/\",\"name\":\"Genie\u00dfen Sie 12000 Puffs fruchtigen Strawberry Kiwi Geschmack mit der Bang Box E-Zigarette \u2013 Hochwertige Einweg-E-Zigaretten f\u00fcr intensiven und langanhaltenden Genuss | ElementVape.de\",\"isPartOf\":{\"@id\":\"https:\/\/www.elementvape.de\/#website\"},\"primaryImageOfPage\":{\"@id\":\"https:\/\/www.elementvape.de\/fi\/produkt\/geniessen-sie-12000-puffs-fruchtigen-strawberry-kiwi-geschmack-mit-der-bang-box-e-zigarette-hochwertige-einweg-e-zigaretten-fuer-intensiven-und-langanhaltenden-genuss\/#primaryimage\"},\"image\":{\"@id\":\"https:\/\/www.elementvape.de\/fi\/produkt\/geniessen-sie-12000-puffs-fruchtigen-strawberry-kiwi-geschmack-mit-der-bang-box-e-zigarette-hochwertige-einweg-e-zigaretten-fuer-intensiven-und-langanhaltenden-genuss\/#primaryimage\"},\"thumbnailUrl\":\"https:\/\/www.elementvape.de\/wp-content\/uploads\/2024\/09\/Strawberry-Ice-1.jpg\",\"datePublished\":\"2024-09-06T08:08:20+00:00\",\"dateModified\":\"2024-10-15T02:38:04+00:00\",\"description\":\"Wir bieten Genie\u00dfen Sie 12000 Puffs fruchtigen Strawberry Kiwi Geschmack mit der Bang Box E-Zigarette \u2013 Hochwertige Einweg-E-Zigaretten f\u00fcr intensiven und langanhaltenden Genuss , Elementvape.de akzeptieren Gro\u00df-und Einzelhandel Bestellungen.\",\"breadcrumb\":{\"@id\":\"https:\/\/www.elementvape.de\/fi\/produkt\/geniessen-sie-12000-puffs-fruchtigen-strawberry-kiwi-geschmack-mit-der-bang-box-e-zigarette-hochwertige-einweg-e-zigaretten-fuer-intensiven-und-langanhaltenden-genuss\/#breadcrumb\"},\"inLanguage\":\"pt-PT\",\"potentialAction\":[{\"@type\":\"ReadAction\",\"target\":[\"https:\/\/www.elementvape.de\/fi\/produkt\/geniessen-sie-12000-puffs-fruchtigen-strawberry-kiwi-geschmack-mit-der-bang-box-e-zigarette-hochwertige-einweg-e-zigaretten-fuer-intensiven-und-langanhaltenden-genuss\/\"]}]},{\"@type\":\"ImageObject\",\"inLanguage\":\"pt-PT\",\"@id\":\"https:\/\/www.elementvape.de\/fi\/produkt\/geniessen-sie-12000-puffs-fruchtigen-strawberry-kiwi-geschmack-mit-der-bang-box-e-zigarette-hochwertige-einweg-e-zigaretten-fuer-intensiven-und-langanhaltenden-genuss\/#primaryimage\",\"url\":\"https:\/\/www.elementvape.de\/wp-content\/uploads\/2024\/09\/Strawberry-Ice-1.jpg\",\"contentUrl\":\"https:\/\/www.elementvape.de\/wp-content\/uploads\/2024\/09\/Strawberry-Ice-1.jpg\",\"width\":2441,\"height\":2048,\"caption\":\"Strawberry Ice\"},{\"@type\":\"BreadcrumbList\",\"@id\":\"https:\/\/www.elementvape.de\/fi\/produkt\/geniessen-sie-12000-puffs-fruchtigen-strawberry-kiwi-geschmack-mit-der-bang-box-e-zigarette-hochwertige-einweg-e-zigaretten-fuer-intensiven-und-langanhaltenden-genuss\/#breadcrumb\",\"itemListElement\":[{\"@type\":\"ListItem\",\"position\":1,\"name\":\"Home\",\"item\":\"https:\/\/www.elementvape.de\/\"},{\"@type\":\"ListItem\",\"position\":2,\"name\":\"Shop\",\"item\":\"https:\/\/www.elementvape.de\/shop\/\"},{\"@type\":\"ListItem\",\"position\":3,\"name\":\"Genie\u00dfen Sie 12000 Puffs fruchtigen Strawberry Kiwi Geschmack mit der Bang Box E-Zigarette \u2013 Hochwertige Einweg-E-Zigaretten f\u00fcr intensiven und langanhaltenden Genuss\"}]},{\"@type\":\"WebSite\",\"@id\":\"https:\/\/www.elementvape.de\/#website\",\"url\":\"https:\/\/www.elementvape.de\/\",\"name\":\"ElementVape.de\",\"description\":\"\",\"publisher\":{\"@id\":\"https:\/\/www.elementvape.de\/#organization\"},\"potentialAction\":[{\"@type\":\"SearchAction\",\"target\":{\"@type\":\"EntryPoint\",\"urlTemplate\":\"https:\/\/www.elementvape.de\/?s={search_term_string}\"},\"query-input\":\"required name=search_term_string\"}],\"inLanguage\":\"pt-PT\"},{\"@type\":\"Organization\",\"@id\":\"https:\/\/www.elementvape.de\/#organization\",\"name\":\"ElementVape.DE\",\"url\":\"https:\/\/www.elementvape.de\/\",\"logo\":{\"@type\":\"ImageObject\",\"inLanguage\":\"pt-PT\",\"@id\":\"https:\/\/www.elementvape.de\/#\/schema\/logo\/image\/\",\"url\":\"https:\/\/www.elementvape.de\/wp-content\/uploads\/2024\/09\/cropped-1elementvape-3.png\",\"contentUrl\":\"https:\/\/www.elementvape.de\/wp-content\/uploads\/2024\/09\/cropped-1elementvape-3.png\",\"width\":285,\"height\":228,\"caption\":\"ElementVape.DE\"},\"image\":{\"@id\":\"https:\/\/www.elementvape.de\/#\/schema\/logo\/image\/\"}}]}<\/script>\n<!-- \/ Yoast SEO plugin. -->","yoast_head_json":{"title":"Genie\u00dfen Sie 12000 Puffs fruchtigen Strawberry Kiwi Geschmack mit der Bang Box E-Zigarette \u2013 Hochwertige Einweg-E-Zigaretten f\u00fcr intensiven und langanhaltenden Genuss | ElementVape.de","description":"Wir bieten Genie\u00dfen Sie 12000 Puffs fruchtigen Strawberry Kiwi Geschmack mit der Bang Box E-Zigarette \u2013 Hochwertige Einweg-E-Zigaretten f\u00fcr intensiven und langanhaltenden Genuss , Elementvape.de akzeptieren Gro\u00df-und Einzelhandel Bestellungen.","robots":{"index":"index","follow":"follow","max-snippet":"max-snippet:-1","max-image-preview":"max-image-preview:large","max-video-preview":"max-video-preview:-1"},"canonical":"https:\/\/www.elementvape.de\/pt\/produkt\/geniessen-sie-12000-puffs-fruchtigen-strawberry-kiwi-geschmack-mit-der-bang-box-e-zigarette-hochwertige-einweg-e-zigaretten-fuer-intensiven-und-langanhaltenden-genuss\/","og_locale":"pt_PT","og_type":"article","og_title":"Genie\u00dfen Sie 12000 Puffs fruchtigen Strawberry Kiwi Geschmack mit der Bang Box E-Zigarette \u2013 Hochwertige Einweg-E-Zigaretten f\u00fcr intensiven und langanhaltenden Genuss | ElementVape.de","og_description":"Wir bieten Genie\u00dfen Sie 12000 Puffs fruchtigen Strawberry Kiwi Geschmack mit der Bang Box E-Zigarette \u2013 Hochwertige Einweg-E-Zigaretten f\u00fcr intensiven und langanhaltenden Genuss , Elementvape.de akzeptieren Gro\u00df-und Einzelhandel Bestellungen.","og_url":"https:\/\/www.elementvape.de\/pt\/produkt\/geniessen-sie-12000-puffs-fruchtigen-strawberry-kiwi-geschmack-mit-der-bang-box-e-zigarette-hochwertige-einweg-e-zigaretten-fuer-intensiven-und-langanhaltenden-genuss\/","og_site_name":"ElementVape.de","article_modified_time":"2024-10-15T02:38:04+00:00","og_image":[{"width":1024,"height":859,"url":"https:\/\/www.elementvape.de\/wp-content\/uploads\/2024\/09\/Strawberry-Ice-1-1024x859.jpg","type":"image\/jpeg"}],"twitter_card":"summary_large_image","twitter_misc":{"Est. reading time":"3 minutos"},"schema":{"@context":"https:\/\/schema.org","@graph":[{"@type":"WebPage","@id":"https:\/\/www.elementvape.de\/fi\/produkt\/geniessen-sie-12000-puffs-fruchtigen-strawberry-kiwi-geschmack-mit-der-bang-box-e-zigarette-hochwertige-einweg-e-zigaretten-fuer-intensiven-und-langanhaltenden-genuss\/","url":"https:\/\/www.elementvape.de\/fi\/produkt\/geniessen-sie-12000-puffs-fruchtigen-strawberry-kiwi-geschmack-mit-der-bang-box-e-zigarette-hochwertige-einweg-e-zigaretten-fuer-intensiven-und-langanhaltenden-genuss\/","name":"Genie\u00dfen Sie 12000 Puffs fruchtigen Strawberry Kiwi Geschmack mit der Bang Box E-Zigarette \u2013 Hochwertige Einweg-E-Zigaretten f\u00fcr intensiven und langanhaltenden Genuss | ElementVape.de","isPartOf":{"@id":"https:\/\/www.elementvape.de\/#website"},"primaryImageOfPage":{"@id":"https:\/\/www.elementvape.de\/fi\/produkt\/geniessen-sie-12000-puffs-fruchtigen-strawberry-kiwi-geschmack-mit-der-bang-box-e-zigarette-hochwertige-einweg-e-zigaretten-fuer-intensiven-und-langanhaltenden-genuss\/#primaryimage"},"image":{"@id":"https:\/\/www.elementvape.de\/fi\/produkt\/geniessen-sie-12000-puffs-fruchtigen-strawberry-kiwi-geschmack-mit-der-bang-box-e-zigarette-hochwertige-einweg-e-zigaretten-fuer-intensiven-und-langanhaltenden-genuss\/#primaryimage"},"thumbnailUrl":"https:\/\/www.elementvape.de\/wp-content\/uploads\/2024\/09\/Strawberry-Ice-1.jpg","datePublished":"2024-09-06T08:08:20+00:00","dateModified":"2024-10-15T02:38:04+00:00","description":"Wir bieten Genie\u00dfen Sie 12000 Puffs fruchtigen Strawberry Kiwi Geschmack mit der Bang Box E-Zigarette \u2013 Hochwertige Einweg-E-Zigaretten f\u00fcr intensiven und langanhaltenden Genuss , Elementvape.de akzeptieren Gro\u00df-und Einzelhandel Bestellungen.","breadcrumb":{"@id":"https:\/\/www.elementvape.de\/fi\/produkt\/geniessen-sie-12000-puffs-fruchtigen-strawberry-kiwi-geschmack-mit-der-bang-box-e-zigarette-hochwertige-einweg-e-zigaretten-fuer-intensiven-und-langanhaltenden-genuss\/#breadcrumb"},"inLanguage":"pt-PT","potentialAction":[{"@type":"ReadAction","target":["https:\/\/www.elementvape.de\/fi\/produkt\/geniessen-sie-12000-puffs-fruchtigen-strawberry-kiwi-geschmack-mit-der-bang-box-e-zigarette-hochwertige-einweg-e-zigaretten-fuer-intensiven-und-langanhaltenden-genuss\/"]}]},{"@type":"ImageObject","inLanguage":"pt-PT","@id":"https:\/\/www.elementvape.de\/fi\/produkt\/geniessen-sie-12000-puffs-fruchtigen-strawberry-kiwi-geschmack-mit-der-bang-box-e-zigarette-hochwertige-einweg-e-zigaretten-fuer-intensiven-und-langanhaltenden-genuss\/#primaryimage","url":"https:\/\/www.elementvape.de\/wp-content\/uploads\/2024\/09\/Strawberry-Ice-1.jpg","contentUrl":"https:\/\/www.elementvape.de\/wp-content\/uploads\/2024\/09\/Strawberry-Ice-1.jpg","width":2441,"height":2048,"caption":"Strawberry Ice"},{"@type":"BreadcrumbList","@id":"https:\/\/www.elementvape.de\/fi\/produkt\/geniessen-sie-12000-puffs-fruchtigen-strawberry-kiwi-geschmack-mit-der-bang-box-e-zigarette-hochwertige-einweg-e-zigaretten-fuer-intensiven-und-langanhaltenden-genuss\/#breadcrumb","itemListElement":[{"@type":"ListItem","position":1,"name":"Home","item":"https:\/\/www.elementvape.de\/"},{"@type":"ListItem","position":2,"name":"Shop","item":"https:\/\/www.elementvape.de\/shop\/"},{"@type":"ListItem","position":3,"name":"Genie\u00dfen Sie 12000 Puffs fruchtigen Strawberry Kiwi Geschmack mit der Bang Box E-Zigarette \u2013 Hochwertige Einweg-E-Zigaretten f\u00fcr intensiven und langanhaltenden Genuss"}]},{"@type":"WebSite","@id":"https:\/\/www.elementvape.de\/#website","url":"https:\/\/www.elementvape.de\/","name":"ElementVape.de","description":"","publisher":{"@id":"https:\/\/www.elementvape.de\/#organization"},"potentialAction":[{"@type":"SearchAction","target":{"@type":"EntryPoint","urlTemplate":"https:\/\/www.elementvape.de\/?s={search_term_string}"},"query-input":"required name=search_term_string"}],"inLanguage":"pt-PT"},{"@type":"Organization","@id":"https:\/\/www.elementvape.de\/#organization","name":"ElementVape.DE","url":"https:\/\/www.elementvape.de\/","logo":{"@type":"ImageObject","inLanguage":"pt-PT","@id":"https:\/\/www.elementvape.de\/#\/schema\/logo\/image\/","url":"https:\/\/www.elementvape.de\/wp-content\/uploads\/2024\/09\/cropped-1elementvape-3.png","contentUrl":"https:\/\/www.elementvape.de\/wp-content\/uploads\/2024\/09\/cropped-1elementvape-3.png","width":285,"height":228,"caption":"ElementVape.DE"},"image":{"@id":"https:\/\/www.elementvape.de\/#\/schema\/logo\/image\/"}}]}},"_links":{"self":[{"href":"https:\/\/www.elementvape.de\/pt\/wp-json\/wp\/v2\/product\/14191"}],"collection":[{"href":"https:\/\/www.elementvape.de\/pt\/wp-json\/wp\/v2\/product"}],"about":[{"href":"https:\/\/www.elementvape.de\/pt\/wp-json\/wp\/v2\/types\/product"}],"wp:featuredmedia":[{"embeddable":true,"href":"https:\/\/www.elementvape.de\/pt\/wp-json\/wp\/v2\/media\/14192"}],"wp:attachment":[{"href":"https:\/\/www.elementvape.de\/pt\/wp-json\/wp\/v2\/media?parent=14191"}],"wp:term":[{"taxonomy":"product_cat","embeddable":true,"href":"https:\/\/www.elementvape.de\/pt\/wp-json\/wp\/v2\/product_cat?post=14191"},{"taxonomy":"product_tag","embeddable":true,"href":"https:\/\/www.elementvape.de\/pt\/wp-json\/wp\/v2\/product_tag?post=14191"}],"curies":[{"name":"wp","href":"https:\/\/api.w.org\/{rel}","templated":true}]}}