{"id":14106,"date":"2024-09-02T09:33:03","date_gmt":"2024-09-02T09:33:03","guid":{"rendered":"https:\/\/www.elementvape.de\/?post_type=product&#038;p=14106"},"modified":"2024-10-15T03:06:35","modified_gmt":"2024-10-15T03:06:35","slug":"waspe-15000-puffs-watermelon-ice-e-zigarette-zollfrei-und-zu-erfrischenden-grosshandelspreisen-fuer-den-perfekten-sommergenuss","status":"publish","type":"product","link":"https:\/\/www.elementvape.de\/pt\/produkt\/waspe-15000-puffs-watermelon-ice-e-zigarette-zollfrei-und-zu-erfrischenden-grosshandelspreisen-fuer-den-perfekten-sommergenuss\/","title":{"rendered":"WASPE 15000 PUFFS Watermelon Ice E-cigarette livre de alf\u00e2ndega e a pre\u00e7os de atacado refrescantes para o consumo perfeito de ver\u00e3o"},"content":{"rendered":"<h3>WASPE 15000 PUFFS Watermelon Ice E-cigarette livre de alf\u00e2ndega e a pre\u00e7os de atacado refrescantes para o consumo perfeito de ver\u00e3o<\/h3>\n<p>A WASPE 15000 PUFFS Watermelon Ice E-Cigarro \u00e9 a escolha definitiva para todos aqueles que desejam desfrutar de um sabor fresco e frutado, perfeito para dias quentes de ver\u00e3o. Com o seu aroma inconfund\u00edvel de melancia suculenta, combinado com um toque refrescante de gelo, oferece uma <strong><a href=\"https:\/\/www.elementvape.de\/pt\/\" target=\"_blank\" rel=\"noopener\">Cigarro eletr\u00f3nico<\/a><\/strong> uma experi\u00eancia de vaporiza\u00e7\u00e3o excecional que os seus clientes ir\u00e3o adorar. Agora dispon\u00edvel sem taxas alfandeg\u00e1rias e a pre\u00e7os de atacado atraentes, \u00e9 uma pe\u00e7a obrigat\u00f3ria para qualquer revendedor que queira expandir o seu cat\u00e1logo com um produto refrescante e popular.<\/p>\n<p>A combina\u00e7\u00e3o de melancia doce e suculenta com um toque refrescante de hortel\u00e3 faz da WASPE 15000 PUFFS Watermelon Ice E-Cigarro uma verdadeira del\u00edcia revigorante. O sabor da melancia lembra dias quentes de ver\u00e3o, enquanto a nota fresca confere ao vapor uma sensa\u00e7\u00e3o de frescura especialmente agrad\u00e1vel. Esta variedade de sabor \u00e9 ideal para clientes que procuram uma alternativa leve e refrescante a sabores mais intensos, ao mesmo tempo que desfrutam da mistura perfeita de fruta e frescura.<\/p>\n<h4>Impressionantes 15000 tragos para um prazer duradouro<\/h4>\n<p><img loading=\"lazy\" decoding=\"async\" class=\"size-medium wp-image-14108 alignright\" src=\"https:\/\/www.elementvape.de\/wp-content\/uploads\/2024\/09\/1-2-257x300.jpg\" alt=\"1 (2)\" width=\"257\" height=\"300\" srcset=\"https:\/\/www.elementvape.de\/wp-content\/uploads\/2024\/09\/1-2-257x300.jpg 257w, https:\/\/www.elementvape.de\/wp-content\/uploads\/2024\/09\/1-2-878x1024.jpg 878w, https:\/\/www.elementvape.de\/wp-content\/uploads\/2024\/09\/1-2-768x896.jpg 768w, https:\/\/www.elementvape.de\/wp-content\/uploads\/2024\/09\/1-2-1317x1536.jpg 1317w, https:\/\/www.elementvape.de\/wp-content\/uploads\/2024\/09\/1-2-1755x2048.jpg 1755w, https:\/\/www.elementvape.de\/wp-content\/uploads\/2024\/09\/1-2-600x700.jpg 600w\" sizes=\"(max-width: 257px) 100vw, 257px\" \/><\/p>\n<p>Com uma capacidade impressionante de 15.000 tragos, a WASPE 15000 PUFFS oferece uma durabilidade que os seus clientes ir\u00e3o valorizar. A quantidade generosa de 22 ml de l\u00edquido eletr\u00f3nico garante que o cigarro eletr\u00f3nico possa ser utilizado durante um longo per\u00edodo, sem necessidade de reabastecimento frequente. Esta alta capacidade torna o produto especialmente atraente para vaporizadores frequentes que valorizam durabilidade e qualidade.<\/p>\n<p>A WASPE 15000 PUFFS Watermelon Ice E-Cigarro est\u00e1 dispon\u00edvel em v\u00e1rias intensidades de nicotina: 2% e 5%. Esta sele\u00e7\u00e3o permite que os seus clientes escolham de acordo com a sua prefer\u00eancia pessoal, tornando a WASPE 15000 PUFFS uma escolha vers\u00e1til para um p\u00fablico-alvo amplo. Seja para uso sem nicotina ou para uma experi\u00eancia mais intensa \u2013 este cigarro eletr\u00f3nico oferece algo para todos os gostos.<\/p>\n<p>Equipado com uma bateria recarreg\u00e1vel de 650mAh e uma porta de carregamento Type-C pr\u00e1tica, a WASPE 15000 PUFFS garante um desempenho fi\u00e1vel durante toda a utiliza\u00e7\u00e3o. O display integrado mostra tanto o n\u00edvel de bateria como a quantidade restante de l\u00edquido eletr\u00f3nico, tornando a utiliza\u00e7\u00e3o especialmente f\u00e1cil e confort\u00e1vel. O design compacto e a opera\u00e7\u00e3o simples fazem deste cigarro eletr\u00f3nico uma excelente escolha para uso di\u00e1rio.<\/p>\n<h4>Entrega livre de impostos e pre\u00e7os de grosso imbat\u00edveis<\/h4>\n<p>Outra vantagem importante para os revendedores \u00e9 a disponibilidade sem taxas alfandeg\u00e1rias da WASPE 15000 PUFFS Watermelon Ice <strong><a href=\"https:\/\/www.elementvape.de\/pt\/c\/einweg-zigarette\/\">E-cigarro descart\u00e1vel<\/a><\/strong>. Isto reduz os seus custos de compra e permite que ofere\u00e7a o produto a pre\u00e7os altamente competitivos. Os pre\u00e7os de atacado atraentes maximizam as suas margens de lucro e oferecem a oportunidade de vender um produto de alta qualidade a um pre\u00e7o que entusiasmar\u00e1 os seus clientes.<\/p>\n<p>A WASPE 15000 PUFFS Watermelon Ice E-Cigarro \u00e9 a escolha ideal para clientes que procuram um cigarro eletr\u00f3nico refrescante e frutado, que os acompanhe durante o ver\u00e3o e al\u00e9m. Com a combina\u00e7\u00e3o de um aroma irresist\u00edvel de melancia e um toque de gelo refrescante, este produto proporciona uma experi\u00eancia de vaporiza\u00e7\u00e3o \u00fanica, perfeita para dias quentes. Com entrega sem taxas e pre\u00e7os de atacado atraentes, este produto tamb\u00e9m \u00e9 uma mais-valia para os revendedores.<\/p>","protected":false},"excerpt":{"rendered":"<p>WASPE 15000 PUFFS Watermelon Ice E-Zigarette Zollfrei und zu erfrischenden Gro\u00dfhandelspreisen f\u00fcr den perfekten Sommergenuss Die WASPE 15000 PUFFS Watermelon Ice E-Zigarette ist die ultimative Wahl f\u00fcr alle, die einen k\u00fchlen und fruchtigen Geschmack genie\u00dfen m\u00f6chten, der perfekt f\u00fcr hei\u00dfe Sommertage geeignet ist. Mit ihrem unverwechselbaren Aroma von saftiger Wassermelone, gepaart mit einem erfrischenden Eis-Kick, [&hellip;]<\/p>","protected":false},"featured_media":14107,"template":"","meta":{"inline_featured_image":false},"product_cat":[15,78,735,746,741,733,750,737,736,749,752,756,744,755,738,751,723],"product_tag":[710,674],"tiered_pricing_type":"fixed","tiered_pricing_fixed_rules":[],"tiered_pricing_percentage_rules":[],"tiered_pricing_minimum":1,"_administrator_tiered_pricing_type":"fixed","_administrator_tiered_pricing_fixed_rules":[],"_editor_tiered_pricing_type":"fixed","_editor_tiered_pricing_fixed_rules":[],"_author_tiered_pricing_type":"fixed","_author_tiered_pricing_fixed_rules":[],"_contributor_tiered_pricing_type":"fixed","_contributor_tiered_pricing_fixed_rules":[],"_subscriber_tiered_pricing_type":"fixed","_subscriber_tiered_pricing_fixed_rules":[],"_customer_tiered_pricing_type":"fixed","_customer_tiered_pricing_fixed_rules":[],"_shop_manager_tiered_pricing_type":"fixed","_shop_manager_tiered_pricing_fixed_rules":[],"_wpseo_manager_tiered_pricing_type":"fixed","_wpseo_manager_tiered_pricing_fixed_rules":[],"_wpseo_editor_tiered_pricing_type":"fixed","_wpseo_editor_tiered_pricing_fixed_rules":[],"_wholesale_customer_tiered_pricing_type":"fixed","_wholesale_customer_tiered_pricing_fixed_rules":[],"_marketer_tiered_pricing_type":"fixed","_marketer_tiered_pricing_fixed_rules":[],"_sales_manager_tiered_pricing_type":"fixed","_sales_manager_tiered_pricing_fixed_rules":[],"_sales_rep_tiered_pricing_type":"fixed","_sales_rep_tiered_pricing_fixed_rules":[],"yoast_head":"<!-- This site is optimized with the Yoast SEO plugin v23.3 - https:\/\/yoast.com\/wordpress\/plugins\/seo\/ -->\n<title>WASPE 15000 PUFFS Watermelon Ice E-Zigarette Zollfrei und zu erfrischenden Gro\u00dfhandelspreisen f\u00fcr den perfekten Sommergenuss | ElementVape.de<\/title>\n<meta name=\"description\" content=\"Wir bieten WASPE 15000 PUFFS Watermelon Ice E-Zigarette Zollfrei und zu erfrischenden Gro\u00dfhandelspreisen f\u00fcr den perfekten Sommergenuss , Elementvape.de akzeptieren Gro\u00df-und Einzelhandel Bestellungen.\" \/>\n<meta name=\"robots\" content=\"index, follow, max-snippet:-1, max-image-preview:large, max-video-preview:-1\" \/>\n<link rel=\"canonical\" href=\"https:\/\/www.elementvape.de\/pt\/produkt\/waspe-15000-puffs-watermelon-ice-e-zigarette-zollfrei-und-zu-erfrischenden-grosshandelspreisen-fuer-den-perfekten-sommergenuss\/\" \/>\n<meta property=\"og:locale\" content=\"pt_PT\" \/>\n<meta property=\"og:type\" content=\"article\" \/>\n<meta property=\"og:title\" content=\"WASPE 15000 PUFFS Watermelon Ice E-Zigarette Zollfrei und zu erfrischenden Gro\u00dfhandelspreisen f\u00fcr den perfekten Sommergenuss | ElementVape.de\" \/>\n<meta property=\"og:description\" content=\"Wir bieten WASPE 15000 PUFFS Watermelon Ice E-Zigarette Zollfrei und zu erfrischenden Gro\u00dfhandelspreisen f\u00fcr den perfekten Sommergenuss , Elementvape.de akzeptieren Gro\u00df-und Einzelhandel Bestellungen.\" \/>\n<meta property=\"og:url\" content=\"https:\/\/www.elementvape.de\/pt\/produkt\/waspe-15000-puffs-watermelon-ice-e-zigarette-zollfrei-und-zu-erfrischenden-grosshandelspreisen-fuer-den-perfekten-sommergenuss\/\" \/>\n<meta property=\"og:site_name\" content=\"ElementVape.de\" \/>\n<meta property=\"article:modified_time\" content=\"2024-10-15T03:06:35+00:00\" \/>\n<meta property=\"og:image\" content=\"https:\/\/www.elementvape.de\/wp-content\/uploads\/2024\/09\/watermelon-ice.jpg\" \/>\n\t<meta property=\"og:image:width\" content=\"2000\" \/>\n\t<meta property=\"og:image:height\" content=\"2000\" \/>\n\t<meta property=\"og:image:type\" content=\"image\/jpeg\" \/>\n<meta name=\"twitter:card\" content=\"summary_large_image\" \/>\n<meta name=\"twitter:label1\" content=\"Est. reading time\" \/>\n\t<meta name=\"twitter:data1\" content=\"4 minutos\" \/>\n<script type=\"application\/ld+json\" class=\"yoast-schema-graph\">{\"@context\":\"https:\/\/schema.org\",\"@graph\":[{\"@type\":\"WebPage\",\"@id\":\"https:\/\/www.elementvape.de\/produkt\/waspe-15000-puffs-watermelon-ice-e-zigarette-zollfrei-und-zu-erfrischenden-grosshandelspreisen-fuer-den-perfekten-sommergenuss\/\",\"url\":\"https:\/\/www.elementvape.de\/produkt\/waspe-15000-puffs-watermelon-ice-e-zigarette-zollfrei-und-zu-erfrischenden-grosshandelspreisen-fuer-den-perfekten-sommergenuss\/\",\"name\":\"WASPE 15000 PUFFS Watermelon Ice E-Zigarette Zollfrei und zu erfrischenden Gro\u00dfhandelspreisen f\u00fcr den perfekten Sommergenuss | ElementVape.de\",\"isPartOf\":{\"@id\":\"https:\/\/www.elementvape.de\/#website\"},\"primaryImageOfPage\":{\"@id\":\"https:\/\/www.elementvape.de\/produkt\/waspe-15000-puffs-watermelon-ice-e-zigarette-zollfrei-und-zu-erfrischenden-grosshandelspreisen-fuer-den-perfekten-sommergenuss\/#primaryimage\"},\"image\":{\"@id\":\"https:\/\/www.elementvape.de\/produkt\/waspe-15000-puffs-watermelon-ice-e-zigarette-zollfrei-und-zu-erfrischenden-grosshandelspreisen-fuer-den-perfekten-sommergenuss\/#primaryimage\"},\"thumbnailUrl\":\"https:\/\/www.elementvape.de\/wp-content\/uploads\/2024\/09\/watermelon-ice.jpg\",\"datePublished\":\"2024-09-02T09:33:03+00:00\",\"dateModified\":\"2024-10-15T03:06:35+00:00\",\"description\":\"Wir bieten WASPE 15000 PUFFS Watermelon Ice E-Zigarette Zollfrei und zu erfrischenden Gro\u00dfhandelspreisen f\u00fcr den perfekten Sommergenuss , Elementvape.de akzeptieren Gro\u00df-und Einzelhandel Bestellungen.\",\"breadcrumb\":{\"@id\":\"https:\/\/www.elementvape.de\/produkt\/waspe-15000-puffs-watermelon-ice-e-zigarette-zollfrei-und-zu-erfrischenden-grosshandelspreisen-fuer-den-perfekten-sommergenuss\/#breadcrumb\"},\"inLanguage\":\"pt-PT\",\"potentialAction\":[{\"@type\":\"ReadAction\",\"target\":[\"https:\/\/www.elementvape.de\/produkt\/waspe-15000-puffs-watermelon-ice-e-zigarette-zollfrei-und-zu-erfrischenden-grosshandelspreisen-fuer-den-perfekten-sommergenuss\/\"]}]},{\"@type\":\"ImageObject\",\"inLanguage\":\"pt-PT\",\"@id\":\"https:\/\/www.elementvape.de\/produkt\/waspe-15000-puffs-watermelon-ice-e-zigarette-zollfrei-und-zu-erfrischenden-grosshandelspreisen-fuer-den-perfekten-sommergenuss\/#primaryimage\",\"url\":\"https:\/\/www.elementvape.de\/wp-content\/uploads\/2024\/09\/watermelon-ice.jpg\",\"contentUrl\":\"https:\/\/www.elementvape.de\/wp-content\/uploads\/2024\/09\/watermelon-ice.jpg\",\"width\":2000,\"height\":2000,\"caption\":\"watermelon-ice\"},{\"@type\":\"BreadcrumbList\",\"@id\":\"https:\/\/www.elementvape.de\/produkt\/waspe-15000-puffs-watermelon-ice-e-zigarette-zollfrei-und-zu-erfrischenden-grosshandelspreisen-fuer-den-perfekten-sommergenuss\/#breadcrumb\",\"itemListElement\":[{\"@type\":\"ListItem\",\"position\":1,\"name\":\"Home\",\"item\":\"https:\/\/www.elementvape.de\/\"},{\"@type\":\"ListItem\",\"position\":2,\"name\":\"Shop\",\"item\":\"https:\/\/www.elementvape.de\/shop\/\"},{\"@type\":\"ListItem\",\"position\":3,\"name\":\"WASPE 15000 PUFFS Watermelon Ice E-Zigarette Zollfrei und zu erfrischenden Gro\u00dfhandelspreisen f\u00fcr den perfekten Sommergenuss\"}]},{\"@type\":\"WebSite\",\"@id\":\"https:\/\/www.elementvape.de\/#website\",\"url\":\"https:\/\/www.elementvape.de\/\",\"name\":\"ElementVape.de\",\"description\":\"\",\"publisher\":{\"@id\":\"https:\/\/www.elementvape.de\/#organization\"},\"potentialAction\":[{\"@type\":\"SearchAction\",\"target\":{\"@type\":\"EntryPoint\",\"urlTemplate\":\"https:\/\/www.elementvape.de\/?s={search_term_string}\"},\"query-input\":\"required name=search_term_string\"}],\"inLanguage\":\"pt-PT\"},{\"@type\":\"Organization\",\"@id\":\"https:\/\/www.elementvape.de\/#organization\",\"name\":\"ElementVape.DE\",\"url\":\"https:\/\/www.elementvape.de\/\",\"logo\":{\"@type\":\"ImageObject\",\"inLanguage\":\"pt-PT\",\"@id\":\"https:\/\/www.elementvape.de\/#\/schema\/logo\/image\/\",\"url\":\"https:\/\/www.elementvape.de\/wp-content\/uploads\/2024\/09\/cropped-1elementvape-3.png\",\"contentUrl\":\"https:\/\/www.elementvape.de\/wp-content\/uploads\/2024\/09\/cropped-1elementvape-3.png\",\"width\":285,\"height\":228,\"caption\":\"ElementVape.DE\"},\"image\":{\"@id\":\"https:\/\/www.elementvape.de\/#\/schema\/logo\/image\/\"}}]}<\/script>\n<!-- \/ Yoast SEO plugin. -->","yoast_head_json":{"title":"WASPE 15000 PUFFS Watermelon Ice E-Zigarette Zollfrei und zu erfrischenden Gro\u00dfhandelspreisen f\u00fcr den perfekten Sommergenuss | ElementVape.de","description":"Wir bieten WASPE 15000 PUFFS Watermelon Ice E-Zigarette Zollfrei und zu erfrischenden Gro\u00dfhandelspreisen f\u00fcr den perfekten Sommergenuss , Elementvape.de akzeptieren Gro\u00df-und Einzelhandel Bestellungen.","robots":{"index":"index","follow":"follow","max-snippet":"max-snippet:-1","max-image-preview":"max-image-preview:large","max-video-preview":"max-video-preview:-1"},"canonical":"https:\/\/www.elementvape.de\/pt\/produkt\/waspe-15000-puffs-watermelon-ice-e-zigarette-zollfrei-und-zu-erfrischenden-grosshandelspreisen-fuer-den-perfekten-sommergenuss\/","og_locale":"pt_PT","og_type":"article","og_title":"WASPE 15000 PUFFS Watermelon Ice E-Zigarette Zollfrei und zu erfrischenden Gro\u00dfhandelspreisen f\u00fcr den perfekten Sommergenuss | ElementVape.de","og_description":"Wir bieten WASPE 15000 PUFFS Watermelon Ice E-Zigarette Zollfrei und zu erfrischenden Gro\u00dfhandelspreisen f\u00fcr den perfekten Sommergenuss , Elementvape.de akzeptieren Gro\u00df-und Einzelhandel Bestellungen.","og_url":"https:\/\/www.elementvape.de\/pt\/produkt\/waspe-15000-puffs-watermelon-ice-e-zigarette-zollfrei-und-zu-erfrischenden-grosshandelspreisen-fuer-den-perfekten-sommergenuss\/","og_site_name":"ElementVape.de","article_modified_time":"2024-10-15T03:06:35+00:00","og_image":[{"width":2000,"height":2000,"url":"https:\/\/www.elementvape.de\/wp-content\/uploads\/2024\/09\/watermelon-ice.jpg","type":"image\/jpeg"}],"twitter_card":"summary_large_image","twitter_misc":{"Est. reading time":"4 minutos"},"schema":{"@context":"https:\/\/schema.org","@graph":[{"@type":"WebPage","@id":"https:\/\/www.elementvape.de\/produkt\/waspe-15000-puffs-watermelon-ice-e-zigarette-zollfrei-und-zu-erfrischenden-grosshandelspreisen-fuer-den-perfekten-sommergenuss\/","url":"https:\/\/www.elementvape.de\/produkt\/waspe-15000-puffs-watermelon-ice-e-zigarette-zollfrei-und-zu-erfrischenden-grosshandelspreisen-fuer-den-perfekten-sommergenuss\/","name":"WASPE 15000 PUFFS Watermelon Ice E-Zigarette Zollfrei und zu erfrischenden Gro\u00dfhandelspreisen f\u00fcr den perfekten Sommergenuss | ElementVape.de","isPartOf":{"@id":"https:\/\/www.elementvape.de\/#website"},"primaryImageOfPage":{"@id":"https:\/\/www.elementvape.de\/produkt\/waspe-15000-puffs-watermelon-ice-e-zigarette-zollfrei-und-zu-erfrischenden-grosshandelspreisen-fuer-den-perfekten-sommergenuss\/#primaryimage"},"image":{"@id":"https:\/\/www.elementvape.de\/produkt\/waspe-15000-puffs-watermelon-ice-e-zigarette-zollfrei-und-zu-erfrischenden-grosshandelspreisen-fuer-den-perfekten-sommergenuss\/#primaryimage"},"thumbnailUrl":"https:\/\/www.elementvape.de\/wp-content\/uploads\/2024\/09\/watermelon-ice.jpg","datePublished":"2024-09-02T09:33:03+00:00","dateModified":"2024-10-15T03:06:35+00:00","description":"Wir bieten WASPE 15000 PUFFS Watermelon Ice E-Zigarette Zollfrei und zu erfrischenden Gro\u00dfhandelspreisen f\u00fcr den perfekten Sommergenuss , Elementvape.de akzeptieren Gro\u00df-und Einzelhandel Bestellungen.","breadcrumb":{"@id":"https:\/\/www.elementvape.de\/produkt\/waspe-15000-puffs-watermelon-ice-e-zigarette-zollfrei-und-zu-erfrischenden-grosshandelspreisen-fuer-den-perfekten-sommergenuss\/#breadcrumb"},"inLanguage":"pt-PT","potentialAction":[{"@type":"ReadAction","target":["https:\/\/www.elementvape.de\/produkt\/waspe-15000-puffs-watermelon-ice-e-zigarette-zollfrei-und-zu-erfrischenden-grosshandelspreisen-fuer-den-perfekten-sommergenuss\/"]}]},{"@type":"ImageObject","inLanguage":"pt-PT","@id":"https:\/\/www.elementvape.de\/produkt\/waspe-15000-puffs-watermelon-ice-e-zigarette-zollfrei-und-zu-erfrischenden-grosshandelspreisen-fuer-den-perfekten-sommergenuss\/#primaryimage","url":"https:\/\/www.elementvape.de\/wp-content\/uploads\/2024\/09\/watermelon-ice.jpg","contentUrl":"https:\/\/www.elementvape.de\/wp-content\/uploads\/2024\/09\/watermelon-ice.jpg","width":2000,"height":2000,"caption":"watermelon-ice"},{"@type":"BreadcrumbList","@id":"https:\/\/www.elementvape.de\/produkt\/waspe-15000-puffs-watermelon-ice-e-zigarette-zollfrei-und-zu-erfrischenden-grosshandelspreisen-fuer-den-perfekten-sommergenuss\/#breadcrumb","itemListElement":[{"@type":"ListItem","position":1,"name":"Home","item":"https:\/\/www.elementvape.de\/"},{"@type":"ListItem","position":2,"name":"Shop","item":"https:\/\/www.elementvape.de\/shop\/"},{"@type":"ListItem","position":3,"name":"WASPE 15000 PUFFS Watermelon Ice E-Zigarette Zollfrei und zu erfrischenden Gro\u00dfhandelspreisen f\u00fcr den perfekten Sommergenuss"}]},{"@type":"WebSite","@id":"https:\/\/www.elementvape.de\/#website","url":"https:\/\/www.elementvape.de\/","name":"ElementVape.de","description":"","publisher":{"@id":"https:\/\/www.elementvape.de\/#organization"},"potentialAction":[{"@type":"SearchAction","target":{"@type":"EntryPoint","urlTemplate":"https:\/\/www.elementvape.de\/?s={search_term_string}"},"query-input":"required name=search_term_string"}],"inLanguage":"pt-PT"},{"@type":"Organization","@id":"https:\/\/www.elementvape.de\/#organization","name":"ElementVape.DE","url":"https:\/\/www.elementvape.de\/","logo":{"@type":"ImageObject","inLanguage":"pt-PT","@id":"https:\/\/www.elementvape.de\/#\/schema\/logo\/image\/","url":"https:\/\/www.elementvape.de\/wp-content\/uploads\/2024\/09\/cropped-1elementvape-3.png","contentUrl":"https:\/\/www.elementvape.de\/wp-content\/uploads\/2024\/09\/cropped-1elementvape-3.png","width":285,"height":228,"caption":"ElementVape.DE"},"image":{"@id":"https:\/\/www.elementvape.de\/#\/schema\/logo\/image\/"}}]}},"_links":{"self":[{"href":"https:\/\/www.elementvape.de\/pt\/wp-json\/wp\/v2\/product\/14106"}],"collection":[{"href":"https:\/\/www.elementvape.de\/pt\/wp-json\/wp\/v2\/product"}],"about":[{"href":"https:\/\/www.elementvape.de\/pt\/wp-json\/wp\/v2\/types\/product"}],"wp:featuredmedia":[{"embeddable":true,"href":"https:\/\/www.elementvape.de\/pt\/wp-json\/wp\/v2\/media\/14107"}],"wp:attachment":[{"href":"https:\/\/www.elementvape.de\/pt\/wp-json\/wp\/v2\/media?parent=14106"}],"wp:term":[{"taxonomy":"product_cat","embeddable":true,"href":"https:\/\/www.elementvape.de\/pt\/wp-json\/wp\/v2\/product_cat?post=14106"},{"taxonomy":"product_tag","embeddable":true,"href":"https:\/\/www.elementvape.de\/pt\/wp-json\/wp\/v2\/product_tag?post=14106"}],"curies":[{"name":"wp","href":"https:\/\/api.w.org\/{rel}","templated":true}]}}