{"id":14030,"date":"2024-08-27T03:26:07","date_gmt":"2024-08-27T03:26:07","guid":{"rendered":"https:\/\/www.elementvape.de\/?post_type=product&#038;p=14030"},"modified":"2024-10-15T03:34:40","modified_gmt":"2024-10-15T03:34:40","slug":"sichern-sie-sich-die-mint-waspe-5000-e-zigarette-zollfrei-und-profitieren-sie-von-unschlagbaren-grosshandelspreisen-fuer-hoechste-qualitaet-und-maximalen-genuss","status":"publish","type":"product","link":"https:\/\/www.elementvape.de\/pt\/produkt\/sichern-sie-sich-die-mint-waspe-5000-e-zigarette-zollfrei-und-profitieren-sie-von-unschlagbaren-grosshandelspreisen-fuer-hoechste-qualitaet-und-maximalen-genuss\/","title":{"rendered":"Garanta a sua MINT WASPE 5000 e-cigarette livre de alf\u00e2ndega e beneficie de pre\u00e7os de atacado imbat\u00edveis para m\u00e1xima qualidade e prazer"},"content":{"rendered":"<h2>MINT WASPE 5000 O prazer revolucion\u00e1rio dos cigarros eletr\u00f3nicos<\/h2>\n<p>O mundo do vapor est\u00e1 cheio de inova\u00e7\u00f5es, mas poucos produtos se destacam tanto quanto o MINT WASPE 5000. Este <strong><a href=\"https:\/\/www.elementvape.de\/pt\/\" target=\"_blank\" rel=\"noopener\">Cigarro eletr\u00f3nico<\/a><\/strong> une design, funcionalidade e sabor, oferecendo uma experi\u00eancia incompar\u00e1vel, na qual at\u00e9 mesmo estas pessoas confiam. O vaporizador mais exigente. Descubra por que o cigarro eletr\u00f3nico MINT WASPE 5000 pode tornar-se o seu novo favorito.<\/p>\n<h3>MINT WASPE 5000 Funcionalidades incompar\u00e1veis<\/h3>\n<p>O MINT WASPE 5000 foi desenvolvido para atender \u00e0s mais altas exig\u00eancias, ao mesmo tempo que proporciona um prazer m\u00e1ximo. As principais caracter\u00edsticas dos cigarros eletr\u00f3nicos que os tornam uma excelente escolha:<\/p>\n<p>Capacidade de E-L\u00edquido: O MINT WASPE 5000 possui uma capacidade de l\u00edquido de at\u00e9 13 ml, garantindo uma dura\u00e7\u00e3o de fumo acima da m\u00e9dia. Pode desfrutar de horas de prazer sem precisar reabastecer.<\/p>\n<p>Bateria de alto desempenho: O MINT WASPE 5000 vem equipado com uma bateria de 650 mAh, que pode ser carregada rapidamente via USB-C, tornando-o n\u00e3o s\u00f3 duradouro, mas tamb\u00e9m flex\u00edvel. Uma bateria totalmente carregada dura at\u00e9 5.000 tragos, suficiente para um dia inteiro.<\/p>\n<p>V\u00e1rias op\u00e7\u00f5es de sabor: Com 10 sabores diferentes para todos os gostos. Seja doce ou refrescante \u2013 aqui todos encontram o seu.<\/p>\n<p>Diferentes n\u00edveis de nicotina: Dependendo da prefer\u00eancia, pode escolher entre 0, 1, 2, 3 e 5 mg de nicotina. Essa flexibilidade permite encontrar o equil\u00edbrio perfeito entre sabor e nicotina.<\/p>\n<p>F\u00e1cil de usar: O MINT WASPE 5000 n\u00e3o requer configura\u00e7\u00f5es complicadas ou bot\u00f5es. Gra\u00e7as ao sistema de inala\u00e7\u00e3o autom\u00e1tica, o vapor come\u00e7a j\u00e1 na primeira tragada \u2013 n\u00e3o h\u00e1 maneira mais simples.<\/p>\n<p>Design elegante: O design compacto (79 mm x 41 mm x 19 mm) e o peso leve de 89 g tornam o MINT WASPE 5000 n\u00e3o s\u00f3 pr\u00e1tico, mas tamb\u00e9m estiloso. Sob luz colorida, o dispositivo chama aten\u00e7\u00e3o e deixa uma impress\u00e3o duradoura.<\/p>\n<h3>Qualidade e prazer m\u00e1ximos<\/h3>\n<p><img loading=\"lazy\" decoding=\"async\" class=\"wp-image-14031\" src=\"https:\/\/www.elementvape.de\/wp-content\/uploads\/2024\/08\/1-1-250x300.jpg\" alt=\"1 (1)\" width=\"256\" height=\"307\" srcset=\"https:\/\/www.elementvape.de\/wp-content\/uploads\/2024\/08\/1-1-250x300.jpg 250w, https:\/\/www.elementvape.de\/wp-content\/uploads\/2024\/08\/1-1-853x1024.jpg 853w, https:\/\/www.elementvape.de\/wp-content\/uploads\/2024\/08\/1-1-768x922.jpg 768w, https:\/\/www.elementvape.de\/wp-content\/uploads\/2024\/08\/1-1-600x720.jpg 600w, https:\/\/www.elementvape.de\/wp-content\/uploads\/2024\/08\/1-1.jpg 1000w\" sizes=\"(max-width: 256px) 100vw, 256px\" \/><\/p>\n<p>O cigarro eletr\u00f3nico MINT WASPE 5000 representa n\u00e3o apenas tecnologia inovadora, mas tamb\u00e9m os mais elevados padr\u00f5es de qualidade. Cada detalhe foi cuidadosamente pensado para criar um produto que impressiona tanto pelo desempenho quanto pelo sabor. O reservat\u00f3rio espa\u00e7oso de E-L\u00edquido garante que possa desfrutar do mesmo sabor intenso por mais tempo, enquanto a bateria potente assegura um desempenho de vapor est\u00e1vel.<\/p>\n<p>Outro destaque do MINT WASPE 5000 \u00e9 a possibilidade de adquirir este cigarro eletr\u00f3nico sem impostos e beneficiar de pre\u00e7os de atacado imbat\u00edveis. Isto torna-o especialmente atraente tanto para particulares quanto para comerciantes. Qualidade n\u00e3o precisa ser cara \u2013 a MINT WASPE 5000 prova isso de forma impressionante.<\/p>\n<p>Quer seja um vaporizador experiente ou esteja a come\u00e7ar no mundo do vapor, o MINT WASPE 5000 oferece tudo o que espera de um produto de alta qualidade. Com longa dura\u00e7\u00e3o da bateria, uma variedade de sabores e um design f\u00e1cil de usar, este cigarro eletr\u00f3nico \u00e9 a escolha perfeita para quem valoriza qualidade e prazer. Adquira j\u00e1 e leve o vaping para o pr\u00f3ximo n\u00edvel!<\/p>","protected":false},"excerpt":{"rendered":"<p>MINT WASPE 5000 Das revolution\u00e4re Vergn\u00fcgen elektronischer Zigaretten Die Welt des Dampfens ist voller Innovationen, aber nur wenige Produkte stechen so heraus wie der MINT WASPE 5000. Diese E-Zigarette vereint Design, Funktionalit\u00e4t und Geschmack und bietet ein unvergleichliches Erlebnis, auf das selbst diese Leute schw\u00f6ren. Der anspruchsvollste Dampfgarer. Finden Sie heraus, warum die E-Zigarette MINT [&hellip;]<\/p>","protected":false},"featured_media":14032,"template":"","meta":{"inline_featured_image":false},"product_cat":[15,78,735,746,741,733,744,755,738,751,726],"product_tag":[710,678],"tiered_pricing_type":"fixed","tiered_pricing_fixed_rules":[],"tiered_pricing_percentage_rules":[],"tiered_pricing_minimum":1,"_administrator_tiered_pricing_type":"fixed","_administrator_tiered_pricing_fixed_rules":[],"_editor_tiered_pricing_type":"fixed","_editor_tiered_pricing_fixed_rules":[],"_author_tiered_pricing_type":"fixed","_author_tiered_pricing_fixed_rules":[],"_contributor_tiered_pricing_type":"fixed","_contributor_tiered_pricing_fixed_rules":[],"_subscriber_tiered_pricing_type":"fixed","_subscriber_tiered_pricing_fixed_rules":[],"_customer_tiered_pricing_type":"fixed","_customer_tiered_pricing_fixed_rules":[],"_shop_manager_tiered_pricing_type":"fixed","_shop_manager_tiered_pricing_fixed_rules":[],"_wpseo_manager_tiered_pricing_type":"fixed","_wpseo_manager_tiered_pricing_fixed_rules":[],"_wpseo_editor_tiered_pricing_type":"fixed","_wpseo_editor_tiered_pricing_fixed_rules":[],"_wholesale_customer_tiered_pricing_type":"fixed","_wholesale_customer_tiered_pricing_fixed_rules":[],"_marketer_tiered_pricing_type":"fixed","_marketer_tiered_pricing_fixed_rules":[],"_sales_manager_tiered_pricing_type":"fixed","_sales_manager_tiered_pricing_fixed_rules":[],"_sales_rep_tiered_pricing_type":"fixed","_sales_rep_tiered_pricing_fixed_rules":[],"yoast_head":"<!-- This site is optimized with the Yoast SEO plugin v23.3 - https:\/\/yoast.com\/wordpress\/plugins\/seo\/ -->\n<title>Sichern Sie sich die MINT WASPE 5000 E-Zigarette zollfrei und profitieren Sie von unschlagbaren Gro\u00dfhandelspreisen f\u00fcr h\u00f6chste Qualit\u00e4t und maximalen Genuss | ElementVape.de<\/title>\n<meta name=\"description\" content=\"Wir bieten Sichern Sie sich die MINT WASPE 5000 E-Zigarette zollfrei und profitieren Sie von unschlagbaren Gro\u00dfhandelspreisen f\u00fcr h\u00f6chste Qualit\u00e4t und maximalen Genuss , Elementvape.de akzeptieren Gro\u00df-und Einzelhandel Bestellungen.\" \/>\n<meta name=\"robots\" content=\"index, follow, max-snippet:-1, max-image-preview:large, max-video-preview:-1\" \/>\n<link rel=\"canonical\" href=\"https:\/\/www.elementvape.de\/pt\/produkt\/sichern-sie-sich-die-mint-waspe-5000-e-zigarette-zollfrei-und-profitieren-sie-von-unschlagbaren-grosshandelspreisen-fuer-hoechste-qualitaet-und-maximalen-genuss\/\" \/>\n<meta property=\"og:locale\" content=\"pt_PT\" \/>\n<meta property=\"og:type\" content=\"article\" \/>\n<meta property=\"og:title\" content=\"Sichern Sie sich die MINT WASPE 5000 E-Zigarette zollfrei und profitieren Sie von unschlagbaren Gro\u00dfhandelspreisen f\u00fcr h\u00f6chste Qualit\u00e4t und maximalen Genuss | ElementVape.de\" \/>\n<meta property=\"og:description\" content=\"Wir bieten Sichern Sie sich die MINT WASPE 5000 E-Zigarette zollfrei und profitieren Sie von unschlagbaren Gro\u00dfhandelspreisen f\u00fcr h\u00f6chste Qualit\u00e4t und maximalen Genuss , Elementvape.de akzeptieren Gro\u00df-und Einzelhandel Bestellungen.\" \/>\n<meta property=\"og:url\" content=\"https:\/\/www.elementvape.de\/pt\/produkt\/sichern-sie-sich-die-mint-waspe-5000-e-zigarette-zollfrei-und-profitieren-sie-von-unschlagbaren-grosshandelspreisen-fuer-hoechste-qualitaet-und-maximalen-genuss\/\" \/>\n<meta property=\"og:site_name\" content=\"ElementVape.de\" \/>\n<meta property=\"article:modified_time\" content=\"2024-10-15T03:34:40+00:00\" \/>\n<meta property=\"og:image\" content=\"https:\/\/www.elementvape.de\/wp-content\/uploads\/2024\/08\/MINT.webp\" \/>\n\t<meta property=\"og:image:width\" content=\"400\" \/>\n\t<meta property=\"og:image:height\" content=\"400\" \/>\n\t<meta property=\"og:image:type\" content=\"image\/webp\" \/>\n<meta name=\"twitter:card\" content=\"summary_large_image\" \/>\n<meta name=\"twitter:label1\" content=\"Est. reading time\" \/>\n\t<meta name=\"twitter:data1\" content=\"4 minutos\" \/>\n<script type=\"application\/ld+json\" class=\"yoast-schema-graph\">{\"@context\":\"https:\/\/schema.org\",\"@graph\":[{\"@type\":\"WebPage\",\"@id\":\"https:\/\/www.elementvape.de\/produkt\/sichern-sie-sich-die-mint-waspe-5000-e-zigarette-zollfrei-und-profitieren-sie-von-unschlagbaren-grosshandelspreisen-fuer-hoechste-qualitaet-und-maximalen-genuss\/\",\"url\":\"https:\/\/www.elementvape.de\/produkt\/sichern-sie-sich-die-mint-waspe-5000-e-zigarette-zollfrei-und-profitieren-sie-von-unschlagbaren-grosshandelspreisen-fuer-hoechste-qualitaet-und-maximalen-genuss\/\",\"name\":\"Sichern Sie sich die MINT WASPE 5000 E-Zigarette zollfrei und profitieren Sie von unschlagbaren Gro\u00dfhandelspreisen f\u00fcr h\u00f6chste Qualit\u00e4t und maximalen Genuss | ElementVape.de\",\"isPartOf\":{\"@id\":\"https:\/\/www.elementvape.de\/#website\"},\"primaryImageOfPage\":{\"@id\":\"https:\/\/www.elementvape.de\/produkt\/sichern-sie-sich-die-mint-waspe-5000-e-zigarette-zollfrei-und-profitieren-sie-von-unschlagbaren-grosshandelspreisen-fuer-hoechste-qualitaet-und-maximalen-genuss\/#primaryimage\"},\"image\":{\"@id\":\"https:\/\/www.elementvape.de\/produkt\/sichern-sie-sich-die-mint-waspe-5000-e-zigarette-zollfrei-und-profitieren-sie-von-unschlagbaren-grosshandelspreisen-fuer-hoechste-qualitaet-und-maximalen-genuss\/#primaryimage\"},\"thumbnailUrl\":\"https:\/\/www.elementvape.de\/wp-content\/uploads\/2024\/08\/MINT.webp\",\"datePublished\":\"2024-08-27T03:26:07+00:00\",\"dateModified\":\"2024-10-15T03:34:40+00:00\",\"description\":\"Wir bieten Sichern Sie sich die MINT WASPE 5000 E-Zigarette zollfrei und profitieren Sie von unschlagbaren Gro\u00dfhandelspreisen f\u00fcr h\u00f6chste Qualit\u00e4t und maximalen Genuss , Elementvape.de akzeptieren Gro\u00df-und Einzelhandel Bestellungen.\",\"breadcrumb\":{\"@id\":\"https:\/\/www.elementvape.de\/produkt\/sichern-sie-sich-die-mint-waspe-5000-e-zigarette-zollfrei-und-profitieren-sie-von-unschlagbaren-grosshandelspreisen-fuer-hoechste-qualitaet-und-maximalen-genuss\/#breadcrumb\"},\"inLanguage\":\"pt-PT\",\"potentialAction\":[{\"@type\":\"ReadAction\",\"target\":[\"https:\/\/www.elementvape.de\/produkt\/sichern-sie-sich-die-mint-waspe-5000-e-zigarette-zollfrei-und-profitieren-sie-von-unschlagbaren-grosshandelspreisen-fuer-hoechste-qualitaet-und-maximalen-genuss\/\"]}]},{\"@type\":\"ImageObject\",\"inLanguage\":\"pt-PT\",\"@id\":\"https:\/\/www.elementvape.de\/produkt\/sichern-sie-sich-die-mint-waspe-5000-e-zigarette-zollfrei-und-profitieren-sie-von-unschlagbaren-grosshandelspreisen-fuer-hoechste-qualitaet-und-maximalen-genuss\/#primaryimage\",\"url\":\"https:\/\/www.elementvape.de\/wp-content\/uploads\/2024\/08\/MINT.webp\",\"contentUrl\":\"https:\/\/www.elementvape.de\/wp-content\/uploads\/2024\/08\/MINT.webp\",\"width\":400,\"height\":400,\"caption\":\"MINT\"},{\"@type\":\"BreadcrumbList\",\"@id\":\"https:\/\/www.elementvape.de\/produkt\/sichern-sie-sich-die-mint-waspe-5000-e-zigarette-zollfrei-und-profitieren-sie-von-unschlagbaren-grosshandelspreisen-fuer-hoechste-qualitaet-und-maximalen-genuss\/#breadcrumb\",\"itemListElement\":[{\"@type\":\"ListItem\",\"position\":1,\"name\":\"Home\",\"item\":\"https:\/\/www.elementvape.de\/\"},{\"@type\":\"ListItem\",\"position\":2,\"name\":\"Shop\",\"item\":\"https:\/\/www.elementvape.de\/shop\/\"},{\"@type\":\"ListItem\",\"position\":3,\"name\":\"Sichern Sie sich die MINT WASPE 5000 E-Zigarette zollfrei und profitieren Sie von unschlagbaren Gro\u00dfhandelspreisen f\u00fcr h\u00f6chste Qualit\u00e4t und maximalen Genuss\"}]},{\"@type\":\"WebSite\",\"@id\":\"https:\/\/www.elementvape.de\/#website\",\"url\":\"https:\/\/www.elementvape.de\/\",\"name\":\"ElementVape.de\",\"description\":\"\",\"publisher\":{\"@id\":\"https:\/\/www.elementvape.de\/#organization\"},\"potentialAction\":[{\"@type\":\"SearchAction\",\"target\":{\"@type\":\"EntryPoint\",\"urlTemplate\":\"https:\/\/www.elementvape.de\/?s={search_term_string}\"},\"query-input\":\"required name=search_term_string\"}],\"inLanguage\":\"pt-PT\"},{\"@type\":\"Organization\",\"@id\":\"https:\/\/www.elementvape.de\/#organization\",\"name\":\"ElementVape.DE\",\"url\":\"https:\/\/www.elementvape.de\/\",\"logo\":{\"@type\":\"ImageObject\",\"inLanguage\":\"pt-PT\",\"@id\":\"https:\/\/www.elementvape.de\/#\/schema\/logo\/image\/\",\"url\":\"https:\/\/www.elementvape.de\/wp-content\/uploads\/2024\/09\/cropped-1elementvape-3.png\",\"contentUrl\":\"https:\/\/www.elementvape.de\/wp-content\/uploads\/2024\/09\/cropped-1elementvape-3.png\",\"width\":285,\"height\":228,\"caption\":\"ElementVape.DE\"},\"image\":{\"@id\":\"https:\/\/www.elementvape.de\/#\/schema\/logo\/image\/\"}}]}<\/script>\n<!-- \/ Yoast SEO plugin. -->","yoast_head_json":{"title":"Sichern Sie sich die MINT WASPE 5000 E-Zigarette zollfrei und profitieren Sie von unschlagbaren Gro\u00dfhandelspreisen f\u00fcr h\u00f6chste Qualit\u00e4t und maximalen Genuss | ElementVape.de","description":"Wir bieten Sichern Sie sich die MINT WASPE 5000 E-Zigarette zollfrei und profitieren Sie von unschlagbaren Gro\u00dfhandelspreisen f\u00fcr h\u00f6chste Qualit\u00e4t und maximalen Genuss , Elementvape.de akzeptieren Gro\u00df-und Einzelhandel Bestellungen.","robots":{"index":"index","follow":"follow","max-snippet":"max-snippet:-1","max-image-preview":"max-image-preview:large","max-video-preview":"max-video-preview:-1"},"canonical":"https:\/\/www.elementvape.de\/pt\/produkt\/sichern-sie-sich-die-mint-waspe-5000-e-zigarette-zollfrei-und-profitieren-sie-von-unschlagbaren-grosshandelspreisen-fuer-hoechste-qualitaet-und-maximalen-genuss\/","og_locale":"pt_PT","og_type":"article","og_title":"Sichern Sie sich die MINT WASPE 5000 E-Zigarette zollfrei und profitieren Sie von unschlagbaren Gro\u00dfhandelspreisen f\u00fcr h\u00f6chste Qualit\u00e4t und maximalen Genuss | ElementVape.de","og_description":"Wir bieten Sichern Sie sich die MINT WASPE 5000 E-Zigarette zollfrei und profitieren Sie von unschlagbaren Gro\u00dfhandelspreisen f\u00fcr h\u00f6chste Qualit\u00e4t und maximalen Genuss , Elementvape.de akzeptieren Gro\u00df-und Einzelhandel Bestellungen.","og_url":"https:\/\/www.elementvape.de\/pt\/produkt\/sichern-sie-sich-die-mint-waspe-5000-e-zigarette-zollfrei-und-profitieren-sie-von-unschlagbaren-grosshandelspreisen-fuer-hoechste-qualitaet-und-maximalen-genuss\/","og_site_name":"ElementVape.de","article_modified_time":"2024-10-15T03:34:40+00:00","og_image":[{"width":400,"height":400,"url":"https:\/\/www.elementvape.de\/wp-content\/uploads\/2024\/08\/MINT.webp","type":"image\/webp"}],"twitter_card":"summary_large_image","twitter_misc":{"Est. reading time":"4 minutos"},"schema":{"@context":"https:\/\/schema.org","@graph":[{"@type":"WebPage","@id":"https:\/\/www.elementvape.de\/produkt\/sichern-sie-sich-die-mint-waspe-5000-e-zigarette-zollfrei-und-profitieren-sie-von-unschlagbaren-grosshandelspreisen-fuer-hoechste-qualitaet-und-maximalen-genuss\/","url":"https:\/\/www.elementvape.de\/produkt\/sichern-sie-sich-die-mint-waspe-5000-e-zigarette-zollfrei-und-profitieren-sie-von-unschlagbaren-grosshandelspreisen-fuer-hoechste-qualitaet-und-maximalen-genuss\/","name":"Sichern Sie sich die MINT WASPE 5000 E-Zigarette zollfrei und profitieren Sie von unschlagbaren Gro\u00dfhandelspreisen f\u00fcr h\u00f6chste Qualit\u00e4t und maximalen Genuss | ElementVape.de","isPartOf":{"@id":"https:\/\/www.elementvape.de\/#website"},"primaryImageOfPage":{"@id":"https:\/\/www.elementvape.de\/produkt\/sichern-sie-sich-die-mint-waspe-5000-e-zigarette-zollfrei-und-profitieren-sie-von-unschlagbaren-grosshandelspreisen-fuer-hoechste-qualitaet-und-maximalen-genuss\/#primaryimage"},"image":{"@id":"https:\/\/www.elementvape.de\/produkt\/sichern-sie-sich-die-mint-waspe-5000-e-zigarette-zollfrei-und-profitieren-sie-von-unschlagbaren-grosshandelspreisen-fuer-hoechste-qualitaet-und-maximalen-genuss\/#primaryimage"},"thumbnailUrl":"https:\/\/www.elementvape.de\/wp-content\/uploads\/2024\/08\/MINT.webp","datePublished":"2024-08-27T03:26:07+00:00","dateModified":"2024-10-15T03:34:40+00:00","description":"Wir bieten Sichern Sie sich die MINT WASPE 5000 E-Zigarette zollfrei und profitieren Sie von unschlagbaren Gro\u00dfhandelspreisen f\u00fcr h\u00f6chste Qualit\u00e4t und maximalen Genuss , Elementvape.de akzeptieren Gro\u00df-und Einzelhandel Bestellungen.","breadcrumb":{"@id":"https:\/\/www.elementvape.de\/produkt\/sichern-sie-sich-die-mint-waspe-5000-e-zigarette-zollfrei-und-profitieren-sie-von-unschlagbaren-grosshandelspreisen-fuer-hoechste-qualitaet-und-maximalen-genuss\/#breadcrumb"},"inLanguage":"pt-PT","potentialAction":[{"@type":"ReadAction","target":["https:\/\/www.elementvape.de\/produkt\/sichern-sie-sich-die-mint-waspe-5000-e-zigarette-zollfrei-und-profitieren-sie-von-unschlagbaren-grosshandelspreisen-fuer-hoechste-qualitaet-und-maximalen-genuss\/"]}]},{"@type":"ImageObject","inLanguage":"pt-PT","@id":"https:\/\/www.elementvape.de\/produkt\/sichern-sie-sich-die-mint-waspe-5000-e-zigarette-zollfrei-und-profitieren-sie-von-unschlagbaren-grosshandelspreisen-fuer-hoechste-qualitaet-und-maximalen-genuss\/#primaryimage","url":"https:\/\/www.elementvape.de\/wp-content\/uploads\/2024\/08\/MINT.webp","contentUrl":"https:\/\/www.elementvape.de\/wp-content\/uploads\/2024\/08\/MINT.webp","width":400,"height":400,"caption":"MINT"},{"@type":"BreadcrumbList","@id":"https:\/\/www.elementvape.de\/produkt\/sichern-sie-sich-die-mint-waspe-5000-e-zigarette-zollfrei-und-profitieren-sie-von-unschlagbaren-grosshandelspreisen-fuer-hoechste-qualitaet-und-maximalen-genuss\/#breadcrumb","itemListElement":[{"@type":"ListItem","position":1,"name":"Home","item":"https:\/\/www.elementvape.de\/"},{"@type":"ListItem","position":2,"name":"Shop","item":"https:\/\/www.elementvape.de\/shop\/"},{"@type":"ListItem","position":3,"name":"Sichern Sie sich die MINT WASPE 5000 E-Zigarette zollfrei und profitieren Sie von unschlagbaren Gro\u00dfhandelspreisen f\u00fcr h\u00f6chste Qualit\u00e4t und maximalen Genuss"}]},{"@type":"WebSite","@id":"https:\/\/www.elementvape.de\/#website","url":"https:\/\/www.elementvape.de\/","name":"ElementVape.de","description":"","publisher":{"@id":"https:\/\/www.elementvape.de\/#organization"},"potentialAction":[{"@type":"SearchAction","target":{"@type":"EntryPoint","urlTemplate":"https:\/\/www.elementvape.de\/?s={search_term_string}"},"query-input":"required name=search_term_string"}],"inLanguage":"pt-PT"},{"@type":"Organization","@id":"https:\/\/www.elementvape.de\/#organization","name":"ElementVape.DE","url":"https:\/\/www.elementvape.de\/","logo":{"@type":"ImageObject","inLanguage":"pt-PT","@id":"https:\/\/www.elementvape.de\/#\/schema\/logo\/image\/","url":"https:\/\/www.elementvape.de\/wp-content\/uploads\/2024\/09\/cropped-1elementvape-3.png","contentUrl":"https:\/\/www.elementvape.de\/wp-content\/uploads\/2024\/09\/cropped-1elementvape-3.png","width":285,"height":228,"caption":"ElementVape.DE"},"image":{"@id":"https:\/\/www.elementvape.de\/#\/schema\/logo\/image\/"}}]}},"_links":{"self":[{"href":"https:\/\/www.elementvape.de\/pt\/wp-json\/wp\/v2\/product\/14030"}],"collection":[{"href":"https:\/\/www.elementvape.de\/pt\/wp-json\/wp\/v2\/product"}],"about":[{"href":"https:\/\/www.elementvape.de\/pt\/wp-json\/wp\/v2\/types\/product"}],"wp:featuredmedia":[{"embeddable":true,"href":"https:\/\/www.elementvape.de\/pt\/wp-json\/wp\/v2\/media\/14032"}],"wp:attachment":[{"href":"https:\/\/www.elementvape.de\/pt\/wp-json\/wp\/v2\/media?parent=14030"}],"wp:term":[{"taxonomy":"product_cat","embeddable":true,"href":"https:\/\/www.elementvape.de\/pt\/wp-json\/wp\/v2\/product_cat?post=14030"},{"taxonomy":"product_tag","embeddable":true,"href":"https:\/\/www.elementvape.de\/pt\/wp-json\/wp\/v2\/product_tag?post=14030"}],"curies":[{"name":"wp","href":"https:\/\/api.w.org\/{rel}","templated":true}]}}