{"id":13999,"date":"2024-08-23T09:06:01","date_gmt":"2024-08-23T09:06:01","guid":{"rendered":"https:\/\/www.elementvape.de\/?post_type=product&#038;p=13999"},"modified":"2024-10-15T03:50:15","modified_gmt":"2024-10-15T03:50:15","slug":"zollfreie-e-zigarette-waspe-12000-strawberry-donuts-12000-zuege-650-mah-akku-typ-c-anschluss","status":"publish","type":"product","link":"https:\/\/www.elementvape.de\/pt\/produkt\/zollfreie-e-zigarette-waspe-12000-strawberry-donuts-12000-zuege-650-mah-akku-typ-c-anschluss\/","title":{"rendered":"Vape sem impostos WASPE 12000 STRAWBERRY DONUTS 12000 tragos Bateria de 650 mAh Conector Tipo-C"},"content":{"rendered":"<div class=\"flex-shrink-0 flex flex-col relative items-end\">\n<div>\n<div class=\"pt-0\">\n<div class=\"gizmo-bot-avatar flex h-8 w-8 items-center justify-center overflow-hidden rounded-full\">\n<div class=\"relative p-1 rounded-sm flex items-center justify-center bg-token-main-surface-primary text-token-text-primary h-8 w-8\"><\/div>\n<\/div>\n<\/div>\n<\/div>\n<\/div>\n<div class=\"group\/conversation-turn relative flex w-full min-w-0 flex-col agent-turn\">\n<div class=\"flex-col gap-1 md:gap-3\">\n<div class=\"flex max-w-full flex-col flex-grow\">\n<div class=\"min-h-[20px] text-message flex w-full flex-col items-end gap-2 break-words [.text-message+&amp;]:mt-5 overflow-x-auto whitespace-pre-wrap\" dir=\"auto\" data-message-author-role=\"assistant\" data-message-id=\"3ab32f01-0459-4393-b89a-ad41f829d7d5\">\n<div class=\"flex w-full flex-col gap-1 empty:hidden first:pt-[3px]\">\n<div class=\"markdown prose w-full break-words dark:prose-invert light\">\n<h2>WASPE-12000 Cigarro eletr\u00f3nico Doce prazer com STRAWBERRY DONUTS<\/h2>\n<p>O WASPE-12000 <strong><a href=\"https:\/\/www.elementvape.de\/pt\/\" target=\"_blank\" rel=\"noopener\">Cigarro eletr\u00f3nico<\/a><\/strong> estabelece novos padr\u00f5es na experi\u00eancia de vaporiza\u00e7\u00e3o com o seu aroma delicioso de STRAWBERRY DONUTS. Este cigarro eletr\u00f3nico livre de impostos de importa\u00e7\u00e3o combina alto desempenho com um sabor sedutor, que une perfeitamente o prazer doce de morangos e donuts numa experi\u00eancia de vaporiza\u00e7\u00e3o. Com um n\u00famero impressionante de tragos e tecnologia avan\u00e7ada, o WASPE-12000 \u00e9 a escolha ideal para vaporizadores que desejam um prazer duradouro e delicioso.<\/p>\n<h3>STRAWBERRY DONUTS: Uma guloseima doce<\/h3>\n<p>O sabor de STRAWBERRY DONUTS combina a do\u00e7ura suculenta de morangos frescos com o sabor delicioso e ligeiramente gorduroso de um donut acabado de fazer. Esta combina\u00e7\u00e3o de sabores oferece uma experi\u00eancia rica e satisfat\u00f3ria, que lembra um lanche doce e saboroso. Cada trago transmite o sabor pleno de morangos frutados e os aromas quentes e amanteigados de um donut, proporcionando uma experi\u00eancia de vaporiza\u00e7\u00e3o prazerosa e ao mesmo tempo doce.<\/p>\n<p>Com uma capacidade generosa de 20 ml de e-l\u00edquido e at\u00e9 12.000 tragos, o WASPE-12000 fornece um sabor constante e intenso. O aroma doce mant\u00e9m-se durante toda a utiliza\u00e7\u00e3o, garantindo uma experi\u00eancia de vaporiza\u00e7\u00e3o consistentemente elevada.<\/p>\n<p>O cigarro eletr\u00f3nico WASPE-12000 oferece n\u00e3o s\u00f3 uma experi\u00eancia de sabor excecional, mas tamb\u00e9m uma configura\u00e7\u00e3o t\u00e9cnica de primeira classe. Os principais detalhes t\u00e9cnicos est\u00e3o resumidos na tabela seguinte:<\/p>\n<table>\n<thead>\n<tr>\n<th><strong>Propriedade<\/strong><\/th>\n<th><strong>Detalhes<\/strong><\/th>\n<\/tr>\n<\/thead>\n<tbody>\n<tr>\n<td>Modelo<\/td>\n<td>WASPE-12000<\/td>\n<\/tr>\n<tr>\n<td>Sabor<\/td>\n<td>Donuts de Morango<\/td>\n<\/tr>\n<tr>\n<td>Material<\/td>\n<td>Liga de alum\u00ednio, PCGT<\/td>\n<\/tr>\n<tr>\n<td>Conte\u00fado de N<\/td>\n<td>2%, 5%<\/td>\n<\/tr>\n<tr>\n<td>Resist\u00eancia da bobina<\/td>\n<td>1,0\u03a9<\/td>\n<\/tr>\n<tr>\n<td>Tragos<\/td>\n<td>12.000 tragos<\/td>\n<\/tr>\n<tr>\n<td>Capacidade de L\u00edquido Eletr\u00f3nico<\/td>\n<td>20 ml<\/td>\n<\/tr>\n<tr>\n<td>Capacidade da bateria<\/td>\n<td>650 mAh<\/td>\n<\/tr>\n<tr>\n<td>Faixa de pot\u00eancia<\/td>\n<td>7-12V<\/td>\n<\/tr>\n<tr>\n<td>Recarreg\u00e1vel<\/td>\n<td>Ja<\/td>\n<\/tr>\n<tr>\n<td>Conector de Carregamento<\/td>\n<td>Tipo-C<\/td>\n<\/tr>\n<tr>\n<td>Peso l\u00edquido<\/td>\n<td>96 g<\/td>\n<\/tr>\n<tr>\n<td>Tamanho do produto<\/td>\n<td>32<em>36<\/em>116 mm<\/td>\n<\/tr>\n<\/tbody>\n<\/table>\n<p>A bateria de 650 mAh oferece energia suficiente para um uso prolongado, enquanto a liga\u00e7\u00e3o de carregamento Tipo-C garante uma recarga r\u00e1pida e f\u00e1cil. O tamanho compacto e o peso leve do cigarro eletr\u00f3nico tornam-no ideal para uso di\u00e1rio, e os materiais robustos asseguram durabilidade e fiabilidade.<\/p>\n<p>Uma vantagem adicional do cigarro eletr\u00f3nico WASPE-12000 \u00e9 a sua disponibilidade livre de impostos em Portugal. Isto permite aos consumidores adquirir um produto de alta qualidade a um pre\u00e7o atrativo, sem custos adicionais por taxas alfandeg\u00e1rias ou impostos elevados. Para os comerciantes, isto abre a possibilidade de oferecer um produto desejado e competitivo, que atrai uma vasta clientela.<\/p>\n<p>Com o sabor sedutor de STRAWBERRY DONUTS e a tecnologia avan\u00e7ada, o cigarro eletr\u00f3nico WASPE-12000 \u00e9 a escolha perfeita para vaporizadores que procuram uma experi\u00eancia doce, duradoura e de alta qualidade. Este modelo combina sabor de primeira com facilidade de uso e oferece uma solu\u00e7\u00e3o excecional para o prazer di\u00e1rio.<\/p>\n<\/div>\n<\/div>\n<\/div>\n<\/div>\n<\/div>\n<\/div>","protected":false},"excerpt":{"rendered":"<p>WASPE-12000 E-Zigarette S\u00fc\u00dfer Genuss mit STRAWBERRY DONUTS Die WASPE-12000 E-Zigarette setzt neue Ma\u00dfst\u00e4be im Dampferlebnis mit ihrem k\u00f6stlichen Aroma von STRAWBERRY DONUTS. Diese zollfreie E-Zigarette vereint hohe Leistung mit einem verf\u00fchrerischen Geschmack, der den s\u00fc\u00dfen Genuss von Erdbeeren und Donuts perfekt in einem Dampferlebnis vereint. Mit einer beeindruckenden Anzahl an Z\u00fcgen und fortschrittlicher Technik ist [&hellip;]<\/p>","protected":false},"featured_media":14000,"template":"","meta":{"inline_featured_image":false},"product_cat":[15,78,735,746,741,733,744,755,738,751,722],"product_tag":[710,673],"tiered_pricing_type":"fixed","tiered_pricing_fixed_rules":{"110":"6.83","200":"6.07","500":"5.31"},"tiered_pricing_percentage_rules":[],"tiered_pricing_minimum":1,"_administrator_tiered_pricing_type":"fixed","_administrator_tiered_pricing_fixed_rules":[],"_editor_tiered_pricing_type":"fixed","_editor_tiered_pricing_fixed_rules":[],"_author_tiered_pricing_type":"fixed","_author_tiered_pricing_fixed_rules":[],"_contributor_tiered_pricing_type":"fixed","_contributor_tiered_pricing_fixed_rules":[],"_subscriber_tiered_pricing_type":"fixed","_subscriber_tiered_pricing_fixed_rules":[],"_customer_tiered_pricing_type":"fixed","_customer_tiered_pricing_fixed_rules":[],"_shop_manager_tiered_pricing_type":"fixed","_shop_manager_tiered_pricing_fixed_rules":[],"_wpseo_manager_tiered_pricing_type":"fixed","_wpseo_manager_tiered_pricing_fixed_rules":[],"_wpseo_editor_tiered_pricing_type":"fixed","_wpseo_editor_tiered_pricing_fixed_rules":[],"_wholesale_customer_tiered_pricing_type":"fixed","_wholesale_customer_tiered_pricing_fixed_rules":[],"_marketer_tiered_pricing_type":"fixed","_marketer_tiered_pricing_fixed_rules":[],"_sales_manager_tiered_pricing_type":"fixed","_sales_manager_tiered_pricing_fixed_rules":[],"_sales_rep_tiered_pricing_type":"fixed","_sales_rep_tiered_pricing_fixed_rules":[],"yoast_head":"<!-- This site is optimized with the Yoast SEO plugin v23.3 - https:\/\/yoast.com\/wordpress\/plugins\/seo\/ -->\n<title>Zollfreie E-Zigarette WASPE 12000 STRAWBERRY DONUTS 12000 Z\u00fcge 650 mAh Akku Typ-C Anschluss | ElementVape.de<\/title>\n<meta name=\"description\" content=\"Wir bieten Zollfreie E-Zigarette WASPE 12000 STRAWBERRY DONUTS 12000 Z\u00fcge 650 mAh Akku Typ-C Anschluss , Elementvape.de akzeptieren Gro\u00df-und Einzelhandel Bestellungen.\" \/>\n<meta name=\"robots\" content=\"index, follow, max-snippet:-1, max-image-preview:large, max-video-preview:-1\" \/>\n<link rel=\"canonical\" href=\"https:\/\/www.elementvape.de\/pt\/produkt\/zollfreie-e-zigarette-waspe-12000-strawberry-donuts-12000-zuege-650-mah-akku-typ-c-anschluss\/\" \/>\n<meta property=\"og:locale\" content=\"pt_PT\" \/>\n<meta property=\"og:type\" content=\"article\" \/>\n<meta property=\"og:title\" content=\"Zollfreie E-Zigarette WASPE 12000 STRAWBERRY DONUTS 12000 Z\u00fcge 650 mAh Akku Typ-C Anschluss | ElementVape.de\" \/>\n<meta property=\"og:description\" content=\"Wir bieten Zollfreie E-Zigarette WASPE 12000 STRAWBERRY DONUTS 12000 Z\u00fcge 650 mAh Akku Typ-C Anschluss , Elementvape.de akzeptieren Gro\u00df-und Einzelhandel Bestellungen.\" \/>\n<meta property=\"og:url\" content=\"https:\/\/www.elementvape.de\/pt\/produkt\/zollfreie-e-zigarette-waspe-12000-strawberry-donuts-12000-zuege-650-mah-akku-typ-c-anschluss\/\" \/>\n<meta property=\"og:site_name\" content=\"ElementVape.de\" \/>\n<meta property=\"article:modified_time\" content=\"2024-10-15T03:50:15+00:00\" \/>\n<meta property=\"og:image\" content=\"https:\/\/www.elementvape.de\/wp-content\/uploads\/2024\/08\/STRAWBERRY-DONUTS.jpg\" \/>\n\t<meta property=\"og:image:width\" content=\"2500\" \/>\n\t<meta property=\"og:image:height\" content=\"1500\" \/>\n\t<meta property=\"og:image:type\" content=\"image\/jpeg\" \/>\n<meta name=\"twitter:card\" content=\"summary_large_image\" \/>\n<meta name=\"twitter:label1\" content=\"Est. reading time\" \/>\n\t<meta name=\"twitter:data1\" content=\"3 minutos\" \/>\n<script type=\"application\/ld+json\" class=\"yoast-schema-graph\">{\"@context\":\"https:\/\/schema.org\",\"@graph\":[{\"@type\":\"WebPage\",\"@id\":\"https:\/\/www.elementvape.de\/produkt\/zollfreie-e-zigarette-waspe-12000-strawberry-donuts-12000-zuege-650-mah-akku-typ-c-anschluss\/\",\"url\":\"https:\/\/www.elementvape.de\/produkt\/zollfreie-e-zigarette-waspe-12000-strawberry-donuts-12000-zuege-650-mah-akku-typ-c-anschluss\/\",\"name\":\"Zollfreie E-Zigarette WASPE 12000 STRAWBERRY DONUTS 12000 Z\u00fcge 650 mAh Akku Typ-C Anschluss | ElementVape.de\",\"isPartOf\":{\"@id\":\"https:\/\/www.elementvape.de\/#website\"},\"primaryImageOfPage\":{\"@id\":\"https:\/\/www.elementvape.de\/produkt\/zollfreie-e-zigarette-waspe-12000-strawberry-donuts-12000-zuege-650-mah-akku-typ-c-anschluss\/#primaryimage\"},\"image\":{\"@id\":\"https:\/\/www.elementvape.de\/produkt\/zollfreie-e-zigarette-waspe-12000-strawberry-donuts-12000-zuege-650-mah-akku-typ-c-anschluss\/#primaryimage\"},\"thumbnailUrl\":\"https:\/\/www.elementvape.de\/wp-content\/uploads\/2024\/08\/STRAWBERRY-DONUTS.jpg\",\"datePublished\":\"2024-08-23T09:06:01+00:00\",\"dateModified\":\"2024-10-15T03:50:15+00:00\",\"description\":\"Wir bieten Zollfreie E-Zigarette WASPE 12000 STRAWBERRY DONUTS 12000 Z\u00fcge 650 mAh Akku Typ-C Anschluss , Elementvape.de akzeptieren Gro\u00df-und Einzelhandel Bestellungen.\",\"breadcrumb\":{\"@id\":\"https:\/\/www.elementvape.de\/produkt\/zollfreie-e-zigarette-waspe-12000-strawberry-donuts-12000-zuege-650-mah-akku-typ-c-anschluss\/#breadcrumb\"},\"inLanguage\":\"pt-PT\",\"potentialAction\":[{\"@type\":\"ReadAction\",\"target\":[\"https:\/\/www.elementvape.de\/produkt\/zollfreie-e-zigarette-waspe-12000-strawberry-donuts-12000-zuege-650-mah-akku-typ-c-anschluss\/\"]}]},{\"@type\":\"ImageObject\",\"inLanguage\":\"pt-PT\",\"@id\":\"https:\/\/www.elementvape.de\/produkt\/zollfreie-e-zigarette-waspe-12000-strawberry-donuts-12000-zuege-650-mah-akku-typ-c-anschluss\/#primaryimage\",\"url\":\"https:\/\/www.elementvape.de\/wp-content\/uploads\/2024\/08\/STRAWBERRY-DONUTS.jpg\",\"contentUrl\":\"https:\/\/www.elementvape.de\/wp-content\/uploads\/2024\/08\/STRAWBERRY-DONUTS.jpg\",\"width\":2500,\"height\":1500,\"caption\":\"STRAWBERRY DONUTS\"},{\"@type\":\"BreadcrumbList\",\"@id\":\"https:\/\/www.elementvape.de\/produkt\/zollfreie-e-zigarette-waspe-12000-strawberry-donuts-12000-zuege-650-mah-akku-typ-c-anschluss\/#breadcrumb\",\"itemListElement\":[{\"@type\":\"ListItem\",\"position\":1,\"name\":\"Home\",\"item\":\"https:\/\/www.elementvape.de\/\"},{\"@type\":\"ListItem\",\"position\":2,\"name\":\"Shop\",\"item\":\"https:\/\/www.elementvape.de\/shop\/\"},{\"@type\":\"ListItem\",\"position\":3,\"name\":\"Zollfreie E-Zigarette WASPE 12000 STRAWBERRY DONUTS 12000 Z\u00fcge 650 mAh Akku Typ-C Anschluss\"}]},{\"@type\":\"WebSite\",\"@id\":\"https:\/\/www.elementvape.de\/#website\",\"url\":\"https:\/\/www.elementvape.de\/\",\"name\":\"ElementVape.de\",\"description\":\"\",\"publisher\":{\"@id\":\"https:\/\/www.elementvape.de\/#organization\"},\"potentialAction\":[{\"@type\":\"SearchAction\",\"target\":{\"@type\":\"EntryPoint\",\"urlTemplate\":\"https:\/\/www.elementvape.de\/?s={search_term_string}\"},\"query-input\":\"required name=search_term_string\"}],\"inLanguage\":\"pt-PT\"},{\"@type\":\"Organization\",\"@id\":\"https:\/\/www.elementvape.de\/#organization\",\"name\":\"ElementVape.DE\",\"url\":\"https:\/\/www.elementvape.de\/\",\"logo\":{\"@type\":\"ImageObject\",\"inLanguage\":\"pt-PT\",\"@id\":\"https:\/\/www.elementvape.de\/#\/schema\/logo\/image\/\",\"url\":\"https:\/\/www.elementvape.de\/wp-content\/uploads\/2024\/09\/cropped-1elementvape-3.png\",\"contentUrl\":\"https:\/\/www.elementvape.de\/wp-content\/uploads\/2024\/09\/cropped-1elementvape-3.png\",\"width\":285,\"height\":228,\"caption\":\"ElementVape.DE\"},\"image\":{\"@id\":\"https:\/\/www.elementvape.de\/#\/schema\/logo\/image\/\"}}]}<\/script>\n<!-- \/ Yoast SEO plugin. -->","yoast_head_json":{"title":"Zollfreie E-Zigarette WASPE 12000 STRAWBERRY DONUTS 12000 Z\u00fcge 650 mAh Akku Typ-C Anschluss | ElementVape.de","description":"Wir bieten Zollfreie E-Zigarette WASPE 12000 STRAWBERRY DONUTS 12000 Z\u00fcge 650 mAh Akku Typ-C Anschluss , Elementvape.de akzeptieren Gro\u00df-und Einzelhandel Bestellungen.","robots":{"index":"index","follow":"follow","max-snippet":"max-snippet:-1","max-image-preview":"max-image-preview:large","max-video-preview":"max-video-preview:-1"},"canonical":"https:\/\/www.elementvape.de\/pt\/produkt\/zollfreie-e-zigarette-waspe-12000-strawberry-donuts-12000-zuege-650-mah-akku-typ-c-anschluss\/","og_locale":"pt_PT","og_type":"article","og_title":"Zollfreie E-Zigarette WASPE 12000 STRAWBERRY DONUTS 12000 Z\u00fcge 650 mAh Akku Typ-C Anschluss | ElementVape.de","og_description":"Wir bieten Zollfreie E-Zigarette WASPE 12000 STRAWBERRY DONUTS 12000 Z\u00fcge 650 mAh Akku Typ-C Anschluss , Elementvape.de akzeptieren Gro\u00df-und Einzelhandel Bestellungen.","og_url":"https:\/\/www.elementvape.de\/pt\/produkt\/zollfreie-e-zigarette-waspe-12000-strawberry-donuts-12000-zuege-650-mah-akku-typ-c-anschluss\/","og_site_name":"ElementVape.de","article_modified_time":"2024-10-15T03:50:15+00:00","og_image":[{"width":2500,"height":1500,"url":"https:\/\/www.elementvape.de\/wp-content\/uploads\/2024\/08\/STRAWBERRY-DONUTS.jpg","type":"image\/jpeg"}],"twitter_card":"summary_large_image","twitter_misc":{"Est. reading time":"3 minutos"},"schema":{"@context":"https:\/\/schema.org","@graph":[{"@type":"WebPage","@id":"https:\/\/www.elementvape.de\/produkt\/zollfreie-e-zigarette-waspe-12000-strawberry-donuts-12000-zuege-650-mah-akku-typ-c-anschluss\/","url":"https:\/\/www.elementvape.de\/produkt\/zollfreie-e-zigarette-waspe-12000-strawberry-donuts-12000-zuege-650-mah-akku-typ-c-anschluss\/","name":"Zollfreie E-Zigarette WASPE 12000 STRAWBERRY DONUTS 12000 Z\u00fcge 650 mAh Akku Typ-C Anschluss | ElementVape.de","isPartOf":{"@id":"https:\/\/www.elementvape.de\/#website"},"primaryImageOfPage":{"@id":"https:\/\/www.elementvape.de\/produkt\/zollfreie-e-zigarette-waspe-12000-strawberry-donuts-12000-zuege-650-mah-akku-typ-c-anschluss\/#primaryimage"},"image":{"@id":"https:\/\/www.elementvape.de\/produkt\/zollfreie-e-zigarette-waspe-12000-strawberry-donuts-12000-zuege-650-mah-akku-typ-c-anschluss\/#primaryimage"},"thumbnailUrl":"https:\/\/www.elementvape.de\/wp-content\/uploads\/2024\/08\/STRAWBERRY-DONUTS.jpg","datePublished":"2024-08-23T09:06:01+00:00","dateModified":"2024-10-15T03:50:15+00:00","description":"Wir bieten Zollfreie E-Zigarette WASPE 12000 STRAWBERRY DONUTS 12000 Z\u00fcge 650 mAh Akku Typ-C Anschluss , Elementvape.de akzeptieren Gro\u00df-und Einzelhandel Bestellungen.","breadcrumb":{"@id":"https:\/\/www.elementvape.de\/produkt\/zollfreie-e-zigarette-waspe-12000-strawberry-donuts-12000-zuege-650-mah-akku-typ-c-anschluss\/#breadcrumb"},"inLanguage":"pt-PT","potentialAction":[{"@type":"ReadAction","target":["https:\/\/www.elementvape.de\/produkt\/zollfreie-e-zigarette-waspe-12000-strawberry-donuts-12000-zuege-650-mah-akku-typ-c-anschluss\/"]}]},{"@type":"ImageObject","inLanguage":"pt-PT","@id":"https:\/\/www.elementvape.de\/produkt\/zollfreie-e-zigarette-waspe-12000-strawberry-donuts-12000-zuege-650-mah-akku-typ-c-anschluss\/#primaryimage","url":"https:\/\/www.elementvape.de\/wp-content\/uploads\/2024\/08\/STRAWBERRY-DONUTS.jpg","contentUrl":"https:\/\/www.elementvape.de\/wp-content\/uploads\/2024\/08\/STRAWBERRY-DONUTS.jpg","width":2500,"height":1500,"caption":"STRAWBERRY DONUTS"},{"@type":"BreadcrumbList","@id":"https:\/\/www.elementvape.de\/produkt\/zollfreie-e-zigarette-waspe-12000-strawberry-donuts-12000-zuege-650-mah-akku-typ-c-anschluss\/#breadcrumb","itemListElement":[{"@type":"ListItem","position":1,"name":"Home","item":"https:\/\/www.elementvape.de\/"},{"@type":"ListItem","position":2,"name":"Shop","item":"https:\/\/www.elementvape.de\/shop\/"},{"@type":"ListItem","position":3,"name":"Zollfreie E-Zigarette WASPE 12000 STRAWBERRY DONUTS 12000 Z\u00fcge 650 mAh Akku Typ-C Anschluss"}]},{"@type":"WebSite","@id":"https:\/\/www.elementvape.de\/#website","url":"https:\/\/www.elementvape.de\/","name":"ElementVape.de","description":"","publisher":{"@id":"https:\/\/www.elementvape.de\/#organization"},"potentialAction":[{"@type":"SearchAction","target":{"@type":"EntryPoint","urlTemplate":"https:\/\/www.elementvape.de\/?s={search_term_string}"},"query-input":"required name=search_term_string"}],"inLanguage":"pt-PT"},{"@type":"Organization","@id":"https:\/\/www.elementvape.de\/#organization","name":"ElementVape.DE","url":"https:\/\/www.elementvape.de\/","logo":{"@type":"ImageObject","inLanguage":"pt-PT","@id":"https:\/\/www.elementvape.de\/#\/schema\/logo\/image\/","url":"https:\/\/www.elementvape.de\/wp-content\/uploads\/2024\/09\/cropped-1elementvape-3.png","contentUrl":"https:\/\/www.elementvape.de\/wp-content\/uploads\/2024\/09\/cropped-1elementvape-3.png","width":285,"height":228,"caption":"ElementVape.DE"},"image":{"@id":"https:\/\/www.elementvape.de\/#\/schema\/logo\/image\/"}}]}},"_links":{"self":[{"href":"https:\/\/www.elementvape.de\/pt\/wp-json\/wp\/v2\/product\/13999"}],"collection":[{"href":"https:\/\/www.elementvape.de\/pt\/wp-json\/wp\/v2\/product"}],"about":[{"href":"https:\/\/www.elementvape.de\/pt\/wp-json\/wp\/v2\/types\/product"}],"wp:featuredmedia":[{"embeddable":true,"href":"https:\/\/www.elementvape.de\/pt\/wp-json\/wp\/v2\/media\/14000"}],"wp:attachment":[{"href":"https:\/\/www.elementvape.de\/pt\/wp-json\/wp\/v2\/media?parent=13999"}],"wp:term":[{"taxonomy":"product_cat","embeddable":true,"href":"https:\/\/www.elementvape.de\/pt\/wp-json\/wp\/v2\/product_cat?post=13999"},{"taxonomy":"product_tag","embeddable":true,"href":"https:\/\/www.elementvape.de\/pt\/wp-json\/wp\/v2\/product_tag?post=13999"}],"curies":[{"name":"wp","href":"https:\/\/api.w.org\/{rel}","templated":true}]}}