{"id":13959,"date":"2024-08-22T08:30:14","date_gmt":"2024-08-22T08:30:14","guid":{"rendered":"https:\/\/www.elementvape.de\/?post_type=product&#038;p=13959"},"modified":"2024-12-12T06:33:59","modified_gmt":"2024-12-12T06:33:59","slug":"fruchtige-vielfalt-im-grosshandel-strawberry-mango-e-zigaretten-erstklassige-qualitaet-die-den-perfekten-mix-aus-erdbeeren-und-mango-vereint-waspe-15000-puffs","status":"publish","type":"product","link":"https:\/\/www.elementvape.de\/pt\/produkt\/fruchtige-vielfalt-im-grosshandel-strawberry-mango-e-zigaretten-erstklassige-qualitaet-die-den-perfekten-mix-aus-erdbeeren-und-mango-vereint-waspe-15000-puffs\/","title":{"rendered":"Variedade frutada no atacado Strawberry Mango Cigarros eletr\u00f4nicos \u2013 qualidade de primeira que une a mistura perfeita de morangos e manga WASPE 15000 PUFFS"},"content":{"rendered":"<p>A WASPE 15000 PUFFS Cigarro Eletr\u00f3nico Descart\u00e1vel oferece uma experi\u00eancia de sabor excecional com o aroma de Morango Manga, que combina a mistura perfeita de morangos suculentos e mangas tropicais. Este aroma combina a do\u00e7ura frutada de morangos maduros com o sabor intenso da manga, criando uma experi\u00eancia de vaporiza\u00e7\u00e3o inesquec\u00edvel. Cada tragada revela o equil\u00edbrio harmonioso entre a frescura dos morangos e a do\u00e7ura ex\u00f3tica da manga, proporcionando uma experi\u00eancia de sabor especialmente refrescante e satisfat\u00f3ria.<\/p>\n<p>Gra\u00e7as \u00e0 tecnologia avan\u00e7ada de bobina de malha da WASPE 15000 PUFFS, o sabor do aroma de Morango Manga \u00e9 real\u00e7ado de forma ideal. O aquecimento uniforme do e-l\u00edquido garante que possa desfrutar de cada tragada com a intensidade total dos sabores frutados, o que torna o <strong><a href=\"https:\/\/www.elementvape.de\/pt\/\" target=\"_blank\" rel=\"noopener\">vaporiza\u00e7\u00e3o<\/a><\/strong> verdadeiro prazer.<\/p>\n<h2><strong>Qualidade de primeira para atacado<\/strong><\/h2>\n<p>Para os grossistas, a WASPE 15000 PUFFS com aroma de Morango Manga \u00e9 um produto de primeira, que se destaca pela sua alta qualidade e desempenho excecional. Com uma capacidade impressionante de at\u00e9 15.000 tragadas e um reservat\u00f3rio de e-l\u00edquido de 22 ml, este modelo oferece vaporiza\u00e7\u00e3o duradoura sem necessidade de recargas frequentes ou troca do dispositivo. Estas caracter\u00edsticas fazem da WASPE uma oferta ideal para grossistas que desejam oferecer aos seus clientes um produto fi\u00e1vel e de alta qualidade.<\/p>\n<p>A combina\u00e7\u00e3o de uma constru\u00e7\u00e3o de alta qualidade, grande capacidade de tragadas e o aroma \u00fanico de Morango Manga oferece aos seus clientes uma experi\u00eancia de vaporiza\u00e7\u00e3o completa, que impressiona tanto na funcionalidade quanto no sabor. Estas vantagens tornam a WASPE 15000 PUFFS um produto atrativo para o atacado, que se vende bem e trar\u00e1 muita satisfa\u00e7\u00e3o aos seus clientes.<\/p>\n<h3><strong>Vantagens da WASPE 15000 PUFFS para o atacado<\/strong><\/h3>\n<p>A WASPE 15000 PUFFS oferece aos grossistas v\u00e1rias vantagens, tornando-a uma oferta atrativa no mercado. Com o aroma de Morango Manga, o produto n\u00e3o s\u00f3 oferece um destaque de sabor, mas tamb\u00e9m uma capacidade de tragadas extraordin\u00e1ria, que o diferencia de outros <strong><a href=\"https:\/\/www.elementvape.de\/pt\/c\/einweg-zigarette\/\" target=\"_blank\" rel=\"noopener\">Cigarros eletr\u00f4nicos descart\u00e1veis<\/a><\/strong> destaca. O modelo est\u00e1 equipado com uma bateria potente de 850mAh, que pode ser carregada facilmente atrav\u00e9s da moderna liga\u00e7\u00e3o Type-C, e o ecr\u00e3 LCD f\u00e1cil de usar mant\u00e9m-no sempre informado sobre o estado de carga e o n\u00edvel de e-l\u00edquido.<\/p>\n<p>Estas funcionalidades fazem da WASPE 15000 PUFFS uma escolha f\u00e1cil de usar e pr\u00e1tica para os seus clientes. Para si, como grossista, isto significa que pode oferecer um produto que impressiona tanto pela qualidade quanto pelo desempenho, ajudando-o a destacar-se na concorr\u00eancia. A excelente combina\u00e7\u00e3o de morangos e manga complementa as funcionalidades poderosas da WASPE 15000 PUFFS e garante uma experi\u00eancia de vaporiza\u00e7\u00e3o \u00f3tima, que os seus clientes ir\u00e3o apreciar.<\/p>\n<p><img loading=\"lazy\" decoding=\"async\" class=\"size-medium wp-image-13962\" src=\"https:\/\/www.elementvape.de\/wp-content\/uploads\/2024\/08\/03-1-300x169.jpg\" alt=\"03\" width=\"300\" height=\"169\" srcset=\"https:\/\/www.elementvape.de\/wp-content\/uploads\/2024\/08\/03-1-300x169.jpg 300w, https:\/\/www.elementvape.de\/wp-content\/uploads\/2024\/08\/03-1-1024x576.jpg 1024w, https:\/\/www.elementvape.de\/wp-content\/uploads\/2024\/08\/03-1-768x432.jpg 768w, https:\/\/www.elementvape.de\/wp-content\/uploads\/2024\/08\/03-1-1536x864.jpg 1536w, https:\/\/www.elementvape.de\/wp-content\/uploads\/2024\/08\/03-1-1000x565.jpg 1000w, https:\/\/www.elementvape.de\/wp-content\/uploads\/2024\/08\/03-1-600x338.jpg 600w, https:\/\/www.elementvape.de\/wp-content\/uploads\/2024\/08\/03-1.jpg 2000w\" sizes=\"(max-width: 300px) 100vw, 300px\" \/><\/p>\n<p><img loading=\"lazy\" decoding=\"async\" class=\"size-medium wp-image-13961\" src=\"https:\/\/www.elementvape.de\/wp-content\/uploads\/2024\/08\/02-1-300x141.jpg\" alt=\"02\" width=\"300\" height=\"141\" srcset=\"https:\/\/www.elementvape.de\/wp-content\/uploads\/2024\/08\/02-1-300x141.jpg 300w, https:\/\/www.elementvape.de\/wp-content\/uploads\/2024\/08\/02-1-1024x480.jpg 1024w, https:\/\/www.elementvape.de\/wp-content\/uploads\/2024\/08\/02-1-768x360.jpg 768w, https:\/\/www.elementvape.de\/wp-content\/uploads\/2024\/08\/02-1-1536x720.jpg 1536w, https:\/\/www.elementvape.de\/wp-content\/uploads\/2024\/08\/02-1-600x281.jpg 600w, https:\/\/www.elementvape.de\/wp-content\/uploads\/2024\/08\/02-1.jpg 2000w\" sizes=\"(max-width: 300px) 100vw, 300px\" \/><\/p>","protected":false},"excerpt":{"rendered":"<p>Die WASPE 15000 PUFFS Disposable Electronic Zigarette bietet ein herausragendes Geschmackserlebnis mit dem Strawberry Mango Aroma, das den perfekten Mix aus saftigen Erdbeeren und tropischen Mangos vereint. Dieses Aroma kombiniert die s\u00fc\u00dfe Fruchtigkeit von reifen Erdbeeren mit dem intensiven Geschmack der Mango, um ein unvergessliches Dampferlebnis zu schaffen. Jeder Zug offenbart die harmonische Balance zwischen [&hellip;]<\/p>","protected":false},"featured_media":13960,"template":"","meta":{"inline_featured_image":false},"product_cat":[15,78,735,746,741,733,744,755,738,751,732,723],"product_tag":[710,674],"tiered_pricing_type":"fixed","tiered_pricing_fixed_rules":{"110":"7.91","200":"7.03","500":"6.15"},"tiered_pricing_percentage_rules":[],"tiered_pricing_minimum":1,"_administrator_tiered_pricing_type":"fixed","_administrator_tiered_pricing_fixed_rules":[],"_editor_tiered_pricing_type":"fixed","_editor_tiered_pricing_fixed_rules":[],"_author_tiered_pricing_type":"fixed","_author_tiered_pricing_fixed_rules":[],"_contributor_tiered_pricing_type":"fixed","_contributor_tiered_pricing_fixed_rules":[],"_subscriber_tiered_pricing_type":"fixed","_subscriber_tiered_pricing_fixed_rules":[],"_customer_tiered_pricing_type":"fixed","_customer_tiered_pricing_fixed_rules":[],"_shop_manager_tiered_pricing_type":"fixed","_shop_manager_tiered_pricing_fixed_rules":[],"_wpseo_manager_tiered_pricing_type":"fixed","_wpseo_manager_tiered_pricing_fixed_rules":[],"_wpseo_editor_tiered_pricing_type":"fixed","_wpseo_editor_tiered_pricing_fixed_rules":[],"_wholesale_customer_tiered_pricing_type":"fixed","_wholesale_customer_tiered_pricing_fixed_rules":[],"_marketer_tiered_pricing_type":"fixed","_marketer_tiered_pricing_fixed_rules":[],"_sales_manager_tiered_pricing_type":"fixed","_sales_manager_tiered_pricing_fixed_rules":[],"_sales_rep_tiered_pricing_type":"fixed","_sales_rep_tiered_pricing_fixed_rules":[],"yoast_head":"<!-- This site is optimized with the Yoast SEO plugin v23.3 - https:\/\/yoast.com\/wordpress\/plugins\/seo\/ -->\n<title>Fruchtige Vielfalt im Gro\u00dfhandel Strawberry Mango E-Zigaretten \u2013 erstklassige Qualit\u00e4t die den perfekten Mix aus Erdbeeren und Mango vereint WASPE 15000 PUFFS | ElementVape.de<\/title>\n<meta name=\"description\" content=\"Wir bieten Fruchtige Vielfalt im Gro\u00dfhandel Strawberry Mango E-Zigaretten \u2013 erstklassige Qualit\u00e4t die den perfekten Mix aus Erdbeeren und Mango vereint WASPE 15000 PUFFS , Elementvape.de akzeptieren Gro\u00df-und Einzelhandel Bestellungen.\" \/>\n<meta name=\"robots\" content=\"index, follow, max-snippet:-1, max-image-preview:large, max-video-preview:-1\" \/>\n<link rel=\"canonical\" href=\"https:\/\/www.elementvape.de\/pt\/produkt\/fruchtige-vielfalt-im-grosshandel-strawberry-mango-e-zigaretten-erstklassige-qualitaet-die-den-perfekten-mix-aus-erdbeeren-und-mango-vereint-waspe-15000-puffs\/\" \/>\n<meta property=\"og:locale\" content=\"pt_PT\" \/>\n<meta property=\"og:type\" content=\"article\" \/>\n<meta property=\"og:title\" content=\"Fruchtige Vielfalt im Gro\u00dfhandel Strawberry Mango E-Zigaretten \u2013 erstklassige Qualit\u00e4t die den perfekten Mix aus Erdbeeren und Mango vereint WASPE 15000 PUFFS | ElementVape.de\" \/>\n<meta property=\"og:description\" content=\"Wir bieten Fruchtige Vielfalt im Gro\u00dfhandel Strawberry Mango E-Zigaretten \u2013 erstklassige Qualit\u00e4t die den perfekten Mix aus Erdbeeren und Mango vereint WASPE 15000 PUFFS , Elementvape.de akzeptieren Gro\u00df-und Einzelhandel Bestellungen.\" \/>\n<meta property=\"og:url\" content=\"https:\/\/www.elementvape.de\/pt\/produkt\/fruchtige-vielfalt-im-grosshandel-strawberry-mango-e-zigaretten-erstklassige-qualitaet-die-den-perfekten-mix-aus-erdbeeren-und-mango-vereint-waspe-15000-puffs\/\" \/>\n<meta property=\"og:site_name\" content=\"ElementVape.de\" \/>\n<meta property=\"article:modified_time\" content=\"2024-12-12T06:33:59+00:00\" \/>\n<meta property=\"og:image\" content=\"https:\/\/www.elementvape.de\/wp-content\/uploads\/2024\/08\/Strawberry-Mango-1.jpg\" \/>\n\t<meta property=\"og:image:width\" content=\"1920\" \/>\n\t<meta property=\"og:image:height\" content=\"1536\" \/>\n\t<meta property=\"og:image:type\" content=\"image\/jpeg\" \/>\n<meta name=\"twitter:card\" content=\"summary_large_image\" \/>\n<meta name=\"twitter:label1\" content=\"Est. reading time\" \/>\n\t<meta name=\"twitter:data1\" content=\"3 minutos\" \/>\n<script type=\"application\/ld+json\" class=\"yoast-schema-graph\">{\"@context\":\"https:\/\/schema.org\",\"@graph\":[{\"@type\":\"WebPage\",\"@id\":\"https:\/\/www.elementvape.de\/lt\/produkt\/fruchtige-vielfalt-im-grosshandel-strawberry-mango-e-zigaretten-erstklassige-qualitaet-die-den-perfekten-mix-aus-erdbeeren-und-mango-vereint-waspe-15000-puffs\/\",\"url\":\"https:\/\/www.elementvape.de\/lt\/produkt\/fruchtige-vielfalt-im-grosshandel-strawberry-mango-e-zigaretten-erstklassige-qualitaet-die-den-perfekten-mix-aus-erdbeeren-und-mango-vereint-waspe-15000-puffs\/\",\"name\":\"Fruchtige Vielfalt im Gro\u00dfhandel Strawberry Mango E-Zigaretten \u2013 erstklassige Qualit\u00e4t die den perfekten Mix aus Erdbeeren und Mango vereint WASPE 15000 PUFFS | ElementVape.de\",\"isPartOf\":{\"@id\":\"https:\/\/www.elementvape.de\/#website\"},\"primaryImageOfPage\":{\"@id\":\"https:\/\/www.elementvape.de\/lt\/produkt\/fruchtige-vielfalt-im-grosshandel-strawberry-mango-e-zigaretten-erstklassige-qualitaet-die-den-perfekten-mix-aus-erdbeeren-und-mango-vereint-waspe-15000-puffs\/#primaryimage\"},\"image\":{\"@id\":\"https:\/\/www.elementvape.de\/lt\/produkt\/fruchtige-vielfalt-im-grosshandel-strawberry-mango-e-zigaretten-erstklassige-qualitaet-die-den-perfekten-mix-aus-erdbeeren-und-mango-vereint-waspe-15000-puffs\/#primaryimage\"},\"thumbnailUrl\":\"https:\/\/www.elementvape.de\/wp-content\/uploads\/2024\/08\/Strawberry-Mango-1.jpg\",\"datePublished\":\"2024-08-22T08:30:14+00:00\",\"dateModified\":\"2024-12-12T06:33:59+00:00\",\"description\":\"Wir bieten Fruchtige Vielfalt im Gro\u00dfhandel Strawberry Mango E-Zigaretten \u2013 erstklassige Qualit\u00e4t die den perfekten Mix aus Erdbeeren und Mango vereint WASPE 15000 PUFFS , Elementvape.de akzeptieren Gro\u00df-und Einzelhandel Bestellungen.\",\"breadcrumb\":{\"@id\":\"https:\/\/www.elementvape.de\/lt\/produkt\/fruchtige-vielfalt-im-grosshandel-strawberry-mango-e-zigaretten-erstklassige-qualitaet-die-den-perfekten-mix-aus-erdbeeren-und-mango-vereint-waspe-15000-puffs\/#breadcrumb\"},\"inLanguage\":\"pt-PT\",\"potentialAction\":[{\"@type\":\"ReadAction\",\"target\":[\"https:\/\/www.elementvape.de\/lt\/produkt\/fruchtige-vielfalt-im-grosshandel-strawberry-mango-e-zigaretten-erstklassige-qualitaet-die-den-perfekten-mix-aus-erdbeeren-und-mango-vereint-waspe-15000-puffs\/\"]}]},{\"@type\":\"ImageObject\",\"inLanguage\":\"pt-PT\",\"@id\":\"https:\/\/www.elementvape.de\/lt\/produkt\/fruchtige-vielfalt-im-grosshandel-strawberry-mango-e-zigaretten-erstklassige-qualitaet-die-den-perfekten-mix-aus-erdbeeren-und-mango-vereint-waspe-15000-puffs\/#primaryimage\",\"url\":\"https:\/\/www.elementvape.de\/wp-content\/uploads\/2024\/08\/Strawberry-Mango-1.jpg\",\"contentUrl\":\"https:\/\/www.elementvape.de\/wp-content\/uploads\/2024\/08\/Strawberry-Mango-1.jpg\",\"width\":1920,\"height\":1536,\"caption\":\"Strawberry Mango\"},{\"@type\":\"BreadcrumbList\",\"@id\":\"https:\/\/www.elementvape.de\/lt\/produkt\/fruchtige-vielfalt-im-grosshandel-strawberry-mango-e-zigaretten-erstklassige-qualitaet-die-den-perfekten-mix-aus-erdbeeren-und-mango-vereint-waspe-15000-puffs\/#breadcrumb\",\"itemListElement\":[{\"@type\":\"ListItem\",\"position\":1,\"name\":\"Home\",\"item\":\"https:\/\/www.elementvape.de\/\"},{\"@type\":\"ListItem\",\"position\":2,\"name\":\"Shop\",\"item\":\"https:\/\/www.elementvape.de\/shop\/\"},{\"@type\":\"ListItem\",\"position\":3,\"name\":\"Fruchtige Vielfalt im Gro\u00dfhandel Strawberry Mango E-Zigaretten \u2013 erstklassige Qualit\u00e4t die den perfekten Mix aus Erdbeeren und Mango vereint WASPE 15000 PUFFS\"}]},{\"@type\":\"WebSite\",\"@id\":\"https:\/\/www.elementvape.de\/#website\",\"url\":\"https:\/\/www.elementvape.de\/\",\"name\":\"ElementVape.de\",\"description\":\"\",\"publisher\":{\"@id\":\"https:\/\/www.elementvape.de\/#organization\"},\"potentialAction\":[{\"@type\":\"SearchAction\",\"target\":{\"@type\":\"EntryPoint\",\"urlTemplate\":\"https:\/\/www.elementvape.de\/?s={search_term_string}\"},\"query-input\":\"required name=search_term_string\"}],\"inLanguage\":\"pt-PT\"},{\"@type\":\"Organization\",\"@id\":\"https:\/\/www.elementvape.de\/#organization\",\"name\":\"ElementVape.DE\",\"url\":\"https:\/\/www.elementvape.de\/\",\"logo\":{\"@type\":\"ImageObject\",\"inLanguage\":\"pt-PT\",\"@id\":\"https:\/\/www.elementvape.de\/#\/schema\/logo\/image\/\",\"url\":\"https:\/\/www.elementvape.de\/wp-content\/uploads\/2024\/09\/cropped-1elementvape-3.png\",\"contentUrl\":\"https:\/\/www.elementvape.de\/wp-content\/uploads\/2024\/09\/cropped-1elementvape-3.png\",\"width\":285,\"height\":228,\"caption\":\"ElementVape.DE\"},\"image\":{\"@id\":\"https:\/\/www.elementvape.de\/#\/schema\/logo\/image\/\"}}]}<\/script>\n<!-- \/ Yoast SEO plugin. -->","yoast_head_json":{"title":"Fruchtige Vielfalt im Gro\u00dfhandel Strawberry Mango E-Zigaretten \u2013 erstklassige Qualit\u00e4t die den perfekten Mix aus Erdbeeren und Mango vereint WASPE 15000 PUFFS | ElementVape.de","description":"Wir bieten Fruchtige Vielfalt im Gro\u00dfhandel Strawberry Mango E-Zigaretten \u2013 erstklassige Qualit\u00e4t die den perfekten Mix aus Erdbeeren und Mango vereint WASPE 15000 PUFFS , Elementvape.de akzeptieren Gro\u00df-und Einzelhandel Bestellungen.","robots":{"index":"index","follow":"follow","max-snippet":"max-snippet:-1","max-image-preview":"max-image-preview:large","max-video-preview":"max-video-preview:-1"},"canonical":"https:\/\/www.elementvape.de\/pt\/produkt\/fruchtige-vielfalt-im-grosshandel-strawberry-mango-e-zigaretten-erstklassige-qualitaet-die-den-perfekten-mix-aus-erdbeeren-und-mango-vereint-waspe-15000-puffs\/","og_locale":"pt_PT","og_type":"article","og_title":"Fruchtige Vielfalt im Gro\u00dfhandel Strawberry Mango E-Zigaretten \u2013 erstklassige Qualit\u00e4t die den perfekten Mix aus Erdbeeren und Mango vereint WASPE 15000 PUFFS | ElementVape.de","og_description":"Wir bieten Fruchtige Vielfalt im Gro\u00dfhandel Strawberry Mango E-Zigaretten \u2013 erstklassige Qualit\u00e4t die den perfekten Mix aus Erdbeeren und Mango vereint WASPE 15000 PUFFS , Elementvape.de akzeptieren Gro\u00df-und Einzelhandel Bestellungen.","og_url":"https:\/\/www.elementvape.de\/pt\/produkt\/fruchtige-vielfalt-im-grosshandel-strawberry-mango-e-zigaretten-erstklassige-qualitaet-die-den-perfekten-mix-aus-erdbeeren-und-mango-vereint-waspe-15000-puffs\/","og_site_name":"ElementVape.de","article_modified_time":"2024-12-12T06:33:59+00:00","og_image":[{"width":1920,"height":1536,"url":"https:\/\/www.elementvape.de\/wp-content\/uploads\/2024\/08\/Strawberry-Mango-1.jpg","type":"image\/jpeg"}],"twitter_card":"summary_large_image","twitter_misc":{"Est. reading time":"3 minutos"},"schema":{"@context":"https:\/\/schema.org","@graph":[{"@type":"WebPage","@id":"https:\/\/www.elementvape.de\/lt\/produkt\/fruchtige-vielfalt-im-grosshandel-strawberry-mango-e-zigaretten-erstklassige-qualitaet-die-den-perfekten-mix-aus-erdbeeren-und-mango-vereint-waspe-15000-puffs\/","url":"https:\/\/www.elementvape.de\/lt\/produkt\/fruchtige-vielfalt-im-grosshandel-strawberry-mango-e-zigaretten-erstklassige-qualitaet-die-den-perfekten-mix-aus-erdbeeren-und-mango-vereint-waspe-15000-puffs\/","name":"Fruchtige Vielfalt im Gro\u00dfhandel Strawberry Mango E-Zigaretten \u2013 erstklassige Qualit\u00e4t die den perfekten Mix aus Erdbeeren und Mango vereint WASPE 15000 PUFFS | ElementVape.de","isPartOf":{"@id":"https:\/\/www.elementvape.de\/#website"},"primaryImageOfPage":{"@id":"https:\/\/www.elementvape.de\/lt\/produkt\/fruchtige-vielfalt-im-grosshandel-strawberry-mango-e-zigaretten-erstklassige-qualitaet-die-den-perfekten-mix-aus-erdbeeren-und-mango-vereint-waspe-15000-puffs\/#primaryimage"},"image":{"@id":"https:\/\/www.elementvape.de\/lt\/produkt\/fruchtige-vielfalt-im-grosshandel-strawberry-mango-e-zigaretten-erstklassige-qualitaet-die-den-perfekten-mix-aus-erdbeeren-und-mango-vereint-waspe-15000-puffs\/#primaryimage"},"thumbnailUrl":"https:\/\/www.elementvape.de\/wp-content\/uploads\/2024\/08\/Strawberry-Mango-1.jpg","datePublished":"2024-08-22T08:30:14+00:00","dateModified":"2024-12-12T06:33:59+00:00","description":"Wir bieten Fruchtige Vielfalt im Gro\u00dfhandel Strawberry Mango E-Zigaretten \u2013 erstklassige Qualit\u00e4t die den perfekten Mix aus Erdbeeren und Mango vereint WASPE 15000 PUFFS , Elementvape.de akzeptieren Gro\u00df-und Einzelhandel Bestellungen.","breadcrumb":{"@id":"https:\/\/www.elementvape.de\/lt\/produkt\/fruchtige-vielfalt-im-grosshandel-strawberry-mango-e-zigaretten-erstklassige-qualitaet-die-den-perfekten-mix-aus-erdbeeren-und-mango-vereint-waspe-15000-puffs\/#breadcrumb"},"inLanguage":"pt-PT","potentialAction":[{"@type":"ReadAction","target":["https:\/\/www.elementvape.de\/lt\/produkt\/fruchtige-vielfalt-im-grosshandel-strawberry-mango-e-zigaretten-erstklassige-qualitaet-die-den-perfekten-mix-aus-erdbeeren-und-mango-vereint-waspe-15000-puffs\/"]}]},{"@type":"ImageObject","inLanguage":"pt-PT","@id":"https:\/\/www.elementvape.de\/lt\/produkt\/fruchtige-vielfalt-im-grosshandel-strawberry-mango-e-zigaretten-erstklassige-qualitaet-die-den-perfekten-mix-aus-erdbeeren-und-mango-vereint-waspe-15000-puffs\/#primaryimage","url":"https:\/\/www.elementvape.de\/wp-content\/uploads\/2024\/08\/Strawberry-Mango-1.jpg","contentUrl":"https:\/\/www.elementvape.de\/wp-content\/uploads\/2024\/08\/Strawberry-Mango-1.jpg","width":1920,"height":1536,"caption":"Strawberry Mango"},{"@type":"BreadcrumbList","@id":"https:\/\/www.elementvape.de\/lt\/produkt\/fruchtige-vielfalt-im-grosshandel-strawberry-mango-e-zigaretten-erstklassige-qualitaet-die-den-perfekten-mix-aus-erdbeeren-und-mango-vereint-waspe-15000-puffs\/#breadcrumb","itemListElement":[{"@type":"ListItem","position":1,"name":"Home","item":"https:\/\/www.elementvape.de\/"},{"@type":"ListItem","position":2,"name":"Shop","item":"https:\/\/www.elementvape.de\/shop\/"},{"@type":"ListItem","position":3,"name":"Fruchtige Vielfalt im Gro\u00dfhandel Strawberry Mango E-Zigaretten \u2013 erstklassige Qualit\u00e4t die den perfekten Mix aus Erdbeeren und Mango vereint WASPE 15000 PUFFS"}]},{"@type":"WebSite","@id":"https:\/\/www.elementvape.de\/#website","url":"https:\/\/www.elementvape.de\/","name":"ElementVape.de","description":"","publisher":{"@id":"https:\/\/www.elementvape.de\/#organization"},"potentialAction":[{"@type":"SearchAction","target":{"@type":"EntryPoint","urlTemplate":"https:\/\/www.elementvape.de\/?s={search_term_string}"},"query-input":"required name=search_term_string"}],"inLanguage":"pt-PT"},{"@type":"Organization","@id":"https:\/\/www.elementvape.de\/#organization","name":"ElementVape.DE","url":"https:\/\/www.elementvape.de\/","logo":{"@type":"ImageObject","inLanguage":"pt-PT","@id":"https:\/\/www.elementvape.de\/#\/schema\/logo\/image\/","url":"https:\/\/www.elementvape.de\/wp-content\/uploads\/2024\/09\/cropped-1elementvape-3.png","contentUrl":"https:\/\/www.elementvape.de\/wp-content\/uploads\/2024\/09\/cropped-1elementvape-3.png","width":285,"height":228,"caption":"ElementVape.DE"},"image":{"@id":"https:\/\/www.elementvape.de\/#\/schema\/logo\/image\/"}}]}},"_links":{"self":[{"href":"https:\/\/www.elementvape.de\/pt\/wp-json\/wp\/v2\/product\/13959"}],"collection":[{"href":"https:\/\/www.elementvape.de\/pt\/wp-json\/wp\/v2\/product"}],"about":[{"href":"https:\/\/www.elementvape.de\/pt\/wp-json\/wp\/v2\/types\/product"}],"wp:featuredmedia":[{"embeddable":true,"href":"https:\/\/www.elementvape.de\/pt\/wp-json\/wp\/v2\/media\/13960"}],"wp:attachment":[{"href":"https:\/\/www.elementvape.de\/pt\/wp-json\/wp\/v2\/media?parent=13959"}],"wp:term":[{"taxonomy":"product_cat","embeddable":true,"href":"https:\/\/www.elementvape.de\/pt\/wp-json\/wp\/v2\/product_cat?post=13959"},{"taxonomy":"product_tag","embeddable":true,"href":"https:\/\/www.elementvape.de\/pt\/wp-json\/wp\/v2\/product_tag?post=13959"}],"curies":[{"name":"wp","href":"https:\/\/api.w.org\/{rel}","templated":true}]}}