{"id":13829,"date":"2024-08-17T07:40:52","date_gmt":"2024-08-17T07:40:52","guid":{"rendered":"https:\/\/www.elementvape.de\/?post_type=product&#038;p=13829"},"modified":"2024-12-12T06:34:49","modified_gmt":"2024-12-12T06:34:49","slug":"mint-ice-elf-box-rgb14000-eine-neue-dimension-der-frische-mit-stylischen-rgb-highlights","status":"publish","type":"product","link":"https:\/\/www.elementvape.de\/pt\/produkt\/mint-ice-elf-box-rgb14000-eine-neue-dimension-der-frische-mit-stylischen-rgb-highlights\/","title":{"rendered":"Mint Ice ELF BOX RGB14000 Uma nova dimens\u00e3o de frescura com destaques RGB estilosos"},"content":{"rendered":"<div class=\"flex-shrink-0 flex flex-col relative items-end\">\n<div>\n<div class=\"pt-0\">\n<div class=\"gizmo-bot-avatar flex h-8 w-8 items-center justify-center overflow-hidden rounded-full\">\n<div class=\"relative p-1 rounded-sm flex items-center justify-center bg-token-main-surface-primary text-token-text-primary h-8 w-8\"><\/div>\n<\/div>\n<\/div>\n<\/div>\n<\/div>\n<div class=\"group\/conversation-turn relative flex w-full min-w-0 flex-col agent-turn\">\n<div class=\"flex-col gap-1 md:gap-3\">\n<div class=\"flex max-w-full flex-col flex-grow\">\n<div class=\"min-h-[20px] text-message flex w-full flex-col items-end gap-2 whitespace-pre-wrap break-words [.text-message+&amp;]:mt-5 overflow-x-auto\" dir=\"auto\" data-message-author-role=\"assistant\" data-message-id=\"8d6791a6-b038-43b6-8b53-2aba15e6e312\">\n<div class=\"flex w-full flex-col gap-1 empty:hidden first:pt-[3px]\">\n<div class=\"markdown prose w-full break-words dark:prose-invert light\">\n<h3>Mint Ice ELF BOX RGB14000 \u2013 O derradeiro impulso de frescura<\/h3>\n<p>Experimente com a Mint Ice ELF BOX RGB14000 o incompar\u00e1vel impulso de frescura, que torna cada vaporada numa experi\u00eancia refrescante. O sabor Mint Ice combina o aroma revigorante de hortel\u00e3 fresca com uma nota fresca e gelada, que revitaliza os seus sentidos. \u00c9 como uma fria manh\u00e3 de inverno, que estimula as suas papilas gustativas da forma mais agrad\u00e1vel. Perfeito para todos aqueles que procuram uma experi\u00eancia de sabor intensa e, ao mesmo tempo, refrescante.<\/p>\n<p>Com at\u00e9 15.000 vaporadas, a ELF BOX RGB14000 est\u00e1 excelentemente equipada para lhe proporcionar esta experi\u00eancia refrescante durante muito tempo. A resist\u00eancia Mesh Coil com 1,0 Ohm garante que o vapor \u00e9 produzido de forma uniforme e intensa, para que o sabor fresco do mentol se destaque de forma ideal em cada vaporada. Gra\u00e7as \u00e0 generosa capacidade de 25 ml de E-Liquid, n\u00e3o precisa de se preocupar com o reabastecimento frequente.<\/p>\n<h3>Design futurista alia-se \u00e0 inovadora tecnologia RGB<\/h3>\n<p>A ELF BOX RGB14000 n\u00e3o traz apenas um destaque de sabor, mas tamb\u00e9m visual \u00e0 sua experi\u00eancia de vaporiza\u00e7\u00e3o. A luz RGB integrada transforma cada vaporada num espet\u00e1culo visual. A brilhante l\u00e2mpada de corrida de cavalos proporciona um impressionante jogo de luzes, que eleva a experi\u00eancia do <strong><a href=\"https:\/\/www.elementvape.de\/pt\/\" target=\"_blank\" rel=\"noopener\">fumar<\/a><\/strong> a um novo n\u00edvel. Esta tecnologia futurista torna a vaporiza\u00e7\u00e3o n\u00e3o s\u00f3 num prazer para o paladar, mas tamb\u00e9m numa festa para os olhos.<\/p>\n<p>Al\u00e9m da impressionante ilumina\u00e7\u00e3o, a ELF BOX RGB14000 est\u00e1 equipada com uma pr\u00e1tica correia de transporte, que facilita o manuseamento. Com as dimens\u00f5es compactas de 35 mm x 36 mm x 133,5 mm e um peso de apenas 100 g, o dispositivo \u00e9 ideal para levar consigo. Quer o transporte no bolso ou pendurado ao pesco\u00e7o com a correia, este gadget elegante est\u00e1 sempre \u00e0 m\u00e3o e garante que desfruta da tecnologia RGB futurista em qualquer lugar.<\/p>\n<h3>Pr\u00e1tico e potente para o dia a dia<\/h3>\n<p>A Mint Ice ELF BOX RGB14000 combina o manuseamento pr\u00e1tico com um desempenho impressionante. A bateria 18250 com 600 mAh garante uma longa dura\u00e7\u00e3o, para que possa desfrutar do sabor fresco da menta sem interrup\u00e7\u00f5es. Se a bateria estiver descarregada, pode carreg\u00e1-la de forma r\u00e1pida e f\u00e1cil atrav\u00e9s da porta USB Typ-C. Esta op\u00e7\u00e3o de carregamento r\u00e1pido garante que est\u00e1 sempre pronto quando a pr\u00f3xima sess\u00e3o de vaporiza\u00e7\u00e3o estiver a chegar.<\/p>\n<p>Com o design compacto e o peso leve, a ELF BOX RGB14000 \u00e9 a companheira ideal para o dia a dia. Quer utilize o dispositivo em viagem ou simplesmente relaxe em casa, oferece-lhe sempre uma experi\u00eancia de vaporiza\u00e7\u00e3o de primeira classe. A combina\u00e7\u00e3o de alto desempenho, manuseamento simples e design elegante torna este dispositivo um must-have para todos os vaporizadores que valorizam o frescor e a inova\u00e7\u00e3o.<\/p>\n<\/div>\n<\/div>\n<\/div>\n<\/div>\n<\/div>\n<\/div>","protected":false},"excerpt":{"rendered":"<p>Mint Ice ELF BOX RGB14000 \u2013 Der ultimative Frischekick Erleben Sie mit der Mint Ice ELF BOX RGB14000 den unvergleichlichen Frischekick, der jeden Zug zu einem erfrischenden Erlebnis macht. Die Geschmacksrichtung Mint Ice vereint das belebende Aroma von frischer Minze mit einer k\u00fchlen, eisigen Note, die Ihre Sinne revitalisiert. Es ist wie ein kalter Wintermorgen, [&hellip;]<\/p>","protected":false},"featured_media":13830,"template":"","meta":{"inline_featured_image":false},"product_cat":[15,78,747,740,734,753,718,732],"product_tag":[710,674],"tiered_pricing_type":"fixed","tiered_pricing_fixed_rules":{"110":"7.54","200":"6.68","500":"5.85"},"tiered_pricing_percentage_rules":[],"tiered_pricing_minimum":1,"_administrator_tiered_pricing_type":"fixed","_administrator_tiered_pricing_fixed_rules":[],"_editor_tiered_pricing_type":"fixed","_editor_tiered_pricing_fixed_rules":[],"_author_tiered_pricing_type":"fixed","_author_tiered_pricing_fixed_rules":[],"_contributor_tiered_pricing_type":"fixed","_contributor_tiered_pricing_fixed_rules":[],"_subscriber_tiered_pricing_type":"fixed","_subscriber_tiered_pricing_fixed_rules":[],"_customer_tiered_pricing_type":"fixed","_customer_tiered_pricing_fixed_rules":[],"_shop_manager_tiered_pricing_type":"fixed","_shop_manager_tiered_pricing_fixed_rules":[],"_wpseo_manager_tiered_pricing_type":"fixed","_wpseo_manager_tiered_pricing_fixed_rules":[],"_wpseo_editor_tiered_pricing_type":"fixed","_wpseo_editor_tiered_pricing_fixed_rules":[],"_wholesale_customer_tiered_pricing_type":"fixed","_wholesale_customer_tiered_pricing_fixed_rules":[],"_marketer_tiered_pricing_type":"fixed","_marketer_tiered_pricing_fixed_rules":[],"_sales_manager_tiered_pricing_type":"fixed","_sales_manager_tiered_pricing_fixed_rules":[],"_sales_rep_tiered_pricing_type":"fixed","_sales_rep_tiered_pricing_fixed_rules":[],"yoast_head":"<!-- This site is optimized with the Yoast SEO plugin v23.3 - https:\/\/yoast.com\/wordpress\/plugins\/seo\/ -->\n<title>Mint Ice ELF BOX RGB14000 Eine neue Dimension der Frische mit stylischen RGB-Highlights | ElementVape.de<\/title>\n<meta name=\"description\" content=\"Wir bieten Mint Ice ELF BOX RGB14000 Eine neue Dimension der Frische mit stylischen RGB-Highlights , Elementvape.de akzeptieren Gro\u00df-und Einzelhandel Bestellungen.\" \/>\n<meta name=\"robots\" content=\"index, follow, max-snippet:-1, max-image-preview:large, max-video-preview:-1\" \/>\n<link rel=\"canonical\" href=\"https:\/\/www.elementvape.de\/pt\/produkt\/mint-ice-elf-box-rgb14000-eine-neue-dimension-der-frische-mit-stylischen-rgb-highlights\/\" \/>\n<meta property=\"og:locale\" content=\"pt_PT\" \/>\n<meta property=\"og:type\" content=\"article\" \/>\n<meta property=\"og:title\" content=\"Mint Ice ELF BOX RGB14000 Eine neue Dimension der Frische mit stylischen RGB-Highlights | ElementVape.de\" \/>\n<meta property=\"og:description\" content=\"Wir bieten Mint Ice ELF BOX RGB14000 Eine neue Dimension der Frische mit stylischen RGB-Highlights , Elementvape.de akzeptieren Gro\u00df-und Einzelhandel Bestellungen.\" \/>\n<meta property=\"og:url\" content=\"https:\/\/www.elementvape.de\/pt\/produkt\/mint-ice-elf-box-rgb14000-eine-neue-dimension-der-frische-mit-stylischen-rgb-highlights\/\" \/>\n<meta property=\"og:site_name\" content=\"ElementVape.de\" \/>\n<meta property=\"article:modified_time\" content=\"2024-12-12T06:34:49+00:00\" \/>\n<meta property=\"og:image\" content=\"https:\/\/www.elementvape.de\/wp-content\/uploads\/2024\/08\/Mint-Ice.png\" \/>\n\t<meta property=\"og:image:width\" content=\"1000\" \/>\n\t<meta property=\"og:image:height\" content=\"1000\" \/>\n\t<meta property=\"og:image:type\" content=\"image\/png\" \/>\n<meta name=\"twitter:card\" content=\"summary_large_image\" \/>\n<meta name=\"twitter:label1\" content=\"Est. reading time\" \/>\n\t<meta name=\"twitter:data1\" content=\"3 minutos\" \/>\n<script type=\"application\/ld+json\" class=\"yoast-schema-graph\">{\"@context\":\"https:\/\/schema.org\",\"@graph\":[{\"@type\":\"WebPage\",\"@id\":\"https:\/\/www.elementvape.de\/es\/produkt\/mint-ice-elf-box-rgb14000-eine-neue-dimension-der-frische-mit-stylischen-rgb-highlights\/\",\"url\":\"https:\/\/www.elementvape.de\/es\/produkt\/mint-ice-elf-box-rgb14000-eine-neue-dimension-der-frische-mit-stylischen-rgb-highlights\/\",\"name\":\"Mint Ice ELF BOX RGB14000 Eine neue Dimension der Frische mit stylischen RGB-Highlights | ElementVape.de\",\"isPartOf\":{\"@id\":\"https:\/\/www.elementvape.de\/#website\"},\"primaryImageOfPage\":{\"@id\":\"https:\/\/www.elementvape.de\/es\/produkt\/mint-ice-elf-box-rgb14000-eine-neue-dimension-der-frische-mit-stylischen-rgb-highlights\/#primaryimage\"},\"image\":{\"@id\":\"https:\/\/www.elementvape.de\/es\/produkt\/mint-ice-elf-box-rgb14000-eine-neue-dimension-der-frische-mit-stylischen-rgb-highlights\/#primaryimage\"},\"thumbnailUrl\":\"https:\/\/www.elementvape.de\/wp-content\/uploads\/2024\/08\/Mint-Ice.png\",\"datePublished\":\"2024-08-17T07:40:52+00:00\",\"dateModified\":\"2024-12-12T06:34:49+00:00\",\"description\":\"Wir bieten Mint Ice ELF BOX RGB14000 Eine neue Dimension der Frische mit stylischen RGB-Highlights , Elementvape.de akzeptieren Gro\u00df-und Einzelhandel Bestellungen.\",\"breadcrumb\":{\"@id\":\"https:\/\/www.elementvape.de\/es\/produkt\/mint-ice-elf-box-rgb14000-eine-neue-dimension-der-frische-mit-stylischen-rgb-highlights\/#breadcrumb\"},\"inLanguage\":\"pt-PT\",\"potentialAction\":[{\"@type\":\"ReadAction\",\"target\":[\"https:\/\/www.elementvape.de\/es\/produkt\/mint-ice-elf-box-rgb14000-eine-neue-dimension-der-frische-mit-stylischen-rgb-highlights\/\"]}]},{\"@type\":\"ImageObject\",\"inLanguage\":\"pt-PT\",\"@id\":\"https:\/\/www.elementvape.de\/es\/produkt\/mint-ice-elf-box-rgb14000-eine-neue-dimension-der-frische-mit-stylischen-rgb-highlights\/#primaryimage\",\"url\":\"https:\/\/www.elementvape.de\/wp-content\/uploads\/2024\/08\/Mint-Ice.png\",\"contentUrl\":\"https:\/\/www.elementvape.de\/wp-content\/uploads\/2024\/08\/Mint-Ice.png\",\"width\":1000,\"height\":1000,\"caption\":\"Mint Ice\"},{\"@type\":\"BreadcrumbList\",\"@id\":\"https:\/\/www.elementvape.de\/es\/produkt\/mint-ice-elf-box-rgb14000-eine-neue-dimension-der-frische-mit-stylischen-rgb-highlights\/#breadcrumb\",\"itemListElement\":[{\"@type\":\"ListItem\",\"position\":1,\"name\":\"Home\",\"item\":\"https:\/\/www.elementvape.de\/\"},{\"@type\":\"ListItem\",\"position\":2,\"name\":\"Shop\",\"item\":\"https:\/\/www.elementvape.de\/shop\/\"},{\"@type\":\"ListItem\",\"position\":3,\"name\":\"Mint Ice ELF BOX RGB14000 Eine neue Dimension der Frische mit stylischen RGB-Highlights\"}]},{\"@type\":\"WebSite\",\"@id\":\"https:\/\/www.elementvape.de\/#website\",\"url\":\"https:\/\/www.elementvape.de\/\",\"name\":\"ElementVape.de\",\"description\":\"\",\"publisher\":{\"@id\":\"https:\/\/www.elementvape.de\/#organization\"},\"potentialAction\":[{\"@type\":\"SearchAction\",\"target\":{\"@type\":\"EntryPoint\",\"urlTemplate\":\"https:\/\/www.elementvape.de\/?s={search_term_string}\"},\"query-input\":\"required name=search_term_string\"}],\"inLanguage\":\"pt-PT\"},{\"@type\":\"Organization\",\"@id\":\"https:\/\/www.elementvape.de\/#organization\",\"name\":\"ElementVape.DE\",\"url\":\"https:\/\/www.elementvape.de\/\",\"logo\":{\"@type\":\"ImageObject\",\"inLanguage\":\"pt-PT\",\"@id\":\"https:\/\/www.elementvape.de\/#\/schema\/logo\/image\/\",\"url\":\"https:\/\/www.elementvape.de\/wp-content\/uploads\/2024\/09\/cropped-1elementvape-3.png\",\"contentUrl\":\"https:\/\/www.elementvape.de\/wp-content\/uploads\/2024\/09\/cropped-1elementvape-3.png\",\"width\":285,\"height\":228,\"caption\":\"ElementVape.DE\"},\"image\":{\"@id\":\"https:\/\/www.elementvape.de\/#\/schema\/logo\/image\/\"}}]}<\/script>\n<!-- \/ Yoast SEO plugin. -->","yoast_head_json":{"title":"Mint Ice ELF BOX RGB14000 Eine neue Dimension der Frische mit stylischen RGB-Highlights | ElementVape.de","description":"Wir bieten Mint Ice ELF BOX RGB14000 Eine neue Dimension der Frische mit stylischen RGB-Highlights , Elementvape.de akzeptieren Gro\u00df-und Einzelhandel Bestellungen.","robots":{"index":"index","follow":"follow","max-snippet":"max-snippet:-1","max-image-preview":"max-image-preview:large","max-video-preview":"max-video-preview:-1"},"canonical":"https:\/\/www.elementvape.de\/pt\/produkt\/mint-ice-elf-box-rgb14000-eine-neue-dimension-der-frische-mit-stylischen-rgb-highlights\/","og_locale":"pt_PT","og_type":"article","og_title":"Mint Ice ELF BOX RGB14000 Eine neue Dimension der Frische mit stylischen RGB-Highlights | ElementVape.de","og_description":"Wir bieten Mint Ice ELF BOX RGB14000 Eine neue Dimension der Frische mit stylischen RGB-Highlights , Elementvape.de akzeptieren Gro\u00df-und Einzelhandel Bestellungen.","og_url":"https:\/\/www.elementvape.de\/pt\/produkt\/mint-ice-elf-box-rgb14000-eine-neue-dimension-der-frische-mit-stylischen-rgb-highlights\/","og_site_name":"ElementVape.de","article_modified_time":"2024-12-12T06:34:49+00:00","og_image":[{"width":1000,"height":1000,"url":"https:\/\/www.elementvape.de\/wp-content\/uploads\/2024\/08\/Mint-Ice.png","type":"image\/png"}],"twitter_card":"summary_large_image","twitter_misc":{"Est. reading time":"3 minutos"},"schema":{"@context":"https:\/\/schema.org","@graph":[{"@type":"WebPage","@id":"https:\/\/www.elementvape.de\/es\/produkt\/mint-ice-elf-box-rgb14000-eine-neue-dimension-der-frische-mit-stylischen-rgb-highlights\/","url":"https:\/\/www.elementvape.de\/es\/produkt\/mint-ice-elf-box-rgb14000-eine-neue-dimension-der-frische-mit-stylischen-rgb-highlights\/","name":"Mint Ice ELF BOX RGB14000 Eine neue Dimension der Frische mit stylischen RGB-Highlights | ElementVape.de","isPartOf":{"@id":"https:\/\/www.elementvape.de\/#website"},"primaryImageOfPage":{"@id":"https:\/\/www.elementvape.de\/es\/produkt\/mint-ice-elf-box-rgb14000-eine-neue-dimension-der-frische-mit-stylischen-rgb-highlights\/#primaryimage"},"image":{"@id":"https:\/\/www.elementvape.de\/es\/produkt\/mint-ice-elf-box-rgb14000-eine-neue-dimension-der-frische-mit-stylischen-rgb-highlights\/#primaryimage"},"thumbnailUrl":"https:\/\/www.elementvape.de\/wp-content\/uploads\/2024\/08\/Mint-Ice.png","datePublished":"2024-08-17T07:40:52+00:00","dateModified":"2024-12-12T06:34:49+00:00","description":"Wir bieten Mint Ice ELF BOX RGB14000 Eine neue Dimension der Frische mit stylischen RGB-Highlights , Elementvape.de akzeptieren Gro\u00df-und Einzelhandel Bestellungen.","breadcrumb":{"@id":"https:\/\/www.elementvape.de\/es\/produkt\/mint-ice-elf-box-rgb14000-eine-neue-dimension-der-frische-mit-stylischen-rgb-highlights\/#breadcrumb"},"inLanguage":"pt-PT","potentialAction":[{"@type":"ReadAction","target":["https:\/\/www.elementvape.de\/es\/produkt\/mint-ice-elf-box-rgb14000-eine-neue-dimension-der-frische-mit-stylischen-rgb-highlights\/"]}]},{"@type":"ImageObject","inLanguage":"pt-PT","@id":"https:\/\/www.elementvape.de\/es\/produkt\/mint-ice-elf-box-rgb14000-eine-neue-dimension-der-frische-mit-stylischen-rgb-highlights\/#primaryimage","url":"https:\/\/www.elementvape.de\/wp-content\/uploads\/2024\/08\/Mint-Ice.png","contentUrl":"https:\/\/www.elementvape.de\/wp-content\/uploads\/2024\/08\/Mint-Ice.png","width":1000,"height":1000,"caption":"Mint Ice"},{"@type":"BreadcrumbList","@id":"https:\/\/www.elementvape.de\/es\/produkt\/mint-ice-elf-box-rgb14000-eine-neue-dimension-der-frische-mit-stylischen-rgb-highlights\/#breadcrumb","itemListElement":[{"@type":"ListItem","position":1,"name":"Home","item":"https:\/\/www.elementvape.de\/"},{"@type":"ListItem","position":2,"name":"Shop","item":"https:\/\/www.elementvape.de\/shop\/"},{"@type":"ListItem","position":3,"name":"Mint Ice ELF BOX RGB14000 Eine neue Dimension der Frische mit stylischen RGB-Highlights"}]},{"@type":"WebSite","@id":"https:\/\/www.elementvape.de\/#website","url":"https:\/\/www.elementvape.de\/","name":"ElementVape.de","description":"","publisher":{"@id":"https:\/\/www.elementvape.de\/#organization"},"potentialAction":[{"@type":"SearchAction","target":{"@type":"EntryPoint","urlTemplate":"https:\/\/www.elementvape.de\/?s={search_term_string}"},"query-input":"required name=search_term_string"}],"inLanguage":"pt-PT"},{"@type":"Organization","@id":"https:\/\/www.elementvape.de\/#organization","name":"ElementVape.DE","url":"https:\/\/www.elementvape.de\/","logo":{"@type":"ImageObject","inLanguage":"pt-PT","@id":"https:\/\/www.elementvape.de\/#\/schema\/logo\/image\/","url":"https:\/\/www.elementvape.de\/wp-content\/uploads\/2024\/09\/cropped-1elementvape-3.png","contentUrl":"https:\/\/www.elementvape.de\/wp-content\/uploads\/2024\/09\/cropped-1elementvape-3.png","width":285,"height":228,"caption":"ElementVape.DE"},"image":{"@id":"https:\/\/www.elementvape.de\/#\/schema\/logo\/image\/"}}]}},"_links":{"self":[{"href":"https:\/\/www.elementvape.de\/pt\/wp-json\/wp\/v2\/product\/13829"}],"collection":[{"href":"https:\/\/www.elementvape.de\/pt\/wp-json\/wp\/v2\/product"}],"about":[{"href":"https:\/\/www.elementvape.de\/pt\/wp-json\/wp\/v2\/types\/product"}],"wp:featuredmedia":[{"embeddable":true,"href":"https:\/\/www.elementvape.de\/pt\/wp-json\/wp\/v2\/media\/13830"}],"wp:attachment":[{"href":"https:\/\/www.elementvape.de\/pt\/wp-json\/wp\/v2\/media?parent=13829"}],"wp:term":[{"taxonomy":"product_cat","embeddable":true,"href":"https:\/\/www.elementvape.de\/pt\/wp-json\/wp\/v2\/product_cat?post=13829"},{"taxonomy":"product_tag","embeddable":true,"href":"https:\/\/www.elementvape.de\/pt\/wp-json\/wp\/v2\/product_tag?post=13829"}],"curies":[{"name":"wp","href":"https:\/\/api.w.org\/{rel}","templated":true}]}}