{"id":13771,"date":"2024-08-15T09:33:41","date_gmt":"2024-08-15T09:33:41","guid":{"rendered":"https:\/\/www.elementvape.de\/?post_type=product&#038;p=13771"},"modified":"2024-12-12T06:34:54","modified_gmt":"2024-12-12T06:34:54","slug":"unleash-the-power-red-bull-elf-box-pulse-x-15000-puffs-in-pulse-mode","status":"publish","type":"product","link":"https:\/\/www.elementvape.de\/pt\/produkt\/unleash-the-power-red-bull-elf-box-pulse-x-15000-puffs-in-pulse-mode\/","title":{"rendered":"Libere o poder Red Bull ELF BOX PULSE X 15000 puxadas no modo pulsar"},"content":{"rendered":"<h2>Libere o Poder \u2013 Red Bull ELF BOX PULSE X<\/h2>\n<table>\n<thead>\n<tr>\n<th>Caracter\u00edstica<\/th>\n<th>Especifica\u00e7\u00e3o<\/th>\n<\/tr>\n<\/thead>\n<tbody>\n<tr>\n<td><strong>Pulsa\u00e7\u00e3o (Modo Pulsar)<\/strong><\/td>\n<td>15.000<\/td>\n<\/tr>\n<tr>\n<td><strong>Bobina de Malha Dupla<\/strong><\/td>\n<td>0,8 ohm + 0,8 ohm<\/td>\n<\/tr>\n<tr>\n<td><strong>E-L\u00edquido<\/strong><\/td>\n<td>18ml<\/td>\n<\/tr>\n<tr>\n<td><strong>N<\/strong><\/td>\n<td>2% \/ 5%<\/td>\n<\/tr>\n<tr>\n<td><strong>Bateria<\/strong><\/td>\n<td>13500-750mAh<\/td>\n<\/tr>\n<tr>\n<td><strong>Ecr\u00e3<\/strong><\/td>\n<td>Ecr\u00e3 Curvo 3D, Ajuste de Pot\u00eancia AI<\/td>\n<\/tr>\n<tr>\n<td><strong>Tecnologia<\/strong><\/td>\n<td>Pot\u00eancia Pulse, Super Boost VPU Interno<\/td>\n<\/tr>\n<tr>\n<td><strong>Recarreg\u00e1vel<\/strong><\/td>\n<td>Type-C<\/td>\n<\/tr>\n<tr>\n<td><strong>Peso do produto<\/strong><\/td>\n<td>100g<\/td>\n<\/tr>\n<tr>\n<td><strong>Tamanho do produto<\/strong><\/td>\n<td>91.5<em>56.5<\/em>28.5mm<\/td>\n<\/tr>\n<\/tbody>\n<\/table>\n<h3>Experi\u00eancia de sabor: Red Bull<\/h3>\n<table>\n<thead>\n<tr>\n<th>Aspecto<\/th>\n<th>Descri\u00e7\u00e3o<\/th>\n<\/tr>\n<\/thead>\n<tbody>\n<tr>\n<td><strong>Sabores<\/strong><\/td>\n<td>Sabor refrescante e revigorante do Red Bull<\/td>\n<\/tr>\n<tr>\n<td><strong>Sabor<\/strong><\/td>\n<td>Doce, levemente efervescente, com um toque de energia<\/td>\n<\/tr>\n<tr>\n<td><strong>Caracter\u00edsticas especiais<\/strong><\/td>\n<td>Reprodu\u00e7\u00e3o perfeita da popular bebida Red Bull<\/td>\n<\/tr>\n<\/tbody>\n<\/table>\n<h3>Caracter\u00edsticas de desempenho<\/h3>\n<h4>Modo Pulsar para m\u00e1xima intensidade<\/h4>\n<ul>\n<li><strong>15.000 tragos no modo Pulsar<\/strong>: Com 15.000 puxadas no modo Pulsar, experimente um n\u00famero impressionante de puxadas que oferecem desempenho constante e um sabor intenso ao longo de um longo per\u00edodo.<\/li>\n<li><strong>Desempenho otimizado<\/strong>: O modo Pulsar intensifica cada puxada para uma experi\u00eancia de sabor mais intensa e uma produ\u00e7\u00e3o de vapor mais densa.<\/li>\n<\/ul>\n<h4>Super Boost VPU e AI-Power<\/h4>\n<ul>\n<li><strong>Super Boost VPU<\/strong>: Esta tecnologia proporciona um impulso adicional de desempenho, intensificando a produ\u00e7\u00e3o de vapor e o sabor. Cada puxada torna-se mais forte e saborosa, tornando a experi\u00eancia de vapor ainda mais emocionante.<\/li>\n<li><strong>Ajuste de pot\u00eancia AI-Power<\/strong>: A ajuste de pot\u00eancia assistido por IA garante que a pot\u00eancia do cigarro eletr\u00f4nico seja ajustada automaticamente ao seu estilo de puxar, assegurando uma experi\u00eancia de vapor uniforme e \u00f3tima.<\/li>\n<\/ul>\n<h4>Bobinas de malha dupla para um prazer uniforme<\/h4>\n<ul>\n<li><strong>Bobinas de malha dupla (0.8ohm + 0.8ohm)<\/strong>: As Dual Mesh Coils oferecem uma distribui\u00e7\u00e3o uniforme de calor e uma produ\u00e7\u00e3o constante de vapor, destacando ao m\u00e1ximo o sabor do aroma Red Bull. Isso garante uma experi\u00eancia de vapor saborosa e consistente a cada puxada.<\/li>\n<\/ul>\n<h3>Uma experi\u00eancia de vapor poderosa<\/h3>\n<p>Com a ELF BOX PULSE X e o sabor do Red Bull, experimente uma combina\u00e7\u00e3o extraordin\u00e1ria de desempenho intenso e sabor revigorante. As 15.000 puxadas no modo Pulsar, combinadas com tecnologia de ponta como o Super Boost VPU e o AI-Power Adjustment, proporcionam uma experi\u00eancia de vapor que \u00e9 ao mesmo tempo potente e de sabor excepcional. Deixe-se envolver pela energia e frescura do aroma Red Bull e desfrute de uma experi\u00eancia de vapor que n\u00e3o deixa desejos por satisfazer.<\/p>","protected":false},"excerpt":{"rendered":"<p>Unleash the Power \u2013 Red Bull ELF BOX PULSE X Merkmal Spezifikation Z\u00fcge (Pulsmodus) 15.000 Dual Mesh Coil 0.8ohm + 0.8ohm E-Liquid 18ml N 2% \/ 5% Batterie 13500-750mAh Bildschirm 3D Curved Screen, AI Power Adjustment Technologie Pulse Power, Super Boost VPU Inside Wiederaufladbar Type-C Produktgewicht 100g Produktgr\u00f6\u00dfe 91.556.528.5mm Geschmackserlebnis: Red Bull Aspekt Beschreibung Aromen [&hellip;]<\/p>","protected":false},"featured_media":13772,"template":"","meta":{"inline_featured_image":false},"product_cat":[15,78,747,740,734,753,717,732],"product_tag":[710,674],"tiered_pricing_type":"fixed","tiered_pricing_fixed_rules":{"110":"12.39","200":"11.02","500":"9.64"},"tiered_pricing_percentage_rules":[],"tiered_pricing_minimum":1,"_administrator_tiered_pricing_type":"fixed","_administrator_tiered_pricing_fixed_rules":[],"_editor_tiered_pricing_type":"fixed","_editor_tiered_pricing_fixed_rules":[],"_author_tiered_pricing_type":"fixed","_author_tiered_pricing_fixed_rules":[],"_contributor_tiered_pricing_type":"fixed","_contributor_tiered_pricing_fixed_rules":[],"_subscriber_tiered_pricing_type":"fixed","_subscriber_tiered_pricing_fixed_rules":[],"_customer_tiered_pricing_type":"fixed","_customer_tiered_pricing_fixed_rules":[],"_shop_manager_tiered_pricing_type":"fixed","_shop_manager_tiered_pricing_fixed_rules":[],"_wpseo_manager_tiered_pricing_type":"fixed","_wpseo_manager_tiered_pricing_fixed_rules":[],"_wpseo_editor_tiered_pricing_type":"fixed","_wpseo_editor_tiered_pricing_fixed_rules":[],"_wholesale_customer_tiered_pricing_type":"fixed","_wholesale_customer_tiered_pricing_fixed_rules":[],"_marketer_tiered_pricing_type":"fixed","_marketer_tiered_pricing_fixed_rules":[],"_sales_manager_tiered_pricing_type":"fixed","_sales_manager_tiered_pricing_fixed_rules":[],"_sales_rep_tiered_pricing_type":"fixed","_sales_rep_tiered_pricing_fixed_rules":[],"yoast_head":"<!-- This site is optimized with the Yoast SEO plugin v23.3 - https:\/\/yoast.com\/wordpress\/plugins\/seo\/ -->\n<title>Entfesseln Sie die Power Red Bull ELF BOX PULSE X 15000 Z\u00fcge im Pulsmodus | ElementVape.de<\/title>\n<meta name=\"description\" content=\"Wir bieten Entfesseln Sie die Power Red Bull ELF BOX PULSE X 15000 Z\u00fcge im Pulsmodus , Elementvape.de akzeptieren Gro\u00df-und Einzelhandel Bestellungen.\" \/>\n<meta name=\"robots\" content=\"index, follow, max-snippet:-1, max-image-preview:large, max-video-preview:-1\" \/>\n<link rel=\"canonical\" href=\"https:\/\/www.elementvape.de\/pt\/produkt\/unleash-the-power-red-bull-elf-box-pulse-x-15000-puffs-in-pulse-mode\/\" \/>\n<meta property=\"og:locale\" content=\"pt_PT\" \/>\n<meta property=\"og:type\" content=\"article\" \/>\n<meta property=\"og:title\" content=\"Entfesseln Sie die Power Red Bull ELF BOX PULSE X 15000 Z\u00fcge im Pulsmodus | ElementVape.de\" \/>\n<meta property=\"og:description\" content=\"Wir bieten Entfesseln Sie die Power Red Bull ELF BOX PULSE X 15000 Z\u00fcge im Pulsmodus , Elementvape.de akzeptieren Gro\u00df-und Einzelhandel Bestellungen.\" \/>\n<meta property=\"og:url\" content=\"https:\/\/www.elementvape.de\/pt\/produkt\/unleash-the-power-red-bull-elf-box-pulse-x-15000-puffs-in-pulse-mode\/\" \/>\n<meta property=\"og:site_name\" content=\"ElementVape.de\" \/>\n<meta property=\"article:modified_time\" content=\"2024-12-12T06:34:54+00:00\" \/>\n<meta property=\"og:image\" content=\"https:\/\/www.elementvape.de\/wp-content\/uploads\/2024\/08\/10.jpg\" \/>\n\t<meta property=\"og:image:width\" content=\"1000\" \/>\n\t<meta property=\"og:image:height\" content=\"1000\" \/>\n\t<meta property=\"og:image:type\" content=\"image\/jpeg\" \/>\n<meta name=\"twitter:card\" content=\"summary_large_image\" \/>\n<meta name=\"twitter:label1\" content=\"Est. reading time\" \/>\n\t<meta name=\"twitter:data1\" content=\"2 minutos\" \/>\n<script type=\"application\/ld+json\" class=\"yoast-schema-graph\">{\"@context\":\"https:\/\/schema.org\",\"@graph\":[{\"@type\":\"WebPage\",\"@id\":\"https:\/\/www.elementvape.de\/pl\/produkt\/unleash-the-power-red-bull-elf-box-pulse-x-15000-puffs-in-pulse-mode\/\",\"url\":\"https:\/\/www.elementvape.de\/pl\/produkt\/unleash-the-power-red-bull-elf-box-pulse-x-15000-puffs-in-pulse-mode\/\",\"name\":\"Entfesseln Sie die Power Red Bull ELF BOX PULSE X 15000 Z\u00fcge im Pulsmodus | ElementVape.de\",\"isPartOf\":{\"@id\":\"https:\/\/www.elementvape.de\/#website\"},\"primaryImageOfPage\":{\"@id\":\"https:\/\/www.elementvape.de\/pl\/produkt\/unleash-the-power-red-bull-elf-box-pulse-x-15000-puffs-in-pulse-mode\/#primaryimage\"},\"image\":{\"@id\":\"https:\/\/www.elementvape.de\/pl\/produkt\/unleash-the-power-red-bull-elf-box-pulse-x-15000-puffs-in-pulse-mode\/#primaryimage\"},\"thumbnailUrl\":\"https:\/\/www.elementvape.de\/wp-content\/uploads\/2024\/08\/10.jpg\",\"datePublished\":\"2024-08-15T09:33:41+00:00\",\"dateModified\":\"2024-12-12T06:34:54+00:00\",\"description\":\"Wir bieten Entfesseln Sie die Power Red Bull ELF BOX PULSE X 15000 Z\u00fcge im Pulsmodus , Elementvape.de akzeptieren Gro\u00df-und Einzelhandel Bestellungen.\",\"breadcrumb\":{\"@id\":\"https:\/\/www.elementvape.de\/pl\/produkt\/unleash-the-power-red-bull-elf-box-pulse-x-15000-puffs-in-pulse-mode\/#breadcrumb\"},\"inLanguage\":\"pt-PT\",\"potentialAction\":[{\"@type\":\"ReadAction\",\"target\":[\"https:\/\/www.elementvape.de\/pl\/produkt\/unleash-the-power-red-bull-elf-box-pulse-x-15000-puffs-in-pulse-mode\/\"]}]},{\"@type\":\"ImageObject\",\"inLanguage\":\"pt-PT\",\"@id\":\"https:\/\/www.elementvape.de\/pl\/produkt\/unleash-the-power-red-bull-elf-box-pulse-x-15000-puffs-in-pulse-mode\/#primaryimage\",\"url\":\"https:\/\/www.elementvape.de\/wp-content\/uploads\/2024\/08\/10.jpg\",\"contentUrl\":\"https:\/\/www.elementvape.de\/wp-content\/uploads\/2024\/08\/10.jpg\",\"width\":1000,\"height\":1000,\"caption\":\"Red Bull\"},{\"@type\":\"BreadcrumbList\",\"@id\":\"https:\/\/www.elementvape.de\/pl\/produkt\/unleash-the-power-red-bull-elf-box-pulse-x-15000-puffs-in-pulse-mode\/#breadcrumb\",\"itemListElement\":[{\"@type\":\"ListItem\",\"position\":1,\"name\":\"Home\",\"item\":\"https:\/\/www.elementvape.de\/\"},{\"@type\":\"ListItem\",\"position\":2,\"name\":\"Shop\",\"item\":\"https:\/\/www.elementvape.de\/shop\/\"},{\"@type\":\"ListItem\",\"position\":3,\"name\":\"Entfesseln Sie die Power Red Bull ELF BOX PULSE X 15000 Z\u00fcge im Pulsmodus\"}]},{\"@type\":\"WebSite\",\"@id\":\"https:\/\/www.elementvape.de\/#website\",\"url\":\"https:\/\/www.elementvape.de\/\",\"name\":\"ElementVape.de\",\"description\":\"\",\"publisher\":{\"@id\":\"https:\/\/www.elementvape.de\/#organization\"},\"potentialAction\":[{\"@type\":\"SearchAction\",\"target\":{\"@type\":\"EntryPoint\",\"urlTemplate\":\"https:\/\/www.elementvape.de\/?s={search_term_string}\"},\"query-input\":\"required name=search_term_string\"}],\"inLanguage\":\"pt-PT\"},{\"@type\":\"Organization\",\"@id\":\"https:\/\/www.elementvape.de\/#organization\",\"name\":\"ElementVape.DE\",\"url\":\"https:\/\/www.elementvape.de\/\",\"logo\":{\"@type\":\"ImageObject\",\"inLanguage\":\"pt-PT\",\"@id\":\"https:\/\/www.elementvape.de\/#\/schema\/logo\/image\/\",\"url\":\"https:\/\/www.elementvape.de\/wp-content\/uploads\/2024\/09\/cropped-1elementvape-3.png\",\"contentUrl\":\"https:\/\/www.elementvape.de\/wp-content\/uploads\/2024\/09\/cropped-1elementvape-3.png\",\"width\":285,\"height\":228,\"caption\":\"ElementVape.DE\"},\"image\":{\"@id\":\"https:\/\/www.elementvape.de\/#\/schema\/logo\/image\/\"}}]}<\/script>\n<!-- \/ Yoast SEO plugin. -->","yoast_head_json":{"title":"Entfesseln Sie die Power Red Bull ELF BOX PULSE X 15000 Z\u00fcge im Pulsmodus | ElementVape.de","description":"Wir bieten Entfesseln Sie die Power Red Bull ELF BOX PULSE X 15000 Z\u00fcge im Pulsmodus , Elementvape.de akzeptieren Gro\u00df-und Einzelhandel Bestellungen.","robots":{"index":"index","follow":"follow","max-snippet":"max-snippet:-1","max-image-preview":"max-image-preview:large","max-video-preview":"max-video-preview:-1"},"canonical":"https:\/\/www.elementvape.de\/pt\/produkt\/unleash-the-power-red-bull-elf-box-pulse-x-15000-puffs-in-pulse-mode\/","og_locale":"pt_PT","og_type":"article","og_title":"Entfesseln Sie die Power Red Bull ELF BOX PULSE X 15000 Z\u00fcge im Pulsmodus | ElementVape.de","og_description":"Wir bieten Entfesseln Sie die Power Red Bull ELF BOX PULSE X 15000 Z\u00fcge im Pulsmodus , Elementvape.de akzeptieren Gro\u00df-und Einzelhandel Bestellungen.","og_url":"https:\/\/www.elementvape.de\/pt\/produkt\/unleash-the-power-red-bull-elf-box-pulse-x-15000-puffs-in-pulse-mode\/","og_site_name":"ElementVape.de","article_modified_time":"2024-12-12T06:34:54+00:00","og_image":[{"width":1000,"height":1000,"url":"https:\/\/www.elementvape.de\/wp-content\/uploads\/2024\/08\/10.jpg","type":"image\/jpeg"}],"twitter_card":"summary_large_image","twitter_misc":{"Est. reading time":"2 minutos"},"schema":{"@context":"https:\/\/schema.org","@graph":[{"@type":"WebPage","@id":"https:\/\/www.elementvape.de\/pl\/produkt\/unleash-the-power-red-bull-elf-box-pulse-x-15000-puffs-in-pulse-mode\/","url":"https:\/\/www.elementvape.de\/pl\/produkt\/unleash-the-power-red-bull-elf-box-pulse-x-15000-puffs-in-pulse-mode\/","name":"Entfesseln Sie die Power Red Bull ELF BOX PULSE X 15000 Z\u00fcge im Pulsmodus | ElementVape.de","isPartOf":{"@id":"https:\/\/www.elementvape.de\/#website"},"primaryImageOfPage":{"@id":"https:\/\/www.elementvape.de\/pl\/produkt\/unleash-the-power-red-bull-elf-box-pulse-x-15000-puffs-in-pulse-mode\/#primaryimage"},"image":{"@id":"https:\/\/www.elementvape.de\/pl\/produkt\/unleash-the-power-red-bull-elf-box-pulse-x-15000-puffs-in-pulse-mode\/#primaryimage"},"thumbnailUrl":"https:\/\/www.elementvape.de\/wp-content\/uploads\/2024\/08\/10.jpg","datePublished":"2024-08-15T09:33:41+00:00","dateModified":"2024-12-12T06:34:54+00:00","description":"Wir bieten Entfesseln Sie die Power Red Bull ELF BOX PULSE X 15000 Z\u00fcge im Pulsmodus , Elementvape.de akzeptieren Gro\u00df-und Einzelhandel Bestellungen.","breadcrumb":{"@id":"https:\/\/www.elementvape.de\/pl\/produkt\/unleash-the-power-red-bull-elf-box-pulse-x-15000-puffs-in-pulse-mode\/#breadcrumb"},"inLanguage":"pt-PT","potentialAction":[{"@type":"ReadAction","target":["https:\/\/www.elementvape.de\/pl\/produkt\/unleash-the-power-red-bull-elf-box-pulse-x-15000-puffs-in-pulse-mode\/"]}]},{"@type":"ImageObject","inLanguage":"pt-PT","@id":"https:\/\/www.elementvape.de\/pl\/produkt\/unleash-the-power-red-bull-elf-box-pulse-x-15000-puffs-in-pulse-mode\/#primaryimage","url":"https:\/\/www.elementvape.de\/wp-content\/uploads\/2024\/08\/10.jpg","contentUrl":"https:\/\/www.elementvape.de\/wp-content\/uploads\/2024\/08\/10.jpg","width":1000,"height":1000,"caption":"Red Bull"},{"@type":"BreadcrumbList","@id":"https:\/\/www.elementvape.de\/pl\/produkt\/unleash-the-power-red-bull-elf-box-pulse-x-15000-puffs-in-pulse-mode\/#breadcrumb","itemListElement":[{"@type":"ListItem","position":1,"name":"Home","item":"https:\/\/www.elementvape.de\/"},{"@type":"ListItem","position":2,"name":"Shop","item":"https:\/\/www.elementvape.de\/shop\/"},{"@type":"ListItem","position":3,"name":"Entfesseln Sie die Power Red Bull ELF BOX PULSE X 15000 Z\u00fcge im Pulsmodus"}]},{"@type":"WebSite","@id":"https:\/\/www.elementvape.de\/#website","url":"https:\/\/www.elementvape.de\/","name":"ElementVape.de","description":"","publisher":{"@id":"https:\/\/www.elementvape.de\/#organization"},"potentialAction":[{"@type":"SearchAction","target":{"@type":"EntryPoint","urlTemplate":"https:\/\/www.elementvape.de\/?s={search_term_string}"},"query-input":"required name=search_term_string"}],"inLanguage":"pt-PT"},{"@type":"Organization","@id":"https:\/\/www.elementvape.de\/#organization","name":"ElementVape.DE","url":"https:\/\/www.elementvape.de\/","logo":{"@type":"ImageObject","inLanguage":"pt-PT","@id":"https:\/\/www.elementvape.de\/#\/schema\/logo\/image\/","url":"https:\/\/www.elementvape.de\/wp-content\/uploads\/2024\/09\/cropped-1elementvape-3.png","contentUrl":"https:\/\/www.elementvape.de\/wp-content\/uploads\/2024\/09\/cropped-1elementvape-3.png","width":285,"height":228,"caption":"ElementVape.DE"},"image":{"@id":"https:\/\/www.elementvape.de\/#\/schema\/logo\/image\/"}}]}},"_links":{"self":[{"href":"https:\/\/www.elementvape.de\/pt\/wp-json\/wp\/v2\/product\/13771"}],"collection":[{"href":"https:\/\/www.elementvape.de\/pt\/wp-json\/wp\/v2\/product"}],"about":[{"href":"https:\/\/www.elementvape.de\/pt\/wp-json\/wp\/v2\/types\/product"}],"wp:featuredmedia":[{"embeddable":true,"href":"https:\/\/www.elementvape.de\/pt\/wp-json\/wp\/v2\/media\/13772"}],"wp:attachment":[{"href":"https:\/\/www.elementvape.de\/pt\/wp-json\/wp\/v2\/media?parent=13771"}],"wp:term":[{"taxonomy":"product_cat","embeddable":true,"href":"https:\/\/www.elementvape.de\/pt\/wp-json\/wp\/v2\/product_cat?post=13771"},{"taxonomy":"product_tag","embeddable":true,"href":"https:\/\/www.elementvape.de\/pt\/wp-json\/wp\/v2\/product_tag?post=13771"}],"curies":[{"name":"wp","href":"https:\/\/api.w.org\/{rel}","templated":true}]}}