{"id":13752,"date":"2024-08-14T09:07:03","date_gmt":"2024-08-14T09:07:03","guid":{"rendered":"https:\/\/www.elementvape.de\/?post_type=product&#038;p=13752"},"modified":"2024-12-12T06:34:58","modified_gmt":"2024-12-12T06:34:58","slug":"elf-box-ls15000-e-zigarette-15000-zuege-mixed-berries-erleben-den-ultimativen-genuss","status":"publish","type":"product","link":"https:\/\/www.elementvape.de\/pt\/produkt\/elf-box-ls15000-e-zigarette-15000-zuege-mixed-berries-erleben-den-ultimativen-genuss\/","title":{"rendered":"ELF BOX LS15000 cigarro eletr\u00f4nico 15000 viagens Frutas mistas experimentam o prazer supremo"},"content":{"rendered":"<table style=\"font-size: 16px;\">\n<thead>\n<tr>\n<th>Caracter\u00edstica<\/th>\n<th>Especifica\u00e7\u00e3o<\/th>\n<\/tr>\n<\/thead>\n<tbody>\n<tr>\n<td>Puffs<\/td>\n<td>15000<\/td>\n<\/tr>\n<tr>\n<td>N\u00facleo<\/td>\n<td>Bobina de malha 0.6ohm<\/td>\n<\/tr>\n<tr>\n<td>E-L\u00edquido<\/td>\n<td>26ml<\/td>\n<\/tr>\n<tr>\n<td>N<\/td>\n<td>\u00a02% \/ 5%<\/td>\n<\/tr>\n<tr>\n<td>Bateria<\/td>\n<td>18250-600mAh<\/td>\n<\/tr>\n<tr>\n<td>Recarreg\u00e1vel<\/td>\n<td>Type-C<\/td>\n<\/tr>\n<tr>\n<td>Peso do produto<\/td>\n<td>91g<\/td>\n<\/tr>\n<tr>\n<td>Tamanho do produto<\/td>\n<td>124,5*31,5mm<\/td>\n<\/tr>\n<tr>\n<td>Tamanho da caixa<\/td>\n<td>410<em>405<\/em>297mm<\/td>\n<\/tr>\n<tr>\n<td>Quantidade por caixa<\/td>\n<td>200 unidades<\/td>\n<\/tr>\n<tr>\n<td>Peso total<\/td>\n<td>cerca de 20kg<\/td>\n<\/tr>\n<\/tbody>\n<\/table>\n<p>Experimente a explos\u00e3o de sabores com a caixa mista de frutas silvestres ELF BOX LS15000! Este cigarro eletr\u00f3nico combina os aromas suculentos de v\u00e1rias frutas silvestres, incluindo morangos doces, framboesas suculentas, mirtilos intensos e uma nota de groselhas azedas. Cada tragada oferece uma experi\u00eancia de sabor perfeitamente equilibrada e frutada, que destaca os aromas frescos e intensos das frutas.<\/p>\n<p>Esta mistura de sabores \u00e9 ideal para todos que desejam uma experi\u00eancia de vapor frutada e refrescante. Seja como um prazer di\u00e1rio ou como um destaque especial para momentos de pausa, o cigarro eletr\u00f3nico de frutas mistas oferece um aroma cheio de sabor e variedade, que ficar\u00e1 na sua mem\u00f3ria por muito tempo.<\/p>\n<h3>Vantagens de 15.000 tragadas<\/h3>\n<h4>Longa dura\u00e7\u00e3o de uso para m\u00e1ximo prazer<\/h4>\n<p>Com a ELF BOX LS15000, desfruta de um dos cigarros eletr\u00f3nicos descart\u00e1veis mais duradouros do mercado, que oferece at\u00e9 15.000 tragadas. Este n\u00famero extraordin\u00e1rio de tragadas garante que possa desfrutar de uma experi\u00eancia de sabor consistente e intensa durante um per\u00edodo prolongado, sem se preocupar com trocas frequentes. Esta durabilidade faz da Mixed Berries ELF BOX LS15000 a escolha ideal para quem valoriza um prazer duradouro.<\/p>\n<p>A alta contagem de tragadas significa que pode aproveitar ao m\u00e1ximo o potencial das frutas mistas, sem comprometer a qualidade ou o sabor. O volume generoso de e-l\u00edquido de 26ml garante que o sabor frutado permane\u00e7a at\u00e9 \u00e0 \u00faltima tragada.<\/p>\n<h4>Tecnologia de malha (Mesh-Coil) de \u00faltima gera\u00e7\u00e3o<\/h4>\n<p>A avan\u00e7ada tecnologia de malha (Mesh-Coil) da ELF BOX LS15000 garante uma experi\u00eancia de vapor uniforme e de alta qualidade. As malhas de 0,6 ohms proporcionam uma distribui\u00e7\u00e3o eficiente do calor, otimizando o uso do e-l\u00edquido e produzindo vapor denso e arom\u00e1tico. Esta tecnologia assegura que o sabor das frutas mistas permane\u00e7a intenso e equilibrado ao longo de toda a vida \u00fatil do dispositivo.<\/p>\n<p>Gra\u00e7as \u00e0s malhas de malha, voc\u00ea experimenta o sabor completo da mistura de frutas a cada tragada, sem que o sabor diminua. Esta t\u00e9cnica proporciona uma experi\u00eancia de vapor especialmente uniforme, superando as suas expectativas a cada tragada.<\/p>\n<h3>Pre\u00e7os exclusivos de atacado e servi\u00e7o fi\u00e1vel<\/h3>\n<h4>Pre\u00e7os atrativos para revendedores<\/h4>\n<p>O Mixed Berries ELF BOX LS15000 \u00e9 oferecido a pre\u00e7os de atacado altamente competitivos, tornando-o especialmente atraente para retalhistas e grossistas. Estes pre\u00e7os permitem-lhe oferecer um produto de alta qualidade a um pre\u00e7o justo e maximizar as suas margens de lucro. Aproveite a oportunidade para proporcionar aos seus clientes uma experi\u00eancia de vapor de primeira classe que os encantar\u00e1.<\/p>\n<h4>Entrega segura e pontual<\/h4>\n<p>Al\u00e9m dos pre\u00e7os atrativos, o nosso servi\u00e7o garante uma entrega segura e fi\u00e1vel. O Mixed Berries ELF BOX LS15000 \u00e9 cuidadosamente embalado e entregue pontualmente, para que receba os produtos em perfeitas condi\u00e7\u00f5es. A nossa log\u00edstica eficiente assegura que as suas encomendas cheguem sem atrasos ou complica\u00e7\u00f5es, permitindo-lhe concentrar-se totalmente na venda.<\/p>\n<p>O Mixed Berries 15000 Puffs ELF BOX LS15000 oferece n\u00e3o s\u00f3 uma experi\u00eancia de sabor inesquec\u00edvel, mas tamb\u00e9m um desempenho excecional e pre\u00e7os de atacado excelentes. Descubra a mistura perfeita de qualidade e prazer e torne este cigarro eletr\u00f3nico um best-seller no seu cat\u00e1logo.<\/p>","protected":false},"excerpt":{"rendered":"<p>Merkmal Spezifikation Puffs 15000 Core Mesh coil 0.6ohm E-Liquid 26ml N \u00a02% \/ 5% Batterie 18250-600mAh Wiederaufladbar Type-C Produktgewicht 91g Produktgr\u00f6\u00dfe 124.5*31.5mm Kartongr\u00f6\u00dfe 410405297mm Menge pro Karton 200 St\u00fcck Gesamtgewicht ca. 20kg Erleben Sie mit der Mixed Berries ELF BOX LS15000 eine wahre Geschmacksexplosion! Diese E-Zigarette vereint die saftigen Aromen verschiedener Waldbeeren, darunter s\u00fc\u00dfe Erdbeeren, [&hellip;]<\/p>","protected":false},"featured_media":13753,"template":"","meta":{"inline_featured_image":false},"product_cat":[15,78,747,740,734,753,716,732],"product_tag":[710,674],"tiered_pricing_type":"fixed","tiered_pricing_fixed_rules":{"110":"7.54","200":"6.68","500":"5.85"},"tiered_pricing_percentage_rules":[],"tiered_pricing_minimum":1,"_administrator_tiered_pricing_type":"fixed","_administrator_tiered_pricing_fixed_rules":[],"_editor_tiered_pricing_type":"fixed","_editor_tiered_pricing_fixed_rules":[],"_author_tiered_pricing_type":"fixed","_author_tiered_pricing_fixed_rules":[],"_contributor_tiered_pricing_type":"fixed","_contributor_tiered_pricing_fixed_rules":[],"_subscriber_tiered_pricing_type":"fixed","_subscriber_tiered_pricing_fixed_rules":[],"_customer_tiered_pricing_type":"fixed","_customer_tiered_pricing_fixed_rules":[],"_shop_manager_tiered_pricing_type":"fixed","_shop_manager_tiered_pricing_fixed_rules":[],"_wpseo_manager_tiered_pricing_type":"fixed","_wpseo_manager_tiered_pricing_fixed_rules":[],"_wpseo_editor_tiered_pricing_type":"fixed","_wpseo_editor_tiered_pricing_fixed_rules":[],"_wholesale_customer_tiered_pricing_type":"fixed","_wholesale_customer_tiered_pricing_fixed_rules":[],"_marketer_tiered_pricing_type":"fixed","_marketer_tiered_pricing_fixed_rules":[],"_sales_manager_tiered_pricing_type":"fixed","_sales_manager_tiered_pricing_fixed_rules":[],"_sales_rep_tiered_pricing_type":"fixed","_sales_rep_tiered_pricing_fixed_rules":[],"yoast_head":"<!-- This site is optimized with the Yoast SEO plugin v23.3 - https:\/\/yoast.com\/wordpress\/plugins\/seo\/ -->\n<title>ELF BOX LS15000 E Zigarette 15000 Z\u00fcge Mixed berries erleben den ultimativen Genuss | ElementVape.de<\/title>\n<meta name=\"description\" content=\"Wir bieten ELF BOX LS15000 E Zigarette 15000 Z\u00fcge Mixed berries erleben den ultimativen Genuss , Elementvape.de akzeptieren Gro\u00df-und Einzelhandel Bestellungen.\" \/>\n<meta name=\"robots\" content=\"index, follow, max-snippet:-1, max-image-preview:large, max-video-preview:-1\" \/>\n<link rel=\"canonical\" href=\"https:\/\/www.elementvape.de\/pt\/produkt\/elf-box-ls15000-e-zigarette-15000-zuege-mixed-berries-erleben-den-ultimativen-genuss\/\" \/>\n<meta property=\"og:locale\" content=\"pt_PT\" \/>\n<meta property=\"og:type\" content=\"article\" \/>\n<meta property=\"og:title\" content=\"ELF BOX LS15000 E Zigarette 15000 Z\u00fcge Mixed berries erleben den ultimativen Genuss | ElementVape.de\" \/>\n<meta property=\"og:description\" content=\"Wir bieten ELF BOX LS15000 E Zigarette 15000 Z\u00fcge Mixed berries erleben den ultimativen Genuss , Elementvape.de akzeptieren Gro\u00df-und Einzelhandel Bestellungen.\" \/>\n<meta property=\"og:url\" content=\"https:\/\/www.elementvape.de\/pt\/produkt\/elf-box-ls15000-e-zigarette-15000-zuege-mixed-berries-erleben-den-ultimativen-genuss\/\" \/>\n<meta property=\"og:site_name\" content=\"ElementVape.de\" \/>\n<meta property=\"article:modified_time\" content=\"2024-12-12T06:34:58+00:00\" \/>\n<meta property=\"og:image\" content=\"https:\/\/www.elementvape.de\/wp-content\/uploads\/2024\/08\/473638bd0d7ceca5d9ee4e4b78ec74d-1024x715.png\" \/>\n\t<meta property=\"og:image:width\" content=\"1024\" \/>\n\t<meta property=\"og:image:height\" content=\"715\" \/>\n\t<meta property=\"og:image:type\" content=\"image\/png\" \/>\n<meta name=\"twitter:card\" content=\"summary_large_image\" \/>\n<meta name=\"twitter:label1\" content=\"Est. reading time\" \/>\n\t<meta name=\"twitter:data1\" content=\"4 minutos\" \/>\n<script type=\"application\/ld+json\" class=\"yoast-schema-graph\">{\"@context\":\"https:\/\/schema.org\",\"@graph\":[{\"@type\":\"WebPage\",\"@id\":\"https:\/\/www.elementvape.de\/produkt\/elf-box-ls15000-e-zigarette-15000-zuege-mixed-berries-erleben-den-ultimativen-genuss\/\",\"url\":\"https:\/\/www.elementvape.de\/produkt\/elf-box-ls15000-e-zigarette-15000-zuege-mixed-berries-erleben-den-ultimativen-genuss\/\",\"name\":\"ELF BOX LS15000 E Zigarette 15000 Z\u00fcge Mixed berries erleben den ultimativen Genuss | ElementVape.de\",\"isPartOf\":{\"@id\":\"https:\/\/www.elementvape.de\/#website\"},\"primaryImageOfPage\":{\"@id\":\"https:\/\/www.elementvape.de\/produkt\/elf-box-ls15000-e-zigarette-15000-zuege-mixed-berries-erleben-den-ultimativen-genuss\/#primaryimage\"},\"image\":{\"@id\":\"https:\/\/www.elementvape.de\/produkt\/elf-box-ls15000-e-zigarette-15000-zuege-mixed-berries-erleben-den-ultimativen-genuss\/#primaryimage\"},\"thumbnailUrl\":\"https:\/\/www.elementvape.de\/wp-content\/uploads\/2024\/08\/473638bd0d7ceca5d9ee4e4b78ec74d.png\",\"datePublished\":\"2024-08-14T09:07:03+00:00\",\"dateModified\":\"2024-12-12T06:34:58+00:00\",\"description\":\"Wir bieten ELF BOX LS15000 E Zigarette 15000 Z\u00fcge Mixed berries erleben den ultimativen Genuss , Elementvape.de akzeptieren Gro\u00df-und Einzelhandel Bestellungen.\",\"breadcrumb\":{\"@id\":\"https:\/\/www.elementvape.de\/produkt\/elf-box-ls15000-e-zigarette-15000-zuege-mixed-berries-erleben-den-ultimativen-genuss\/#breadcrumb\"},\"inLanguage\":\"pt-PT\",\"potentialAction\":[{\"@type\":\"ReadAction\",\"target\":[\"https:\/\/www.elementvape.de\/produkt\/elf-box-ls15000-e-zigarette-15000-zuege-mixed-berries-erleben-den-ultimativen-genuss\/\"]}]},{\"@type\":\"ImageObject\",\"inLanguage\":\"pt-PT\",\"@id\":\"https:\/\/www.elementvape.de\/produkt\/elf-box-ls15000-e-zigarette-15000-zuege-mixed-berries-erleben-den-ultimativen-genuss\/#primaryimage\",\"url\":\"https:\/\/www.elementvape.de\/wp-content\/uploads\/2024\/08\/473638bd0d7ceca5d9ee4e4b78ec74d.png\",\"contentUrl\":\"https:\/\/www.elementvape.de\/wp-content\/uploads\/2024\/08\/473638bd0d7ceca5d9ee4e4b78ec74d.png\",\"width\":4000,\"height\":2794,\"caption\":\"Mixed berries\"},{\"@type\":\"BreadcrumbList\",\"@id\":\"https:\/\/www.elementvape.de\/produkt\/elf-box-ls15000-e-zigarette-15000-zuege-mixed-berries-erleben-den-ultimativen-genuss\/#breadcrumb\",\"itemListElement\":[{\"@type\":\"ListItem\",\"position\":1,\"name\":\"Home\",\"item\":\"https:\/\/www.elementvape.de\/\"},{\"@type\":\"ListItem\",\"position\":2,\"name\":\"Shop\",\"item\":\"https:\/\/www.elementvape.de\/shop\/\"},{\"@type\":\"ListItem\",\"position\":3,\"name\":\"ELF BOX LS15000 E Zigarette 15000 Z\u00fcge Mixed berries erleben den ultimativen Genuss\"}]},{\"@type\":\"WebSite\",\"@id\":\"https:\/\/www.elementvape.de\/#website\",\"url\":\"https:\/\/www.elementvape.de\/\",\"name\":\"ElementVape.de\",\"description\":\"\",\"publisher\":{\"@id\":\"https:\/\/www.elementvape.de\/#organization\"},\"potentialAction\":[{\"@type\":\"SearchAction\",\"target\":{\"@type\":\"EntryPoint\",\"urlTemplate\":\"https:\/\/www.elementvape.de\/?s={search_term_string}\"},\"query-input\":\"required name=search_term_string\"}],\"inLanguage\":\"pt-PT\"},{\"@type\":\"Organization\",\"@id\":\"https:\/\/www.elementvape.de\/#organization\",\"name\":\"ElementVape.DE\",\"url\":\"https:\/\/www.elementvape.de\/\",\"logo\":{\"@type\":\"ImageObject\",\"inLanguage\":\"pt-PT\",\"@id\":\"https:\/\/www.elementvape.de\/#\/schema\/logo\/image\/\",\"url\":\"https:\/\/www.elementvape.de\/wp-content\/uploads\/2024\/09\/cropped-1elementvape-3.png\",\"contentUrl\":\"https:\/\/www.elementvape.de\/wp-content\/uploads\/2024\/09\/cropped-1elementvape-3.png\",\"width\":285,\"height\":228,\"caption\":\"ElementVape.DE\"},\"image\":{\"@id\":\"https:\/\/www.elementvape.de\/#\/schema\/logo\/image\/\"}}]}<\/script>\n<!-- \/ Yoast SEO plugin. -->","yoast_head_json":{"title":"ELF BOX LS15000 E Zigarette 15000 Z\u00fcge Mixed berries erleben den ultimativen Genuss | ElementVape.de","description":"Wir bieten ELF BOX LS15000 E Zigarette 15000 Z\u00fcge Mixed berries erleben den ultimativen Genuss , Elementvape.de akzeptieren Gro\u00df-und Einzelhandel Bestellungen.","robots":{"index":"index","follow":"follow","max-snippet":"max-snippet:-1","max-image-preview":"max-image-preview:large","max-video-preview":"max-video-preview:-1"},"canonical":"https:\/\/www.elementvape.de\/pt\/produkt\/elf-box-ls15000-e-zigarette-15000-zuege-mixed-berries-erleben-den-ultimativen-genuss\/","og_locale":"pt_PT","og_type":"article","og_title":"ELF BOX LS15000 E Zigarette 15000 Z\u00fcge Mixed berries erleben den ultimativen Genuss | ElementVape.de","og_description":"Wir bieten ELF BOX LS15000 E Zigarette 15000 Z\u00fcge Mixed berries erleben den ultimativen Genuss , Elementvape.de akzeptieren Gro\u00df-und Einzelhandel Bestellungen.","og_url":"https:\/\/www.elementvape.de\/pt\/produkt\/elf-box-ls15000-e-zigarette-15000-zuege-mixed-berries-erleben-den-ultimativen-genuss\/","og_site_name":"ElementVape.de","article_modified_time":"2024-12-12T06:34:58+00:00","og_image":[{"width":1024,"height":715,"url":"https:\/\/www.elementvape.de\/wp-content\/uploads\/2024\/08\/473638bd0d7ceca5d9ee4e4b78ec74d-1024x715.png","type":"image\/png"}],"twitter_card":"summary_large_image","twitter_misc":{"Est. reading time":"4 minutos"},"schema":{"@context":"https:\/\/schema.org","@graph":[{"@type":"WebPage","@id":"https:\/\/www.elementvape.de\/produkt\/elf-box-ls15000-e-zigarette-15000-zuege-mixed-berries-erleben-den-ultimativen-genuss\/","url":"https:\/\/www.elementvape.de\/produkt\/elf-box-ls15000-e-zigarette-15000-zuege-mixed-berries-erleben-den-ultimativen-genuss\/","name":"ELF BOX LS15000 E Zigarette 15000 Z\u00fcge Mixed berries erleben den ultimativen Genuss | ElementVape.de","isPartOf":{"@id":"https:\/\/www.elementvape.de\/#website"},"primaryImageOfPage":{"@id":"https:\/\/www.elementvape.de\/produkt\/elf-box-ls15000-e-zigarette-15000-zuege-mixed-berries-erleben-den-ultimativen-genuss\/#primaryimage"},"image":{"@id":"https:\/\/www.elementvape.de\/produkt\/elf-box-ls15000-e-zigarette-15000-zuege-mixed-berries-erleben-den-ultimativen-genuss\/#primaryimage"},"thumbnailUrl":"https:\/\/www.elementvape.de\/wp-content\/uploads\/2024\/08\/473638bd0d7ceca5d9ee4e4b78ec74d.png","datePublished":"2024-08-14T09:07:03+00:00","dateModified":"2024-12-12T06:34:58+00:00","description":"Wir bieten ELF BOX LS15000 E Zigarette 15000 Z\u00fcge Mixed berries erleben den ultimativen Genuss , Elementvape.de akzeptieren Gro\u00df-und Einzelhandel Bestellungen.","breadcrumb":{"@id":"https:\/\/www.elementvape.de\/produkt\/elf-box-ls15000-e-zigarette-15000-zuege-mixed-berries-erleben-den-ultimativen-genuss\/#breadcrumb"},"inLanguage":"pt-PT","potentialAction":[{"@type":"ReadAction","target":["https:\/\/www.elementvape.de\/produkt\/elf-box-ls15000-e-zigarette-15000-zuege-mixed-berries-erleben-den-ultimativen-genuss\/"]}]},{"@type":"ImageObject","inLanguage":"pt-PT","@id":"https:\/\/www.elementvape.de\/produkt\/elf-box-ls15000-e-zigarette-15000-zuege-mixed-berries-erleben-den-ultimativen-genuss\/#primaryimage","url":"https:\/\/www.elementvape.de\/wp-content\/uploads\/2024\/08\/473638bd0d7ceca5d9ee4e4b78ec74d.png","contentUrl":"https:\/\/www.elementvape.de\/wp-content\/uploads\/2024\/08\/473638bd0d7ceca5d9ee4e4b78ec74d.png","width":4000,"height":2794,"caption":"Mixed berries"},{"@type":"BreadcrumbList","@id":"https:\/\/www.elementvape.de\/produkt\/elf-box-ls15000-e-zigarette-15000-zuege-mixed-berries-erleben-den-ultimativen-genuss\/#breadcrumb","itemListElement":[{"@type":"ListItem","position":1,"name":"Home","item":"https:\/\/www.elementvape.de\/"},{"@type":"ListItem","position":2,"name":"Shop","item":"https:\/\/www.elementvape.de\/shop\/"},{"@type":"ListItem","position":3,"name":"ELF BOX LS15000 E Zigarette 15000 Z\u00fcge Mixed berries erleben den ultimativen Genuss"}]},{"@type":"WebSite","@id":"https:\/\/www.elementvape.de\/#website","url":"https:\/\/www.elementvape.de\/","name":"ElementVape.de","description":"","publisher":{"@id":"https:\/\/www.elementvape.de\/#organization"},"potentialAction":[{"@type":"SearchAction","target":{"@type":"EntryPoint","urlTemplate":"https:\/\/www.elementvape.de\/?s={search_term_string}"},"query-input":"required name=search_term_string"}],"inLanguage":"pt-PT"},{"@type":"Organization","@id":"https:\/\/www.elementvape.de\/#organization","name":"ElementVape.DE","url":"https:\/\/www.elementvape.de\/","logo":{"@type":"ImageObject","inLanguage":"pt-PT","@id":"https:\/\/www.elementvape.de\/#\/schema\/logo\/image\/","url":"https:\/\/www.elementvape.de\/wp-content\/uploads\/2024\/09\/cropped-1elementvape-3.png","contentUrl":"https:\/\/www.elementvape.de\/wp-content\/uploads\/2024\/09\/cropped-1elementvape-3.png","width":285,"height":228,"caption":"ElementVape.DE"},"image":{"@id":"https:\/\/www.elementvape.de\/#\/schema\/logo\/image\/"}}]}},"_links":{"self":[{"href":"https:\/\/www.elementvape.de\/pt\/wp-json\/wp\/v2\/product\/13752"}],"collection":[{"href":"https:\/\/www.elementvape.de\/pt\/wp-json\/wp\/v2\/product"}],"about":[{"href":"https:\/\/www.elementvape.de\/pt\/wp-json\/wp\/v2\/types\/product"}],"wp:featuredmedia":[{"embeddable":true,"href":"https:\/\/www.elementvape.de\/pt\/wp-json\/wp\/v2\/media\/13753"}],"wp:attachment":[{"href":"https:\/\/www.elementvape.de\/pt\/wp-json\/wp\/v2\/media?parent=13752"}],"wp:term":[{"taxonomy":"product_cat","embeddable":true,"href":"https:\/\/www.elementvape.de\/pt\/wp-json\/wp\/v2\/product_cat?post=13752"},{"taxonomy":"product_tag","embeddable":true,"href":"https:\/\/www.elementvape.de\/pt\/wp-json\/wp\/v2\/product_tag?post=13752"}],"curies":[{"name":"wp","href":"https:\/\/api.w.org\/{rel}","templated":true}]}}