{"id":13719,"date":"2024-08-09T09:50:02","date_gmt":"2024-08-09T09:50:02","guid":{"rendered":"https:\/\/www.elementvape.de\/?post_type=product&#038;p=13719"},"modified":"2024-12-12T06:35:00","modified_gmt":"2024-12-12T06:35:00","slug":"strawberry-ice-elf-box-ls15000-grosshandel-erleben-high-end-glueck-15000-puffs-heisser-verkauf","status":"publish","type":"product","link":"https:\/\/www.elementvape.de\/pt\/produkt\/strawberry-ice-elf-box-ls15000-grosshandel-erleben-high-end-glueck-15000-puffs-heisser-verkauf\/","title":{"rendered":"Strawberry ice ELF BOX LS15000 Atacado experimente felicidade de alta gama 15000 Puffs venda quente"},"content":{"rendered":"<p>A Strawberry Ice ELF BOX LS15000 oferece-lhe uma experi\u00eancia de sabor refrescante que o transporta para o mundo das experi\u00eancias de vaporiza\u00e7\u00e3o de alta qualidade. O sabor combina a do\u00e7ura frutada de morangos maduros com um toque refrescante de gelo, proporcionando uma sensa\u00e7\u00e3o revigorante incompar\u00e1vel. Cada tragada \u00e9 um prazer que refresca os seus sentidos e d\u00e1 a sensa\u00e7\u00e3o de mergulhar no ver\u00e3o.<\/p>\n<p>Desfrute do equil\u00edbrio perfeito entre a do\u00e7ura natural dos morangos e a frescura revigorante que torna este sabor t\u00e3o especial. O cigarro eletr\u00f3nico Strawberry Ice transforma cada momento numa experi\u00eancia de vaporiza\u00e7\u00e3o luxuosa, fazendo com que se sinta especial e mimado a cada tragada.<\/p>\n<h3>Vantagens de 15.000 tragadas<\/h3>\n<h4>Durabilidade m\u00e1xima para o m\u00e1ximo conforto<\/h4>\n<p>A Strawberry Ice ELF BOX LS15000 \u00e9 projetada para um n\u00famero impressionante de at\u00e9 15.000 tragadas. Este n\u00famero excecional de baforadas significa que pode desfrutar de uma experi\u00eancia de vaporiza\u00e7\u00e3o duradoura e consistente, sem se preocupar com reabastecimentos constantes ou trocas frequentes. A longa dura\u00e7\u00e3o faz dela uma escolha ideal para quem procura uma experi\u00eancia de vaporiza\u00e7\u00e3o de primeira classe e duradoura.<\/p>\n<p>Com este elevado n\u00famero de baforadas, desfruta n\u00e3o s\u00f3 de uma utiliza\u00e7\u00e3o prolongada, mas tamb\u00e9m de uma experi\u00eancia de sabor sempre confi\u00e1vel. A ELF BOX LS15000 oferece-lhe a liberdade de desfrutar da sua experi\u00eancia de vaporiza\u00e7\u00e3o sem interrup\u00e7\u00f5es ou compromissos, tornando-a especialmente atraente para uso di\u00e1rio.<\/p>\n<h4>Tecnologia avan\u00e7ada de bobina de malha<\/h4>\n<p>As 15.000 tragadas s\u00e3o possibilitadas pela tecnologia avan\u00e7ada de bobina de malha, que garante uma distribui\u00e7\u00e3o uniforme do calor e uma experi\u00eancia de vaporiza\u00e7\u00e3o de alta qualidade constante. As bobinas de malha de 0,6 ohm otimizam o uso do l\u00edquido eletr\u00f3nico e asseguram uma nuvem densa e saborosa, proporcionando um prazer elevado a cada tragada. Esta tecnologia maximiza a efici\u00eancia e a durabilidade do cigarro eletr\u00f3nico, tornando-o especialmente fi\u00e1vel.<\/p>\n<p>Experimente o desempenho excecional das bobinas de malha, que proporcionam uma distribui\u00e7\u00e3o uniforme do calor e criam a mistura de vapor perfeita. A tecnologia avan\u00e7ada garante que possa desfrutar de uma experi\u00eancia de sabor de alta qualidade constante durante toda a vida \u00fatil do cigarro eletr\u00f3nico.<\/p>\n<h3>Pre\u00e7os por atacado e servi\u00e7o de alta qualidade<\/h3>\n<h4>Pre\u00e7os exclusivos por atacado para revendedores<\/h4>\n<p>Beneficie dos pre\u00e7os exclusivos por atacado da Strawberry Ice ELF BOX LS15000 e descubra como \u00e9 f\u00e1cil oferecer produtos de primeira qualidade a um pre\u00e7o imbat\u00edvel. Os pre\u00e7os competitivos permitem-lhe apresentar aos seus clientes um produto de alta qualidade com uma rela\u00e7\u00e3o qualidade-pre\u00e7o atrativa. Isto torna o cigarro eletr\u00f3nico uma excelente op\u00e7\u00e3o para retalhistas e grossistas que desejam oferecer experi\u00eancias de vaporiza\u00e7\u00e3o de alta qualidade aos seus clientes.<\/p>\n<h4>Envio seguro e fi\u00e1vel<\/h4>\n<p>Para al\u00e9m de pre\u00e7os excelentes, o nosso servi\u00e7o de primeira classe garante uma entrega segura e fi\u00e1vel. A Strawberry Ice ELF BOX LS15000 \u00e9 cuidadosamente embalada e entregue pontualmente, para que receba os produtos em perfeitas condi\u00e7\u00f5es. Confie na nossa log\u00edstica eficiente para garantir uma entrega sem problemas e sem stress, de acordo com as suas expectativas.<\/p>\n<p>A Strawberry Ice 15000 Puffs ELF BOX LS15000 oferece n\u00e3o s\u00f3 uma experi\u00eancia de sabor excecional, mas tamb\u00e9m um desempenho destacado e pre\u00e7os por atacado de primeira qualidade. Experimente o luxo e a conveni\u00eancia de um cigarro eletr\u00f3nico de alta qualidade e torne-o no seu pr\u00f3ximo best-seller.<\/p>","protected":false},"excerpt":{"rendered":"<p>Die Strawberry Ice ELF BOX LS15000 bietet Ihnen ein erfrischendes Geschmackserlebnis, das Sie in die Welt der hochwertigen Dampferlebnisse entf\u00fchrt. Der Geschmack vereint die s\u00fc\u00dfe Fruchtigkeit reifer Erdbeeren mit einem k\u00fchlenden Hauch von Eis, der ein unvergleichlich belebendes Gef\u00fchl bietet. Jeder Zug ist ein Genuss, der Ihre Sinne erfrischt und Ihnen das Gef\u00fchl gibt, als [&hellip;]<\/p>","protected":false},"featured_media":13720,"template":"","meta":{"inline_featured_image":false},"product_cat":[15,78,747,740,734,753,716,732],"product_tag":[710,674],"tiered_pricing_type":"fixed","tiered_pricing_fixed_rules":{"110":"7.54","200":"6.68","500":"5.85"},"tiered_pricing_percentage_rules":[],"tiered_pricing_minimum":1,"_administrator_tiered_pricing_type":"fixed","_administrator_tiered_pricing_fixed_rules":[],"_editor_tiered_pricing_type":"fixed","_editor_tiered_pricing_fixed_rules":[],"_author_tiered_pricing_type":"fixed","_author_tiered_pricing_fixed_rules":[],"_contributor_tiered_pricing_type":"fixed","_contributor_tiered_pricing_fixed_rules":[],"_subscriber_tiered_pricing_type":"fixed","_subscriber_tiered_pricing_fixed_rules":[],"_customer_tiered_pricing_type":"fixed","_customer_tiered_pricing_fixed_rules":[],"_shop_manager_tiered_pricing_type":"fixed","_shop_manager_tiered_pricing_fixed_rules":[],"_wpseo_manager_tiered_pricing_type":"fixed","_wpseo_manager_tiered_pricing_fixed_rules":[],"_wpseo_editor_tiered_pricing_type":"fixed","_wpseo_editor_tiered_pricing_fixed_rules":[],"_wholesale_customer_tiered_pricing_type":"fixed","_wholesale_customer_tiered_pricing_fixed_rules":[],"_marketer_tiered_pricing_type":"fixed","_marketer_tiered_pricing_fixed_rules":[],"_sales_manager_tiered_pricing_type":"fixed","_sales_manager_tiered_pricing_fixed_rules":[],"_sales_rep_tiered_pricing_type":"fixed","_sales_rep_tiered_pricing_fixed_rules":[],"yoast_head":"<!-- This site is optimized with the Yoast SEO plugin v23.3 - https:\/\/yoast.com\/wordpress\/plugins\/seo\/ -->\n<title>Strawberry ice ELF BOX LS15000 Gro\u00dfhandel erleben High-End-Gl\u00fcck 15000 Puffs hei\u00dfer Verkauf | ElementVape.de<\/title>\n<meta name=\"description\" content=\"Wir bieten Strawberry ice ELF BOX LS15000 Gro\u00dfhandel erleben High-End-Gl\u00fcck 15000 Puffs hei\u00dfer Verkauf , Elementvape.de akzeptieren Gro\u00df-und Einzelhandel Bestellungen.\" \/>\n<meta name=\"robots\" content=\"index, follow, max-snippet:-1, max-image-preview:large, max-video-preview:-1\" \/>\n<link rel=\"canonical\" href=\"https:\/\/www.elementvape.de\/pt\/produkt\/strawberry-ice-elf-box-ls15000-grosshandel-erleben-high-end-glueck-15000-puffs-heisser-verkauf\/\" \/>\n<meta property=\"og:locale\" content=\"pt_PT\" \/>\n<meta property=\"og:type\" content=\"article\" \/>\n<meta property=\"og:title\" content=\"Strawberry ice ELF BOX LS15000 Gro\u00dfhandel erleben High-End-Gl\u00fcck 15000 Puffs hei\u00dfer Verkauf | ElementVape.de\" \/>\n<meta property=\"og:description\" content=\"Wir bieten Strawberry ice ELF BOX LS15000 Gro\u00dfhandel erleben High-End-Gl\u00fcck 15000 Puffs hei\u00dfer Verkauf , Elementvape.de akzeptieren Gro\u00df-und Einzelhandel Bestellungen.\" \/>\n<meta property=\"og:url\" content=\"https:\/\/www.elementvape.de\/pt\/produkt\/strawberry-ice-elf-box-ls15000-grosshandel-erleben-high-end-glueck-15000-puffs-heisser-verkauf\/\" \/>\n<meta property=\"og:site_name\" content=\"ElementVape.de\" \/>\n<meta property=\"article:modified_time\" content=\"2024-12-12T06:35:00+00:00\" \/>\n<meta property=\"og:image\" content=\"https:\/\/www.elementvape.de\/wp-content\/uploads\/2024\/08\/Strawberry-ice.png\" \/>\n\t<meta property=\"og:image:width\" content=\"1000\" \/>\n\t<meta property=\"og:image:height\" content=\"1000\" \/>\n\t<meta property=\"og:image:type\" content=\"image\/png\" \/>\n<meta name=\"twitter:card\" content=\"summary_large_image\" \/>\n<meta name=\"twitter:label1\" content=\"Est. reading time\" \/>\n\t<meta name=\"twitter:data1\" content=\"3 minutos\" \/>\n<script type=\"application\/ld+json\" class=\"yoast-schema-graph\">{\"@context\":\"https:\/\/schema.org\",\"@graph\":[{\"@type\":\"WebPage\",\"@id\":\"https:\/\/www.elementvape.de\/el\/produkt\/strawberry-ice-elf-box-ls15000-grosshandel-erleben-high-end-glueck-15000-puffs-heisser-verkauf\/\",\"url\":\"https:\/\/www.elementvape.de\/el\/produkt\/strawberry-ice-elf-box-ls15000-grosshandel-erleben-high-end-glueck-15000-puffs-heisser-verkauf\/\",\"name\":\"Strawberry ice ELF BOX LS15000 Gro\u00dfhandel erleben High-End-Gl\u00fcck 15000 Puffs hei\u00dfer Verkauf | ElementVape.de\",\"isPartOf\":{\"@id\":\"https:\/\/www.elementvape.de\/#website\"},\"primaryImageOfPage\":{\"@id\":\"https:\/\/www.elementvape.de\/el\/produkt\/strawberry-ice-elf-box-ls15000-grosshandel-erleben-high-end-glueck-15000-puffs-heisser-verkauf\/#primaryimage\"},\"image\":{\"@id\":\"https:\/\/www.elementvape.de\/el\/produkt\/strawberry-ice-elf-box-ls15000-grosshandel-erleben-high-end-glueck-15000-puffs-heisser-verkauf\/#primaryimage\"},\"thumbnailUrl\":\"https:\/\/www.elementvape.de\/wp-content\/uploads\/2024\/08\/Strawberry-ice.png\",\"datePublished\":\"2024-08-09T09:50:02+00:00\",\"dateModified\":\"2024-12-12T06:35:00+00:00\",\"description\":\"Wir bieten Strawberry ice ELF BOX LS15000 Gro\u00dfhandel erleben High-End-Gl\u00fcck 15000 Puffs hei\u00dfer Verkauf , Elementvape.de akzeptieren Gro\u00df-und Einzelhandel Bestellungen.\",\"breadcrumb\":{\"@id\":\"https:\/\/www.elementvape.de\/el\/produkt\/strawberry-ice-elf-box-ls15000-grosshandel-erleben-high-end-glueck-15000-puffs-heisser-verkauf\/#breadcrumb\"},\"inLanguage\":\"pt-PT\",\"potentialAction\":[{\"@type\":\"ReadAction\",\"target\":[\"https:\/\/www.elementvape.de\/el\/produkt\/strawberry-ice-elf-box-ls15000-grosshandel-erleben-high-end-glueck-15000-puffs-heisser-verkauf\/\"]}]},{\"@type\":\"ImageObject\",\"inLanguage\":\"pt-PT\",\"@id\":\"https:\/\/www.elementvape.de\/el\/produkt\/strawberry-ice-elf-box-ls15000-grosshandel-erleben-high-end-glueck-15000-puffs-heisser-verkauf\/#primaryimage\",\"url\":\"https:\/\/www.elementvape.de\/wp-content\/uploads\/2024\/08\/Strawberry-ice.png\",\"contentUrl\":\"https:\/\/www.elementvape.de\/wp-content\/uploads\/2024\/08\/Strawberry-ice.png\",\"width\":1000,\"height\":1000,\"caption\":\"Strawberry ice\"},{\"@type\":\"BreadcrumbList\",\"@id\":\"https:\/\/www.elementvape.de\/el\/produkt\/strawberry-ice-elf-box-ls15000-grosshandel-erleben-high-end-glueck-15000-puffs-heisser-verkauf\/#breadcrumb\",\"itemListElement\":[{\"@type\":\"ListItem\",\"position\":1,\"name\":\"Home\",\"item\":\"https:\/\/www.elementvape.de\/\"},{\"@type\":\"ListItem\",\"position\":2,\"name\":\"Shop\",\"item\":\"https:\/\/www.elementvape.de\/shop\/\"},{\"@type\":\"ListItem\",\"position\":3,\"name\":\"Strawberry ice ELF BOX LS15000 Gro\u00dfhandel erleben High-End-Gl\u00fcck 15000 Puffs hei\u00dfer Verkauf\"}]},{\"@type\":\"WebSite\",\"@id\":\"https:\/\/www.elementvape.de\/#website\",\"url\":\"https:\/\/www.elementvape.de\/\",\"name\":\"ElementVape.de\",\"description\":\"\",\"publisher\":{\"@id\":\"https:\/\/www.elementvape.de\/#organization\"},\"potentialAction\":[{\"@type\":\"SearchAction\",\"target\":{\"@type\":\"EntryPoint\",\"urlTemplate\":\"https:\/\/www.elementvape.de\/?s={search_term_string}\"},\"query-input\":\"required name=search_term_string\"}],\"inLanguage\":\"pt-PT\"},{\"@type\":\"Organization\",\"@id\":\"https:\/\/www.elementvape.de\/#organization\",\"name\":\"ElementVape.DE\",\"url\":\"https:\/\/www.elementvape.de\/\",\"logo\":{\"@type\":\"ImageObject\",\"inLanguage\":\"pt-PT\",\"@id\":\"https:\/\/www.elementvape.de\/#\/schema\/logo\/image\/\",\"url\":\"https:\/\/www.elementvape.de\/wp-content\/uploads\/2024\/09\/cropped-1elementvape-3.png\",\"contentUrl\":\"https:\/\/www.elementvape.de\/wp-content\/uploads\/2024\/09\/cropped-1elementvape-3.png\",\"width\":285,\"height\":228,\"caption\":\"ElementVape.DE\"},\"image\":{\"@id\":\"https:\/\/www.elementvape.de\/#\/schema\/logo\/image\/\"}}]}<\/script>\n<!-- \/ Yoast SEO plugin. -->","yoast_head_json":{"title":"Strawberry ice ELF BOX LS15000 Gro\u00dfhandel erleben High-End-Gl\u00fcck 15000 Puffs hei\u00dfer Verkauf | ElementVape.de","description":"Wir bieten Strawberry ice ELF BOX LS15000 Gro\u00dfhandel erleben High-End-Gl\u00fcck 15000 Puffs hei\u00dfer Verkauf , Elementvape.de akzeptieren Gro\u00df-und Einzelhandel Bestellungen.","robots":{"index":"index","follow":"follow","max-snippet":"max-snippet:-1","max-image-preview":"max-image-preview:large","max-video-preview":"max-video-preview:-1"},"canonical":"https:\/\/www.elementvape.de\/pt\/produkt\/strawberry-ice-elf-box-ls15000-grosshandel-erleben-high-end-glueck-15000-puffs-heisser-verkauf\/","og_locale":"pt_PT","og_type":"article","og_title":"Strawberry ice ELF BOX LS15000 Gro\u00dfhandel erleben High-End-Gl\u00fcck 15000 Puffs hei\u00dfer Verkauf | ElementVape.de","og_description":"Wir bieten Strawberry ice ELF BOX LS15000 Gro\u00dfhandel erleben High-End-Gl\u00fcck 15000 Puffs hei\u00dfer Verkauf , Elementvape.de akzeptieren Gro\u00df-und Einzelhandel Bestellungen.","og_url":"https:\/\/www.elementvape.de\/pt\/produkt\/strawberry-ice-elf-box-ls15000-grosshandel-erleben-high-end-glueck-15000-puffs-heisser-verkauf\/","og_site_name":"ElementVape.de","article_modified_time":"2024-12-12T06:35:00+00:00","og_image":[{"width":1000,"height":1000,"url":"https:\/\/www.elementvape.de\/wp-content\/uploads\/2024\/08\/Strawberry-ice.png","type":"image\/png"}],"twitter_card":"summary_large_image","twitter_misc":{"Est. reading time":"3 minutos"},"schema":{"@context":"https:\/\/schema.org","@graph":[{"@type":"WebPage","@id":"https:\/\/www.elementvape.de\/el\/produkt\/strawberry-ice-elf-box-ls15000-grosshandel-erleben-high-end-glueck-15000-puffs-heisser-verkauf\/","url":"https:\/\/www.elementvape.de\/el\/produkt\/strawberry-ice-elf-box-ls15000-grosshandel-erleben-high-end-glueck-15000-puffs-heisser-verkauf\/","name":"Strawberry ice ELF BOX LS15000 Gro\u00dfhandel erleben High-End-Gl\u00fcck 15000 Puffs hei\u00dfer Verkauf | ElementVape.de","isPartOf":{"@id":"https:\/\/www.elementvape.de\/#website"},"primaryImageOfPage":{"@id":"https:\/\/www.elementvape.de\/el\/produkt\/strawberry-ice-elf-box-ls15000-grosshandel-erleben-high-end-glueck-15000-puffs-heisser-verkauf\/#primaryimage"},"image":{"@id":"https:\/\/www.elementvape.de\/el\/produkt\/strawberry-ice-elf-box-ls15000-grosshandel-erleben-high-end-glueck-15000-puffs-heisser-verkauf\/#primaryimage"},"thumbnailUrl":"https:\/\/www.elementvape.de\/wp-content\/uploads\/2024\/08\/Strawberry-ice.png","datePublished":"2024-08-09T09:50:02+00:00","dateModified":"2024-12-12T06:35:00+00:00","description":"Wir bieten Strawberry ice ELF BOX LS15000 Gro\u00dfhandel erleben High-End-Gl\u00fcck 15000 Puffs hei\u00dfer Verkauf , Elementvape.de akzeptieren Gro\u00df-und Einzelhandel Bestellungen.","breadcrumb":{"@id":"https:\/\/www.elementvape.de\/el\/produkt\/strawberry-ice-elf-box-ls15000-grosshandel-erleben-high-end-glueck-15000-puffs-heisser-verkauf\/#breadcrumb"},"inLanguage":"pt-PT","potentialAction":[{"@type":"ReadAction","target":["https:\/\/www.elementvape.de\/el\/produkt\/strawberry-ice-elf-box-ls15000-grosshandel-erleben-high-end-glueck-15000-puffs-heisser-verkauf\/"]}]},{"@type":"ImageObject","inLanguage":"pt-PT","@id":"https:\/\/www.elementvape.de\/el\/produkt\/strawberry-ice-elf-box-ls15000-grosshandel-erleben-high-end-glueck-15000-puffs-heisser-verkauf\/#primaryimage","url":"https:\/\/www.elementvape.de\/wp-content\/uploads\/2024\/08\/Strawberry-ice.png","contentUrl":"https:\/\/www.elementvape.de\/wp-content\/uploads\/2024\/08\/Strawberry-ice.png","width":1000,"height":1000,"caption":"Strawberry ice"},{"@type":"BreadcrumbList","@id":"https:\/\/www.elementvape.de\/el\/produkt\/strawberry-ice-elf-box-ls15000-grosshandel-erleben-high-end-glueck-15000-puffs-heisser-verkauf\/#breadcrumb","itemListElement":[{"@type":"ListItem","position":1,"name":"Home","item":"https:\/\/www.elementvape.de\/"},{"@type":"ListItem","position":2,"name":"Shop","item":"https:\/\/www.elementvape.de\/shop\/"},{"@type":"ListItem","position":3,"name":"Strawberry ice ELF BOX LS15000 Gro\u00dfhandel erleben High-End-Gl\u00fcck 15000 Puffs hei\u00dfer Verkauf"}]},{"@type":"WebSite","@id":"https:\/\/www.elementvape.de\/#website","url":"https:\/\/www.elementvape.de\/","name":"ElementVape.de","description":"","publisher":{"@id":"https:\/\/www.elementvape.de\/#organization"},"potentialAction":[{"@type":"SearchAction","target":{"@type":"EntryPoint","urlTemplate":"https:\/\/www.elementvape.de\/?s={search_term_string}"},"query-input":"required name=search_term_string"}],"inLanguage":"pt-PT"},{"@type":"Organization","@id":"https:\/\/www.elementvape.de\/#organization","name":"ElementVape.DE","url":"https:\/\/www.elementvape.de\/","logo":{"@type":"ImageObject","inLanguage":"pt-PT","@id":"https:\/\/www.elementvape.de\/#\/schema\/logo\/image\/","url":"https:\/\/www.elementvape.de\/wp-content\/uploads\/2024\/09\/cropped-1elementvape-3.png","contentUrl":"https:\/\/www.elementvape.de\/wp-content\/uploads\/2024\/09\/cropped-1elementvape-3.png","width":285,"height":228,"caption":"ElementVape.DE"},"image":{"@id":"https:\/\/www.elementvape.de\/#\/schema\/logo\/image\/"}}]}},"_links":{"self":[{"href":"https:\/\/www.elementvape.de\/pt\/wp-json\/wp\/v2\/product\/13719"}],"collection":[{"href":"https:\/\/www.elementvape.de\/pt\/wp-json\/wp\/v2\/product"}],"about":[{"href":"https:\/\/www.elementvape.de\/pt\/wp-json\/wp\/v2\/types\/product"}],"wp:featuredmedia":[{"embeddable":true,"href":"https:\/\/www.elementvape.de\/pt\/wp-json\/wp\/v2\/media\/13720"}],"wp:attachment":[{"href":"https:\/\/www.elementvape.de\/pt\/wp-json\/wp\/v2\/media?parent=13719"}],"wp:term":[{"taxonomy":"product_cat","embeddable":true,"href":"https:\/\/www.elementvape.de\/pt\/wp-json\/wp\/v2\/product_cat?post=13719"},{"taxonomy":"product_tag","embeddable":true,"href":"https:\/\/www.elementvape.de\/pt\/wp-json\/wp\/v2\/product_tag?post=13719"}],"curies":[{"name":"wp","href":"https:\/\/api.w.org\/{rel}","templated":true}]}}