{"id":13717,"date":"2024-08-09T08:42:50","date_gmt":"2024-08-09T08:42:50","guid":{"rendered":"https:\/\/www.elementvape.de\/?post_type=product&#038;p=13717"},"modified":"2024-12-12T06:35:01","modified_gmt":"2024-12-12T06:35:01","slug":"heiss-begehrte-elf-box-ls15000-in-strawberry-watermelon-qualitaet-zum-besten-preis-15000-puffs","status":"publish","type":"product","link":"https:\/\/www.elementvape.de\/pt\/produkt\/heiss-begehrte-elf-box-ls15000-in-strawberry-watermelon-qualitaet-zum-besten-preis-15000-puffs\/","title":{"rendered":"Caixa ELF BOX LS15000 de alta qualidade em Morango Melancia ao melhor pre\u00e7o, 15000 puffs"},"content":{"rendered":"<p>A Strawberry Watermelon ELF BOX LS15000 leva-o numa viagem de sabor que n\u00e3o ir\u00e1 esquecer t\u00e3o cedo. A combina\u00e7\u00e3o da doce e suculenta morango com a refrescante melancia cria uma experi\u00eancia de sabor harmoniosa que revigora e refresca os seus sentidos. Cada tragada \u00e9 um prazer que oferece o equil\u00edbrio perfeito entre do\u00e7ura frutada e frescura gelada, ideal para uso di\u00e1rio ou como um momento especial.<\/p>\n<p>Imagine-se a relaxar num dia soalheiro e a desfrutar de um impulso de fruta supremo. O cigarro eletr\u00f3nico Strawberry Watermelon transforma cada momento numa experi\u00eancia refrescante e torna o vaping uma verdadeira alegria. Este sabor requintado \u00e9 perfeito para quem procura uma experi\u00eancia refrescante e doce que o acompanha durante todo o dia.<\/p>\n<h3>Vantagens de 15.000 tragadas<\/h3>\n<h4>Uso prolongado para m\u00e1ximo conforto<\/h4>\n<p>A Strawberry Watermelon ELF BOX LS15000 estabelece novos padr\u00f5es no mundo das <strong><a href=\"https:\/\/www.elementvape.de\/pt\/c\/einweg-zigarette\/\">Cigarros eletr\u00f4nicos descart\u00e1veis<\/a><\/strong>. Com at\u00e9 15.000 tragadas, desfrute de uma experi\u00eancia de vaping de primeira classe durante um longo per\u00edodo, sem precisar de pensar constantemente em reabastecer. Este impressionante n\u00famero de tragadas torna a ELF BOX LS15000 num companheiro insubstitu\u00edvel para quem valoriza conforto e conveni\u00eancia.<\/p>\n<p>Um volume t\u00e3o generoso oferece n\u00e3o s\u00f3 longos per\u00edodos de prazer, mas tamb\u00e9m uma qualidade excecional. A durabilidade prolongada e a experi\u00eancia de sabor de primeira garantem que possa desfrutar da sua cigarro eletr\u00f3nico ao m\u00e1ximo, sem comprometer a qualidade. Isto faz da ELF BOX LS15000 uma escolha ideal para quem quer tirar o m\u00e1ximo proveito da sua experi\u00eancia de vaping.<\/p>\n<h4>Tecnologia inovadora de Mesh-Coil para qualidade constante<\/h4>\n<p>A avan\u00e7ada tecnologia de Mesh-Coil da ELF BOX LS15000 garante uma experi\u00eancia de vaping consistente e excecional. Com as Mesh-Coils de 0,6 ohm, desfruta de uma distribui\u00e7\u00e3o de calor uniforme, que resulta num vapor denso e arom\u00e1tico. Esta tecnologia assegura que experimente uma qualidade elevada constante ao longo de toda a vida \u00fatil da cigarro eletr\u00f3nico.<\/p>\n<p>Gra\u00e7as \u00e0 eficiente distribui\u00e7\u00e3o de calor, pode esperar uma experi\u00eancia de sabor intensa e uniforme, sem espa\u00e7o para compromissos. As Mesh-Coils s\u00e3o especialmente desenvolvidas para otimizar o uso do e-l\u00edquido e proporcionar sempre uma experi\u00eancia de vaping satisfat\u00f3ria, tornando a Blue Razz Lemonade ELF BOX LS15000 numa escolha obrigat\u00f3ria.<\/p>\n<h3>Pre\u00e7os de atacado atrativos e entrega segura<\/h3>\n<h4>Melhores pre\u00e7os para grossistas<\/h4>\n<p>A Strawberry Watermelon ELF BOX LS15000 n\u00e3o \u00e9 apenas um prazer para si, mas tamb\u00e9m um excelente neg\u00f3cio para comerciantes. Com pre\u00e7os de atacado atrativos, oferecidos diretamente da f\u00e1brica, pode beneficiar de condi\u00e7\u00f5es incompar\u00e1veis e encantar os seus clientes com um produto de topo a um pre\u00e7o excelente. Aproveite esta oportunidade para se destacar da concorr\u00eancia e oferecer aos seus clientes uma experi\u00eancia de vaping de primeira.<\/p>\n<h4>Entrega fi\u00e1vel e segura<\/h4>\n<p>Para al\u00e9m dos excelentes pre\u00e7os de atacado, o nosso servi\u00e7o completo garante uma entrega segura e fi\u00e1vel. A Strawberry Watermelon ELF BOX LS15000 \u00e9 cuidadosamente embalada e entregue pontualmente, para que receba os produtos em perfeitas condi\u00e7\u00f5es. Confie na nossa log\u00edstica e desfrute de uma compra sem problemas, com qualidade e servi\u00e7o no centro.<\/p>\n<p>A Strawberry Watermelon 15000 Puffs ELF BOX LS15000 oferece n\u00e3o s\u00f3 uma experi\u00eancia de sabor excecional, mas tamb\u00e9m vantagens extraordin\u00e1rias em termos de durabilidade, tecnologia e rela\u00e7\u00e3o qualidade-pre\u00e7o. Fa\u00e7a deste best-seller o seu novo favorito e comprove por si pr\u00f3prio a sua qualidade e popularidade.<\/p>","protected":false},"excerpt":{"rendered":"<p>Die Strawberry Watermelon ELF BOX LS15000 bringt Sie auf eine geschmackliche Reise, die Sie nicht so schnell vergessen werden. Die Kombination aus der s\u00fc\u00dfen, saftigen Erdbeere und der erfrischenden Wassermelone schafft ein harmonisches Geschmackserlebnis, das Ihre Sinne belebt und erfrischt. Jeder Zug ist ein Genuss, der Ihnen die perfekte Balance zwischen fruchtiger S\u00fc\u00dfe und k\u00fchler [&hellip;]<\/p>","protected":false},"featured_media":13718,"template":"","meta":{"inline_featured_image":false},"product_cat":[15,78,747,740,734,753,716,732],"product_tag":[710,674],"tiered_pricing_type":"fixed","tiered_pricing_fixed_rules":{"110":"7.54","200":"6.68","500":"5.85"},"tiered_pricing_percentage_rules":[],"tiered_pricing_minimum":1,"_administrator_tiered_pricing_type":"fixed","_administrator_tiered_pricing_fixed_rules":[],"_editor_tiered_pricing_type":"fixed","_editor_tiered_pricing_fixed_rules":[],"_author_tiered_pricing_type":"fixed","_author_tiered_pricing_fixed_rules":[],"_contributor_tiered_pricing_type":"fixed","_contributor_tiered_pricing_fixed_rules":[],"_subscriber_tiered_pricing_type":"fixed","_subscriber_tiered_pricing_fixed_rules":[],"_customer_tiered_pricing_type":"fixed","_customer_tiered_pricing_fixed_rules":[],"_shop_manager_tiered_pricing_type":"fixed","_shop_manager_tiered_pricing_fixed_rules":[],"_wpseo_manager_tiered_pricing_type":"fixed","_wpseo_manager_tiered_pricing_fixed_rules":[],"_wpseo_editor_tiered_pricing_type":"fixed","_wpseo_editor_tiered_pricing_fixed_rules":[],"_wholesale_customer_tiered_pricing_type":"fixed","_wholesale_customer_tiered_pricing_fixed_rules":[],"_marketer_tiered_pricing_type":"fixed","_marketer_tiered_pricing_fixed_rules":[],"_sales_manager_tiered_pricing_type":"fixed","_sales_manager_tiered_pricing_fixed_rules":[],"_sales_rep_tiered_pricing_type":"fixed","_sales_rep_tiered_pricing_fixed_rules":[],"yoast_head":"<!-- This site is optimized with the Yoast SEO plugin v23.3 - https:\/\/yoast.com\/wordpress\/plugins\/seo\/ -->\n<title>Hei\u00df begehrte ELF BOX LS15000 in Strawberry Watermelon Qualit\u00e4t zum besten Preis 15000 puffs | ElementVape.de<\/title>\n<meta name=\"description\" content=\"Wir bieten Hei\u00df begehrte ELF BOX LS15000 in Strawberry Watermelon Qualit\u00e4t zum besten Preis 15000 puffs , Elementvape.de akzeptieren Gro\u00df-und Einzelhandel Bestellungen.\" \/>\n<meta name=\"robots\" content=\"index, follow, max-snippet:-1, max-image-preview:large, max-video-preview:-1\" \/>\n<link rel=\"canonical\" href=\"https:\/\/www.elementvape.de\/pt\/produkt\/heiss-begehrte-elf-box-ls15000-in-strawberry-watermelon-qualitaet-zum-besten-preis-15000-puffs\/\" \/>\n<meta property=\"og:locale\" content=\"pt_PT\" \/>\n<meta property=\"og:type\" content=\"article\" \/>\n<meta property=\"og:title\" content=\"Hei\u00df begehrte ELF BOX LS15000 in Strawberry Watermelon Qualit\u00e4t zum besten Preis 15000 puffs | ElementVape.de\" \/>\n<meta property=\"og:description\" content=\"Wir bieten Hei\u00df begehrte ELF BOX LS15000 in Strawberry Watermelon Qualit\u00e4t zum besten Preis 15000 puffs , Elementvape.de akzeptieren Gro\u00df-und Einzelhandel Bestellungen.\" \/>\n<meta property=\"og:url\" content=\"https:\/\/www.elementvape.de\/pt\/produkt\/heiss-begehrte-elf-box-ls15000-in-strawberry-watermelon-qualitaet-zum-besten-preis-15000-puffs\/\" \/>\n<meta property=\"og:site_name\" content=\"ElementVape.de\" \/>\n<meta property=\"article:modified_time\" content=\"2024-12-12T06:35:01+00:00\" \/>\n<meta property=\"og:image\" content=\"https:\/\/www.elementvape.de\/wp-content\/uploads\/2024\/08\/Strawberry-Watermelon.png\" \/>\n\t<meta property=\"og:image:width\" content=\"1000\" \/>\n\t<meta property=\"og:image:height\" content=\"1000\" \/>\n\t<meta property=\"og:image:type\" content=\"image\/png\" \/>\n<meta name=\"twitter:card\" content=\"summary_large_image\" \/>\n<meta name=\"twitter:label1\" content=\"Est. reading time\" \/>\n\t<meta name=\"twitter:data1\" content=\"4 minutos\" \/>\n<script type=\"application\/ld+json\" class=\"yoast-schema-graph\">{\"@context\":\"https:\/\/schema.org\",\"@graph\":[{\"@type\":\"WebPage\",\"@id\":\"https:\/\/www.elementvape.de\/es\/produkt\/heiss-begehrte-elf-box-ls15000-in-strawberry-watermelon-qualitaet-zum-besten-preis-15000-puffs\/\",\"url\":\"https:\/\/www.elementvape.de\/es\/produkt\/heiss-begehrte-elf-box-ls15000-in-strawberry-watermelon-qualitaet-zum-besten-preis-15000-puffs\/\",\"name\":\"Hei\u00df begehrte ELF BOX LS15000 in Strawberry Watermelon Qualit\u00e4t zum besten Preis 15000 puffs | ElementVape.de\",\"isPartOf\":{\"@id\":\"https:\/\/www.elementvape.de\/#website\"},\"primaryImageOfPage\":{\"@id\":\"https:\/\/www.elementvape.de\/es\/produkt\/heiss-begehrte-elf-box-ls15000-in-strawberry-watermelon-qualitaet-zum-besten-preis-15000-puffs\/#primaryimage\"},\"image\":{\"@id\":\"https:\/\/www.elementvape.de\/es\/produkt\/heiss-begehrte-elf-box-ls15000-in-strawberry-watermelon-qualitaet-zum-besten-preis-15000-puffs\/#primaryimage\"},\"thumbnailUrl\":\"https:\/\/www.elementvape.de\/wp-content\/uploads\/2024\/08\/Strawberry-Watermelon.png\",\"datePublished\":\"2024-08-09T08:42:50+00:00\",\"dateModified\":\"2024-12-12T06:35:01+00:00\",\"description\":\"Wir bieten Hei\u00df begehrte ELF BOX LS15000 in Strawberry Watermelon Qualit\u00e4t zum besten Preis 15000 puffs , Elementvape.de akzeptieren Gro\u00df-und Einzelhandel Bestellungen.\",\"breadcrumb\":{\"@id\":\"https:\/\/www.elementvape.de\/es\/produkt\/heiss-begehrte-elf-box-ls15000-in-strawberry-watermelon-qualitaet-zum-besten-preis-15000-puffs\/#breadcrumb\"},\"inLanguage\":\"pt-PT\",\"potentialAction\":[{\"@type\":\"ReadAction\",\"target\":[\"https:\/\/www.elementvape.de\/es\/produkt\/heiss-begehrte-elf-box-ls15000-in-strawberry-watermelon-qualitaet-zum-besten-preis-15000-puffs\/\"]}]},{\"@type\":\"ImageObject\",\"inLanguage\":\"pt-PT\",\"@id\":\"https:\/\/www.elementvape.de\/es\/produkt\/heiss-begehrte-elf-box-ls15000-in-strawberry-watermelon-qualitaet-zum-besten-preis-15000-puffs\/#primaryimage\",\"url\":\"https:\/\/www.elementvape.de\/wp-content\/uploads\/2024\/08\/Strawberry-Watermelon.png\",\"contentUrl\":\"https:\/\/www.elementvape.de\/wp-content\/uploads\/2024\/08\/Strawberry-Watermelon.png\",\"width\":1000,\"height\":1000,\"caption\":\"Strawberry Watermelon\"},{\"@type\":\"BreadcrumbList\",\"@id\":\"https:\/\/www.elementvape.de\/es\/produkt\/heiss-begehrte-elf-box-ls15000-in-strawberry-watermelon-qualitaet-zum-besten-preis-15000-puffs\/#breadcrumb\",\"itemListElement\":[{\"@type\":\"ListItem\",\"position\":1,\"name\":\"Home\",\"item\":\"https:\/\/www.elementvape.de\/\"},{\"@type\":\"ListItem\",\"position\":2,\"name\":\"Shop\",\"item\":\"https:\/\/www.elementvape.de\/shop\/\"},{\"@type\":\"ListItem\",\"position\":3,\"name\":\"Hei\u00df begehrte ELF BOX LS15000 in Strawberry Watermelon Qualit\u00e4t zum besten Preis 15000 puffs\"}]},{\"@type\":\"WebSite\",\"@id\":\"https:\/\/www.elementvape.de\/#website\",\"url\":\"https:\/\/www.elementvape.de\/\",\"name\":\"ElementVape.de\",\"description\":\"\",\"publisher\":{\"@id\":\"https:\/\/www.elementvape.de\/#organization\"},\"potentialAction\":[{\"@type\":\"SearchAction\",\"target\":{\"@type\":\"EntryPoint\",\"urlTemplate\":\"https:\/\/www.elementvape.de\/?s={search_term_string}\"},\"query-input\":\"required name=search_term_string\"}],\"inLanguage\":\"pt-PT\"},{\"@type\":\"Organization\",\"@id\":\"https:\/\/www.elementvape.de\/#organization\",\"name\":\"ElementVape.DE\",\"url\":\"https:\/\/www.elementvape.de\/\",\"logo\":{\"@type\":\"ImageObject\",\"inLanguage\":\"pt-PT\",\"@id\":\"https:\/\/www.elementvape.de\/#\/schema\/logo\/image\/\",\"url\":\"https:\/\/www.elementvape.de\/wp-content\/uploads\/2024\/09\/cropped-1elementvape-3.png\",\"contentUrl\":\"https:\/\/www.elementvape.de\/wp-content\/uploads\/2024\/09\/cropped-1elementvape-3.png\",\"width\":285,\"height\":228,\"caption\":\"ElementVape.DE\"},\"image\":{\"@id\":\"https:\/\/www.elementvape.de\/#\/schema\/logo\/image\/\"}}]}<\/script>\n<!-- \/ Yoast SEO plugin. -->","yoast_head_json":{"title":"Hei\u00df begehrte ELF BOX LS15000 in Strawberry Watermelon Qualit\u00e4t zum besten Preis 15000 puffs | ElementVape.de","description":"Wir bieten Hei\u00df begehrte ELF BOX LS15000 in Strawberry Watermelon Qualit\u00e4t zum besten Preis 15000 puffs , Elementvape.de akzeptieren Gro\u00df-und Einzelhandel Bestellungen.","robots":{"index":"index","follow":"follow","max-snippet":"max-snippet:-1","max-image-preview":"max-image-preview:large","max-video-preview":"max-video-preview:-1"},"canonical":"https:\/\/www.elementvape.de\/pt\/produkt\/heiss-begehrte-elf-box-ls15000-in-strawberry-watermelon-qualitaet-zum-besten-preis-15000-puffs\/","og_locale":"pt_PT","og_type":"article","og_title":"Hei\u00df begehrte ELF BOX LS15000 in Strawberry Watermelon Qualit\u00e4t zum besten Preis 15000 puffs | ElementVape.de","og_description":"Wir bieten Hei\u00df begehrte ELF BOX LS15000 in Strawberry Watermelon Qualit\u00e4t zum besten Preis 15000 puffs , Elementvape.de akzeptieren Gro\u00df-und Einzelhandel Bestellungen.","og_url":"https:\/\/www.elementvape.de\/pt\/produkt\/heiss-begehrte-elf-box-ls15000-in-strawberry-watermelon-qualitaet-zum-besten-preis-15000-puffs\/","og_site_name":"ElementVape.de","article_modified_time":"2024-12-12T06:35:01+00:00","og_image":[{"width":1000,"height":1000,"url":"https:\/\/www.elementvape.de\/wp-content\/uploads\/2024\/08\/Strawberry-Watermelon.png","type":"image\/png"}],"twitter_card":"summary_large_image","twitter_misc":{"Est. reading time":"4 minutos"},"schema":{"@context":"https:\/\/schema.org","@graph":[{"@type":"WebPage","@id":"https:\/\/www.elementvape.de\/es\/produkt\/heiss-begehrte-elf-box-ls15000-in-strawberry-watermelon-qualitaet-zum-besten-preis-15000-puffs\/","url":"https:\/\/www.elementvape.de\/es\/produkt\/heiss-begehrte-elf-box-ls15000-in-strawberry-watermelon-qualitaet-zum-besten-preis-15000-puffs\/","name":"Hei\u00df begehrte ELF BOX LS15000 in Strawberry Watermelon Qualit\u00e4t zum besten Preis 15000 puffs | ElementVape.de","isPartOf":{"@id":"https:\/\/www.elementvape.de\/#website"},"primaryImageOfPage":{"@id":"https:\/\/www.elementvape.de\/es\/produkt\/heiss-begehrte-elf-box-ls15000-in-strawberry-watermelon-qualitaet-zum-besten-preis-15000-puffs\/#primaryimage"},"image":{"@id":"https:\/\/www.elementvape.de\/es\/produkt\/heiss-begehrte-elf-box-ls15000-in-strawberry-watermelon-qualitaet-zum-besten-preis-15000-puffs\/#primaryimage"},"thumbnailUrl":"https:\/\/www.elementvape.de\/wp-content\/uploads\/2024\/08\/Strawberry-Watermelon.png","datePublished":"2024-08-09T08:42:50+00:00","dateModified":"2024-12-12T06:35:01+00:00","description":"Wir bieten Hei\u00df begehrte ELF BOX LS15000 in Strawberry Watermelon Qualit\u00e4t zum besten Preis 15000 puffs , Elementvape.de akzeptieren Gro\u00df-und Einzelhandel Bestellungen.","breadcrumb":{"@id":"https:\/\/www.elementvape.de\/es\/produkt\/heiss-begehrte-elf-box-ls15000-in-strawberry-watermelon-qualitaet-zum-besten-preis-15000-puffs\/#breadcrumb"},"inLanguage":"pt-PT","potentialAction":[{"@type":"ReadAction","target":["https:\/\/www.elementvape.de\/es\/produkt\/heiss-begehrte-elf-box-ls15000-in-strawberry-watermelon-qualitaet-zum-besten-preis-15000-puffs\/"]}]},{"@type":"ImageObject","inLanguage":"pt-PT","@id":"https:\/\/www.elementvape.de\/es\/produkt\/heiss-begehrte-elf-box-ls15000-in-strawberry-watermelon-qualitaet-zum-besten-preis-15000-puffs\/#primaryimage","url":"https:\/\/www.elementvape.de\/wp-content\/uploads\/2024\/08\/Strawberry-Watermelon.png","contentUrl":"https:\/\/www.elementvape.de\/wp-content\/uploads\/2024\/08\/Strawberry-Watermelon.png","width":1000,"height":1000,"caption":"Strawberry Watermelon"},{"@type":"BreadcrumbList","@id":"https:\/\/www.elementvape.de\/es\/produkt\/heiss-begehrte-elf-box-ls15000-in-strawberry-watermelon-qualitaet-zum-besten-preis-15000-puffs\/#breadcrumb","itemListElement":[{"@type":"ListItem","position":1,"name":"Home","item":"https:\/\/www.elementvape.de\/"},{"@type":"ListItem","position":2,"name":"Shop","item":"https:\/\/www.elementvape.de\/shop\/"},{"@type":"ListItem","position":3,"name":"Hei\u00df begehrte ELF BOX LS15000 in Strawberry Watermelon Qualit\u00e4t zum besten Preis 15000 puffs"}]},{"@type":"WebSite","@id":"https:\/\/www.elementvape.de\/#website","url":"https:\/\/www.elementvape.de\/","name":"ElementVape.de","description":"","publisher":{"@id":"https:\/\/www.elementvape.de\/#organization"},"potentialAction":[{"@type":"SearchAction","target":{"@type":"EntryPoint","urlTemplate":"https:\/\/www.elementvape.de\/?s={search_term_string}"},"query-input":"required name=search_term_string"}],"inLanguage":"pt-PT"},{"@type":"Organization","@id":"https:\/\/www.elementvape.de\/#organization","name":"ElementVape.DE","url":"https:\/\/www.elementvape.de\/","logo":{"@type":"ImageObject","inLanguage":"pt-PT","@id":"https:\/\/www.elementvape.de\/#\/schema\/logo\/image\/","url":"https:\/\/www.elementvape.de\/wp-content\/uploads\/2024\/09\/cropped-1elementvape-3.png","contentUrl":"https:\/\/www.elementvape.de\/wp-content\/uploads\/2024\/09\/cropped-1elementvape-3.png","width":285,"height":228,"caption":"ElementVape.DE"},"image":{"@id":"https:\/\/www.elementvape.de\/#\/schema\/logo\/image\/"}}]}},"_links":{"self":[{"href":"https:\/\/www.elementvape.de\/pt\/wp-json\/wp\/v2\/product\/13717"}],"collection":[{"href":"https:\/\/www.elementvape.de\/pt\/wp-json\/wp\/v2\/product"}],"about":[{"href":"https:\/\/www.elementvape.de\/pt\/wp-json\/wp\/v2\/types\/product"}],"wp:featuredmedia":[{"embeddable":true,"href":"https:\/\/www.elementvape.de\/pt\/wp-json\/wp\/v2\/media\/13718"}],"wp:attachment":[{"href":"https:\/\/www.elementvape.de\/pt\/wp-json\/wp\/v2\/media?parent=13717"}],"wp:term":[{"taxonomy":"product_cat","embeddable":true,"href":"https:\/\/www.elementvape.de\/pt\/wp-json\/wp\/v2\/product_cat?post=13717"},{"taxonomy":"product_tag","embeddable":true,"href":"https:\/\/www.elementvape.de\/pt\/wp-json\/wp\/v2\/product_tag?post=13717"}],"curies":[{"name":"wp","href":"https:\/\/api.w.org\/{rel}","templated":true}]}}