{"id":13673,"date":"2024-08-06T09:17:31","date_gmt":"2024-08-06T09:17:31","guid":{"rendered":"https:\/\/www.elementvape.de\/?post_type=product&#038;p=13673"},"modified":"2024-12-12T06:35:09","modified_gmt":"2024-12-12T06:35:09","slug":"elf-box-digital-12000-grosshandel-elektronische-einwegzigarette-12000-zuege-blueberry-sour-raspberry","status":"publish","type":"product","link":"https:\/\/www.elementvape.de\/pt\/produkt\/elf-box-digital-12000-grosshandel-elektronische-einwegzigarette-12000-zuege-blueberry-sour-raspberry\/","title":{"rendered":"ELF BOX Digital 12000 Atacado de cigarro eletr\u00f4nico descart\u00e1vel 12000 tragos Blueberry Sour Raspberry"},"content":{"rendered":"<h2 style=\"text-align: center;\">ELF BOX Digital 12000 Atacado: Cigarro eletr\u00f4nico descart\u00e1vel com 12000 tragos no sabor Blueberry Sour Raspberry<\/h2>\n<p>&nbsp;<\/p>\n<table style=\"font-size: 16px;\" data-immersive-translate-walked=\"3a5baa44-603f-41c0-bb94-c8ef0385e903\">\n<thead data-immersive-translate-walked=\"3a5baa44-603f-41c0-bb94-c8ef0385e903\">\n<tr data-immersive-translate-walked=\"3a5baa44-603f-41c0-bb94-c8ef0385e903\">\n<th data-immersive-translate-walked=\"3a5baa44-603f-41c0-bb94-c8ef0385e903\">Especifica\u00e7\u00e3o<\/th>\n<th data-immersive-translate-walked=\"3a5baa44-603f-41c0-bb94-c8ef0385e903\">Detalhes<\/th>\n<\/tr>\n<\/thead>\n<tbody data-immersive-translate-walked=\"3a5baa44-603f-41c0-bb94-c8ef0385e903\">\n<tr data-immersive-translate-walked=\"3a5baa44-603f-41c0-bb94-c8ef0385e903\">\n<td data-immersive-translate-walked=\"3a5baa44-603f-41c0-bb94-c8ef0385e903\"><strong data-immersive-translate-walked=\"3a5baa44-603f-41c0-bb94-c8ef0385e903\">Puffs<\/strong><\/td>\n<td data-immersive-translate-walked=\"3a5baa44-603f-41c0-bb94-c8ef0385e903\">12000 puxadas<\/td>\n<\/tr>\n<tr data-immersive-translate-walked=\"3a5baa44-603f-41c0-bb94-c8ef0385e903\">\n<td data-immersive-translate-walked=\"3a5baa44-603f-41c0-bb94-c8ef0385e903\"><strong data-immersive-translate-walked=\"3a5baa44-603f-41c0-bb94-c8ef0385e903\">N\u00facleo<\/strong><\/td>\n<td data-immersive-translate-walked=\"3a5baa44-603f-41c0-bb94-c8ef0385e903\">Mesh-Coil, 0,8 Ohm<\/td>\n<\/tr>\n<tr data-immersive-translate-walked=\"3a5baa44-603f-41c0-bb94-c8ef0385e903\">\n<td data-immersive-translate-walked=\"3a5baa44-603f-41c0-bb94-c8ef0385e903\"><strong data-immersive-translate-walked=\"3a5baa44-603f-41c0-bb94-c8ef0385e903\">Capacidade de E-L\u00edquido<\/strong><\/td>\n<td data-immersive-translate-walked=\"3a5baa44-603f-41c0-bb94-c8ef0385e903\">25 ml<\/td>\n<\/tr>\n<tr>\n<td><strong>N<\/strong><\/td>\n<td>2%, 5%<\/td>\n<\/tr>\n<tr>\n<td><strong>Bateria<\/strong><\/td>\n<td>13350-500mAh, recarreg\u00e1vel via Type-C<\/td>\n<\/tr>\n<tr>\n<td><strong>Display<\/strong><\/td>\n<td>Digital, mostra o n\u00edvel de \u00f3leo e bateria<\/td>\n<\/tr>\n<tr>\n<td><strong>Peso do produto<\/strong><\/td>\n<td>82 gramas<\/td>\n<\/tr>\n<tr>\n<td><strong>Tamanho do produto<\/strong><\/td>\n<td>30 mm x 57 mm x 101 mm<\/td>\n<\/tr>\n<\/tbody>\n<\/table>\n<h3 style=\"text-align: center;\">Tecnologia e sabor excecionais<\/h3>\n<p>O ELF BOX Digital 12000 Atacado, cigarro eletr\u00f4nico descart\u00e1vel com 12000 tragos no sabor Blueberry Sour Raspberry, oferece uma experi\u00eancia de vaporiza\u00e7\u00e3o de primeira classe. Este cigarro eletr\u00f4nico combina tecnologia de ponta com um sabor frutado refrescante que encanta os sentidos. Com uma capacidade impressionante de 12000 tragos por dispositivo, \u00e9 a escolha ideal para entusiastas de vaping que preferem uso prolongado e intenso.<\/p>\n<p>O ELF BOX Digital 12000 Vape utiliza uma Mesh-Coil de 0,8 Ohm, que garante uma vaporiza\u00e7\u00e3o uniforme e eficiente do E-L\u00edquido. A generosa capacidade de 25 ml de E-L\u00edquido e as diferentes op\u00e7\u00f5es N (2%, 5%) permitem uma personaliza\u00e7\u00e3o de acordo com as prefer\u00eancias de cada utilizador. A bateria recarreg\u00e1vel de 13350-500mAh com op\u00e7\u00e3o de carregamento Type-C assegura uma recarga r\u00e1pida e f\u00e1cil. O display digital, que indica o n\u00edvel de \u00f3leo e bateria, facilita o uso e garante que esteja sempre informado.<\/p>\n<h3 style=\"text-align: center;\">Leve e port\u00e1til para uso di\u00e1rio<\/h3>\n<p>Com um peso de apenas 82 gramas e dimens\u00f5es compactas de 30 mm x 57 mm x 101 mm, o ELF BOX Digital 12000 \u00e9 leve e f\u00e1cil de transportar, tornando-se a escolha perfeita para levar consigo. A embalagem robusta em cart\u00e3o com 200 unidades e peso total de 17,5 kg garante que o produto chegue em perfeitas condi\u00e7\u00f5es, tanto para compradores individuais quanto para grossistas.<\/p>\n<p>O sabor Blueberry Sour Raspberry oferece uma mistura refrescante de mirtilos doces e framboesas azedas, tornando cada tragada uma experi\u00eancia intensa e agrad\u00e1vel. Esta combina\u00e7\u00e3o de desempenho excecional e sabor delicioso faz do ELF BOX Digital 12000 a melhor escolha para quem deseja tirar o m\u00e1ximo proveito da sua experi\u00eancia de vaporiza\u00e7\u00e3o. Seja iniciante ou vaporizador experiente, este dispositivo superar\u00e1 as suas expectativas e proporcionar\u00e1 uma experi\u00eancia inesquec\u00edvel.<\/p>","protected":false},"excerpt":{"rendered":"<p>ELF BOX Digital 12000 Gro\u00dfhandel: Elektronische Einwegzigarette mit 12000 Z\u00fcgen im Geschmack Blueberry Sour Raspberry &nbsp; Spezifikation Details Puffs 12000 Z\u00fcge Core Mesh-Coil, 0,8 Ohm E-Liquid Kapazit\u00e4t 25 ml N 2%, 5% Batterie 13350-500mAh, wiederaufladbar via Type-C Anzeige Digital, zeigt \u00d6l- und Batteriestand Produktgewicht 82 Gramm Produktgr\u00f6\u00dfe 30 mm x 57 mm x 101 mm [&hellip;]<\/p>","protected":false},"featured_media":13674,"template":"","meta":{"inline_featured_image":false},"product_cat":[15,78,747,740,734,753,715,732],"product_tag":[710,673],"tiered_pricing_type":"fixed","tiered_pricing_fixed_rules":{"110":"7.00","200":"6.22","500":"5.45"},"tiered_pricing_percentage_rules":[],"tiered_pricing_minimum":1,"_administrator_tiered_pricing_type":"fixed","_administrator_tiered_pricing_fixed_rules":[],"_editor_tiered_pricing_type":"fixed","_editor_tiered_pricing_fixed_rules":[],"_author_tiered_pricing_type":"fixed","_author_tiered_pricing_fixed_rules":[],"_contributor_tiered_pricing_type":"fixed","_contributor_tiered_pricing_fixed_rules":[],"_subscriber_tiered_pricing_type":"fixed","_subscriber_tiered_pricing_fixed_rules":[],"_customer_tiered_pricing_type":"fixed","_customer_tiered_pricing_fixed_rules":[],"_shop_manager_tiered_pricing_type":"fixed","_shop_manager_tiered_pricing_fixed_rules":[],"_wpseo_manager_tiered_pricing_type":"fixed","_wpseo_manager_tiered_pricing_fixed_rules":[],"_wpseo_editor_tiered_pricing_type":"fixed","_wpseo_editor_tiered_pricing_fixed_rules":[],"_wholesale_customer_tiered_pricing_type":"fixed","_wholesale_customer_tiered_pricing_fixed_rules":[],"_marketer_tiered_pricing_type":"fixed","_marketer_tiered_pricing_fixed_rules":[],"_sales_manager_tiered_pricing_type":"fixed","_sales_manager_tiered_pricing_fixed_rules":[],"_sales_rep_tiered_pricing_type":"fixed","_sales_rep_tiered_pricing_fixed_rules":[],"yoast_head":"<!-- This site is optimized with the Yoast SEO plugin v23.3 - https:\/\/yoast.com\/wordpress\/plugins\/seo\/ -->\n<title>ELF BOX Digital 12000 Gro\u00dfhandel elektronische Einwegzigarette 12000 Z\u00fcge Blueberry Sour Raspberry | ElementVape.de<\/title>\n<meta name=\"description\" content=\"Wir bieten ELF BOX Digital 12000 Gro\u00dfhandel elektronische Einwegzigarette 12000 Z\u00fcge Blueberry Sour Raspberry , Elementvape.de akzeptieren Gro\u00df-und Einzelhandel Bestellungen.\" \/>\n<meta name=\"robots\" content=\"index, follow, max-snippet:-1, max-image-preview:large, max-video-preview:-1\" \/>\n<link rel=\"canonical\" href=\"https:\/\/www.elementvape.de\/pt\/produkt\/elf-box-digital-12000-grosshandel-elektronische-einwegzigarette-12000-zuege-blueberry-sour-raspberry\/\" \/>\n<meta property=\"og:locale\" content=\"pt_PT\" \/>\n<meta property=\"og:type\" content=\"article\" \/>\n<meta property=\"og:title\" content=\"ELF BOX Digital 12000 Gro\u00dfhandel elektronische Einwegzigarette 12000 Z\u00fcge Blueberry Sour Raspberry | ElementVape.de\" \/>\n<meta property=\"og:description\" content=\"Wir bieten ELF BOX Digital 12000 Gro\u00dfhandel elektronische Einwegzigarette 12000 Z\u00fcge Blueberry Sour Raspberry , Elementvape.de akzeptieren Gro\u00df-und Einzelhandel Bestellungen.\" \/>\n<meta property=\"og:url\" content=\"https:\/\/www.elementvape.de\/pt\/produkt\/elf-box-digital-12000-grosshandel-elektronische-einwegzigarette-12000-zuege-blueberry-sour-raspberry\/\" \/>\n<meta property=\"og:site_name\" content=\"ElementVape.de\" \/>\n<meta property=\"article:modified_time\" content=\"2024-12-12T06:35:09+00:00\" \/>\n<meta property=\"og:image\" content=\"https:\/\/www.elementvape.de\/wp-content\/uploads\/2024\/08\/Blueberry-Sour-Raspberry-\u84dd\u8393\u9178\u6885.jpg\" \/>\n\t<meta property=\"og:image:width\" content=\"1000\" \/>\n\t<meta property=\"og:image:height\" content=\"1000\" \/>\n\t<meta property=\"og:image:type\" content=\"image\/jpeg\" \/>\n<meta name=\"twitter:card\" content=\"summary_large_image\" \/>\n<meta name=\"twitter:label1\" content=\"Est. reading time\" \/>\n\t<meta name=\"twitter:data1\" content=\"3 minutos\" \/>\n<script type=\"application\/ld+json\" class=\"yoast-schema-graph\">{\"@context\":\"https:\/\/schema.org\",\"@graph\":[{\"@type\":\"WebPage\",\"@id\":\"https:\/\/www.elementvape.de\/produkt\/elf-box-digital-12000-grosshandel-elektronische-einwegzigarette-12000-zuege-blueberry-sour-raspberry\/\",\"url\":\"https:\/\/www.elementvape.de\/produkt\/elf-box-digital-12000-grosshandel-elektronische-einwegzigarette-12000-zuege-blueberry-sour-raspberry\/\",\"name\":\"ELF BOX Digital 12000 Gro\u00dfhandel elektronische Einwegzigarette 12000 Z\u00fcge Blueberry Sour Raspberry | ElementVape.de\",\"isPartOf\":{\"@id\":\"https:\/\/www.elementvape.de\/#website\"},\"primaryImageOfPage\":{\"@id\":\"https:\/\/www.elementvape.de\/produkt\/elf-box-digital-12000-grosshandel-elektronische-einwegzigarette-12000-zuege-blueberry-sour-raspberry\/#primaryimage\"},\"image\":{\"@id\":\"https:\/\/www.elementvape.de\/produkt\/elf-box-digital-12000-grosshandel-elektronische-einwegzigarette-12000-zuege-blueberry-sour-raspberry\/#primaryimage\"},\"thumbnailUrl\":\"https:\/\/www.elementvape.de\/wp-content\/uploads\/2024\/08\/Blueberry-Sour-Raspberry-\u84dd\u8393\u9178\u6885.jpg\",\"datePublished\":\"2024-08-06T09:17:31+00:00\",\"dateModified\":\"2024-12-12T06:35:09+00:00\",\"description\":\"Wir bieten ELF BOX Digital 12000 Gro\u00dfhandel elektronische Einwegzigarette 12000 Z\u00fcge Blueberry Sour Raspberry , Elementvape.de akzeptieren Gro\u00df-und Einzelhandel Bestellungen.\",\"breadcrumb\":{\"@id\":\"https:\/\/www.elementvape.de\/produkt\/elf-box-digital-12000-grosshandel-elektronische-einwegzigarette-12000-zuege-blueberry-sour-raspberry\/#breadcrumb\"},\"inLanguage\":\"pt-PT\",\"potentialAction\":[{\"@type\":\"ReadAction\",\"target\":[\"https:\/\/www.elementvape.de\/produkt\/elf-box-digital-12000-grosshandel-elektronische-einwegzigarette-12000-zuege-blueberry-sour-raspberry\/\"]}]},{\"@type\":\"ImageObject\",\"inLanguage\":\"pt-PT\",\"@id\":\"https:\/\/www.elementvape.de\/produkt\/elf-box-digital-12000-grosshandel-elektronische-einwegzigarette-12000-zuege-blueberry-sour-raspberry\/#primaryimage\",\"url\":\"https:\/\/www.elementvape.de\/wp-content\/uploads\/2024\/08\/Blueberry-Sour-Raspberry-\u84dd\u8393\u9178\u6885.jpg\",\"contentUrl\":\"https:\/\/www.elementvape.de\/wp-content\/uploads\/2024\/08\/Blueberry-Sour-Raspberry-\u84dd\u8393\u9178\u6885.jpg\",\"width\":1000,\"height\":1000,\"caption\":\"Blueberry Sour Raspberry\"},{\"@type\":\"BreadcrumbList\",\"@id\":\"https:\/\/www.elementvape.de\/produkt\/elf-box-digital-12000-grosshandel-elektronische-einwegzigarette-12000-zuege-blueberry-sour-raspberry\/#breadcrumb\",\"itemListElement\":[{\"@type\":\"ListItem\",\"position\":1,\"name\":\"Home\",\"item\":\"https:\/\/www.elementvape.de\/\"},{\"@type\":\"ListItem\",\"position\":2,\"name\":\"Shop\",\"item\":\"https:\/\/www.elementvape.de\/shop\/\"},{\"@type\":\"ListItem\",\"position\":3,\"name\":\"ELF BOX Digital 12000 Gro\u00dfhandel elektronische Einwegzigarette 12000 Z\u00fcge Blueberry Sour Raspberry\"}]},{\"@type\":\"WebSite\",\"@id\":\"https:\/\/www.elementvape.de\/#website\",\"url\":\"https:\/\/www.elementvape.de\/\",\"name\":\"ElementVape.de\",\"description\":\"\",\"publisher\":{\"@id\":\"https:\/\/www.elementvape.de\/#organization\"},\"potentialAction\":[{\"@type\":\"SearchAction\",\"target\":{\"@type\":\"EntryPoint\",\"urlTemplate\":\"https:\/\/www.elementvape.de\/?s={search_term_string}\"},\"query-input\":\"required name=search_term_string\"}],\"inLanguage\":\"pt-PT\"},{\"@type\":\"Organization\",\"@id\":\"https:\/\/www.elementvape.de\/#organization\",\"name\":\"ElementVape.DE\",\"url\":\"https:\/\/www.elementvape.de\/\",\"logo\":{\"@type\":\"ImageObject\",\"inLanguage\":\"pt-PT\",\"@id\":\"https:\/\/www.elementvape.de\/#\/schema\/logo\/image\/\",\"url\":\"https:\/\/www.elementvape.de\/wp-content\/uploads\/2024\/09\/cropped-1elementvape-3.png\",\"contentUrl\":\"https:\/\/www.elementvape.de\/wp-content\/uploads\/2024\/09\/cropped-1elementvape-3.png\",\"width\":285,\"height\":228,\"caption\":\"ElementVape.DE\"},\"image\":{\"@id\":\"https:\/\/www.elementvape.de\/#\/schema\/logo\/image\/\"}}]}<\/script>\n<!-- \/ Yoast SEO plugin. -->","yoast_head_json":{"title":"ELF BOX Digital 12000 Gro\u00dfhandel elektronische Einwegzigarette 12000 Z\u00fcge Blueberry Sour Raspberry | ElementVape.de","description":"Wir bieten ELF BOX Digital 12000 Gro\u00dfhandel elektronische Einwegzigarette 12000 Z\u00fcge Blueberry Sour Raspberry , Elementvape.de akzeptieren Gro\u00df-und Einzelhandel Bestellungen.","robots":{"index":"index","follow":"follow","max-snippet":"max-snippet:-1","max-image-preview":"max-image-preview:large","max-video-preview":"max-video-preview:-1"},"canonical":"https:\/\/www.elementvape.de\/pt\/produkt\/elf-box-digital-12000-grosshandel-elektronische-einwegzigarette-12000-zuege-blueberry-sour-raspberry\/","og_locale":"pt_PT","og_type":"article","og_title":"ELF BOX Digital 12000 Gro\u00dfhandel elektronische Einwegzigarette 12000 Z\u00fcge Blueberry Sour Raspberry | ElementVape.de","og_description":"Wir bieten ELF BOX Digital 12000 Gro\u00dfhandel elektronische Einwegzigarette 12000 Z\u00fcge Blueberry Sour Raspberry , Elementvape.de akzeptieren Gro\u00df-und Einzelhandel Bestellungen.","og_url":"https:\/\/www.elementvape.de\/pt\/produkt\/elf-box-digital-12000-grosshandel-elektronische-einwegzigarette-12000-zuege-blueberry-sour-raspberry\/","og_site_name":"ElementVape.de","article_modified_time":"2024-12-12T06:35:09+00:00","og_image":[{"width":1000,"height":1000,"url":"https:\/\/www.elementvape.de\/wp-content\/uploads\/2024\/08\/Blueberry-Sour-Raspberry-\u84dd\u8393\u9178\u6885.jpg","type":"image\/jpeg"}],"twitter_card":"summary_large_image","twitter_misc":{"Est. reading time":"3 minutos"},"schema":{"@context":"https:\/\/schema.org","@graph":[{"@type":"WebPage","@id":"https:\/\/www.elementvape.de\/produkt\/elf-box-digital-12000-grosshandel-elektronische-einwegzigarette-12000-zuege-blueberry-sour-raspberry\/","url":"https:\/\/www.elementvape.de\/produkt\/elf-box-digital-12000-grosshandel-elektronische-einwegzigarette-12000-zuege-blueberry-sour-raspberry\/","name":"ELF BOX Digital 12000 Gro\u00dfhandel elektronische Einwegzigarette 12000 Z\u00fcge Blueberry Sour Raspberry | ElementVape.de","isPartOf":{"@id":"https:\/\/www.elementvape.de\/#website"},"primaryImageOfPage":{"@id":"https:\/\/www.elementvape.de\/produkt\/elf-box-digital-12000-grosshandel-elektronische-einwegzigarette-12000-zuege-blueberry-sour-raspberry\/#primaryimage"},"image":{"@id":"https:\/\/www.elementvape.de\/produkt\/elf-box-digital-12000-grosshandel-elektronische-einwegzigarette-12000-zuege-blueberry-sour-raspberry\/#primaryimage"},"thumbnailUrl":"https:\/\/www.elementvape.de\/wp-content\/uploads\/2024\/08\/Blueberry-Sour-Raspberry-\u84dd\u8393\u9178\u6885.jpg","datePublished":"2024-08-06T09:17:31+00:00","dateModified":"2024-12-12T06:35:09+00:00","description":"Wir bieten ELF BOX Digital 12000 Gro\u00dfhandel elektronische Einwegzigarette 12000 Z\u00fcge Blueberry Sour Raspberry , Elementvape.de akzeptieren Gro\u00df-und Einzelhandel Bestellungen.","breadcrumb":{"@id":"https:\/\/www.elementvape.de\/produkt\/elf-box-digital-12000-grosshandel-elektronische-einwegzigarette-12000-zuege-blueberry-sour-raspberry\/#breadcrumb"},"inLanguage":"pt-PT","potentialAction":[{"@type":"ReadAction","target":["https:\/\/www.elementvape.de\/produkt\/elf-box-digital-12000-grosshandel-elektronische-einwegzigarette-12000-zuege-blueberry-sour-raspberry\/"]}]},{"@type":"ImageObject","inLanguage":"pt-PT","@id":"https:\/\/www.elementvape.de\/produkt\/elf-box-digital-12000-grosshandel-elektronische-einwegzigarette-12000-zuege-blueberry-sour-raspberry\/#primaryimage","url":"https:\/\/www.elementvape.de\/wp-content\/uploads\/2024\/08\/Blueberry-Sour-Raspberry-\u84dd\u8393\u9178\u6885.jpg","contentUrl":"https:\/\/www.elementvape.de\/wp-content\/uploads\/2024\/08\/Blueberry-Sour-Raspberry-\u84dd\u8393\u9178\u6885.jpg","width":1000,"height":1000,"caption":"Blueberry Sour Raspberry"},{"@type":"BreadcrumbList","@id":"https:\/\/www.elementvape.de\/produkt\/elf-box-digital-12000-grosshandel-elektronische-einwegzigarette-12000-zuege-blueberry-sour-raspberry\/#breadcrumb","itemListElement":[{"@type":"ListItem","position":1,"name":"Home","item":"https:\/\/www.elementvape.de\/"},{"@type":"ListItem","position":2,"name":"Shop","item":"https:\/\/www.elementvape.de\/shop\/"},{"@type":"ListItem","position":3,"name":"ELF BOX Digital 12000 Gro\u00dfhandel elektronische Einwegzigarette 12000 Z\u00fcge Blueberry Sour Raspberry"}]},{"@type":"WebSite","@id":"https:\/\/www.elementvape.de\/#website","url":"https:\/\/www.elementvape.de\/","name":"ElementVape.de","description":"","publisher":{"@id":"https:\/\/www.elementvape.de\/#organization"},"potentialAction":[{"@type":"SearchAction","target":{"@type":"EntryPoint","urlTemplate":"https:\/\/www.elementvape.de\/?s={search_term_string}"},"query-input":"required name=search_term_string"}],"inLanguage":"pt-PT"},{"@type":"Organization","@id":"https:\/\/www.elementvape.de\/#organization","name":"ElementVape.DE","url":"https:\/\/www.elementvape.de\/","logo":{"@type":"ImageObject","inLanguage":"pt-PT","@id":"https:\/\/www.elementvape.de\/#\/schema\/logo\/image\/","url":"https:\/\/www.elementvape.de\/wp-content\/uploads\/2024\/09\/cropped-1elementvape-3.png","contentUrl":"https:\/\/www.elementvape.de\/wp-content\/uploads\/2024\/09\/cropped-1elementvape-3.png","width":285,"height":228,"caption":"ElementVape.DE"},"image":{"@id":"https:\/\/www.elementvape.de\/#\/schema\/logo\/image\/"}}]}},"_links":{"self":[{"href":"https:\/\/www.elementvape.de\/pt\/wp-json\/wp\/v2\/product\/13673"}],"collection":[{"href":"https:\/\/www.elementvape.de\/pt\/wp-json\/wp\/v2\/product"}],"about":[{"href":"https:\/\/www.elementvape.de\/pt\/wp-json\/wp\/v2\/types\/product"}],"wp:featuredmedia":[{"embeddable":true,"href":"https:\/\/www.elementvape.de\/pt\/wp-json\/wp\/v2\/media\/13674"}],"wp:attachment":[{"href":"https:\/\/www.elementvape.de\/pt\/wp-json\/wp\/v2\/media?parent=13673"}],"wp:term":[{"taxonomy":"product_cat","embeddable":true,"href":"https:\/\/www.elementvape.de\/pt\/wp-json\/wp\/v2\/product_cat?post=13673"},{"taxonomy":"product_tag","embeddable":true,"href":"https:\/\/www.elementvape.de\/pt\/wp-json\/wp\/v2\/product_tag?post=13673"}],"curies":[{"name":"wp","href":"https:\/\/api.w.org\/{rel}","templated":true}]}}