{"id":13336,"date":"2024-06-27T07:33:41","date_gmt":"2024-06-27T07:33:41","guid":{"rendered":"https:\/\/www.elementvape.de\/?post_type=product&#038;p=13336"},"modified":"2024-09-12T10:28:45","modified_gmt":"2024-09-12T10:28:45","slug":"uwell-tripod-pcc-pod-kit-2ml","status":"publish","type":"product","link":"https:\/\/www.elementvape.de\/pt\/produkt\/uwell-tripod-pcc-pod-kit-2ml\/","title":{"rendered":"Kit de Pod Uwell Tripod PCC 2ml"},"content":{"rendered":"<div class=\"flex-shrink-0 flex flex-col relative items-end\">\n<div>\n<div class=\"pt-0.5 juice:pt-0\">\n<div class=\"gizmo-bot-avatar flex h-6 w-6 items-center justify-center overflow-hidden rounded-full juice:h-8 juice:w-8\"><\/div>\n<\/div>\n<\/div>\n<\/div>\n<div class=\"group\/conversation-turn relative flex w-full min-w-0 flex-col agent-turn\">\n<div class=\"flex-col gap-1 md:gap-3\">\n<div class=\"flex flex-grow flex-col max-w-full\">\n<div class=\"min-h-[20px] text-message flex flex-col items-start whitespace-pre-wrap break-words [.text-message+&amp;]:mt-5 juice:w-full juice:items-end overflow-x-auto gap-2\" dir=\"auto\" data-message-author-role=\"assistant\" data-message-id=\"4d090b36-4971-4208-a91d-3cdd29b57a03\">\n<div class=\"flex w-full flex-col gap-1 juice:empty:hidden juice:first:pt-[3px]\">\n<div class=\"markdown prose w-full break-words dark:prose-invert light\">\n<h3><strong>Kit de Caixa de Cartucho Uwell Tripod PCC<\/strong><\/h3>\n<p>O Kit de Caixa de Cartucho Uwell Tripod PCC \u00e9 uma combina\u00e7\u00e3o de um sistema elegante <strong><a href=\"https:\/\/www.elementvape.de\/pt\/c\/pod\/\">Pod<\/a><\/strong>- e uma caixa de carregamento pr\u00e1tica, especialmente desenvolvida para fumadores que est\u00e3o sempre em movimento. Este kit oferece n\u00e3o s\u00f3 uma excelente qualidade de sabor, mas tamb\u00e9m uma utiliza\u00e7\u00e3o f\u00e1cil.<\/p>\n<h4><strong>Principais caracter\u00edsticas:<\/strong><\/h4>\n<ol>\n<li><strong>Cartucho recarreg\u00e1vel de 2 ml e bobina integrada de 1,2 \u03a9<\/strong>: Esta combina\u00e7\u00e3o garante um sabor completo e uma sensa\u00e7\u00e3o suave na garganta.<\/li>\n<li><strong>Bateria integrada de 370 mAh<\/strong>: O pod mod tem uma pot\u00eancia m\u00e1xima de sa\u00edda de 11 W e est\u00e1 equipado com um indicador LED que mostra o n\u00edvel de carga da bateria.<\/li>\n<li><strong>Caixa de carregamento de 1000 mAh<\/strong>: Esta caixa de carregamento compacta e port\u00e1til permite transportar e carregar at\u00e9 tr\u00eas pods ao mesmo tempo, ideal para viagens.<\/li>\n<li><strong>Material de alta qualidade<\/strong>: Fabricado em alum\u00ednio anodizado, oferece uma apar\u00eancia elegante e discreta.<\/li>\n<\/ol>\n<h4><strong>Par\u00e2metros f\u00edsicos:<\/strong><\/h4>\n<ul>\n<li><strong>Tamanho<\/strong>: 21,5 \u00d7 10,4 \u00d7 78 mm<\/li>\n<li><strong>Capacidade<\/strong>Bateria Incorporada ou Externa: Incorporada<\/li>\n<li><strong>Resist\u00eancia<\/strong>: 1,2 \u03a9<\/li>\n<li><strong>Bateria<\/strong>: 370 mAh para o pod, 1000 mAh para a caixa de carregamento<\/li>\n<li><strong>Cores<\/strong>: Preto, Verde Met\u00e1lico, Preto e Ouro<\/li>\n<\/ul>\n<h4><strong>Lista de embalagem:<\/strong><\/h4>\n<ul>\n<li>1 x Pod Mod Tripod PCC<\/li>\n<li>3 x Cartucho de trip\u00e9<\/li>\n<li>1 x Cabo Tipo-C<\/li>\n<li>1 x Manual do utilizador<\/li>\n<li>1 x Caixa de carregamento<\/li>\n<\/ul>\n<h3><strong>Vantagens do Uwell Tripod PCC Pod Kit:<\/strong><\/h3>\n<ul>\n<li><strong>Bateria de maior dura\u00e7\u00e3o<\/strong>: Gra\u00e7as \u00e0 caixa de carregamento, pode recarregar o Pod em movimento v\u00e1rias vezes, o que prolonga significativamente a dura\u00e7\u00e3o total da bateria.<\/li>\n<li><strong>Versatilidade<\/strong>: Com tr\u00eas Pods, pode transportar diferentes l\u00edquidos eletr\u00f3nicos e trocar conforme o seu humor.<\/li>\n<li><strong>Portabilidade<\/strong>: O design compacto e a caixa de carregamento leve tornam o kit ideal para viagens e uso di\u00e1rio.<\/li>\n<li><strong>Design de alta qualidade<\/strong>: O design elegante em alum\u00ednio anodizado proporciona uma apar\u00eancia sofisticada e discreta.<\/li>\n<\/ul>\n<p>O Uwell Tripod PCC Pod Kit \u00e9 a escolha perfeita para vaporizadores que procuram uma solu\u00e7\u00e3o pr\u00e1tica, elegante e potente. Encomende agora em <strong>elementvape<\/strong> e garanta os melhores pre\u00e7os por atacado para este produto excecional.<\/p>\n<\/div>\n<\/div>\n<\/div>\n<\/div>\n<\/div>\n<\/div>","protected":false},"excerpt":{"rendered":"<p>Uwell Tripod PCC Pod Kit Das Uwell Tripod PCC Pod Kit ist eine Kombination aus einem eleganten Pod-System und einer praktischen Ladebox, die speziell f\u00fcr Dampfer entwickelt wurde, die viel unterwegs sind. Dieses Kit bietet nicht nur hervorragende Geschmacksqualit\u00e4t, sondern auch eine benutzerfreundliche Handhabung. Hauptfunktionen: Nachf\u00fcllbare 2-ml-Kartusche und integrierte 1,2-\u03a9-Spule: Diese Kombination sorgt f\u00fcr einen [&hellip;]<\/p>","protected":false},"featured_media":13337,"template":"","meta":{"inline_featured_image":false},"product_cat":[747,740,734,753,76],"product_tag":[],"tiered_pricing_type":"fixed","tiered_pricing_fixed_rules":[],"tiered_pricing_percentage_rules":[],"tiered_pricing_minimum":1,"_administrator_tiered_pricing_type":"fixed","_administrator_tiered_pricing_fixed_rules":[],"_editor_tiered_pricing_type":"fixed","_editor_tiered_pricing_fixed_rules":[],"_author_tiered_pricing_type":"fixed","_author_tiered_pricing_fixed_rules":[],"_contributor_tiered_pricing_type":"fixed","_contributor_tiered_pricing_fixed_rules":[],"_subscriber_tiered_pricing_type":"fixed","_subscriber_tiered_pricing_fixed_rules":[],"_customer_tiered_pricing_type":"fixed","_customer_tiered_pricing_fixed_rules":[],"_shop_manager_tiered_pricing_type":"fixed","_shop_manager_tiered_pricing_fixed_rules":[],"_wpseo_manager_tiered_pricing_type":"fixed","_wpseo_manager_tiered_pricing_fixed_rules":[],"_wpseo_editor_tiered_pricing_type":"fixed","_wpseo_editor_tiered_pricing_fixed_rules":[],"_wholesale_customer_tiered_pricing_type":"fixed","_wholesale_customer_tiered_pricing_fixed_rules":[],"_marketer_tiered_pricing_type":"fixed","_marketer_tiered_pricing_fixed_rules":[],"_sales_manager_tiered_pricing_type":"fixed","_sales_manager_tiered_pricing_fixed_rules":[],"_sales_rep_tiered_pricing_type":"fixed","_sales_rep_tiered_pricing_fixed_rules":[],"yoast_head":"<!-- This site is optimized with the Yoast SEO plugin v23.3 - https:\/\/yoast.com\/wordpress\/plugins\/seo\/ -->\n<title>Uwell Tripod PCC Pod Kit 2ml | ElementVape.de<\/title>\n<meta name=\"description\" content=\"Wir bieten Uwell Tripod PCC Pod Kit 2ml , Elementvape.de akzeptieren Gro\u00df-und Einzelhandel Bestellungen.\" \/>\n<meta name=\"robots\" content=\"index, follow, max-snippet:-1, max-image-preview:large, max-video-preview:-1\" \/>\n<link rel=\"canonical\" href=\"https:\/\/www.elementvape.de\/pt\/produkt\/uwell-tripod-pcc-pod-kit-2ml\/\" \/>\n<meta property=\"og:locale\" content=\"pt_PT\" \/>\n<meta property=\"og:type\" content=\"article\" \/>\n<meta property=\"og:title\" content=\"Uwell Tripod PCC Pod Kit 2ml | ElementVape.de\" \/>\n<meta property=\"og:description\" content=\"Wir bieten Uwell Tripod PCC Pod Kit 2ml , Elementvape.de akzeptieren Gro\u00df-und Einzelhandel Bestellungen.\" \/>\n<meta property=\"og:url\" content=\"https:\/\/www.elementvape.de\/pt\/produkt\/uwell-tripod-pcc-pod-kit-2ml\/\" \/>\n<meta property=\"og:site_name\" content=\"ElementVape.de\" \/>\n<meta property=\"article:modified_time\" content=\"2024-09-12T10:28:45+00:00\" \/>\n<meta property=\"og:image\" content=\"https:\/\/www.elementvape.de\/wp-content\/uploads\/2024\/06\/Uwell-Tripod-PCC-Pod-Kit-370mAh-1000mAh-2.webp\" \/>\n\t<meta property=\"og:image:width\" content=\"600\" \/>\n\t<meta property=\"og:image:height\" content=\"600\" \/>\n\t<meta property=\"og:image:type\" content=\"image\/webp\" \/>\n<meta name=\"twitter:card\" content=\"summary_large_image\" \/>\n<meta name=\"twitter:label1\" content=\"Est. reading time\" \/>\n\t<meta name=\"twitter:data1\" content=\"2 minutos\" \/>\n<script type=\"application\/ld+json\" class=\"yoast-schema-graph\">{\"@context\":\"https:\/\/schema.org\",\"@graph\":[{\"@type\":\"WebPage\",\"@id\":\"https:\/\/www.elementvape.de\/pt\/produkt\/uwell-tripod-pcc-pod-kit-2ml\/\",\"url\":\"https:\/\/www.elementvape.de\/pt\/produkt\/uwell-tripod-pcc-pod-kit-2ml\/\",\"name\":\"Uwell Tripod PCC Pod Kit 2ml | ElementVape.de\",\"isPartOf\":{\"@id\":\"https:\/\/www.elementvape.de\/#website\"},\"primaryImageOfPage\":{\"@id\":\"https:\/\/www.elementvape.de\/pt\/produkt\/uwell-tripod-pcc-pod-kit-2ml\/#primaryimage\"},\"image\":{\"@id\":\"https:\/\/www.elementvape.de\/pt\/produkt\/uwell-tripod-pcc-pod-kit-2ml\/#primaryimage\"},\"thumbnailUrl\":\"https:\/\/www.elementvape.de\/wp-content\/uploads\/2024\/06\/Uwell-Tripod-PCC-Pod-Kit-370mAh-1000mAh-2.webp\",\"datePublished\":\"2024-06-27T07:33:41+00:00\",\"dateModified\":\"2024-09-12T10:28:45+00:00\",\"description\":\"Wir bieten Uwell Tripod PCC Pod Kit 2ml , Elementvape.de akzeptieren Gro\u00df-und Einzelhandel Bestellungen.\",\"breadcrumb\":{\"@id\":\"https:\/\/www.elementvape.de\/pt\/produkt\/uwell-tripod-pcc-pod-kit-2ml\/#breadcrumb\"},\"inLanguage\":\"pt-PT\",\"potentialAction\":[{\"@type\":\"ReadAction\",\"target\":[\"https:\/\/www.elementvape.de\/pt\/produkt\/uwell-tripod-pcc-pod-kit-2ml\/\"]}]},{\"@type\":\"ImageObject\",\"inLanguage\":\"pt-PT\",\"@id\":\"https:\/\/www.elementvape.de\/pt\/produkt\/uwell-tripod-pcc-pod-kit-2ml\/#primaryimage\",\"url\":\"https:\/\/www.elementvape.de\/wp-content\/uploads\/2024\/06\/Uwell-Tripod-PCC-Pod-Kit-370mAh-1000mAh-2.webp\",\"contentUrl\":\"https:\/\/www.elementvape.de\/wp-content\/uploads\/2024\/06\/Uwell-Tripod-PCC-Pod-Kit-370mAh-1000mAh-2.webp\",\"width\":600,\"height\":600,\"caption\":\"Uwell-Tripod-PCC-Pod-Kit-370mAh-1000mAh-2\"},{\"@type\":\"BreadcrumbList\",\"@id\":\"https:\/\/www.elementvape.de\/pt\/produkt\/uwell-tripod-pcc-pod-kit-2ml\/#breadcrumb\",\"itemListElement\":[{\"@type\":\"ListItem\",\"position\":1,\"name\":\"Home\",\"item\":\"https:\/\/www.elementvape.de\/\"},{\"@type\":\"ListItem\",\"position\":2,\"name\":\"Shop\",\"item\":\"https:\/\/www.elementvape.de\/shop\/\"},{\"@type\":\"ListItem\",\"position\":3,\"name\":\"Uwell Tripod PCC Pod Kit 2ml\"}]},{\"@type\":\"WebSite\",\"@id\":\"https:\/\/www.elementvape.de\/#website\",\"url\":\"https:\/\/www.elementvape.de\/\",\"name\":\"ElementVape.de\",\"description\":\"\",\"publisher\":{\"@id\":\"https:\/\/www.elementvape.de\/#organization\"},\"potentialAction\":[{\"@type\":\"SearchAction\",\"target\":{\"@type\":\"EntryPoint\",\"urlTemplate\":\"https:\/\/www.elementvape.de\/?s={search_term_string}\"},\"query-input\":\"required name=search_term_string\"}],\"inLanguage\":\"pt-PT\"},{\"@type\":\"Organization\",\"@id\":\"https:\/\/www.elementvape.de\/#organization\",\"name\":\"ElementVape.DE\",\"url\":\"https:\/\/www.elementvape.de\/\",\"logo\":{\"@type\":\"ImageObject\",\"inLanguage\":\"pt-PT\",\"@id\":\"https:\/\/www.elementvape.de\/#\/schema\/logo\/image\/\",\"url\":\"https:\/\/www.elementvape.de\/wp-content\/uploads\/2024\/09\/cropped-1elementvape-3.png\",\"contentUrl\":\"https:\/\/www.elementvape.de\/wp-content\/uploads\/2024\/09\/cropped-1elementvape-3.png\",\"width\":285,\"height\":228,\"caption\":\"ElementVape.DE\"},\"image\":{\"@id\":\"https:\/\/www.elementvape.de\/#\/schema\/logo\/image\/\"}}]}<\/script>\n<!-- \/ Yoast SEO plugin. -->","yoast_head_json":{"title":"Uwell Tripod PCC Pod Kit 2ml | ElementVape.de","description":"Wir bieten Uwell Tripod PCC Pod Kit 2ml , Elementvape.de akzeptieren Gro\u00df-und Einzelhandel Bestellungen.","robots":{"index":"index","follow":"follow","max-snippet":"max-snippet:-1","max-image-preview":"max-image-preview:large","max-video-preview":"max-video-preview:-1"},"canonical":"https:\/\/www.elementvape.de\/pt\/produkt\/uwell-tripod-pcc-pod-kit-2ml\/","og_locale":"pt_PT","og_type":"article","og_title":"Uwell Tripod PCC Pod Kit 2ml | ElementVape.de","og_description":"Wir bieten Uwell Tripod PCC Pod Kit 2ml , Elementvape.de akzeptieren Gro\u00df-und Einzelhandel Bestellungen.","og_url":"https:\/\/www.elementvape.de\/pt\/produkt\/uwell-tripod-pcc-pod-kit-2ml\/","og_site_name":"ElementVape.de","article_modified_time":"2024-09-12T10:28:45+00:00","og_image":[{"width":600,"height":600,"url":"https:\/\/www.elementvape.de\/wp-content\/uploads\/2024\/06\/Uwell-Tripod-PCC-Pod-Kit-370mAh-1000mAh-2.webp","type":"image\/webp"}],"twitter_card":"summary_large_image","twitter_misc":{"Est. reading time":"2 minutos"},"schema":{"@context":"https:\/\/schema.org","@graph":[{"@type":"WebPage","@id":"https:\/\/www.elementvape.de\/pt\/produkt\/uwell-tripod-pcc-pod-kit-2ml\/","url":"https:\/\/www.elementvape.de\/pt\/produkt\/uwell-tripod-pcc-pod-kit-2ml\/","name":"Uwell Tripod PCC Pod Kit 2ml | ElementVape.de","isPartOf":{"@id":"https:\/\/www.elementvape.de\/#website"},"primaryImageOfPage":{"@id":"https:\/\/www.elementvape.de\/pt\/produkt\/uwell-tripod-pcc-pod-kit-2ml\/#primaryimage"},"image":{"@id":"https:\/\/www.elementvape.de\/pt\/produkt\/uwell-tripod-pcc-pod-kit-2ml\/#primaryimage"},"thumbnailUrl":"https:\/\/www.elementvape.de\/wp-content\/uploads\/2024\/06\/Uwell-Tripod-PCC-Pod-Kit-370mAh-1000mAh-2.webp","datePublished":"2024-06-27T07:33:41+00:00","dateModified":"2024-09-12T10:28:45+00:00","description":"Wir bieten Uwell Tripod PCC Pod Kit 2ml , Elementvape.de akzeptieren Gro\u00df-und Einzelhandel Bestellungen.","breadcrumb":{"@id":"https:\/\/www.elementvape.de\/pt\/produkt\/uwell-tripod-pcc-pod-kit-2ml\/#breadcrumb"},"inLanguage":"pt-PT","potentialAction":[{"@type":"ReadAction","target":["https:\/\/www.elementvape.de\/pt\/produkt\/uwell-tripod-pcc-pod-kit-2ml\/"]}]},{"@type":"ImageObject","inLanguage":"pt-PT","@id":"https:\/\/www.elementvape.de\/pt\/produkt\/uwell-tripod-pcc-pod-kit-2ml\/#primaryimage","url":"https:\/\/www.elementvape.de\/wp-content\/uploads\/2024\/06\/Uwell-Tripod-PCC-Pod-Kit-370mAh-1000mAh-2.webp","contentUrl":"https:\/\/www.elementvape.de\/wp-content\/uploads\/2024\/06\/Uwell-Tripod-PCC-Pod-Kit-370mAh-1000mAh-2.webp","width":600,"height":600,"caption":"Uwell-Tripod-PCC-Pod-Kit-370mAh-1000mAh-2"},{"@type":"BreadcrumbList","@id":"https:\/\/www.elementvape.de\/pt\/produkt\/uwell-tripod-pcc-pod-kit-2ml\/#breadcrumb","itemListElement":[{"@type":"ListItem","position":1,"name":"Home","item":"https:\/\/www.elementvape.de\/"},{"@type":"ListItem","position":2,"name":"Shop","item":"https:\/\/www.elementvape.de\/shop\/"},{"@type":"ListItem","position":3,"name":"Uwell Tripod PCC Pod Kit 2ml"}]},{"@type":"WebSite","@id":"https:\/\/www.elementvape.de\/#website","url":"https:\/\/www.elementvape.de\/","name":"ElementVape.de","description":"","publisher":{"@id":"https:\/\/www.elementvape.de\/#organization"},"potentialAction":[{"@type":"SearchAction","target":{"@type":"EntryPoint","urlTemplate":"https:\/\/www.elementvape.de\/?s={search_term_string}"},"query-input":"required name=search_term_string"}],"inLanguage":"pt-PT"},{"@type":"Organization","@id":"https:\/\/www.elementvape.de\/#organization","name":"ElementVape.DE","url":"https:\/\/www.elementvape.de\/","logo":{"@type":"ImageObject","inLanguage":"pt-PT","@id":"https:\/\/www.elementvape.de\/#\/schema\/logo\/image\/","url":"https:\/\/www.elementvape.de\/wp-content\/uploads\/2024\/09\/cropped-1elementvape-3.png","contentUrl":"https:\/\/www.elementvape.de\/wp-content\/uploads\/2024\/09\/cropped-1elementvape-3.png","width":285,"height":228,"caption":"ElementVape.DE"},"image":{"@id":"https:\/\/www.elementvape.de\/#\/schema\/logo\/image\/"}}]}},"_links":{"self":[{"href":"https:\/\/www.elementvape.de\/pt\/wp-json\/wp\/v2\/product\/13336"}],"collection":[{"href":"https:\/\/www.elementvape.de\/pt\/wp-json\/wp\/v2\/product"}],"about":[{"href":"https:\/\/www.elementvape.de\/pt\/wp-json\/wp\/v2\/types\/product"}],"wp:featuredmedia":[{"embeddable":true,"href":"https:\/\/www.elementvape.de\/pt\/wp-json\/wp\/v2\/media\/13337"}],"wp:attachment":[{"href":"https:\/\/www.elementvape.de\/pt\/wp-json\/wp\/v2\/media?parent=13336"}],"wp:term":[{"taxonomy":"product_cat","embeddable":true,"href":"https:\/\/www.elementvape.de\/pt\/wp-json\/wp\/v2\/product_cat?post=13336"},{"taxonomy":"product_tag","embeddable":true,"href":"https:\/\/www.elementvape.de\/pt\/wp-json\/wp\/v2\/product_tag?post=13336"}],"curies":[{"name":"wp","href":"https:\/\/api.w.org\/{rel}","templated":true}]}}