{"id":13233,"date":"2024-06-26T08:43:50","date_gmt":"2024-06-26T08:43:50","guid":{"rendered":"https:\/\/www.elementvape.de\/?post_type=product&#038;p=13233"},"modified":"2024-09-12T10:28:48","modified_gmt":"2024-09-12T10:28:48","slug":"uwell-caliburn-ak2-pod-system-kit-520-mah","status":"publish","type":"product","link":"https:\/\/www.elementvape.de\/pt\/produkt\/uwell-caliburn-ak2-pod-system-kit-520-mah\/","title":{"rendered":"Kit de Sistema de Pod Uwell Caliburn AK2 520 mAh"},"content":{"rendered":"<h3>Kit do Sistema de Pod Uwell Caliburn AK2<\/h3>\n<p>O Kit Uwell Caliburn AK2 destaca-se pelo seu design compacto e ergon\u00f3mico. Com uma bateria potente de 520 mAh e um tanque de e-l\u00edquido de 2 ml, garante cerca de 600 tragos por dispositivo e oferece uma experi\u00eancia de vaporiza\u00e7\u00e3o de primeira classe. O pod recarreg\u00e1vel est\u00e1 equipado com uma resist\u00eancia UN2 Meshed-H de 0,9 Ohm, que proporciona uma produ\u00e7\u00e3o de vapor excecional e \u00e9 f\u00e1cil de substituir. Uma vasta gama de sabores arom\u00e1ticos amplia a oferta.<\/p>\n<h4>Especifica\u00e7\u00f5es b\u00e1sicas:<\/h4>\n<ol>\n<li><strong>Bateria compat\u00edvel: 18350<\/strong> Liga de alum\u00ednio PA, PC+ABS<\/li>\n<li><strong>Tamanho:<\/strong> 43,5 mm \u00d7 11,8 mm \u00d7 67,9 mm<\/li>\n<li><strong>Capacidade de E-L\u00edquido:<\/strong> 2 ml<\/li>\n<li><strong>Pot\u00eancia de sa\u00edda:<\/strong> 15 W<\/li>\n<li><strong>Especifica\u00e7\u00f5es do cartucho de pod:<\/strong> Pod recarreg\u00e1vel UN2 Meshed-H de 0,9 \u03a9 com FeCrAl<\/li>\n<li><strong>Capacidade da bateria:<\/strong> 520 mAh<\/li>\n<li><strong>Acess\u00f3rios inclu\u00eddos:<\/strong> Corda de chave para transporte sem as m\u00e3os<\/li>\n<li><strong>Reabastecimento:<\/strong> Sistema de enchimento superior f\u00e1cil com janela de controlo para verificar o n\u00edvel de l\u00edquido<\/li>\n<li><strong>Tecnologia:<\/strong> UWELL Pro-FOCS para sabor aut\u00eantico do l\u00edquido de vaporizador<\/li>\n<li><strong>Escolha de cores:<\/strong> Cores variadas para combinar com qualquer humor<\/li>\n<\/ol>\n<h4>Detalhes da embalagem:<\/h4>\n<ul>\n<li><strong>Marca:<\/strong> Uwell<\/li>\n<li><strong>Tamanho:<\/strong> 43,5 mm x 11,8 mm x 67,9 mm<\/li>\n<li><strong>Capacidade da bateria:<\/strong> 520 mAh<\/li>\n<li><strong>Bateria compat\u00edvel: 18350<\/strong> PA, liga de alum\u00ednio, PC + ABS<\/li>\n<li><strong>Capacidade de e-l\u00edquido:<\/strong> 2 ml<\/li>\n<li><strong>Pot\u00eancia m\u00e1xima de sa\u00edda:<\/strong> 15 W<\/li>\n<li><strong>Puxadas:<\/strong> Aprox. 600 tragos<\/li>\n<li><strong>Bobina:<\/strong> UN2 Meshed-H de 0,9 Ohm<\/li>\n<li><strong>Embalagem:<\/strong> Caixa de presente<\/li>\n<\/ul>\n<h4>Lista de embalagem:<\/h4>\n<ul>\n<li>1 \u00d7 Sistema de pod CALIBURN AK2<\/li>\n<li>1 \u00d7 Pod recarreg\u00e1vel UN2 Meshed-H 0,9 \u03a9 (pr\u00e9-instalado)<\/li>\n<li>1 \u00d7 Pod recarreg\u00e1vel UN2 Meshed-H 0,9 \u03a9 (substitui\u00e7\u00e3o)<\/li>\n<li>1 \u00d7 Banda de silicone<\/li>\n<li>1 \u00d7 Manual do utilizador<\/li>\n<\/ul>","protected":false},"excerpt":{"rendered":"<p>Uwell Caliburn AK2 Pod System Kit Das Uwell Caliburn AK2 Kit besticht durch sein kompaktes und ergonomisches Design. Mit einem leistungsstarken 520 mAh Akku und einem 2 ml E-Liquid-Tank garantiert es etwa 600 Z\u00fcge pro Ger\u00e4t und bietet ein erstklassiges Dampferlebnis. Der nachf\u00fcllbare Pod ist mit einer 0,9 Ohm UN2 Meshed-H-Spule ausgestattet, die f\u00fcr eine [&hellip;]<\/p>","protected":false},"featured_media":13234,"template":"","meta":{"inline_featured_image":false},"product_cat":[747,740,734,753,76],"product_tag":[],"tiered_pricing_type":"fixed","tiered_pricing_fixed_rules":[],"tiered_pricing_percentage_rules":[],"tiered_pricing_minimum":1,"_administrator_tiered_pricing_type":"fixed","_administrator_tiered_pricing_fixed_rules":[],"_editor_tiered_pricing_type":"fixed","_editor_tiered_pricing_fixed_rules":[],"_author_tiered_pricing_type":"fixed","_author_tiered_pricing_fixed_rules":[],"_contributor_tiered_pricing_type":"fixed","_contributor_tiered_pricing_fixed_rules":[],"_subscriber_tiered_pricing_type":"fixed","_subscriber_tiered_pricing_fixed_rules":[],"_customer_tiered_pricing_type":"fixed","_customer_tiered_pricing_fixed_rules":[],"_shop_manager_tiered_pricing_type":"fixed","_shop_manager_tiered_pricing_fixed_rules":[],"_wpseo_manager_tiered_pricing_type":"fixed","_wpseo_manager_tiered_pricing_fixed_rules":[],"_wpseo_editor_tiered_pricing_type":"fixed","_wpseo_editor_tiered_pricing_fixed_rules":[],"_wholesale_customer_tiered_pricing_type":"fixed","_wholesale_customer_tiered_pricing_fixed_rules":[],"_marketer_tiered_pricing_type":"fixed","_marketer_tiered_pricing_fixed_rules":[],"_sales_manager_tiered_pricing_type":"fixed","_sales_manager_tiered_pricing_fixed_rules":[],"_sales_rep_tiered_pricing_type":"fixed","_sales_rep_tiered_pricing_fixed_rules":[],"yoast_head":"<!-- This site is optimized with the Yoast SEO plugin v23.3 - https:\/\/yoast.com\/wordpress\/plugins\/seo\/ -->\n<title>Uwell Caliburn AK2 Pod System Kit 520 mAh | ElementVape.de<\/title>\n<meta name=\"description\" content=\"Wir bieten Uwell Caliburn AK2 Pod System Kit 520 mAh , Elementvape.de akzeptieren Gro\u00df-und Einzelhandel Bestellungen.\" \/>\n<meta name=\"robots\" content=\"index, follow, max-snippet:-1, max-image-preview:large, max-video-preview:-1\" \/>\n<link rel=\"canonical\" href=\"https:\/\/www.elementvape.de\/pt\/produkt\/uwell-caliburn-ak2-pod-system-kit-520-mah\/\" \/>\n<meta property=\"og:locale\" content=\"pt_PT\" \/>\n<meta property=\"og:type\" content=\"article\" \/>\n<meta property=\"og:title\" content=\"Uwell Caliburn AK2 Pod System Kit 520 mAh | ElementVape.de\" \/>\n<meta property=\"og:description\" content=\"Wir bieten Uwell Caliburn AK2 Pod System Kit 520 mAh , Elementvape.de akzeptieren Gro\u00df-und Einzelhandel Bestellungen.\" \/>\n<meta property=\"og:url\" content=\"https:\/\/www.elementvape.de\/pt\/produkt\/uwell-caliburn-ak2-pod-system-kit-520-mah\/\" \/>\n<meta property=\"og:site_name\" content=\"ElementVape.de\" \/>\n<meta property=\"article:modified_time\" content=\"2024-09-12T10:28:48+00:00\" \/>\n<meta property=\"og:image\" content=\"https:\/\/www.elementvape.de\/wp-content\/uploads\/2024\/06\/Uwell-Caliburn-AK2-Pod-System-Kit-7.webp\" \/>\n\t<meta property=\"og:image:width\" content=\"800\" \/>\n\t<meta property=\"og:image:height\" content=\"800\" \/>\n\t<meta property=\"og:image:type\" content=\"image\/webp\" \/>\n<meta name=\"twitter:card\" content=\"summary_large_image\" \/>\n<meta name=\"twitter:label1\" content=\"Est. reading time\" \/>\n\t<meta name=\"twitter:data1\" content=\"2 minutos\" \/>\n<script type=\"application\/ld+json\" class=\"yoast-schema-graph\">{\"@context\":\"https:\/\/schema.org\",\"@graph\":[{\"@type\":\"WebPage\",\"@id\":\"https:\/\/www.elementvape.de\/produkt\/uwell-caliburn-ak2-pod-system-kit-520-mah\/\",\"url\":\"https:\/\/www.elementvape.de\/produkt\/uwell-caliburn-ak2-pod-system-kit-520-mah\/\",\"name\":\"Uwell Caliburn AK2 Pod System Kit 520 mAh | ElementVape.de\",\"isPartOf\":{\"@id\":\"https:\/\/www.elementvape.de\/#website\"},\"primaryImageOfPage\":{\"@id\":\"https:\/\/www.elementvape.de\/produkt\/uwell-caliburn-ak2-pod-system-kit-520-mah\/#primaryimage\"},\"image\":{\"@id\":\"https:\/\/www.elementvape.de\/produkt\/uwell-caliburn-ak2-pod-system-kit-520-mah\/#primaryimage\"},\"thumbnailUrl\":\"https:\/\/www.elementvape.de\/wp-content\/uploads\/2024\/06\/Uwell-Caliburn-AK2-Pod-System-Kit-7.webp\",\"datePublished\":\"2024-06-26T08:43:50+00:00\",\"dateModified\":\"2024-09-12T10:28:48+00:00\",\"description\":\"Wir bieten Uwell Caliburn AK2 Pod System Kit 520 mAh , Elementvape.de akzeptieren Gro\u00df-und Einzelhandel Bestellungen.\",\"breadcrumb\":{\"@id\":\"https:\/\/www.elementvape.de\/produkt\/uwell-caliburn-ak2-pod-system-kit-520-mah\/#breadcrumb\"},\"inLanguage\":\"pt-PT\",\"potentialAction\":[{\"@type\":\"ReadAction\",\"target\":[\"https:\/\/www.elementvape.de\/produkt\/uwell-caliburn-ak2-pod-system-kit-520-mah\/\"]}]},{\"@type\":\"ImageObject\",\"inLanguage\":\"pt-PT\",\"@id\":\"https:\/\/www.elementvape.de\/produkt\/uwell-caliburn-ak2-pod-system-kit-520-mah\/#primaryimage\",\"url\":\"https:\/\/www.elementvape.de\/wp-content\/uploads\/2024\/06\/Uwell-Caliburn-AK2-Pod-System-Kit-7.webp\",\"contentUrl\":\"https:\/\/www.elementvape.de\/wp-content\/uploads\/2024\/06\/Uwell-Caliburn-AK2-Pod-System-Kit-7.webp\",\"width\":800,\"height\":800,\"caption\":\"Uwell-Caliburn-AK2-Pod-System-Kit-7\"},{\"@type\":\"BreadcrumbList\",\"@id\":\"https:\/\/www.elementvape.de\/produkt\/uwell-caliburn-ak2-pod-system-kit-520-mah\/#breadcrumb\",\"itemListElement\":[{\"@type\":\"ListItem\",\"position\":1,\"name\":\"Home\",\"item\":\"https:\/\/www.elementvape.de\/\"},{\"@type\":\"ListItem\",\"position\":2,\"name\":\"Shop\",\"item\":\"https:\/\/www.elementvape.de\/shop\/\"},{\"@type\":\"ListItem\",\"position\":3,\"name\":\"Uwell Caliburn AK2 Pod System Kit 520 mAh\"}]},{\"@type\":\"WebSite\",\"@id\":\"https:\/\/www.elementvape.de\/#website\",\"url\":\"https:\/\/www.elementvape.de\/\",\"name\":\"ElementVape.de\",\"description\":\"\",\"publisher\":{\"@id\":\"https:\/\/www.elementvape.de\/#organization\"},\"potentialAction\":[{\"@type\":\"SearchAction\",\"target\":{\"@type\":\"EntryPoint\",\"urlTemplate\":\"https:\/\/www.elementvape.de\/?s={search_term_string}\"},\"query-input\":\"required name=search_term_string\"}],\"inLanguage\":\"pt-PT\"},{\"@type\":\"Organization\",\"@id\":\"https:\/\/www.elementvape.de\/#organization\",\"name\":\"ElementVape.DE\",\"url\":\"https:\/\/www.elementvape.de\/\",\"logo\":{\"@type\":\"ImageObject\",\"inLanguage\":\"pt-PT\",\"@id\":\"https:\/\/www.elementvape.de\/#\/schema\/logo\/image\/\",\"url\":\"https:\/\/www.elementvape.de\/wp-content\/uploads\/2024\/09\/cropped-1elementvape-3.png\",\"contentUrl\":\"https:\/\/www.elementvape.de\/wp-content\/uploads\/2024\/09\/cropped-1elementvape-3.png\",\"width\":285,\"height\":228,\"caption\":\"ElementVape.DE\"},\"image\":{\"@id\":\"https:\/\/www.elementvape.de\/#\/schema\/logo\/image\/\"}}]}<\/script>\n<!-- \/ Yoast SEO plugin. -->","yoast_head_json":{"title":"Uwell Caliburn AK2 Pod System Kit 520 mAh | ElementVape.de","description":"Wir bieten Uwell Caliburn AK2 Pod System Kit 520 mAh , Elementvape.de akzeptieren Gro\u00df-und Einzelhandel Bestellungen.","robots":{"index":"index","follow":"follow","max-snippet":"max-snippet:-1","max-image-preview":"max-image-preview:large","max-video-preview":"max-video-preview:-1"},"canonical":"https:\/\/www.elementvape.de\/pt\/produkt\/uwell-caliburn-ak2-pod-system-kit-520-mah\/","og_locale":"pt_PT","og_type":"article","og_title":"Uwell Caliburn AK2 Pod System Kit 520 mAh | ElementVape.de","og_description":"Wir bieten Uwell Caliburn AK2 Pod System Kit 520 mAh , Elementvape.de akzeptieren Gro\u00df-und Einzelhandel Bestellungen.","og_url":"https:\/\/www.elementvape.de\/pt\/produkt\/uwell-caliburn-ak2-pod-system-kit-520-mah\/","og_site_name":"ElementVape.de","article_modified_time":"2024-09-12T10:28:48+00:00","og_image":[{"width":800,"height":800,"url":"https:\/\/www.elementvape.de\/wp-content\/uploads\/2024\/06\/Uwell-Caliburn-AK2-Pod-System-Kit-7.webp","type":"image\/webp"}],"twitter_card":"summary_large_image","twitter_misc":{"Est. reading time":"2 minutos"},"schema":{"@context":"https:\/\/schema.org","@graph":[{"@type":"WebPage","@id":"https:\/\/www.elementvape.de\/produkt\/uwell-caliburn-ak2-pod-system-kit-520-mah\/","url":"https:\/\/www.elementvape.de\/produkt\/uwell-caliburn-ak2-pod-system-kit-520-mah\/","name":"Uwell Caliburn AK2 Pod System Kit 520 mAh | ElementVape.de","isPartOf":{"@id":"https:\/\/www.elementvape.de\/#website"},"primaryImageOfPage":{"@id":"https:\/\/www.elementvape.de\/produkt\/uwell-caliburn-ak2-pod-system-kit-520-mah\/#primaryimage"},"image":{"@id":"https:\/\/www.elementvape.de\/produkt\/uwell-caliburn-ak2-pod-system-kit-520-mah\/#primaryimage"},"thumbnailUrl":"https:\/\/www.elementvape.de\/wp-content\/uploads\/2024\/06\/Uwell-Caliburn-AK2-Pod-System-Kit-7.webp","datePublished":"2024-06-26T08:43:50+00:00","dateModified":"2024-09-12T10:28:48+00:00","description":"Wir bieten Uwell Caliburn AK2 Pod System Kit 520 mAh , Elementvape.de akzeptieren Gro\u00df-und Einzelhandel Bestellungen.","breadcrumb":{"@id":"https:\/\/www.elementvape.de\/produkt\/uwell-caliburn-ak2-pod-system-kit-520-mah\/#breadcrumb"},"inLanguage":"pt-PT","potentialAction":[{"@type":"ReadAction","target":["https:\/\/www.elementvape.de\/produkt\/uwell-caliburn-ak2-pod-system-kit-520-mah\/"]}]},{"@type":"ImageObject","inLanguage":"pt-PT","@id":"https:\/\/www.elementvape.de\/produkt\/uwell-caliburn-ak2-pod-system-kit-520-mah\/#primaryimage","url":"https:\/\/www.elementvape.de\/wp-content\/uploads\/2024\/06\/Uwell-Caliburn-AK2-Pod-System-Kit-7.webp","contentUrl":"https:\/\/www.elementvape.de\/wp-content\/uploads\/2024\/06\/Uwell-Caliburn-AK2-Pod-System-Kit-7.webp","width":800,"height":800,"caption":"Uwell-Caliburn-AK2-Pod-System-Kit-7"},{"@type":"BreadcrumbList","@id":"https:\/\/www.elementvape.de\/produkt\/uwell-caliburn-ak2-pod-system-kit-520-mah\/#breadcrumb","itemListElement":[{"@type":"ListItem","position":1,"name":"Home","item":"https:\/\/www.elementvape.de\/"},{"@type":"ListItem","position":2,"name":"Shop","item":"https:\/\/www.elementvape.de\/shop\/"},{"@type":"ListItem","position":3,"name":"Uwell Caliburn AK2 Pod System Kit 520 mAh"}]},{"@type":"WebSite","@id":"https:\/\/www.elementvape.de\/#website","url":"https:\/\/www.elementvape.de\/","name":"ElementVape.de","description":"","publisher":{"@id":"https:\/\/www.elementvape.de\/#organization"},"potentialAction":[{"@type":"SearchAction","target":{"@type":"EntryPoint","urlTemplate":"https:\/\/www.elementvape.de\/?s={search_term_string}"},"query-input":"required name=search_term_string"}],"inLanguage":"pt-PT"},{"@type":"Organization","@id":"https:\/\/www.elementvape.de\/#organization","name":"ElementVape.DE","url":"https:\/\/www.elementvape.de\/","logo":{"@type":"ImageObject","inLanguage":"pt-PT","@id":"https:\/\/www.elementvape.de\/#\/schema\/logo\/image\/","url":"https:\/\/www.elementvape.de\/wp-content\/uploads\/2024\/09\/cropped-1elementvape-3.png","contentUrl":"https:\/\/www.elementvape.de\/wp-content\/uploads\/2024\/09\/cropped-1elementvape-3.png","width":285,"height":228,"caption":"ElementVape.DE"},"image":{"@id":"https:\/\/www.elementvape.de\/#\/schema\/logo\/image\/"}}]}},"_links":{"self":[{"href":"https:\/\/www.elementvape.de\/pt\/wp-json\/wp\/v2\/product\/13233"}],"collection":[{"href":"https:\/\/www.elementvape.de\/pt\/wp-json\/wp\/v2\/product"}],"about":[{"href":"https:\/\/www.elementvape.de\/pt\/wp-json\/wp\/v2\/types\/product"}],"wp:featuredmedia":[{"embeddable":true,"href":"https:\/\/www.elementvape.de\/pt\/wp-json\/wp\/v2\/media\/13234"}],"wp:attachment":[{"href":"https:\/\/www.elementvape.de\/pt\/wp-json\/wp\/v2\/media?parent=13233"}],"wp:term":[{"taxonomy":"product_cat","embeddable":true,"href":"https:\/\/www.elementvape.de\/pt\/wp-json\/wp\/v2\/product_cat?post=13233"},{"taxonomy":"product_tag","embeddable":true,"href":"https:\/\/www.elementvape.de\/pt\/wp-json\/wp\/v2\/product_tag?post=13233"}],"curies":[{"name":"wp","href":"https:\/\/api.w.org\/{rel}","templated":true}]}}