{"id":13007,"date":"2024-06-25T03:13:34","date_gmt":"2024-06-25T03:13:34","guid":{"rendered":"https:\/\/www.elementvape.de\/?post_type=product&#038;p=13007"},"modified":"2024-09-12T10:29:44","modified_gmt":"2024-09-12T10:29:44","slug":"lost-vape-epoch-pod-system-kit-1000mah","status":"publish","type":"product","link":"https:\/\/www.elementvape.de\/pt\/produkt\/lost-vape-epoch-pod-system-kit-1000mah\/","title":{"rendered":"Kit de Sistema de Pod Epoch da Lost Vape 1000mAh"},"content":{"rendered":"<div class=\"flex-shrink-0 flex flex-col relative items-end\">\n<div>\n<div class=\"pt-0.5 juice:pt-0\">\n<div class=\"gizmo-bot-avatar flex h-6 w-6 items-center justify-center overflow-hidden rounded-full juice:h-8 juice:w-8\">\n<div class=\"relative p-1 rounded-sm flex items-center justify-center bg-token-main-surface-primary text-token-text-primary h-8 w-8\"><\/div>\n<\/div>\n<\/div>\n<\/div>\n<\/div>\n<div class=\"group\/conversation-turn relative flex w-full min-w-0 flex-col agent-turn\">\n<div class=\"flex-col gap-1 md:gap-3\">\n<div class=\"flex flex-grow flex-col max-w-full\">\n<div class=\"min-h-[20px] text-message flex flex-col items-start whitespace-pre-wrap break-words [.text-message+&amp;]:mt-5 juice:w-full juice:items-end overflow-x-auto gap-2\" dir=\"auto\" data-message-author-role=\"assistant\" data-message-id=\"e3301969-6180-47dd-a7f3-55bd00c1745e\">\n<div class=\"flex w-full flex-col gap-1 juice:empty:hidden juice:first:pt-[3px]\">\n<div class=\"markdown prose w-full break-words dark:prose-invert light\">\n<p>O Lost Vape Ursa Epoch \u00e9 um sistema vers\u00e1til e f\u00e1cil de usar <strong><a href=\"https:\/\/www.elementvape.de\/pt\/c\/pod\/\">Pod<\/a><\/strong>-Sistema, que \u00e9 ideal para fumadores de todos os n\u00edveis de experi\u00eancia. Aqui est\u00e3o as principais caracter\u00edsticas e especifica\u00e7\u00f5es em detalhe:<\/p>\n<p><strong>Caracter\u00edsticas:<\/strong><\/p>\n<ul>\n<li><strong>Bateria integrada de 1000 mAh<\/strong>: Oferece pot\u00eancia suficiente para o dia inteiro.<\/li>\n<li><strong>Capacidade de l\u00edquido de 2,5 ml<\/strong>: Suficiente para fumar por mais tempo sem precisar de reabastecer frequentemente.<\/li>\n<li><strong>Ecr\u00e3 OLED de 0,42 polegadas<\/strong>: Claro e f\u00e1cil de ler, oferece todas as informa\u00e7\u00f5es importantes de um olhar.<\/li>\n<li><strong>Carregamento r\u00e1pido USB-C<\/strong>: Suporta carregamento r\u00e1pido de 2 A, para minimizar o tempo de inatividade.<\/li>\n<li><strong>Compat\u00edvel com cartuchos Ursa V2<\/strong>: Oferece flexibilidade na escolha dos pods.<\/li>\n<li><strong>Fun\u00e7\u00f5es de prote\u00e7\u00e3o m\u00faltipla<\/strong>: Inclui prote\u00e7\u00e3o contra sobrecorrente, sobrecarga e prote\u00e7\u00e3o de 10 segundos contra sobreuso.<\/li>\n<li><strong>Pot\u00eancia ajust\u00e1vel e fluxo de ar<\/strong>: Permite uma personaliza\u00e7\u00e3o individual da experi\u00eancia de vaporiza\u00e7\u00e3o, suportando tanto MTL (Mouth-to-Lung) quanto RDL (Restricted Direct Lung).<\/li>\n<li><strong>Ecr\u00e3 inteligente<\/strong>: Oferece uma interface intuitiva para f\u00e1cil utiliza\u00e7\u00e3o.<\/li>\n<li><strong>Ativa\u00e7\u00e3o por inala\u00e7\u00e3o<\/strong>: Ativa\u00e7\u00e3o autom\u00e1tica ao puxar o dispositivo.<\/li>\n<\/ul>\n<p><strong>Especifica\u00e7\u00f5es:<\/strong><\/p>\n<ul>\n<li><strong>Marca<\/strong>: Lost Vape<\/li>\n<li><strong>Unidade<\/strong>: 1 Conjunto<\/li>\n<li><strong>Dimens\u00f5es<\/strong>67,2 x 44,4 x 19,60 mm<\/li>\n<li><strong>Tens\u00e3o da bateria<\/strong>3,3 V \u2013 4,2 V<\/li>\n<li><strong>Faixa de pot\u00eancia<\/strong>17 \u2013 25 W<\/li>\n<li><strong>Capacidade da bateria<\/strong>: 1000 mAh<\/li>\n<li><strong>Capacidade da cartucho<\/strong>: 2,5 ml<\/li>\n<li><strong>Materiais<\/strong>: Pl\u00e1stico + Silicone<\/li>\n<li><strong>Display<\/strong>: OLED de 0,42 polegadas<\/li>\n<li><strong>Tens\u00e3o de carregamento<\/strong>5 V\/1 A<\/li>\n<li><strong>Cabo de carregamento<\/strong>: Tipo-C, 5 V\/2 A<\/li>\n<li><strong>Pot\u00eancia m\u00e1xima<\/strong>25 W<\/li>\n<li><strong>Embalagem<\/strong>: Caixa de presente<\/li>\n<\/ul>\n<p><strong>Conte\u00fado da embalagem:<\/strong><\/p>\n<ul>\n<li>1 x Kit Lost Vape Ursa Epoch<\/li>\n<li>1 x Cartucho de Pod Lost Vape Ursa V2 (0,8 Ohm, 2,5 ml)<\/li>\n<li>1 x Corda de Chaveiro<\/li>\n<li>1 x Cabo Tipo-C<\/li>\n<li>1 x Cart\u00e3o de garantia<\/li>\n<li>1 x Manual do utilizador<\/li>\n<\/ul>\n<p>O Lost Vape Ursa Epoch oferece uma experi\u00eancia de vaporiza\u00e7\u00e3o personalizada com as suas m\u00faltiplas fun\u00e7\u00f5es e acabamento de alta qualidade.<\/p>\n<\/div>\n<\/div>\n<\/div>\n<\/div>\n<\/div>\n<\/div>","protected":false},"excerpt":{"rendered":"<p>Der Lost Vape Ursa Epoch ist ein vielseitiges und benutzerfreundliches Pod-System, das sich ideal f\u00fcr Dampfer aller Erfahrungsstufen eignet. Hier sind die Hauptmerkmale und Spezifikationen im Detail: Merkmale: Integrierter 1000 mAh Akku: Bietet ausreichend Leistung f\u00fcr den ganzen Tag. 2,5 ml Liquidkapazit\u00e4t: Ausreichend f\u00fcr l\u00e4ngeres Dampfen ohne h\u00e4ufiges Nachf\u00fcllen. 0,42-Zoll OLED-Bildschirm: Klar und leicht abzulesen, [&hellip;]<\/p>","protected":false},"featured_media":13014,"template":"","meta":{"inline_featured_image":false},"product_cat":[78,754,745,742,748],"product_tag":[],"tiered_pricing_type":"fixed","tiered_pricing_fixed_rules":[],"tiered_pricing_percentage_rules":[],"tiered_pricing_minimum":1,"_administrator_tiered_pricing_type":"fixed","_administrator_tiered_pricing_fixed_rules":[],"_editor_tiered_pricing_type":"fixed","_editor_tiered_pricing_fixed_rules":[],"_author_tiered_pricing_type":"fixed","_author_tiered_pricing_fixed_rules":[],"_contributor_tiered_pricing_type":"fixed","_contributor_tiered_pricing_fixed_rules":[],"_subscriber_tiered_pricing_type":"fixed","_subscriber_tiered_pricing_fixed_rules":[],"_customer_tiered_pricing_type":"fixed","_customer_tiered_pricing_fixed_rules":[],"_shop_manager_tiered_pricing_type":"fixed","_shop_manager_tiered_pricing_fixed_rules":[],"_wpseo_manager_tiered_pricing_type":"fixed","_wpseo_manager_tiered_pricing_fixed_rules":[],"_wpseo_editor_tiered_pricing_type":"fixed","_wpseo_editor_tiered_pricing_fixed_rules":[],"_wholesale_customer_tiered_pricing_type":"fixed","_wholesale_customer_tiered_pricing_fixed_rules":[],"_marketer_tiered_pricing_type":"fixed","_marketer_tiered_pricing_fixed_rules":[],"_sales_manager_tiered_pricing_type":"fixed","_sales_manager_tiered_pricing_fixed_rules":[],"_sales_rep_tiered_pricing_type":"fixed","_sales_rep_tiered_pricing_fixed_rules":[],"yoast_head":"<!-- This site is optimized with the Yoast SEO plugin v23.3 - https:\/\/yoast.com\/wordpress\/plugins\/seo\/ -->\n<title>Lost Vape Epoch Pod System Kit 1000mAh | ElementVape.de<\/title>\n<meta name=\"description\" content=\"Wir bieten Lost Vape Epoch Pod System Kit 1000mAh , Elementvape.de akzeptieren Gro\u00df-und Einzelhandel Bestellungen.\" \/>\n<meta name=\"robots\" content=\"index, follow, max-snippet:-1, max-image-preview:large, max-video-preview:-1\" \/>\n<link rel=\"canonical\" href=\"https:\/\/www.elementvape.de\/pt\/produkt\/lost-vape-epoch-pod-system-kit-1000mah\/\" \/>\n<meta property=\"og:locale\" content=\"pt_PT\" \/>\n<meta property=\"og:type\" content=\"article\" \/>\n<meta property=\"og:title\" content=\"Lost Vape Epoch Pod System Kit 1000mAh | ElementVape.de\" \/>\n<meta property=\"og:description\" content=\"Wir bieten Lost Vape Epoch Pod System Kit 1000mAh , Elementvape.de akzeptieren Gro\u00df-und Einzelhandel Bestellungen.\" \/>\n<meta property=\"og:url\" content=\"https:\/\/www.elementvape.de\/pt\/produkt\/lost-vape-epoch-pod-system-kit-1000mah\/\" \/>\n<meta property=\"og:site_name\" content=\"ElementVape.de\" \/>\n<meta property=\"article:modified_time\" content=\"2024-09-12T10:29:44+00:00\" \/>\n<meta property=\"og:image\" content=\"https:\/\/www.elementvape.de\/wp-content\/uploads\/2024\/06\/Epoch-Pod-Kit-1_46a034dc-a15c-42a4-8c43-a2f8a7e732b9.webp\" \/>\n\t<meta property=\"og:image:width\" content=\"800\" \/>\n\t<meta property=\"og:image:height\" content=\"800\" \/>\n\t<meta property=\"og:image:type\" content=\"image\/webp\" \/>\n<meta name=\"twitter:card\" content=\"summary_large_image\" \/>\n<meta name=\"twitter:label1\" content=\"Est. reading time\" \/>\n\t<meta name=\"twitter:data1\" content=\"2 minutos\" \/>\n<script type=\"application\/ld+json\" class=\"yoast-schema-graph\">{\"@context\":\"https:\/\/schema.org\",\"@graph\":[{\"@type\":\"WebPage\",\"@id\":\"https:\/\/www.elementvape.de\/fi\/produkt\/lost-vape-epoch-pod-system-kit-1000mah\/\",\"url\":\"https:\/\/www.elementvape.de\/fi\/produkt\/lost-vape-epoch-pod-system-kit-1000mah\/\",\"name\":\"Lost Vape Epoch Pod System Kit 1000mAh | ElementVape.de\",\"isPartOf\":{\"@id\":\"https:\/\/www.elementvape.de\/#website\"},\"primaryImageOfPage\":{\"@id\":\"https:\/\/www.elementvape.de\/fi\/produkt\/lost-vape-epoch-pod-system-kit-1000mah\/#primaryimage\"},\"image\":{\"@id\":\"https:\/\/www.elementvape.de\/fi\/produkt\/lost-vape-epoch-pod-system-kit-1000mah\/#primaryimage\"},\"thumbnailUrl\":\"https:\/\/www.elementvape.de\/wp-content\/uploads\/2024\/06\/Epoch-Pod-Kit-1_46a034dc-a15c-42a4-8c43-a2f8a7e732b9.webp\",\"datePublished\":\"2024-06-25T03:13:34+00:00\",\"dateModified\":\"2024-09-12T10:29:44+00:00\",\"description\":\"Wir bieten Lost Vape Epoch Pod System Kit 1000mAh , Elementvape.de akzeptieren Gro\u00df-und Einzelhandel Bestellungen.\",\"breadcrumb\":{\"@id\":\"https:\/\/www.elementvape.de\/fi\/produkt\/lost-vape-epoch-pod-system-kit-1000mah\/#breadcrumb\"},\"inLanguage\":\"pt-PT\",\"potentialAction\":[{\"@type\":\"ReadAction\",\"target\":[\"https:\/\/www.elementvape.de\/fi\/produkt\/lost-vape-epoch-pod-system-kit-1000mah\/\"]}]},{\"@type\":\"ImageObject\",\"inLanguage\":\"pt-PT\",\"@id\":\"https:\/\/www.elementvape.de\/fi\/produkt\/lost-vape-epoch-pod-system-kit-1000mah\/#primaryimage\",\"url\":\"https:\/\/www.elementvape.de\/wp-content\/uploads\/2024\/06\/Epoch-Pod-Kit-1_46a034dc-a15c-42a4-8c43-a2f8a7e732b9.webp\",\"contentUrl\":\"https:\/\/www.elementvape.de\/wp-content\/uploads\/2024\/06\/Epoch-Pod-Kit-1_46a034dc-a15c-42a4-8c43-a2f8a7e732b9.webp\",\"width\":800,\"height\":800,\"caption\":\"Epoch-Pod-Kit-1_46a034dc-a15c-42a4-8c43-a2f8a7e732b9\"},{\"@type\":\"BreadcrumbList\",\"@id\":\"https:\/\/www.elementvape.de\/fi\/produkt\/lost-vape-epoch-pod-system-kit-1000mah\/#breadcrumb\",\"itemListElement\":[{\"@type\":\"ListItem\",\"position\":1,\"name\":\"Home\",\"item\":\"https:\/\/www.elementvape.de\/\"},{\"@type\":\"ListItem\",\"position\":2,\"name\":\"Shop\",\"item\":\"https:\/\/www.elementvape.de\/shop\/\"},{\"@type\":\"ListItem\",\"position\":3,\"name\":\"Lost Vape Epoch Pod System Kit 1000mAh\"}]},{\"@type\":\"WebSite\",\"@id\":\"https:\/\/www.elementvape.de\/#website\",\"url\":\"https:\/\/www.elementvape.de\/\",\"name\":\"ElementVape.de\",\"description\":\"\",\"publisher\":{\"@id\":\"https:\/\/www.elementvape.de\/#organization\"},\"potentialAction\":[{\"@type\":\"SearchAction\",\"target\":{\"@type\":\"EntryPoint\",\"urlTemplate\":\"https:\/\/www.elementvape.de\/?s={search_term_string}\"},\"query-input\":\"required name=search_term_string\"}],\"inLanguage\":\"pt-PT\"},{\"@type\":\"Organization\",\"@id\":\"https:\/\/www.elementvape.de\/#organization\",\"name\":\"ElementVape.DE\",\"url\":\"https:\/\/www.elementvape.de\/\",\"logo\":{\"@type\":\"ImageObject\",\"inLanguage\":\"pt-PT\",\"@id\":\"https:\/\/www.elementvape.de\/#\/schema\/logo\/image\/\",\"url\":\"https:\/\/www.elementvape.de\/wp-content\/uploads\/2024\/09\/cropped-1elementvape-3.png\",\"contentUrl\":\"https:\/\/www.elementvape.de\/wp-content\/uploads\/2024\/09\/cropped-1elementvape-3.png\",\"width\":285,\"height\":228,\"caption\":\"ElementVape.DE\"},\"image\":{\"@id\":\"https:\/\/www.elementvape.de\/#\/schema\/logo\/image\/\"}}]}<\/script>\n<!-- \/ Yoast SEO plugin. -->","yoast_head_json":{"title":"Lost Vape Epoch Pod System Kit 1000mAh | ElementVape.de","description":"Wir bieten Lost Vape Epoch Pod System Kit 1000mAh , Elementvape.de akzeptieren Gro\u00df-und Einzelhandel Bestellungen.","robots":{"index":"index","follow":"follow","max-snippet":"max-snippet:-1","max-image-preview":"max-image-preview:large","max-video-preview":"max-video-preview:-1"},"canonical":"https:\/\/www.elementvape.de\/pt\/produkt\/lost-vape-epoch-pod-system-kit-1000mah\/","og_locale":"pt_PT","og_type":"article","og_title":"Lost Vape Epoch Pod System Kit 1000mAh | ElementVape.de","og_description":"Wir bieten Lost Vape Epoch Pod System Kit 1000mAh , Elementvape.de akzeptieren Gro\u00df-und Einzelhandel Bestellungen.","og_url":"https:\/\/www.elementvape.de\/pt\/produkt\/lost-vape-epoch-pod-system-kit-1000mah\/","og_site_name":"ElementVape.de","article_modified_time":"2024-09-12T10:29:44+00:00","og_image":[{"width":800,"height":800,"url":"https:\/\/www.elementvape.de\/wp-content\/uploads\/2024\/06\/Epoch-Pod-Kit-1_46a034dc-a15c-42a4-8c43-a2f8a7e732b9.webp","type":"image\/webp"}],"twitter_card":"summary_large_image","twitter_misc":{"Est. reading time":"2 minutos"},"schema":{"@context":"https:\/\/schema.org","@graph":[{"@type":"WebPage","@id":"https:\/\/www.elementvape.de\/fi\/produkt\/lost-vape-epoch-pod-system-kit-1000mah\/","url":"https:\/\/www.elementvape.de\/fi\/produkt\/lost-vape-epoch-pod-system-kit-1000mah\/","name":"Lost Vape Epoch Pod System Kit 1000mAh | ElementVape.de","isPartOf":{"@id":"https:\/\/www.elementvape.de\/#website"},"primaryImageOfPage":{"@id":"https:\/\/www.elementvape.de\/fi\/produkt\/lost-vape-epoch-pod-system-kit-1000mah\/#primaryimage"},"image":{"@id":"https:\/\/www.elementvape.de\/fi\/produkt\/lost-vape-epoch-pod-system-kit-1000mah\/#primaryimage"},"thumbnailUrl":"https:\/\/www.elementvape.de\/wp-content\/uploads\/2024\/06\/Epoch-Pod-Kit-1_46a034dc-a15c-42a4-8c43-a2f8a7e732b9.webp","datePublished":"2024-06-25T03:13:34+00:00","dateModified":"2024-09-12T10:29:44+00:00","description":"Wir bieten Lost Vape Epoch Pod System Kit 1000mAh , Elementvape.de akzeptieren Gro\u00df-und Einzelhandel Bestellungen.","breadcrumb":{"@id":"https:\/\/www.elementvape.de\/fi\/produkt\/lost-vape-epoch-pod-system-kit-1000mah\/#breadcrumb"},"inLanguage":"pt-PT","potentialAction":[{"@type":"ReadAction","target":["https:\/\/www.elementvape.de\/fi\/produkt\/lost-vape-epoch-pod-system-kit-1000mah\/"]}]},{"@type":"ImageObject","inLanguage":"pt-PT","@id":"https:\/\/www.elementvape.de\/fi\/produkt\/lost-vape-epoch-pod-system-kit-1000mah\/#primaryimage","url":"https:\/\/www.elementvape.de\/wp-content\/uploads\/2024\/06\/Epoch-Pod-Kit-1_46a034dc-a15c-42a4-8c43-a2f8a7e732b9.webp","contentUrl":"https:\/\/www.elementvape.de\/wp-content\/uploads\/2024\/06\/Epoch-Pod-Kit-1_46a034dc-a15c-42a4-8c43-a2f8a7e732b9.webp","width":800,"height":800,"caption":"Epoch-Pod-Kit-1_46a034dc-a15c-42a4-8c43-a2f8a7e732b9"},{"@type":"BreadcrumbList","@id":"https:\/\/www.elementvape.de\/fi\/produkt\/lost-vape-epoch-pod-system-kit-1000mah\/#breadcrumb","itemListElement":[{"@type":"ListItem","position":1,"name":"Home","item":"https:\/\/www.elementvape.de\/"},{"@type":"ListItem","position":2,"name":"Shop","item":"https:\/\/www.elementvape.de\/shop\/"},{"@type":"ListItem","position":3,"name":"Lost Vape Epoch Pod System Kit 1000mAh"}]},{"@type":"WebSite","@id":"https:\/\/www.elementvape.de\/#website","url":"https:\/\/www.elementvape.de\/","name":"ElementVape.de","description":"","publisher":{"@id":"https:\/\/www.elementvape.de\/#organization"},"potentialAction":[{"@type":"SearchAction","target":{"@type":"EntryPoint","urlTemplate":"https:\/\/www.elementvape.de\/?s={search_term_string}"},"query-input":"required name=search_term_string"}],"inLanguage":"pt-PT"},{"@type":"Organization","@id":"https:\/\/www.elementvape.de\/#organization","name":"ElementVape.DE","url":"https:\/\/www.elementvape.de\/","logo":{"@type":"ImageObject","inLanguage":"pt-PT","@id":"https:\/\/www.elementvape.de\/#\/schema\/logo\/image\/","url":"https:\/\/www.elementvape.de\/wp-content\/uploads\/2024\/09\/cropped-1elementvape-3.png","contentUrl":"https:\/\/www.elementvape.de\/wp-content\/uploads\/2024\/09\/cropped-1elementvape-3.png","width":285,"height":228,"caption":"ElementVape.DE"},"image":{"@id":"https:\/\/www.elementvape.de\/#\/schema\/logo\/image\/"}}]}},"_links":{"self":[{"href":"https:\/\/www.elementvape.de\/pt\/wp-json\/wp\/v2\/product\/13007"}],"collection":[{"href":"https:\/\/www.elementvape.de\/pt\/wp-json\/wp\/v2\/product"}],"about":[{"href":"https:\/\/www.elementvape.de\/pt\/wp-json\/wp\/v2\/types\/product"}],"wp:featuredmedia":[{"embeddable":true,"href":"https:\/\/www.elementvape.de\/pt\/wp-json\/wp\/v2\/media\/13014"}],"wp:attachment":[{"href":"https:\/\/www.elementvape.de\/pt\/wp-json\/wp\/v2\/media?parent=13007"}],"wp:term":[{"taxonomy":"product_cat","embeddable":true,"href":"https:\/\/www.elementvape.de\/pt\/wp-json\/wp\/v2\/product_cat?post=13007"},{"taxonomy":"product_tag","embeddable":true,"href":"https:\/\/www.elementvape.de\/pt\/wp-json\/wp\/v2\/product_tag?post=13007"}],"curies":[{"name":"wp","href":"https:\/\/api.w.org\/{rel}","templated":true}]}}