{"id":12562,"date":"2024-06-19T03:42:06","date_gmt":"2024-06-19T03:42:06","guid":{"rendered":"https:\/\/www.elementvape.de\/?post_type=product&#038;p=12562"},"modified":"2024-09-12T10:35:54","modified_gmt":"2024-09-12T10:35:54","slug":"wotofo-mega-einweg-e-zigarette-2500-zuege","status":"publish","type":"product","link":"https:\/\/www.elementvape.de\/pt\/produkt\/wotofo-mega-einweg-e-zigarette-2500-zuege\/","title":{"rendered":"Wotofo Mega+ Cigarrilha eletr\u00f3nica descart\u00e1vel 2500 tragos"},"content":{"rendered":"<div class=\"flex-shrink-0 flex flex-col relative items-end\">\n<div>\n<div class=\"pt-0.5 juice:pt-0\">\n<div class=\"gizmo-bot-avatar flex h-6 w-6 items-center justify-center overflow-hidden rounded-full juice:h-8 juice:w-8\">\n<div class=\"relative p-1 rounded-sm flex items-center justify-center bg-token-main-surface-primary text-token-text-primary h-8 w-8\"><\/div>\n<\/div>\n<\/div>\n<\/div>\n<\/div>\n<div class=\"group\/conversation-turn relative flex w-full min-w-0 flex-col agent-turn\">\n<div class=\"flex-col gap-1 md:gap-3\">\n<div class=\"flex flex-grow flex-col max-w-full\">\n<div class=\"min-h-[20px] text-message flex flex-col items-start whitespace-pre-wrap break-words [.text-message+&amp;]:mt-5 juice:w-full juice:items-end overflow-x-auto gap-2\" dir=\"auto\" data-message-author-role=\"assistant\" data-message-id=\"1dd39c44-9b63-4f64-945b-a8828867442b\">\n<div class=\"flex w-full flex-col gap-1 juice:empty:hidden juice:first:pt-[3px]\">\n<div class=\"markdown prose w-full break-words dark:prose-invert light\">\n<h3>Wotofo Mega+ Cigarro Eletr\u00f3nico Descart\u00e1vel: Uma Vis\u00e3o Abrangente<\/h3>\n<h4>Introdu\u00e7\u00e3o e Posi\u00e7\u00e3o no Mercado<\/h4>\n<p><strong>Wotofo Mega+<\/strong> \u00e9 o mais recente membro da s\u00e9rie Mega e representa uma adi\u00e7\u00e3o impressionante aos j\u00e1 populares <strong><a href=\"https:\/\/www.elementvape.de\/pt\/c\/einweg-zigarette\/\">Cigarro eletr\u00f4nico descart\u00e1vel<\/a><\/strong> produtos da Wotofo. O Mega+ oferece uma solu\u00e7\u00e3o conveniente e elegante para vapers que procuram um dispositivo compacto, port\u00e1til e potente. Com o seu design exclusivo de ponta de gotejamento de silicone e uma variedade de sabores, o Wotofo Mega+ destaca-se claramente da concorr\u00eancia. Este dispositivo \u00e9 particularmente atraente para grossistas que procuram produtos de alta qualidade a pre\u00e7os competitivos.<\/p>\n<h4>Especifica\u00e7\u00f5es t\u00e9cnicas<\/h4>\n<p>O Wotofo Mega+ destaca-se por uma s\u00e9rie de especifica\u00e7\u00f5es t\u00e9cnicas que sublinham a sua facilidade de utiliza\u00e7\u00e3o e desempenho.<\/p>\n<ul>\n<li><strong>Tamanho do produto<\/strong>: \u03c620 mm * 115 mm, o que o torna compacto e f\u00e1cil de transportar.<\/li>\n<li><strong>Materiais<\/strong>: Silicone de qualidade alimentar, PCTG e a\u00e7o inoxid\u00e1vel (SS) garantem durabilidade e seguran\u00e7a.<\/li>\n<li><strong>Capacidade da bateria<\/strong>: A bateria integrada de 850 mAh garante uma utiliza\u00e7\u00e3o duradoura sem carregamentos frequentes.<\/li>\n<li><strong>Tipo de Bobina<\/strong>: Equipado com uma bobina de malha nexMESH Tech, que garante um aquecimento uniforme e um sabor aprimorado.<\/li>\n<li><strong>Resist\u00eancia da bobina<\/strong>: 1,1 \u03a9, que garante uma produ\u00e7\u00e3o de vapor \u00f3tima.<\/li>\n<li><strong>Sal de Nicotina<\/strong>: Dispon\u00edvel em variantes de 50 mg e 20 mg, para atender \u00e0s diferentes necessidades dos utilizadores.<\/li>\n<li><strong>Capacidade de L\u00edquido Eletr\u00f3nico<\/strong>: Com 7,0 ml de E-L\u00edquido, o Mega+ pode fornecer at\u00e9 2500 tragos antes de ser necess\u00e1rio substituir.<\/li>\n<\/ul>\n<h4>Variedade de Sabores<\/h4>\n<p>Uma das principais vantagens do Wotofo Mega+ \u00e9 a impressionante sele\u00e7\u00e3o de sabores, que oferece algo para todos os gostos:<\/p>\n<ul>\n<li><strong>Aromas Frutados<\/strong>: Limonada de P\u00eassego, Bolo de Morango, Ma\u00e7\u00e3 Vermelha com Lim\u00e3o, Gelado de Morango, Ma\u00e7\u00e3 Azeda, Gelado de Melancia, Goiaba Kiwi Maracuj\u00e1, Kiwi P\u00eara Mel\u00e3o Cantaloupe.<\/li>\n<li><strong>Aromas Refrescantes<\/strong>: Cola de Lim\u00e3o, Lim\u00e3o com Framboesa Azul Gelado, Gelado de Framboesa com Mirtilo.<\/li>\n<li><strong>Aromas Cl\u00e1ssicos<\/strong>: Gelado de Uva, Gelado de Uva com Framboesa.<\/li>\n<\/ul>\n<h4>Detalhes do Produto e Embalagem<\/h4>\n<p>Cada embalagem do Wotofo Mega+ cont\u00e9m:<\/p>\n<ul>\n<li><strong>1 x Vape descart\u00e1vel Wotofo Mega+<\/strong>: Um dispositivo totalmente carregado e cheio, pronto a usar. O design descart\u00e1vel significa que n\u00e3o requer manuten\u00e7\u00e3o ou reabastecimento, tornando-o ideal para uso r\u00e1pido e simples.<\/li>\n<\/ul>\n<h4>Conclus\u00e3o<\/h4>\n<p>O Vape descart\u00e1vel Wotofo Mega+ oferece uma excelente combina\u00e7\u00e3o de design, funcionalidade e sabor. As suas dimens\u00f5es compactas, acabamento de alta qualidade e ampla gama de sabores fazem dele uma escolha ideal para vaporizadores que procuram mobilidade e uma experi\u00eancia de vapor de primeira classe. Para grossistas, o Mega+ oferece uma oportunidade atraente de oferecer um produto de alta qualidade a pre\u00e7os competitivos, que certamente ser\u00e1 apreciado pelos clientes.<\/p>\n<\/div>\n<\/div>\n<\/div>\n<\/div>\n<\/div>\n<\/div>","protected":false},"excerpt":{"rendered":"<p>Wotofo Mega+ Einweg-E-Zigarette: Ein umfassender \u00dcberblick Einf\u00fchrung und Marktposition Wotofo Mega+ ist das neueste Mitglied der Mega-Serie und stellt eine beeindruckende Erg\u00e4nzung zu den bereits beliebten Einweg-E-Zigarette Produkten von Wotofo dar. Der Mega+ bietet eine bequeme und stilvolle L\u00f6sung f\u00fcr Vaper, die ein kompaktes, tragbares und leistungsf\u00e4higes Ger\u00e4t suchen. Mit seinem einzigartigen Silikon-Tropfspitzendesign und einer [&hellip;]<\/p>","protected":false},"featured_media":12577,"template":"","meta":{"inline_featured_image":false},"product_cat":[78,754,745,742,748,744,755,738,751],"product_tag":[],"tiered_pricing_type":"fixed","tiered_pricing_fixed_rules":[],"tiered_pricing_percentage_rules":[],"tiered_pricing_minimum":1,"_administrator_tiered_pricing_type":"fixed","_administrator_tiered_pricing_fixed_rules":[],"_editor_tiered_pricing_type":"fixed","_editor_tiered_pricing_fixed_rules":[],"_author_tiered_pricing_type":"fixed","_author_tiered_pricing_fixed_rules":[],"_contributor_tiered_pricing_type":"fixed","_contributor_tiered_pricing_fixed_rules":[],"_subscriber_tiered_pricing_type":"fixed","_subscriber_tiered_pricing_fixed_rules":[],"_customer_tiered_pricing_type":"fixed","_customer_tiered_pricing_fixed_rules":[],"_shop_manager_tiered_pricing_type":"fixed","_shop_manager_tiered_pricing_fixed_rules":[],"_wpseo_manager_tiered_pricing_type":"fixed","_wpseo_manager_tiered_pricing_fixed_rules":[],"_wpseo_editor_tiered_pricing_type":"fixed","_wpseo_editor_tiered_pricing_fixed_rules":[],"_wholesale_customer_tiered_pricing_type":"fixed","_wholesale_customer_tiered_pricing_fixed_rules":[],"_marketer_tiered_pricing_type":"fixed","_marketer_tiered_pricing_fixed_rules":[],"_sales_manager_tiered_pricing_type":"fixed","_sales_manager_tiered_pricing_fixed_rules":[],"_sales_rep_tiered_pricing_type":"fixed","_sales_rep_tiered_pricing_fixed_rules":[],"yoast_head":"<!-- This site is optimized with the Yoast SEO plugin v23.3 - https:\/\/yoast.com\/wordpress\/plugins\/seo\/ -->\n<title>Wotofo Mega+ Einweg-E-Zigarette 2500 Z\u00fcge | ElementVape.de<\/title>\n<meta name=\"description\" content=\"Wir bieten Wotofo Mega+ Einweg-E-Zigarette 2500 Z\u00fcge , Elementvape.de akzeptieren Gro\u00df-und Einzelhandel Bestellungen.\" \/>\n<meta name=\"robots\" content=\"index, follow, max-snippet:-1, max-image-preview:large, max-video-preview:-1\" \/>\n<link rel=\"canonical\" href=\"https:\/\/www.elementvape.de\/pt\/produkt\/wotofo-mega-einweg-e-zigarette-2500-zuege\/\" \/>\n<meta property=\"og:locale\" content=\"pt_PT\" \/>\n<meta property=\"og:type\" content=\"article\" \/>\n<meta property=\"og:title\" content=\"Wotofo Mega+ Einweg-E-Zigarette 2500 Z\u00fcge | ElementVape.de\" \/>\n<meta property=\"og:description\" content=\"Wir bieten Wotofo Mega+ Einweg-E-Zigarette 2500 Z\u00fcge , Elementvape.de akzeptieren Gro\u00df-und Einzelhandel Bestellungen.\" \/>\n<meta property=\"og:url\" content=\"https:\/\/www.elementvape.de\/pt\/produkt\/wotofo-mega-einweg-e-zigarette-2500-zuege\/\" \/>\n<meta property=\"og:site_name\" content=\"ElementVape.de\" \/>\n<meta property=\"article:modified_time\" content=\"2024-09-12T10:35:54+00:00\" \/>\n<meta property=\"og:image\" content=\"https:\/\/www.elementvape.de\/wp-content\/uploads\/2024\/06\/GuavaKiwiPassionfruit.webp\" \/>\n\t<meta property=\"og:image:width\" content=\"800\" \/>\n\t<meta property=\"og:image:height\" content=\"800\" \/>\n\t<meta property=\"og:image:type\" content=\"image\/webp\" \/>\n<meta name=\"twitter:card\" content=\"summary_large_image\" \/>\n<meta name=\"twitter:label1\" content=\"Est. reading time\" \/>\n\t<meta name=\"twitter:data1\" content=\"3 minutos\" \/>\n<script type=\"application\/ld+json\" class=\"yoast-schema-graph\">{\"@context\":\"https:\/\/schema.org\",\"@graph\":[{\"@type\":\"WebPage\",\"@id\":\"https:\/\/www.elementvape.de\/produkt\/wotofo-mega-einweg-e-zigarette-2500-zuege\/\",\"url\":\"https:\/\/www.elementvape.de\/produkt\/wotofo-mega-einweg-e-zigarette-2500-zuege\/\",\"name\":\"Wotofo Mega+ Einweg-E-Zigarette 2500 Z\u00fcge | ElementVape.de\",\"isPartOf\":{\"@id\":\"https:\/\/www.elementvape.de\/#website\"},\"primaryImageOfPage\":{\"@id\":\"https:\/\/www.elementvape.de\/produkt\/wotofo-mega-einweg-e-zigarette-2500-zuege\/#primaryimage\"},\"image\":{\"@id\":\"https:\/\/www.elementvape.de\/produkt\/wotofo-mega-einweg-e-zigarette-2500-zuege\/#primaryimage\"},\"thumbnailUrl\":\"https:\/\/www.elementvape.de\/wp-content\/uploads\/2024\/06\/GuavaKiwiPassionfruit.webp\",\"datePublished\":\"2024-06-19T03:42:06+00:00\",\"dateModified\":\"2024-09-12T10:35:54+00:00\",\"description\":\"Wir bieten Wotofo Mega+ Einweg-E-Zigarette 2500 Z\u00fcge , Elementvape.de akzeptieren Gro\u00df-und Einzelhandel Bestellungen.\",\"breadcrumb\":{\"@id\":\"https:\/\/www.elementvape.de\/produkt\/wotofo-mega-einweg-e-zigarette-2500-zuege\/#breadcrumb\"},\"inLanguage\":\"pt-PT\",\"potentialAction\":[{\"@type\":\"ReadAction\",\"target\":[\"https:\/\/www.elementvape.de\/produkt\/wotofo-mega-einweg-e-zigarette-2500-zuege\/\"]}]},{\"@type\":\"ImageObject\",\"inLanguage\":\"pt-PT\",\"@id\":\"https:\/\/www.elementvape.de\/produkt\/wotofo-mega-einweg-e-zigarette-2500-zuege\/#primaryimage\",\"url\":\"https:\/\/www.elementvape.de\/wp-content\/uploads\/2024\/06\/GuavaKiwiPassionfruit.webp\",\"contentUrl\":\"https:\/\/www.elementvape.de\/wp-content\/uploads\/2024\/06\/GuavaKiwiPassionfruit.webp\",\"width\":800,\"height\":800,\"caption\":\"GuavaKiwiPassionfruit\"},{\"@type\":\"BreadcrumbList\",\"@id\":\"https:\/\/www.elementvape.de\/produkt\/wotofo-mega-einweg-e-zigarette-2500-zuege\/#breadcrumb\",\"itemListElement\":[{\"@type\":\"ListItem\",\"position\":1,\"name\":\"Home\",\"item\":\"https:\/\/www.elementvape.de\/\"},{\"@type\":\"ListItem\",\"position\":2,\"name\":\"Shop\",\"item\":\"https:\/\/www.elementvape.de\/shop\/\"},{\"@type\":\"ListItem\",\"position\":3,\"name\":\"Wotofo Mega+ Einweg-E-Zigarette 2500 Z\u00fcge\"}]},{\"@type\":\"WebSite\",\"@id\":\"https:\/\/www.elementvape.de\/#website\",\"url\":\"https:\/\/www.elementvape.de\/\",\"name\":\"ElementVape.de\",\"description\":\"\",\"publisher\":{\"@id\":\"https:\/\/www.elementvape.de\/#organization\"},\"potentialAction\":[{\"@type\":\"SearchAction\",\"target\":{\"@type\":\"EntryPoint\",\"urlTemplate\":\"https:\/\/www.elementvape.de\/?s={search_term_string}\"},\"query-input\":\"required name=search_term_string\"}],\"inLanguage\":\"pt-PT\"},{\"@type\":\"Organization\",\"@id\":\"https:\/\/www.elementvape.de\/#organization\",\"name\":\"ElementVape.DE\",\"url\":\"https:\/\/www.elementvape.de\/\",\"logo\":{\"@type\":\"ImageObject\",\"inLanguage\":\"pt-PT\",\"@id\":\"https:\/\/www.elementvape.de\/#\/schema\/logo\/image\/\",\"url\":\"https:\/\/www.elementvape.de\/wp-content\/uploads\/2024\/09\/cropped-1elementvape-3.png\",\"contentUrl\":\"https:\/\/www.elementvape.de\/wp-content\/uploads\/2024\/09\/cropped-1elementvape-3.png\",\"width\":285,\"height\":228,\"caption\":\"ElementVape.DE\"},\"image\":{\"@id\":\"https:\/\/www.elementvape.de\/#\/schema\/logo\/image\/\"}}]}<\/script>\n<!-- \/ Yoast SEO plugin. -->","yoast_head_json":{"title":"Wotofo Mega+ Einweg-E-Zigarette 2500 Z\u00fcge | ElementVape.de","description":"Wir bieten Wotofo Mega+ Einweg-E-Zigarette 2500 Z\u00fcge , Elementvape.de akzeptieren Gro\u00df-und Einzelhandel Bestellungen.","robots":{"index":"index","follow":"follow","max-snippet":"max-snippet:-1","max-image-preview":"max-image-preview:large","max-video-preview":"max-video-preview:-1"},"canonical":"https:\/\/www.elementvape.de\/pt\/produkt\/wotofo-mega-einweg-e-zigarette-2500-zuege\/","og_locale":"pt_PT","og_type":"article","og_title":"Wotofo Mega+ Einweg-E-Zigarette 2500 Z\u00fcge | ElementVape.de","og_description":"Wir bieten Wotofo Mega+ Einweg-E-Zigarette 2500 Z\u00fcge , Elementvape.de akzeptieren Gro\u00df-und Einzelhandel Bestellungen.","og_url":"https:\/\/www.elementvape.de\/pt\/produkt\/wotofo-mega-einweg-e-zigarette-2500-zuege\/","og_site_name":"ElementVape.de","article_modified_time":"2024-09-12T10:35:54+00:00","og_image":[{"width":800,"height":800,"url":"https:\/\/www.elementvape.de\/wp-content\/uploads\/2024\/06\/GuavaKiwiPassionfruit.webp","type":"image\/webp"}],"twitter_card":"summary_large_image","twitter_misc":{"Est. reading time":"3 minutos"},"schema":{"@context":"https:\/\/schema.org","@graph":[{"@type":"WebPage","@id":"https:\/\/www.elementvape.de\/produkt\/wotofo-mega-einweg-e-zigarette-2500-zuege\/","url":"https:\/\/www.elementvape.de\/produkt\/wotofo-mega-einweg-e-zigarette-2500-zuege\/","name":"Wotofo Mega+ Einweg-E-Zigarette 2500 Z\u00fcge | ElementVape.de","isPartOf":{"@id":"https:\/\/www.elementvape.de\/#website"},"primaryImageOfPage":{"@id":"https:\/\/www.elementvape.de\/produkt\/wotofo-mega-einweg-e-zigarette-2500-zuege\/#primaryimage"},"image":{"@id":"https:\/\/www.elementvape.de\/produkt\/wotofo-mega-einweg-e-zigarette-2500-zuege\/#primaryimage"},"thumbnailUrl":"https:\/\/www.elementvape.de\/wp-content\/uploads\/2024\/06\/GuavaKiwiPassionfruit.webp","datePublished":"2024-06-19T03:42:06+00:00","dateModified":"2024-09-12T10:35:54+00:00","description":"Wir bieten Wotofo Mega+ Einweg-E-Zigarette 2500 Z\u00fcge , Elementvape.de akzeptieren Gro\u00df-und Einzelhandel Bestellungen.","breadcrumb":{"@id":"https:\/\/www.elementvape.de\/produkt\/wotofo-mega-einweg-e-zigarette-2500-zuege\/#breadcrumb"},"inLanguage":"pt-PT","potentialAction":[{"@type":"ReadAction","target":["https:\/\/www.elementvape.de\/produkt\/wotofo-mega-einweg-e-zigarette-2500-zuege\/"]}]},{"@type":"ImageObject","inLanguage":"pt-PT","@id":"https:\/\/www.elementvape.de\/produkt\/wotofo-mega-einweg-e-zigarette-2500-zuege\/#primaryimage","url":"https:\/\/www.elementvape.de\/wp-content\/uploads\/2024\/06\/GuavaKiwiPassionfruit.webp","contentUrl":"https:\/\/www.elementvape.de\/wp-content\/uploads\/2024\/06\/GuavaKiwiPassionfruit.webp","width":800,"height":800,"caption":"GuavaKiwiPassionfruit"},{"@type":"BreadcrumbList","@id":"https:\/\/www.elementvape.de\/produkt\/wotofo-mega-einweg-e-zigarette-2500-zuege\/#breadcrumb","itemListElement":[{"@type":"ListItem","position":1,"name":"Home","item":"https:\/\/www.elementvape.de\/"},{"@type":"ListItem","position":2,"name":"Shop","item":"https:\/\/www.elementvape.de\/shop\/"},{"@type":"ListItem","position":3,"name":"Wotofo Mega+ Einweg-E-Zigarette 2500 Z\u00fcge"}]},{"@type":"WebSite","@id":"https:\/\/www.elementvape.de\/#website","url":"https:\/\/www.elementvape.de\/","name":"ElementVape.de","description":"","publisher":{"@id":"https:\/\/www.elementvape.de\/#organization"},"potentialAction":[{"@type":"SearchAction","target":{"@type":"EntryPoint","urlTemplate":"https:\/\/www.elementvape.de\/?s={search_term_string}"},"query-input":"required name=search_term_string"}],"inLanguage":"pt-PT"},{"@type":"Organization","@id":"https:\/\/www.elementvape.de\/#organization","name":"ElementVape.DE","url":"https:\/\/www.elementvape.de\/","logo":{"@type":"ImageObject","inLanguage":"pt-PT","@id":"https:\/\/www.elementvape.de\/#\/schema\/logo\/image\/","url":"https:\/\/www.elementvape.de\/wp-content\/uploads\/2024\/09\/cropped-1elementvape-3.png","contentUrl":"https:\/\/www.elementvape.de\/wp-content\/uploads\/2024\/09\/cropped-1elementvape-3.png","width":285,"height":228,"caption":"ElementVape.DE"},"image":{"@id":"https:\/\/www.elementvape.de\/#\/schema\/logo\/image\/"}}]}},"_links":{"self":[{"href":"https:\/\/www.elementvape.de\/pt\/wp-json\/wp\/v2\/product\/12562"}],"collection":[{"href":"https:\/\/www.elementvape.de\/pt\/wp-json\/wp\/v2\/product"}],"about":[{"href":"https:\/\/www.elementvape.de\/pt\/wp-json\/wp\/v2\/types\/product"}],"wp:featuredmedia":[{"embeddable":true,"href":"https:\/\/www.elementvape.de\/pt\/wp-json\/wp\/v2\/media\/12577"}],"wp:attachment":[{"href":"https:\/\/www.elementvape.de\/pt\/wp-json\/wp\/v2\/media?parent=12562"}],"wp:term":[{"taxonomy":"product_cat","embeddable":true,"href":"https:\/\/www.elementvape.de\/pt\/wp-json\/wp\/v2\/product_cat?post=12562"},{"taxonomy":"product_tag","embeddable":true,"href":"https:\/\/www.elementvape.de\/pt\/wp-json\/wp\/v2\/product_tag?post=12562"}],"curies":[{"name":"wp","href":"https:\/\/api.w.org\/{rel}","templated":true}]}}