{"id":12501,"date":"2024-06-18T09:42:37","date_gmt":"2024-06-18T09:42:37","guid":{"rendered":"https:\/\/www.elementvape.de\/?post_type=product&#038;p=12501"},"modified":"2024-09-12T10:35:56","modified_gmt":"2024-09-12T10:35:56","slug":"horizontech-binaries-6k-einweg-e-zigarette-6000-zuege","status":"publish","type":"product","link":"https:\/\/www.elementvape.de\/pt\/produkt\/horizontech-binaries-6k-einweg-e-zigarette-6000-zuege\/","title":{"rendered":"HorizonTech Binaries 6K Cigarrinho Eletr\u00f3nico Descart\u00e1vel 6000 Puffs"},"content":{"rendered":"<div class=\"flex-shrink-0 flex flex-col relative items-end\">\n<div>\n<div class=\"pt-0.5 juice:pt-0\">\n<div class=\"gizmo-bot-avatar flex h-6 w-6 items-center justify-center overflow-hidden rounded-full juice:h-8 juice:w-8\">\n<h2 class=\"relative p-1 rounded-sm flex items-center justify-center bg-token-main-surface-primary text-token-text-primary h-8 w-8\"><span style=\"font-size: 1.618em;\">Descri\u00e7\u00e3o do Produto do Vape Descart\u00e1vel HorizonTech Binaries 6K<\/span><\/h2>\n<\/div>\n<\/div>\n<\/div>\n<\/div>\n<div class=\"group\/conversation-turn relative flex w-full min-w-0 flex-col agent-turn\">\n<div class=\"flex-col gap-1 md:gap-3\">\n<div class=\"flex flex-grow flex-col max-w-full\">\n<div class=\"min-h-[20px] text-message flex flex-col items-start whitespace-pre-wrap break-words [.text-message+&amp;]:mt-5 juice:w-full juice:items-end overflow-x-auto gap-2\" dir=\"auto\" data-message-author-role=\"assistant\" data-message-id=\"dc791423-500b-4598-b8ee-1c402d1c8afa\">\n<div class=\"flex w-full flex-col gap-1 juice:empty:hidden juice:first:pt-[3px]\">\n<div class=\"markdown prose w-full break-words dark:prose-invert light\">\n<p>O <strong>Vape Descart\u00e1vel HorizonTech Binaries 6K<\/strong> \u00e9 o kit de vaping ideal para pessoas que est\u00e3o sempre em movimento. \u00c9 compacto, leve e f\u00e1cil de usar, tornando-o perfeito para um estilo de vida ativo. Equipado com uma bateria de 650 mAh e uma capacidade generosa de 15 ml de l\u00edquido eletr\u00f3nico, oferece at\u00e9 6000 tragos, sem necessidade de recargas ou carregamentos frequentes.<\/p>\n<h3>Principais caracter\u00edsticas<\/h3>\n<ol>\n<li><strong>Capacidade de e-l\u00edquido:<\/strong> 15 ml de l\u00edquido eletr\u00f3nico pr\u00e9-carregado para vaporiza\u00e7\u00e3o duradoura<\/li>\n<li><strong>Intensidade de nicotina:<\/strong> Nicotine % (50 mg) para uma experi\u00eancia de vaping intensa<\/li>\n<li><strong>Recarreg\u00e1vel:<\/strong> Conector Tipo-C para carregamento r\u00e1pido e f\u00e1cil<\/li>\n<li><strong>Alta capacidade de tragos:<\/strong> At\u00e9 6000 tragos por dispositivo<\/li>\n<li><strong>Capacidade da bateria:<\/strong> Bateria integrada de 650 mAh para vaporiza\u00e7\u00e3o duradoura<\/li>\n<li><strong>Bobina de malha:<\/strong> 1,0 Ohm para vapor suave e intenso<\/li>\n<li><strong>Ativa\u00e7\u00e3o do cigarro:<\/strong> F\u00e1cil de usar sem bot\u00f5es, puxar facilmente ativa o dispositivo<\/li>\n<li><strong>Vaping MTL:<\/strong> Adequado para inala\u00e7\u00e3o de boca para pulm\u00e3o<\/li>\n<li><strong>Veda\u00e7\u00e3o de ar \u00e0 prova de vazamentos:<\/strong> Previne o vazamento de e-l\u00edquido<\/li>\n<\/ol>\n<h3>Par\u00e2metros f\u00edsicos<\/h3>\n<ul>\n<li><strong>Capacidade de e-l\u00edquido:<\/strong> 15 ml<\/li>\n<li><strong>Intensidade de nicotina:<\/strong> 5 % (50 mg\/ml)<\/li>\n<li><strong>Puxadas:<\/strong> Cerca de 6000 puxadas<\/li>\n<li><strong>Capacidade da bateria:<\/strong> 650 mAh<\/li>\n<li><strong>Resist\u00eancia:<\/strong> Bobina de malha de 1,0 Ohm<\/li>\n<li><strong>Carregamento:<\/strong> Conector Tipo-C<\/li>\n<li><strong>Ativa\u00e7\u00e3o:<\/strong> Ativado por puxar<\/li>\n<\/ul>\n<h3>Sele\u00e7\u00e3o de sabores<\/h3>\n<ul>\n<li>Uva de aloe vera<\/li>\n<li>Gelo Aperol Spritz<\/li>\n<li>Bolo de ma\u00e7\u00e3<\/li>\n<li>Chiclete de amora<\/li>\n<li>Margarita de Frutos Vermelhos<\/li>\n<li>Refrigerante de Framboesa Azul com Rosa<\/li>\n<li>Blue Razz<\/li>\n<li>Muffins de Lim\u00e3o Blue Razz<\/li>\n<li>Donuts de Mirtilo Assados<\/li>\n<li>Caramelo de Manteiga<\/li>\n<li>Bolo de Cereja<\/li>\n<li>Transparente<\/li>\n<li>Caramelos Cremosos<\/li>\n<li>Tartes de Pudim de Fruta Portuguesa<\/li>\n<li>Boneco de Gengibre<\/li>\n<li>Torta de Merengue de Lim\u00e3o<\/li>\n<li>Sorvete de Manga Colada<\/li>\n<li>Marshmallow<\/li>\n<li>hortel\u00e3<\/li>\n<li>Sorvete de Laranja, Melancia e Abacaxi<\/li>\n<li>Sorvete de P\u00eassego, Manga e Damasco<\/li>\n<li>Bolo de Abacaxi ao Contr\u00e1rio<\/li>\n<li>Rebu\u00e7ados Arco-\u00cdris<\/li>\n<li>Sorvete de Ma\u00e7\u00e3 Fuji Vermelha<\/li>\n<li>Morango<\/li>\n<li>Sorvete de Morango e Banana<\/li>\n<li>Tarte de Queijo com Morango<\/li>\n<li>Morango com Uva<\/li>\n<li>Iogurte de Morango e P\u00eassego<\/li>\n<li>Crosta de Frutos Vermelhos Tripla<\/li>\n<li>Pudim de Baunilha<\/li>\n<li>Gelado de Melancia<\/li>\n<li>Smoothie de Melancia<\/li>\n<\/ul>\n<h3>Lista de Embalagem<\/h3>\n<ul>\n<li>1 x Vape Descart\u00e1vel HorizonTech Binaries 6000 6000 Puffs<\/li>\n<\/ul>\n<h3>Resumo<\/h3>\n<p>O <strong>Vape Descart\u00e1vel HorizonTech Binaries 6K<\/strong> \u00e9 perfeito para fumadores que procuram uma experi\u00eancia de vaping simples e eficiente. Com uma grande variedade de sabores, uma alta capacidade de tragada e um design f\u00e1cil de usar, este dispositivo descart\u00e1vel oferece tudo o que precisa para uma experi\u00eancia de vaping agrad\u00e1vel.<\/p>\n<\/div>\n<\/div>\n<\/div>\n<\/div>\n<\/div>\n<\/div>","protected":false},"excerpt":{"rendered":"<p>HorizonTech Binaries 6K Disposable Vape Produktbeschreibung Der HorizonTech Binaries 6K Disposable Vape ist das ideale Vaping-Kit f\u00fcr Menschen, die viel unterwegs sind. Es ist kompakt, leicht und einfach zu bedienen, was es perfekt f\u00fcr einen aktiven Lebensstil macht. Ausgestattet mit einem 650-mAh-Akku und einer gro\u00dfz\u00fcgigen 15-ml-E-Liquid-Kapazit\u00e4t, bietet dieses Ger\u00e4t bis zu 6000 Z\u00fcge, ohne dass [&hellip;]<\/p>","protected":false},"featured_media":12502,"template":"","meta":{"inline_featured_image":false},"product_cat":[78,754,745,742,748,744,755,738,751],"product_tag":[],"tiered_pricing_type":"fixed","tiered_pricing_fixed_rules":[],"tiered_pricing_percentage_rules":[],"tiered_pricing_minimum":1,"_administrator_tiered_pricing_type":"fixed","_administrator_tiered_pricing_fixed_rules":[],"_editor_tiered_pricing_type":"fixed","_editor_tiered_pricing_fixed_rules":[],"_author_tiered_pricing_type":"fixed","_author_tiered_pricing_fixed_rules":[],"_contributor_tiered_pricing_type":"fixed","_contributor_tiered_pricing_fixed_rules":[],"_subscriber_tiered_pricing_type":"fixed","_subscriber_tiered_pricing_fixed_rules":[],"_customer_tiered_pricing_type":"fixed","_customer_tiered_pricing_fixed_rules":[],"_shop_manager_tiered_pricing_type":"fixed","_shop_manager_tiered_pricing_fixed_rules":[],"_wpseo_manager_tiered_pricing_type":"fixed","_wpseo_manager_tiered_pricing_fixed_rules":[],"_wpseo_editor_tiered_pricing_type":"fixed","_wpseo_editor_tiered_pricing_fixed_rules":[],"_wholesale_customer_tiered_pricing_type":"fixed","_wholesale_customer_tiered_pricing_fixed_rules":[],"_marketer_tiered_pricing_type":"fixed","_marketer_tiered_pricing_fixed_rules":[],"_sales_manager_tiered_pricing_type":"fixed","_sales_manager_tiered_pricing_fixed_rules":[],"_sales_rep_tiered_pricing_type":"fixed","_sales_rep_tiered_pricing_fixed_rules":[],"yoast_head":"<!-- This site is optimized with the Yoast SEO plugin v23.3 - https:\/\/yoast.com\/wordpress\/plugins\/seo\/ -->\n<title>HorizonTech Binaries 6K Einweg-E-Zigarette 6000 Z\u00fcge | ElementVape.de<\/title>\n<meta name=\"description\" content=\"Wir bieten HorizonTech Binaries 6K Einweg-E-Zigarette 6000 Z\u00fcge , Elementvape.de akzeptieren Gro\u00df-und Einzelhandel Bestellungen.\" \/>\n<meta name=\"robots\" content=\"index, follow, max-snippet:-1, max-image-preview:large, max-video-preview:-1\" \/>\n<link rel=\"canonical\" href=\"https:\/\/www.elementvape.de\/pt\/produkt\/horizontech-binaries-6k-einweg-e-zigarette-6000-zuege\/\" \/>\n<meta property=\"og:locale\" content=\"pt_PT\" \/>\n<meta property=\"og:type\" content=\"article\" \/>\n<meta property=\"og:title\" content=\"HorizonTech Binaries 6K Einweg-E-Zigarette 6000 Z\u00fcge | ElementVape.de\" \/>\n<meta property=\"og:description\" content=\"Wir bieten HorizonTech Binaries 6K Einweg-E-Zigarette 6000 Z\u00fcge , Elementvape.de akzeptieren Gro\u00df-und Einzelhandel Bestellungen.\" \/>\n<meta property=\"og:url\" content=\"https:\/\/www.elementvape.de\/pt\/produkt\/horizontech-binaries-6k-einweg-e-zigarette-6000-zuege\/\" \/>\n<meta property=\"og:site_name\" content=\"ElementVape.de\" \/>\n<meta property=\"article:modified_time\" content=\"2024-09-12T10:35:56+00:00\" \/>\n<meta property=\"og:image\" content=\"https:\/\/www.elementvape.de\/wp-content\/uploads\/2024\/06\/HorizonBinaries6KDisposableVapeKit6000Puffs__1.webp\" \/>\n\t<meta property=\"og:image:width\" content=\"800\" \/>\n\t<meta property=\"og:image:height\" content=\"800\" \/>\n\t<meta property=\"og:image:type\" content=\"image\/webp\" \/>\n<meta name=\"twitter:card\" content=\"summary_large_image\" \/>\n<meta name=\"twitter:label1\" content=\"Est. reading time\" \/>\n\t<meta name=\"twitter:data1\" content=\"2 minutos\" \/>\n<script type=\"application\/ld+json\" class=\"yoast-schema-graph\">{\"@context\":\"https:\/\/schema.org\",\"@graph\":[{\"@type\":\"WebPage\",\"@id\":\"https:\/\/www.elementvape.de\/fi\/produkt\/horizontech-binaries-6k-einweg-e-zigarette-6000-zuege\/\",\"url\":\"https:\/\/www.elementvape.de\/fi\/produkt\/horizontech-binaries-6k-einweg-e-zigarette-6000-zuege\/\",\"name\":\"HorizonTech Binaries 6K Einweg-E-Zigarette 6000 Z\u00fcge | ElementVape.de\",\"isPartOf\":{\"@id\":\"https:\/\/www.elementvape.de\/#website\"},\"primaryImageOfPage\":{\"@id\":\"https:\/\/www.elementvape.de\/fi\/produkt\/horizontech-binaries-6k-einweg-e-zigarette-6000-zuege\/#primaryimage\"},\"image\":{\"@id\":\"https:\/\/www.elementvape.de\/fi\/produkt\/horizontech-binaries-6k-einweg-e-zigarette-6000-zuege\/#primaryimage\"},\"thumbnailUrl\":\"https:\/\/www.elementvape.de\/wp-content\/uploads\/2024\/06\/HorizonBinaries6KDisposableVapeKit6000Puffs__1.webp\",\"datePublished\":\"2024-06-18T09:42:37+00:00\",\"dateModified\":\"2024-09-12T10:35:56+00:00\",\"description\":\"Wir bieten HorizonTech Binaries 6K Einweg-E-Zigarette 6000 Z\u00fcge , Elementvape.de akzeptieren Gro\u00df-und Einzelhandel Bestellungen.\",\"breadcrumb\":{\"@id\":\"https:\/\/www.elementvape.de\/fi\/produkt\/horizontech-binaries-6k-einweg-e-zigarette-6000-zuege\/#breadcrumb\"},\"inLanguage\":\"pt-PT\",\"potentialAction\":[{\"@type\":\"ReadAction\",\"target\":[\"https:\/\/www.elementvape.de\/fi\/produkt\/horizontech-binaries-6k-einweg-e-zigarette-6000-zuege\/\"]}]},{\"@type\":\"ImageObject\",\"inLanguage\":\"pt-PT\",\"@id\":\"https:\/\/www.elementvape.de\/fi\/produkt\/horizontech-binaries-6k-einweg-e-zigarette-6000-zuege\/#primaryimage\",\"url\":\"https:\/\/www.elementvape.de\/wp-content\/uploads\/2024\/06\/HorizonBinaries6KDisposableVapeKit6000Puffs__1.webp\",\"contentUrl\":\"https:\/\/www.elementvape.de\/wp-content\/uploads\/2024\/06\/HorizonBinaries6KDisposableVapeKit6000Puffs__1.webp\",\"width\":800,\"height\":800,\"caption\":\"HorizonBinaries6KDisposableVapeKit6000Puffs__1\"},{\"@type\":\"BreadcrumbList\",\"@id\":\"https:\/\/www.elementvape.de\/fi\/produkt\/horizontech-binaries-6k-einweg-e-zigarette-6000-zuege\/#breadcrumb\",\"itemListElement\":[{\"@type\":\"ListItem\",\"position\":1,\"name\":\"Home\",\"item\":\"https:\/\/www.elementvape.de\/\"},{\"@type\":\"ListItem\",\"position\":2,\"name\":\"Shop\",\"item\":\"https:\/\/www.elementvape.de\/shop\/\"},{\"@type\":\"ListItem\",\"position\":3,\"name\":\"HorizonTech Binaries 6K Einweg-E-Zigarette 6000 Z\u00fcge\"}]},{\"@type\":\"WebSite\",\"@id\":\"https:\/\/www.elementvape.de\/#website\",\"url\":\"https:\/\/www.elementvape.de\/\",\"name\":\"ElementVape.de\",\"description\":\"\",\"publisher\":{\"@id\":\"https:\/\/www.elementvape.de\/#organization\"},\"potentialAction\":[{\"@type\":\"SearchAction\",\"target\":{\"@type\":\"EntryPoint\",\"urlTemplate\":\"https:\/\/www.elementvape.de\/?s={search_term_string}\"},\"query-input\":\"required name=search_term_string\"}],\"inLanguage\":\"pt-PT\"},{\"@type\":\"Organization\",\"@id\":\"https:\/\/www.elementvape.de\/#organization\",\"name\":\"ElementVape.DE\",\"url\":\"https:\/\/www.elementvape.de\/\",\"logo\":{\"@type\":\"ImageObject\",\"inLanguage\":\"pt-PT\",\"@id\":\"https:\/\/www.elementvape.de\/#\/schema\/logo\/image\/\",\"url\":\"https:\/\/www.elementvape.de\/wp-content\/uploads\/2024\/09\/cropped-1elementvape-3.png\",\"contentUrl\":\"https:\/\/www.elementvape.de\/wp-content\/uploads\/2024\/09\/cropped-1elementvape-3.png\",\"width\":285,\"height\":228,\"caption\":\"ElementVape.DE\"},\"image\":{\"@id\":\"https:\/\/www.elementvape.de\/#\/schema\/logo\/image\/\"}}]}<\/script>\n<!-- \/ Yoast SEO plugin. -->","yoast_head_json":{"title":"HorizonTech Binaries 6K Einweg-E-Zigarette 6000 Z\u00fcge | ElementVape.de","description":"Wir bieten HorizonTech Binaries 6K Einweg-E-Zigarette 6000 Z\u00fcge , Elementvape.de akzeptieren Gro\u00df-und Einzelhandel Bestellungen.","robots":{"index":"index","follow":"follow","max-snippet":"max-snippet:-1","max-image-preview":"max-image-preview:large","max-video-preview":"max-video-preview:-1"},"canonical":"https:\/\/www.elementvape.de\/pt\/produkt\/horizontech-binaries-6k-einweg-e-zigarette-6000-zuege\/","og_locale":"pt_PT","og_type":"article","og_title":"HorizonTech Binaries 6K Einweg-E-Zigarette 6000 Z\u00fcge | ElementVape.de","og_description":"Wir bieten HorizonTech Binaries 6K Einweg-E-Zigarette 6000 Z\u00fcge , Elementvape.de akzeptieren Gro\u00df-und Einzelhandel Bestellungen.","og_url":"https:\/\/www.elementvape.de\/pt\/produkt\/horizontech-binaries-6k-einweg-e-zigarette-6000-zuege\/","og_site_name":"ElementVape.de","article_modified_time":"2024-09-12T10:35:56+00:00","og_image":[{"width":800,"height":800,"url":"https:\/\/www.elementvape.de\/wp-content\/uploads\/2024\/06\/HorizonBinaries6KDisposableVapeKit6000Puffs__1.webp","type":"image\/webp"}],"twitter_card":"summary_large_image","twitter_misc":{"Est. reading time":"2 minutos"},"schema":{"@context":"https:\/\/schema.org","@graph":[{"@type":"WebPage","@id":"https:\/\/www.elementvape.de\/fi\/produkt\/horizontech-binaries-6k-einweg-e-zigarette-6000-zuege\/","url":"https:\/\/www.elementvape.de\/fi\/produkt\/horizontech-binaries-6k-einweg-e-zigarette-6000-zuege\/","name":"HorizonTech Binaries 6K Einweg-E-Zigarette 6000 Z\u00fcge | ElementVape.de","isPartOf":{"@id":"https:\/\/www.elementvape.de\/#website"},"primaryImageOfPage":{"@id":"https:\/\/www.elementvape.de\/fi\/produkt\/horizontech-binaries-6k-einweg-e-zigarette-6000-zuege\/#primaryimage"},"image":{"@id":"https:\/\/www.elementvape.de\/fi\/produkt\/horizontech-binaries-6k-einweg-e-zigarette-6000-zuege\/#primaryimage"},"thumbnailUrl":"https:\/\/www.elementvape.de\/wp-content\/uploads\/2024\/06\/HorizonBinaries6KDisposableVapeKit6000Puffs__1.webp","datePublished":"2024-06-18T09:42:37+00:00","dateModified":"2024-09-12T10:35:56+00:00","description":"Wir bieten HorizonTech Binaries 6K Einweg-E-Zigarette 6000 Z\u00fcge , Elementvape.de akzeptieren Gro\u00df-und Einzelhandel Bestellungen.","breadcrumb":{"@id":"https:\/\/www.elementvape.de\/fi\/produkt\/horizontech-binaries-6k-einweg-e-zigarette-6000-zuege\/#breadcrumb"},"inLanguage":"pt-PT","potentialAction":[{"@type":"ReadAction","target":["https:\/\/www.elementvape.de\/fi\/produkt\/horizontech-binaries-6k-einweg-e-zigarette-6000-zuege\/"]}]},{"@type":"ImageObject","inLanguage":"pt-PT","@id":"https:\/\/www.elementvape.de\/fi\/produkt\/horizontech-binaries-6k-einweg-e-zigarette-6000-zuege\/#primaryimage","url":"https:\/\/www.elementvape.de\/wp-content\/uploads\/2024\/06\/HorizonBinaries6KDisposableVapeKit6000Puffs__1.webp","contentUrl":"https:\/\/www.elementvape.de\/wp-content\/uploads\/2024\/06\/HorizonBinaries6KDisposableVapeKit6000Puffs__1.webp","width":800,"height":800,"caption":"HorizonBinaries6KDisposableVapeKit6000Puffs__1"},{"@type":"BreadcrumbList","@id":"https:\/\/www.elementvape.de\/fi\/produkt\/horizontech-binaries-6k-einweg-e-zigarette-6000-zuege\/#breadcrumb","itemListElement":[{"@type":"ListItem","position":1,"name":"Home","item":"https:\/\/www.elementvape.de\/"},{"@type":"ListItem","position":2,"name":"Shop","item":"https:\/\/www.elementvape.de\/shop\/"},{"@type":"ListItem","position":3,"name":"HorizonTech Binaries 6K Einweg-E-Zigarette 6000 Z\u00fcge"}]},{"@type":"WebSite","@id":"https:\/\/www.elementvape.de\/#website","url":"https:\/\/www.elementvape.de\/","name":"ElementVape.de","description":"","publisher":{"@id":"https:\/\/www.elementvape.de\/#organization"},"potentialAction":[{"@type":"SearchAction","target":{"@type":"EntryPoint","urlTemplate":"https:\/\/www.elementvape.de\/?s={search_term_string}"},"query-input":"required name=search_term_string"}],"inLanguage":"pt-PT"},{"@type":"Organization","@id":"https:\/\/www.elementvape.de\/#organization","name":"ElementVape.DE","url":"https:\/\/www.elementvape.de\/","logo":{"@type":"ImageObject","inLanguage":"pt-PT","@id":"https:\/\/www.elementvape.de\/#\/schema\/logo\/image\/","url":"https:\/\/www.elementvape.de\/wp-content\/uploads\/2024\/09\/cropped-1elementvape-3.png","contentUrl":"https:\/\/www.elementvape.de\/wp-content\/uploads\/2024\/09\/cropped-1elementvape-3.png","width":285,"height":228,"caption":"ElementVape.DE"},"image":{"@id":"https:\/\/www.elementvape.de\/#\/schema\/logo\/image\/"}}]}},"_links":{"self":[{"href":"https:\/\/www.elementvape.de\/pt\/wp-json\/wp\/v2\/product\/12501"}],"collection":[{"href":"https:\/\/www.elementvape.de\/pt\/wp-json\/wp\/v2\/product"}],"about":[{"href":"https:\/\/www.elementvape.de\/pt\/wp-json\/wp\/v2\/types\/product"}],"wp:featuredmedia":[{"embeddable":true,"href":"https:\/\/www.elementvape.de\/pt\/wp-json\/wp\/v2\/media\/12502"}],"wp:attachment":[{"href":"https:\/\/www.elementvape.de\/pt\/wp-json\/wp\/v2\/media?parent=12501"}],"wp:term":[{"taxonomy":"product_cat","embeddable":true,"href":"https:\/\/www.elementvape.de\/pt\/wp-json\/wp\/v2\/product_cat?post=12501"},{"taxonomy":"product_tag","embeddable":true,"href":"https:\/\/www.elementvape.de\/pt\/wp-json\/wp\/v2\/product_tag?post=12501"}],"curies":[{"name":"wp","href":"https:\/\/api.w.org\/{rel}","templated":true}]}}