{"id":12387,"date":"2024-06-18T06:55:43","date_gmt":"2024-06-18T06:55:43","guid":{"rendered":"https:\/\/www.elementvape.de\/?post_type=product&#038;p=12387"},"modified":"2024-09-12T10:35:59","modified_gmt":"2024-09-12T10:35:59","slug":"wotofo-smrt-pod-kit-2000mah","status":"publish","type":"product","link":"https:\/\/www.elementvape.de\/pt\/produkt\/wotofo-smrt-pod-kit-2000mah\/","title":{"rendered":"Kit de Pod Wotofo SMRT 2000mAh"},"content":{"rendered":"<h2>Descri\u00e7\u00e3o do Produto do Wotofo SMRT Pod Kit<\/h2>\n<p><strong>Wotofo SMRT Pod Kit<\/strong>, o mais jog\u00e1vel <strong><a href=\"https:\/\/www.elementvape.de\/pt\/c\/pod\/\">Pod<\/a><\/strong>-Sistema, \u00e9 uma solu\u00e7\u00e3o inovadora que foi desenvolvida para permitir mais intera\u00e7\u00f5es entre <strong><a href=\"https:\/\/www.elementvape.de\/pt\/\">Vape<\/a> <\/strong>produtos e vaporizadores. Oferece op\u00e7\u00f5es de reconstru\u00e7\u00e3o f\u00e1ceis para cabe\u00e7as de bobina e vem equipado com v\u00e1rias op\u00e7\u00f5es de fios pr\u00e9-fabricados, que trazem alegria e emo\u00e7\u00e3o di\u00e1rias. O kit vem com uma bobina D15, que possui uma entrada de ar ajust\u00e1vel na parte inferior e \u00e9 compat\u00edvel com bobinas das s\u00e9ries D11, D13, D14, D15, bem como PnP e GTX.<\/p>\n<h3>Principais caracter\u00edsticas<\/h3>\n<ol>\n<li><strong>Capacidade da cartucho:<\/strong> 4,5 ml \/ 2 ml<\/li>\n<li><strong>Compatibilidade de bobinas:<\/strong> Compat\u00edvel com bobinas das s\u00e9ries D11, D13, D14, D15, PnP e GTX<\/li>\n<li><strong>Entrada de ar ajust\u00e1vel:<\/strong> Na parte inferior da bobina D15 para diferentes necessidades<\/li>\n<li><strong>Kit de Bobinas Rebuildable:<\/strong> Equipado com o Kit de Bobinas Rebuildable SMRT PnP para f\u00e1cil bricolagem<\/li>\n<li><strong>Bateria:<\/strong> Bateria embutida de 2000 mAh, pot\u00eancia de sa\u00edda 5-80 W<\/li>\n<li><strong>Bateria compat\u00edvel: 18350<\/strong> Carca\u00e7a leve e dur\u00e1vel de liga de alum\u00ednio<\/li>\n<\/ol>\n<h3>Par\u00e2metros f\u00edsicos<\/h3>\n<ul>\n<li><strong>Tamanho:<\/strong> 29,2 x 23,0 x 117,3 mm<\/li>\n<li><strong>Capacidade:<\/strong> 4,5 ml \/ 2 ml<\/li>\n<li><strong>Resist\u00eancia:<\/strong> 0,2 \u03a9<\/li>\n<li><strong>Bateria:<\/strong> 2000 mAh<\/li>\n<li><strong>Cores:<\/strong> Preto, Ouro, Preto Vermelho, Preto Azul<\/li>\n<\/ul>\n<h3>Lista de Embalagem<\/h3>\n<ul>\n<li>1 x Bateria MANIK S<\/li>\n<li>1 x Cartucho SMRT PnP-Pod<\/li>\n<li>1 x Kit de Bobinas Rebuildable SMRT PnP<\/li>\n<li>1 x Bobina M-Clapton D15 (substitu\u00edvel com bobinas PnP)<\/li>\n<li>1 x Cabo de Carregamento Tipo-C<\/li>\n<li>1 x Manual do utilizador<\/li>\n<\/ul>\n<h3>Descri\u00e7\u00e3o detalhada<\/h3>\n<p>O <strong>Wotofo SMRT Pod Kit<\/strong> \u00e9 ideal para fumadores que valorizam personaliza\u00e7\u00e3o e facilidade de uso. Com o Kit de Bobinas Rebuildable, os utilizadores podem facilmente reconstruir as suas cabe\u00e7as de bobina e criar uma experi\u00eancia de vaporiza\u00e7\u00e3o personalizada. A bateria integrada de 2000 mAh garante uma longa dura\u00e7\u00e3o de uso e pode fornecer uma pot\u00eancia de 5 a 80 W, para atender a diferentes necessidades de vapor.<\/p>\n<p>O cartucho com uma capacidade de 4,5 ml \u00e9 compat\u00edvel com v\u00e1rios tipos de bobinas, incluindo as populares s\u00e9ries PnP e GTX. A estrutura de liga de alum\u00ednio torna o dispositivo leve e dur\u00e1vel, ideal para uso di\u00e1rio. A entrada de ar ajust\u00e1vel na bobina D15 permite aos utilizadores personalizar o fluxo de ar de acordo com as suas prefer\u00eancias.<\/p>\n<h3>Resumo<\/h3>\n<p>O <strong>Wotofo SMRT Pod Kit<\/strong> oferece uma experi\u00eancia de vaporiza\u00e7\u00e3o vers\u00e1til e personaliz\u00e1vel, adequada tanto para iniciantes quanto para vaporizadores experientes. Com o seu design robusto e leve, compatibilidade com uma variedade de bobinas e o inovador Kit de Bobinas Rebuildable, \u00e9 a escolha perfeita para quem procura uma experi\u00eancia de vaporiza\u00e7\u00e3o de alta qualidade e flex\u00edvel.<\/p>","protected":false},"excerpt":{"rendered":"<p>Wotofo SMRT Pod Kit Produktbeschreibung Wotofo SMRT Pod Kit, das spielbarste Pod-System, ist eine innovative L\u00f6sung, die entwickelt wurde, um mehr Interaktionen zwischen Vape Produkten und Dampfern zu erm\u00f6glichen. Es bietet einfache Umbauoptionen f\u00fcr Spulenk\u00f6pfe und ist mit verschiedenen vorgefertigten Drahtoptionen ausgestattet, die t\u00e4glich Freude und Spannung bringen. Das Kit ist mit einer D15-Spule ausgestattet, [&hellip;]<\/p>","protected":false},"featured_media":12388,"template":"","meta":{"inline_featured_image":false},"product_cat":[754,745,742,748,744,755,738,751,76],"product_tag":[],"tiered_pricing_type":"fixed","tiered_pricing_fixed_rules":[],"tiered_pricing_percentage_rules":[],"tiered_pricing_minimum":1,"_administrator_tiered_pricing_type":"fixed","_administrator_tiered_pricing_fixed_rules":[],"_editor_tiered_pricing_type":"fixed","_editor_tiered_pricing_fixed_rules":[],"_author_tiered_pricing_type":"fixed","_author_tiered_pricing_fixed_rules":[],"_contributor_tiered_pricing_type":"fixed","_contributor_tiered_pricing_fixed_rules":[],"_subscriber_tiered_pricing_type":"fixed","_subscriber_tiered_pricing_fixed_rules":[],"_customer_tiered_pricing_type":"fixed","_customer_tiered_pricing_fixed_rules":[],"_shop_manager_tiered_pricing_type":"fixed","_shop_manager_tiered_pricing_fixed_rules":[],"_wpseo_manager_tiered_pricing_type":"fixed","_wpseo_manager_tiered_pricing_fixed_rules":[],"_wpseo_editor_tiered_pricing_type":"fixed","_wpseo_editor_tiered_pricing_fixed_rules":[],"_wholesale_customer_tiered_pricing_type":"fixed","_wholesale_customer_tiered_pricing_fixed_rules":[],"_marketer_tiered_pricing_type":"fixed","_marketer_tiered_pricing_fixed_rules":[],"_sales_manager_tiered_pricing_type":"fixed","_sales_manager_tiered_pricing_fixed_rules":[],"_sales_rep_tiered_pricing_type":"fixed","_sales_rep_tiered_pricing_fixed_rules":[],"yoast_head":"<!-- This site is optimized with the Yoast SEO plugin v23.3 - https:\/\/yoast.com\/wordpress\/plugins\/seo\/ -->\n<title>Wotofo SMRT Pod Kit 2000mAh | ElementVape.de<\/title>\n<meta name=\"description\" content=\"Wir bieten Wotofo SMRT Pod Kit 2000mAh , Elementvape.de akzeptieren Gro\u00df-und Einzelhandel Bestellungen.\" \/>\n<meta name=\"robots\" content=\"index, follow, max-snippet:-1, max-image-preview:large, max-video-preview:-1\" \/>\n<link rel=\"canonical\" href=\"https:\/\/www.elementvape.de\/pt\/produkt\/wotofo-smrt-pod-kit-2000mah\/\" \/>\n<meta property=\"og:locale\" content=\"pt_PT\" \/>\n<meta property=\"og:type\" content=\"article\" \/>\n<meta property=\"og:title\" content=\"Wotofo SMRT Pod Kit 2000mAh | ElementVape.de\" \/>\n<meta property=\"og:description\" content=\"Wir bieten Wotofo SMRT Pod Kit 2000mAh , Elementvape.de akzeptieren Gro\u00df-und Einzelhandel Bestellungen.\" \/>\n<meta property=\"og:url\" content=\"https:\/\/www.elementvape.de\/pt\/produkt\/wotofo-smrt-pod-kit-2000mah\/\" \/>\n<meta property=\"og:site_name\" content=\"ElementVape.de\" \/>\n<meta property=\"article:modified_time\" content=\"2024-09-12T10:35:59+00:00\" \/>\n<meta property=\"og:image\" content=\"https:\/\/www.elementvape.de\/wp-content\/uploads\/2024\/06\/Wotofo-SMRT-Pod-Kit-2000mAh.webp\" \/>\n\t<meta property=\"og:image:width\" content=\"600\" \/>\n\t<meta property=\"og:image:height\" content=\"600\" \/>\n\t<meta property=\"og:image:type\" content=\"image\/webp\" \/>\n<meta name=\"twitter:card\" content=\"summary_large_image\" \/>\n<meta name=\"twitter:label1\" content=\"Est. reading time\" \/>\n\t<meta name=\"twitter:data1\" content=\"3 minutos\" \/>\n<script type=\"application\/ld+json\" class=\"yoast-schema-graph\">{\"@context\":\"https:\/\/schema.org\",\"@graph\":[{\"@type\":\"WebPage\",\"@id\":\"https:\/\/www.elementvape.de\/it\/produkt\/wotofo-smrt-pod-kit-2000mah\/\",\"url\":\"https:\/\/www.elementvape.de\/it\/produkt\/wotofo-smrt-pod-kit-2000mah\/\",\"name\":\"Wotofo SMRT Pod Kit 2000mAh | ElementVape.de\",\"isPartOf\":{\"@id\":\"https:\/\/www.elementvape.de\/#website\"},\"primaryImageOfPage\":{\"@id\":\"https:\/\/www.elementvape.de\/it\/produkt\/wotofo-smrt-pod-kit-2000mah\/#primaryimage\"},\"image\":{\"@id\":\"https:\/\/www.elementvape.de\/it\/produkt\/wotofo-smrt-pod-kit-2000mah\/#primaryimage\"},\"thumbnailUrl\":\"https:\/\/www.elementvape.de\/wp-content\/uploads\/2024\/06\/Wotofo-SMRT-Pod-Kit-2000mAh.webp\",\"datePublished\":\"2024-06-18T06:55:43+00:00\",\"dateModified\":\"2024-09-12T10:35:59+00:00\",\"description\":\"Wir bieten Wotofo SMRT Pod Kit 2000mAh , Elementvape.de akzeptieren Gro\u00df-und Einzelhandel Bestellungen.\",\"breadcrumb\":{\"@id\":\"https:\/\/www.elementvape.de\/it\/produkt\/wotofo-smrt-pod-kit-2000mah\/#breadcrumb\"},\"inLanguage\":\"pt-PT\",\"potentialAction\":[{\"@type\":\"ReadAction\",\"target\":[\"https:\/\/www.elementvape.de\/it\/produkt\/wotofo-smrt-pod-kit-2000mah\/\"]}]},{\"@type\":\"ImageObject\",\"inLanguage\":\"pt-PT\",\"@id\":\"https:\/\/www.elementvape.de\/it\/produkt\/wotofo-smrt-pod-kit-2000mah\/#primaryimage\",\"url\":\"https:\/\/www.elementvape.de\/wp-content\/uploads\/2024\/06\/Wotofo-SMRT-Pod-Kit-2000mAh.webp\",\"contentUrl\":\"https:\/\/www.elementvape.de\/wp-content\/uploads\/2024\/06\/Wotofo-SMRT-Pod-Kit-2000mAh.webp\",\"width\":600,\"height\":600,\"caption\":\"Wotofo-SMRT-Pod-Kit-2000mAh\"},{\"@type\":\"BreadcrumbList\",\"@id\":\"https:\/\/www.elementvape.de\/it\/produkt\/wotofo-smrt-pod-kit-2000mah\/#breadcrumb\",\"itemListElement\":[{\"@type\":\"ListItem\",\"position\":1,\"name\":\"Home\",\"item\":\"https:\/\/www.elementvape.de\/\"},{\"@type\":\"ListItem\",\"position\":2,\"name\":\"Shop\",\"item\":\"https:\/\/www.elementvape.de\/shop\/\"},{\"@type\":\"ListItem\",\"position\":3,\"name\":\"Wotofo SMRT Pod Kit 2000mAh\"}]},{\"@type\":\"WebSite\",\"@id\":\"https:\/\/www.elementvape.de\/#website\",\"url\":\"https:\/\/www.elementvape.de\/\",\"name\":\"ElementVape.de\",\"description\":\"\",\"publisher\":{\"@id\":\"https:\/\/www.elementvape.de\/#organization\"},\"potentialAction\":[{\"@type\":\"SearchAction\",\"target\":{\"@type\":\"EntryPoint\",\"urlTemplate\":\"https:\/\/www.elementvape.de\/?s={search_term_string}\"},\"query-input\":\"required name=search_term_string\"}],\"inLanguage\":\"pt-PT\"},{\"@type\":\"Organization\",\"@id\":\"https:\/\/www.elementvape.de\/#organization\",\"name\":\"ElementVape.DE\",\"url\":\"https:\/\/www.elementvape.de\/\",\"logo\":{\"@type\":\"ImageObject\",\"inLanguage\":\"pt-PT\",\"@id\":\"https:\/\/www.elementvape.de\/#\/schema\/logo\/image\/\",\"url\":\"https:\/\/www.elementvape.de\/wp-content\/uploads\/2024\/09\/cropped-1elementvape-3.png\",\"contentUrl\":\"https:\/\/www.elementvape.de\/wp-content\/uploads\/2024\/09\/cropped-1elementvape-3.png\",\"width\":285,\"height\":228,\"caption\":\"ElementVape.DE\"},\"image\":{\"@id\":\"https:\/\/www.elementvape.de\/#\/schema\/logo\/image\/\"}}]}<\/script>\n<!-- \/ Yoast SEO plugin. -->","yoast_head_json":{"title":"Wotofo SMRT Pod Kit 2000mAh | ElementVape.de","description":"Wir bieten Wotofo SMRT Pod Kit 2000mAh , Elementvape.de akzeptieren Gro\u00df-und Einzelhandel Bestellungen.","robots":{"index":"index","follow":"follow","max-snippet":"max-snippet:-1","max-image-preview":"max-image-preview:large","max-video-preview":"max-video-preview:-1"},"canonical":"https:\/\/www.elementvape.de\/pt\/produkt\/wotofo-smrt-pod-kit-2000mah\/","og_locale":"pt_PT","og_type":"article","og_title":"Wotofo SMRT Pod Kit 2000mAh | ElementVape.de","og_description":"Wir bieten Wotofo SMRT Pod Kit 2000mAh , Elementvape.de akzeptieren Gro\u00df-und Einzelhandel Bestellungen.","og_url":"https:\/\/www.elementvape.de\/pt\/produkt\/wotofo-smrt-pod-kit-2000mah\/","og_site_name":"ElementVape.de","article_modified_time":"2024-09-12T10:35:59+00:00","og_image":[{"width":600,"height":600,"url":"https:\/\/www.elementvape.de\/wp-content\/uploads\/2024\/06\/Wotofo-SMRT-Pod-Kit-2000mAh.webp","type":"image\/webp"}],"twitter_card":"summary_large_image","twitter_misc":{"Est. reading time":"3 minutos"},"schema":{"@context":"https:\/\/schema.org","@graph":[{"@type":"WebPage","@id":"https:\/\/www.elementvape.de\/it\/produkt\/wotofo-smrt-pod-kit-2000mah\/","url":"https:\/\/www.elementvape.de\/it\/produkt\/wotofo-smrt-pod-kit-2000mah\/","name":"Wotofo SMRT Pod Kit 2000mAh | ElementVape.de","isPartOf":{"@id":"https:\/\/www.elementvape.de\/#website"},"primaryImageOfPage":{"@id":"https:\/\/www.elementvape.de\/it\/produkt\/wotofo-smrt-pod-kit-2000mah\/#primaryimage"},"image":{"@id":"https:\/\/www.elementvape.de\/it\/produkt\/wotofo-smrt-pod-kit-2000mah\/#primaryimage"},"thumbnailUrl":"https:\/\/www.elementvape.de\/wp-content\/uploads\/2024\/06\/Wotofo-SMRT-Pod-Kit-2000mAh.webp","datePublished":"2024-06-18T06:55:43+00:00","dateModified":"2024-09-12T10:35:59+00:00","description":"Wir bieten Wotofo SMRT Pod Kit 2000mAh , Elementvape.de akzeptieren Gro\u00df-und Einzelhandel Bestellungen.","breadcrumb":{"@id":"https:\/\/www.elementvape.de\/it\/produkt\/wotofo-smrt-pod-kit-2000mah\/#breadcrumb"},"inLanguage":"pt-PT","potentialAction":[{"@type":"ReadAction","target":["https:\/\/www.elementvape.de\/it\/produkt\/wotofo-smrt-pod-kit-2000mah\/"]}]},{"@type":"ImageObject","inLanguage":"pt-PT","@id":"https:\/\/www.elementvape.de\/it\/produkt\/wotofo-smrt-pod-kit-2000mah\/#primaryimage","url":"https:\/\/www.elementvape.de\/wp-content\/uploads\/2024\/06\/Wotofo-SMRT-Pod-Kit-2000mAh.webp","contentUrl":"https:\/\/www.elementvape.de\/wp-content\/uploads\/2024\/06\/Wotofo-SMRT-Pod-Kit-2000mAh.webp","width":600,"height":600,"caption":"Wotofo-SMRT-Pod-Kit-2000mAh"},{"@type":"BreadcrumbList","@id":"https:\/\/www.elementvape.de\/it\/produkt\/wotofo-smrt-pod-kit-2000mah\/#breadcrumb","itemListElement":[{"@type":"ListItem","position":1,"name":"Home","item":"https:\/\/www.elementvape.de\/"},{"@type":"ListItem","position":2,"name":"Shop","item":"https:\/\/www.elementvape.de\/shop\/"},{"@type":"ListItem","position":3,"name":"Wotofo SMRT Pod Kit 2000mAh"}]},{"@type":"WebSite","@id":"https:\/\/www.elementvape.de\/#website","url":"https:\/\/www.elementvape.de\/","name":"ElementVape.de","description":"","publisher":{"@id":"https:\/\/www.elementvape.de\/#organization"},"potentialAction":[{"@type":"SearchAction","target":{"@type":"EntryPoint","urlTemplate":"https:\/\/www.elementvape.de\/?s={search_term_string}"},"query-input":"required name=search_term_string"}],"inLanguage":"pt-PT"},{"@type":"Organization","@id":"https:\/\/www.elementvape.de\/#organization","name":"ElementVape.DE","url":"https:\/\/www.elementvape.de\/","logo":{"@type":"ImageObject","inLanguage":"pt-PT","@id":"https:\/\/www.elementvape.de\/#\/schema\/logo\/image\/","url":"https:\/\/www.elementvape.de\/wp-content\/uploads\/2024\/09\/cropped-1elementvape-3.png","contentUrl":"https:\/\/www.elementvape.de\/wp-content\/uploads\/2024\/09\/cropped-1elementvape-3.png","width":285,"height":228,"caption":"ElementVape.DE"},"image":{"@id":"https:\/\/www.elementvape.de\/#\/schema\/logo\/image\/"}}]}},"_links":{"self":[{"href":"https:\/\/www.elementvape.de\/pt\/wp-json\/wp\/v2\/product\/12387"}],"collection":[{"href":"https:\/\/www.elementvape.de\/pt\/wp-json\/wp\/v2\/product"}],"about":[{"href":"https:\/\/www.elementvape.de\/pt\/wp-json\/wp\/v2\/types\/product"}],"wp:featuredmedia":[{"embeddable":true,"href":"https:\/\/www.elementvape.de\/pt\/wp-json\/wp\/v2\/media\/12388"}],"wp:attachment":[{"href":"https:\/\/www.elementvape.de\/pt\/wp-json\/wp\/v2\/media?parent=12387"}],"wp:term":[{"taxonomy":"product_cat","embeddable":true,"href":"https:\/\/www.elementvape.de\/pt\/wp-json\/wp\/v2\/product_cat?post=12387"},{"taxonomy":"product_tag","embeddable":true,"href":"https:\/\/www.elementvape.de\/pt\/wp-json\/wp\/v2\/product_tag?post=12387"}],"curies":[{"name":"wp","href":"https:\/\/api.w.org\/{rel}","templated":true}]}}