{"id":12362,"date":"2024-06-18T03:49:30","date_gmt":"2024-06-18T03:49:30","guid":{"rendered":"https:\/\/www.elementvape.de\/?post_type=product&#038;p=12362"},"modified":"2024-09-12T10:36:01","modified_gmt":"2024-09-12T10:36:01","slug":"voopoo-vmate-max-pod-system-kit-1200mah-3ml","status":"publish","type":"product","link":"https:\/\/www.elementvape.de\/pt\/produkt\/voopoo-vmate-max-pod-system-kit-1200mah-3ml\/","title":{"rendered":"VOOPOO Vmate Max Kit de Sistema de Pod 1200mAh 3ml"},"content":{"rendered":"<h2>Descri\u00e7\u00e3o do Produto VOOPOO VMATE MAX Vape<\/h2>\n<p>O VOOPOO VMATE MAX \u00e9 um sistema POD de refer\u00eancia que impressiona com a sua longa dura\u00e7\u00e3o de 90 ml e um novo ecr\u00e3 Hidden Horizon. Este ecr\u00e3 traz uma est\u00e9tica discreta e garante uma apar\u00eancia limpa e elegante. Com o novo cartucho de enchimento superior VMATE com atualiza\u00e7\u00e3o \u201e3X\u201c, o dispositivo oferece excelente durabilidade, prote\u00e7\u00e3o contra fugas e sabor. Foi concebido para o cartucho com a menor resist\u00eancia de 0,4 Ohm (apenas para Vmate Max <strong><a href=\"https:\/\/www.elementvape.de\/pt\/c\/pod\/\">Pod<\/a><\/strong> adequado) e uma pot\u00eancia m\u00e1xima de 30 W para oferecer vapor denso e uma experi\u00eancia RDL suave. A bateria integrada de 1200 mAh suporta at\u00e9 3 dias de vaporiza\u00e7\u00e3o e oferece uma experi\u00eancia de vaporiza\u00e7\u00e3o est\u00e1vel e duradoura. Gra\u00e7as ao carregamento r\u00e1pido com 5 V\/2 A, a preocupa\u00e7\u00e3o com a bateria \u00e9 coisa do passado.<\/p>\n<h3>Fun\u00e7\u00f5es<\/h3>\n<ol>\n<li>Bateria integrada de 1200mAh<\/li>\n<li>Capacidade de 3ml de E-l\u00edquido<\/li>\n<li>Carregamento r\u00e1pido Tipo-C<\/li>\n<li>Sistema de enchimento superior<\/li>\n<li>Pot\u00eancia m\u00e1xima de 30 W<\/li>\n<li>Ecr\u00e3 e luzes interativas<\/li>\n<li>Fluxo de ar ajust\u00e1vel<\/li>\n<\/ol>\n<h3>Par\u00e2metros f\u00edsicos<\/h3>\n<ul>\n<li><strong>Marca:<\/strong> VOOPOO<\/li>\n<li><strong>Tamanho:<\/strong> 103 x 29 x 18,7 mm<\/li>\n<li><strong>Capacidade de l\u00edquido eletr\u00f4nico:<\/strong> 3 ml \/ 2 ml (TPD)<\/li>\n<li><strong>Gama de Pot\u00eancia:<\/strong> 5-30 W ajust\u00e1vel<\/li>\n<li><strong>E-l\u00edquido recomendado:<\/strong> \u226450 mg (Base livre \/ Sal de nicotina)<\/li>\n<li><strong>Preenchimento de E-L\u00edquido:<\/strong> Preenchimento superior<\/li>\n<li><strong>Compatibilidade:<\/strong> Todas as cartuchos VMATE<\/li>\n<li><strong>Capacidade da bateria:<\/strong> 1200 mAh<\/li>\n<li><strong>Tens\u00e3o de sa\u00edda:<\/strong> 3,2-4,2 V<\/li>\n<li><strong>Faixa de resist\u00eancia:<\/strong> 0,4-3,0 Ohm<\/li>\n<li><strong>Carregamento:<\/strong> Tipo-C 5 V \/ 2 A<\/li>\n<li><strong>Fluxo de ar:<\/strong> Fluxo de ar ajust\u00e1vel<\/li>\n<li><strong>Ecr\u00e3:<\/strong> Ecr\u00e3 Horizon oculto + barra de luz LED de cores duais de 256 cores<\/li>\n<li><strong>Bateria compat\u00edvel: 18350<\/strong> Liga de zinco<\/li>\n<\/ul>\n<h3>Conte\u00fado da embalagem<\/h3>\n<ul>\n<li>1 x dispositivo VMATE MAX<\/li>\n<li>1 x cartucho de enchimento superior VMATE 0,4 Ohm (3 ml)<\/li>\n<li>1 x cartucho de enchimento superior VMATE 0,7 Ohm (3 ml)<\/li>\n<li>1 x Cabo Tipo-C<\/li>\n<li>1 x Manual do utilizador<\/li>\n<\/ul>\n<h3>Descri\u00e7\u00e3o das fun\u00e7\u00f5es<\/h3>\n<ul>\n<li><strong>Ligar o dispositivo:<\/strong> Prima o bot\u00e3o 5 vezes seguidas.<\/li>\n<li><strong>Ativa\u00e7\u00e3o:<\/strong> Puxada autom\u00e1tica, ativada ao puxar do POD.<\/li>\n<li><strong>Ecr\u00e3 ON\/OFF:<\/strong> Prima o bot\u00e3o de disparo 2 vezes rapidamente.<\/li>\n<li><strong>Regula\u00e7\u00e3o de pot\u00eancia:<\/strong> Prima o bot\u00e3o 3 vezes seguidas.<\/li>\n<li><strong>Aceder ao menu:<\/strong> Prima o bot\u00e3o 5 vezes seguidas, pressione brevemente para selecionar, pressione longamente para confirmar.<\/li>\n<\/ul>\n<h4>Op\u00e7\u00f5es de menu:<\/h4>\n<ol>\n<li>Limpar o puff<\/li>\n<li>Alternar entre 2 modos de sa\u00edda: Modo Shift \/ Modo Power\n<ul>\n<li><strong>Modo Shift:<\/strong> Oferece 3 op\u00e7\u00f5es de sa\u00edda (SPT, NOR, ECO)<\/li>\n<li><strong>Modo Power:<\/strong> Ajuste manual da pot\u00eancia de sa\u00edda (m\u00e1x. 30 W)<\/li>\n<\/ul>\n<\/li>\n<li>Desligar o dispositivo<\/li>\n<li>Sair da interface do menu<\/li>\n<\/ol>\n<h3>Avisos de advert\u00eancia<\/h3>\n<ul>\n<li><strong>Vazamento do pod:<\/strong> Durante viagens de avi\u00e3o, o l\u00edquido eletr\u00f3nico pode escapar sob alta press\u00e3o. Guarde os pods separados de objetos importantes.<\/li>\n<li><strong>Gest\u00e3o de condensado:<\/strong> Condensa\u00e7\u00e3o de l\u00edquidos leves pode ocorrer devido a diferen\u00e7as de temperatura. Retire o pod e agite para baixo para remover o condensado.<\/li>\n<\/ul>\n<p>O <strong>VOOPOO VMATE MAX<\/strong> oferece uma experi\u00eancia de vapor de alta qualidade e personaliz\u00e1vel, ideal para vaporizadores que valorizam durabilidade e desempenho.<\/p>","protected":false},"excerpt":{"rendered":"<p>VOOPOO VMATE MAX Vape-Produktbeschreibung Der VOOPOO VMATE MAX ist ein Flaggschiff-POD-System, das mit seiner langen Lebensdauer von 90 ml und einem neuen Hidden Horizon-Bildschirm \u00fcberzeugt. Dieser Bildschirm bringt eine dezente \u00c4sthetik und sorgt f\u00fcr ein sauberes, elegantes Erscheinungsbild. Mit der neuen \u201e3X\u201c-Upgrade-VMATE-Top-Fill-Kartusche bietet das Ger\u00e4t hervorragende Langlebigkeit, Auslaufschutz und Geschmack. Es ist f\u00fcr die Kartusche [&hellip;]<\/p>","protected":false},"featured_media":12370,"template":"","meta":{"inline_featured_image":false},"product_cat":[754,745,742,748,744,755,738,751,76],"product_tag":[],"tiered_pricing_type":"fixed","tiered_pricing_fixed_rules":[],"tiered_pricing_percentage_rules":[],"tiered_pricing_minimum":1,"_administrator_tiered_pricing_type":"fixed","_administrator_tiered_pricing_fixed_rules":[],"_editor_tiered_pricing_type":"fixed","_editor_tiered_pricing_fixed_rules":[],"_author_tiered_pricing_type":"fixed","_author_tiered_pricing_fixed_rules":[],"_contributor_tiered_pricing_type":"fixed","_contributor_tiered_pricing_fixed_rules":[],"_subscriber_tiered_pricing_type":"fixed","_subscriber_tiered_pricing_fixed_rules":[],"_customer_tiered_pricing_type":"fixed","_customer_tiered_pricing_fixed_rules":[],"_shop_manager_tiered_pricing_type":"fixed","_shop_manager_tiered_pricing_fixed_rules":[],"_wpseo_manager_tiered_pricing_type":"fixed","_wpseo_manager_tiered_pricing_fixed_rules":[],"_wpseo_editor_tiered_pricing_type":"fixed","_wpseo_editor_tiered_pricing_fixed_rules":[],"_wholesale_customer_tiered_pricing_type":"fixed","_wholesale_customer_tiered_pricing_fixed_rules":[],"_marketer_tiered_pricing_type":"fixed","_marketer_tiered_pricing_fixed_rules":[],"_sales_manager_tiered_pricing_type":"fixed","_sales_manager_tiered_pricing_fixed_rules":[],"_sales_rep_tiered_pricing_type":"fixed","_sales_rep_tiered_pricing_fixed_rules":[],"yoast_head":"<!-- This site is optimized with the Yoast SEO plugin v23.3 - https:\/\/yoast.com\/wordpress\/plugins\/seo\/ -->\n<title>VOOPOO Vmate Max Pod System Kit 1200mAh 3ml | ElementVape.de<\/title>\n<meta name=\"description\" content=\"Wir bieten VOOPOO Vmate Max Pod System Kit 1200mAh 3ml , Elementvape.de akzeptieren Gro\u00df-und Einzelhandel Bestellungen.\" \/>\n<meta name=\"robots\" content=\"index, follow, max-snippet:-1, max-image-preview:large, max-video-preview:-1\" \/>\n<link rel=\"canonical\" href=\"https:\/\/www.elementvape.de\/pt\/produkt\/voopoo-vmate-max-pod-system-kit-1200mah-3ml\/\" \/>\n<meta property=\"og:locale\" content=\"pt_PT\" \/>\n<meta property=\"og:type\" content=\"article\" \/>\n<meta property=\"og:title\" content=\"VOOPOO Vmate Max Pod System Kit 1200mAh 3ml | ElementVape.de\" \/>\n<meta property=\"og:description\" content=\"Wir bieten VOOPOO Vmate Max Pod System Kit 1200mAh 3ml , Elementvape.de akzeptieren Gro\u00df-und Einzelhandel Bestellungen.\" \/>\n<meta property=\"og:url\" content=\"https:\/\/www.elementvape.de\/pt\/produkt\/voopoo-vmate-max-pod-system-kit-1200mah-3ml\/\" \/>\n<meta property=\"og:site_name\" content=\"ElementVape.de\" \/>\n<meta property=\"article:modified_time\" content=\"2024-09-12T10:36:01+00:00\" \/>\n<meta property=\"og:image\" content=\"https:\/\/www.elementvape.de\/wp-content\/uploads\/2024\/06\/voopoo-vmate-max-pod-1.webp\" \/>\n\t<meta property=\"og:image:width\" content=\"800\" \/>\n\t<meta property=\"og:image:height\" content=\"800\" \/>\n\t<meta property=\"og:image:type\" content=\"image\/webp\" \/>\n<meta name=\"twitter:card\" content=\"summary_large_image\" \/>\n<meta name=\"twitter:label1\" content=\"Est. reading time\" \/>\n\t<meta name=\"twitter:data1\" content=\"3 minutos\" \/>\n<script type=\"application\/ld+json\" class=\"yoast-schema-graph\">{\"@context\":\"https:\/\/schema.org\",\"@graph\":[{\"@type\":\"WebPage\",\"@id\":\"https:\/\/www.elementvape.de\/en\/produkt\/voopoo-vmate-max-pod-system-kit-1200mah-3ml\/\",\"url\":\"https:\/\/www.elementvape.de\/en\/produkt\/voopoo-vmate-max-pod-system-kit-1200mah-3ml\/\",\"name\":\"VOOPOO Vmate Max Pod System Kit 1200mAh 3ml | ElementVape.de\",\"isPartOf\":{\"@id\":\"https:\/\/www.elementvape.de\/#website\"},\"primaryImageOfPage\":{\"@id\":\"https:\/\/www.elementvape.de\/en\/produkt\/voopoo-vmate-max-pod-system-kit-1200mah-3ml\/#primaryimage\"},\"image\":{\"@id\":\"https:\/\/www.elementvape.de\/en\/produkt\/voopoo-vmate-max-pod-system-kit-1200mah-3ml\/#primaryimage\"},\"thumbnailUrl\":\"https:\/\/www.elementvape.de\/wp-content\/uploads\/2024\/06\/voopoo-vmate-max-pod-1.webp\",\"datePublished\":\"2024-06-18T03:49:30+00:00\",\"dateModified\":\"2024-09-12T10:36:01+00:00\",\"description\":\"Wir bieten VOOPOO Vmate Max Pod System Kit 1200mAh 3ml , Elementvape.de akzeptieren Gro\u00df-und Einzelhandel Bestellungen.\",\"breadcrumb\":{\"@id\":\"https:\/\/www.elementvape.de\/en\/produkt\/voopoo-vmate-max-pod-system-kit-1200mah-3ml\/#breadcrumb\"},\"inLanguage\":\"pt-PT\",\"potentialAction\":[{\"@type\":\"ReadAction\",\"target\":[\"https:\/\/www.elementvape.de\/en\/produkt\/voopoo-vmate-max-pod-system-kit-1200mah-3ml\/\"]}]},{\"@type\":\"ImageObject\",\"inLanguage\":\"pt-PT\",\"@id\":\"https:\/\/www.elementvape.de\/en\/produkt\/voopoo-vmate-max-pod-system-kit-1200mah-3ml\/#primaryimage\",\"url\":\"https:\/\/www.elementvape.de\/wp-content\/uploads\/2024\/06\/voopoo-vmate-max-pod-1.webp\",\"contentUrl\":\"https:\/\/www.elementvape.de\/wp-content\/uploads\/2024\/06\/voopoo-vmate-max-pod-1.webp\",\"width\":800,\"height\":800,\"caption\":\"voopoo-vmate-max-pod-1\"},{\"@type\":\"BreadcrumbList\",\"@id\":\"https:\/\/www.elementvape.de\/en\/produkt\/voopoo-vmate-max-pod-system-kit-1200mah-3ml\/#breadcrumb\",\"itemListElement\":[{\"@type\":\"ListItem\",\"position\":1,\"name\":\"Home\",\"item\":\"https:\/\/www.elementvape.de\/\"},{\"@type\":\"ListItem\",\"position\":2,\"name\":\"Shop\",\"item\":\"https:\/\/www.elementvape.de\/shop\/\"},{\"@type\":\"ListItem\",\"position\":3,\"name\":\"VOOPOO Vmate Max Pod System Kit 1200mAh 3ml\"}]},{\"@type\":\"WebSite\",\"@id\":\"https:\/\/www.elementvape.de\/#website\",\"url\":\"https:\/\/www.elementvape.de\/\",\"name\":\"ElementVape.de\",\"description\":\"\",\"publisher\":{\"@id\":\"https:\/\/www.elementvape.de\/#organization\"},\"potentialAction\":[{\"@type\":\"SearchAction\",\"target\":{\"@type\":\"EntryPoint\",\"urlTemplate\":\"https:\/\/www.elementvape.de\/?s={search_term_string}\"},\"query-input\":\"required name=search_term_string\"}],\"inLanguage\":\"pt-PT\"},{\"@type\":\"Organization\",\"@id\":\"https:\/\/www.elementvape.de\/#organization\",\"name\":\"ElementVape.DE\",\"url\":\"https:\/\/www.elementvape.de\/\",\"logo\":{\"@type\":\"ImageObject\",\"inLanguage\":\"pt-PT\",\"@id\":\"https:\/\/www.elementvape.de\/#\/schema\/logo\/image\/\",\"url\":\"https:\/\/www.elementvape.de\/wp-content\/uploads\/2024\/09\/cropped-1elementvape-3.png\",\"contentUrl\":\"https:\/\/www.elementvape.de\/wp-content\/uploads\/2024\/09\/cropped-1elementvape-3.png\",\"width\":285,\"height\":228,\"caption\":\"ElementVape.DE\"},\"image\":{\"@id\":\"https:\/\/www.elementvape.de\/#\/schema\/logo\/image\/\"}}]}<\/script>\n<!-- \/ Yoast SEO plugin. -->","yoast_head_json":{"title":"VOOPOO Vmate Max Pod System Kit 1200mAh 3ml | ElementVape.de","description":"Wir bieten VOOPOO Vmate Max Pod System Kit 1200mAh 3ml , Elementvape.de akzeptieren Gro\u00df-und Einzelhandel Bestellungen.","robots":{"index":"index","follow":"follow","max-snippet":"max-snippet:-1","max-image-preview":"max-image-preview:large","max-video-preview":"max-video-preview:-1"},"canonical":"https:\/\/www.elementvape.de\/pt\/produkt\/voopoo-vmate-max-pod-system-kit-1200mah-3ml\/","og_locale":"pt_PT","og_type":"article","og_title":"VOOPOO Vmate Max Pod System Kit 1200mAh 3ml | ElementVape.de","og_description":"Wir bieten VOOPOO Vmate Max Pod System Kit 1200mAh 3ml , Elementvape.de akzeptieren Gro\u00df-und Einzelhandel Bestellungen.","og_url":"https:\/\/www.elementvape.de\/pt\/produkt\/voopoo-vmate-max-pod-system-kit-1200mah-3ml\/","og_site_name":"ElementVape.de","article_modified_time":"2024-09-12T10:36:01+00:00","og_image":[{"width":800,"height":800,"url":"https:\/\/www.elementvape.de\/wp-content\/uploads\/2024\/06\/voopoo-vmate-max-pod-1.webp","type":"image\/webp"}],"twitter_card":"summary_large_image","twitter_misc":{"Est. reading time":"3 minutos"},"schema":{"@context":"https:\/\/schema.org","@graph":[{"@type":"WebPage","@id":"https:\/\/www.elementvape.de\/en\/produkt\/voopoo-vmate-max-pod-system-kit-1200mah-3ml\/","url":"https:\/\/www.elementvape.de\/en\/produkt\/voopoo-vmate-max-pod-system-kit-1200mah-3ml\/","name":"VOOPOO Vmate Max Pod System Kit 1200mAh 3ml | ElementVape.de","isPartOf":{"@id":"https:\/\/www.elementvape.de\/#website"},"primaryImageOfPage":{"@id":"https:\/\/www.elementvape.de\/en\/produkt\/voopoo-vmate-max-pod-system-kit-1200mah-3ml\/#primaryimage"},"image":{"@id":"https:\/\/www.elementvape.de\/en\/produkt\/voopoo-vmate-max-pod-system-kit-1200mah-3ml\/#primaryimage"},"thumbnailUrl":"https:\/\/www.elementvape.de\/wp-content\/uploads\/2024\/06\/voopoo-vmate-max-pod-1.webp","datePublished":"2024-06-18T03:49:30+00:00","dateModified":"2024-09-12T10:36:01+00:00","description":"Wir bieten VOOPOO Vmate Max Pod System Kit 1200mAh 3ml , Elementvape.de akzeptieren Gro\u00df-und Einzelhandel Bestellungen.","breadcrumb":{"@id":"https:\/\/www.elementvape.de\/en\/produkt\/voopoo-vmate-max-pod-system-kit-1200mah-3ml\/#breadcrumb"},"inLanguage":"pt-PT","potentialAction":[{"@type":"ReadAction","target":["https:\/\/www.elementvape.de\/en\/produkt\/voopoo-vmate-max-pod-system-kit-1200mah-3ml\/"]}]},{"@type":"ImageObject","inLanguage":"pt-PT","@id":"https:\/\/www.elementvape.de\/en\/produkt\/voopoo-vmate-max-pod-system-kit-1200mah-3ml\/#primaryimage","url":"https:\/\/www.elementvape.de\/wp-content\/uploads\/2024\/06\/voopoo-vmate-max-pod-1.webp","contentUrl":"https:\/\/www.elementvape.de\/wp-content\/uploads\/2024\/06\/voopoo-vmate-max-pod-1.webp","width":800,"height":800,"caption":"voopoo-vmate-max-pod-1"},{"@type":"BreadcrumbList","@id":"https:\/\/www.elementvape.de\/en\/produkt\/voopoo-vmate-max-pod-system-kit-1200mah-3ml\/#breadcrumb","itemListElement":[{"@type":"ListItem","position":1,"name":"Home","item":"https:\/\/www.elementvape.de\/"},{"@type":"ListItem","position":2,"name":"Shop","item":"https:\/\/www.elementvape.de\/shop\/"},{"@type":"ListItem","position":3,"name":"VOOPOO Vmate Max Pod System Kit 1200mAh 3ml"}]},{"@type":"WebSite","@id":"https:\/\/www.elementvape.de\/#website","url":"https:\/\/www.elementvape.de\/","name":"ElementVape.de","description":"","publisher":{"@id":"https:\/\/www.elementvape.de\/#organization"},"potentialAction":[{"@type":"SearchAction","target":{"@type":"EntryPoint","urlTemplate":"https:\/\/www.elementvape.de\/?s={search_term_string}"},"query-input":"required name=search_term_string"}],"inLanguage":"pt-PT"},{"@type":"Organization","@id":"https:\/\/www.elementvape.de\/#organization","name":"ElementVape.DE","url":"https:\/\/www.elementvape.de\/","logo":{"@type":"ImageObject","inLanguage":"pt-PT","@id":"https:\/\/www.elementvape.de\/#\/schema\/logo\/image\/","url":"https:\/\/www.elementvape.de\/wp-content\/uploads\/2024\/09\/cropped-1elementvape-3.png","contentUrl":"https:\/\/www.elementvape.de\/wp-content\/uploads\/2024\/09\/cropped-1elementvape-3.png","width":285,"height":228,"caption":"ElementVape.DE"},"image":{"@id":"https:\/\/www.elementvape.de\/#\/schema\/logo\/image\/"}}]}},"_links":{"self":[{"href":"https:\/\/www.elementvape.de\/pt\/wp-json\/wp\/v2\/product\/12362"}],"collection":[{"href":"https:\/\/www.elementvape.de\/pt\/wp-json\/wp\/v2\/product"}],"about":[{"href":"https:\/\/www.elementvape.de\/pt\/wp-json\/wp\/v2\/types\/product"}],"wp:featuredmedia":[{"embeddable":true,"href":"https:\/\/www.elementvape.de\/pt\/wp-json\/wp\/v2\/media\/12370"}],"wp:attachment":[{"href":"https:\/\/www.elementvape.de\/pt\/wp-json\/wp\/v2\/media?parent=12362"}],"wp:term":[{"taxonomy":"product_cat","embeddable":true,"href":"https:\/\/www.elementvape.de\/pt\/wp-json\/wp\/v2\/product_cat?post=12362"},{"taxonomy":"product_tag","embeddable":true,"href":"https:\/\/www.elementvape.de\/pt\/wp-json\/wp\/v2\/product_tag?post=12362"}],"curies":[{"name":"wp","href":"https:\/\/api.w.org\/{rel}","templated":true}]}}