{"id":12345,"date":"2024-06-18T03:13:50","date_gmt":"2024-06-18T03:13:50","guid":{"rendered":"https:\/\/www.elementvape.de\/?post_type=product&#038;p=12345"},"modified":"2024-09-12T10:36:01","modified_gmt":"2024-09-12T10:36:01","slug":"voopoo-drag-3-tpp-x-box-kit","status":"publish","type":"product","link":"https:\/\/www.elementvape.de\/pt\/produkt\/voopoo-drag-3-tpp-x-box-kit\/","title":{"rendered":"Kit de Caixa VOOPOO Drag 3 TPP-X"},"content":{"rendered":"<h3>Descri\u00e7\u00e3o do Produto do Kit VOOPOO Drag 3 TPP X<\/h3>\n<p>O <strong>Kit Drag 3 TPP X<\/strong> combina o Mod Drag 3 com o tanque de c\u00e1psula TPP-X e \u00e9 alimentado por duas baterias 18650, que permitem uma pot\u00eancia m\u00e1xima de sa\u00edda de 177 W. O kit \u00e9 compat\u00edvel com as plataformas TPP, PnP e 510 e oferece v\u00e1rios modos para atender a diferentes necessidades: o modo SMART amig\u00e1vel para iniciantes, o modo RBA sem energia para vaporizadores profissionais e o modo SUPER. O tanque de c\u00e1psula TPP-X utiliza a potente bobina TPP e oferece uma capacidade de 5,5 ml de e-l\u00edquido. Com seu design magn\u00e9tico de suc\u00e7\u00e3o e sistema de enchimento simples, \u00e9 especialmente f\u00e1cil de usar. O sistema de fluxo de ar sem fim de 360\u00b0 e o fluxo de ar inferior proporcionam um controle preciso do fluxo de ar e permitem uma forma\u00e7\u00e3o impressionante de nuvens. Al\u00e9m disso, h\u00e1 orif\u00edcios de ar especiais para a experi\u00eancia MTL.<\/p>\n<h3>Par\u00e2metros f\u00edsicos<\/h3>\n<ul>\n<li><strong>Marca:<\/strong> VOOPOO<\/li>\n<li><strong>Nome do produto:<\/strong> Kit Drag 3 TPP-X<\/li>\n<li><strong>Capacidade do pod:<\/strong> 5,5 ml<\/li>\n<li><strong>Material do pod:<\/strong> PCTG<\/li>\n<li><strong>Resist\u00eancia do Pod:<\/strong> TPP-DM2 0,2 \u200b\u200bOhm, TPP-DM3 0,15 Ohm<\/li>\n<li><strong>Material do Mod:<\/strong> Couro + Liga de Zinco<\/li>\n<li><strong>Pot\u00eancia de sa\u00edda:<\/strong> 5-177W<\/li>\n<li><strong>Tens\u00e3o de entrada:<\/strong> 6,4 V at\u00e9 8,4 V<\/li>\n<li><strong>Resist\u00eancia do Mod:<\/strong> 0,1-3,0 Ohm<\/li>\n<li><strong>Capacidade da bateria:<\/strong> Bateria dupla 18650 (n\u00e3o inclu\u00edda)<\/li>\n<li><strong>Carregamento:<\/strong> Carregamento r\u00e1pido Tipo-C 5 V\/2 A<\/li>\n<\/ul>\n<h3>Conte\u00fado da embalagem<\/h3>\n<ul>\n<li>1 x Mod Drag 3<\/li>\n<li>1 x Tanque de Pod TPP-X 5,5 ml<\/li>\n<li>1 x Bobina TPP-DM2 0,2 \u200b\u200bOhm<\/li>\n<li>1 x Bobina TPP-DM3 0,15 Ohm<\/li>\n<li>1 x Cabo Tipo-C<\/li>\n<li>1 x Manual do utilizador<\/li>\n<\/ul>\n<h3>Caracter\u00edsticas do produto<\/h3>\n<ul>\n<li><strong>Compatibilidade:<\/strong> Plataforma TPP-, PnP- e 510<\/li>\n<li><strong>Modos:<\/strong> Modo SMART para principiantes, modo RBA para fumadores experientes, modo SUPER<\/li>\n<li><strong>Tanque de P\u00f3do TPP-X:<\/strong> Capacidade de 5,5 ml, design magn\u00e9tico de suc\u00e7\u00e3o, sistema de enchimento f\u00e1cil<\/li>\n<li><strong>Sistema de fluxo de ar:<\/strong> Fluxo de ar infinito de 360\u00b0 e fluxo de ar na base para controlo preciso e nuvens super<\/li>\n<li><strong>Experi\u00eancia MTL:<\/strong> Orif\u00edcios de ar especiais<\/li>\n<\/ul>\n<p>O <strong>Kit VOOPOO Drag 3 TPP X<\/strong> \u00e9 perfeito para fumadores que procuram dispositivos potentes e personaliz\u00e1veis. Materiais de alta qualidade e tecnologia inovadora tornam-no uma escolha excelente para uma experi\u00eancia de vaping impressionante.<\/p>","protected":false},"excerpt":{"rendered":"<p>VOOPOO Drag 3 TPP X Kit Produktbeschreibung Das Drag 3 TPP X Kit kombiniert den Drag 3 Mod mit dem TPP-X Pod Tank und wird von zwei 18650-Batterien betrieben, die eine maximale Ausgangsleistung von 177 W erm\u00f6glichen. Das Kit ist mit der TPP-, PnP- und 510-Plattform kompatibel und bietet verschiedene Modi, um unterschiedlichen Anforderungen gerecht [&hellip;]<\/p>","protected":false},"featured_media":12346,"template":"","meta":{"inline_featured_image":false},"product_cat":[754,745,742,748,744,755,738,751,77],"product_tag":[],"tiered_pricing_type":"fixed","tiered_pricing_fixed_rules":[],"tiered_pricing_percentage_rules":[],"tiered_pricing_minimum":1,"_administrator_tiered_pricing_type":"fixed","_administrator_tiered_pricing_fixed_rules":[],"_editor_tiered_pricing_type":"fixed","_editor_tiered_pricing_fixed_rules":[],"_author_tiered_pricing_type":"fixed","_author_tiered_pricing_fixed_rules":[],"_contributor_tiered_pricing_type":"fixed","_contributor_tiered_pricing_fixed_rules":[],"_subscriber_tiered_pricing_type":"fixed","_subscriber_tiered_pricing_fixed_rules":[],"_customer_tiered_pricing_type":"fixed","_customer_tiered_pricing_fixed_rules":[],"_shop_manager_tiered_pricing_type":"fixed","_shop_manager_tiered_pricing_fixed_rules":[],"_wpseo_manager_tiered_pricing_type":"fixed","_wpseo_manager_tiered_pricing_fixed_rules":[],"_wpseo_editor_tiered_pricing_type":"fixed","_wpseo_editor_tiered_pricing_fixed_rules":[],"_wholesale_customer_tiered_pricing_type":"fixed","_wholesale_customer_tiered_pricing_fixed_rules":[],"_marketer_tiered_pricing_type":"fixed","_marketer_tiered_pricing_fixed_rules":[],"_sales_manager_tiered_pricing_type":"fixed","_sales_manager_tiered_pricing_fixed_rules":[],"_sales_rep_tiered_pricing_type":"fixed","_sales_rep_tiered_pricing_fixed_rules":[],"yoast_head":"<!-- This site is optimized with the Yoast SEO plugin v23.3 - https:\/\/yoast.com\/wordpress\/plugins\/seo\/ -->\n<title>VOOPOO Drag 3 TPP-X Box Kit | ElementVape.de<\/title>\n<meta name=\"description\" content=\"Wir bieten VOOPOO Drag 3 TPP-X Box Kit , Elementvape.de akzeptieren Gro\u00df-und Einzelhandel Bestellungen.\" \/>\n<meta name=\"robots\" content=\"index, follow, max-snippet:-1, max-image-preview:large, max-video-preview:-1\" \/>\n<link rel=\"canonical\" href=\"https:\/\/www.elementvape.de\/pt\/produkt\/voopoo-drag-3-tpp-x-box-kit\/\" \/>\n<meta property=\"og:locale\" content=\"pt_PT\" \/>\n<meta property=\"og:type\" content=\"article\" \/>\n<meta property=\"og:title\" content=\"VOOPOO Drag 3 TPP-X Box Kit | ElementVape.de\" \/>\n<meta property=\"og:description\" content=\"Wir bieten VOOPOO Drag 3 TPP-X Box Kit , Elementvape.de akzeptieren Gro\u00df-und Einzelhandel Bestellungen.\" \/>\n<meta property=\"og:url\" content=\"https:\/\/www.elementvape.de\/pt\/produkt\/voopoo-drag-3-tpp-x-box-kit\/\" \/>\n<meta property=\"og:site_name\" content=\"ElementVape.de\" \/>\n<meta property=\"article:modified_time\" content=\"2024-09-12T10:36:01+00:00\" \/>\n<meta property=\"og:image\" content=\"https:\/\/www.elementvape.de\/wp-content\/uploads\/2024\/06\/VOOPOO-Drag-3-TPP-X-Box-Kit-10.webp\" \/>\n\t<meta property=\"og:image:width\" content=\"800\" \/>\n\t<meta property=\"og:image:height\" content=\"800\" \/>\n\t<meta property=\"og:image:type\" content=\"image\/webp\" \/>\n<meta name=\"twitter:card\" content=\"summary_large_image\" \/>\n<meta name=\"twitter:label1\" content=\"Est. reading time\" \/>\n\t<meta name=\"twitter:data1\" content=\"2 minutos\" \/>\n<script type=\"application\/ld+json\" class=\"yoast-schema-graph\">{\"@context\":\"https:\/\/schema.org\",\"@graph\":[{\"@type\":\"WebPage\",\"@id\":\"https:\/\/www.elementvape.de\/produkt\/voopoo-drag-3-tpp-x-box-kit\/\",\"url\":\"https:\/\/www.elementvape.de\/produkt\/voopoo-drag-3-tpp-x-box-kit\/\",\"name\":\"VOOPOO Drag 3 TPP-X Box Kit | ElementVape.de\",\"isPartOf\":{\"@id\":\"https:\/\/www.elementvape.de\/#website\"},\"primaryImageOfPage\":{\"@id\":\"https:\/\/www.elementvape.de\/produkt\/voopoo-drag-3-tpp-x-box-kit\/#primaryimage\"},\"image\":{\"@id\":\"https:\/\/www.elementvape.de\/produkt\/voopoo-drag-3-tpp-x-box-kit\/#primaryimage\"},\"thumbnailUrl\":\"https:\/\/www.elementvape.de\/wp-content\/uploads\/2024\/06\/VOOPOO-Drag-3-TPP-X-Box-Kit-10.webp\",\"datePublished\":\"2024-06-18T03:13:50+00:00\",\"dateModified\":\"2024-09-12T10:36:01+00:00\",\"description\":\"Wir bieten VOOPOO Drag 3 TPP-X Box Kit , Elementvape.de akzeptieren Gro\u00df-und Einzelhandel Bestellungen.\",\"breadcrumb\":{\"@id\":\"https:\/\/www.elementvape.de\/produkt\/voopoo-drag-3-tpp-x-box-kit\/#breadcrumb\"},\"inLanguage\":\"pt-PT\",\"potentialAction\":[{\"@type\":\"ReadAction\",\"target\":[\"https:\/\/www.elementvape.de\/produkt\/voopoo-drag-3-tpp-x-box-kit\/\"]}]},{\"@type\":\"ImageObject\",\"inLanguage\":\"pt-PT\",\"@id\":\"https:\/\/www.elementvape.de\/produkt\/voopoo-drag-3-tpp-x-box-kit\/#primaryimage\",\"url\":\"https:\/\/www.elementvape.de\/wp-content\/uploads\/2024\/06\/VOOPOO-Drag-3-TPP-X-Box-Kit-10.webp\",\"contentUrl\":\"https:\/\/www.elementvape.de\/wp-content\/uploads\/2024\/06\/VOOPOO-Drag-3-TPP-X-Box-Kit-10.webp\",\"width\":800,\"height\":800,\"caption\":\"VOOPOO-Drag-3-TPP-X-Box-Kit-10\"},{\"@type\":\"BreadcrumbList\",\"@id\":\"https:\/\/www.elementvape.de\/produkt\/voopoo-drag-3-tpp-x-box-kit\/#breadcrumb\",\"itemListElement\":[{\"@type\":\"ListItem\",\"position\":1,\"name\":\"Home\",\"item\":\"https:\/\/www.elementvape.de\/\"},{\"@type\":\"ListItem\",\"position\":2,\"name\":\"Shop\",\"item\":\"https:\/\/www.elementvape.de\/shop\/\"},{\"@type\":\"ListItem\",\"position\":3,\"name\":\"VOOPOO Drag 3 TPP-X Box Kit\"}]},{\"@type\":\"WebSite\",\"@id\":\"https:\/\/www.elementvape.de\/#website\",\"url\":\"https:\/\/www.elementvape.de\/\",\"name\":\"ElementVape.de\",\"description\":\"\",\"publisher\":{\"@id\":\"https:\/\/www.elementvape.de\/#organization\"},\"potentialAction\":[{\"@type\":\"SearchAction\",\"target\":{\"@type\":\"EntryPoint\",\"urlTemplate\":\"https:\/\/www.elementvape.de\/?s={search_term_string}\"},\"query-input\":\"required name=search_term_string\"}],\"inLanguage\":\"pt-PT\"},{\"@type\":\"Organization\",\"@id\":\"https:\/\/www.elementvape.de\/#organization\",\"name\":\"ElementVape.DE\",\"url\":\"https:\/\/www.elementvape.de\/\",\"logo\":{\"@type\":\"ImageObject\",\"inLanguage\":\"pt-PT\",\"@id\":\"https:\/\/www.elementvape.de\/#\/schema\/logo\/image\/\",\"url\":\"https:\/\/www.elementvape.de\/wp-content\/uploads\/2024\/09\/cropped-1elementvape-3.png\",\"contentUrl\":\"https:\/\/www.elementvape.de\/wp-content\/uploads\/2024\/09\/cropped-1elementvape-3.png\",\"width\":285,\"height\":228,\"caption\":\"ElementVape.DE\"},\"image\":{\"@id\":\"https:\/\/www.elementvape.de\/#\/schema\/logo\/image\/\"}}]}<\/script>\n<!-- \/ Yoast SEO plugin. -->","yoast_head_json":{"title":"VOOPOO Drag 3 TPP-X Box Kit | ElementVape.de","description":"Wir bieten VOOPOO Drag 3 TPP-X Box Kit , Elementvape.de akzeptieren Gro\u00df-und Einzelhandel Bestellungen.","robots":{"index":"index","follow":"follow","max-snippet":"max-snippet:-1","max-image-preview":"max-image-preview:large","max-video-preview":"max-video-preview:-1"},"canonical":"https:\/\/www.elementvape.de\/pt\/produkt\/voopoo-drag-3-tpp-x-box-kit\/","og_locale":"pt_PT","og_type":"article","og_title":"VOOPOO Drag 3 TPP-X Box Kit | ElementVape.de","og_description":"Wir bieten VOOPOO Drag 3 TPP-X Box Kit , Elementvape.de akzeptieren Gro\u00df-und Einzelhandel Bestellungen.","og_url":"https:\/\/www.elementvape.de\/pt\/produkt\/voopoo-drag-3-tpp-x-box-kit\/","og_site_name":"ElementVape.de","article_modified_time":"2024-09-12T10:36:01+00:00","og_image":[{"width":800,"height":800,"url":"https:\/\/www.elementvape.de\/wp-content\/uploads\/2024\/06\/VOOPOO-Drag-3-TPP-X-Box-Kit-10.webp","type":"image\/webp"}],"twitter_card":"summary_large_image","twitter_misc":{"Est. reading time":"2 minutos"},"schema":{"@context":"https:\/\/schema.org","@graph":[{"@type":"WebPage","@id":"https:\/\/www.elementvape.de\/produkt\/voopoo-drag-3-tpp-x-box-kit\/","url":"https:\/\/www.elementvape.de\/produkt\/voopoo-drag-3-tpp-x-box-kit\/","name":"VOOPOO Drag 3 TPP-X Box Kit | ElementVape.de","isPartOf":{"@id":"https:\/\/www.elementvape.de\/#website"},"primaryImageOfPage":{"@id":"https:\/\/www.elementvape.de\/produkt\/voopoo-drag-3-tpp-x-box-kit\/#primaryimage"},"image":{"@id":"https:\/\/www.elementvape.de\/produkt\/voopoo-drag-3-tpp-x-box-kit\/#primaryimage"},"thumbnailUrl":"https:\/\/www.elementvape.de\/wp-content\/uploads\/2024\/06\/VOOPOO-Drag-3-TPP-X-Box-Kit-10.webp","datePublished":"2024-06-18T03:13:50+00:00","dateModified":"2024-09-12T10:36:01+00:00","description":"Wir bieten VOOPOO Drag 3 TPP-X Box Kit , Elementvape.de akzeptieren Gro\u00df-und Einzelhandel Bestellungen.","breadcrumb":{"@id":"https:\/\/www.elementvape.de\/produkt\/voopoo-drag-3-tpp-x-box-kit\/#breadcrumb"},"inLanguage":"pt-PT","potentialAction":[{"@type":"ReadAction","target":["https:\/\/www.elementvape.de\/produkt\/voopoo-drag-3-tpp-x-box-kit\/"]}]},{"@type":"ImageObject","inLanguage":"pt-PT","@id":"https:\/\/www.elementvape.de\/produkt\/voopoo-drag-3-tpp-x-box-kit\/#primaryimage","url":"https:\/\/www.elementvape.de\/wp-content\/uploads\/2024\/06\/VOOPOO-Drag-3-TPP-X-Box-Kit-10.webp","contentUrl":"https:\/\/www.elementvape.de\/wp-content\/uploads\/2024\/06\/VOOPOO-Drag-3-TPP-X-Box-Kit-10.webp","width":800,"height":800,"caption":"VOOPOO-Drag-3-TPP-X-Box-Kit-10"},{"@type":"BreadcrumbList","@id":"https:\/\/www.elementvape.de\/produkt\/voopoo-drag-3-tpp-x-box-kit\/#breadcrumb","itemListElement":[{"@type":"ListItem","position":1,"name":"Home","item":"https:\/\/www.elementvape.de\/"},{"@type":"ListItem","position":2,"name":"Shop","item":"https:\/\/www.elementvape.de\/shop\/"},{"@type":"ListItem","position":3,"name":"VOOPOO Drag 3 TPP-X Box Kit"}]},{"@type":"WebSite","@id":"https:\/\/www.elementvape.de\/#website","url":"https:\/\/www.elementvape.de\/","name":"ElementVape.de","description":"","publisher":{"@id":"https:\/\/www.elementvape.de\/#organization"},"potentialAction":[{"@type":"SearchAction","target":{"@type":"EntryPoint","urlTemplate":"https:\/\/www.elementvape.de\/?s={search_term_string}"},"query-input":"required name=search_term_string"}],"inLanguage":"pt-PT"},{"@type":"Organization","@id":"https:\/\/www.elementvape.de\/#organization","name":"ElementVape.DE","url":"https:\/\/www.elementvape.de\/","logo":{"@type":"ImageObject","inLanguage":"pt-PT","@id":"https:\/\/www.elementvape.de\/#\/schema\/logo\/image\/","url":"https:\/\/www.elementvape.de\/wp-content\/uploads\/2024\/09\/cropped-1elementvape-3.png","contentUrl":"https:\/\/www.elementvape.de\/wp-content\/uploads\/2024\/09\/cropped-1elementvape-3.png","width":285,"height":228,"caption":"ElementVape.DE"},"image":{"@id":"https:\/\/www.elementvape.de\/#\/schema\/logo\/image\/"}}]}},"_links":{"self":[{"href":"https:\/\/www.elementvape.de\/pt\/wp-json\/wp\/v2\/product\/12345"}],"collection":[{"href":"https:\/\/www.elementvape.de\/pt\/wp-json\/wp\/v2\/product"}],"about":[{"href":"https:\/\/www.elementvape.de\/pt\/wp-json\/wp\/v2\/types\/product"}],"wp:featuredmedia":[{"embeddable":true,"href":"https:\/\/www.elementvape.de\/pt\/wp-json\/wp\/v2\/media\/12346"}],"wp:attachment":[{"href":"https:\/\/www.elementvape.de\/pt\/wp-json\/wp\/v2\/media?parent=12345"}],"wp:term":[{"taxonomy":"product_cat","embeddable":true,"href":"https:\/\/www.elementvape.de\/pt\/wp-json\/wp\/v2\/product_cat?post=12345"},{"taxonomy":"product_tag","embeddable":true,"href":"https:\/\/www.elementvape.de\/pt\/wp-json\/wp\/v2\/product_tag?post=12345"}],"curies":[{"name":"wp","href":"https:\/\/api.w.org\/{rel}","templated":true}]}}