{"id":12232,"date":"2024-06-17T08:51:51","date_gmt":"2024-06-17T08:51:51","guid":{"rendered":"https:\/\/www.elementvape.de\/?post_type=product&#038;p=12232"},"modified":"2024-09-12T10:36:05","modified_gmt":"2024-09-12T10:36:05","slug":"voopoo-argus-xt-mod","status":"publish","type":"product","link":"https:\/\/www.elementvape.de\/pt\/produkt\/voopoo-argus-xt-mod\/","title":{"rendered":"Mod VOOPOO Argus XT"},"content":{"rendered":"<h2>Descri\u00e7\u00e3o do produto: Voopoo Argus XT Mod Vape<\/h2>\n<h4>Detalhes do produto<\/h4>\n<p>O Voopoo Argus XT&amp;MT Mod \u00e9 um dispositivo vers\u00e1til e potente, que pode usar uma bateria \u00fanica de 18650 ou 21700 (para XT) ou uma bateria embutida de 3000 mAh (para MT). Com uma pot\u00eancia de 5 a 100 W e um ecr\u00e3 TFT a cores de 0,96 polegadas, oferece v\u00e1rios modos: VW (RBA), SMART, TC (Ni, SS, Ti) e Turbo. O modo Turbo aumenta a pot\u00eancia na primeira tragada para vapor intenso. O chipset GENE TT 2.0 garante uma pot\u00eancia constante e oferece 7 fun\u00e7\u00f5es de prote\u00e7\u00e3o abrangentes. O bloqueio QS com interruptor deslizante pode bloquear todos os bot\u00f5es, oferecendo seguran\u00e7a adicional.<\/p>\n<h4>Fun\u00e7\u00f5es<\/h4>\n<ul>\n<li><strong>Pot\u00eancia m\u00e1xima de sa\u00edda de 100 W<\/strong>: Oferece uma ampla gama de op\u00e7\u00f5es de pot\u00eancia para diferentes necessidades de vapor.<\/li>\n<li><strong>Certificado IP68<\/strong>: Design robusto e duradouro, resistente \u00e0 \u00e1gua, poeira e impactos.<\/li>\n<li><strong>Design sem orif\u00edcios<\/strong>: Design moderno e est\u00e9tico sem orif\u00edcios vis\u00edveis.<\/li>\n<li><strong>Chip GENE.TT 2.0<\/strong>: Chipset avan\u00e7ado para desempenho e prote\u00e7\u00e3o \u00f3timos.<\/li>\n<li><strong>Modo Turbo<\/strong>: Oferece um aumento de pot\u00eancia inicial para vapor intenso.<\/li>\n<li><strong>Carregamento Tipo-C de 3A<\/strong>: Carregamento r\u00e1pido e eficiente.<\/li>\n<\/ul>\n<h4>Especifica\u00e7\u00f5es<\/h4>\n<ul>\n<li><strong>Nome do produto<\/strong>: Mod ARGUS XT<\/li>\n<li><strong>Tamanho<\/strong>: 94,7 x 34,5 x 37 mm<\/li>\n<li><strong>Faixa de pot\u00eancia<\/strong>: 5 \u2013 100 W<\/li>\n<li><strong>Faixa de resist\u00eancia<\/strong>: 0,05 \u2013 3,0 \u03a9<\/li>\n<li><strong>Tens\u00e3o de sa\u00edda<\/strong>: M\u00e1x. 8,5 V<\/li>\n<li><strong>Bateria<\/strong>: Individual 21700\/18650 (n\u00e3o inclu\u00eddo na embalagem)<\/li>\n<li><strong>Bobinas compat\u00edveis<\/strong>: TPP-DM1, TPP-DM2, TPP-DM3, TPP-DM4<\/li>\n<\/ul>\n<h4>Tanques Recomendados<\/h4>\n<ul>\n<li><strong>Tanque Maat Novo<\/strong><\/li>\n<li><strong>Tanque de Pod TPP-X<\/strong>\n<ul>\n<li>Nota: Por favor, utilize um atomizador com um di\u00e2metro inferior a 28 mm.<\/li>\n<\/ul>\n<\/li>\n<\/ul>\n<h4>Conte\u00fado da embalagem<\/h4>\n<ul>\n<li>1 x Dispositivo Mod ARGUS XT<\/li>\n<li>1 x Adaptador de bateria 18650<\/li>\n<li>1 x Cabo Tipo-C<\/li>\n<li>1 x Manual do utilizador<\/li>\n<\/ul>\n<p>Experimente a combina\u00e7\u00e3o perfeita de tecnologia avan\u00e7ada, design robusto e alto desempenho com o Voopoo Argus XT Mod. Compre agora em grande quantidade na Vapewholesaleglobal e beneficie dos nossos melhores pre\u00e7os por atacado!<\/p>","protected":false},"excerpt":{"rendered":"<p>Produktbeschreibung: Voopoo Argus XT Mod Vape Produktdetails Der Voopoo Argus XT&amp;MT Mod ist ein vielseitiges und leistungsstarkes Ger\u00e4t, das entweder einen einzelnen 18650- oder 21700-Akku (f\u00fcr XT) oder einen eingebauten 3000-mAh-Akku (f\u00fcr MT) verwenden kann. Mit einer Leistung von 5 bis 100 W und einem 0,96-Zoll-TFT-Farbdisplay bietet es verschiedene Modi: VW (RBA), SMART, TC (Ni, [&hellip;]<\/p>","protected":false},"featured_media":12234,"template":"","meta":{"inline_featured_image":false},"product_cat":[754,745,742,748,744,755,738,751,77],"product_tag":[],"tiered_pricing_type":"fixed","tiered_pricing_fixed_rules":[],"tiered_pricing_percentage_rules":[],"tiered_pricing_minimum":1,"_administrator_tiered_pricing_type":"fixed","_administrator_tiered_pricing_fixed_rules":[],"_editor_tiered_pricing_type":"fixed","_editor_tiered_pricing_fixed_rules":[],"_author_tiered_pricing_type":"fixed","_author_tiered_pricing_fixed_rules":[],"_contributor_tiered_pricing_type":"fixed","_contributor_tiered_pricing_fixed_rules":[],"_subscriber_tiered_pricing_type":"fixed","_subscriber_tiered_pricing_fixed_rules":[],"_customer_tiered_pricing_type":"fixed","_customer_tiered_pricing_fixed_rules":[],"_shop_manager_tiered_pricing_type":"fixed","_shop_manager_tiered_pricing_fixed_rules":[],"_wpseo_manager_tiered_pricing_type":"fixed","_wpseo_manager_tiered_pricing_fixed_rules":[],"_wpseo_editor_tiered_pricing_type":"fixed","_wpseo_editor_tiered_pricing_fixed_rules":[],"_wholesale_customer_tiered_pricing_type":"fixed","_wholesale_customer_tiered_pricing_fixed_rules":[],"_marketer_tiered_pricing_type":"fixed","_marketer_tiered_pricing_fixed_rules":[],"_sales_manager_tiered_pricing_type":"fixed","_sales_manager_tiered_pricing_fixed_rules":[],"_sales_rep_tiered_pricing_type":"fixed","_sales_rep_tiered_pricing_fixed_rules":[],"yoast_head":"<!-- This site is optimized with the Yoast SEO plugin v23.3 - https:\/\/yoast.com\/wordpress\/plugins\/seo\/ -->\n<title>VOOPOO Argus XT Mod | ElementVape.de<\/title>\n<meta name=\"description\" content=\"Wir bieten VOOPOO Argus XT Mod , Elementvape.de akzeptieren Gro\u00df-und Einzelhandel Bestellungen.\" \/>\n<meta name=\"robots\" content=\"index, follow, max-snippet:-1, max-image-preview:large, max-video-preview:-1\" \/>\n<link rel=\"canonical\" href=\"https:\/\/www.elementvape.de\/pt\/produkt\/voopoo-argus-xt-mod\/\" \/>\n<meta property=\"og:locale\" content=\"pt_PT\" \/>\n<meta property=\"og:type\" content=\"article\" \/>\n<meta property=\"og:title\" content=\"VOOPOO Argus XT Mod | ElementVape.de\" \/>\n<meta property=\"og:description\" content=\"Wir bieten VOOPOO Argus XT Mod , Elementvape.de akzeptieren Gro\u00df-und Einzelhandel Bestellungen.\" \/>\n<meta property=\"og:url\" content=\"https:\/\/www.elementvape.de\/pt\/produkt\/voopoo-argus-xt-mod\/\" \/>\n<meta property=\"og:site_name\" content=\"ElementVape.de\" \/>\n<meta property=\"article:modified_time\" content=\"2024-09-12T10:36:05+00:00\" \/>\n<meta property=\"og:image\" content=\"https:\/\/www.elementvape.de\/wp-content\/uploads\/2024\/06\/VOOPOOArgusXTMod_9.webp\" \/>\n\t<meta property=\"og:image:width\" content=\"800\" \/>\n\t<meta property=\"og:image:height\" content=\"800\" \/>\n\t<meta property=\"og:image:type\" content=\"image\/webp\" \/>\n<meta name=\"twitter:card\" content=\"summary_large_image\" \/>\n<meta name=\"twitter:label1\" content=\"Est. reading time\" \/>\n\t<meta name=\"twitter:data1\" content=\"2 minutos\" \/>\n<script type=\"application\/ld+json\" class=\"yoast-schema-graph\">{\"@context\":\"https:\/\/schema.org\",\"@graph\":[{\"@type\":\"WebPage\",\"@id\":\"https:\/\/www.elementvape.de\/es\/produkt\/voopoo-argus-xt-mod\/\",\"url\":\"https:\/\/www.elementvape.de\/es\/produkt\/voopoo-argus-xt-mod\/\",\"name\":\"VOOPOO Argus XT Mod | ElementVape.de\",\"isPartOf\":{\"@id\":\"https:\/\/www.elementvape.de\/#website\"},\"primaryImageOfPage\":{\"@id\":\"https:\/\/www.elementvape.de\/es\/produkt\/voopoo-argus-xt-mod\/#primaryimage\"},\"image\":{\"@id\":\"https:\/\/www.elementvape.de\/es\/produkt\/voopoo-argus-xt-mod\/#primaryimage\"},\"thumbnailUrl\":\"https:\/\/www.elementvape.de\/wp-content\/uploads\/2024\/06\/VOOPOOArgusXTMod_9.webp\",\"datePublished\":\"2024-06-17T08:51:51+00:00\",\"dateModified\":\"2024-09-12T10:36:05+00:00\",\"description\":\"Wir bieten VOOPOO Argus XT Mod , Elementvape.de akzeptieren Gro\u00df-und Einzelhandel Bestellungen.\",\"breadcrumb\":{\"@id\":\"https:\/\/www.elementvape.de\/es\/produkt\/voopoo-argus-xt-mod\/#breadcrumb\"},\"inLanguage\":\"pt-PT\",\"potentialAction\":[{\"@type\":\"ReadAction\",\"target\":[\"https:\/\/www.elementvape.de\/es\/produkt\/voopoo-argus-xt-mod\/\"]}]},{\"@type\":\"ImageObject\",\"inLanguage\":\"pt-PT\",\"@id\":\"https:\/\/www.elementvape.de\/es\/produkt\/voopoo-argus-xt-mod\/#primaryimage\",\"url\":\"https:\/\/www.elementvape.de\/wp-content\/uploads\/2024\/06\/VOOPOOArgusXTMod_9.webp\",\"contentUrl\":\"https:\/\/www.elementvape.de\/wp-content\/uploads\/2024\/06\/VOOPOOArgusXTMod_9.webp\",\"width\":800,\"height\":800,\"caption\":\"VOOPOOArgusXTMod_9\"},{\"@type\":\"BreadcrumbList\",\"@id\":\"https:\/\/www.elementvape.de\/es\/produkt\/voopoo-argus-xt-mod\/#breadcrumb\",\"itemListElement\":[{\"@type\":\"ListItem\",\"position\":1,\"name\":\"Home\",\"item\":\"https:\/\/www.elementvape.de\/\"},{\"@type\":\"ListItem\",\"position\":2,\"name\":\"Shop\",\"item\":\"https:\/\/www.elementvape.de\/shop\/\"},{\"@type\":\"ListItem\",\"position\":3,\"name\":\"VOOPOO Argus XT Mod\"}]},{\"@type\":\"WebSite\",\"@id\":\"https:\/\/www.elementvape.de\/#website\",\"url\":\"https:\/\/www.elementvape.de\/\",\"name\":\"ElementVape.de\",\"description\":\"\",\"publisher\":{\"@id\":\"https:\/\/www.elementvape.de\/#organization\"},\"potentialAction\":[{\"@type\":\"SearchAction\",\"target\":{\"@type\":\"EntryPoint\",\"urlTemplate\":\"https:\/\/www.elementvape.de\/?s={search_term_string}\"},\"query-input\":\"required name=search_term_string\"}],\"inLanguage\":\"pt-PT\"},{\"@type\":\"Organization\",\"@id\":\"https:\/\/www.elementvape.de\/#organization\",\"name\":\"ElementVape.DE\",\"url\":\"https:\/\/www.elementvape.de\/\",\"logo\":{\"@type\":\"ImageObject\",\"inLanguage\":\"pt-PT\",\"@id\":\"https:\/\/www.elementvape.de\/#\/schema\/logo\/image\/\",\"url\":\"https:\/\/www.elementvape.de\/wp-content\/uploads\/2024\/09\/cropped-1elementvape-3.png\",\"contentUrl\":\"https:\/\/www.elementvape.de\/wp-content\/uploads\/2024\/09\/cropped-1elementvape-3.png\",\"width\":285,\"height\":228,\"caption\":\"ElementVape.DE\"},\"image\":{\"@id\":\"https:\/\/www.elementvape.de\/#\/schema\/logo\/image\/\"}}]}<\/script>\n<!-- \/ Yoast SEO plugin. -->","yoast_head_json":{"title":"VOOPOO Argus XT Mod | ElementVape.de","description":"Wir bieten VOOPOO Argus XT Mod , Elementvape.de akzeptieren Gro\u00df-und Einzelhandel Bestellungen.","robots":{"index":"index","follow":"follow","max-snippet":"max-snippet:-1","max-image-preview":"max-image-preview:large","max-video-preview":"max-video-preview:-1"},"canonical":"https:\/\/www.elementvape.de\/pt\/produkt\/voopoo-argus-xt-mod\/","og_locale":"pt_PT","og_type":"article","og_title":"VOOPOO Argus XT Mod | ElementVape.de","og_description":"Wir bieten VOOPOO Argus XT Mod , Elementvape.de akzeptieren Gro\u00df-und Einzelhandel Bestellungen.","og_url":"https:\/\/www.elementvape.de\/pt\/produkt\/voopoo-argus-xt-mod\/","og_site_name":"ElementVape.de","article_modified_time":"2024-09-12T10:36:05+00:00","og_image":[{"width":800,"height":800,"url":"https:\/\/www.elementvape.de\/wp-content\/uploads\/2024\/06\/VOOPOOArgusXTMod_9.webp","type":"image\/webp"}],"twitter_card":"summary_large_image","twitter_misc":{"Est. reading time":"2 minutos"},"schema":{"@context":"https:\/\/schema.org","@graph":[{"@type":"WebPage","@id":"https:\/\/www.elementvape.de\/es\/produkt\/voopoo-argus-xt-mod\/","url":"https:\/\/www.elementvape.de\/es\/produkt\/voopoo-argus-xt-mod\/","name":"VOOPOO Argus XT Mod | ElementVape.de","isPartOf":{"@id":"https:\/\/www.elementvape.de\/#website"},"primaryImageOfPage":{"@id":"https:\/\/www.elementvape.de\/es\/produkt\/voopoo-argus-xt-mod\/#primaryimage"},"image":{"@id":"https:\/\/www.elementvape.de\/es\/produkt\/voopoo-argus-xt-mod\/#primaryimage"},"thumbnailUrl":"https:\/\/www.elementvape.de\/wp-content\/uploads\/2024\/06\/VOOPOOArgusXTMod_9.webp","datePublished":"2024-06-17T08:51:51+00:00","dateModified":"2024-09-12T10:36:05+00:00","description":"Wir bieten VOOPOO Argus XT Mod , Elementvape.de akzeptieren Gro\u00df-und Einzelhandel Bestellungen.","breadcrumb":{"@id":"https:\/\/www.elementvape.de\/es\/produkt\/voopoo-argus-xt-mod\/#breadcrumb"},"inLanguage":"pt-PT","potentialAction":[{"@type":"ReadAction","target":["https:\/\/www.elementvape.de\/es\/produkt\/voopoo-argus-xt-mod\/"]}]},{"@type":"ImageObject","inLanguage":"pt-PT","@id":"https:\/\/www.elementvape.de\/es\/produkt\/voopoo-argus-xt-mod\/#primaryimage","url":"https:\/\/www.elementvape.de\/wp-content\/uploads\/2024\/06\/VOOPOOArgusXTMod_9.webp","contentUrl":"https:\/\/www.elementvape.de\/wp-content\/uploads\/2024\/06\/VOOPOOArgusXTMod_9.webp","width":800,"height":800,"caption":"VOOPOOArgusXTMod_9"},{"@type":"BreadcrumbList","@id":"https:\/\/www.elementvape.de\/es\/produkt\/voopoo-argus-xt-mod\/#breadcrumb","itemListElement":[{"@type":"ListItem","position":1,"name":"Home","item":"https:\/\/www.elementvape.de\/"},{"@type":"ListItem","position":2,"name":"Shop","item":"https:\/\/www.elementvape.de\/shop\/"},{"@type":"ListItem","position":3,"name":"VOOPOO Argus XT Mod"}]},{"@type":"WebSite","@id":"https:\/\/www.elementvape.de\/#website","url":"https:\/\/www.elementvape.de\/","name":"ElementVape.de","description":"","publisher":{"@id":"https:\/\/www.elementvape.de\/#organization"},"potentialAction":[{"@type":"SearchAction","target":{"@type":"EntryPoint","urlTemplate":"https:\/\/www.elementvape.de\/?s={search_term_string}"},"query-input":"required name=search_term_string"}],"inLanguage":"pt-PT"},{"@type":"Organization","@id":"https:\/\/www.elementvape.de\/#organization","name":"ElementVape.DE","url":"https:\/\/www.elementvape.de\/","logo":{"@type":"ImageObject","inLanguage":"pt-PT","@id":"https:\/\/www.elementvape.de\/#\/schema\/logo\/image\/","url":"https:\/\/www.elementvape.de\/wp-content\/uploads\/2024\/09\/cropped-1elementvape-3.png","contentUrl":"https:\/\/www.elementvape.de\/wp-content\/uploads\/2024\/09\/cropped-1elementvape-3.png","width":285,"height":228,"caption":"ElementVape.DE"},"image":{"@id":"https:\/\/www.elementvape.de\/#\/schema\/logo\/image\/"}}]}},"_links":{"self":[{"href":"https:\/\/www.elementvape.de\/pt\/wp-json\/wp\/v2\/product\/12232"}],"collection":[{"href":"https:\/\/www.elementvape.de\/pt\/wp-json\/wp\/v2\/product"}],"about":[{"href":"https:\/\/www.elementvape.de\/pt\/wp-json\/wp\/v2\/types\/product"}],"wp:featuredmedia":[{"embeddable":true,"href":"https:\/\/www.elementvape.de\/pt\/wp-json\/wp\/v2\/media\/12234"}],"wp:attachment":[{"href":"https:\/\/www.elementvape.de\/pt\/wp-json\/wp\/v2\/media?parent=12232"}],"wp:term":[{"taxonomy":"product_cat","embeddable":true,"href":"https:\/\/www.elementvape.de\/pt\/wp-json\/wp\/v2\/product_cat?post=12232"},{"taxonomy":"product_tag","embeddable":true,"href":"https:\/\/www.elementvape.de\/pt\/wp-json\/wp\/v2\/product_tag?post=12232"}],"curies":[{"name":"wp","href":"https:\/\/api.w.org\/{rel}","templated":true}]}}