{"id":11878,"date":"2024-06-07T09:14:23","date_gmt":"2024-06-07T09:14:23","guid":{"rendered":"https:\/\/www.elementvape.de\/?post_type=product&#038;p=11878"},"modified":"2024-09-12T10:36:18","modified_gmt":"2024-09-12T10:36:18","slug":"randm-game-box-5200-einweg-vape-kaufen-5200-zuege","status":"publish","type":"product","link":"https:\/\/www.elementvape.de\/pt\/produkt\/randm-game-box-5200-einweg-vape-kaufen-5200-zuege\/","title":{"rendered":"RandM Game Box 5200 Vape Descart\u00e1vel Comprar 5200 Tragadas"},"content":{"rendered":"<h3>Descri\u00e7\u00e3o do produto<\/h3>\n<p>Comprar <strong>Caixa de Jogos RandM 5200 Vape Descart\u00e1vel<\/strong>-Produtos aos melhores pre\u00e7os de atacado. A <strong>Caixa de Jogos RandM 5200<\/strong> \u00e9 um dispositivo de vaping descart\u00e1vel que tem a apar\u00eancia de um Gameboy e \u00e9 recarreg\u00e1vel. Cont\u00e9m 2% de sal de nicotina e dura at\u00e9 5200 tragos. Com a correia inclu\u00edda, pode usar a caixa de jogos confortavelmente ao redor do pesco\u00e7o. O dispositivo possui uma conex\u00e3o recarreg\u00e1vel Tipo-C na parte inferior, permitindo usar completamente as \u00faltimas gotas do l\u00edquido no tanque.<\/p>\n<h4>Caracter\u00edsticas do dispositivo descart\u00e1vel RandM Game Box 5200:<\/h4>\n<ul>\n<li><strong>Op\u00e7\u00f5es de Nicotina<\/strong>: 0 %, 2 %, 3 %, 5 % nicotina sal<\/li>\n<li><strong>Tragos<\/strong>: At\u00e9 5200 tragos por dispositivo<\/li>\n<li><strong>Capacidade<\/strong>: 12 ml de l\u00edquido<\/li>\n<li><strong>Bateria<\/strong>: Bateria recarreg\u00e1vel de 850 mAh<\/li>\n<li><strong>Bobina<\/strong>: Bobina de malha<\/li>\n<li><strong>Sabores<\/strong>: 20 sabores dispon\u00edveis<\/li>\n<li><strong>Embalagem<\/strong>: 240 unidades por caixa<\/li>\n<li><strong>Peso por caixa<\/strong>: 19 kg<\/li>\n<li><strong>Tamanho da caixa<\/strong>: 48,9 x 40,6 x 26,8 cm<\/li>\n<\/ul>\n<h4>Sabores dispon\u00edveis:<\/h4>\n<ol>\n<li>Morango-Kiwi<\/li>\n<li>Sorbet de mirtilo<\/li>\n<li>Gelo generoso<\/li>\n<li>Algod\u00e3o Doce<\/li>\n<li>Frutos silvestres mistos<\/li>\n<li>Sorbet de banana<\/li>\n<li>Morango e lichia<\/li>\n<li>hortel\u00e3<\/li>\n<li>Uva de aloe vera<\/li>\n<li>P\u00eassego Manga<\/li>\n<li>Geleia de Mel\u00e3o<\/li>\n<li>Morango-Banana<\/li>\n<li>Creme de Tabaco<\/li>\n<li>Fruta Hawaii<\/li>\n<li>Gummy Drop<\/li>\n<li>Grande Explos\u00e3o de Frutas<\/li>\n<li>Bomba de Caf\u00e9<\/li>\n<li>Ponche Tropical<\/li>\n<li>Touro de Pot\u00eancia<\/li>\n<li>Toranja<\/li>\n<\/ol>\n<h4>Detalhes do produto:<\/h4>\n<ul>\n<li><strong>Unidade<\/strong>: 1 x Caixa de Jogo RandM 5200 Vape descart\u00e1vel, 5200 tragos<\/li>\n<\/ul>","protected":false},"excerpt":{"rendered":"<p>Produktbeschreibung Kaufen Sie RandM Game Box 5200 Disposable Vape-Produkte zu den besten Gro\u00dfhandelspreisen. Die RandM Game Box 5200 ist ein Einweg-Vape-Ger\u00e4t, das das Aussehen eines Gameboys hat und wiederaufladbar ist. Es enth\u00e4lt 2% Nikotinsalz und h\u00e4lt bis zu 5200 Z\u00fcge. Mit dem beigelegten Halsband k\u00f6nnen Sie die Gamebox bequem um den Hals tragen. Das Ger\u00e4t [&hellip;]<\/p>","protected":false},"featured_media":11879,"template":"","meta":{"inline_featured_image":false},"product_cat":[78,754,745,742,748,744,755,738,751],"product_tag":[680],"tiered_pricing_type":"fixed","tiered_pricing_fixed_rules":[],"tiered_pricing_percentage_rules":[],"tiered_pricing_minimum":1,"_administrator_tiered_pricing_type":"fixed","_administrator_tiered_pricing_fixed_rules":[],"_editor_tiered_pricing_type":"fixed","_editor_tiered_pricing_fixed_rules":[],"_author_tiered_pricing_type":"fixed","_author_tiered_pricing_fixed_rules":[],"_contributor_tiered_pricing_type":"fixed","_contributor_tiered_pricing_fixed_rules":[],"_subscriber_tiered_pricing_type":"fixed","_subscriber_tiered_pricing_fixed_rules":[],"_customer_tiered_pricing_type":"fixed","_customer_tiered_pricing_fixed_rules":[],"_shop_manager_tiered_pricing_type":"fixed","_shop_manager_tiered_pricing_fixed_rules":[],"_wpseo_manager_tiered_pricing_type":"fixed","_wpseo_manager_tiered_pricing_fixed_rules":[],"_wpseo_editor_tiered_pricing_type":"fixed","_wpseo_editor_tiered_pricing_fixed_rules":[],"_wholesale_customer_tiered_pricing_type":"fixed","_wholesale_customer_tiered_pricing_fixed_rules":[],"_marketer_tiered_pricing_type":"fixed","_marketer_tiered_pricing_fixed_rules":[],"_sales_manager_tiered_pricing_type":"fixed","_sales_manager_tiered_pricing_fixed_rules":[],"_sales_rep_tiered_pricing_type":"fixed","_sales_rep_tiered_pricing_fixed_rules":[],"yoast_head":"<!-- This site is optimized with the Yoast SEO plugin v23.3 - https:\/\/yoast.com\/wordpress\/plugins\/seo\/ -->\n<title>RandM Game Box 5200 Einweg-Vape Kaufen 5200 Z\u00fcge | ElementVape.de<\/title>\n<meta name=\"description\" content=\"Wir bieten RandM Game Box 5200 Einweg-Vape Kaufen 5200 Z\u00fcge , Elementvape.de akzeptieren Gro\u00df-und Einzelhandel Bestellungen.\" \/>\n<meta name=\"robots\" content=\"index, follow, max-snippet:-1, max-image-preview:large, max-video-preview:-1\" \/>\n<link rel=\"canonical\" href=\"https:\/\/www.elementvape.de\/pt\/produkt\/randm-game-box-5200-einweg-vape-kaufen-5200-zuege\/\" \/>\n<meta property=\"og:locale\" content=\"pt_PT\" \/>\n<meta property=\"og:type\" content=\"article\" \/>\n<meta property=\"og:title\" content=\"RandM Game Box 5200 Einweg-Vape Kaufen 5200 Z\u00fcge | ElementVape.de\" \/>\n<meta property=\"og:description\" content=\"Wir bieten RandM Game Box 5200 Einweg-Vape Kaufen 5200 Z\u00fcge , Elementvape.de akzeptieren Gro\u00df-und Einzelhandel Bestellungen.\" \/>\n<meta property=\"og:url\" content=\"https:\/\/www.elementvape.de\/pt\/produkt\/randm-game-box-5200-einweg-vape-kaufen-5200-zuege\/\" \/>\n<meta property=\"og:site_name\" content=\"ElementVape.de\" \/>\n<meta property=\"article:modified_time\" content=\"2024-09-12T10:36:18+00:00\" \/>\n<meta property=\"og:image\" content=\"https:\/\/www.elementvape.de\/wp-content\/uploads\/2024\/06\/RandM-Game-box-5200-3.jpg\" \/>\n\t<meta property=\"og:image:width\" content=\"800\" \/>\n\t<meta property=\"og:image:height\" content=\"800\" \/>\n\t<meta property=\"og:image:type\" content=\"image\/jpeg\" \/>\n<meta name=\"twitter:card\" content=\"summary_large_image\" \/>\n<meta name=\"twitter:label1\" content=\"Est. reading time\" \/>\n\t<meta name=\"twitter:data1\" content=\"2 minutos\" \/>\n<script type=\"application\/ld+json\" class=\"yoast-schema-graph\">{\"@context\":\"https:\/\/schema.org\",\"@graph\":[{\"@type\":\"WebPage\",\"@id\":\"https:\/\/www.elementvape.de\/et\/produkt\/randm-game-box-5200-einweg-vape-kaufen-5200-zuege\/\",\"url\":\"https:\/\/www.elementvape.de\/et\/produkt\/randm-game-box-5200-einweg-vape-kaufen-5200-zuege\/\",\"name\":\"RandM Game Box 5200 Einweg-Vape Kaufen 5200 Z\u00fcge | ElementVape.de\",\"isPartOf\":{\"@id\":\"https:\/\/www.elementvape.de\/#website\"},\"primaryImageOfPage\":{\"@id\":\"https:\/\/www.elementvape.de\/et\/produkt\/randm-game-box-5200-einweg-vape-kaufen-5200-zuege\/#primaryimage\"},\"image\":{\"@id\":\"https:\/\/www.elementvape.de\/et\/produkt\/randm-game-box-5200-einweg-vape-kaufen-5200-zuege\/#primaryimage\"},\"thumbnailUrl\":\"https:\/\/www.elementvape.de\/wp-content\/uploads\/2024\/06\/RandM-Game-box-5200-3.jpg\",\"datePublished\":\"2024-06-07T09:14:23+00:00\",\"dateModified\":\"2024-09-12T10:36:18+00:00\",\"description\":\"Wir bieten RandM Game Box 5200 Einweg-Vape Kaufen 5200 Z\u00fcge , Elementvape.de akzeptieren Gro\u00df-und Einzelhandel Bestellungen.\",\"breadcrumb\":{\"@id\":\"https:\/\/www.elementvape.de\/et\/produkt\/randm-game-box-5200-einweg-vape-kaufen-5200-zuege\/#breadcrumb\"},\"inLanguage\":\"pt-PT\",\"potentialAction\":[{\"@type\":\"ReadAction\",\"target\":[\"https:\/\/www.elementvape.de\/et\/produkt\/randm-game-box-5200-einweg-vape-kaufen-5200-zuege\/\"]}]},{\"@type\":\"ImageObject\",\"inLanguage\":\"pt-PT\",\"@id\":\"https:\/\/www.elementvape.de\/et\/produkt\/randm-game-box-5200-einweg-vape-kaufen-5200-zuege\/#primaryimage\",\"url\":\"https:\/\/www.elementvape.de\/wp-content\/uploads\/2024\/06\/RandM-Game-box-5200-3.jpg\",\"contentUrl\":\"https:\/\/www.elementvape.de\/wp-content\/uploads\/2024\/06\/RandM-Game-box-5200-3.jpg\",\"width\":800,\"height\":800,\"caption\":\"RandM-Game-box-5200-3\"},{\"@type\":\"BreadcrumbList\",\"@id\":\"https:\/\/www.elementvape.de\/et\/produkt\/randm-game-box-5200-einweg-vape-kaufen-5200-zuege\/#breadcrumb\",\"itemListElement\":[{\"@type\":\"ListItem\",\"position\":1,\"name\":\"Home\",\"item\":\"https:\/\/www.elementvape.de\/\"},{\"@type\":\"ListItem\",\"position\":2,\"name\":\"Shop\",\"item\":\"https:\/\/www.elementvape.de\/shop\/\"},{\"@type\":\"ListItem\",\"position\":3,\"name\":\"RandM Game Box 5200 Einweg-Vape Kaufen 5200 Z\u00fcge\"}]},{\"@type\":\"WebSite\",\"@id\":\"https:\/\/www.elementvape.de\/#website\",\"url\":\"https:\/\/www.elementvape.de\/\",\"name\":\"ElementVape.de\",\"description\":\"\",\"publisher\":{\"@id\":\"https:\/\/www.elementvape.de\/#organization\"},\"potentialAction\":[{\"@type\":\"SearchAction\",\"target\":{\"@type\":\"EntryPoint\",\"urlTemplate\":\"https:\/\/www.elementvape.de\/?s={search_term_string}\"},\"query-input\":\"required name=search_term_string\"}],\"inLanguage\":\"pt-PT\"},{\"@type\":\"Organization\",\"@id\":\"https:\/\/www.elementvape.de\/#organization\",\"name\":\"ElementVape.DE\",\"url\":\"https:\/\/www.elementvape.de\/\",\"logo\":{\"@type\":\"ImageObject\",\"inLanguage\":\"pt-PT\",\"@id\":\"https:\/\/www.elementvape.de\/#\/schema\/logo\/image\/\",\"url\":\"https:\/\/www.elementvape.de\/wp-content\/uploads\/2024\/09\/cropped-1elementvape-3.png\",\"contentUrl\":\"https:\/\/www.elementvape.de\/wp-content\/uploads\/2024\/09\/cropped-1elementvape-3.png\",\"width\":285,\"height\":228,\"caption\":\"ElementVape.DE\"},\"image\":{\"@id\":\"https:\/\/www.elementvape.de\/#\/schema\/logo\/image\/\"}}]}<\/script>\n<!-- \/ Yoast SEO plugin. -->","yoast_head_json":{"title":"RandM Game Box 5200 Einweg-Vape Kaufen 5200 Z\u00fcge | ElementVape.de","description":"Wir bieten RandM Game Box 5200 Einweg-Vape Kaufen 5200 Z\u00fcge , Elementvape.de akzeptieren Gro\u00df-und Einzelhandel Bestellungen.","robots":{"index":"index","follow":"follow","max-snippet":"max-snippet:-1","max-image-preview":"max-image-preview:large","max-video-preview":"max-video-preview:-1"},"canonical":"https:\/\/www.elementvape.de\/pt\/produkt\/randm-game-box-5200-einweg-vape-kaufen-5200-zuege\/","og_locale":"pt_PT","og_type":"article","og_title":"RandM Game Box 5200 Einweg-Vape Kaufen 5200 Z\u00fcge | ElementVape.de","og_description":"Wir bieten RandM Game Box 5200 Einweg-Vape Kaufen 5200 Z\u00fcge , Elementvape.de akzeptieren Gro\u00df-und Einzelhandel Bestellungen.","og_url":"https:\/\/www.elementvape.de\/pt\/produkt\/randm-game-box-5200-einweg-vape-kaufen-5200-zuege\/","og_site_name":"ElementVape.de","article_modified_time":"2024-09-12T10:36:18+00:00","og_image":[{"width":800,"height":800,"url":"https:\/\/www.elementvape.de\/wp-content\/uploads\/2024\/06\/RandM-Game-box-5200-3.jpg","type":"image\/jpeg"}],"twitter_card":"summary_large_image","twitter_misc":{"Est. reading time":"2 minutos"},"schema":{"@context":"https:\/\/schema.org","@graph":[{"@type":"WebPage","@id":"https:\/\/www.elementvape.de\/et\/produkt\/randm-game-box-5200-einweg-vape-kaufen-5200-zuege\/","url":"https:\/\/www.elementvape.de\/et\/produkt\/randm-game-box-5200-einweg-vape-kaufen-5200-zuege\/","name":"RandM Game Box 5200 Einweg-Vape Kaufen 5200 Z\u00fcge | ElementVape.de","isPartOf":{"@id":"https:\/\/www.elementvape.de\/#website"},"primaryImageOfPage":{"@id":"https:\/\/www.elementvape.de\/et\/produkt\/randm-game-box-5200-einweg-vape-kaufen-5200-zuege\/#primaryimage"},"image":{"@id":"https:\/\/www.elementvape.de\/et\/produkt\/randm-game-box-5200-einweg-vape-kaufen-5200-zuege\/#primaryimage"},"thumbnailUrl":"https:\/\/www.elementvape.de\/wp-content\/uploads\/2024\/06\/RandM-Game-box-5200-3.jpg","datePublished":"2024-06-07T09:14:23+00:00","dateModified":"2024-09-12T10:36:18+00:00","description":"Wir bieten RandM Game Box 5200 Einweg-Vape Kaufen 5200 Z\u00fcge , Elementvape.de akzeptieren Gro\u00df-und Einzelhandel Bestellungen.","breadcrumb":{"@id":"https:\/\/www.elementvape.de\/et\/produkt\/randm-game-box-5200-einweg-vape-kaufen-5200-zuege\/#breadcrumb"},"inLanguage":"pt-PT","potentialAction":[{"@type":"ReadAction","target":["https:\/\/www.elementvape.de\/et\/produkt\/randm-game-box-5200-einweg-vape-kaufen-5200-zuege\/"]}]},{"@type":"ImageObject","inLanguage":"pt-PT","@id":"https:\/\/www.elementvape.de\/et\/produkt\/randm-game-box-5200-einweg-vape-kaufen-5200-zuege\/#primaryimage","url":"https:\/\/www.elementvape.de\/wp-content\/uploads\/2024\/06\/RandM-Game-box-5200-3.jpg","contentUrl":"https:\/\/www.elementvape.de\/wp-content\/uploads\/2024\/06\/RandM-Game-box-5200-3.jpg","width":800,"height":800,"caption":"RandM-Game-box-5200-3"},{"@type":"BreadcrumbList","@id":"https:\/\/www.elementvape.de\/et\/produkt\/randm-game-box-5200-einweg-vape-kaufen-5200-zuege\/#breadcrumb","itemListElement":[{"@type":"ListItem","position":1,"name":"Home","item":"https:\/\/www.elementvape.de\/"},{"@type":"ListItem","position":2,"name":"Shop","item":"https:\/\/www.elementvape.de\/shop\/"},{"@type":"ListItem","position":3,"name":"RandM Game Box 5200 Einweg-Vape Kaufen 5200 Z\u00fcge"}]},{"@type":"WebSite","@id":"https:\/\/www.elementvape.de\/#website","url":"https:\/\/www.elementvape.de\/","name":"ElementVape.de","description":"","publisher":{"@id":"https:\/\/www.elementvape.de\/#organization"},"potentialAction":[{"@type":"SearchAction","target":{"@type":"EntryPoint","urlTemplate":"https:\/\/www.elementvape.de\/?s={search_term_string}"},"query-input":"required name=search_term_string"}],"inLanguage":"pt-PT"},{"@type":"Organization","@id":"https:\/\/www.elementvape.de\/#organization","name":"ElementVape.DE","url":"https:\/\/www.elementvape.de\/","logo":{"@type":"ImageObject","inLanguage":"pt-PT","@id":"https:\/\/www.elementvape.de\/#\/schema\/logo\/image\/","url":"https:\/\/www.elementvape.de\/wp-content\/uploads\/2024\/09\/cropped-1elementvape-3.png","contentUrl":"https:\/\/www.elementvape.de\/wp-content\/uploads\/2024\/09\/cropped-1elementvape-3.png","width":285,"height":228,"caption":"ElementVape.DE"},"image":{"@id":"https:\/\/www.elementvape.de\/#\/schema\/logo\/image\/"}}]}},"_links":{"self":[{"href":"https:\/\/www.elementvape.de\/pt\/wp-json\/wp\/v2\/product\/11878"}],"collection":[{"href":"https:\/\/www.elementvape.de\/pt\/wp-json\/wp\/v2\/product"}],"about":[{"href":"https:\/\/www.elementvape.de\/pt\/wp-json\/wp\/v2\/types\/product"}],"wp:featuredmedia":[{"embeddable":true,"href":"https:\/\/www.elementvape.de\/pt\/wp-json\/wp\/v2\/media\/11879"}],"wp:attachment":[{"href":"https:\/\/www.elementvape.de\/pt\/wp-json\/wp\/v2\/media?parent=11878"}],"wp:term":[{"taxonomy":"product_cat","embeddable":true,"href":"https:\/\/www.elementvape.de\/pt\/wp-json\/wp\/v2\/product_cat?post=11878"},{"taxonomy":"product_tag","embeddable":true,"href":"https:\/\/www.elementvape.de\/pt\/wp-json\/wp\/v2\/product_tag?post=11878"}],"curies":[{"name":"wp","href":"https:\/\/api.w.org\/{rel}","templated":true}]}}