{"id":11660,"date":"2024-06-06T07:29:43","date_gmt":"2024-06-06T07:29:43","guid":{"rendered":"https:\/\/www.elementvape.de\/?post_type=product&#038;p=11660"},"modified":"2024-09-12T10:36:26","modified_gmt":"2024-09-12T10:36:26","slug":"randm-dazzle-7500-einweg-vape-kaufen7500-zuege","status":"publish","type":"product","link":"https:\/\/www.elementvape.de\/pt\/produkt\/randm-dazzle-7500-einweg-vape-kaufen7500-zuege\/","title":{"rendered":"RandM Dazzle 7500 Vape descart\u00e1vel Comprar 7500 tragos"},"content":{"rendered":"<h3>Descri\u00e7\u00e3o do Produto: RandM Dazzle 7500<\/h3>\n<p>A <strong>RandM Dazzle 7500<\/strong> \u00e9 um dispositivo de vaping descart\u00e1vel vers\u00e1til, que se destaca pela sua alta capacidade e possibilidade de ajuste do fluxo de ar. Com uma bateria recarreg\u00e1vel e um design chamativo com ilumina\u00e7\u00e3o RGB, este dispositivo \u00e9 ideal para fumadores que procuram uma experi\u00eancia de vapor intensa e personaliz\u00e1vel.<\/p>\n<h4>Principais caracter\u00edsticas:<\/h4>\n<ul>\n<li><strong>Op\u00e7\u00f5es de Nicotina<\/strong>: Dispon\u00edvel em 0 %, 2 %, 3 % e 5 % de nicotina.<\/li>\n<li><strong>Tragos<\/strong>: At\u00e9 7500 tragos por dispositivo.<\/li>\n<li><strong>Capacidade<\/strong>: Cont\u00e9m 15 ml de l\u00edquido eletr\u00f3nico.<\/li>\n<li><strong>Bateria<\/strong>: Bateria recarreg\u00e1vel integrada de 1000 mAh.<\/li>\n<li><strong>Bobina<\/strong>: Bobina de malha potente para uma experi\u00eancia de vapor intensa.<\/li>\n<li><strong>Conector Tipo-C<\/strong>: Conector Tipo-C recarreg\u00e1vel na parte inferior do dispositivo, para garantir que possa aproveitar at\u00e9 a \u00faltima gota de l\u00edquido.<\/li>\n<li><strong>Regulador de fluxo de ar<\/strong>: Permite ajustar individualmente a experi\u00eancia de vapor.<\/li>\n<li><strong>Design<\/strong>: Dispositivo completo com ilumina\u00e7\u00e3o RGB de 6 cores para uma apar\u00eancia atraente e moderna.<\/li>\n<li><strong>Recarreg\u00e1vel<\/strong>: O dispositivo possui um tanque recarreg\u00e1vel.<\/li>\n<\/ul>\n<h4>Variedade de sabores:<\/h4>\n<p>A RandM Dazzle 7500 oferece 12 sabores diferentes:<\/p>\n<ol>\n<li>Gelado de Melancia<\/li>\n<li>Limonada Rosa<\/li>\n<li>Goma de mascar de mirtilo<\/li>\n<li>Maracuj\u00e1<\/li>\n<li>Ma\u00e7\u00e3 Azeda<\/li>\n<li>Sorvete de Frutos Vermelhos Mistos<\/li>\n<li>Gelo Red Bull<\/li>\n<li>Algod\u00e3o Doce<\/li>\n<li>Ponche Tropical<\/li>\n<li>Sorbet de banana<\/li>\n<li>Groselha Preta Mentol<\/li>\n<li>Sorvete de Amora Azul<\/li>\n<\/ol>\n<h4>Detalhes da embalagem:<\/h4>\n<ul>\n<li><strong>Unidade de embalagem<\/strong>: 10 unidades numa caixa de exposi\u00e7\u00e3o, 200 unidades numa caixa.<\/li>\n<li><strong>Peso por caixa<\/strong>: 18,5 kg.<\/li>\n<li><strong>Tamanho da caixa<\/strong>: 54,4 cm x 35,4 cm x 27 cm.<\/li>\n<\/ul>\n<h4>Conte\u00fado da embalagem:<\/h4>\n<ul>\n<li>1 x Vape descart\u00e1vel RandM Dazzle 7500 (7500 tragos)<\/li>\n<\/ul>\n<p>Este dispositivo \u00e9 ideal para fumadores que procuram um elevado n\u00famero de tragos, uma vasta gama de sabores e a flexibilidade de um vape recarreg\u00e1vel e reabastec\u00edvel. A RandM Dazzle 7500 combina estas fun\u00e7\u00f5es com um design atraente e oferece uma experi\u00eancia de vaping de primeira classe e personalizada.<\/p>","protected":false},"excerpt":{"rendered":"<p>Produktbeschreibung: RandM Dazzle 7500 Die RandM Dazzle 7500 ist ein vielseitiges Einweg-Vape-Ger\u00e4t, das durch seine hohe Kapazit\u00e4t und die M\u00f6glichkeit zur Luftstromregelung besticht. Mit einem wiederaufladbaren Akku und einem auff\u00e4lligen Design mit RGB-Beleuchtung ist dieses Ger\u00e4t ideal f\u00fcr Dampfer, die ein intensives und individuell anpassbares Dampferlebnis suchen. Hauptmerkmale: Nikotinoptionen: Verf\u00fcgbar in 0 %, 2 %, [&hellip;]<\/p>","protected":false},"featured_media":11662,"template":"","meta":{"inline_featured_image":false},"product_cat":[78,754,745,742,748,744,755,738,751],"product_tag":[683],"tiered_pricing_type":"fixed","tiered_pricing_fixed_rules":[],"tiered_pricing_percentage_rules":[],"tiered_pricing_minimum":1,"_administrator_tiered_pricing_type":"fixed","_administrator_tiered_pricing_fixed_rules":[],"_editor_tiered_pricing_type":"fixed","_editor_tiered_pricing_fixed_rules":[],"_author_tiered_pricing_type":"fixed","_author_tiered_pricing_fixed_rules":[],"_contributor_tiered_pricing_type":"fixed","_contributor_tiered_pricing_fixed_rules":[],"_subscriber_tiered_pricing_type":"fixed","_subscriber_tiered_pricing_fixed_rules":[],"_customer_tiered_pricing_type":"fixed","_customer_tiered_pricing_fixed_rules":[],"_shop_manager_tiered_pricing_type":"fixed","_shop_manager_tiered_pricing_fixed_rules":[],"_wpseo_manager_tiered_pricing_type":"fixed","_wpseo_manager_tiered_pricing_fixed_rules":[],"_wpseo_editor_tiered_pricing_type":"fixed","_wpseo_editor_tiered_pricing_fixed_rules":[],"_wholesale_customer_tiered_pricing_type":"fixed","_wholesale_customer_tiered_pricing_fixed_rules":[],"_marketer_tiered_pricing_type":"fixed","_marketer_tiered_pricing_fixed_rules":[],"_sales_manager_tiered_pricing_type":"fixed","_sales_manager_tiered_pricing_fixed_rules":[],"_sales_rep_tiered_pricing_type":"fixed","_sales_rep_tiered_pricing_fixed_rules":[],"yoast_head":"<!-- This site is optimized with the Yoast SEO plugin v23.3 - https:\/\/yoast.com\/wordpress\/plugins\/seo\/ -->\n<title>RandM Dazzle 7500 Einweg-Vape Kaufen7500 Z\u00fcge | ElementVape.de<\/title>\n<meta name=\"description\" content=\"Wir bieten RandM Dazzle 7500 Einweg-Vape Kaufen7500 Z\u00fcge , Elementvape.de akzeptieren Gro\u00df-und Einzelhandel Bestellungen.\" \/>\n<meta name=\"robots\" content=\"index, follow, max-snippet:-1, max-image-preview:large, max-video-preview:-1\" \/>\n<link rel=\"canonical\" href=\"https:\/\/www.elementvape.de\/pt\/produkt\/randm-dazzle-7500-einweg-vape-kaufen7500-zuege\/\" \/>\n<meta property=\"og:locale\" content=\"pt_PT\" \/>\n<meta property=\"og:type\" content=\"article\" \/>\n<meta property=\"og:title\" content=\"RandM Dazzle 7500 Einweg-Vape Kaufen7500 Z\u00fcge | ElementVape.de\" \/>\n<meta property=\"og:description\" content=\"Wir bieten RandM Dazzle 7500 Einweg-Vape Kaufen7500 Z\u00fcge , Elementvape.de akzeptieren Gro\u00df-und Einzelhandel Bestellungen.\" \/>\n<meta property=\"og:url\" content=\"https:\/\/www.elementvape.de\/pt\/produkt\/randm-dazzle-7500-einweg-vape-kaufen7500-zuege\/\" \/>\n<meta property=\"og:site_name\" content=\"ElementVape.de\" \/>\n<meta property=\"article:modified_time\" content=\"2024-09-12T10:36:26+00:00\" \/>\n<meta property=\"og:image\" content=\"https:\/\/www.elementvape.de\/wp-content\/uploads\/2024\/06\/RandMDazzle7500Puffs_3.webp\" \/>\n\t<meta property=\"og:image:width\" content=\"800\" \/>\n\t<meta property=\"og:image:height\" content=\"800\" \/>\n\t<meta property=\"og:image:type\" content=\"image\/webp\" \/>\n<meta name=\"twitter:card\" content=\"summary_large_image\" \/>\n<meta name=\"twitter:label1\" content=\"Est. reading time\" \/>\n\t<meta name=\"twitter:data1\" content=\"2 minutos\" \/>\n<script type=\"application\/ld+json\" class=\"yoast-schema-graph\">{\"@context\":\"https:\/\/schema.org\",\"@graph\":[{\"@type\":\"WebPage\",\"@id\":\"https:\/\/www.elementvape.de\/fi\/produkt\/randm-dazzle-7500-einweg-vape-kaufen7500-zuege\/\",\"url\":\"https:\/\/www.elementvape.de\/fi\/produkt\/randm-dazzle-7500-einweg-vape-kaufen7500-zuege\/\",\"name\":\"RandM Dazzle 7500 Einweg-Vape Kaufen7500 Z\u00fcge | ElementVape.de\",\"isPartOf\":{\"@id\":\"https:\/\/www.elementvape.de\/#website\"},\"primaryImageOfPage\":{\"@id\":\"https:\/\/www.elementvape.de\/fi\/produkt\/randm-dazzle-7500-einweg-vape-kaufen7500-zuege\/#primaryimage\"},\"image\":{\"@id\":\"https:\/\/www.elementvape.de\/fi\/produkt\/randm-dazzle-7500-einweg-vape-kaufen7500-zuege\/#primaryimage\"},\"thumbnailUrl\":\"https:\/\/www.elementvape.de\/wp-content\/uploads\/2024\/06\/RandMDazzle7500Puffs_3.webp\",\"datePublished\":\"2024-06-06T07:29:43+00:00\",\"dateModified\":\"2024-09-12T10:36:26+00:00\",\"description\":\"Wir bieten RandM Dazzle 7500 Einweg-Vape Kaufen7500 Z\u00fcge , Elementvape.de akzeptieren Gro\u00df-und Einzelhandel Bestellungen.\",\"breadcrumb\":{\"@id\":\"https:\/\/www.elementvape.de\/fi\/produkt\/randm-dazzle-7500-einweg-vape-kaufen7500-zuege\/#breadcrumb\"},\"inLanguage\":\"pt-PT\",\"potentialAction\":[{\"@type\":\"ReadAction\",\"target\":[\"https:\/\/www.elementvape.de\/fi\/produkt\/randm-dazzle-7500-einweg-vape-kaufen7500-zuege\/\"]}]},{\"@type\":\"ImageObject\",\"inLanguage\":\"pt-PT\",\"@id\":\"https:\/\/www.elementvape.de\/fi\/produkt\/randm-dazzle-7500-einweg-vape-kaufen7500-zuege\/#primaryimage\",\"url\":\"https:\/\/www.elementvape.de\/wp-content\/uploads\/2024\/06\/RandMDazzle7500Puffs_3.webp\",\"contentUrl\":\"https:\/\/www.elementvape.de\/wp-content\/uploads\/2024\/06\/RandMDazzle7500Puffs_3.webp\",\"width\":800,\"height\":800,\"caption\":\"RandMDazzle7500Puffs_3\"},{\"@type\":\"BreadcrumbList\",\"@id\":\"https:\/\/www.elementvape.de\/fi\/produkt\/randm-dazzle-7500-einweg-vape-kaufen7500-zuege\/#breadcrumb\",\"itemListElement\":[{\"@type\":\"ListItem\",\"position\":1,\"name\":\"Home\",\"item\":\"https:\/\/www.elementvape.de\/\"},{\"@type\":\"ListItem\",\"position\":2,\"name\":\"Shop\",\"item\":\"https:\/\/www.elementvape.de\/shop\/\"},{\"@type\":\"ListItem\",\"position\":3,\"name\":\"RandM Dazzle 7500 Einweg-Vape Kaufen7500 Z\u00fcge\"}]},{\"@type\":\"WebSite\",\"@id\":\"https:\/\/www.elementvape.de\/#website\",\"url\":\"https:\/\/www.elementvape.de\/\",\"name\":\"ElementVape.de\",\"description\":\"\",\"publisher\":{\"@id\":\"https:\/\/www.elementvape.de\/#organization\"},\"potentialAction\":[{\"@type\":\"SearchAction\",\"target\":{\"@type\":\"EntryPoint\",\"urlTemplate\":\"https:\/\/www.elementvape.de\/?s={search_term_string}\"},\"query-input\":\"required name=search_term_string\"}],\"inLanguage\":\"pt-PT\"},{\"@type\":\"Organization\",\"@id\":\"https:\/\/www.elementvape.de\/#organization\",\"name\":\"ElementVape.DE\",\"url\":\"https:\/\/www.elementvape.de\/\",\"logo\":{\"@type\":\"ImageObject\",\"inLanguage\":\"pt-PT\",\"@id\":\"https:\/\/www.elementvape.de\/#\/schema\/logo\/image\/\",\"url\":\"https:\/\/www.elementvape.de\/wp-content\/uploads\/2024\/09\/cropped-1elementvape-3.png\",\"contentUrl\":\"https:\/\/www.elementvape.de\/wp-content\/uploads\/2024\/09\/cropped-1elementvape-3.png\",\"width\":285,\"height\":228,\"caption\":\"ElementVape.DE\"},\"image\":{\"@id\":\"https:\/\/www.elementvape.de\/#\/schema\/logo\/image\/\"}}]}<\/script>\n<!-- \/ Yoast SEO plugin. -->","yoast_head_json":{"title":"RandM Dazzle 7500 Einweg-Vape Kaufen7500 Z\u00fcge | ElementVape.de","description":"Wir bieten RandM Dazzle 7500 Einweg-Vape Kaufen7500 Z\u00fcge , Elementvape.de akzeptieren Gro\u00df-und Einzelhandel Bestellungen.","robots":{"index":"index","follow":"follow","max-snippet":"max-snippet:-1","max-image-preview":"max-image-preview:large","max-video-preview":"max-video-preview:-1"},"canonical":"https:\/\/www.elementvape.de\/pt\/produkt\/randm-dazzle-7500-einweg-vape-kaufen7500-zuege\/","og_locale":"pt_PT","og_type":"article","og_title":"RandM Dazzle 7500 Einweg-Vape Kaufen7500 Z\u00fcge | ElementVape.de","og_description":"Wir bieten RandM Dazzle 7500 Einweg-Vape Kaufen7500 Z\u00fcge , Elementvape.de akzeptieren Gro\u00df-und Einzelhandel Bestellungen.","og_url":"https:\/\/www.elementvape.de\/pt\/produkt\/randm-dazzle-7500-einweg-vape-kaufen7500-zuege\/","og_site_name":"ElementVape.de","article_modified_time":"2024-09-12T10:36:26+00:00","og_image":[{"width":800,"height":800,"url":"https:\/\/www.elementvape.de\/wp-content\/uploads\/2024\/06\/RandMDazzle7500Puffs_3.webp","type":"image\/webp"}],"twitter_card":"summary_large_image","twitter_misc":{"Est. reading time":"2 minutos"},"schema":{"@context":"https:\/\/schema.org","@graph":[{"@type":"WebPage","@id":"https:\/\/www.elementvape.de\/fi\/produkt\/randm-dazzle-7500-einweg-vape-kaufen7500-zuege\/","url":"https:\/\/www.elementvape.de\/fi\/produkt\/randm-dazzle-7500-einweg-vape-kaufen7500-zuege\/","name":"RandM Dazzle 7500 Einweg-Vape Kaufen7500 Z\u00fcge | ElementVape.de","isPartOf":{"@id":"https:\/\/www.elementvape.de\/#website"},"primaryImageOfPage":{"@id":"https:\/\/www.elementvape.de\/fi\/produkt\/randm-dazzle-7500-einweg-vape-kaufen7500-zuege\/#primaryimage"},"image":{"@id":"https:\/\/www.elementvape.de\/fi\/produkt\/randm-dazzle-7500-einweg-vape-kaufen7500-zuege\/#primaryimage"},"thumbnailUrl":"https:\/\/www.elementvape.de\/wp-content\/uploads\/2024\/06\/RandMDazzle7500Puffs_3.webp","datePublished":"2024-06-06T07:29:43+00:00","dateModified":"2024-09-12T10:36:26+00:00","description":"Wir bieten RandM Dazzle 7500 Einweg-Vape Kaufen7500 Z\u00fcge , Elementvape.de akzeptieren Gro\u00df-und Einzelhandel Bestellungen.","breadcrumb":{"@id":"https:\/\/www.elementvape.de\/fi\/produkt\/randm-dazzle-7500-einweg-vape-kaufen7500-zuege\/#breadcrumb"},"inLanguage":"pt-PT","potentialAction":[{"@type":"ReadAction","target":["https:\/\/www.elementvape.de\/fi\/produkt\/randm-dazzle-7500-einweg-vape-kaufen7500-zuege\/"]}]},{"@type":"ImageObject","inLanguage":"pt-PT","@id":"https:\/\/www.elementvape.de\/fi\/produkt\/randm-dazzle-7500-einweg-vape-kaufen7500-zuege\/#primaryimage","url":"https:\/\/www.elementvape.de\/wp-content\/uploads\/2024\/06\/RandMDazzle7500Puffs_3.webp","contentUrl":"https:\/\/www.elementvape.de\/wp-content\/uploads\/2024\/06\/RandMDazzle7500Puffs_3.webp","width":800,"height":800,"caption":"RandMDazzle7500Puffs_3"},{"@type":"BreadcrumbList","@id":"https:\/\/www.elementvape.de\/fi\/produkt\/randm-dazzle-7500-einweg-vape-kaufen7500-zuege\/#breadcrumb","itemListElement":[{"@type":"ListItem","position":1,"name":"Home","item":"https:\/\/www.elementvape.de\/"},{"@type":"ListItem","position":2,"name":"Shop","item":"https:\/\/www.elementvape.de\/shop\/"},{"@type":"ListItem","position":3,"name":"RandM Dazzle 7500 Einweg-Vape Kaufen7500 Z\u00fcge"}]},{"@type":"WebSite","@id":"https:\/\/www.elementvape.de\/#website","url":"https:\/\/www.elementvape.de\/","name":"ElementVape.de","description":"","publisher":{"@id":"https:\/\/www.elementvape.de\/#organization"},"potentialAction":[{"@type":"SearchAction","target":{"@type":"EntryPoint","urlTemplate":"https:\/\/www.elementvape.de\/?s={search_term_string}"},"query-input":"required name=search_term_string"}],"inLanguage":"pt-PT"},{"@type":"Organization","@id":"https:\/\/www.elementvape.de\/#organization","name":"ElementVape.DE","url":"https:\/\/www.elementvape.de\/","logo":{"@type":"ImageObject","inLanguage":"pt-PT","@id":"https:\/\/www.elementvape.de\/#\/schema\/logo\/image\/","url":"https:\/\/www.elementvape.de\/wp-content\/uploads\/2024\/09\/cropped-1elementvape-3.png","contentUrl":"https:\/\/www.elementvape.de\/wp-content\/uploads\/2024\/09\/cropped-1elementvape-3.png","width":285,"height":228,"caption":"ElementVape.DE"},"image":{"@id":"https:\/\/www.elementvape.de\/#\/schema\/logo\/image\/"}}]}},"_links":{"self":[{"href":"https:\/\/www.elementvape.de\/pt\/wp-json\/wp\/v2\/product\/11660"}],"collection":[{"href":"https:\/\/www.elementvape.de\/pt\/wp-json\/wp\/v2\/product"}],"about":[{"href":"https:\/\/www.elementvape.de\/pt\/wp-json\/wp\/v2\/types\/product"}],"wp:featuredmedia":[{"embeddable":true,"href":"https:\/\/www.elementvape.de\/pt\/wp-json\/wp\/v2\/media\/11662"}],"wp:attachment":[{"href":"https:\/\/www.elementvape.de\/pt\/wp-json\/wp\/v2\/media?parent=11660"}],"wp:term":[{"taxonomy":"product_cat","embeddable":true,"href":"https:\/\/www.elementvape.de\/pt\/wp-json\/wp\/v2\/product_cat?post=11660"},{"taxonomy":"product_tag","embeddable":true,"href":"https:\/\/www.elementvape.de\/pt\/wp-json\/wp\/v2\/product_tag?post=11660"}],"curies":[{"name":"wp","href":"https:\/\/api.w.org\/{rel}","templated":true}]}}