{"id":11620,"date":"2024-06-06T07:02:21","date_gmt":"2024-06-06T07:02:21","guid":{"rendered":"https:\/\/www.elementvape.de\/?post_type=product&#038;p=11620"},"modified":"2024-09-12T10:36:27","modified_gmt":"2024-09-12T10:36:27","slug":"randm-sunax-700-pod-austauschbares-einweg-vape-kit","status":"publish","type":"product","link":"https:\/\/www.elementvape.de\/pt\/produkt\/randm-sunax-700-pod-austauschbares-einweg-vape-kit\/","title":{"rendered":"RandM Sunax 700 Pod Kit de vaping descart\u00e1vel substitu\u00edvel"},"content":{"rendered":"<h2>Descri\u00e7\u00e3o do produto: RandM Sunax 700<\/h2>\n<p>A <strong>RandM Sunax 700<\/strong> \u00e9 um dispositivo de vaping descart\u00e1vel, vers\u00e1til e recarreg\u00e1vel, que se destaca pelo seu controlo de fluxo de ar e pelo pod substitu\u00edvel. Este dispositivo oferece uma experi\u00eancia de vapor duradoura com at\u00e9 700 tragos por pod e permite aproveitar ao m\u00e1ximo a \u00faltima gota de e-l\u00edquido gra\u00e7as \u00e0 sua pr\u00e1tica conex\u00e3o Tipo-C.<\/p>\n<h4>Principais caracter\u00edsticas:<\/h4>\n<ul>\n<li><strong>Op\u00e7\u00f5es de Nicotina<\/strong>: Dispon\u00edvel em 0 %, 2 %, 3 % e 5 % de nicotina.<\/li>\n<li><strong>Tragos<\/strong>: At\u00e9 700 tragos por pod.<\/li>\n<li><strong>Capacidade<\/strong>: Inclui dois pods de 2 ml, substitu\u00edveis.<\/li>\n<li><strong>Regulador de fluxo de ar<\/strong>: Permite personalizar a experi\u00eancia de vaping.<\/li>\n<li><strong>Recarreg\u00e1vel<\/strong>: Equipado com uma conex\u00e3o Tipo-C na parte inferior.<\/li>\n<li><strong>Bobina<\/strong>: Bobina de malha potente para uma experi\u00eancia de vapor intensa.<\/li>\n<\/ul>\n<h4>Variedade de sabores:<\/h4>\n<p>O RandM Sunax 700 oferece 12 sabores diferentes:<\/p>\n<p><span>1. Algod\u00e3o-doce azul<\/span><br \/>\n<span>2. Gelo Razz azul<\/span><br \/>\n<span>3. Fruta do Drag\u00e3o, Banana, Fruta Vermelha<\/span><br \/>\n<span>4. Uva, Mel\u00e3o Honeydew<\/span><br \/>\n<span>5. Kiwi, Fruta do Drag\u00e3o, Fruta Vermelha<\/span><br \/>\n<span>6. Limonada de laranja<\/span><br \/>\n<span>7. P\u00eassego, Manga, Melancia<\/span><br \/>\n<span>8. Framboesa com Melancia<\/span><br \/>\n<span>9. Uva Sakura<\/span><br \/>\n<span>10. Morango Kiwi<\/span><br \/>\n<span>11. Morango Goma de Mascar \u00c1gua de Melancia<\/span><br \/>\n<span>12. Gelado de Melancia<\/span><\/p>\n<h4>Conte\u00fado da embalagem:<\/h4>\n<ul>\n<li>1 x RandM Sunax 700 (com 2 x 2-ml-Pods)<\/li>\n<\/ul>\n<p>Este dispositivo \u00e9 perfeito para fumadores que procuram um vape recarreg\u00e1vel e personaliz\u00e1vel, que seja vers\u00e1til e conveniente. O RandM Sunax 700 combina as vantagens de um dispositivo descart\u00e1vel com a possibilidade de trocar os pods e ajustar o fluxo de ar de forma personalizada, garantindo uma experi\u00eancia de vaporiza\u00e7\u00e3o perfeita.<\/p>","protected":false},"excerpt":{"rendered":"<p>Produktbeschreibung: RandM Sunax 700 Die RandM Sunax 700 ist ein vielseitiges und wiederaufladbares Einweg-Vape-Ger\u00e4t, das durch seine Luftstromregelung und den auswechselbaren Pod besticht. Dieses Ger\u00e4t bietet ein langanhaltendes Dampferlebnis mit bis zu 700 Z\u00fcgen pro Pod und erm\u00f6glicht es Ihnen, den letzten Tropfen E-Saft dank des praktischen Typ-C-Anschlusses voll auszunutzen. Hauptmerkmale: Nikotinoptionen: Verf\u00fcgbar in 0 [&hellip;]<\/p>","protected":false},"featured_media":11633,"template":"","meta":{"inline_featured_image":false},"product_cat":[78,754,745,742,748,744,755,738,751,76],"product_tag":[671],"tiered_pricing_type":"fixed","tiered_pricing_fixed_rules":[],"tiered_pricing_percentage_rules":[],"tiered_pricing_minimum":1,"_administrator_tiered_pricing_type":"fixed","_administrator_tiered_pricing_fixed_rules":[],"_editor_tiered_pricing_type":"fixed","_editor_tiered_pricing_fixed_rules":[],"_author_tiered_pricing_type":"fixed","_author_tiered_pricing_fixed_rules":[],"_contributor_tiered_pricing_type":"fixed","_contributor_tiered_pricing_fixed_rules":[],"_subscriber_tiered_pricing_type":"fixed","_subscriber_tiered_pricing_fixed_rules":[],"_customer_tiered_pricing_type":"fixed","_customer_tiered_pricing_fixed_rules":[],"_shop_manager_tiered_pricing_type":"fixed","_shop_manager_tiered_pricing_fixed_rules":[],"_wpseo_manager_tiered_pricing_type":"fixed","_wpseo_manager_tiered_pricing_fixed_rules":[],"_wpseo_editor_tiered_pricing_type":"fixed","_wpseo_editor_tiered_pricing_fixed_rules":[],"_wholesale_customer_tiered_pricing_type":"fixed","_wholesale_customer_tiered_pricing_fixed_rules":[],"_marketer_tiered_pricing_type":"fixed","_marketer_tiered_pricing_fixed_rules":[],"_sales_manager_tiered_pricing_type":"fixed","_sales_manager_tiered_pricing_fixed_rules":[],"_sales_rep_tiered_pricing_type":"fixed","_sales_rep_tiered_pricing_fixed_rules":[],"yoast_head":"<!-- This site is optimized with the Yoast SEO plugin v23.3 - https:\/\/yoast.com\/wordpress\/plugins\/seo\/ -->\n<title>RandM Sunax 700 Pod Austauschbares Einweg-Vape-Kit | ElementVape.de<\/title>\n<meta name=\"description\" content=\"Wir bieten RandM Sunax 700 Pod Austauschbares Einweg-Vape-Kit , Elementvape.de akzeptieren Gro\u00df-und Einzelhandel Bestellungen.\" \/>\n<meta name=\"robots\" content=\"index, follow, max-snippet:-1, max-image-preview:large, max-video-preview:-1\" \/>\n<link rel=\"canonical\" href=\"https:\/\/www.elementvape.de\/pt\/produkt\/randm-sunax-700-pod-austauschbares-einweg-vape-kit\/\" \/>\n<meta property=\"og:locale\" content=\"pt_PT\" \/>\n<meta property=\"og:type\" content=\"article\" \/>\n<meta property=\"og:title\" content=\"RandM Sunax 700 Pod Austauschbares Einweg-Vape-Kit | ElementVape.de\" \/>\n<meta property=\"og:description\" content=\"Wir bieten RandM Sunax 700 Pod Austauschbares Einweg-Vape-Kit , Elementvape.de akzeptieren Gro\u00df-und Einzelhandel Bestellungen.\" \/>\n<meta property=\"og:url\" content=\"https:\/\/www.elementvape.de\/pt\/produkt\/randm-sunax-700-pod-austauschbares-einweg-vape-kit\/\" \/>\n<meta property=\"og:site_name\" content=\"ElementVape.de\" \/>\n<meta property=\"article:modified_time\" content=\"2024-09-12T10:36:27+00:00\" \/>\n<meta property=\"og:image\" content=\"https:\/\/www.elementvape.de\/wp-content\/uploads\/2024\/06\/RandMSunax700_12.webp\" \/>\n\t<meta property=\"og:image:width\" content=\"800\" \/>\n\t<meta property=\"og:image:height\" content=\"800\" \/>\n\t<meta property=\"og:image:type\" content=\"image\/webp\" \/>\n<meta name=\"twitter:card\" content=\"summary_large_image\" \/>\n<meta name=\"twitter:label1\" content=\"Est. reading time\" \/>\n\t<meta name=\"twitter:data1\" content=\"2 minutos\" \/>\n<script type=\"application\/ld+json\" class=\"yoast-schema-graph\">{\"@context\":\"https:\/\/schema.org\",\"@graph\":[{\"@type\":\"WebPage\",\"@id\":\"https:\/\/www.elementvape.de\/sk\/produkt\/randm-sunax-700-pod-austauschbares-einweg-vape-kit\/\",\"url\":\"https:\/\/www.elementvape.de\/sk\/produkt\/randm-sunax-700-pod-austauschbares-einweg-vape-kit\/\",\"name\":\"RandM Sunax 700 Pod Austauschbares Einweg-Vape-Kit | ElementVape.de\",\"isPartOf\":{\"@id\":\"https:\/\/www.elementvape.de\/#website\"},\"primaryImageOfPage\":{\"@id\":\"https:\/\/www.elementvape.de\/sk\/produkt\/randm-sunax-700-pod-austauschbares-einweg-vape-kit\/#primaryimage\"},\"image\":{\"@id\":\"https:\/\/www.elementvape.de\/sk\/produkt\/randm-sunax-700-pod-austauschbares-einweg-vape-kit\/#primaryimage\"},\"thumbnailUrl\":\"https:\/\/www.elementvape.de\/wp-content\/uploads\/2024\/06\/RandMSunax700_12.webp\",\"datePublished\":\"2024-06-06T07:02:21+00:00\",\"dateModified\":\"2024-09-12T10:36:27+00:00\",\"description\":\"Wir bieten RandM Sunax 700 Pod Austauschbares Einweg-Vape-Kit , Elementvape.de akzeptieren Gro\u00df-und Einzelhandel Bestellungen.\",\"breadcrumb\":{\"@id\":\"https:\/\/www.elementvape.de\/sk\/produkt\/randm-sunax-700-pod-austauschbares-einweg-vape-kit\/#breadcrumb\"},\"inLanguage\":\"pt-PT\",\"potentialAction\":[{\"@type\":\"ReadAction\",\"target\":[\"https:\/\/www.elementvape.de\/sk\/produkt\/randm-sunax-700-pod-austauschbares-einweg-vape-kit\/\"]}]},{\"@type\":\"ImageObject\",\"inLanguage\":\"pt-PT\",\"@id\":\"https:\/\/www.elementvape.de\/sk\/produkt\/randm-sunax-700-pod-austauschbares-einweg-vape-kit\/#primaryimage\",\"url\":\"https:\/\/www.elementvape.de\/wp-content\/uploads\/2024\/06\/RandMSunax700_12.webp\",\"contentUrl\":\"https:\/\/www.elementvape.de\/wp-content\/uploads\/2024\/06\/RandMSunax700_12.webp\",\"width\":800,\"height\":800,\"caption\":\"RandMSunax700_12\"},{\"@type\":\"BreadcrumbList\",\"@id\":\"https:\/\/www.elementvape.de\/sk\/produkt\/randm-sunax-700-pod-austauschbares-einweg-vape-kit\/#breadcrumb\",\"itemListElement\":[{\"@type\":\"ListItem\",\"position\":1,\"name\":\"Home\",\"item\":\"https:\/\/www.elementvape.de\/\"},{\"@type\":\"ListItem\",\"position\":2,\"name\":\"Shop\",\"item\":\"https:\/\/www.elementvape.de\/shop\/\"},{\"@type\":\"ListItem\",\"position\":3,\"name\":\"RandM Sunax 700 Pod Austauschbares Einweg-Vape-Kit\"}]},{\"@type\":\"WebSite\",\"@id\":\"https:\/\/www.elementvape.de\/#website\",\"url\":\"https:\/\/www.elementvape.de\/\",\"name\":\"ElementVape.de\",\"description\":\"\",\"publisher\":{\"@id\":\"https:\/\/www.elementvape.de\/#organization\"},\"potentialAction\":[{\"@type\":\"SearchAction\",\"target\":{\"@type\":\"EntryPoint\",\"urlTemplate\":\"https:\/\/www.elementvape.de\/?s={search_term_string}\"},\"query-input\":\"required name=search_term_string\"}],\"inLanguage\":\"pt-PT\"},{\"@type\":\"Organization\",\"@id\":\"https:\/\/www.elementvape.de\/#organization\",\"name\":\"ElementVape.DE\",\"url\":\"https:\/\/www.elementvape.de\/\",\"logo\":{\"@type\":\"ImageObject\",\"inLanguage\":\"pt-PT\",\"@id\":\"https:\/\/www.elementvape.de\/#\/schema\/logo\/image\/\",\"url\":\"https:\/\/www.elementvape.de\/wp-content\/uploads\/2024\/09\/cropped-1elementvape-3.png\",\"contentUrl\":\"https:\/\/www.elementvape.de\/wp-content\/uploads\/2024\/09\/cropped-1elementvape-3.png\",\"width\":285,\"height\":228,\"caption\":\"ElementVape.DE\"},\"image\":{\"@id\":\"https:\/\/www.elementvape.de\/#\/schema\/logo\/image\/\"}}]}<\/script>\n<!-- \/ Yoast SEO plugin. -->","yoast_head_json":{"title":"RandM Sunax 700 Pod Austauschbares Einweg-Vape-Kit | ElementVape.de","description":"Wir bieten RandM Sunax 700 Pod Austauschbares Einweg-Vape-Kit , Elementvape.de akzeptieren Gro\u00df-und Einzelhandel Bestellungen.","robots":{"index":"index","follow":"follow","max-snippet":"max-snippet:-1","max-image-preview":"max-image-preview:large","max-video-preview":"max-video-preview:-1"},"canonical":"https:\/\/www.elementvape.de\/pt\/produkt\/randm-sunax-700-pod-austauschbares-einweg-vape-kit\/","og_locale":"pt_PT","og_type":"article","og_title":"RandM Sunax 700 Pod Austauschbares Einweg-Vape-Kit | ElementVape.de","og_description":"Wir bieten RandM Sunax 700 Pod Austauschbares Einweg-Vape-Kit , Elementvape.de akzeptieren Gro\u00df-und Einzelhandel Bestellungen.","og_url":"https:\/\/www.elementvape.de\/pt\/produkt\/randm-sunax-700-pod-austauschbares-einweg-vape-kit\/","og_site_name":"ElementVape.de","article_modified_time":"2024-09-12T10:36:27+00:00","og_image":[{"width":800,"height":800,"url":"https:\/\/www.elementvape.de\/wp-content\/uploads\/2024\/06\/RandMSunax700_12.webp","type":"image\/webp"}],"twitter_card":"summary_large_image","twitter_misc":{"Est. reading time":"2 minutos"},"schema":{"@context":"https:\/\/schema.org","@graph":[{"@type":"WebPage","@id":"https:\/\/www.elementvape.de\/sk\/produkt\/randm-sunax-700-pod-austauschbares-einweg-vape-kit\/","url":"https:\/\/www.elementvape.de\/sk\/produkt\/randm-sunax-700-pod-austauschbares-einweg-vape-kit\/","name":"RandM Sunax 700 Pod Austauschbares Einweg-Vape-Kit | ElementVape.de","isPartOf":{"@id":"https:\/\/www.elementvape.de\/#website"},"primaryImageOfPage":{"@id":"https:\/\/www.elementvape.de\/sk\/produkt\/randm-sunax-700-pod-austauschbares-einweg-vape-kit\/#primaryimage"},"image":{"@id":"https:\/\/www.elementvape.de\/sk\/produkt\/randm-sunax-700-pod-austauschbares-einweg-vape-kit\/#primaryimage"},"thumbnailUrl":"https:\/\/www.elementvape.de\/wp-content\/uploads\/2024\/06\/RandMSunax700_12.webp","datePublished":"2024-06-06T07:02:21+00:00","dateModified":"2024-09-12T10:36:27+00:00","description":"Wir bieten RandM Sunax 700 Pod Austauschbares Einweg-Vape-Kit , Elementvape.de akzeptieren Gro\u00df-und Einzelhandel Bestellungen.","breadcrumb":{"@id":"https:\/\/www.elementvape.de\/sk\/produkt\/randm-sunax-700-pod-austauschbares-einweg-vape-kit\/#breadcrumb"},"inLanguage":"pt-PT","potentialAction":[{"@type":"ReadAction","target":["https:\/\/www.elementvape.de\/sk\/produkt\/randm-sunax-700-pod-austauschbares-einweg-vape-kit\/"]}]},{"@type":"ImageObject","inLanguage":"pt-PT","@id":"https:\/\/www.elementvape.de\/sk\/produkt\/randm-sunax-700-pod-austauschbares-einweg-vape-kit\/#primaryimage","url":"https:\/\/www.elementvape.de\/wp-content\/uploads\/2024\/06\/RandMSunax700_12.webp","contentUrl":"https:\/\/www.elementvape.de\/wp-content\/uploads\/2024\/06\/RandMSunax700_12.webp","width":800,"height":800,"caption":"RandMSunax700_12"},{"@type":"BreadcrumbList","@id":"https:\/\/www.elementvape.de\/sk\/produkt\/randm-sunax-700-pod-austauschbares-einweg-vape-kit\/#breadcrumb","itemListElement":[{"@type":"ListItem","position":1,"name":"Home","item":"https:\/\/www.elementvape.de\/"},{"@type":"ListItem","position":2,"name":"Shop","item":"https:\/\/www.elementvape.de\/shop\/"},{"@type":"ListItem","position":3,"name":"RandM Sunax 700 Pod Austauschbares Einweg-Vape-Kit"}]},{"@type":"WebSite","@id":"https:\/\/www.elementvape.de\/#website","url":"https:\/\/www.elementvape.de\/","name":"ElementVape.de","description":"","publisher":{"@id":"https:\/\/www.elementvape.de\/#organization"},"potentialAction":[{"@type":"SearchAction","target":{"@type":"EntryPoint","urlTemplate":"https:\/\/www.elementvape.de\/?s={search_term_string}"},"query-input":"required name=search_term_string"}],"inLanguage":"pt-PT"},{"@type":"Organization","@id":"https:\/\/www.elementvape.de\/#organization","name":"ElementVape.DE","url":"https:\/\/www.elementvape.de\/","logo":{"@type":"ImageObject","inLanguage":"pt-PT","@id":"https:\/\/www.elementvape.de\/#\/schema\/logo\/image\/","url":"https:\/\/www.elementvape.de\/wp-content\/uploads\/2024\/09\/cropped-1elementvape-3.png","contentUrl":"https:\/\/www.elementvape.de\/wp-content\/uploads\/2024\/09\/cropped-1elementvape-3.png","width":285,"height":228,"caption":"ElementVape.DE"},"image":{"@id":"https:\/\/www.elementvape.de\/#\/schema\/logo\/image\/"}}]}},"_links":{"self":[{"href":"https:\/\/www.elementvape.de\/pt\/wp-json\/wp\/v2\/product\/11620"}],"collection":[{"href":"https:\/\/www.elementvape.de\/pt\/wp-json\/wp\/v2\/product"}],"about":[{"href":"https:\/\/www.elementvape.de\/pt\/wp-json\/wp\/v2\/types\/product"}],"wp:featuredmedia":[{"embeddable":true,"href":"https:\/\/www.elementvape.de\/pt\/wp-json\/wp\/v2\/media\/11633"}],"wp:attachment":[{"href":"https:\/\/www.elementvape.de\/pt\/wp-json\/wp\/v2\/media?parent=11620"}],"wp:term":[{"taxonomy":"product_cat","embeddable":true,"href":"https:\/\/www.elementvape.de\/pt\/wp-json\/wp\/v2\/product_cat?post=11620"},{"taxonomy":"product_tag","embeddable":true,"href":"https:\/\/www.elementvape.de\/pt\/wp-json\/wp\/v2\/product_tag?post=11620"}],"curies":[{"name":"wp","href":"https:\/\/api.w.org\/{rel}","templated":true}]}}