{"id":11573,"date":"2024-06-06T06:15:29","date_gmt":"2024-06-06T06:15:29","guid":{"rendered":"https:\/\/www.elementvape.de\/?post_type=product&#038;p=11573"},"modified":"2024-09-12T10:36:29","modified_gmt":"2024-09-12T10:36:29","slug":"fumot-randm-tornado-box-10000-einweg-vape-10000-zuege","status":"publish","type":"product","link":"https:\/\/www.elementvape.de\/pt\/produkt\/fumot-randm-tornado-box-10000-einweg-vape-10000-zuege\/","title":{"rendered":"Fumot Randm Tornado Box 10000"},"content":{"rendered":"<div class=\"flex-shrink-0 flex flex-col relative items-end\">\n<div>\n<div class=\"pt-0.5 juice:pt-0\">\n<div class=\"gizmo-bot-avatar flex h-6 w-6 items-center justify-center overflow-hidden rounded-full juice:h-8 juice:w-8\">\n<h2 class=\"relative p-1 rounded-sm flex items-center justify-center bg-token-main-surface-primary text-token-text-primary h-8 w-8\"><span style=\"font-size: 1.618em;\">Descri\u00e7\u00e3o do produto: Fumot Randm Tornado Box 10000<\/span><\/h2>\n<\/div>\n<\/div>\n<\/div>\n<\/div>\n<div class=\"group\/conversation-turn relative flex w-full min-w-0 flex-col agent-turn\">\n<div class=\"flex-col gap-1 md:gap-3\">\n<div class=\"flex flex-grow flex-col max-w-full\">\n<div class=\"min-h-[20px] text-message flex flex-col items-start whitespace-pre-wrap break-words [.text-message+&amp;]:mt-5 juice:w-full juice:items-end overflow-x-auto gap-2\" dir=\"auto\" data-message-author-role=\"assistant\" data-message-id=\"19e10819-7d77-4518-9842-a458e32a2d63\">\n<div class=\"flex w-full flex-col gap-1 juice:empty:hidden juice:first:pt-[3px]\">\n<div class=\"markdown prose w-full break-words dark:prose-invert light\">\n<p>A <strong>Fumot Randm Tornado Box 10000<\/strong> \u00e9 um dispositivo de vaping descart\u00e1vel de alta qualidade, que oferece at\u00e9 10.000 tragos, proporcionando uma experi\u00eancia de vapor duradoura e intensa. Com diferentes concentra\u00e7\u00f5es de nicotina e uma vasta sele\u00e7\u00e3o de sabores, \u00e9 ideal para todos os vaporizadores que valorizam variedade e qualidade.<\/p>\n<h4>Principais caracter\u00edsticas:<\/h4>\n<ul>\n<li><strong>Op\u00e7\u00f5es de Nicotina<\/strong>: Dispon\u00edvel em 0 %, 2 %, 3 % e 5 % de nicotina.<\/li>\n<li><strong>Tragos<\/strong>: At\u00e9 10.000 tragos por dispositivo.<\/li>\n<li><strong>Capacidade<\/strong>: Cont\u00e9m 20 ml de e-l\u00edquido.<\/li>\n<li><strong>Bateria<\/strong>: Equipado com uma bateria recarreg\u00e1vel de 850 mAh.<\/li>\n<li><strong>Bobina<\/strong>: Bobina de malha potente com uma resist\u00eancia de 1,0 \u03a9.<\/li>\n<li><strong>Exibi\u00e7\u00e3o em tempo real<\/strong>: Rastreamento conveniente do estado do dispositivo atrav\u00e9s da exibi\u00e7\u00e3o do n\u00edvel de bateria e de l\u00edquido.<\/li>\n<\/ul>\n<h4>Variedade de sabores:<\/h4>\n<p>O Fumot Randm Tornado Box 10000 oferece 16 sabores diferentes:<\/p>\n<ol>\n<li>Gelo Luxuriante<\/li>\n<li>Hortel\u00e3 Refrescante<\/li>\n<li>Frutos Vermelhos Mistos<\/li>\n<li>Uva Gelo<\/li>\n<li>P\u00eassego Manga<\/li>\n<li>Gelo de Mirtilo<\/li>\n<li>Urso de Goma<\/li>\n<li>Morango Melancia<\/li>\n<li>Donut de Morango<\/li>\n<li>Mirtilo e Framboesa<\/li>\n<li>Limonada Rosa<\/li>\n<li>Kiwi Maracuj\u00e1 Guava<\/li>\n<li>Cereja Lichia<\/li>\n<li>Gelo Preto<\/li>\n<li>Cola Gelo<\/li>\n<li>Menta de Tabaco<\/li>\n<\/ol>\n<h4>Detalhes da embalagem:<\/h4>\n<ul>\n<li><strong>Unidade de embalagem<\/strong>: Cada caixa cont\u00e9m 200 dispositivos.<\/li>\n<li><strong>Peso por caixa<\/strong>: 20 kg.<\/li>\n<li><strong>Tamanho da caixa<\/strong>: 54,9 cm x 33,2 cm x 25,3 cm.<\/li>\n<\/ul>\n<h4>Conte\u00fado da embalagem:<\/h4>\n<ul>\n<li>1 x Fumot Randm Tornado Box 10000 dispositivo de vaping descart\u00e1vel (10.000 tragos)<\/li>\n<\/ul>\n<p>Este dispositivo oferece n\u00e3o apenas um alto n\u00famero de tragos, mas tamb\u00e9m uma ampla variedade de sabores e a conveni\u00eancia de uma bateria recarreg\u00e1vel, tornando-o uma excelente escolha para vaporizadores de todos os n\u00edveis de experi\u00eancia.<\/p>\n<\/div>\n<\/div>\n<\/div>\n<\/div>\n<\/div>\n<\/div>","protected":false},"excerpt":{"rendered":"<p>Produktbeschreibung: Fumot Randm Tornado Box 10000 Die Fumot Randm Tornado Box 10000 ist ein erstklassiges Einweg-Vape-Ger\u00e4t, das bis zu 10.000 Z\u00fcge bietet und Ihnen ein langanhaltendes und intensives Dampferlebnis erm\u00f6glicht. Mit verschiedenen Nikotinst\u00e4rken und einer gro\u00dfen Auswahl an Geschmacksrichtungen ist es ideal f\u00fcr alle Dampfer, die Wert auf Vielfalt und Qualit\u00e4t legen. Hauptmerkmale: Nikotinoptionen: Verf\u00fcgbar [&hellip;]<\/p>","protected":false},"featured_media":11574,"template":"","meta":{"inline_featured_image":false},"product_cat":[78,754,745,742,748,744,755,738,751],"product_tag":[672],"tiered_pricing_type":"fixed","tiered_pricing_fixed_rules":[],"tiered_pricing_percentage_rules":[],"tiered_pricing_minimum":1,"_administrator_tiered_pricing_type":"fixed","_administrator_tiered_pricing_fixed_rules":[],"_editor_tiered_pricing_type":"fixed","_editor_tiered_pricing_fixed_rules":[],"_author_tiered_pricing_type":"fixed","_author_tiered_pricing_fixed_rules":[],"_contributor_tiered_pricing_type":"fixed","_contributor_tiered_pricing_fixed_rules":[],"_subscriber_tiered_pricing_type":"fixed","_subscriber_tiered_pricing_fixed_rules":[],"_customer_tiered_pricing_type":"fixed","_customer_tiered_pricing_fixed_rules":[],"_shop_manager_tiered_pricing_type":"fixed","_shop_manager_tiered_pricing_fixed_rules":[],"_wpseo_manager_tiered_pricing_type":"fixed","_wpseo_manager_tiered_pricing_fixed_rules":[],"_wpseo_editor_tiered_pricing_type":"fixed","_wpseo_editor_tiered_pricing_fixed_rules":[],"_wholesale_customer_tiered_pricing_type":"fixed","_wholesale_customer_tiered_pricing_fixed_rules":[],"_marketer_tiered_pricing_type":"fixed","_marketer_tiered_pricing_fixed_rules":[],"_sales_manager_tiered_pricing_type":"fixed","_sales_manager_tiered_pricing_fixed_rules":[],"_sales_rep_tiered_pricing_type":"fixed","_sales_rep_tiered_pricing_fixed_rules":[],"yoast_head":"<!-- This site is optimized with the Yoast SEO plugin v23.3 - https:\/\/yoast.com\/wordpress\/plugins\/seo\/ -->\n<title>Fumot Randm Tornado Box 10000 Einweg-Vape 10000 Z\u00fcge | ElementVape.de<\/title>\n<meta name=\"description\" content=\"Wir bieten Fumot Randm Tornado Box 10000 Einweg-Vape 10000 Z\u00fcge , Elementvape.de akzeptieren Gro\u00df-und Einzelhandel Bestellungen.\" \/>\n<meta name=\"robots\" content=\"index, follow, max-snippet:-1, max-image-preview:large, max-video-preview:-1\" \/>\n<link rel=\"canonical\" href=\"https:\/\/www.elementvape.de\/pt\/produkt\/fumot-randm-tornado-box-10000-einweg-vape-10000-zuege\/\" \/>\n<meta property=\"og:locale\" content=\"pt_PT\" \/>\n<meta property=\"og:type\" content=\"article\" \/>\n<meta property=\"og:title\" content=\"Fumot Randm Tornado Box 10000 Einweg-Vape 10000 Z\u00fcge | ElementVape.de\" \/>\n<meta property=\"og:description\" content=\"Wir bieten Fumot Randm Tornado Box 10000 Einweg-Vape 10000 Z\u00fcge , Elementvape.de akzeptieren Gro\u00df-und Einzelhandel Bestellungen.\" \/>\n<meta property=\"og:url\" content=\"https:\/\/www.elementvape.de\/pt\/produkt\/fumot-randm-tornado-box-10000-einweg-vape-10000-zuege\/\" \/>\n<meta property=\"og:site_name\" content=\"ElementVape.de\" \/>\n<meta property=\"article:modified_time\" content=\"2024-09-12T10:36:29+00:00\" \/>\n<meta property=\"og:image\" content=\"https:\/\/www.elementvape.de\/wp-content\/uploads\/2024\/06\/FumotRandmTornadoBox10000_1.webp\" \/>\n\t<meta property=\"og:image:width\" content=\"800\" \/>\n\t<meta property=\"og:image:height\" content=\"800\" \/>\n\t<meta property=\"og:image:type\" content=\"image\/webp\" \/>\n<meta name=\"twitter:card\" content=\"summary_large_image\" \/>\n<meta name=\"twitter:label1\" content=\"Est. reading time\" \/>\n\t<meta name=\"twitter:data1\" content=\"2 minutos\" \/>\n<script type=\"application\/ld+json\" class=\"yoast-schema-graph\">{\"@context\":\"https:\/\/schema.org\",\"@graph\":[{\"@type\":\"WebPage\",\"@id\":\"https:\/\/www.elementvape.de\/produkt\/fumot-randm-tornado-box-10000-einweg-vape-10000-zuege\/\",\"url\":\"https:\/\/www.elementvape.de\/produkt\/fumot-randm-tornado-box-10000-einweg-vape-10000-zuege\/\",\"name\":\"Fumot Randm Tornado Box 10000 Einweg-Vape 10000 Z\u00fcge | ElementVape.de\",\"isPartOf\":{\"@id\":\"https:\/\/www.elementvape.de\/#website\"},\"primaryImageOfPage\":{\"@id\":\"https:\/\/www.elementvape.de\/produkt\/fumot-randm-tornado-box-10000-einweg-vape-10000-zuege\/#primaryimage\"},\"image\":{\"@id\":\"https:\/\/www.elementvape.de\/produkt\/fumot-randm-tornado-box-10000-einweg-vape-10000-zuege\/#primaryimage\"},\"thumbnailUrl\":\"https:\/\/www.elementvape.de\/wp-content\/uploads\/2024\/06\/FumotRandmTornadoBox10000_1.webp\",\"datePublished\":\"2024-06-06T06:15:29+00:00\",\"dateModified\":\"2024-09-12T10:36:29+00:00\",\"description\":\"Wir bieten Fumot Randm Tornado Box 10000 Einweg-Vape 10000 Z\u00fcge , Elementvape.de akzeptieren Gro\u00df-und Einzelhandel Bestellungen.\",\"breadcrumb\":{\"@id\":\"https:\/\/www.elementvape.de\/produkt\/fumot-randm-tornado-box-10000-einweg-vape-10000-zuege\/#breadcrumb\"},\"inLanguage\":\"pt-PT\",\"potentialAction\":[{\"@type\":\"ReadAction\",\"target\":[\"https:\/\/www.elementvape.de\/produkt\/fumot-randm-tornado-box-10000-einweg-vape-10000-zuege\/\"]}]},{\"@type\":\"ImageObject\",\"inLanguage\":\"pt-PT\",\"@id\":\"https:\/\/www.elementvape.de\/produkt\/fumot-randm-tornado-box-10000-einweg-vape-10000-zuege\/#primaryimage\",\"url\":\"https:\/\/www.elementvape.de\/wp-content\/uploads\/2024\/06\/FumotRandmTornadoBox10000_1.webp\",\"contentUrl\":\"https:\/\/www.elementvape.de\/wp-content\/uploads\/2024\/06\/FumotRandmTornadoBox10000_1.webp\",\"width\":800,\"height\":800,\"caption\":\"FumotRandmTornadoBox10000_1\"},{\"@type\":\"BreadcrumbList\",\"@id\":\"https:\/\/www.elementvape.de\/produkt\/fumot-randm-tornado-box-10000-einweg-vape-10000-zuege\/#breadcrumb\",\"itemListElement\":[{\"@type\":\"ListItem\",\"position\":1,\"name\":\"Home\",\"item\":\"https:\/\/www.elementvape.de\/\"},{\"@type\":\"ListItem\",\"position\":2,\"name\":\"Shop\",\"item\":\"https:\/\/www.elementvape.de\/shop\/\"},{\"@type\":\"ListItem\",\"position\":3,\"name\":\"Fumot Randm Tornado Box 10000 Einweg-Vape 10000 Z\u00fcge\"}]},{\"@type\":\"WebSite\",\"@id\":\"https:\/\/www.elementvape.de\/#website\",\"url\":\"https:\/\/www.elementvape.de\/\",\"name\":\"ElementVape.de\",\"description\":\"\",\"publisher\":{\"@id\":\"https:\/\/www.elementvape.de\/#organization\"},\"potentialAction\":[{\"@type\":\"SearchAction\",\"target\":{\"@type\":\"EntryPoint\",\"urlTemplate\":\"https:\/\/www.elementvape.de\/?s={search_term_string}\"},\"query-input\":\"required name=search_term_string\"}],\"inLanguage\":\"pt-PT\"},{\"@type\":\"Organization\",\"@id\":\"https:\/\/www.elementvape.de\/#organization\",\"name\":\"ElementVape.DE\",\"url\":\"https:\/\/www.elementvape.de\/\",\"logo\":{\"@type\":\"ImageObject\",\"inLanguage\":\"pt-PT\",\"@id\":\"https:\/\/www.elementvape.de\/#\/schema\/logo\/image\/\",\"url\":\"https:\/\/www.elementvape.de\/wp-content\/uploads\/2024\/09\/cropped-1elementvape-3.png\",\"contentUrl\":\"https:\/\/www.elementvape.de\/wp-content\/uploads\/2024\/09\/cropped-1elementvape-3.png\",\"width\":285,\"height\":228,\"caption\":\"ElementVape.DE\"},\"image\":{\"@id\":\"https:\/\/www.elementvape.de\/#\/schema\/logo\/image\/\"}}]}<\/script>\n<!-- \/ Yoast SEO plugin. -->","yoast_head_json":{"title":"Fumot Randm Tornado Box 10000 Einweg-Vape 10000 Z\u00fcge | ElementVape.de","description":"Wir bieten Fumot Randm Tornado Box 10000 Einweg-Vape 10000 Z\u00fcge , Elementvape.de akzeptieren Gro\u00df-und Einzelhandel Bestellungen.","robots":{"index":"index","follow":"follow","max-snippet":"max-snippet:-1","max-image-preview":"max-image-preview:large","max-video-preview":"max-video-preview:-1"},"canonical":"https:\/\/www.elementvape.de\/pt\/produkt\/fumot-randm-tornado-box-10000-einweg-vape-10000-zuege\/","og_locale":"pt_PT","og_type":"article","og_title":"Fumot Randm Tornado Box 10000 Einweg-Vape 10000 Z\u00fcge | ElementVape.de","og_description":"Wir bieten Fumot Randm Tornado Box 10000 Einweg-Vape 10000 Z\u00fcge , Elementvape.de akzeptieren Gro\u00df-und Einzelhandel Bestellungen.","og_url":"https:\/\/www.elementvape.de\/pt\/produkt\/fumot-randm-tornado-box-10000-einweg-vape-10000-zuege\/","og_site_name":"ElementVape.de","article_modified_time":"2024-09-12T10:36:29+00:00","og_image":[{"width":800,"height":800,"url":"https:\/\/www.elementvape.de\/wp-content\/uploads\/2024\/06\/FumotRandmTornadoBox10000_1.webp","type":"image\/webp"}],"twitter_card":"summary_large_image","twitter_misc":{"Est. reading time":"2 minutos"},"schema":{"@context":"https:\/\/schema.org","@graph":[{"@type":"WebPage","@id":"https:\/\/www.elementvape.de\/produkt\/fumot-randm-tornado-box-10000-einweg-vape-10000-zuege\/","url":"https:\/\/www.elementvape.de\/produkt\/fumot-randm-tornado-box-10000-einweg-vape-10000-zuege\/","name":"Fumot Randm Tornado Box 10000 Einweg-Vape 10000 Z\u00fcge | ElementVape.de","isPartOf":{"@id":"https:\/\/www.elementvape.de\/#website"},"primaryImageOfPage":{"@id":"https:\/\/www.elementvape.de\/produkt\/fumot-randm-tornado-box-10000-einweg-vape-10000-zuege\/#primaryimage"},"image":{"@id":"https:\/\/www.elementvape.de\/produkt\/fumot-randm-tornado-box-10000-einweg-vape-10000-zuege\/#primaryimage"},"thumbnailUrl":"https:\/\/www.elementvape.de\/wp-content\/uploads\/2024\/06\/FumotRandmTornadoBox10000_1.webp","datePublished":"2024-06-06T06:15:29+00:00","dateModified":"2024-09-12T10:36:29+00:00","description":"Wir bieten Fumot Randm Tornado Box 10000 Einweg-Vape 10000 Z\u00fcge , Elementvape.de akzeptieren Gro\u00df-und Einzelhandel Bestellungen.","breadcrumb":{"@id":"https:\/\/www.elementvape.de\/produkt\/fumot-randm-tornado-box-10000-einweg-vape-10000-zuege\/#breadcrumb"},"inLanguage":"pt-PT","potentialAction":[{"@type":"ReadAction","target":["https:\/\/www.elementvape.de\/produkt\/fumot-randm-tornado-box-10000-einweg-vape-10000-zuege\/"]}]},{"@type":"ImageObject","inLanguage":"pt-PT","@id":"https:\/\/www.elementvape.de\/produkt\/fumot-randm-tornado-box-10000-einweg-vape-10000-zuege\/#primaryimage","url":"https:\/\/www.elementvape.de\/wp-content\/uploads\/2024\/06\/FumotRandmTornadoBox10000_1.webp","contentUrl":"https:\/\/www.elementvape.de\/wp-content\/uploads\/2024\/06\/FumotRandmTornadoBox10000_1.webp","width":800,"height":800,"caption":"FumotRandmTornadoBox10000_1"},{"@type":"BreadcrumbList","@id":"https:\/\/www.elementvape.de\/produkt\/fumot-randm-tornado-box-10000-einweg-vape-10000-zuege\/#breadcrumb","itemListElement":[{"@type":"ListItem","position":1,"name":"Home","item":"https:\/\/www.elementvape.de\/"},{"@type":"ListItem","position":2,"name":"Shop","item":"https:\/\/www.elementvape.de\/shop\/"},{"@type":"ListItem","position":3,"name":"Fumot Randm Tornado Box 10000 Einweg-Vape 10000 Z\u00fcge"}]},{"@type":"WebSite","@id":"https:\/\/www.elementvape.de\/#website","url":"https:\/\/www.elementvape.de\/","name":"ElementVape.de","description":"","publisher":{"@id":"https:\/\/www.elementvape.de\/#organization"},"potentialAction":[{"@type":"SearchAction","target":{"@type":"EntryPoint","urlTemplate":"https:\/\/www.elementvape.de\/?s={search_term_string}"},"query-input":"required name=search_term_string"}],"inLanguage":"pt-PT"},{"@type":"Organization","@id":"https:\/\/www.elementvape.de\/#organization","name":"ElementVape.DE","url":"https:\/\/www.elementvape.de\/","logo":{"@type":"ImageObject","inLanguage":"pt-PT","@id":"https:\/\/www.elementvape.de\/#\/schema\/logo\/image\/","url":"https:\/\/www.elementvape.de\/wp-content\/uploads\/2024\/09\/cropped-1elementvape-3.png","contentUrl":"https:\/\/www.elementvape.de\/wp-content\/uploads\/2024\/09\/cropped-1elementvape-3.png","width":285,"height":228,"caption":"ElementVape.DE"},"image":{"@id":"https:\/\/www.elementvape.de\/#\/schema\/logo\/image\/"}}]}},"_links":{"self":[{"href":"https:\/\/www.elementvape.de\/pt\/wp-json\/wp\/v2\/product\/11573"}],"collection":[{"href":"https:\/\/www.elementvape.de\/pt\/wp-json\/wp\/v2\/product"}],"about":[{"href":"https:\/\/www.elementvape.de\/pt\/wp-json\/wp\/v2\/types\/product"}],"wp:featuredmedia":[{"embeddable":true,"href":"https:\/\/www.elementvape.de\/pt\/wp-json\/wp\/v2\/media\/11574"}],"wp:attachment":[{"href":"https:\/\/www.elementvape.de\/pt\/wp-json\/wp\/v2\/media?parent=11573"}],"wp:term":[{"taxonomy":"product_cat","embeddable":true,"href":"https:\/\/www.elementvape.de\/pt\/wp-json\/wp\/v2\/product_cat?post=11573"},{"taxonomy":"product_tag","embeddable":true,"href":"https:\/\/www.elementvape.de\/pt\/wp-json\/wp\/v2\/product_tag?post=11573"}],"curies":[{"name":"wp","href":"https:\/\/api.w.org\/{rel}","templated":true}]}}