{"id":11456,"date":"2024-06-03T07:16:08","date_gmt":"2024-06-03T07:16:08","guid":{"rendered":"https:\/\/www.elementvape.de\/?post_type=product&#038;p=11456"},"modified":"2024-09-12T10:36:34","modified_gmt":"2024-09-12T10:36:34","slug":"ignite-v50-einweg-vape-5000-zuege","status":"publish","type":"product","link":"https:\/\/www.elementvape.de\/pt\/produkt\/ignite-v50-einweg-vape-5000-zuege\/","title":{"rendered":"IGNITE V50 Vape Descart\u00e1vel 5000 Puffs"},"content":{"rendered":"<p>Descri\u00e7\u00e3o<br \/>\nO Vape Descart\u00e1vel IGNITE V50 \u00e9 um dispositivo pr\u00e1tico e simples, pr\u00e9-carregado com 12 ml de nicotina 5 % e oferece uma experi\u00eancia aut\u00eantica de cigarro. Com uma bateria interna recarreg\u00e1vel de 500 mAh, o dispositivo \u00e9 ativado ao puxar e pode oferecer mais de 5000 tragos \u2013 o que equivale a aproximadamente 7 ma\u00e7os de cigarros. O IGNITE V50 \u00e9 compacto, leve e discreto, e n\u00e3o necessita de reabastecimento. \u00c9 a solu\u00e7\u00e3o perfeita para vaporiza\u00e7\u00e3o sem complica\u00e7\u00f5es.<\/p>\n<h3>Par\u00e2metros:<\/h3>\n<p>E-L\u00edquido: 12 ml<br \/>\nCapacidade: 500 mAh (cabo Micro-USB-C n\u00e3o inclu\u00eddo)<br \/>\nNicotina: 5 %<br \/>\nN\u00famero de tragos: 5000 tragos<\/p>\n<h3>Sabores:<\/h3>\n<p>Uva Grape: Uva suculenta com um toque refrescante de aloe vera.<br \/>\nBanana Gelo: Banana madura com uma frescura mentolada.<br \/>\nGelo de Framboesa Azul: Framboesa doce e azeda com uma explos\u00e3o de gelo.<br \/>\nGelo de Mirtilo: Mirtilo suculento com um toque de mentol.<br \/>\nMa\u00e7\u00e3 Verde: Ma\u00e7\u00e3 verde crocante com uma acidez satisfat\u00f3ria.<br \/>\nHortel\u00e3 G\u00e9lida: Sabor cl\u00e1ssico de hortel\u00e3 com uma sensa\u00e7\u00e3o refrescante.<br \/>\nP\u00eassego Framboesa: Mistura doce de p\u00eassego e framboesa tangy.<br \/>\nMorango Banana: Duo cremoso de banana e morango maduro.<br \/>\nMorango: Morango suculento.<br \/>\nGoma de Mascar Melancia: Melancia suculenta com um toque nost\u00e1lgico de goma de mascar.<\/p>\n<h3>Lista de embalagem:<\/h3>\n<p>1 x Vape Descart\u00e1vel IGNITE V50 5000 Tragados<\/p>","protected":false},"excerpt":{"rendered":"<p>Beschreibung Der IGNITE V50 Disposable Vape ist ein praktisches, unkompliziertes Ger\u00e4t, das mit 12 ml 5 % Nikotin vorgef\u00fcllt ist und ein authentisches Zigarettenerlebnis bietet. Mit einem internen wiederaufladbaren 500-mAh-Akku wird das Ger\u00e4t durch Ziehen aktiviert und kann bis zu 5000+ Z\u00fcge nehmen \u2013 das entspricht ungef\u00e4hr 7 Packungen Zigaretten. Der IGNITE V50 ist kompakt, [&hellip;]<\/p>","protected":false},"featured_media":11469,"template":"","meta":{"inline_featured_image":false},"product_cat":[15,78,754,745,742,748,744,755,738,751],"product_tag":[678],"tiered_pricing_type":"fixed","tiered_pricing_fixed_rules":[],"tiered_pricing_percentage_rules":[],"tiered_pricing_minimum":1,"_administrator_tiered_pricing_type":"fixed","_administrator_tiered_pricing_fixed_rules":[],"_editor_tiered_pricing_type":"fixed","_editor_tiered_pricing_fixed_rules":[],"_author_tiered_pricing_type":"fixed","_author_tiered_pricing_fixed_rules":[],"_contributor_tiered_pricing_type":"fixed","_contributor_tiered_pricing_fixed_rules":[],"_subscriber_tiered_pricing_type":"fixed","_subscriber_tiered_pricing_fixed_rules":[],"_customer_tiered_pricing_type":"fixed","_customer_tiered_pricing_fixed_rules":[],"_shop_manager_tiered_pricing_type":"fixed","_shop_manager_tiered_pricing_fixed_rules":[],"_wpseo_manager_tiered_pricing_type":"fixed","_wpseo_manager_tiered_pricing_fixed_rules":[],"_wpseo_editor_tiered_pricing_type":"fixed","_wpseo_editor_tiered_pricing_fixed_rules":[],"_wholesale_customer_tiered_pricing_type":"fixed","_wholesale_customer_tiered_pricing_fixed_rules":[],"_marketer_tiered_pricing_type":"fixed","_marketer_tiered_pricing_fixed_rules":[],"_sales_manager_tiered_pricing_type":"fixed","_sales_manager_tiered_pricing_fixed_rules":[],"_sales_rep_tiered_pricing_type":"fixed","_sales_rep_tiered_pricing_fixed_rules":[],"yoast_head":"<!-- This site is optimized with the Yoast SEO plugin v23.3 - https:\/\/yoast.com\/wordpress\/plugins\/seo\/ -->\n<title>IGNITE V50 Einweg-Vape 5000 Z\u00fcge | ElementVape.de<\/title>\n<meta name=\"description\" content=\"Wir bieten IGNITE V50 Einweg-Vape 5000 Z\u00fcge , Elementvape.de akzeptieren Gro\u00df-und Einzelhandel Bestellungen.\" \/>\n<meta name=\"robots\" content=\"index, follow, max-snippet:-1, max-image-preview:large, max-video-preview:-1\" \/>\n<link rel=\"canonical\" href=\"https:\/\/www.elementvape.de\/pt\/produkt\/ignite-v50-einweg-vape-5000-zuege\/\" \/>\n<meta property=\"og:locale\" content=\"pt_PT\" \/>\n<meta property=\"og:type\" content=\"article\" \/>\n<meta property=\"og:title\" content=\"IGNITE V50 Einweg-Vape 5000 Z\u00fcge | ElementVape.de\" \/>\n<meta property=\"og:description\" content=\"Wir bieten IGNITE V50 Einweg-Vape 5000 Z\u00fcge , Elementvape.de akzeptieren Gro\u00df-und Einzelhandel Bestellungen.\" \/>\n<meta property=\"og:url\" content=\"https:\/\/www.elementvape.de\/pt\/produkt\/ignite-v50-einweg-vape-5000-zuege\/\" \/>\n<meta property=\"og:site_name\" content=\"ElementVape.de\" \/>\n<meta property=\"article:modified_time\" content=\"2024-09-12T10:36:34+00:00\" \/>\n<meta property=\"og:image\" content=\"https:\/\/www.elementvape.de\/wp-content\/uploads\/2024\/06\/Ignite-V50-Disposable-Vape-5000-Puffs.jpg\" \/>\n\t<meta property=\"og:image:width\" content=\"800\" \/>\n\t<meta property=\"og:image:height\" content=\"800\" \/>\n\t<meta property=\"og:image:type\" content=\"image\/jpeg\" \/>\n<meta name=\"twitter:card\" content=\"summary_large_image\" \/>\n<meta name=\"twitter:label1\" content=\"Est. reading time\" \/>\n\t<meta name=\"twitter:data1\" content=\"2 minutos\" \/>\n<script type=\"application\/ld+json\" class=\"yoast-schema-graph\">{\"@context\":\"https:\/\/schema.org\",\"@graph\":[{\"@type\":\"WebPage\",\"@id\":\"https:\/\/www.elementvape.de\/produkt\/ignite-v50-einweg-vape-5000-zuege\/\",\"url\":\"https:\/\/www.elementvape.de\/produkt\/ignite-v50-einweg-vape-5000-zuege\/\",\"name\":\"IGNITE V50 Einweg-Vape 5000 Z\u00fcge | ElementVape.de\",\"isPartOf\":{\"@id\":\"https:\/\/www.elementvape.de\/#website\"},\"primaryImageOfPage\":{\"@id\":\"https:\/\/www.elementvape.de\/produkt\/ignite-v50-einweg-vape-5000-zuege\/#primaryimage\"},\"image\":{\"@id\":\"https:\/\/www.elementvape.de\/produkt\/ignite-v50-einweg-vape-5000-zuege\/#primaryimage\"},\"thumbnailUrl\":\"https:\/\/www.elementvape.de\/wp-content\/uploads\/2024\/06\/Ignite-V50-Disposable-Vape-5000-Puffs.jpg\",\"datePublished\":\"2024-06-03T07:16:08+00:00\",\"dateModified\":\"2024-09-12T10:36:34+00:00\",\"description\":\"Wir bieten IGNITE V50 Einweg-Vape 5000 Z\u00fcge , Elementvape.de akzeptieren Gro\u00df-und Einzelhandel Bestellungen.\",\"breadcrumb\":{\"@id\":\"https:\/\/www.elementvape.de\/produkt\/ignite-v50-einweg-vape-5000-zuege\/#breadcrumb\"},\"inLanguage\":\"pt-PT\",\"potentialAction\":[{\"@type\":\"ReadAction\",\"target\":[\"https:\/\/www.elementvape.de\/produkt\/ignite-v50-einweg-vape-5000-zuege\/\"]}]},{\"@type\":\"ImageObject\",\"inLanguage\":\"pt-PT\",\"@id\":\"https:\/\/www.elementvape.de\/produkt\/ignite-v50-einweg-vape-5000-zuege\/#primaryimage\",\"url\":\"https:\/\/www.elementvape.de\/wp-content\/uploads\/2024\/06\/Ignite-V50-Disposable-Vape-5000-Puffs.jpg\",\"contentUrl\":\"https:\/\/www.elementvape.de\/wp-content\/uploads\/2024\/06\/Ignite-V50-Disposable-Vape-5000-Puffs.jpg\",\"width\":800,\"height\":800,\"caption\":\"Ignite-V50-Disposable-Vape-5000-Puffs\"},{\"@type\":\"BreadcrumbList\",\"@id\":\"https:\/\/www.elementvape.de\/produkt\/ignite-v50-einweg-vape-5000-zuege\/#breadcrumb\",\"itemListElement\":[{\"@type\":\"ListItem\",\"position\":1,\"name\":\"Home\",\"item\":\"https:\/\/www.elementvape.de\/\"},{\"@type\":\"ListItem\",\"position\":2,\"name\":\"Shop\",\"item\":\"https:\/\/www.elementvape.de\/shop\/\"},{\"@type\":\"ListItem\",\"position\":3,\"name\":\"IGNITE V50 Einweg-Vape 5000 Z\u00fcge\"}]},{\"@type\":\"WebSite\",\"@id\":\"https:\/\/www.elementvape.de\/#website\",\"url\":\"https:\/\/www.elementvape.de\/\",\"name\":\"ElementVape.de\",\"description\":\"\",\"publisher\":{\"@id\":\"https:\/\/www.elementvape.de\/#organization\"},\"potentialAction\":[{\"@type\":\"SearchAction\",\"target\":{\"@type\":\"EntryPoint\",\"urlTemplate\":\"https:\/\/www.elementvape.de\/?s={search_term_string}\"},\"query-input\":\"required name=search_term_string\"}],\"inLanguage\":\"pt-PT\"},{\"@type\":\"Organization\",\"@id\":\"https:\/\/www.elementvape.de\/#organization\",\"name\":\"ElementVape.DE\",\"url\":\"https:\/\/www.elementvape.de\/\",\"logo\":{\"@type\":\"ImageObject\",\"inLanguage\":\"pt-PT\",\"@id\":\"https:\/\/www.elementvape.de\/#\/schema\/logo\/image\/\",\"url\":\"https:\/\/www.elementvape.de\/wp-content\/uploads\/2024\/09\/cropped-1elementvape-3.png\",\"contentUrl\":\"https:\/\/www.elementvape.de\/wp-content\/uploads\/2024\/09\/cropped-1elementvape-3.png\",\"width\":285,\"height\":228,\"caption\":\"ElementVape.DE\"},\"image\":{\"@id\":\"https:\/\/www.elementvape.de\/#\/schema\/logo\/image\/\"}}]}<\/script>\n<!-- \/ Yoast SEO plugin. -->","yoast_head_json":{"title":"IGNITE V50 Einweg-Vape 5000 Z\u00fcge | ElementVape.de","description":"Wir bieten IGNITE V50 Einweg-Vape 5000 Z\u00fcge , Elementvape.de akzeptieren Gro\u00df-und Einzelhandel Bestellungen.","robots":{"index":"index","follow":"follow","max-snippet":"max-snippet:-1","max-image-preview":"max-image-preview:large","max-video-preview":"max-video-preview:-1"},"canonical":"https:\/\/www.elementvape.de\/pt\/produkt\/ignite-v50-einweg-vape-5000-zuege\/","og_locale":"pt_PT","og_type":"article","og_title":"IGNITE V50 Einweg-Vape 5000 Z\u00fcge | ElementVape.de","og_description":"Wir bieten IGNITE V50 Einweg-Vape 5000 Z\u00fcge , Elementvape.de akzeptieren Gro\u00df-und Einzelhandel Bestellungen.","og_url":"https:\/\/www.elementvape.de\/pt\/produkt\/ignite-v50-einweg-vape-5000-zuege\/","og_site_name":"ElementVape.de","article_modified_time":"2024-09-12T10:36:34+00:00","og_image":[{"width":800,"height":800,"url":"https:\/\/www.elementvape.de\/wp-content\/uploads\/2024\/06\/Ignite-V50-Disposable-Vape-5000-Puffs.jpg","type":"image\/jpeg"}],"twitter_card":"summary_large_image","twitter_misc":{"Est. reading time":"2 minutos"},"schema":{"@context":"https:\/\/schema.org","@graph":[{"@type":"WebPage","@id":"https:\/\/www.elementvape.de\/produkt\/ignite-v50-einweg-vape-5000-zuege\/","url":"https:\/\/www.elementvape.de\/produkt\/ignite-v50-einweg-vape-5000-zuege\/","name":"IGNITE V50 Einweg-Vape 5000 Z\u00fcge | ElementVape.de","isPartOf":{"@id":"https:\/\/www.elementvape.de\/#website"},"primaryImageOfPage":{"@id":"https:\/\/www.elementvape.de\/produkt\/ignite-v50-einweg-vape-5000-zuege\/#primaryimage"},"image":{"@id":"https:\/\/www.elementvape.de\/produkt\/ignite-v50-einweg-vape-5000-zuege\/#primaryimage"},"thumbnailUrl":"https:\/\/www.elementvape.de\/wp-content\/uploads\/2024\/06\/Ignite-V50-Disposable-Vape-5000-Puffs.jpg","datePublished":"2024-06-03T07:16:08+00:00","dateModified":"2024-09-12T10:36:34+00:00","description":"Wir bieten IGNITE V50 Einweg-Vape 5000 Z\u00fcge , Elementvape.de akzeptieren Gro\u00df-und Einzelhandel Bestellungen.","breadcrumb":{"@id":"https:\/\/www.elementvape.de\/produkt\/ignite-v50-einweg-vape-5000-zuege\/#breadcrumb"},"inLanguage":"pt-PT","potentialAction":[{"@type":"ReadAction","target":["https:\/\/www.elementvape.de\/produkt\/ignite-v50-einweg-vape-5000-zuege\/"]}]},{"@type":"ImageObject","inLanguage":"pt-PT","@id":"https:\/\/www.elementvape.de\/produkt\/ignite-v50-einweg-vape-5000-zuege\/#primaryimage","url":"https:\/\/www.elementvape.de\/wp-content\/uploads\/2024\/06\/Ignite-V50-Disposable-Vape-5000-Puffs.jpg","contentUrl":"https:\/\/www.elementvape.de\/wp-content\/uploads\/2024\/06\/Ignite-V50-Disposable-Vape-5000-Puffs.jpg","width":800,"height":800,"caption":"Ignite-V50-Disposable-Vape-5000-Puffs"},{"@type":"BreadcrumbList","@id":"https:\/\/www.elementvape.de\/produkt\/ignite-v50-einweg-vape-5000-zuege\/#breadcrumb","itemListElement":[{"@type":"ListItem","position":1,"name":"Home","item":"https:\/\/www.elementvape.de\/"},{"@type":"ListItem","position":2,"name":"Shop","item":"https:\/\/www.elementvape.de\/shop\/"},{"@type":"ListItem","position":3,"name":"IGNITE V50 Einweg-Vape 5000 Z\u00fcge"}]},{"@type":"WebSite","@id":"https:\/\/www.elementvape.de\/#website","url":"https:\/\/www.elementvape.de\/","name":"ElementVape.de","description":"","publisher":{"@id":"https:\/\/www.elementvape.de\/#organization"},"potentialAction":[{"@type":"SearchAction","target":{"@type":"EntryPoint","urlTemplate":"https:\/\/www.elementvape.de\/?s={search_term_string}"},"query-input":"required name=search_term_string"}],"inLanguage":"pt-PT"},{"@type":"Organization","@id":"https:\/\/www.elementvape.de\/#organization","name":"ElementVape.DE","url":"https:\/\/www.elementvape.de\/","logo":{"@type":"ImageObject","inLanguage":"pt-PT","@id":"https:\/\/www.elementvape.de\/#\/schema\/logo\/image\/","url":"https:\/\/www.elementvape.de\/wp-content\/uploads\/2024\/09\/cropped-1elementvape-3.png","contentUrl":"https:\/\/www.elementvape.de\/wp-content\/uploads\/2024\/09\/cropped-1elementvape-3.png","width":285,"height":228,"caption":"ElementVape.DE"},"image":{"@id":"https:\/\/www.elementvape.de\/#\/schema\/logo\/image\/"}}]}},"_links":{"self":[{"href":"https:\/\/www.elementvape.de\/pt\/wp-json\/wp\/v2\/product\/11456"}],"collection":[{"href":"https:\/\/www.elementvape.de\/pt\/wp-json\/wp\/v2\/product"}],"about":[{"href":"https:\/\/www.elementvape.de\/pt\/wp-json\/wp\/v2\/types\/product"}],"wp:featuredmedia":[{"embeddable":true,"href":"https:\/\/www.elementvape.de\/pt\/wp-json\/wp\/v2\/media\/11469"}],"wp:attachment":[{"href":"https:\/\/www.elementvape.de\/pt\/wp-json\/wp\/v2\/media?parent=11456"}],"wp:term":[{"taxonomy":"product_cat","embeddable":true,"href":"https:\/\/www.elementvape.de\/pt\/wp-json\/wp\/v2\/product_cat?post=11456"},{"taxonomy":"product_tag","embeddable":true,"href":"https:\/\/www.elementvape.de\/pt\/wp-json\/wp\/v2\/product_tag?post=11456"}],"curies":[{"name":"wp","href":"https:\/\/api.w.org\/{rel}","templated":true}]}}