{"id":11285,"date":"2024-05-31T07:54:44","date_gmt":"2024-05-31T07:54:44","guid":{"rendered":"https:\/\/www.elementvape.de\/?post_type=product&#038;p=11285"},"modified":"2024-09-12T10:36:37","modified_gmt":"2024-09-12T10:36:37","slug":"flerbar-pods-kaufen-20-mg-ml-2-stueck","status":"publish","type":"product","link":"https:\/\/www.elementvape.de\/pt\/produkt\/flerbar-pods-kaufen-20-mg-ml-2-stueck\/","title":{"rendered":"Pods Flerbar Comprar 20 mg\/ml 2 unidades"},"content":{"rendered":"<h2>Pod Flerbar :<\/h2>\n<p>Pods Pr\u00e9-carregados Flerbar M<br \/>\nOs Pods Flerbar s\u00e3o os Pods de l\u00edquido compat\u00edveis para o dispositivo de base reutiliz\u00e1vel Flerbar. Os Pods v\u00eam preenchidos com l\u00edquidos de nicotina sal em 20mg de for\u00e7a, sendo entregues dois Pods por embalagem. Cada Pod dura at\u00e9 600 tragos, permitindo at\u00e9 1200 tragos por embalagem.<\/p>\n<h3>Bobina de Malha Dupla para o melhor sabor:<\/h3>\n<p>A particularidade dos Pods Flerbar M \u00e9 que utilizam uma tecnologia de bobina de malha dupla. Aqui, entram em a\u00e7\u00e3o duas bobinas de malha, que proporcionam uma vaporiza\u00e7\u00e3o intensamente densa e incompar\u00e1vel. Esta t\u00e9cnica j\u00e1 \u00e9 conhecida em vaporizadores descart\u00e1veis, mas at\u00e9 agora n\u00e3o havia Pods com bobina de malha dupla.<\/p>\n<p>Voc\u00ea recebe o sabor intensamente familiar dos vaporizadores descart\u00e1veis Flerbar M na vers\u00e3o Pod pr\u00e9-carregado, que j\u00e1 vem com l\u00edquido e pode ser descartado ap\u00f3s 600 tragos, substituindo-se por um novo Pod. A bateria reutiliz\u00e1vel Flerbar (vendida separadamente) pode ser carregada de forma r\u00e1pida e segura atrav\u00e9s de uma conex\u00e3o USB-C, v\u00e1rias vezes.<\/p>\n<p>Quais variedades de Pods Flerbar est\u00e3o dispon\u00edveis?<br \/>\nTodas as variedades Flerbar agora tamb\u00e9m est\u00e3o dispon\u00edveis em Pods preenchidos:<\/p>\n<h3>Sabor:<\/h3>\n<p>Ma\u00e7\u00e3 de Gelo<br \/>\nMirtilo<br \/>\nBlue Razz<br \/>\nMorango Ice<br \/>\nLimonada de Morango<br \/>\nMelancia Mastig\u00e1vel<br \/>\nMelancia Rosa<br \/>\nUva<br \/>\nLim\u00e3o<br \/>\nManga Ice<br \/>\nGelo de Abacaxi<br \/>\nTouro Sangrento<br \/>\nMaracuj\u00e1<br \/>\nBanana de Gelo<br \/>\nGoiaba de Gelo<br \/>\nAmora<br \/>\nHortel\u00e3 de Gelo<br \/>\nLaranja<br \/>\nP\u00eassego com Gelo<br \/>\nMa\u00e7\u00e3 Dupla<br \/>\nLimonada Rosa<br \/>\nIce de Melancia<br \/>\nLichia Ice<br \/>\nCola de Cereja<\/p>\n<p>Os Pods Flerbar s\u00e3o compat\u00edveis com outros dispositivos?<br \/>\nN\u00e3o, os Pods Flerbar Prefilled s\u00f3 encaixam na base especialmente desenvolvida Flerbar.<\/p>\n<p>Conte\u00fado da embalagem: 1 x Pod Flerbar 20mg (embalagem de 2)<\/p>","protected":false},"excerpt":{"rendered":"<p>Flerbar Pod : Flerbar M Prefilled Pods Die Flerbar Pods sind die passenden Liquid Pods f\u00fcr das Flerbar Mehrweg Basisger\u00e4t. Die Pods sind bef\u00fcllt mit 2ml Nikotinsalz Liquids in 20mg St\u00e4rke, in einer Packung werden zwei Pods geliefert. Jeder Pod h\u00e4lt bis zu 600 Z\u00fcge, somit sind mit einer Packung bis zu 1200 Z\u00fcge m\u00f6glich. [&hellip;]<\/p>","protected":false},"featured_media":11286,"template":"","meta":{"inline_featured_image":false},"product_cat":[754,745,742,748,744,755,738,751,76],"product_tag":[675],"tiered_pricing_type":"fixed","tiered_pricing_fixed_rules":[],"tiered_pricing_percentage_rules":[],"tiered_pricing_minimum":1,"_administrator_tiered_pricing_type":"fixed","_administrator_tiered_pricing_fixed_rules":[],"_editor_tiered_pricing_type":"fixed","_editor_tiered_pricing_fixed_rules":[],"_author_tiered_pricing_type":"fixed","_author_tiered_pricing_fixed_rules":[],"_contributor_tiered_pricing_type":"fixed","_contributor_tiered_pricing_fixed_rules":[],"_subscriber_tiered_pricing_type":"fixed","_subscriber_tiered_pricing_fixed_rules":[],"_customer_tiered_pricing_type":"fixed","_customer_tiered_pricing_fixed_rules":[],"_shop_manager_tiered_pricing_type":"fixed","_shop_manager_tiered_pricing_fixed_rules":[],"_wpseo_manager_tiered_pricing_type":"fixed","_wpseo_manager_tiered_pricing_fixed_rules":[],"_wpseo_editor_tiered_pricing_type":"fixed","_wpseo_editor_tiered_pricing_fixed_rules":[],"_wholesale_customer_tiered_pricing_type":"fixed","_wholesale_customer_tiered_pricing_fixed_rules":[],"_marketer_tiered_pricing_type":"fixed","_marketer_tiered_pricing_fixed_rules":[],"_sales_manager_tiered_pricing_type":"fixed","_sales_manager_tiered_pricing_fixed_rules":[],"_sales_rep_tiered_pricing_type":"fixed","_sales_rep_tiered_pricing_fixed_rules":[],"yoast_head":"<!-- This site is optimized with the Yoast SEO plugin v23.3 - https:\/\/yoast.com\/wordpress\/plugins\/seo\/ -->\n<title>Flerbar Pods Kaufen 20 mg\/ml 2 St\u00fcck | ElementVape.de<\/title>\n<meta name=\"description\" content=\"Wir bieten Flerbar Pods Kaufen 20 mg\/ml 2 St\u00fcck , Elementvape.de akzeptieren Gro\u00df-und Einzelhandel Bestellungen.\" \/>\n<meta name=\"robots\" content=\"index, follow, max-snippet:-1, max-image-preview:large, max-video-preview:-1\" \/>\n<link rel=\"canonical\" href=\"https:\/\/www.elementvape.de\/pt\/produkt\/flerbar-pods-kaufen-20-mg-ml-2-stueck\/\" \/>\n<meta property=\"og:locale\" content=\"pt_PT\" \/>\n<meta property=\"og:type\" content=\"article\" \/>\n<meta property=\"og:title\" content=\"Flerbar Pods Kaufen 20 mg\/ml 2 St\u00fcck | ElementVape.de\" \/>\n<meta property=\"og:description\" content=\"Wir bieten Flerbar Pods Kaufen 20 mg\/ml 2 St\u00fcck , Elementvape.de akzeptieren Gro\u00df-und Einzelhandel Bestellungen.\" \/>\n<meta property=\"og:url\" content=\"https:\/\/www.elementvape.de\/pt\/produkt\/flerbar-pods-kaufen-20-mg-ml-2-stueck\/\" \/>\n<meta property=\"og:site_name\" content=\"ElementVape.de\" \/>\n<meta property=\"article:modified_time\" content=\"2024-09-12T10:36:37+00:00\" \/>\n<meta property=\"og:image\" content=\"https:\/\/www.elementvape.de\/wp-content\/uploads\/2024\/05\/flerbar-pod-banana-ice-prefilled-pods-2x2ml-20mg-45.webp\" \/>\n\t<meta property=\"og:image:width\" content=\"1080\" \/>\n\t<meta property=\"og:image:height\" content=\"1080\" \/>\n\t<meta property=\"og:image:type\" content=\"image\/webp\" \/>\n<meta name=\"twitter:card\" content=\"summary_large_image\" \/>\n<meta name=\"twitter:label1\" content=\"Est. reading time\" \/>\n\t<meta name=\"twitter:data1\" content=\"2 minutos\" \/>\n<script type=\"application\/ld+json\" class=\"yoast-schema-graph\">{\"@context\":\"https:\/\/schema.org\",\"@graph\":[{\"@type\":\"WebPage\",\"@id\":\"https:\/\/www.elementvape.de\/et\/produkt\/flerbar-pods-kaufen-20-mg-ml-2-stueck\/\",\"url\":\"https:\/\/www.elementvape.de\/et\/produkt\/flerbar-pods-kaufen-20-mg-ml-2-stueck\/\",\"name\":\"Flerbar Pods Kaufen 20 mg\/ml 2 St\u00fcck | ElementVape.de\",\"isPartOf\":{\"@id\":\"https:\/\/www.elementvape.de\/#website\"},\"primaryImageOfPage\":{\"@id\":\"https:\/\/www.elementvape.de\/et\/produkt\/flerbar-pods-kaufen-20-mg-ml-2-stueck\/#primaryimage\"},\"image\":{\"@id\":\"https:\/\/www.elementvape.de\/et\/produkt\/flerbar-pods-kaufen-20-mg-ml-2-stueck\/#primaryimage\"},\"thumbnailUrl\":\"https:\/\/www.elementvape.de\/wp-content\/uploads\/2024\/05\/flerbar-pod-banana-ice-prefilled-pods-2x2ml-20mg-45.webp\",\"datePublished\":\"2024-05-31T07:54:44+00:00\",\"dateModified\":\"2024-09-12T10:36:37+00:00\",\"description\":\"Wir bieten Flerbar Pods Kaufen 20 mg\/ml 2 St\u00fcck , Elementvape.de akzeptieren Gro\u00df-und Einzelhandel Bestellungen.\",\"breadcrumb\":{\"@id\":\"https:\/\/www.elementvape.de\/et\/produkt\/flerbar-pods-kaufen-20-mg-ml-2-stueck\/#breadcrumb\"},\"inLanguage\":\"pt-PT\",\"potentialAction\":[{\"@type\":\"ReadAction\",\"target\":[\"https:\/\/www.elementvape.de\/et\/produkt\/flerbar-pods-kaufen-20-mg-ml-2-stueck\/\"]}]},{\"@type\":\"ImageObject\",\"inLanguage\":\"pt-PT\",\"@id\":\"https:\/\/www.elementvape.de\/et\/produkt\/flerbar-pods-kaufen-20-mg-ml-2-stueck\/#primaryimage\",\"url\":\"https:\/\/www.elementvape.de\/wp-content\/uploads\/2024\/05\/flerbar-pod-banana-ice-prefilled-pods-2x2ml-20mg-45.webp\",\"contentUrl\":\"https:\/\/www.elementvape.de\/wp-content\/uploads\/2024\/05\/flerbar-pod-banana-ice-prefilled-pods-2x2ml-20mg-45.webp\",\"width\":1080,\"height\":1080,\"caption\":\"flerbar-pod-banana-ice-prefilled-pods-2x2ml-20mg-45\"},{\"@type\":\"BreadcrumbList\",\"@id\":\"https:\/\/www.elementvape.de\/et\/produkt\/flerbar-pods-kaufen-20-mg-ml-2-stueck\/#breadcrumb\",\"itemListElement\":[{\"@type\":\"ListItem\",\"position\":1,\"name\":\"Home\",\"item\":\"https:\/\/www.elementvape.de\/\"},{\"@type\":\"ListItem\",\"position\":2,\"name\":\"Shop\",\"item\":\"https:\/\/www.elementvape.de\/shop\/\"},{\"@type\":\"ListItem\",\"position\":3,\"name\":\"Flerbar Pods Kaufen 20 mg\/ml 2 St\u00fcck\"}]},{\"@type\":\"WebSite\",\"@id\":\"https:\/\/www.elementvape.de\/#website\",\"url\":\"https:\/\/www.elementvape.de\/\",\"name\":\"ElementVape.de\",\"description\":\"\",\"publisher\":{\"@id\":\"https:\/\/www.elementvape.de\/#organization\"},\"potentialAction\":[{\"@type\":\"SearchAction\",\"target\":{\"@type\":\"EntryPoint\",\"urlTemplate\":\"https:\/\/www.elementvape.de\/?s={search_term_string}\"},\"query-input\":\"required name=search_term_string\"}],\"inLanguage\":\"pt-PT\"},{\"@type\":\"Organization\",\"@id\":\"https:\/\/www.elementvape.de\/#organization\",\"name\":\"ElementVape.DE\",\"url\":\"https:\/\/www.elementvape.de\/\",\"logo\":{\"@type\":\"ImageObject\",\"inLanguage\":\"pt-PT\",\"@id\":\"https:\/\/www.elementvape.de\/#\/schema\/logo\/image\/\",\"url\":\"https:\/\/www.elementvape.de\/wp-content\/uploads\/2024\/09\/cropped-1elementvape-3.png\",\"contentUrl\":\"https:\/\/www.elementvape.de\/wp-content\/uploads\/2024\/09\/cropped-1elementvape-3.png\",\"width\":285,\"height\":228,\"caption\":\"ElementVape.DE\"},\"image\":{\"@id\":\"https:\/\/www.elementvape.de\/#\/schema\/logo\/image\/\"}}]}<\/script>\n<!-- \/ Yoast SEO plugin. -->","yoast_head_json":{"title":"Flerbar Pods Kaufen 20 mg\/ml 2 St\u00fcck | ElementVape.de","description":"Wir bieten Flerbar Pods Kaufen 20 mg\/ml 2 St\u00fcck , Elementvape.de akzeptieren Gro\u00df-und Einzelhandel Bestellungen.","robots":{"index":"index","follow":"follow","max-snippet":"max-snippet:-1","max-image-preview":"max-image-preview:large","max-video-preview":"max-video-preview:-1"},"canonical":"https:\/\/www.elementvape.de\/pt\/produkt\/flerbar-pods-kaufen-20-mg-ml-2-stueck\/","og_locale":"pt_PT","og_type":"article","og_title":"Flerbar Pods Kaufen 20 mg\/ml 2 St\u00fcck | ElementVape.de","og_description":"Wir bieten Flerbar Pods Kaufen 20 mg\/ml 2 St\u00fcck , Elementvape.de akzeptieren Gro\u00df-und Einzelhandel Bestellungen.","og_url":"https:\/\/www.elementvape.de\/pt\/produkt\/flerbar-pods-kaufen-20-mg-ml-2-stueck\/","og_site_name":"ElementVape.de","article_modified_time":"2024-09-12T10:36:37+00:00","og_image":[{"width":1080,"height":1080,"url":"https:\/\/www.elementvape.de\/wp-content\/uploads\/2024\/05\/flerbar-pod-banana-ice-prefilled-pods-2x2ml-20mg-45.webp","type":"image\/webp"}],"twitter_card":"summary_large_image","twitter_misc":{"Est. reading time":"2 minutos"},"schema":{"@context":"https:\/\/schema.org","@graph":[{"@type":"WebPage","@id":"https:\/\/www.elementvape.de\/et\/produkt\/flerbar-pods-kaufen-20-mg-ml-2-stueck\/","url":"https:\/\/www.elementvape.de\/et\/produkt\/flerbar-pods-kaufen-20-mg-ml-2-stueck\/","name":"Flerbar Pods Kaufen 20 mg\/ml 2 St\u00fcck | ElementVape.de","isPartOf":{"@id":"https:\/\/www.elementvape.de\/#website"},"primaryImageOfPage":{"@id":"https:\/\/www.elementvape.de\/et\/produkt\/flerbar-pods-kaufen-20-mg-ml-2-stueck\/#primaryimage"},"image":{"@id":"https:\/\/www.elementvape.de\/et\/produkt\/flerbar-pods-kaufen-20-mg-ml-2-stueck\/#primaryimage"},"thumbnailUrl":"https:\/\/www.elementvape.de\/wp-content\/uploads\/2024\/05\/flerbar-pod-banana-ice-prefilled-pods-2x2ml-20mg-45.webp","datePublished":"2024-05-31T07:54:44+00:00","dateModified":"2024-09-12T10:36:37+00:00","description":"Wir bieten Flerbar Pods Kaufen 20 mg\/ml 2 St\u00fcck , Elementvape.de akzeptieren Gro\u00df-und Einzelhandel Bestellungen.","breadcrumb":{"@id":"https:\/\/www.elementvape.de\/et\/produkt\/flerbar-pods-kaufen-20-mg-ml-2-stueck\/#breadcrumb"},"inLanguage":"pt-PT","potentialAction":[{"@type":"ReadAction","target":["https:\/\/www.elementvape.de\/et\/produkt\/flerbar-pods-kaufen-20-mg-ml-2-stueck\/"]}]},{"@type":"ImageObject","inLanguage":"pt-PT","@id":"https:\/\/www.elementvape.de\/et\/produkt\/flerbar-pods-kaufen-20-mg-ml-2-stueck\/#primaryimage","url":"https:\/\/www.elementvape.de\/wp-content\/uploads\/2024\/05\/flerbar-pod-banana-ice-prefilled-pods-2x2ml-20mg-45.webp","contentUrl":"https:\/\/www.elementvape.de\/wp-content\/uploads\/2024\/05\/flerbar-pod-banana-ice-prefilled-pods-2x2ml-20mg-45.webp","width":1080,"height":1080,"caption":"flerbar-pod-banana-ice-prefilled-pods-2x2ml-20mg-45"},{"@type":"BreadcrumbList","@id":"https:\/\/www.elementvape.de\/et\/produkt\/flerbar-pods-kaufen-20-mg-ml-2-stueck\/#breadcrumb","itemListElement":[{"@type":"ListItem","position":1,"name":"Home","item":"https:\/\/www.elementvape.de\/"},{"@type":"ListItem","position":2,"name":"Shop","item":"https:\/\/www.elementvape.de\/shop\/"},{"@type":"ListItem","position":3,"name":"Flerbar Pods Kaufen 20 mg\/ml 2 St\u00fcck"}]},{"@type":"WebSite","@id":"https:\/\/www.elementvape.de\/#website","url":"https:\/\/www.elementvape.de\/","name":"ElementVape.de","description":"","publisher":{"@id":"https:\/\/www.elementvape.de\/#organization"},"potentialAction":[{"@type":"SearchAction","target":{"@type":"EntryPoint","urlTemplate":"https:\/\/www.elementvape.de\/?s={search_term_string}"},"query-input":"required name=search_term_string"}],"inLanguage":"pt-PT"},{"@type":"Organization","@id":"https:\/\/www.elementvape.de\/#organization","name":"ElementVape.DE","url":"https:\/\/www.elementvape.de\/","logo":{"@type":"ImageObject","inLanguage":"pt-PT","@id":"https:\/\/www.elementvape.de\/#\/schema\/logo\/image\/","url":"https:\/\/www.elementvape.de\/wp-content\/uploads\/2024\/09\/cropped-1elementvape-3.png","contentUrl":"https:\/\/www.elementvape.de\/wp-content\/uploads\/2024\/09\/cropped-1elementvape-3.png","width":285,"height":228,"caption":"ElementVape.DE"},"image":{"@id":"https:\/\/www.elementvape.de\/#\/schema\/logo\/image\/"}}]}},"_links":{"self":[{"href":"https:\/\/www.elementvape.de\/pt\/wp-json\/wp\/v2\/product\/11285"}],"collection":[{"href":"https:\/\/www.elementvape.de\/pt\/wp-json\/wp\/v2\/product"}],"about":[{"href":"https:\/\/www.elementvape.de\/pt\/wp-json\/wp\/v2\/types\/product"}],"wp:featuredmedia":[{"embeddable":true,"href":"https:\/\/www.elementvape.de\/pt\/wp-json\/wp\/v2\/media\/11286"}],"wp:attachment":[{"href":"https:\/\/www.elementvape.de\/pt\/wp-json\/wp\/v2\/media?parent=11285"}],"wp:term":[{"taxonomy":"product_cat","embeddable":true,"href":"https:\/\/www.elementvape.de\/pt\/wp-json\/wp\/v2\/product_cat?post=11285"},{"taxonomy":"product_tag","embeddable":true,"href":"https:\/\/www.elementvape.de\/pt\/wp-json\/wp\/v2\/product_tag?post=11285"}],"curies":[{"name":"wp","href":"https:\/\/api.w.org\/{rel}","templated":true}]}}