{"id":11252,"date":"2024-05-31T07:18:28","date_gmt":"2024-05-31T07:18:28","guid":{"rendered":"https:\/\/www.elementvape.de\/?post_type=product&#038;p=11252"},"modified":"2024-09-12T10:36:38","modified_gmt":"2024-09-12T10:36:38","slug":"flerbar-m-einweg-e-zigarette-600-20mg-ml","status":"publish","type":"product","link":"https:\/\/www.elementvape.de\/pt\/produkt\/flerbar-m-einweg-e-zigarette-600-20mg-ml\/","title":{"rendered":"Flerbar M Cigarette E de Uso \u00danico 600 \u2013 20mg\/ml"},"content":{"rendered":"<h2>Flerbar M \u2013 Cigarro Eletr\u00f3nico Descart\u00e1vel 20 mg\/ml<\/h2>\n<p>O que \u00e9 o Flerbar M?<br \/>\nFlerbar M \u00e9 uma <strong><a href=\"https:\/\/www.elementvape.de\/pt\/c\/einweg-zigarette\/\">Cigarro eletr\u00f4nico descart\u00e1vel<\/a><\/strong> com uma Bobina Mesh, que proporciona um sabor melhor e uma vaporiza\u00e7\u00e3o mais densa. <strong><a href=\"https:\/\/www.elementvape.de\/pt\/\">vapor<\/a><\/strong> Possui uma bateria de 550mAh e oferece 600 tragos em diferentes sabores.<\/p>\n<h3>Quais s\u00e3o os sabores dispon\u00edveis?<\/h3>\n<p>Os cigarros eletr\u00f3nicos descart\u00e1veis da Flerbar est\u00e3o dispon\u00edveis em muitos sabores diferentes, incluindo variedades frutadas e refrescantes:<\/p>\n<p>Ma\u00e7\u00e3 Gelo: Mistura refrescante de ma\u00e7\u00e3 suculenta e gelo frio<br \/>\nMirtilo: Mirtilo doce e arom\u00e1tico<br \/>\nBlue Razz: Combina\u00e7\u00e3o efervescente de amora azul e lim\u00e3o<br \/>\nMorango Gelo: Um morango delicioso com um toque de gelo<br \/>\nLimonada de Morango: Limonada com sabor a morango<br \/>\nMelancia Mastig\u00e1vel: Melancia suculenta com uma sensa\u00e7\u00e3o de chiclete macio<br \/>\nMelancia Rosa: Uma melancia doce e azeda com um toque de hortel\u00e3<br \/>\nTabaco: Sabor cl\u00e1ssico de tabaco com um toque de caramelo<br \/>\nUva: Uva madura e suculenta<br \/>\nLim\u00e3o: Refresc\u00e2ncia c\u00edtrica com um toque de do\u00e7ura<br \/>\nLychee Ice: Lichia ex\u00f3tica com um final refrescante<br \/>\nBloody Bull: Uma limonada com sabor a energia e lim\u00e3o<br \/>\nCherry Cola: Cola de cereja com um toque de Koolada<br \/>\nIce Mint: Hortel\u00e3 gelada com notas doces e picantes<br \/>\nLaranja: Laranja suculenta e doce<br \/>\nPeach Ice: P\u00eassego maduro e refrescante com gelo<br \/>\nPineapple Ice: Abacaxi tropical com um final frio<br \/>\nFlerbar Vape descart\u00e1vel \u00e0 venda<\/p>\n<h3>Flerbar M-Detalhes:<\/h3>\n<p>O Flerbar M Vape descart\u00e1vel \u00e9 muito f\u00e1cil de usar. Basta retir\u00e1-lo da embalagem e puxar pelo bocal. A fun\u00e7\u00e3o de inala\u00e7\u00e3o autom\u00e1tica ativa a Mesh Coil e gera vapor. N\u00e3o \u00e9 necess\u00e1rio reabastecer ou carregar o Flerbar M.<\/p>\n<p>O Flerbar M oferece um sabor perceptivelmente melhor e vapor mais denso do que outros vapes descart\u00e1veis, gra\u00e7as \u00e0 tecnologia Mesh Coil. Os sabores s\u00e3o intensos e equilibrados entre do\u00e7ura e frescura.<\/p>\n<p>Um Flerbar M dura at\u00e9 600 tragos, dependendo de quanto e com for\u00e7a voc\u00ea inala. Isso equivale a cerca de 30 a 40 cigarros. A bateria integrada de 550mAh garante que o sabor seja consistente at\u00e9 ao \u00faltimo trago.<\/p>\n<p>A nova Flerbar com Mesh Coil<br \/>\nConte\u00fado da embalagem: 1 x Flerbar M \u2013 Vape descart\u00e1vel 20 mg\/ml<\/p>","protected":false},"excerpt":{"rendered":"<p>Flerbar M &#8211; Einweg E-Zigarette 20 mg\/ml Was ist Flerbar M? Flerbar M ist eine Einweg-E-Zigarette mit einer Mesh Coil, die f\u00fcr besseren Geschmack und dichteren Dampf sorgt. Sie hat einen 550mAh Akku und bietet 600 Z\u00fcge in verschiedenen Geschmacksrichtungen. Welche Geschmacksrichtungen gibt es? Einweg E-Zigaretten von Flerbar gibt es in vielen verschiedenen Geschmacksrichtungen, darunter [&hellip;]<\/p>","protected":false},"featured_media":11253,"template":"","meta":{"inline_featured_image":false},"product_cat":[78,754,745,742,748,744,755,738,751],"product_tag":[679],"tiered_pricing_type":"fixed","tiered_pricing_fixed_rules":[],"tiered_pricing_percentage_rules":[],"tiered_pricing_minimum":1,"_administrator_tiered_pricing_type":"fixed","_administrator_tiered_pricing_fixed_rules":[],"_editor_tiered_pricing_type":"fixed","_editor_tiered_pricing_fixed_rules":[],"_author_tiered_pricing_type":"fixed","_author_tiered_pricing_fixed_rules":[],"_contributor_tiered_pricing_type":"fixed","_contributor_tiered_pricing_fixed_rules":[],"_subscriber_tiered_pricing_type":"fixed","_subscriber_tiered_pricing_fixed_rules":[],"_customer_tiered_pricing_type":"fixed","_customer_tiered_pricing_fixed_rules":[],"_shop_manager_tiered_pricing_type":"fixed","_shop_manager_tiered_pricing_fixed_rules":[],"_wpseo_manager_tiered_pricing_type":"fixed","_wpseo_manager_tiered_pricing_fixed_rules":[],"_wpseo_editor_tiered_pricing_type":"fixed","_wpseo_editor_tiered_pricing_fixed_rules":[],"_wholesale_customer_tiered_pricing_type":"fixed","_wholesale_customer_tiered_pricing_fixed_rules":[],"_marketer_tiered_pricing_type":"fixed","_marketer_tiered_pricing_fixed_rules":[],"_sales_manager_tiered_pricing_type":"fixed","_sales_manager_tiered_pricing_fixed_rules":[],"_sales_rep_tiered_pricing_type":"fixed","_sales_rep_tiered_pricing_fixed_rules":[],"yoast_head":"<!-- This site is optimized with the Yoast SEO plugin v23.3 - https:\/\/yoast.com\/wordpress\/plugins\/seo\/ -->\n<title>Flerbar M Einweg E-Zigarette 600 - 20mg\/ml | ElementVape.de<\/title>\n<meta name=\"description\" content=\"Wir bieten Flerbar M Einweg E-Zigarette 600 - 20mg\/ml , Elementvape.de akzeptieren Gro\u00df-und Einzelhandel Bestellungen.\" \/>\n<meta name=\"robots\" content=\"index, follow, max-snippet:-1, max-image-preview:large, max-video-preview:-1\" \/>\n<link rel=\"canonical\" href=\"https:\/\/www.elementvape.de\/pt\/produkt\/flerbar-m-einweg-e-zigarette-600-20mg-ml\/\" \/>\n<meta property=\"og:locale\" content=\"pt_PT\" \/>\n<meta property=\"og:type\" content=\"article\" \/>\n<meta property=\"og:title\" content=\"Flerbar M Einweg E-Zigarette 600 - 20mg\/ml | ElementVape.de\" \/>\n<meta property=\"og:description\" content=\"Wir bieten Flerbar M Einweg E-Zigarette 600 - 20mg\/ml , Elementvape.de akzeptieren Gro\u00df-und Einzelhandel Bestellungen.\" \/>\n<meta property=\"og:url\" content=\"https:\/\/www.elementvape.de\/pt\/produkt\/flerbar-m-einweg-e-zigarette-600-20mg-ml\/\" \/>\n<meta property=\"og:site_name\" content=\"ElementVape.de\" \/>\n<meta property=\"article:modified_time\" content=\"2024-09-12T10:36:38+00:00\" \/>\n<meta property=\"og:image\" content=\"https:\/\/www.elementvape.de\/wp-content\/uploads\/2024\/05\/flerbar-m-e-shisha-600-20mg-alberry.jpg\" \/>\n\t<meta property=\"og:image:width\" content=\"1120\" \/>\n\t<meta property=\"og:image:height\" content=\"1120\" \/>\n\t<meta property=\"og:image:type\" content=\"image\/jpeg\" \/>\n<meta name=\"twitter:card\" content=\"summary_large_image\" \/>\n<meta name=\"twitter:label1\" content=\"Est. reading time\" \/>\n\t<meta name=\"twitter:data1\" content=\"3 minutos\" \/>\n<script type=\"application\/ld+json\" class=\"yoast-schema-graph\">{\"@context\":\"https:\/\/schema.org\",\"@graph\":[{\"@type\":\"WebPage\",\"@id\":\"https:\/\/www.elementvape.de\/nl\/produkt\/flerbar-m-einweg-e-zigarette-600-20mg-ml\/\",\"url\":\"https:\/\/www.elementvape.de\/nl\/produkt\/flerbar-m-einweg-e-zigarette-600-20mg-ml\/\",\"name\":\"Flerbar M Einweg E-Zigarette 600 - 20mg\/ml | ElementVape.de\",\"isPartOf\":{\"@id\":\"https:\/\/www.elementvape.de\/#website\"},\"primaryImageOfPage\":{\"@id\":\"https:\/\/www.elementvape.de\/nl\/produkt\/flerbar-m-einweg-e-zigarette-600-20mg-ml\/#primaryimage\"},\"image\":{\"@id\":\"https:\/\/www.elementvape.de\/nl\/produkt\/flerbar-m-einweg-e-zigarette-600-20mg-ml\/#primaryimage\"},\"thumbnailUrl\":\"https:\/\/www.elementvape.de\/wp-content\/uploads\/2024\/05\/flerbar-m-e-shisha-600-20mg-alberry.jpg\",\"datePublished\":\"2024-05-31T07:18:28+00:00\",\"dateModified\":\"2024-09-12T10:36:38+00:00\",\"description\":\"Wir bieten Flerbar M Einweg E-Zigarette 600 - 20mg\/ml , Elementvape.de akzeptieren Gro\u00df-und Einzelhandel Bestellungen.\",\"breadcrumb\":{\"@id\":\"https:\/\/www.elementvape.de\/nl\/produkt\/flerbar-m-einweg-e-zigarette-600-20mg-ml\/#breadcrumb\"},\"inLanguage\":\"pt-PT\",\"potentialAction\":[{\"@type\":\"ReadAction\",\"target\":[\"https:\/\/www.elementvape.de\/nl\/produkt\/flerbar-m-einweg-e-zigarette-600-20mg-ml\/\"]}]},{\"@type\":\"ImageObject\",\"inLanguage\":\"pt-PT\",\"@id\":\"https:\/\/www.elementvape.de\/nl\/produkt\/flerbar-m-einweg-e-zigarette-600-20mg-ml\/#primaryimage\",\"url\":\"https:\/\/www.elementvape.de\/wp-content\/uploads\/2024\/05\/flerbar-m-e-shisha-600-20mg-alberry.jpg\",\"contentUrl\":\"https:\/\/www.elementvape.de\/wp-content\/uploads\/2024\/05\/flerbar-m-e-shisha-600-20mg-alberry.jpg\",\"width\":1120,\"height\":1120,\"caption\":\"flerbar-m-e-shisha-600-20mg-alberry\"},{\"@type\":\"BreadcrumbList\",\"@id\":\"https:\/\/www.elementvape.de\/nl\/produkt\/flerbar-m-einweg-e-zigarette-600-20mg-ml\/#breadcrumb\",\"itemListElement\":[{\"@type\":\"ListItem\",\"position\":1,\"name\":\"Home\",\"item\":\"https:\/\/www.elementvape.de\/\"},{\"@type\":\"ListItem\",\"position\":2,\"name\":\"Shop\",\"item\":\"https:\/\/www.elementvape.de\/shop\/\"},{\"@type\":\"ListItem\",\"position\":3,\"name\":\"Flerbar M Einweg E-Zigarette 600 &#8211; 20mg\/ml\"}]},{\"@type\":\"WebSite\",\"@id\":\"https:\/\/www.elementvape.de\/#website\",\"url\":\"https:\/\/www.elementvape.de\/\",\"name\":\"ElementVape.de\",\"description\":\"\",\"publisher\":{\"@id\":\"https:\/\/www.elementvape.de\/#organization\"},\"potentialAction\":[{\"@type\":\"SearchAction\",\"target\":{\"@type\":\"EntryPoint\",\"urlTemplate\":\"https:\/\/www.elementvape.de\/?s={search_term_string}\"},\"query-input\":\"required name=search_term_string\"}],\"inLanguage\":\"pt-PT\"},{\"@type\":\"Organization\",\"@id\":\"https:\/\/www.elementvape.de\/#organization\",\"name\":\"ElementVape.DE\",\"url\":\"https:\/\/www.elementvape.de\/\",\"logo\":{\"@type\":\"ImageObject\",\"inLanguage\":\"pt-PT\",\"@id\":\"https:\/\/www.elementvape.de\/#\/schema\/logo\/image\/\",\"url\":\"https:\/\/www.elementvape.de\/wp-content\/uploads\/2024\/09\/cropped-1elementvape-3.png\",\"contentUrl\":\"https:\/\/www.elementvape.de\/wp-content\/uploads\/2024\/09\/cropped-1elementvape-3.png\",\"width\":285,\"height\":228,\"caption\":\"ElementVape.DE\"},\"image\":{\"@id\":\"https:\/\/www.elementvape.de\/#\/schema\/logo\/image\/\"}}]}<\/script>\n<!-- \/ Yoast SEO plugin. -->","yoast_head_json":{"title":"Flerbar M Einweg E-Zigarette 600 - 20mg\/ml | ElementVape.de","description":"Wir bieten Flerbar M Einweg E-Zigarette 600 - 20mg\/ml , Elementvape.de akzeptieren Gro\u00df-und Einzelhandel Bestellungen.","robots":{"index":"index","follow":"follow","max-snippet":"max-snippet:-1","max-image-preview":"max-image-preview:large","max-video-preview":"max-video-preview:-1"},"canonical":"https:\/\/www.elementvape.de\/pt\/produkt\/flerbar-m-einweg-e-zigarette-600-20mg-ml\/","og_locale":"pt_PT","og_type":"article","og_title":"Flerbar M Einweg E-Zigarette 600 - 20mg\/ml | ElementVape.de","og_description":"Wir bieten Flerbar M Einweg E-Zigarette 600 - 20mg\/ml , Elementvape.de akzeptieren Gro\u00df-und Einzelhandel Bestellungen.","og_url":"https:\/\/www.elementvape.de\/pt\/produkt\/flerbar-m-einweg-e-zigarette-600-20mg-ml\/","og_site_name":"ElementVape.de","article_modified_time":"2024-09-12T10:36:38+00:00","og_image":[{"width":1120,"height":1120,"url":"https:\/\/www.elementvape.de\/wp-content\/uploads\/2024\/05\/flerbar-m-e-shisha-600-20mg-alberry.jpg","type":"image\/jpeg"}],"twitter_card":"summary_large_image","twitter_misc":{"Est. reading time":"3 minutos"},"schema":{"@context":"https:\/\/schema.org","@graph":[{"@type":"WebPage","@id":"https:\/\/www.elementvape.de\/nl\/produkt\/flerbar-m-einweg-e-zigarette-600-20mg-ml\/","url":"https:\/\/www.elementvape.de\/nl\/produkt\/flerbar-m-einweg-e-zigarette-600-20mg-ml\/","name":"Flerbar M Einweg E-Zigarette 600 - 20mg\/ml | ElementVape.de","isPartOf":{"@id":"https:\/\/www.elementvape.de\/#website"},"primaryImageOfPage":{"@id":"https:\/\/www.elementvape.de\/nl\/produkt\/flerbar-m-einweg-e-zigarette-600-20mg-ml\/#primaryimage"},"image":{"@id":"https:\/\/www.elementvape.de\/nl\/produkt\/flerbar-m-einweg-e-zigarette-600-20mg-ml\/#primaryimage"},"thumbnailUrl":"https:\/\/www.elementvape.de\/wp-content\/uploads\/2024\/05\/flerbar-m-e-shisha-600-20mg-alberry.jpg","datePublished":"2024-05-31T07:18:28+00:00","dateModified":"2024-09-12T10:36:38+00:00","description":"Wir bieten Flerbar M Einweg E-Zigarette 600 - 20mg\/ml , Elementvape.de akzeptieren Gro\u00df-und Einzelhandel Bestellungen.","breadcrumb":{"@id":"https:\/\/www.elementvape.de\/nl\/produkt\/flerbar-m-einweg-e-zigarette-600-20mg-ml\/#breadcrumb"},"inLanguage":"pt-PT","potentialAction":[{"@type":"ReadAction","target":["https:\/\/www.elementvape.de\/nl\/produkt\/flerbar-m-einweg-e-zigarette-600-20mg-ml\/"]}]},{"@type":"ImageObject","inLanguage":"pt-PT","@id":"https:\/\/www.elementvape.de\/nl\/produkt\/flerbar-m-einweg-e-zigarette-600-20mg-ml\/#primaryimage","url":"https:\/\/www.elementvape.de\/wp-content\/uploads\/2024\/05\/flerbar-m-e-shisha-600-20mg-alberry.jpg","contentUrl":"https:\/\/www.elementvape.de\/wp-content\/uploads\/2024\/05\/flerbar-m-e-shisha-600-20mg-alberry.jpg","width":1120,"height":1120,"caption":"flerbar-m-e-shisha-600-20mg-alberry"},{"@type":"BreadcrumbList","@id":"https:\/\/www.elementvape.de\/nl\/produkt\/flerbar-m-einweg-e-zigarette-600-20mg-ml\/#breadcrumb","itemListElement":[{"@type":"ListItem","position":1,"name":"Home","item":"https:\/\/www.elementvape.de\/"},{"@type":"ListItem","position":2,"name":"Shop","item":"https:\/\/www.elementvape.de\/shop\/"},{"@type":"ListItem","position":3,"name":"Flerbar M Einweg E-Zigarette 600 &#8211; 20mg\/ml"}]},{"@type":"WebSite","@id":"https:\/\/www.elementvape.de\/#website","url":"https:\/\/www.elementvape.de\/","name":"ElementVape.de","description":"","publisher":{"@id":"https:\/\/www.elementvape.de\/#organization"},"potentialAction":[{"@type":"SearchAction","target":{"@type":"EntryPoint","urlTemplate":"https:\/\/www.elementvape.de\/?s={search_term_string}"},"query-input":"required name=search_term_string"}],"inLanguage":"pt-PT"},{"@type":"Organization","@id":"https:\/\/www.elementvape.de\/#organization","name":"ElementVape.DE","url":"https:\/\/www.elementvape.de\/","logo":{"@type":"ImageObject","inLanguage":"pt-PT","@id":"https:\/\/www.elementvape.de\/#\/schema\/logo\/image\/","url":"https:\/\/www.elementvape.de\/wp-content\/uploads\/2024\/09\/cropped-1elementvape-3.png","contentUrl":"https:\/\/www.elementvape.de\/wp-content\/uploads\/2024\/09\/cropped-1elementvape-3.png","width":285,"height":228,"caption":"ElementVape.DE"},"image":{"@id":"https:\/\/www.elementvape.de\/#\/schema\/logo\/image\/"}}]}},"_links":{"self":[{"href":"https:\/\/www.elementvape.de\/pt\/wp-json\/wp\/v2\/product\/11252"}],"collection":[{"href":"https:\/\/www.elementvape.de\/pt\/wp-json\/wp\/v2\/product"}],"about":[{"href":"https:\/\/www.elementvape.de\/pt\/wp-json\/wp\/v2\/types\/product"}],"wp:featuredmedia":[{"embeddable":true,"href":"https:\/\/www.elementvape.de\/pt\/wp-json\/wp\/v2\/media\/11253"}],"wp:attachment":[{"href":"https:\/\/www.elementvape.de\/pt\/wp-json\/wp\/v2\/media?parent=11252"}],"wp:term":[{"taxonomy":"product_cat","embeddable":true,"href":"https:\/\/www.elementvape.de\/pt\/wp-json\/wp\/v2\/product_cat?post=11252"},{"taxonomy":"product_tag","embeddable":true,"href":"https:\/\/www.elementvape.de\/pt\/wp-json\/wp\/v2\/product_tag?post=11252"}],"curies":[{"name":"wp","href":"https:\/\/api.w.org\/{rel}","templated":true}]}}