{"id":11188,"date":"2024-05-31T03:51:17","date_gmt":"2024-05-31T03:51:17","guid":{"rendered":"https:\/\/www.elementvape.de\/?post_type=product&#038;p=11188"},"modified":"2024-09-12T10:36:39","modified_gmt":"2024-09-12T10:36:39","slug":"187-strassenbande-vape-kaufen-einweg-e-zigarette","status":"publish","type":"product","link":"https:\/\/www.elementvape.de\/pt\/produkt\/187-strassenbande-vape-kaufen-einweg-e-zigarette\/","title":{"rendered":"Compra de Vape Strassenbande 187 - Cigarette eletr\u00f3nica descart\u00e1vel"},"content":{"rendered":"<h2>As tuas vantagens das 187 Vapes para um sabor completo:<\/h2>\n<p>Apresentamos-te as sensacionais 187 Vapes descart\u00e1veis. Estas Vapes descart\u00e1veis, tamb\u00e9m chamadas de E-shisha descart\u00e1vel, s\u00e3o um verdadeiro destaque e combinam sabor e simplicidade num n\u00edvel totalmente novo:<\/p>\n<p>Experi\u00eancia de sabor intensa: As Vapes da 187 Strassenbande prometem-te um sabor verdadeiramente explosivo, que tens de experimentar.<br \/>\nPlug and Play: Sem configura\u00e7\u00f5es complicadas, sem esfor\u00e7o \u2013 basta desembrulhar e come\u00e7ar a vaporizar. Tamb\u00e9m adequado para principiantes.<br \/>\nSabores variados: As 187 E-cigarettes est\u00e3o dispon\u00edveis em 23 sabores diferentes.<br \/>\nValorizamos muito o nosso meio ambiente. Por isso, pedimos que descarte corretamente as suas Vapes descart\u00e1veis 187. Estas E-shishas descart\u00e1veis cont\u00eam uma bateria e devem ser descartadas como baterias ou aparelhos eletr\u00f3nicos.<\/p>\n<h3>Quantas variedades de 187 Vapes existem?:<\/h3>\n<p>A 187 Strassenbande, conhecida pelos seus l\u00edquidos e tabaco de shisha de sucesso, agora tamb\u00e9m oferece Vapes descart\u00e1veis em impressionantes 23 sabores. Seja o sabor cremoso de baunilha, lim\u00e3o e am\u00eandoas de Ello &amp; Raffa ou a explos\u00e3o de fruta fresca de Pille Bonez MC \u2013 aqui h\u00e1 realmente algo para todos os gostos.<\/p>\n<h3>AMG Uva Preta: Uva com gelo:<\/h3>\n<p>Beach Vibez: Mistura de lima, lim\u00e3o, laranja e morango<br \/>\nEllo &amp; Raffa: Mistura cremosa de baunilha, lim\u00e3o e am\u00eandoas<br \/>\nReeperbahn: Mistura cremosa de baunilha e framboesas frescas com gelo<br \/>\n040 Hamburgo: Mistura deliciosa de v\u00e1rias bagas silvestres<br \/>\nHappy Cactuz: Cacto com gelo<br \/>\nI love Hamburgo: Mistura frutada de bagas com mel\u00e3o<br \/>\nI Scream Pist\u00e1cio: Gelado de baunilha cremoso com pist\u00e1cios<br \/>\nJuicy Puzzy: Uma mistura refrescante de Cola e limonada<br \/>\nPille Bonez MC: Mistura de fruta fresca com mel\u00e3o-honig<br \/>\nPink Mellow: Mistura de melancia, lim\u00e3o e lima<br \/>\nSparkling Ize-T: Ch\u00e1 gelado de lim\u00e3o com g\u00e1s<br \/>\nSparkling Peaz: Ch\u00e1 gelado de p\u00eassego<br \/>\nWaternelom: Suco de melancia suculenta<br \/>\nZafari: Uma mistura de toranja, laranja, lim\u00e3o e fruta do drag\u00e3o<br \/>\nBabba Huppa: Goma de mascar azul de framboesa<br \/>\nQuelle: Uvas doces com hortel\u00e3 fresca<br \/>\nVoodoo King: Mistura de v\u00e1rias frutas<br \/>\nSE-X-XX: Uma mistura de mel\u00e3o-honig, maracuj\u00e1 e melancia<br \/>\nFrappo Chicco: Delicioso leite com caf\u00e9 gelado<br \/>\nBlack Ize: Amora com gelo<br \/>\nCrazy Appli: An\u00e9is de ma\u00e7\u00e3<br \/>\nWild Zill: Mistura selvagem de bagas<\/p>\n<p>Encomende hoje mesmo o seu cigarro eletr\u00f4nico 187 Strassenbande!<\/p>\n<h3>Descri\u00e7\u00e3o do produto:<\/h3>\n<p>Nossos vapes descart\u00e1veis 187 oferecem n\u00e3o s\u00f3 uma experi\u00eancia de sabor variada, mas tamb\u00e9m uma utiliza\u00e7\u00e3o simples e pr\u00e1tica. Aqui est\u00e3o os destaques dos e-shishas:<\/p>\n<p>Sabores variados: Escolha entre 23 sabores \u00fanicos e encontre o seu favorito.<br \/>\nDesign f\u00e1cil de usar: Estes dispositivos descart\u00e1veis s\u00e3o modernos, f\u00e1ceis de usar e n\u00e3o recarreg\u00e1veis nem recarreg\u00e1veis.<br \/>\nCompacto e leve: O acess\u00f3rio perfeito para levar consigo, gra\u00e7as ao seu peso leve e design compacto.<br \/>\nComportamento agrad\u00e1vel ao fumar: Aproveite at\u00e9 600 tragos (de acordo com o fabricante) com uma intensidade e sabor constantes.<br \/>\nPura simplicidade: Sem bot\u00e3o de fogo, sem configura\u00e7\u00f5es \u2013 puro prazer de vapor!<br \/>\nTeor de nicotina: 2ml de l\u00edquido com 20mg\/ml de sal de nicotina para quem gosta de intensidade.<br \/>\nN\u00f3s da Element Vape estamos convencidos de que os 187 Vapes descart\u00e1veis s\u00e3o uma obriga\u00e7\u00e3o para qualquer amante de shisha. Experimente e mergulhe nos fascinantes mundos de sabores da 187 Strassenbande.<\/p>","protected":false},"excerpt":{"rendered":"<p>Deine Vorteile der 187 Vapes f\u00fcr vollen Geschmack: Wir stellen euch die sensationellen 187 Einweg E-Zigaretten vor. Diese Einweg Vapes, auch Einweg E-Shisha genannt, sind ein echtes Highlight und kombinieren Geschmack und Einfachheit auf einem neuen Level: Intensives Geschmackserlebnis: Die 187 Strassenbande Vapes versprechen euch einen wahrhaft explosiven Geschmack, den ihr einfach probieren m\u00fcsst. Plug [&hellip;]<\/p>","protected":false},"featured_media":11189,"template":"","meta":{"inline_featured_image":false},"product_cat":[78,754,745,742,748,744,755,738,751],"product_tag":[679],"tiered_pricing_type":"fixed","tiered_pricing_fixed_rules":[],"tiered_pricing_percentage_rules":[],"tiered_pricing_minimum":1,"_administrator_tiered_pricing_type":"fixed","_administrator_tiered_pricing_fixed_rules":[],"_editor_tiered_pricing_type":"fixed","_editor_tiered_pricing_fixed_rules":[],"_author_tiered_pricing_type":"fixed","_author_tiered_pricing_fixed_rules":[],"_contributor_tiered_pricing_type":"fixed","_contributor_tiered_pricing_fixed_rules":[],"_subscriber_tiered_pricing_type":"fixed","_subscriber_tiered_pricing_fixed_rules":[],"_customer_tiered_pricing_type":"fixed","_customer_tiered_pricing_fixed_rules":[],"_shop_manager_tiered_pricing_type":"fixed","_shop_manager_tiered_pricing_fixed_rules":[],"_wpseo_manager_tiered_pricing_type":"fixed","_wpseo_manager_tiered_pricing_fixed_rules":[],"_wpseo_editor_tiered_pricing_type":"fixed","_wpseo_editor_tiered_pricing_fixed_rules":[],"_wholesale_customer_tiered_pricing_type":"fixed","_wholesale_customer_tiered_pricing_fixed_rules":[],"_marketer_tiered_pricing_type":"fixed","_marketer_tiered_pricing_fixed_rules":[],"_sales_manager_tiered_pricing_type":"fixed","_sales_manager_tiered_pricing_fixed_rules":[],"_sales_rep_tiered_pricing_type":"fixed","_sales_rep_tiered_pricing_fixed_rules":[],"yoast_head":"<!-- This site is optimized with the Yoast SEO plugin v23.3 - https:\/\/yoast.com\/wordpress\/plugins\/seo\/ -->\n<title>187 Strassenbande Vape Kaufen- Einweg E-Zigarette | ElementVape.de<\/title>\n<meta name=\"description\" content=\"Wir bieten 187 Strassenbande Vape Kaufen- Einweg E-Zigarette , Elementvape.de akzeptieren Gro\u00df-und Einzelhandel Bestellungen.\" \/>\n<meta name=\"robots\" content=\"index, follow, max-snippet:-1, max-image-preview:large, max-video-preview:-1\" \/>\n<link rel=\"canonical\" href=\"https:\/\/www.elementvape.de\/pt\/produkt\/187-strassenbande-vape-kaufen-einweg-e-zigarette\/\" \/>\n<meta property=\"og:locale\" content=\"pt_PT\" \/>\n<meta property=\"og:type\" content=\"article\" \/>\n<meta property=\"og:title\" content=\"187 Strassenbande Vape Kaufen- Einweg E-Zigarette | ElementVape.de\" \/>\n<meta property=\"og:description\" content=\"Wir bieten 187 Strassenbande Vape Kaufen- Einweg E-Zigarette , Elementvape.de akzeptieren Gro\u00df-und Einzelhandel Bestellungen.\" \/>\n<meta property=\"og:url\" content=\"https:\/\/www.elementvape.de\/pt\/produkt\/187-strassenbande-vape-kaufen-einweg-e-zigarette\/\" \/>\n<meta property=\"og:site_name\" content=\"ElementVape.de\" \/>\n<meta property=\"article:modified_time\" content=\"2024-09-12T10:36:39+00:00\" \/>\n<meta property=\"og:image\" content=\"https:\/\/www.elementvape.de\/wp-content\/uploads\/2024\/05\/187-strassenbande-einweg-e-zigarette-amg-schwarze-traube_700x.webp\" \/>\n\t<meta property=\"og:image:width\" content=\"600\" \/>\n\t<meta property=\"og:image:height\" content=\"600\" \/>\n\t<meta property=\"og:image:type\" content=\"image\/webp\" \/>\n<meta name=\"twitter:card\" content=\"summary_large_image\" \/>\n<meta name=\"twitter:label1\" content=\"Est. reading time\" \/>\n\t<meta name=\"twitter:data1\" content=\"3 minutos\" \/>\n<script type=\"application\/ld+json\" class=\"yoast-schema-graph\">{\"@context\":\"https:\/\/schema.org\",\"@graph\":[{\"@type\":\"WebPage\",\"@id\":\"https:\/\/www.elementvape.de\/nl\/produkt\/187-strassenbande-vape-kaufen-einweg-e-zigarette\/\",\"url\":\"https:\/\/www.elementvape.de\/nl\/produkt\/187-strassenbande-vape-kaufen-einweg-e-zigarette\/\",\"name\":\"187 Strassenbande Vape Kaufen- Einweg E-Zigarette | ElementVape.de\",\"isPartOf\":{\"@id\":\"https:\/\/www.elementvape.de\/#website\"},\"primaryImageOfPage\":{\"@id\":\"https:\/\/www.elementvape.de\/nl\/produkt\/187-strassenbande-vape-kaufen-einweg-e-zigarette\/#primaryimage\"},\"image\":{\"@id\":\"https:\/\/www.elementvape.de\/nl\/produkt\/187-strassenbande-vape-kaufen-einweg-e-zigarette\/#primaryimage\"},\"thumbnailUrl\":\"https:\/\/www.elementvape.de\/wp-content\/uploads\/2024\/05\/187-strassenbande-einweg-e-zigarette-amg-schwarze-traube_700x.webp\",\"datePublished\":\"2024-05-31T03:51:17+00:00\",\"dateModified\":\"2024-09-12T10:36:39+00:00\",\"description\":\"Wir bieten 187 Strassenbande Vape Kaufen- Einweg E-Zigarette , Elementvape.de akzeptieren Gro\u00df-und Einzelhandel Bestellungen.\",\"breadcrumb\":{\"@id\":\"https:\/\/www.elementvape.de\/nl\/produkt\/187-strassenbande-vape-kaufen-einweg-e-zigarette\/#breadcrumb\"},\"inLanguage\":\"pt-PT\",\"potentialAction\":[{\"@type\":\"ReadAction\",\"target\":[\"https:\/\/www.elementvape.de\/nl\/produkt\/187-strassenbande-vape-kaufen-einweg-e-zigarette\/\"]}]},{\"@type\":\"ImageObject\",\"inLanguage\":\"pt-PT\",\"@id\":\"https:\/\/www.elementvape.de\/nl\/produkt\/187-strassenbande-vape-kaufen-einweg-e-zigarette\/#primaryimage\",\"url\":\"https:\/\/www.elementvape.de\/wp-content\/uploads\/2024\/05\/187-strassenbande-einweg-e-zigarette-amg-schwarze-traube_700x.webp\",\"contentUrl\":\"https:\/\/www.elementvape.de\/wp-content\/uploads\/2024\/05\/187-strassenbande-einweg-e-zigarette-amg-schwarze-traube_700x.webp\",\"width\":600,\"height\":600,\"caption\":\"187-strassenbande-einweg-e-zigarette-amg-schwarze-traube_700x\"},{\"@type\":\"BreadcrumbList\",\"@id\":\"https:\/\/www.elementvape.de\/nl\/produkt\/187-strassenbande-vape-kaufen-einweg-e-zigarette\/#breadcrumb\",\"itemListElement\":[{\"@type\":\"ListItem\",\"position\":1,\"name\":\"Home\",\"item\":\"https:\/\/www.elementvape.de\/\"},{\"@type\":\"ListItem\",\"position\":2,\"name\":\"Shop\",\"item\":\"https:\/\/www.elementvape.de\/shop\/\"},{\"@type\":\"ListItem\",\"position\":3,\"name\":\"187 Strassenbande Vape Kaufen- Einweg E-Zigarette\"}]},{\"@type\":\"WebSite\",\"@id\":\"https:\/\/www.elementvape.de\/#website\",\"url\":\"https:\/\/www.elementvape.de\/\",\"name\":\"ElementVape.de\",\"description\":\"\",\"publisher\":{\"@id\":\"https:\/\/www.elementvape.de\/#organization\"},\"potentialAction\":[{\"@type\":\"SearchAction\",\"target\":{\"@type\":\"EntryPoint\",\"urlTemplate\":\"https:\/\/www.elementvape.de\/?s={search_term_string}\"},\"query-input\":\"required name=search_term_string\"}],\"inLanguage\":\"pt-PT\"},{\"@type\":\"Organization\",\"@id\":\"https:\/\/www.elementvape.de\/#organization\",\"name\":\"ElementVape.DE\",\"url\":\"https:\/\/www.elementvape.de\/\",\"logo\":{\"@type\":\"ImageObject\",\"inLanguage\":\"pt-PT\",\"@id\":\"https:\/\/www.elementvape.de\/#\/schema\/logo\/image\/\",\"url\":\"https:\/\/www.elementvape.de\/wp-content\/uploads\/2024\/09\/cropped-1elementvape-3.png\",\"contentUrl\":\"https:\/\/www.elementvape.de\/wp-content\/uploads\/2024\/09\/cropped-1elementvape-3.png\",\"width\":285,\"height\":228,\"caption\":\"ElementVape.DE\"},\"image\":{\"@id\":\"https:\/\/www.elementvape.de\/#\/schema\/logo\/image\/\"}}]}<\/script>\n<!-- \/ Yoast SEO plugin. -->","yoast_head_json":{"title":"187 Strassenbande Vape Kaufen- Einweg E-Zigarette | ElementVape.de","description":"Wir bieten 187 Strassenbande Vape Kaufen- Einweg E-Zigarette , Elementvape.de akzeptieren Gro\u00df-und Einzelhandel Bestellungen.","robots":{"index":"index","follow":"follow","max-snippet":"max-snippet:-1","max-image-preview":"max-image-preview:large","max-video-preview":"max-video-preview:-1"},"canonical":"https:\/\/www.elementvape.de\/pt\/produkt\/187-strassenbande-vape-kaufen-einweg-e-zigarette\/","og_locale":"pt_PT","og_type":"article","og_title":"187 Strassenbande Vape Kaufen- Einweg E-Zigarette | ElementVape.de","og_description":"Wir bieten 187 Strassenbande Vape Kaufen- Einweg E-Zigarette , Elementvape.de akzeptieren Gro\u00df-und Einzelhandel Bestellungen.","og_url":"https:\/\/www.elementvape.de\/pt\/produkt\/187-strassenbande-vape-kaufen-einweg-e-zigarette\/","og_site_name":"ElementVape.de","article_modified_time":"2024-09-12T10:36:39+00:00","og_image":[{"width":600,"height":600,"url":"https:\/\/www.elementvape.de\/wp-content\/uploads\/2024\/05\/187-strassenbande-einweg-e-zigarette-amg-schwarze-traube_700x.webp","type":"image\/webp"}],"twitter_card":"summary_large_image","twitter_misc":{"Est. reading time":"3 minutos"},"schema":{"@context":"https:\/\/schema.org","@graph":[{"@type":"WebPage","@id":"https:\/\/www.elementvape.de\/nl\/produkt\/187-strassenbande-vape-kaufen-einweg-e-zigarette\/","url":"https:\/\/www.elementvape.de\/nl\/produkt\/187-strassenbande-vape-kaufen-einweg-e-zigarette\/","name":"187 Strassenbande Vape Kaufen- Einweg E-Zigarette | ElementVape.de","isPartOf":{"@id":"https:\/\/www.elementvape.de\/#website"},"primaryImageOfPage":{"@id":"https:\/\/www.elementvape.de\/nl\/produkt\/187-strassenbande-vape-kaufen-einweg-e-zigarette\/#primaryimage"},"image":{"@id":"https:\/\/www.elementvape.de\/nl\/produkt\/187-strassenbande-vape-kaufen-einweg-e-zigarette\/#primaryimage"},"thumbnailUrl":"https:\/\/www.elementvape.de\/wp-content\/uploads\/2024\/05\/187-strassenbande-einweg-e-zigarette-amg-schwarze-traube_700x.webp","datePublished":"2024-05-31T03:51:17+00:00","dateModified":"2024-09-12T10:36:39+00:00","description":"Wir bieten 187 Strassenbande Vape Kaufen- Einweg E-Zigarette , Elementvape.de akzeptieren Gro\u00df-und Einzelhandel Bestellungen.","breadcrumb":{"@id":"https:\/\/www.elementvape.de\/nl\/produkt\/187-strassenbande-vape-kaufen-einweg-e-zigarette\/#breadcrumb"},"inLanguage":"pt-PT","potentialAction":[{"@type":"ReadAction","target":["https:\/\/www.elementvape.de\/nl\/produkt\/187-strassenbande-vape-kaufen-einweg-e-zigarette\/"]}]},{"@type":"ImageObject","inLanguage":"pt-PT","@id":"https:\/\/www.elementvape.de\/nl\/produkt\/187-strassenbande-vape-kaufen-einweg-e-zigarette\/#primaryimage","url":"https:\/\/www.elementvape.de\/wp-content\/uploads\/2024\/05\/187-strassenbande-einweg-e-zigarette-amg-schwarze-traube_700x.webp","contentUrl":"https:\/\/www.elementvape.de\/wp-content\/uploads\/2024\/05\/187-strassenbande-einweg-e-zigarette-amg-schwarze-traube_700x.webp","width":600,"height":600,"caption":"187-strassenbande-einweg-e-zigarette-amg-schwarze-traube_700x"},{"@type":"BreadcrumbList","@id":"https:\/\/www.elementvape.de\/nl\/produkt\/187-strassenbande-vape-kaufen-einweg-e-zigarette\/#breadcrumb","itemListElement":[{"@type":"ListItem","position":1,"name":"Home","item":"https:\/\/www.elementvape.de\/"},{"@type":"ListItem","position":2,"name":"Shop","item":"https:\/\/www.elementvape.de\/shop\/"},{"@type":"ListItem","position":3,"name":"187 Strassenbande Vape Kaufen- Einweg E-Zigarette"}]},{"@type":"WebSite","@id":"https:\/\/www.elementvape.de\/#website","url":"https:\/\/www.elementvape.de\/","name":"ElementVape.de","description":"","publisher":{"@id":"https:\/\/www.elementvape.de\/#organization"},"potentialAction":[{"@type":"SearchAction","target":{"@type":"EntryPoint","urlTemplate":"https:\/\/www.elementvape.de\/?s={search_term_string}"},"query-input":"required name=search_term_string"}],"inLanguage":"pt-PT"},{"@type":"Organization","@id":"https:\/\/www.elementvape.de\/#organization","name":"ElementVape.DE","url":"https:\/\/www.elementvape.de\/","logo":{"@type":"ImageObject","inLanguage":"pt-PT","@id":"https:\/\/www.elementvape.de\/#\/schema\/logo\/image\/","url":"https:\/\/www.elementvape.de\/wp-content\/uploads\/2024\/09\/cropped-1elementvape-3.png","contentUrl":"https:\/\/www.elementvape.de\/wp-content\/uploads\/2024\/09\/cropped-1elementvape-3.png","width":285,"height":228,"caption":"ElementVape.DE"},"image":{"@id":"https:\/\/www.elementvape.de\/#\/schema\/logo\/image\/"}}]}},"_links":{"self":[{"href":"https:\/\/www.elementvape.de\/pt\/wp-json\/wp\/v2\/product\/11188"}],"collection":[{"href":"https:\/\/www.elementvape.de\/pt\/wp-json\/wp\/v2\/product"}],"about":[{"href":"https:\/\/www.elementvape.de\/pt\/wp-json\/wp\/v2\/types\/product"}],"wp:featuredmedia":[{"embeddable":true,"href":"https:\/\/www.elementvape.de\/pt\/wp-json\/wp\/v2\/media\/11189"}],"wp:attachment":[{"href":"https:\/\/www.elementvape.de\/pt\/wp-json\/wp\/v2\/media?parent=11188"}],"wp:term":[{"taxonomy":"product_cat","embeddable":true,"href":"https:\/\/www.elementvape.de\/pt\/wp-json\/wp\/v2\/product_cat?post=11188"},{"taxonomy":"product_tag","embeddable":true,"href":"https:\/\/www.elementvape.de\/pt\/wp-json\/wp\/v2\/product_tag?post=11188"}],"curies":[{"name":"wp","href":"https:\/\/api.w.org\/{rel}","templated":true}]}}