{"id":10838,"date":"2024-05-27T07:36:05","date_gmt":"2024-05-27T07:36:05","guid":{"rendered":"https:\/\/www.elementvape.de\/?post_type=product&#038;p=10838"},"modified":"2024-09-12T10:31:36","modified_gmt":"2024-09-12T10:31:36","slug":"elf-bar-te6000-einweg-vape-6000-zuege","status":"publish","type":"product","link":"https:\/\/www.elementvape.de\/pt\/produkt\/elf-bar-te6000-einweg-vape-6000-zuege\/","title":{"rendered":"Elf Bar TE6000 Vape Descart\u00e1vel 6000 Puffs"},"content":{"rendered":"<div class=\"card__header\">\n<h2 class=\"card__title heading h3\"><span>Descri\u00e7\u00e3o<\/span><\/h2>\n<\/div>\n<div class=\"card__section\">\n<div class=\"rte text--pull\"><span>Experimente uma vaporiza\u00e7\u00e3o suave e saborosa com o Elf Bar TE6000 Vape Descart\u00e1vel. Este dispositivo vem com 12 ml de l\u00edquido de vape pr\u00e9-carregado e uma concentra\u00e7\u00e3o de sal de nicotina de 5 % (50 mg), oferecendo aproximadamente 6000 tragos para sua satisfa\u00e7\u00e3o. A bateria interna recarreg\u00e1vel e o pr\u00e1tico cabo Tipo-C tornam o uso f\u00e1cil. Desfrute de uma experi\u00eancia de vaporiza\u00e7\u00e3o sem esfor\u00e7o com o Elf Bar TE6000 Vape Descart\u00e1vel.<\/span><\/p>\n<h3><span>Par\u00e2metros:<\/span><\/h3>\n<p><span>\u2022 12 ml de l\u00edquido de vape pr\u00e9-carregado<\/span><br \/>\n<span>\u2022 Bateria interna recarreg\u00e1vel<\/span><br \/>\n<span>\u2022 Cabo Tipo-C<\/span><br \/>\n<span>\u2022 Sal de nicotina 5 % (50 mg)<\/span><br \/>\n<span>\u2022 Aproximadamente 6000 tragos<\/span><br \/>\n<span>\u2022 Bobina de malha<\/span><\/p>\n<h3><span>Sabores:<\/span><\/h3>\n<p>\u2022 Ma\u00e7\u00e3 Peach: Ma\u00e7\u00e3 doce com um toque de p\u00eassego.<br \/>\n\u2022 Outono: Mistura aconchegante de especiarias e ab\u00f3bora.<br \/>\n\u2022 Blue Razz Ice: Framboesa azul tangy com um acabamento mentolado refrescante.<br \/>\n\u2022 Clear: Refrescante e suave, sem sabores adicionados.<br \/>\n\u2022 Grape Ice: Sabor cl\u00e1ssico de uva com um toque gelado.<br \/>\n\u2022 Hawaii Punch: Mistura de frutas tropicais com um toque revigorante.<br \/>\n\u2022 Ice Mint: Sabor de hortel\u00e3 crocante e fresca.<br \/>\n\u2022 Juicy Peach: Sabor de p\u00eassego suculento e maduro.<br \/>\n\u2022 Lemon Drop: Lim\u00e3o azedo com um acabamento doce.<br \/>\n\u2022 Strawberry Ice: Morango doce com um acabamento mentolado refrescante.<br \/>\n\u2022 Gelo de Melancia: Melancia suculenta com um toque refrescante de mentol.<\/p><\/div>\n<div class=\"rte text--pull\">\n<h3><span>Lista de embalagem:<\/span><\/h3>\n<p><span>1 x Elf Bar TE6000 Vape descart\u00e1vel 6000 tragos<\/span><\/div>\n<\/div>","protected":false},"excerpt":{"rendered":"<p>Beschreibung Erleben Sie sanftes, geschmackvolles Dampfen mit dem Elf Bar TE6000 Disposable Vape. Dieses Ger\u00e4t ist mit 12 ml vorgef\u00fclltem Vape-Saft und einer Nikotinsalzst\u00e4rke von 5 % (50 mg) gef\u00fcllt und bietet ungef\u00e4hr 6000 Z\u00fcge, damit Sie zufrieden sind. Der wiederaufladbare interne Akku und das praktische Typ-C-Kabel machen die Verwendung einfach. Genie\u00dfen Sie ein m\u00fcheloses [&hellip;]<\/p>","protected":false},"featured_media":10839,"template":"","meta":{"inline_featured_image":false},"product_cat":[78,750,737,736,749],"product_tag":[680],"tiered_pricing_type":"fixed","tiered_pricing_fixed_rules":[],"tiered_pricing_percentage_rules":[],"tiered_pricing_minimum":1,"_administrator_tiered_pricing_type":"fixed","_administrator_tiered_pricing_fixed_rules":[],"_editor_tiered_pricing_type":"fixed","_editor_tiered_pricing_fixed_rules":[],"_author_tiered_pricing_type":"fixed","_author_tiered_pricing_fixed_rules":[],"_contributor_tiered_pricing_type":"fixed","_contributor_tiered_pricing_fixed_rules":[],"_subscriber_tiered_pricing_type":"fixed","_subscriber_tiered_pricing_fixed_rules":[],"_customer_tiered_pricing_type":"fixed","_customer_tiered_pricing_fixed_rules":[],"_shop_manager_tiered_pricing_type":"fixed","_shop_manager_tiered_pricing_fixed_rules":[],"_wpseo_manager_tiered_pricing_type":"fixed","_wpseo_manager_tiered_pricing_fixed_rules":[],"_wpseo_editor_tiered_pricing_type":"fixed","_wpseo_editor_tiered_pricing_fixed_rules":[],"_wholesale_customer_tiered_pricing_type":"fixed","_wholesale_customer_tiered_pricing_fixed_rules":[],"_marketer_tiered_pricing_type":"fixed","_marketer_tiered_pricing_fixed_rules":[],"_sales_manager_tiered_pricing_type":"fixed","_sales_manager_tiered_pricing_fixed_rules":[],"_sales_rep_tiered_pricing_type":"fixed","_sales_rep_tiered_pricing_fixed_rules":[],"yoast_head":"<!-- This site is optimized with the Yoast SEO plugin v23.3 - https:\/\/yoast.com\/wordpress\/plugins\/seo\/ -->\n<title>Elf Bar TE6000 Einweg-Vape 6000 Z\u00fcge | ElementVape.de<\/title>\n<meta name=\"description\" content=\"Wir bieten Elf Bar TE6000 Einweg-Vape 6000 Z\u00fcge , Elementvape.de akzeptieren Gro\u00df-und Einzelhandel Bestellungen.\" \/>\n<meta name=\"robots\" content=\"index, follow, max-snippet:-1, max-image-preview:large, max-video-preview:-1\" \/>\n<link rel=\"canonical\" href=\"https:\/\/www.elementvape.de\/pt\/produkt\/elf-bar-te6000-einweg-vape-6000-zuege\/\" \/>\n<meta property=\"og:locale\" content=\"pt_PT\" \/>\n<meta property=\"og:type\" content=\"article\" \/>\n<meta property=\"og:title\" content=\"Elf Bar TE6000 Einweg-Vape 6000 Z\u00fcge | ElementVape.de\" \/>\n<meta property=\"og:description\" content=\"Wir bieten Elf Bar TE6000 Einweg-Vape 6000 Z\u00fcge , Elementvape.de akzeptieren Gro\u00df-und Einzelhandel Bestellungen.\" \/>\n<meta property=\"og:url\" content=\"https:\/\/www.elementvape.de\/pt\/produkt\/elf-bar-te6000-einweg-vape-6000-zuege\/\" \/>\n<meta property=\"og:site_name\" content=\"ElementVape.de\" \/>\n<meta property=\"article:modified_time\" content=\"2024-09-12T10:31:36+00:00\" \/>\n<meta property=\"og:image\" content=\"https:\/\/www.elementvape.de\/wp-content\/uploads\/2024\/05\/Elf-Bar-TE6000-Disposable-Vape-12.jpg\" \/>\n\t<meta property=\"og:image:width\" content=\"800\" \/>\n\t<meta property=\"og:image:height\" content=\"800\" \/>\n\t<meta property=\"og:image:type\" content=\"image\/jpeg\" \/>\n<meta name=\"twitter:card\" content=\"summary_large_image\" \/>\n<meta name=\"twitter:label1\" content=\"Est. reading time\" \/>\n\t<meta name=\"twitter:data1\" content=\"2 minutos\" \/>\n<script type=\"application\/ld+json\" class=\"yoast-schema-graph\">{\"@context\":\"https:\/\/schema.org\",\"@graph\":[{\"@type\":\"WebPage\",\"@id\":\"https:\/\/www.elementvape.de\/it\/produkt\/elf-bar-te6000-einweg-vape-6000-zuege\/\",\"url\":\"https:\/\/www.elementvape.de\/it\/produkt\/elf-bar-te6000-einweg-vape-6000-zuege\/\",\"name\":\"Elf Bar TE6000 Einweg-Vape 6000 Z\u00fcge | ElementVape.de\",\"isPartOf\":{\"@id\":\"https:\/\/www.elementvape.de\/#website\"},\"primaryImageOfPage\":{\"@id\":\"https:\/\/www.elementvape.de\/it\/produkt\/elf-bar-te6000-einweg-vape-6000-zuege\/#primaryimage\"},\"image\":{\"@id\":\"https:\/\/www.elementvape.de\/it\/produkt\/elf-bar-te6000-einweg-vape-6000-zuege\/#primaryimage\"},\"thumbnailUrl\":\"https:\/\/www.elementvape.de\/wp-content\/uploads\/2024\/05\/Elf-Bar-TE6000-Disposable-Vape-12.jpg\",\"datePublished\":\"2024-05-27T07:36:05+00:00\",\"dateModified\":\"2024-09-12T10:31:36+00:00\",\"description\":\"Wir bieten Elf Bar TE6000 Einweg-Vape 6000 Z\u00fcge , Elementvape.de akzeptieren Gro\u00df-und Einzelhandel Bestellungen.\",\"breadcrumb\":{\"@id\":\"https:\/\/www.elementvape.de\/it\/produkt\/elf-bar-te6000-einweg-vape-6000-zuege\/#breadcrumb\"},\"inLanguage\":\"pt-PT\",\"potentialAction\":[{\"@type\":\"ReadAction\",\"target\":[\"https:\/\/www.elementvape.de\/it\/produkt\/elf-bar-te6000-einweg-vape-6000-zuege\/\"]}]},{\"@type\":\"ImageObject\",\"inLanguage\":\"pt-PT\",\"@id\":\"https:\/\/www.elementvape.de\/it\/produkt\/elf-bar-te6000-einweg-vape-6000-zuege\/#primaryimage\",\"url\":\"https:\/\/www.elementvape.de\/wp-content\/uploads\/2024\/05\/Elf-Bar-TE6000-Disposable-Vape-12.jpg\",\"contentUrl\":\"https:\/\/www.elementvape.de\/wp-content\/uploads\/2024\/05\/Elf-Bar-TE6000-Disposable-Vape-12.jpg\",\"width\":800,\"height\":800,\"caption\":\"Elf-Bar-TE6000-Disposable-Vape-12\"},{\"@type\":\"BreadcrumbList\",\"@id\":\"https:\/\/www.elementvape.de\/it\/produkt\/elf-bar-te6000-einweg-vape-6000-zuege\/#breadcrumb\",\"itemListElement\":[{\"@type\":\"ListItem\",\"position\":1,\"name\":\"Home\",\"item\":\"https:\/\/www.elementvape.de\/\"},{\"@type\":\"ListItem\",\"position\":2,\"name\":\"Shop\",\"item\":\"https:\/\/www.elementvape.de\/shop\/\"},{\"@type\":\"ListItem\",\"position\":3,\"name\":\"Elf Bar TE6000 Einweg-Vape 6000 Z\u00fcge\"}]},{\"@type\":\"WebSite\",\"@id\":\"https:\/\/www.elementvape.de\/#website\",\"url\":\"https:\/\/www.elementvape.de\/\",\"name\":\"ElementVape.de\",\"description\":\"\",\"publisher\":{\"@id\":\"https:\/\/www.elementvape.de\/#organization\"},\"potentialAction\":[{\"@type\":\"SearchAction\",\"target\":{\"@type\":\"EntryPoint\",\"urlTemplate\":\"https:\/\/www.elementvape.de\/?s={search_term_string}\"},\"query-input\":\"required name=search_term_string\"}],\"inLanguage\":\"pt-PT\"},{\"@type\":\"Organization\",\"@id\":\"https:\/\/www.elementvape.de\/#organization\",\"name\":\"ElementVape.DE\",\"url\":\"https:\/\/www.elementvape.de\/\",\"logo\":{\"@type\":\"ImageObject\",\"inLanguage\":\"pt-PT\",\"@id\":\"https:\/\/www.elementvape.de\/#\/schema\/logo\/image\/\",\"url\":\"https:\/\/www.elementvape.de\/wp-content\/uploads\/2024\/09\/cropped-1elementvape-3.png\",\"contentUrl\":\"https:\/\/www.elementvape.de\/wp-content\/uploads\/2024\/09\/cropped-1elementvape-3.png\",\"width\":285,\"height\":228,\"caption\":\"ElementVape.DE\"},\"image\":{\"@id\":\"https:\/\/www.elementvape.de\/#\/schema\/logo\/image\/\"}}]}<\/script>\n<!-- \/ Yoast SEO plugin. -->","yoast_head_json":{"title":"Elf Bar TE6000 Einweg-Vape 6000 Z\u00fcge | ElementVape.de","description":"Wir bieten Elf Bar TE6000 Einweg-Vape 6000 Z\u00fcge , Elementvape.de akzeptieren Gro\u00df-und Einzelhandel Bestellungen.","robots":{"index":"index","follow":"follow","max-snippet":"max-snippet:-1","max-image-preview":"max-image-preview:large","max-video-preview":"max-video-preview:-1"},"canonical":"https:\/\/www.elementvape.de\/pt\/produkt\/elf-bar-te6000-einweg-vape-6000-zuege\/","og_locale":"pt_PT","og_type":"article","og_title":"Elf Bar TE6000 Einweg-Vape 6000 Z\u00fcge | ElementVape.de","og_description":"Wir bieten Elf Bar TE6000 Einweg-Vape 6000 Z\u00fcge , Elementvape.de akzeptieren Gro\u00df-und Einzelhandel Bestellungen.","og_url":"https:\/\/www.elementvape.de\/pt\/produkt\/elf-bar-te6000-einweg-vape-6000-zuege\/","og_site_name":"ElementVape.de","article_modified_time":"2024-09-12T10:31:36+00:00","og_image":[{"width":800,"height":800,"url":"https:\/\/www.elementvape.de\/wp-content\/uploads\/2024\/05\/Elf-Bar-TE6000-Disposable-Vape-12.jpg","type":"image\/jpeg"}],"twitter_card":"summary_large_image","twitter_misc":{"Est. reading time":"2 minutos"},"schema":{"@context":"https:\/\/schema.org","@graph":[{"@type":"WebPage","@id":"https:\/\/www.elementvape.de\/it\/produkt\/elf-bar-te6000-einweg-vape-6000-zuege\/","url":"https:\/\/www.elementvape.de\/it\/produkt\/elf-bar-te6000-einweg-vape-6000-zuege\/","name":"Elf Bar TE6000 Einweg-Vape 6000 Z\u00fcge | ElementVape.de","isPartOf":{"@id":"https:\/\/www.elementvape.de\/#website"},"primaryImageOfPage":{"@id":"https:\/\/www.elementvape.de\/it\/produkt\/elf-bar-te6000-einweg-vape-6000-zuege\/#primaryimage"},"image":{"@id":"https:\/\/www.elementvape.de\/it\/produkt\/elf-bar-te6000-einweg-vape-6000-zuege\/#primaryimage"},"thumbnailUrl":"https:\/\/www.elementvape.de\/wp-content\/uploads\/2024\/05\/Elf-Bar-TE6000-Disposable-Vape-12.jpg","datePublished":"2024-05-27T07:36:05+00:00","dateModified":"2024-09-12T10:31:36+00:00","description":"Wir bieten Elf Bar TE6000 Einweg-Vape 6000 Z\u00fcge , Elementvape.de akzeptieren Gro\u00df-und Einzelhandel Bestellungen.","breadcrumb":{"@id":"https:\/\/www.elementvape.de\/it\/produkt\/elf-bar-te6000-einweg-vape-6000-zuege\/#breadcrumb"},"inLanguage":"pt-PT","potentialAction":[{"@type":"ReadAction","target":["https:\/\/www.elementvape.de\/it\/produkt\/elf-bar-te6000-einweg-vape-6000-zuege\/"]}]},{"@type":"ImageObject","inLanguage":"pt-PT","@id":"https:\/\/www.elementvape.de\/it\/produkt\/elf-bar-te6000-einweg-vape-6000-zuege\/#primaryimage","url":"https:\/\/www.elementvape.de\/wp-content\/uploads\/2024\/05\/Elf-Bar-TE6000-Disposable-Vape-12.jpg","contentUrl":"https:\/\/www.elementvape.de\/wp-content\/uploads\/2024\/05\/Elf-Bar-TE6000-Disposable-Vape-12.jpg","width":800,"height":800,"caption":"Elf-Bar-TE6000-Disposable-Vape-12"},{"@type":"BreadcrumbList","@id":"https:\/\/www.elementvape.de\/it\/produkt\/elf-bar-te6000-einweg-vape-6000-zuege\/#breadcrumb","itemListElement":[{"@type":"ListItem","position":1,"name":"Home","item":"https:\/\/www.elementvape.de\/"},{"@type":"ListItem","position":2,"name":"Shop","item":"https:\/\/www.elementvape.de\/shop\/"},{"@type":"ListItem","position":3,"name":"Elf Bar TE6000 Einweg-Vape 6000 Z\u00fcge"}]},{"@type":"WebSite","@id":"https:\/\/www.elementvape.de\/#website","url":"https:\/\/www.elementvape.de\/","name":"ElementVape.de","description":"","publisher":{"@id":"https:\/\/www.elementvape.de\/#organization"},"potentialAction":[{"@type":"SearchAction","target":{"@type":"EntryPoint","urlTemplate":"https:\/\/www.elementvape.de\/?s={search_term_string}"},"query-input":"required name=search_term_string"}],"inLanguage":"pt-PT"},{"@type":"Organization","@id":"https:\/\/www.elementvape.de\/#organization","name":"ElementVape.DE","url":"https:\/\/www.elementvape.de\/","logo":{"@type":"ImageObject","inLanguage":"pt-PT","@id":"https:\/\/www.elementvape.de\/#\/schema\/logo\/image\/","url":"https:\/\/www.elementvape.de\/wp-content\/uploads\/2024\/09\/cropped-1elementvape-3.png","contentUrl":"https:\/\/www.elementvape.de\/wp-content\/uploads\/2024\/09\/cropped-1elementvape-3.png","width":285,"height":228,"caption":"ElementVape.DE"},"image":{"@id":"https:\/\/www.elementvape.de\/#\/schema\/logo\/image\/"}}]}},"_links":{"self":[{"href":"https:\/\/www.elementvape.de\/pt\/wp-json\/wp\/v2\/product\/10838"}],"collection":[{"href":"https:\/\/www.elementvape.de\/pt\/wp-json\/wp\/v2\/product"}],"about":[{"href":"https:\/\/www.elementvape.de\/pt\/wp-json\/wp\/v2\/types\/product"}],"wp:featuredmedia":[{"embeddable":true,"href":"https:\/\/www.elementvape.de\/pt\/wp-json\/wp\/v2\/media\/10839"}],"wp:attachment":[{"href":"https:\/\/www.elementvape.de\/pt\/wp-json\/wp\/v2\/media?parent=10838"}],"wp:term":[{"taxonomy":"product_cat","embeddable":true,"href":"https:\/\/www.elementvape.de\/pt\/wp-json\/wp\/v2\/product_cat?post=10838"},{"taxonomy":"product_tag","embeddable":true,"href":"https:\/\/www.elementvape.de\/pt\/wp-json\/wp\/v2\/product_tag?post=10838"}],"curies":[{"name":"wp","href":"https:\/\/api.w.org\/{rel}","templated":true}]}}