{"id":10541,"date":"2024-05-25T06:47:07","date_gmt":"2024-05-25T06:47:07","guid":{"rendered":"https:\/\/www.elementvape.de\/?post_type=product&#038;p=10541"},"modified":"2024-09-12T10:31:45","modified_gmt":"2024-09-12T10:31:45","slug":"elf-bar-600-einweg-vape-600-zuege","status":"publish","type":"product","link":"https:\/\/www.elementvape.de\/pt\/produkt\/elf-bar-600-einweg-vape-600-zuege\/","title":{"rendered":"Elf Bar 600 Vape Descart\u00e1vel 600 Puffs"},"content":{"rendered":"<h2 class=\"card__header\">Descri\u00e7\u00e3o<\/h2>\n<div>Comprar <strong><a title=\"Elfenbar\" href=\"https:\/\/www.elementvape.de\/pt\/product-brand\/elfbar\/\">Elf Bar<\/a><\/strong>\u00a0600 Vapes descart\u00e1veis ao melhor pre\u00e7o de atacado. A cole\u00e7\u00e3o Elf Bar 600 Vapes descart\u00e1veis inclui 27 sabores incr\u00edveis. Escolha entre Morango-Banana, Tabaco Cremoso, Melancia, Morango-Kiwi, Limonada, Cola e muito mais. Cada barra descart\u00e1vel de cigarro eletr\u00f4nico vem pr\u00e9-carregada com 2 ml de l\u00edquido de alta qualidade com 20 mg de nicotina de sal e \u00e9 alimentada por uma bateria de 550 mAh, que gera aproximadamente 600 puxadas ativadas por inala\u00e7\u00e3o.<\/div>\n<div class=\"card__section\">\n<div class=\"rte text--pull\">\n<h3>\n<strong><br \/>\nSabores Elf Bar:<\/strong><\/h3>\n<p>Coco Melancia: Coco e melancia, representam o auge do ver\u00e3o. Sentar na praia, no quiosque ou assistir TV enquanto bebe suco de coco ou come melancia gelada \u00e9 uma das atividades mais relaxantes do ver\u00e3o. Aroma suave de coco doce e sabor refrescante de melancia com uma nota levemente refrescante. Deite-se e aproveite cada puxada!<\/p>\n<p>Ma\u00e7\u00e3-P\u00eassego: O aroma azedo e doce da ma\u00e7\u00e3 combinado com o aroma vibrante do p\u00eassego maduro resulta neste sabor surpreendente de ma\u00e7\u00e3-p\u00eassego. Cada puxada est\u00e1 repleta de sabores frutados e refrescantes.<\/p>\n<p>Manga: Manga, uma das frutas tropicais mais populares, famosa pelo seu aroma \u00fanico, vibrante, maduro e doce. Agora, a ELF BAR torna-a ainda mais atraente. Voc\u00ea pode cheirar o aroma de manga, saborear o vapor quente e deixar um sabor doce na boca. Aproveite a puxada!<\/p>\n<p>Hortel\u00e3 Verde: Hortel\u00e3 verde feita com ingredientes simples, com um sabor forte de hortel\u00e3, como uma lan\u00e7a invis\u00edvel que atinge suavemente sua garganta, mas ainda assim um pouco doce, definitivamente um ajudante poderoso e refrescante que proporciona uma sensa\u00e7\u00e3o revigorante a cada puxada.<\/p>\n<p>Sorvete de Morango: ELF BAR oferece um sabor de morango quente e refrescante, al\u00e9m de um sabor doce e gelado de sorvete. Cada puxada \u00e9 cheia de aroma de do\u00e7ura cremosa e frutas vermelhas frescas e azedas, deixando um sabor mentolado refrescante na boca e satisfazendo completamente suas papilas gustativas exigentes.<\/p>\n<p>Lichia Ice: \u00c9 a combina\u00e7\u00e3o de fogo e gelo. ELF BAR oferece os sabores ex\u00f3ticos \u00fanicos de lichia com um toque delicioso de mentol. O sabor doce da lichia tropical \u00e9 complementado de forma excelente pelo mentol naturalmente refrescante, criando uma experi\u00eancia de vapor perfeitamente equilibrada.<\/p>\n<p>Cola: Esvaziar uma garrafa de Ice Cola em uma s\u00f3 puxada deve ser uma das atividades mais alegres em um dia quente de ver\u00e3o. Experimente agora uma puxada desta c\u00e1psula de vape descart\u00e1vel com sabor de cola e sabor refrescante de hortel\u00e3 e sinta a alegria que o ver\u00e3o traz.<\/p>\n<p>Cotton Candy Ice: Amantes de doces e balas, aten\u00e7\u00e3o! O sabor Cotton Candy Ice mistura marshmallow e balas com hortel\u00e3 refrescante e gelada. Cada puxada \u00e9 uma boca cheia de do\u00e7ura e alegria, isso \u00e9 tudo.<\/p>\n<p>Manga Milk Ice: O sabor Mango Milk Ice captura o sabor intenso da manga tropical e um acabamento suave, cremoso de leite. Os aromas doces da manga tropical s\u00e3o perfeitamente complementados pelo mentol naturalmente refrescante e pelo leite suave e cremoso, criando uma experi\u00eancia de vapor maravilhosamente equilibrada que oferece uma vaporiza\u00e7\u00e3o satisfat\u00f3ria e refrescante.<\/p>\n<p>Cream Tobacco: Como o nome sugere, trata-se de um sabor de tabaco com creme. Parece divertido, n\u00e3o \u00e9? O sabor Cream Tobacco reproduz ao m\u00e1ximo o sabor do tabaco tradicional, sendo perfeito para fumadores que sentem falta do sabor do tabaco e que vapear \u00e9 menos prejudicial do que fumar.<\/p>\n<p>Melancia: Melancia sempre nos lembra dias de ver\u00e3o despreocupados, assistindo TV, aproveitando o vento refrescante do ar condicionado e comendo uma tigela de melancia. N\u00e3o h\u00e1 nada mais simples e livre. O sabor Melancia Ice traz agora n\u00e3o s\u00f3 a nota fresca de melancia, mas tamb\u00e9m deixa um forte sabor mentolado refrescante a cada puxada.<\/p>\n<p>Mirtilo: Mirtilo \u00e9 sempre a primeira escolha na nossa lista de salada de frutas devido ao seu sabor azedo-doce, assim como o suco de vape. Voc\u00ea pode cheirar o aroma vibrante de mirtilo mesmo sem vaporizar, enquanto o sabor especialmente refrescante e azedo-doce cobre rapidamente suas papilas gustativas ao puxar, deixando uma fragr\u00e2ncia errante na boca.<\/p>\n<p>Lemonade Blue Razz: Blue Razz \u00e9 uma mistura de sabores de mirtilo e framboesa, doce, azedo e suculento. O Blue Razz Beco Bar certamente satisfar\u00e1 suas papilas gustativas. Os aromas naturalmente doces das frutas vermelhas proporcionam uma experi\u00eancia de vapor deliciosa que vai deixar voc\u00ea querendo mais.<\/p>\n<p>Morango Ice: Strawberry Ice \u00e9 uma mistura leve e doce, com notas frutadas intensas complementadas pelo gelo adicionado. Experimente o sabor refrescante do ver\u00e3o o dia todo com o Strawberry Ice ELF BAR. Repleto de aromas ricos de morangos brit\u00e2nicos, oferece uma experi\u00eancia de vapor deliciosamente doce com um toque de mentol. Se voc\u00ea procura um vaporizador que produza um sabor incompar\u00e1vel com um aroma perfumado, o Strawberry Ice ELF BAR \u00e9 perfeito para voc\u00ea.<\/p>\n<p>Uva: O sol quente brilha sobre as uvas suculentas e o calor faz com que elas amadure\u00e7am completamente. Agora, a ess\u00eancia da uva arom\u00e1tica e efervescente \u00e9 misturada com E-Liquid. D\u00ea uma tragada e sinta a for\u00e7a da suculenta uva da ELF BAR!<\/p>\n<p>Pink Lemonade: O sabor de Pink Lemonade \u00e9 equilibrado entre fruta e g\u00e1s, sendo doce e picante. \u00c9 o sabor do ver\u00e3o. Pink Lemonade Beco Bar \u00e9 uma mistura de limonada refrescante, picante e turva, com uma explos\u00e3o de frutos silvestres doces. A combina\u00e7\u00e3o de sabores resulta num e-l\u00edquido perfeitamente equilibrado, com um sabor de vapor \u00fanico que vai provocar as suas papilas gustativas.<\/p>\n<p>Banana Ice: Um sabor doce e frutado de banana combinado com um toque de mentol refrescante. O Banana Ice ELF BAR traz-lhe, a cada tragada, a sensa\u00e7\u00e3o de um ver\u00e3o entusiasta. A banana fresca proporciona bocados infinitos de um sabor cremoso e doce, perfeitamente complementado pela refresc\u00e2ncia revigorante da hortel\u00e3.<\/p>\n<p>Kiwi Passion Fruit Guava: Como o nome indica, a ELF BAR criou uma mistura t\u00e3o colorida de frutas tropicais. A maracuj\u00e1 \u00e9 conhecida pelo seu aroma a v\u00e1rias frutas tropicais, com um aroma surpreendente que lembra manga madura, banana e lichia, misturado com kiwi e goiaba, tornando este sabor uma mistura excecional de frutas tropicais. Inspire o aroma doce e ex\u00f3tico com a quantidade certa de nicotina, que certamente ir\u00e1 dissipar o seu cansa\u00e7o e devolver-lhe o seu esp\u00edrito apaixonado.<\/p>\n<p>Strawberry Banana: A ELF BAR Strawberry Banana est\u00e1 cheia de sabores deliciosos de frutos e oferece-lhe bocados infinitos de sabor delicioso. Os sabores de banana cremosa e morango suculento fundem-se perfeitamente numa experi\u00eancia de vapor deliciosa.<\/p>\n<p>Anan\u00e1s, P\u00eassego, Manga: Vamos celebrar uma festa de frutas! A ELF BAR combinou tr\u00eas sabores populares de frutas numa barra de vape descart\u00e1vel: o anan\u00e1s, famoso pela sua acidez refrescante, o p\u00eassego, com um aroma agrad\u00e1vel, e a manga, conhecida pelo seu sabor tropical especialmente doce. Escolha agora esta barra de vape e celebre a festa!<\/p>\n<p>Peach Ice: A ELF BAR oferece o delicioso sabor frutado de p\u00eassego com uma nota refrescante de mentol. O sabor doce e suculento do p\u00eassego fresco \u00e9 o centro das aten\u00e7\u00f5es, acompanhado por um final de mentol refrescante que evoca mem\u00f3rias de dias de ver\u00e3o relaxados com amigos.<\/p>\n<p>Red Bull Ice: Sentiu falta do sabor da bebida funcional Red Bull? Agora, n\u00e3o precisa mais pegar uma lata ou garrafa de Red Bull para desfrutar do sabor \u00fanico da bebida energ\u00e9tica. Basta pegar um pod de vape descart\u00e1vel compacto e port\u00e1til com sabor Red Bull Ice, e poder\u00e1 desfrutar do efeito energizante e refrescante do mentol a qualquer momento.<\/p>\n<h3><strong>Principais caracter\u00edsticas:<\/strong><\/h3>\n<p>Design moderno com caixa port\u00e1til<br \/>\n2 ml de l\u00edquido pr\u00e9-carregado com 2 % de nicotina<br \/>\nBateria embutida de 550 mAh para 600 tragadas<br \/>\nV\u00e1rios sabores dispon\u00edveis<\/p>\n<h3><strong>Especifica\u00e7\u00f5es:<\/strong><\/h3>\n<p>Tamanho: \u03a616 x 104 mm<br \/>\nCapacidade de E-Liquid: 2 ml<br \/>\nNicotina: 2 % de nicotina<br \/>\nBateria: 550 mAh<br \/>\nTragadas: 600 tragadas<\/p>\n<h3><strong>Conte\u00fado da embalagem:<\/strong><\/h3>\n<p>1 x ELF BAR vape descart\u00e1vel<\/p>\n<\/div>\n<\/div>","protected":false},"excerpt":{"rendered":"<p>600 Vapes descart\u00e1veis ao melhor pre\u00e7o de atacado. A cole\u00e7\u00e3o Elf Bar 600 Vapes descart\u00e1veis inclui 27 sabores incr\u00edveis. Escolha entre Morango-Banana, Tabaco Cremoso, Melancia, Morango-Kiwi, Limonada, Cola e muito mais. Cada barra descart\u00e1vel de cigarro eletr\u00f4nico vem pr\u00e9-carregada com 2 ml de l\u00edquido de alta qualidade com 20 mg de nicotina de sal e \u00e9 alimentada por uma bateria de 550 mAh, que gera aproximadamente 600 puxadas ativadas por inala\u00e7\u00e3o.<\/p>","protected":false},"featured_media":10551,"template":"","meta":{"inline_featured_image":false},"product_cat":[78,750,737,736,749,79],"product_tag":[679],"tiered_pricing_type":"fixed","tiered_pricing_fixed_rules":[],"tiered_pricing_percentage_rules":[],"tiered_pricing_minimum":1,"_administrator_tiered_pricing_type":"fixed","_administrator_tiered_pricing_fixed_rules":[],"_editor_tiered_pricing_type":"fixed","_editor_tiered_pricing_fixed_rules":[],"_author_tiered_pricing_type":"fixed","_author_tiered_pricing_fixed_rules":[],"_contributor_tiered_pricing_type":"fixed","_contributor_tiered_pricing_fixed_rules":[],"_subscriber_tiered_pricing_type":"fixed","_subscriber_tiered_pricing_fixed_rules":[],"_customer_tiered_pricing_type":"fixed","_customer_tiered_pricing_fixed_rules":[],"_shop_manager_tiered_pricing_type":"fixed","_shop_manager_tiered_pricing_fixed_rules":[],"_wpseo_manager_tiered_pricing_type":"fixed","_wpseo_manager_tiered_pricing_fixed_rules":[],"_wpseo_editor_tiered_pricing_type":"fixed","_wpseo_editor_tiered_pricing_fixed_rules":[],"_wholesale_customer_tiered_pricing_type":"fixed","_wholesale_customer_tiered_pricing_fixed_rules":[],"_marketer_tiered_pricing_type":"fixed","_marketer_tiered_pricing_fixed_rules":[],"_sales_manager_tiered_pricing_type":"fixed","_sales_manager_tiered_pricing_fixed_rules":[],"_sales_rep_tiered_pricing_type":"fixed","_sales_rep_tiered_pricing_fixed_rules":[],"yoast_head":"<!-- This site is optimized with the Yoast SEO plugin v23.3 - https:\/\/yoast.com\/wordpress\/plugins\/seo\/ -->\n<title>Elf Bar 600 Einweg Vape 600 Z\u00fcge | ElementVape.de<\/title>\n<meta name=\"description\" content=\"Wir bieten Elf Bar 600 Einweg Vape 600 Z\u00fcge , Elementvape.de akzeptieren Gro\u00df-und Einzelhandel Bestellungen.\" \/>\n<meta name=\"robots\" content=\"index, follow, max-snippet:-1, max-image-preview:large, max-video-preview:-1\" \/>\n<link rel=\"canonical\" href=\"https:\/\/www.elementvape.de\/pt\/produkt\/elf-bar-600-einweg-vape-600-zuege\/\" \/>\n<meta property=\"og:locale\" content=\"pt_PT\" \/>\n<meta property=\"og:type\" content=\"article\" \/>\n<meta property=\"og:title\" content=\"Elf Bar 600 Einweg Vape 600 Z\u00fcge | ElementVape.de\" \/>\n<meta property=\"og:description\" content=\"Wir bieten Elf Bar 600 Einweg Vape 600 Z\u00fcge , Elementvape.de akzeptieren Gro\u00df-und Einzelhandel Bestellungen.\" \/>\n<meta property=\"og:url\" content=\"https:\/\/www.elementvape.de\/pt\/produkt\/elf-bar-600-einweg-vape-600-zuege\/\" \/>\n<meta property=\"og:site_name\" content=\"ElementVape.de\" \/>\n<meta property=\"article:modified_time\" content=\"2024-09-12T10:31:45+00:00\" \/>\n<meta property=\"og:image\" content=\"https:\/\/www.elementvape.de\/wp-content\/uploads\/2024\/05\/Elf-Bar-600-Disposable-Vape-600-Puffs-22-621490.webp\" \/>\n\t<meta property=\"og:image:width\" content=\"600\" \/>\n\t<meta property=\"og:image:height\" content=\"600\" \/>\n\t<meta property=\"og:image:type\" content=\"image\/webp\" \/>\n<meta name=\"twitter:card\" content=\"summary_large_image\" \/>\n<meta name=\"twitter:label1\" content=\"Est. reading time\" \/>\n\t<meta name=\"twitter:data1\" content=\"7 minutos\" \/>\n<script type=\"application\/ld+json\" class=\"yoast-schema-graph\">{\"@context\":\"https:\/\/schema.org\",\"@graph\":[{\"@type\":\"WebPage\",\"@id\":\"https:\/\/www.elementvape.de\/en\/produkt\/elf-bar-600-einweg-vape-600-zuege\/\",\"url\":\"https:\/\/www.elementvape.de\/en\/produkt\/elf-bar-600-einweg-vape-600-zuege\/\",\"name\":\"Elf Bar 600 Einweg Vape 600 Z\u00fcge | ElementVape.de\",\"isPartOf\":{\"@id\":\"https:\/\/www.elementvape.de\/#website\"},\"primaryImageOfPage\":{\"@id\":\"https:\/\/www.elementvape.de\/en\/produkt\/elf-bar-600-einweg-vape-600-zuege\/#primaryimage\"},\"image\":{\"@id\":\"https:\/\/www.elementvape.de\/en\/produkt\/elf-bar-600-einweg-vape-600-zuege\/#primaryimage\"},\"thumbnailUrl\":\"https:\/\/www.elementvape.de\/wp-content\/uploads\/2024\/05\/Elf-Bar-600-Disposable-Vape-600-Puffs-22-621490.webp\",\"datePublished\":\"2024-05-25T06:47:07+00:00\",\"dateModified\":\"2024-09-12T10:31:45+00:00\",\"description\":\"Wir bieten Elf Bar 600 Einweg Vape 600 Z\u00fcge , Elementvape.de akzeptieren Gro\u00df-und Einzelhandel Bestellungen.\",\"breadcrumb\":{\"@id\":\"https:\/\/www.elementvape.de\/en\/produkt\/elf-bar-600-einweg-vape-600-zuege\/#breadcrumb\"},\"inLanguage\":\"pt-PT\",\"potentialAction\":[{\"@type\":\"ReadAction\",\"target\":[\"https:\/\/www.elementvape.de\/en\/produkt\/elf-bar-600-einweg-vape-600-zuege\/\"]}]},{\"@type\":\"ImageObject\",\"inLanguage\":\"pt-PT\",\"@id\":\"https:\/\/www.elementvape.de\/en\/produkt\/elf-bar-600-einweg-vape-600-zuege\/#primaryimage\",\"url\":\"https:\/\/www.elementvape.de\/wp-content\/uploads\/2024\/05\/Elf-Bar-600-Disposable-Vape-600-Puffs-22-621490.webp\",\"contentUrl\":\"https:\/\/www.elementvape.de\/wp-content\/uploads\/2024\/05\/Elf-Bar-600-Disposable-Vape-600-Puffs-22-621490.webp\",\"width\":600,\"height\":600,\"caption\":\"Elf-Bar-600-Disposable-Vape-600-Puffs-22-621490\"},{\"@type\":\"BreadcrumbList\",\"@id\":\"https:\/\/www.elementvape.de\/en\/produkt\/elf-bar-600-einweg-vape-600-zuege\/#breadcrumb\",\"itemListElement\":[{\"@type\":\"ListItem\",\"position\":1,\"name\":\"Home\",\"item\":\"https:\/\/www.elementvape.de\/\"},{\"@type\":\"ListItem\",\"position\":2,\"name\":\"Shop\",\"item\":\"https:\/\/www.elementvape.de\/shop\/\"},{\"@type\":\"ListItem\",\"position\":3,\"name\":\"Elf Bar 600 Einweg Vape 600 Z\u00fcge\"}]},{\"@type\":\"WebSite\",\"@id\":\"https:\/\/www.elementvape.de\/#website\",\"url\":\"https:\/\/www.elementvape.de\/\",\"name\":\"ElementVape.de\",\"description\":\"\",\"publisher\":{\"@id\":\"https:\/\/www.elementvape.de\/#organization\"},\"potentialAction\":[{\"@type\":\"SearchAction\",\"target\":{\"@type\":\"EntryPoint\",\"urlTemplate\":\"https:\/\/www.elementvape.de\/?s={search_term_string}\"},\"query-input\":\"required name=search_term_string\"}],\"inLanguage\":\"pt-PT\"},{\"@type\":\"Organization\",\"@id\":\"https:\/\/www.elementvape.de\/#organization\",\"name\":\"ElementVape.DE\",\"url\":\"https:\/\/www.elementvape.de\/\",\"logo\":{\"@type\":\"ImageObject\",\"inLanguage\":\"pt-PT\",\"@id\":\"https:\/\/www.elementvape.de\/#\/schema\/logo\/image\/\",\"url\":\"https:\/\/www.elementvape.de\/wp-content\/uploads\/2024\/09\/cropped-1elementvape-3.png\",\"contentUrl\":\"https:\/\/www.elementvape.de\/wp-content\/uploads\/2024\/09\/cropped-1elementvape-3.png\",\"width\":285,\"height\":228,\"caption\":\"ElementVape.DE\"},\"image\":{\"@id\":\"https:\/\/www.elementvape.de\/#\/schema\/logo\/image\/\"}}]}<\/script>\n<!-- \/ Yoast SEO plugin. -->","yoast_head_json":{"title":"Elf Bar 600 Einweg Vape 600 Z\u00fcge | ElementVape.de","description":"Wir bieten Elf Bar 600 Einweg Vape 600 Z\u00fcge , Elementvape.de akzeptieren Gro\u00df-und Einzelhandel Bestellungen.","robots":{"index":"index","follow":"follow","max-snippet":"max-snippet:-1","max-image-preview":"max-image-preview:large","max-video-preview":"max-video-preview:-1"},"canonical":"https:\/\/www.elementvape.de\/pt\/produkt\/elf-bar-600-einweg-vape-600-zuege\/","og_locale":"pt_PT","og_type":"article","og_title":"Elf Bar 600 Einweg Vape 600 Z\u00fcge | ElementVape.de","og_description":"Wir bieten Elf Bar 600 Einweg Vape 600 Z\u00fcge , Elementvape.de akzeptieren Gro\u00df-und Einzelhandel Bestellungen.","og_url":"https:\/\/www.elementvape.de\/pt\/produkt\/elf-bar-600-einweg-vape-600-zuege\/","og_site_name":"ElementVape.de","article_modified_time":"2024-09-12T10:31:45+00:00","og_image":[{"width":600,"height":600,"url":"https:\/\/www.elementvape.de\/wp-content\/uploads\/2024\/05\/Elf-Bar-600-Disposable-Vape-600-Puffs-22-621490.webp","type":"image\/webp"}],"twitter_card":"summary_large_image","twitter_misc":{"Est. reading time":"7 minutos"},"schema":{"@context":"https:\/\/schema.org","@graph":[{"@type":"WebPage","@id":"https:\/\/www.elementvape.de\/en\/produkt\/elf-bar-600-einweg-vape-600-zuege\/","url":"https:\/\/www.elementvape.de\/en\/produkt\/elf-bar-600-einweg-vape-600-zuege\/","name":"Elf Bar 600 Einweg Vape 600 Z\u00fcge | ElementVape.de","isPartOf":{"@id":"https:\/\/www.elementvape.de\/#website"},"primaryImageOfPage":{"@id":"https:\/\/www.elementvape.de\/en\/produkt\/elf-bar-600-einweg-vape-600-zuege\/#primaryimage"},"image":{"@id":"https:\/\/www.elementvape.de\/en\/produkt\/elf-bar-600-einweg-vape-600-zuege\/#primaryimage"},"thumbnailUrl":"https:\/\/www.elementvape.de\/wp-content\/uploads\/2024\/05\/Elf-Bar-600-Disposable-Vape-600-Puffs-22-621490.webp","datePublished":"2024-05-25T06:47:07+00:00","dateModified":"2024-09-12T10:31:45+00:00","description":"Wir bieten Elf Bar 600 Einweg Vape 600 Z\u00fcge , Elementvape.de akzeptieren Gro\u00df-und Einzelhandel Bestellungen.","breadcrumb":{"@id":"https:\/\/www.elementvape.de\/en\/produkt\/elf-bar-600-einweg-vape-600-zuege\/#breadcrumb"},"inLanguage":"pt-PT","potentialAction":[{"@type":"ReadAction","target":["https:\/\/www.elementvape.de\/en\/produkt\/elf-bar-600-einweg-vape-600-zuege\/"]}]},{"@type":"ImageObject","inLanguage":"pt-PT","@id":"https:\/\/www.elementvape.de\/en\/produkt\/elf-bar-600-einweg-vape-600-zuege\/#primaryimage","url":"https:\/\/www.elementvape.de\/wp-content\/uploads\/2024\/05\/Elf-Bar-600-Disposable-Vape-600-Puffs-22-621490.webp","contentUrl":"https:\/\/www.elementvape.de\/wp-content\/uploads\/2024\/05\/Elf-Bar-600-Disposable-Vape-600-Puffs-22-621490.webp","width":600,"height":600,"caption":"Elf-Bar-600-Disposable-Vape-600-Puffs-22-621490"},{"@type":"BreadcrumbList","@id":"https:\/\/www.elementvape.de\/en\/produkt\/elf-bar-600-einweg-vape-600-zuege\/#breadcrumb","itemListElement":[{"@type":"ListItem","position":1,"name":"Home","item":"https:\/\/www.elementvape.de\/"},{"@type":"ListItem","position":2,"name":"Shop","item":"https:\/\/www.elementvape.de\/shop\/"},{"@type":"ListItem","position":3,"name":"Elf Bar 600 Einweg Vape 600 Z\u00fcge"}]},{"@type":"WebSite","@id":"https:\/\/www.elementvape.de\/#website","url":"https:\/\/www.elementvape.de\/","name":"ElementVape.de","description":"","publisher":{"@id":"https:\/\/www.elementvape.de\/#organization"},"potentialAction":[{"@type":"SearchAction","target":{"@type":"EntryPoint","urlTemplate":"https:\/\/www.elementvape.de\/?s={search_term_string}"},"query-input":"required name=search_term_string"}],"inLanguage":"pt-PT"},{"@type":"Organization","@id":"https:\/\/www.elementvape.de\/#organization","name":"ElementVape.DE","url":"https:\/\/www.elementvape.de\/","logo":{"@type":"ImageObject","inLanguage":"pt-PT","@id":"https:\/\/www.elementvape.de\/#\/schema\/logo\/image\/","url":"https:\/\/www.elementvape.de\/wp-content\/uploads\/2024\/09\/cropped-1elementvape-3.png","contentUrl":"https:\/\/www.elementvape.de\/wp-content\/uploads\/2024\/09\/cropped-1elementvape-3.png","width":285,"height":228,"caption":"ElementVape.DE"},"image":{"@id":"https:\/\/www.elementvape.de\/#\/schema\/logo\/image\/"}}]}},"_links":{"self":[{"href":"https:\/\/www.elementvape.de\/pt\/wp-json\/wp\/v2\/product\/10541"}],"collection":[{"href":"https:\/\/www.elementvape.de\/pt\/wp-json\/wp\/v2\/product"}],"about":[{"href":"https:\/\/www.elementvape.de\/pt\/wp-json\/wp\/v2\/types\/product"}],"wp:featuredmedia":[{"embeddable":true,"href":"https:\/\/www.elementvape.de\/pt\/wp-json\/wp\/v2\/media\/10551"}],"wp:attachment":[{"href":"https:\/\/www.elementvape.de\/pt\/wp-json\/wp\/v2\/media?parent=10541"}],"wp:term":[{"taxonomy":"product_cat","embeddable":true,"href":"https:\/\/www.elementvape.de\/pt\/wp-json\/wp\/v2\/product_cat?post=10541"},{"taxonomy":"product_tag","embeddable":true,"href":"https:\/\/www.elementvape.de\/pt\/wp-json\/wp\/v2\/product_tag?post=10541"}],"curies":[{"name":"wp","href":"https:\/\/api.w.org\/{rel}","templated":true}]}}